{"id":404,"date":"2016-12-15T08:16:22","date_gmt":"2016-12-15T08:16:22","guid":{"rendered":"https:\/\/form-klar.de\/meyersolar\/?page_id=404"},"modified":"2024-12-11T08:43:59","modified_gmt":"2024-12-11T08:43:59","slug":"photovoltaik-jena","status":"publish","type":"page","link":"https:\/\/form-klar.de\/meyersolar\/photovoltaik-jena\/","title":{"rendered":"Photovoltaik Jena"},"content":{"rendered":"<h1>Informieren Sie sich jetzt \u00fcber eine rentable Photovoltaik-Anlage in Jena und Umgebung<\/h1>\n<p>Meyer Solar ber\u00e4t Sie im Bereich Jena zu Photovoltaikanlagen jeder Gr\u00f6\u00dfe und Leistungsf\u00e4higkeit &#8211; vom privaten Hausdach bis hin zu leitungsf\u00e4higen Anlagen f\u00fcr den industriellen Bereich.<\/p>\n<p>Planen Sie Ihre Photovoltaikanlage jetzt professionell vor Ort in Jena. Meyer Solar sind Ihre Beratungspartner. Gern informieren wir Sie \u00fcber die Funktionsweisen von Photovoltaik f\u00fcr Ihr Haus oder Ihr Unternehmen. Dabei planen wir immer bedarfsgerecht &#8211; Photovoltaik sollte genau auf Ihre Erfordernisse passen. Nur dadurch wird die Photovoltaikanlage auch rentabel laufen. Die Experten von Meyer Solar k\u00fcmmern sich um die Planung und Installation s\u00e4mtlicher Photovoltaik-Elemente und der gesamten technischen Peripherie.<\/p>\n<h2>Photovoltaik \u2013 die kostenlose Energie von der Sonne<\/h2>\n<p>Photovoltaik bezeichnet die Technologie der Umwandlung des Sonnenlichtes in elektrischen Strom. Dazu brauchen Sie Solarzellen sowie einen Wechselrichter. Die Photovoltaikanlage wird meist auf D\u00e4chern in S\u00fcdrichtung montiert. Der Strom aus der Solarzelle ist Gleichstrom, welcher im Wechselrichter in den Wechselstrom umgewandelt wird und selbst verbraucht werden kann. Der Rest des Stromes wird automatisch ins Netz eingespeist.<\/p>\n<h3>Finanziell erfolgreich trotz K\u00fcrzung der Photovoltaik-Einspeiseverg\u00fctung<\/h3>\n<p>Trotz der aktuellen K\u00fcrzung der Einspeiseverg\u00fctung f\u00fcr Photovoltaikanlagen lohnt sich die Technologie als Renditemodell. Voraussetzung ist aber, dass die Photovoltaikanlage auch langfristig ohne St\u00f6rung l\u00e4uft. So k\u00f6nnen Sie auch noch in 20 Jahren oder weiter in die Zukunft hinein Strom produzieren. Die Bedingungen f\u00fcr Photovoltaik werden langfristig immer g\u00fcnstiger werden, da die nat\u00fcrlichen Energie-Ressourcen wie Kohle und Gas endlich sind. Setzen Sie deshalb auf hochqualitative Photovoltaikanlagen \u2013 Qualit\u00e4t ist wichtig f\u00fcr Ihre Rendite. Deshalb verwenden wir nur zertifizierte und hochqualitative Photovoltaik-Baus\u00e4tze.<\/p>\n<h3>Individuelle Photovoltaik f\u00fcr besten Ertrag in Jena<\/h3>\n<p>Neben der Qualit\u00e4t ist f\u00fcr den langfristigen Erfolg Ihrer <a title=\"Rentabilit\u00e4t und Funktionalit\u00e4tsweise von Photovoltaikanlagen\" href=\"https:\/\/form-klar.de\/meyersolar\/produkte\/rentabilitaet-und-funktionalitaetsweise-von-photovoltaikanlagen\/\">Photovoltaikanlage <\/a>eine ma\u00dfgeschneiderte Konzeption und fachlich korrekte Umsetzung wichtig. Die kompetente Beratung von Meyer Solar sichert Ihnen f\u00fcr Ihre Bed\u00fcrfnisse eine ideale Umsetzung und einen optimalen Ertrag. Der professionelle Einbau macht eine jahrelange wartungsarme Laufzeit und einen st\u00f6rungsfreien Betrieb m\u00f6glich.<\/p>\n<h3>Service f\u00fcr Ihre Solaranlage in Jena \u2013 Vom ersten Vororttermin in Jena bis zur Schl\u00fcsselfertigen Anlage<\/h3>\n<p>Sie m\u00f6chten in Jena auf Photovoltaik setzen? Wir kommen gern zu Ihnen nach Jena und beraten Sie umfassend. Unser Unternehmen pr\u00fcft, wie bei Ihnen vor Ort die Photovoltaik am besten umzusetzen ist. Dann erhalten Sie von uns ein verbindliches Angebot. Bei uns hei\u00dft Beratung: Wir sagen ganz klar, was bei Ihnen vielleicht nicht geht und wo die Chancen einer neuen Photovoltaikanlage bei Ihnen liegen. Die Anlage wird optimal auf die Erfordernisse der vorhandenen Bausubstanz und in das landschaftliche Bild eingepasst. Bei der Planung und Umsetzung werden die Energieversorgung, der Architekt, der Statiker sowie die Dachdecker in das Geschehen eingebunden.<\/p>\n<p><b>Sichern Sie jetzt die Stromertr\u00e4ge Ihrer Zukunft \u2013 mit einer Photovoltaik-Anlage und dem Rundum-Service von Meyer Solar.<\/b><\/p>\n","protected":false},"excerpt":{"rendered":"<p>Informieren Sie sich jetzt \u00fcber eine rentable Photovoltaik-Anlage in Jena [&hellip;]<\/p>\n","protected":false},"author":5,"featured_media":0,"parent":0,"menu_order":0,"comment_status":"open","ping_status":"open","template":"","meta":{"ngg_post_thumbnail":0,"footnotes":""},"class_list":["post-404","page","type-page","status-publish","hentry"],"yoast_head":"<!-- This site is optimized with the Yoast SEO plugin v24.8 - https:\/\/yoast.com\/wordpress\/plugins\/seo\/ -->\n<title>Photovoltaik f\u00fcr Jena und Umgebung<\/title>\n<meta name=\"description\" content=\"Photovoltaik Jena? Die kompetente Beratung von Meyer Solar sichert Ihnen f\u00fcr Ihre Bed\u00fcrfnisse eine ideale Umsetzung und einen optimalen Ertrag. solaranlage, photovoltaik jena, photovoltaik\" \/>\n<meta name=\"robots\" content=\"noindex, follow, max-snippet:-1, max-image-preview:large, max-video-preview:-1\" \/>\n<meta property=\"og:locale\" content=\"de_DE\" \/>\n<meta property=\"og:type\" content=\"article\" \/>\n<meta property=\"og:title\" content=\"Photovoltaik f\u00fcr Jena und Umgebung\" \/>\n<meta property=\"og:description\" content=\"Photovoltaik Jena? Die kompetente Beratung von Meyer Solar sichert Ihnen f\u00fcr Ihre Bed\u00fcrfnisse eine ideale Umsetzung und einen optimalen Ertrag. solaranlage, photovoltaik jena, photovoltaik\" \/>\n<meta property=\"og:url\" content=\"https:\/\/form-klar.de\/meyersolar\/photovoltaik-jena\/\" \/>\n<meta property=\"og:site_name\" content=\"Meyer Solar\" \/>\n<meta property=\"article:modified_time\" content=\"2024-12-11T08:43:59+00:00\" \/>\n<meta name=\"twitter:card\" content=\"summary_large_image\" \/>\n<meta name=\"twitter:label1\" content=\"Gesch\u00e4tzte Lesezeit\" \/>\n\t<meta name=\"twitter:data1\" content=\"3\u00a0Minuten\" \/>\n<script type=\"application\/ld+json\" class=\"yoast-schema-graph\">{\"@context\":\"https:\/\/schema.org\",\"@graph\":[{\"@type\":\"WebPage\",\"@id\":\"https:\/\/form-klar.de\/meyersolar\/photovoltaik-jena\/\",\"url\":\"https:\/\/form-klar.de\/meyersolar\/photovoltaik-jena\/\",\"name\":\"Photovoltaik f\u00fcr Jena und Umgebung\",\"isPartOf\":{\"@id\":\"https:\/\/form-klar.de\/meyersolar\/#website\"},\"datePublished\":\"2016-12-15T08:16:22+00:00\",\"dateModified\":\"2024-12-11T08:43:59+00:00\",\"description\":\"Photovoltaik Jena? Die kompetente Beratung von Meyer Solar sichert Ihnen f\u00fcr Ihre Bed\u00fcrfnisse eine ideale Umsetzung und einen optimalen Ertrag. solaranlage, photovoltaik jena, photovoltaik\",\"breadcrumb\":{\"@id\":\"https:\/\/form-klar.de\/meyersolar\/photovoltaik-jena\/#breadcrumb\"},\"inLanguage\":\"de\",\"potentialAction\":[{\"@type\":\"ReadAction\",\"target\":[\"https:\/\/form-klar.de\/meyersolar\/photovoltaik-jena\/\"]}]},{\"@type\":\"BreadcrumbList\",\"@id\":\"https:\/\/form-klar.de\/meyersolar\/photovoltaik-jena\/#breadcrumb\",\"itemListElement\":[{\"@type\":\"ListItem\",\"position\":1,\"name\":\"Startseite\",\"item\":\"https:\/\/form-klar.de\/meyersolar\/\"},{\"@type\":\"ListItem\",\"position\":2,\"name\":\"Photovoltaik Jena\"}]},{\"@type\":\"WebSite\",\"@id\":\"https:\/\/form-klar.de\/meyersolar\/#website\",\"url\":\"https:\/\/form-klar.de\/meyersolar\/\",\"name\":\"Meyer Solar\",\"description\":\"Solaranlagen und Photovoltaikanlagen in Th\u00fcringen aus Erfurt\",\"potentialAction\":[{\"@type\":\"SearchAction\",\"target\":{\"@type\":\"EntryPoint\",\"urlTemplate\":\"https:\/\/form-klar.de\/meyersolar\/?s={search_term_string}\"},\"query-input\":{\"@type\":\"PropertyValueSpecification\",\"valueRequired\":true,\"valueName\":\"search_term_string\"}}],\"inLanguage\":\"de\"}]}<\/script>\n<!-- \/ Yoast SEO plugin. -->","yoast_head_json":{"title":"Photovoltaik f\u00fcr Jena und Umgebung","description":"Photovoltaik Jena? Die kompetente Beratung von Meyer Solar sichert Ihnen f\u00fcr Ihre Bed\u00fcrfnisse eine ideale Umsetzung und einen optimalen Ertrag. solaranlage, photovoltaik jena, photovoltaik","robots":{"index":"noindex","follow":"follow","max-snippet":"max-snippet:-1","max-image-preview":"max-image-preview:large","max-video-preview":"max-video-preview:-1"},"og_locale":"de_DE","og_type":"article","og_title":"Photovoltaik f\u00fcr Jena und Umgebung","og_description":"Photovoltaik Jena? Die kompetente Beratung von Meyer Solar sichert Ihnen f\u00fcr Ihre Bed\u00fcrfnisse eine ideale Umsetzung und einen optimalen Ertrag. solaranlage, photovoltaik jena, photovoltaik","og_url":"https:\/\/form-klar.de\/meyersolar\/photovoltaik-jena\/","og_site_name":"Meyer Solar","article_modified_time":"2024-12-11T08:43:59+00:00","twitter_card":"summary_large_image","twitter_misc":{"Gesch\u00e4tzte Lesezeit":"3\u00a0Minuten"},"schema":{"@context":"https:\/\/schema.org","@graph":[{"@type":"WebPage","@id":"https:\/\/form-klar.de\/meyersolar\/photovoltaik-jena\/","url":"https:\/\/form-klar.de\/meyersolar\/photovoltaik-jena\/","name":"Photovoltaik f\u00fcr Jena und Umgebung","isPartOf":{"@id":"https:\/\/form-klar.de\/meyersolar\/#website"},"datePublished":"2016-12-15T08:16:22+00:00","dateModified":"2024-12-11T08:43:59+00:00","description":"Photovoltaik Jena? Die kompetente Beratung von Meyer Solar sichert Ihnen f\u00fcr Ihre Bed\u00fcrfnisse eine ideale Umsetzung und einen optimalen Ertrag. solaranlage, photovoltaik jena, photovoltaik","breadcrumb":{"@id":"https:\/\/form-klar.de\/meyersolar\/photovoltaik-jena\/#breadcrumb"},"inLanguage":"de","potentialAction":[{"@type":"ReadAction","target":["https:\/\/form-klar.de\/meyersolar\/photovoltaik-jena\/"]}]},{"@type":"BreadcrumbList","@id":"https:\/\/form-klar.de\/meyersolar\/photovoltaik-jena\/#breadcrumb","itemListElement":[{"@type":"ListItem","position":1,"name":"Startseite","item":"https:\/\/form-klar.de\/meyersolar\/"},{"@type":"ListItem","position":2,"name":"Photovoltaik Jena"}]},{"@type":"WebSite","@id":"https:\/\/form-klar.de\/meyersolar\/#website","url":"https:\/\/form-klar.de\/meyersolar\/","name":"Meyer Solar","description":"Solaranlagen und Photovoltaikanlagen in Th\u00fcringen aus Erfurt","potentialAction":[{"@type":"SearchAction","target":{"@type":"EntryPoint","urlTemplate":"https:\/\/form-klar.de\/meyersolar\/?s={search_term_string}"},"query-input":{"@type":"PropertyValueSpecification","valueRequired":true,"valueName":"search_term_string"}}],"inLanguage":"de"}]}},"_links":{"self":[{"href":"https:\/\/form-klar.de\/meyersolar\/wp-json\/wp\/v2\/pages\/404","targetHints":{"allow":["GET"]}}],"collection":[{"href":"https:\/\/form-klar.de\/meyersolar\/wp-json\/wp\/v2\/pages"}],"about":[{"href":"https:\/\/form-klar.de\/meyersolar\/wp-json\/wp\/v2\/types\/page"}],"author":[{"embeddable":true,"href":"https:\/\/form-klar.de\/meyersolar\/wp-json\/wp\/v2\/users\/5"}],"replies":[{"embeddable":true,"href":"https:\/\/form-klar.de\/meyersolar\/wp-json\/wp\/v2\/comments?post=404"}],"version-history":[{"count":4,"href":"https:\/\/form-klar.de\/meyersolar\/wp-json\/wp\/v2\/pages\/404\/revisions"}],"predecessor-version":[{"id":3693,"href":"https:\/\/form-klar.de\/meyersolar\/wp-json\/wp\/v2\/pages\/404\/revisions\/3693"}],"wp:attachment":[{"href":"https:\/\/form-klar.de\/meyersolar\/wp-json\/wp\/v2\/media?parent=404"}],"curies":[{"name":"wp","href":"https:\/\/api.w.org\/{rel}","templated":true}]}}