{"id":396,"date":"2016-10-01T08:16:07","date_gmt":"2016-10-01T08:16:07","guid":{"rendered":"https:\/\/form-klar.de\/meyersolar\/?page_id=396"},"modified":"2024-12-11T08:40:07","modified_gmt":"2024-12-11T08:40:07","slug":"solaranlagen-jena","status":"publish","type":"page","link":"https:\/\/form-klar.de\/meyersolar\/solaranlagen-jena\/","title":{"rendered":"Solaranlagen Jena"},"content":{"rendered":"<h3>Solaranlagen f\u00fcr den Standort Jena \u2013 vom privaten Hausdach bis hin zu industriellen Hochleistungsanlagen<\/h3>\n<p>Sie m\u00f6chten eine Solaranlage in Jena errichten? Dann fragen Sie den Spezialisten Meyer Solar f\u00fcr Solaranlagen jeder Gr\u00f6\u00dfe. Wir planen, installieren die Solaranlage und bieten selbstverst\u00e4ndlich den ganzen Service rund um Ihre Photovoltaik- und Solarthermieanlage.<\/p>\n<h3>Planen Sie Ihre Solaranlage mit einem Profi und nach Ihren pers\u00f6nlichen Bed\u00fcrfnissen und Anforderungen<\/h3>\n<p>Die Qualit\u00e4t und Leistungsf\u00e4higkeit einer <a title=\"Installation Solaranlage\" href=\"https:\/\/form-klar.de\/meyersolar\/photovoltaikanlagen-solar-erfurt\/installation-von-photovoltaikanlagen\/installation-solaranlage\/\">Solaranlage <\/a>h\u00e4ngt nicht nur von der Qualit\u00e4t der Solarmodule ab. Auch wie Solaranlagen individuell auf Ihre Anforderungen abgestimmt sind, bestimmt den Erfolg einer Anlage. Denn nur eine gute Beratung bietet die Sicherheit, dass Sie eine Anlage bekommen, die optimale Ertr\u00e4ge liefert. Dazu kommen handfeste Vorteile, wie ein reibungsloser wartungsarmer Betrieb, die schl\u00fcsselfertige \u00dcbergabe der Anlage und eine hohe, zertifizierte Qualit\u00e4t der Komplettbaus\u00e4tze f\u00fcr eine lange Lebensdauer.<\/p>\n<h3>Service f\u00fcr Ihre Solaranlage in Jena \u2013 Vom ersten Vororttermin in Jena bis zur Schl\u00fcsselfertigen Anlage<\/h3>\n<p>Unser Service beginnt schon bei dem ersten Vorort-Termin in Jena. Schlie\u00dflich m\u00fcssen wir vor der Angebotserstellung genau pr\u00fcfen, welche \u00f6rtliche Gegebenheiten zu beachten sind. Hier beraten wir Sie schon ganz individuell und warnen vor m\u00f6glichen Einschr\u00e4nkungen, aber auch zu den Chancen einer Solaranlage. Schon ab dem ersten Termin bei Ihrem Haus, Ihres Grundst\u00fcckes oder Ihrem Unternehmen in Jena besprechen wir mit Ihnen erste Planungsdetails. So k\u00f6nnen wir schon beim ersten Termin erste Vorstellungen gemeinsam mit Ihnen entwickeln und dabei die vorhandene Architektur sowie landschaftliche und technische Aspekte ber\u00fccksichtigen. Wollen Sie zum Beispiel eine Solaranlage auf einem Flachdach installieren, ist eine Verschattungsanalyse notwendig. Diese bieten wir Ihnen als Film an. F\u00fcr die Planung holen wir alle Beteiligten an einen Tisch \u2013 zum Beispiel Energieversorger, Statiker und Dachdecker. Dann sind wir schon mitten im Prozess der Planung. Sie bekommen von uns ein belastbares Angebot mit einer klaren Terminschiene und den definierten Zielen Ihrer neuen Solaranlage in Jena. Unser detailliertes Angebot sichert volle Kostentransparenz \u2013 zu den Kosten der einzelnen Komponenten und unseren Leistungen als Koordinator. Dazu erhalten Sie einen fotorealistischen Entwurf Ihrer Anlage, inklusive aller Datenbl\u00e4tter der Solarkomponenten.<\/p>\n<h3>Solaranlagen mit Ertragsvorschau f\u00fcr Jena<\/h3>\n<p>Ein wichtiger Aspekt der Angebotserstellung Ihrer Anlage ist die Wirtschaftlichkeitsbetrachtung und die Ertragsvorschau f\u00fcr die Herstellung des Stroms. Dann laufen die Installationsarbeiten an. Gern beraten wir Sie auch zur Installation der Anlage, falls Sie bestimmte Arbeiten in Eigenleistung oder in kompletter Selbstmontage ausf\u00fchren wollen. Wir k\u00fcmmern uns in der Zwischenzeit um die Beantragungen und die Dokumentationspflicht bei Ihrem Energieversorger. Denn Ihre Solaranlage soll ja nach Zeitplan fristgerecht in Betrieb gehen. Unsere Partnerbetriebe garantieren eine absolut kompetente und zuverl\u00e4ssige Installation. Die hohe Qualit\u00e4t unserer Anlagen sichern wir mit zertifizierten Qualit\u00e4tswerkzeugen.<\/p>\n<h3>Sie m\u00f6chten Ihre Solaranlage in Jena mit einem kompetenten Partner planen?<\/h3>\n<p>Wir stehen Ihnen mit kompletten Servicepaketen an Ihrer Seite. Sie planen eine gr\u00f6\u00dfere Anlage? F\u00fcr die Sicherung Ihrer Stromertr\u00e4ge bieten wir Ihnen eine Anlagen\u00fcberwachung an und beraten Sie \u00fcber die Laufzeit der Anlage mit dem Ziel der Energieeffizienzsicherung und der Ertragssteigerung. Wir empfehlen Ihnen auf Wunsch f\u00fcr den Bau der Solaranlage vertrauensw\u00fcrdige lokale Finanzierungspartner.<\/p>\n","protected":false},"excerpt":{"rendered":"<p>Solaranlagen f\u00fcr den Standort Jena \u2013 vom privaten Hausdach bis [&hellip;]<\/p>\n","protected":false},"author":5,"featured_media":0,"parent":0,"menu_order":0,"comment_status":"open","ping_status":"open","template":"","meta":{"ngg_post_thumbnail":0,"footnotes":""},"class_list":["post-396","page","type-page","status-publish","hentry"],"yoast_head":"<!-- This site is optimized with the Yoast SEO plugin v24.8 - https:\/\/yoast.com\/wordpress\/plugins\/seo\/ -->\n<title>Solaranlagen f\u00fcr Jena und Umgebung<\/title>\n<meta name=\"description\" content=\"Solaranlagen Jena? Sie m\u00f6chten eine Solaranlage in Jena errichten? Dann fragen Sie den Spezialisten Meyer Solar f\u00fcr Solaranlagen jeder Gr\u00f6\u00dfe.\" \/>\n<meta name=\"robots\" content=\"noindex, follow, max-snippet:-1, max-image-preview:large, max-video-preview:-1\" \/>\n<meta property=\"og:locale\" content=\"de_DE\" \/>\n<meta property=\"og:type\" content=\"article\" \/>\n<meta property=\"og:title\" content=\"Solaranlagen f\u00fcr Jena und Umgebung\" \/>\n<meta property=\"og:description\" content=\"Solaranlagen Jena? Sie m\u00f6chten eine Solaranlage in Jena errichten? Dann fragen Sie den Spezialisten Meyer Solar f\u00fcr Solaranlagen jeder Gr\u00f6\u00dfe.\" \/>\n<meta property=\"og:url\" content=\"https:\/\/form-klar.de\/meyersolar\/solaranlagen-jena\/\" \/>\n<meta property=\"og:site_name\" content=\"Meyer Solar\" \/>\n<meta property=\"article:modified_time\" content=\"2024-12-11T08:40:07+00:00\" \/>\n<meta name=\"twitter:card\" content=\"summary_large_image\" \/>\n<meta name=\"twitter:label1\" content=\"Gesch\u00e4tzte Lesezeit\" \/>\n\t<meta name=\"twitter:data1\" content=\"3\u00a0Minuten\" \/>\n<script type=\"application\/ld+json\" class=\"yoast-schema-graph\">{\"@context\":\"https:\/\/schema.org\",\"@graph\":[{\"@type\":\"WebPage\",\"@id\":\"https:\/\/form-klar.de\/meyersolar\/solaranlagen-jena\/\",\"url\":\"https:\/\/form-klar.de\/meyersolar\/solaranlagen-jena\/\",\"name\":\"Solaranlagen f\u00fcr Jena und Umgebung\",\"isPartOf\":{\"@id\":\"https:\/\/form-klar.de\/meyersolar\/#website\"},\"datePublished\":\"2016-10-01T08:16:07+00:00\",\"dateModified\":\"2024-12-11T08:40:07+00:00\",\"description\":\"Solaranlagen Jena? Sie m\u00f6chten eine Solaranlage in Jena errichten? Dann fragen Sie den Spezialisten Meyer Solar f\u00fcr Solaranlagen jeder Gr\u00f6\u00dfe.\",\"breadcrumb\":{\"@id\":\"https:\/\/form-klar.de\/meyersolar\/solaranlagen-jena\/#breadcrumb\"},\"inLanguage\":\"de\",\"potentialAction\":[{\"@type\":\"ReadAction\",\"target\":[\"https:\/\/form-klar.de\/meyersolar\/solaranlagen-jena\/\"]}]},{\"@type\":\"BreadcrumbList\",\"@id\":\"https:\/\/form-klar.de\/meyersolar\/solaranlagen-jena\/#breadcrumb\",\"itemListElement\":[{\"@type\":\"ListItem\",\"position\":1,\"name\":\"Startseite\",\"item\":\"https:\/\/form-klar.de\/meyersolar\/\"},{\"@type\":\"ListItem\",\"position\":2,\"name\":\"Solaranlagen Jena\"}]},{\"@type\":\"WebSite\",\"@id\":\"https:\/\/form-klar.de\/meyersolar\/#website\",\"url\":\"https:\/\/form-klar.de\/meyersolar\/\",\"name\":\"Meyer Solar\",\"description\":\"Solaranlagen und Photovoltaikanlagen in Th\u00fcringen aus Erfurt\",\"potentialAction\":[{\"@type\":\"SearchAction\",\"target\":{\"@type\":\"EntryPoint\",\"urlTemplate\":\"https:\/\/form-klar.de\/meyersolar\/?s={search_term_string}\"},\"query-input\":{\"@type\":\"PropertyValueSpecification\",\"valueRequired\":true,\"valueName\":\"search_term_string\"}}],\"inLanguage\":\"de\"}]}<\/script>\n<!-- \/ Yoast SEO plugin. -->","yoast_head_json":{"title":"Solaranlagen f\u00fcr Jena und Umgebung","description":"Solaranlagen Jena? Sie m\u00f6chten eine Solaranlage in Jena errichten? Dann fragen Sie den Spezialisten Meyer Solar f\u00fcr Solaranlagen jeder Gr\u00f6\u00dfe.","robots":{"index":"noindex","follow":"follow","max-snippet":"max-snippet:-1","max-image-preview":"max-image-preview:large","max-video-preview":"max-video-preview:-1"},"og_locale":"de_DE","og_type":"article","og_title":"Solaranlagen f\u00fcr Jena und Umgebung","og_description":"Solaranlagen Jena? Sie m\u00f6chten eine Solaranlage in Jena errichten? Dann fragen Sie den Spezialisten Meyer Solar f\u00fcr Solaranlagen jeder Gr\u00f6\u00dfe.","og_url":"https:\/\/form-klar.de\/meyersolar\/solaranlagen-jena\/","og_site_name":"Meyer Solar","article_modified_time":"2024-12-11T08:40:07+00:00","twitter_card":"summary_large_image","twitter_misc":{"Gesch\u00e4tzte Lesezeit":"3\u00a0Minuten"},"schema":{"@context":"https:\/\/schema.org","@graph":[{"@type":"WebPage","@id":"https:\/\/form-klar.de\/meyersolar\/solaranlagen-jena\/","url":"https:\/\/form-klar.de\/meyersolar\/solaranlagen-jena\/","name":"Solaranlagen f\u00fcr Jena und Umgebung","isPartOf":{"@id":"https:\/\/form-klar.de\/meyersolar\/#website"},"datePublished":"2016-10-01T08:16:07+00:00","dateModified":"2024-12-11T08:40:07+00:00","description":"Solaranlagen Jena? Sie m\u00f6chten eine Solaranlage in Jena errichten? Dann fragen Sie den Spezialisten Meyer Solar f\u00fcr Solaranlagen jeder Gr\u00f6\u00dfe.","breadcrumb":{"@id":"https:\/\/form-klar.de\/meyersolar\/solaranlagen-jena\/#breadcrumb"},"inLanguage":"de","potentialAction":[{"@type":"ReadAction","target":["https:\/\/form-klar.de\/meyersolar\/solaranlagen-jena\/"]}]},{"@type":"BreadcrumbList","@id":"https:\/\/form-klar.de\/meyersolar\/solaranlagen-jena\/#breadcrumb","itemListElement":[{"@type":"ListItem","position":1,"name":"Startseite","item":"https:\/\/form-klar.de\/meyersolar\/"},{"@type":"ListItem","position":2,"name":"Solaranlagen Jena"}]},{"@type":"WebSite","@id":"https:\/\/form-klar.de\/meyersolar\/#website","url":"https:\/\/form-klar.de\/meyersolar\/","name":"Meyer Solar","description":"Solaranlagen und Photovoltaikanlagen in Th\u00fcringen aus Erfurt","potentialAction":[{"@type":"SearchAction","target":{"@type":"EntryPoint","urlTemplate":"https:\/\/form-klar.de\/meyersolar\/?s={search_term_string}"},"query-input":{"@type":"PropertyValueSpecification","valueRequired":true,"valueName":"search_term_string"}}],"inLanguage":"de"}]}},"_links":{"self":[{"href":"https:\/\/form-klar.de\/meyersolar\/wp-json\/wp\/v2\/pages\/396","targetHints":{"allow":["GET"]}}],"collection":[{"href":"https:\/\/form-klar.de\/meyersolar\/wp-json\/wp\/v2\/pages"}],"about":[{"href":"https:\/\/form-klar.de\/meyersolar\/wp-json\/wp\/v2\/types\/page"}],"author":[{"embeddable":true,"href":"https:\/\/form-klar.de\/meyersolar\/wp-json\/wp\/v2\/users\/5"}],"replies":[{"embeddable":true,"href":"https:\/\/form-klar.de\/meyersolar\/wp-json\/wp\/v2\/comments?post=396"}],"version-history":[{"count":6,"href":"https:\/\/form-klar.de\/meyersolar\/wp-json\/wp\/v2\/pages\/396\/revisions"}],"predecessor-version":[{"id":3691,"href":"https:\/\/form-klar.de\/meyersolar\/wp-json\/wp\/v2\/pages\/396\/revisions\/3691"}],"wp:attachment":[{"href":"https:\/\/form-klar.de\/meyersolar\/wp-json\/wp\/v2\/media?parent=396"}],"curies":[{"name":"wp","href":"https:\/\/api.w.org\/{rel}","templated":true}]}}