{"id":390,"date":"2016-09-02T15:12:20","date_gmt":"2016-09-02T15:12:20","guid":{"rendered":"https:\/\/form-klar.de\/meyersolar\/?page_id=390"},"modified":"2024-12-11T08:38:47","modified_gmt":"2024-12-11T08:38:47","slug":"solaranlage-weimar","status":"publish","type":"page","link":"https:\/\/form-klar.de\/meyersolar\/solaranlage-weimar\/","title":{"rendered":"Solaranlage Weimar"},"content":{"rendered":"<h2>Individuelle Solaranlagen \u2013 f\u00fcr Ihr Hausdach aber auch f\u00fcr Hochleistungsanlagen in Weimar und Umgebung<\/h2>\n<p>Meyer Solar \u2013 wir sind Ihr Ansprechpartner in Th\u00fcringen f\u00fcr die Planung, Montage und Service von Solaranlagen. Sie wohnen in Weimar oder der n\u00e4heren Umgebung? Nutzen Sie unsere kompetenten Fachberater f\u00fcr Ihre Photovoltaik- und Solaranlage. Bauen Sie auf unsere langj\u00e4hrige Erfahrung auf dem Gebiet der Energieerzeugung durch Sonnenenergie.&nbsp;<\/p>\n<p>Unsere Spezialisten planen und errichten Photovoltaikanlagen und sind Spezialist f\u00fcr SMA Wechselrichter. Machen Sie sich energietechnisch weitgehend unabh\u00e4ngig und setzen Sie auf die unersch\u00f6pfliche Sonnenkraft. Wir beraten Sie schon im Vorfeld bei der Planung Ihrer Anlage. Denn angesichts endlicher fossiler Energietr\u00e4ger, wird auch in Zukunft die Sonnenergie eine wichtige Rolle im Energiemix Deutschlands spielen.<\/p>\n<h3>Wie funktioniert eine Solaranlage?<\/h3>\n<p>Mit einer Solaranlage oder Photovoltaikanlage wandeln Sie die Sonneneinstrahlung in elektrische Energie um. Zentraler Baustein der Anlagen sind Solarzellen. Wir nutzen weitgehend Sunpower Hochleistungsmodule. In den Solarmodulen wird Gleichstrom erzeugt. Deshalb braucht jede Solaranlage einen Wechselrichter, welcher den gewonnenen Gleichstrom in Wechselstrom umwandelt. Danach wird der Strom in das Netz eingespeist und\/oder verbraucht. Es werden zwei Z\u00e4hler installiert: Ein Verbrauchsz\u00e4hler f\u00fcr Ihren Haushaltsverbrauch und ein Einspeisez\u00e4hler f\u00fcr das \u00d6ffentliche Stromnetz.<\/p>\n<h3>Solaranlagen sind immer noch ein gutes Renditemodell<\/h3>\n<p>Sicher haben Sie auch von den K\u00fcrzungen der Einspeiseverg\u00fctung erfahren. Es ist gut, dass unser Unternehmen schon immer auf High-End-Qualit\u00e4t geachtet hat. Denn mit sehr ertragreichen und langfristig st\u00f6rungsfrei laufenden Modulen bieten wir unseren Kunden auch unter vor\u00fcbergehend ung\u00fcnstigen staatlichen F\u00f6rderbedingungen noch echte Mehrwerte. Es gibt keinen Zweifel: Langfristig bringen Solaranlagen nach wie vor hohe Renditen ein. Wir setzen deshalb bei Meyer Solar auf langfristig ertragreiche Investitionen durch sauberen Strom. Unsere Solaranlagen f\u00fcr Weimar und Umgebung werden dank der eingesetzten hochwertigem Materialien und Module auch in 20 Jahren und mehr noch gute Ertr\u00e4ge an Sonnenenergie liefern.<\/p>\n<h3>Wie kommt meine Solaranlage in Weimar aufs Dach?<\/h3>\n<p>Bereits \u00fcber 100 Solaranlagen haben wir im Raum Th\u00fcringen installiert. Unsere zufriedenen Kunden sch\u00e4tzen unsere planvolle Vorgehensweise beim Bau einer neuen Solaranlage. Beim ersten Vor-Ort-Termin in Weimar beraten wir Sie zu den \u00f6rtlichen Besonderheiten und M\u00f6glichkeiten beim Bau Ihrer Photovoltaikanlage. Bei der Planung Ihrer Solaranlage beachten wir insbesondere die \u00e4sthetisch optimale Einbindung der Anlage. Nach dem Sie ein Angebot mit langfristiger Ertragsvorschau und Wirtschaftlichkeitsberechnung erhalten haben, k\u00f6nnen wir nach Ihrem Go mit den Antragsformalit\u00e4ten und der Installation der Solaranlage beginnen. Die schl\u00fcsselfertige Installation wird fachgerecht und genau im Zeitplan durchgef\u00fchrt. M\u00f6chten Sie die Anlage &nbsp;selbst installieren, stehen wir Ihnen auf Wunsch beratend zur Seite. F\u00fcr die lange Laufzeit Ihrer Anlage bieten wir Ihnen einen Wartungsvertrag an. Das lohnt sich insbesondere bei gr\u00f6\u00dferen Anlagen. Gern stehen wir Ihnen auch beratend bei allen Finanzierungs- und Versicherungsfragen Ihrer zuk\u00fcnftigen Anlage in Weimar zur Seite.<\/p>\n","protected":false},"excerpt":{"rendered":"<p>Individuelle Solaranlagen \u2013 f\u00fcr Ihr Hausdach aber auch f\u00fcr Hochleistungsanlagen [&hellip;]<\/p>\n","protected":false},"author":5,"featured_media":0,"parent":0,"menu_order":0,"comment_status":"open","ping_status":"open","template":"","meta":{"ngg_post_thumbnail":0,"footnotes":""},"class_list":["post-390","page","type-page","status-publish","hentry"],"yoast_head":"<!-- This site is optimized with the Yoast SEO plugin v24.8 - https:\/\/yoast.com\/wordpress\/plugins\/seo\/ -->\n<title>Solaranlage Weimar \u2013 Meyer Solar<\/title>\n<meta name=\"description\" content=\"Solaranlage Weimar? Mit einer Solaranlage oder Photovoltaikanlage wandeln Sie die Sonneneinstrahlung in elektrische Energie um.\" \/>\n<meta name=\"robots\" content=\"noindex, follow, max-snippet:-1, max-image-preview:large, max-video-preview:-1\" \/>\n<meta property=\"og:locale\" content=\"de_DE\" \/>\n<meta property=\"og:type\" content=\"article\" \/>\n<meta property=\"og:title\" content=\"Solaranlage Weimar \u2013 Meyer Solar\" \/>\n<meta property=\"og:description\" content=\"Solaranlage Weimar? Mit einer Solaranlage oder Photovoltaikanlage wandeln Sie die Sonneneinstrahlung in elektrische Energie um.\" \/>\n<meta property=\"og:url\" content=\"https:\/\/form-klar.de\/meyersolar\/solaranlage-weimar\/\" \/>\n<meta property=\"og:site_name\" content=\"Meyer Solar\" \/>\n<meta property=\"article:modified_time\" content=\"2024-12-11T08:38:47+00:00\" \/>\n<meta name=\"twitter:card\" content=\"summary_large_image\" \/>\n<meta name=\"twitter:label1\" content=\"Gesch\u00e4tzte Lesezeit\" \/>\n\t<meta name=\"twitter:data1\" content=\"3\u00a0Minuten\" \/>\n<script type=\"application\/ld+json\" class=\"yoast-schema-graph\">{\"@context\":\"https:\/\/schema.org\",\"@graph\":[{\"@type\":\"WebPage\",\"@id\":\"https:\/\/form-klar.de\/meyersolar\/solaranlage-weimar\/\",\"url\":\"https:\/\/form-klar.de\/meyersolar\/solaranlage-weimar\/\",\"name\":\"Solaranlage Weimar \u2013 Meyer Solar\",\"isPartOf\":{\"@id\":\"https:\/\/form-klar.de\/meyersolar\/#website\"},\"datePublished\":\"2016-09-02T15:12:20+00:00\",\"dateModified\":\"2024-12-11T08:38:47+00:00\",\"description\":\"Solaranlage Weimar? Mit einer Solaranlage oder Photovoltaikanlage wandeln Sie die Sonneneinstrahlung in elektrische Energie um.\",\"breadcrumb\":{\"@id\":\"https:\/\/form-klar.de\/meyersolar\/solaranlage-weimar\/#breadcrumb\"},\"inLanguage\":\"de\",\"potentialAction\":[{\"@type\":\"ReadAction\",\"target\":[\"https:\/\/form-klar.de\/meyersolar\/solaranlage-weimar\/\"]}]},{\"@type\":\"BreadcrumbList\",\"@id\":\"https:\/\/form-klar.de\/meyersolar\/solaranlage-weimar\/#breadcrumb\",\"itemListElement\":[{\"@type\":\"ListItem\",\"position\":1,\"name\":\"Startseite\",\"item\":\"https:\/\/form-klar.de\/meyersolar\/\"},{\"@type\":\"ListItem\",\"position\":2,\"name\":\"Solaranlage Weimar\"}]},{\"@type\":\"WebSite\",\"@id\":\"https:\/\/form-klar.de\/meyersolar\/#website\",\"url\":\"https:\/\/form-klar.de\/meyersolar\/\",\"name\":\"Meyer Solar\",\"description\":\"Solaranlagen und Photovoltaikanlagen in Th\u00fcringen aus Erfurt\",\"potentialAction\":[{\"@type\":\"SearchAction\",\"target\":{\"@type\":\"EntryPoint\",\"urlTemplate\":\"https:\/\/form-klar.de\/meyersolar\/?s={search_term_string}\"},\"query-input\":{\"@type\":\"PropertyValueSpecification\",\"valueRequired\":true,\"valueName\":\"search_term_string\"}}],\"inLanguage\":\"de\"}]}<\/script>\n<!-- \/ Yoast SEO plugin. -->","yoast_head_json":{"title":"Solaranlage Weimar \u2013 Meyer Solar","description":"Solaranlage Weimar? Mit einer Solaranlage oder Photovoltaikanlage wandeln Sie die Sonneneinstrahlung in elektrische Energie um.","robots":{"index":"noindex","follow":"follow","max-snippet":"max-snippet:-1","max-image-preview":"max-image-preview:large","max-video-preview":"max-video-preview:-1"},"og_locale":"de_DE","og_type":"article","og_title":"Solaranlage Weimar \u2013 Meyer Solar","og_description":"Solaranlage Weimar? Mit einer Solaranlage oder Photovoltaikanlage wandeln Sie die Sonneneinstrahlung in elektrische Energie um.","og_url":"https:\/\/form-klar.de\/meyersolar\/solaranlage-weimar\/","og_site_name":"Meyer Solar","article_modified_time":"2024-12-11T08:38:47+00:00","twitter_card":"summary_large_image","twitter_misc":{"Gesch\u00e4tzte Lesezeit":"3\u00a0Minuten"},"schema":{"@context":"https:\/\/schema.org","@graph":[{"@type":"WebPage","@id":"https:\/\/form-klar.de\/meyersolar\/solaranlage-weimar\/","url":"https:\/\/form-klar.de\/meyersolar\/solaranlage-weimar\/","name":"Solaranlage Weimar \u2013 Meyer Solar","isPartOf":{"@id":"https:\/\/form-klar.de\/meyersolar\/#website"},"datePublished":"2016-09-02T15:12:20+00:00","dateModified":"2024-12-11T08:38:47+00:00","description":"Solaranlage Weimar? Mit einer Solaranlage oder Photovoltaikanlage wandeln Sie die Sonneneinstrahlung in elektrische Energie um.","breadcrumb":{"@id":"https:\/\/form-klar.de\/meyersolar\/solaranlage-weimar\/#breadcrumb"},"inLanguage":"de","potentialAction":[{"@type":"ReadAction","target":["https:\/\/form-klar.de\/meyersolar\/solaranlage-weimar\/"]}]},{"@type":"BreadcrumbList","@id":"https:\/\/form-klar.de\/meyersolar\/solaranlage-weimar\/#breadcrumb","itemListElement":[{"@type":"ListItem","position":1,"name":"Startseite","item":"https:\/\/form-klar.de\/meyersolar\/"},{"@type":"ListItem","position":2,"name":"Solaranlage Weimar"}]},{"@type":"WebSite","@id":"https:\/\/form-klar.de\/meyersolar\/#website","url":"https:\/\/form-klar.de\/meyersolar\/","name":"Meyer Solar","description":"Solaranlagen und Photovoltaikanlagen in Th\u00fcringen aus Erfurt","potentialAction":[{"@type":"SearchAction","target":{"@type":"EntryPoint","urlTemplate":"https:\/\/form-klar.de\/meyersolar\/?s={search_term_string}"},"query-input":{"@type":"PropertyValueSpecification","valueRequired":true,"valueName":"search_term_string"}}],"inLanguage":"de"}]}},"_links":{"self":[{"href":"https:\/\/form-klar.de\/meyersolar\/wp-json\/wp\/v2\/pages\/390","targetHints":{"allow":["GET"]}}],"collection":[{"href":"https:\/\/form-klar.de\/meyersolar\/wp-json\/wp\/v2\/pages"}],"about":[{"href":"https:\/\/form-klar.de\/meyersolar\/wp-json\/wp\/v2\/types\/page"}],"author":[{"embeddable":true,"href":"https:\/\/form-klar.de\/meyersolar\/wp-json\/wp\/v2\/users\/5"}],"replies":[{"embeddable":true,"href":"https:\/\/form-klar.de\/meyersolar\/wp-json\/wp\/v2\/comments?post=390"}],"version-history":[{"count":4,"href":"https:\/\/form-klar.de\/meyersolar\/wp-json\/wp\/v2\/pages\/390\/revisions"}],"predecessor-version":[{"id":3689,"href":"https:\/\/form-klar.de\/meyersolar\/wp-json\/wp\/v2\/pages\/390\/revisions\/3689"}],"wp:attachment":[{"href":"https:\/\/form-klar.de\/meyersolar\/wp-json\/wp\/v2\/media?parent=390"}],"curies":[{"name":"wp","href":"https:\/\/api.w.org\/{rel}","templated":true}]}}