{"id":378,"date":"2016-07-05T07:32:20","date_gmt":"2016-07-05T07:32:20","guid":{"rendered":"https:\/\/form-klar.de\/meyersolar\/?page_id=378"},"modified":"2024-12-11T08:35:48","modified_gmt":"2024-12-11T08:35:48","slug":"solaranlage-erfurt","status":"publish","type":"page","link":"https:\/\/form-klar.de\/meyersolar\/solaranlage-erfurt\/","title":{"rendered":"Solaranlage Erfurt"},"content":{"rendered":"<h2><strong>Ihr Ansprechpartner f\u00fcr Ihre Solaranlage in Erfurt \u2013 Meyer Solar<\/strong><\/h2>\n<p>Wir sind Ihr kompetenter Ansprechpartner rund um Planung und Montierung Ihrer Solaranlage. Sie bauen ein Haus oder m\u00f6chten Ihr Haus energietechnisch sanieren. Jetzt brauchen Sie einen Ansprechpartner, der Sie kompetent unterst\u00fctzen kann. Seit \u00fcber 6 Jahren planen und installieren wir bereits Photovoltaikanlagen und Solaranlagen in vielen Th\u00fcringer St\u00e4dten \u2013 nat\u00fcrlich auch in Erfurt. Werden Sie energietechnisch unabh\u00e4ngig und planen Sie Ihre umweltfreundliche Energiegewinnung gemeinsam mit uns. Setzen Sie statt auf endliche fossile Ressourcen auf die nie versiegende Energie der Sonne.<\/p>\n<h3>Ihr Planer f\u00fcr Solaranlagen und Solarthermieanlagen<\/h3>\n<p>Sie m\u00f6chten selbst Energieerzeuger werden? Auf diesem Weg beraten wir Sie fachm\u00e4nnisch und errichten Ihre neue Solaranlage oder Solarthermieanlage. Ob W\u00e4rme oder Strom \u2013 wir sind Ihr Partner bei der solaren Energiegewinnung. Wir geben Ihnen wichtige Tipps beim Auswahl des Montagesystems, denn es m\u00fcssen zwingend alle Richtlinien der Hersteller beachtet werden. Auch Schneelast und Sturmsicherheit Ihrer Solaranlage m\u00fcssen von einem Profi wie Meyer Solar geplant werden. Wir kl\u00e4ren auch, ob ein Montageger\u00fcst notwendig ist \u2013 zum Beispiel bei einem Flachdach. Dann kl\u00e4ren wir nat\u00fcrlich alle Fragen rund um den Wechselrichter, so k\u00f6nnen wir sicherstellen, dass zum Beispiel das Wechselstromkabel nicht zu lang konzipiert wird und Energieverluste drohen. Auch der Z\u00e4hler wird fachgerecht eingebaut.<\/p>\n<h3>Beratung f\u00fcr Ihre neue Solaranlage in Erfurt<\/h3>\n<p>Das wichtigste ist ein Beratungsgespr\u00e4ch, nach dem wir das Angebot f\u00fcr Sie pr\u00e4zise erstellen k\u00f6nnen. Dieses erste Beratungsgespr\u00e4ch ist f\u00fcr Sie als Auftraggeber nat\u00fcrlich kostenlos. Im Angebot zurren wir fest, welche Solaranlagen-Elemente wir f\u00fcr Sie planen und wie viele diese kosten. Wir planen Ihre Photovoltaik-Anlage mit oder ohne Speichersystem, die Zahl der Solarmodule, den Typ des Wechselrichters, alle anfallenden Arbeiten wie Planung und Installation bis zur Inbetriebnahme sowie die Zahlen f\u00fcr m\u00f6gliche Instandsetzungsarbeiten, unseren Service und zus\u00e4tzliche Beratungsstunden.<\/p>\n<p>Wir m\u00f6chten alle Leistungen f\u00fcr Sie transparent machen, denn nur so k\u00f6nnen wir ein echtes Vertrauensverh\u00e4ltnis aufbauen.<\/p>\n<h3>Wir m\u00f6chten, dass Ihre Solaranlage nachhaltig und effektiv f\u00fcr Ihre Energiegewinnung ist<\/h3>\n<p>Wir k\u00fcmmern uns um die Montage Ihrer Solaranlage in Erfurt. Das Grundprinzip ist einfach, braucht aber Know-how in der Montage: Solaranlagen wandeln Sonnenlicht direkt in elektrische Energie um. Um den Strom einzuspeisen, muss der erzeugte Gleichstrom mittels Wechselrichter in Wechselstrom umgewandelt werden. Erst dann geht der Strom ins Stromnetz oder kann selbst verbraucht werden. Wir helfen Ihnen in Erfurt, Ihre Stromkosten zu senken und sich in der Energiegewinnung unabh\u00e4ngig zu machen.<\/p>\n<p>Wir sind ein Erfurter Familienunternehmen und verf\u00fcgen \u00fcber ein breites Wissen zur alternativen Energiegewinnung mit Ihrer Solaranlage. Wir konzipieren 3 kWp Solaranlagen zur Eigennutzung aber auch gro\u00dfe Anlagen f\u00fcr Industrie und Gewerbe bis zu einer Leistung von mehreren Hundert kWp.<\/p>\n","protected":false},"excerpt":{"rendered":"<p>Ihr Ansprechpartner f\u00fcr Ihre Solaranlage in Erfurt \u2013 Meyer Solar [&hellip;]<\/p>\n","protected":false},"author":5,"featured_media":0,"parent":0,"menu_order":0,"comment_status":"open","ping_status":"open","template":"","meta":{"ngg_post_thumbnail":0,"footnotes":""},"class_list":["post-378","page","type-page","status-publish","hentry"],"yoast_head":"<!-- This site is optimized with the Yoast SEO plugin v24.8 - https:\/\/yoast.com\/wordpress\/plugins\/seo\/ -->\n<title>Solaranlage Erfurt \u2013 Meyer Solar<\/title>\n<meta name=\"description\" content=\"Solaranlage Erfurt? Ihr zuverl\u00e4ssiger Planer f\u00fcr Solaranlagen und Solarthermieanlagen in Erfurt und Umgebung\" \/>\n<meta name=\"robots\" content=\"noindex, follow, max-snippet:-1, max-image-preview:large, max-video-preview:-1\" \/>\n<meta property=\"og:locale\" content=\"de_DE\" \/>\n<meta property=\"og:type\" content=\"article\" \/>\n<meta property=\"og:title\" content=\"Solaranlage Erfurt \u2013 Meyer Solar\" \/>\n<meta property=\"og:description\" content=\"Solaranlage Erfurt? Ihr zuverl\u00e4ssiger Planer f\u00fcr Solaranlagen und Solarthermieanlagen in Erfurt und Umgebung\" \/>\n<meta property=\"og:url\" content=\"https:\/\/form-klar.de\/meyersolar\/solaranlage-erfurt\/\" \/>\n<meta property=\"og:site_name\" content=\"Meyer Solar\" \/>\n<meta property=\"article:modified_time\" content=\"2024-12-11T08:35:48+00:00\" \/>\n<meta name=\"twitter:card\" content=\"summary_large_image\" \/>\n<meta name=\"twitter:label1\" content=\"Gesch\u00e4tzte Lesezeit\" \/>\n\t<meta name=\"twitter:data1\" content=\"3\u00a0Minuten\" \/>\n<script type=\"application\/ld+json\" class=\"yoast-schema-graph\">{\"@context\":\"https:\/\/schema.org\",\"@graph\":[{\"@type\":\"WebPage\",\"@id\":\"https:\/\/form-klar.de\/meyersolar\/solaranlage-erfurt\/\",\"url\":\"https:\/\/form-klar.de\/meyersolar\/solaranlage-erfurt\/\",\"name\":\"Solaranlage Erfurt \u2013 Meyer Solar\",\"isPartOf\":{\"@id\":\"https:\/\/form-klar.de\/meyersolar\/#website\"},\"datePublished\":\"2016-07-05T07:32:20+00:00\",\"dateModified\":\"2024-12-11T08:35:48+00:00\",\"description\":\"Solaranlage Erfurt? Ihr zuverl\u00e4ssiger Planer f\u00fcr Solaranlagen und Solarthermieanlagen in Erfurt und Umgebung\",\"breadcrumb\":{\"@id\":\"https:\/\/form-klar.de\/meyersolar\/solaranlage-erfurt\/#breadcrumb\"},\"inLanguage\":\"de\",\"potentialAction\":[{\"@type\":\"ReadAction\",\"target\":[\"https:\/\/form-klar.de\/meyersolar\/solaranlage-erfurt\/\"]}]},{\"@type\":\"BreadcrumbList\",\"@id\":\"https:\/\/form-klar.de\/meyersolar\/solaranlage-erfurt\/#breadcrumb\",\"itemListElement\":[{\"@type\":\"ListItem\",\"position\":1,\"name\":\"Startseite\",\"item\":\"https:\/\/form-klar.de\/meyersolar\/\"},{\"@type\":\"ListItem\",\"position\":2,\"name\":\"Solaranlage Erfurt\"}]},{\"@type\":\"WebSite\",\"@id\":\"https:\/\/form-klar.de\/meyersolar\/#website\",\"url\":\"https:\/\/form-klar.de\/meyersolar\/\",\"name\":\"Meyer Solar\",\"description\":\"Solaranlagen und Photovoltaikanlagen in Th\u00fcringen aus Erfurt\",\"potentialAction\":[{\"@type\":\"SearchAction\",\"target\":{\"@type\":\"EntryPoint\",\"urlTemplate\":\"https:\/\/form-klar.de\/meyersolar\/?s={search_term_string}\"},\"query-input\":{\"@type\":\"PropertyValueSpecification\",\"valueRequired\":true,\"valueName\":\"search_term_string\"}}],\"inLanguage\":\"de\"}]}<\/script>\n<!-- \/ Yoast SEO plugin. -->","yoast_head_json":{"title":"Solaranlage Erfurt \u2013 Meyer Solar","description":"Solaranlage Erfurt? Ihr zuverl\u00e4ssiger Planer f\u00fcr Solaranlagen und Solarthermieanlagen in Erfurt und Umgebung","robots":{"index":"noindex","follow":"follow","max-snippet":"max-snippet:-1","max-image-preview":"max-image-preview:large","max-video-preview":"max-video-preview:-1"},"og_locale":"de_DE","og_type":"article","og_title":"Solaranlage Erfurt \u2013 Meyer Solar","og_description":"Solaranlage Erfurt? Ihr zuverl\u00e4ssiger Planer f\u00fcr Solaranlagen und Solarthermieanlagen in Erfurt und Umgebung","og_url":"https:\/\/form-klar.de\/meyersolar\/solaranlage-erfurt\/","og_site_name":"Meyer Solar","article_modified_time":"2024-12-11T08:35:48+00:00","twitter_card":"summary_large_image","twitter_misc":{"Gesch\u00e4tzte Lesezeit":"3\u00a0Minuten"},"schema":{"@context":"https:\/\/schema.org","@graph":[{"@type":"WebPage","@id":"https:\/\/form-klar.de\/meyersolar\/solaranlage-erfurt\/","url":"https:\/\/form-klar.de\/meyersolar\/solaranlage-erfurt\/","name":"Solaranlage Erfurt \u2013 Meyer Solar","isPartOf":{"@id":"https:\/\/form-klar.de\/meyersolar\/#website"},"datePublished":"2016-07-05T07:32:20+00:00","dateModified":"2024-12-11T08:35:48+00:00","description":"Solaranlage Erfurt? Ihr zuverl\u00e4ssiger Planer f\u00fcr Solaranlagen und Solarthermieanlagen in Erfurt und Umgebung","breadcrumb":{"@id":"https:\/\/form-klar.de\/meyersolar\/solaranlage-erfurt\/#breadcrumb"},"inLanguage":"de","potentialAction":[{"@type":"ReadAction","target":["https:\/\/form-klar.de\/meyersolar\/solaranlage-erfurt\/"]}]},{"@type":"BreadcrumbList","@id":"https:\/\/form-klar.de\/meyersolar\/solaranlage-erfurt\/#breadcrumb","itemListElement":[{"@type":"ListItem","position":1,"name":"Startseite","item":"https:\/\/form-klar.de\/meyersolar\/"},{"@type":"ListItem","position":2,"name":"Solaranlage Erfurt"}]},{"@type":"WebSite","@id":"https:\/\/form-klar.de\/meyersolar\/#website","url":"https:\/\/form-klar.de\/meyersolar\/","name":"Meyer Solar","description":"Solaranlagen und Photovoltaikanlagen in Th\u00fcringen aus Erfurt","potentialAction":[{"@type":"SearchAction","target":{"@type":"EntryPoint","urlTemplate":"https:\/\/form-klar.de\/meyersolar\/?s={search_term_string}"},"query-input":{"@type":"PropertyValueSpecification","valueRequired":true,"valueName":"search_term_string"}}],"inLanguage":"de"}]}},"_links":{"self":[{"href":"https:\/\/form-klar.de\/meyersolar\/wp-json\/wp\/v2\/pages\/378","targetHints":{"allow":["GET"]}}],"collection":[{"href":"https:\/\/form-klar.de\/meyersolar\/wp-json\/wp\/v2\/pages"}],"about":[{"href":"https:\/\/form-klar.de\/meyersolar\/wp-json\/wp\/v2\/types\/page"}],"author":[{"embeddable":true,"href":"https:\/\/form-klar.de\/meyersolar\/wp-json\/wp\/v2\/users\/5"}],"replies":[{"embeddable":true,"href":"https:\/\/form-klar.de\/meyersolar\/wp-json\/wp\/v2\/comments?post=378"}],"version-history":[{"count":5,"href":"https:\/\/form-klar.de\/meyersolar\/wp-json\/wp\/v2\/pages\/378\/revisions"}],"predecessor-version":[{"id":3687,"href":"https:\/\/form-klar.de\/meyersolar\/wp-json\/wp\/v2\/pages\/378\/revisions\/3687"}],"wp:attachment":[{"href":"https:\/\/form-klar.de\/meyersolar\/wp-json\/wp\/v2\/media?parent=378"}],"curies":[{"name":"wp","href":"https:\/\/api.w.org\/{rel}","templated":true}]}}