{"id":362,"date":"2015-06-04T21:29:56","date_gmt":"2015-06-04T21:29:56","guid":{"rendered":"https:\/\/form-klar.de\/meyersolar\/?page_id=362"},"modified":"2024-12-11T08:32:29","modified_gmt":"2024-12-11T08:32:29","slug":"installation-solaranlage","status":"publish","type":"page","link":"https:\/\/form-klar.de\/meyersolar\/photovoltaikanlagen-solar-erfurt\/installation-von-photovoltaikanlagen\/installation-solaranlage\/","title":{"rendered":"Installation Solaranlage"},"content":{"rendered":"<h1>Meyersolar \u2013 Wir installieren Ihre Solaranlage kompetent und sicher<\/h1>\n<p>Wir sind Ihr professioneller Installateur f\u00fcr innovative Solar- und Photovoltaikanlagen in Th\u00fcringen. Angesichts schwindender fossiler Ressourcen kommt der Nutzung der Sonnenenergie eine immer gr\u00f6\u00dfere Rolle zu. Unser Unternehmen plant und errichtet Ihre Solar-Anlage oder Ihre Solarthermie-Anlage. Mit hohem Sachverstand begleiten wir Sie auf Ihrem Weg zum privaten Energieerzeuger.<\/p>\n<h2>Planen Sie mit uns Ihre moderne Photovoltaikanlagen nach Ihren individuellen Bed\u00fcrfnissen.<\/h2>\n<p>Wir, die Firma Meyersolar sind ein Familienunternehmen mit Sitz in Erfurt im gr\u00fcnen Th\u00fcringen. Setzen Sie auf unsere Erfahrung durch rund 100 geplante und realisierte Solaranlagen in Erfurt und Th\u00fcringen. Wir planen Ihnen Anlagen von verschiedenen Herstellern und Gr\u00f6\u00dfenordnungen. Von 3 kWp Solaranlagen zur Eigennutzung bis hin zu Photovoltaikanlagen auf Industriegeb\u00e4uden mit einer Leistungsf\u00e4higkeit von mehreren Hundert kWp reicht unser Portfolio.<\/p>\n<p><strong>Innovative Photovoltaikanlagen nach Ihren individuellen Bed\u00fcrfnissen \u2013 mit perfekter Installation<\/strong><\/p>\n<p>Vertrauen Sie auf exzellente Marktkenntnis und auf das Know-how eines Premier Partners von Sunpower. Bei uns erhalten Sie kompetente Beratung und Ihr pers\u00f6nliches ma\u00dfgeschneidertes Angebot. Und so setzen wir Ihre Solaranlage Schritt f\u00fcr Schritt um!<\/p>\n<p><b>Unser Leistungs\u00fcberblick bei jedem Installations-Auftrag<\/b><\/p>\n<p>1. Vororttermin<br \/>\n2. Planung<br \/>\n3. Angebotserstellung<br \/>\n4. Beantragung bei dem Energieversorger<br \/>\n5. Installation<br \/>\n6. \u00dcberwachung<br \/>\n7. Wartung&amp; Pflege, Service<br \/>\n8. Finanzierung<\/p>\n<p><strong>Ihr Installateur f\u00fcr schl\u00fcsselfertige Solaranlage<\/strong><\/p>\n<p>Ihre schl\u00fcsselfertigen Solaranlagen setzen wir nach einer intensiven Beratungsphase um.<br \/>\nSie erhalten genau auf Ihr Dach und Ihre Bed\u00fcrfnisse zugeschnittene Photovoltaik-Komplettbaus\u00e4tze. Dazu bieten wir Ihnen solare Inselsysteme zur autonomen Versorgung sowie Einzelkomponenten zur solaren Energiegewinnung rund um Ihre Anlage.<br \/>\nNat\u00fcrlich erhalten Sie von uns auch Kommunikationsprodukte f\u00fcr SMA Wechselrichter.<\/p>\n<p>Mit dem Einsatz von Sunpower Hochleistungs-Modulen haben wir schon \u00fcber 100 Solaranlagen in Th\u00fcringen installiert, zum Beispiel in Kerpsleben bei Erfurt eine 12,6 kWp Anlage, die j\u00e4hrlich 11.500 kWh sauberen Strom erzeugt. Das Besondere an diesem Auftrag: Die Anlage ist komplett schwarz und f\u00fcgt sich so harmonisch in das Gesamterscheinungsbild des Geb\u00e4udes ein. Bei diesem Beispiel hat das starke Konzept aus Optik, Symmetrie und Effizienz den Ausschlag f\u00fcr unser Angebot gegeben.<\/p>\n<p>Setzen Sie auf die beispielhafte Energiebilanz und auf unsere zukunftsorientierte Haustechnik. Das Ziel: eine positive CO2-Bilanz und effiziente Nutzung der Dachfl\u00e4chen f\u00fcr mindestens die n\u00e4chsten 20 Jahre.<\/p>\n<p><b>Wir von Meyer-Solar freuen uns auf Ihr Interesse. Lassen Sie sich von uns kompetent beraten! Wir installieren ausschlie\u00dflich zertifizierte Qualit\u00e4ts-Solarmodule. Holen Sie sich jetzt Ihre alternative Energie aufs Haus!<\/b><\/p>\n","protected":false},"excerpt":{"rendered":"<p>Meyersolar \u2013 Wir installieren Ihre Solaranlage kompetent und sicher Wir [&hellip;]<\/p>\n","protected":false},"author":5,"featured_media":0,"parent":116,"menu_order":0,"comment_status":"open","ping_status":"open","template":"","meta":{"ngg_post_thumbnail":0,"footnotes":""},"class_list":["post-362","page","type-page","status-publish","hentry"],"yoast_head":"<!-- This site is optimized with the Yoast SEO plugin v24.8 - https:\/\/yoast.com\/wordpress\/plugins\/seo\/ -->\n<title>Installation Solaranlage \u2013 Meyer Solar<\/title>\n<meta name=\"description\" content=\"Ihre schl\u00fcsselfertigen Solaranlagen setzen wir nach einer intensiven Beratungsphase um. Sie erhalten genau auf Ihr Dach und Ihre Bed\u00fcrfnisse zugeschnittene Photovoltaik-Komplettbaus\u00e4tze\" \/>\n<meta name=\"robots\" content=\"noindex, follow, max-snippet:-1, max-image-preview:large, max-video-preview:-1\" \/>\n<meta property=\"og:locale\" content=\"de_DE\" \/>\n<meta property=\"og:type\" content=\"article\" \/>\n<meta property=\"og:title\" content=\"Installation Solaranlage \u2013 Meyer Solar\" \/>\n<meta property=\"og:description\" content=\"Ihre schl\u00fcsselfertigen Solaranlagen setzen wir nach einer intensiven Beratungsphase um. Sie erhalten genau auf Ihr Dach und Ihre Bed\u00fcrfnisse zugeschnittene Photovoltaik-Komplettbaus\u00e4tze\" \/>\n<meta property=\"og:url\" content=\"https:\/\/form-klar.de\/meyersolar\/photovoltaikanlagen-solar-erfurt\/installation-von-photovoltaikanlagen\/installation-solaranlage\/\" \/>\n<meta property=\"og:site_name\" content=\"Meyer Solar\" \/>\n<meta property=\"article:modified_time\" content=\"2024-12-11T08:32:29+00:00\" \/>\n<meta name=\"twitter:card\" content=\"summary_large_image\" \/>\n<meta name=\"twitter:label1\" content=\"Gesch\u00e4tzte Lesezeit\" \/>\n\t<meta name=\"twitter:data1\" content=\"3\u00a0Minuten\" \/>\n<script type=\"application\/ld+json\" class=\"yoast-schema-graph\">{\"@context\":\"https:\/\/schema.org\",\"@graph\":[{\"@type\":\"WebPage\",\"@id\":\"https:\/\/form-klar.de\/meyersolar\/photovoltaikanlagen-solar-erfurt\/installation-von-photovoltaikanlagen\/installation-solaranlage\/\",\"url\":\"https:\/\/form-klar.de\/meyersolar\/photovoltaikanlagen-solar-erfurt\/installation-von-photovoltaikanlagen\/installation-solaranlage\/\",\"name\":\"Installation Solaranlage \u2013 Meyer Solar\",\"isPartOf\":{\"@id\":\"https:\/\/form-klar.de\/meyersolar\/#website\"},\"datePublished\":\"2015-06-04T21:29:56+00:00\",\"dateModified\":\"2024-12-11T08:32:29+00:00\",\"description\":\"Ihre schl\u00fcsselfertigen Solaranlagen setzen wir nach einer intensiven Beratungsphase um. Sie erhalten genau auf Ihr Dach und Ihre Bed\u00fcrfnisse zugeschnittene Photovoltaik-Komplettbaus\u00e4tze\",\"breadcrumb\":{\"@id\":\"https:\/\/form-klar.de\/meyersolar\/photovoltaikanlagen-solar-erfurt\/installation-von-photovoltaikanlagen\/installation-solaranlage\/#breadcrumb\"},\"inLanguage\":\"de\",\"potentialAction\":[{\"@type\":\"ReadAction\",\"target\":[\"https:\/\/form-klar.de\/meyersolar\/photovoltaikanlagen-solar-erfurt\/installation-von-photovoltaikanlagen\/installation-solaranlage\/\"]}]},{\"@type\":\"BreadcrumbList\",\"@id\":\"https:\/\/form-klar.de\/meyersolar\/photovoltaikanlagen-solar-erfurt\/installation-von-photovoltaikanlagen\/installation-solaranlage\/#breadcrumb\",\"itemListElement\":[{\"@type\":\"ListItem\",\"position\":1,\"name\":\"Startseite\",\"item\":\"https:\/\/form-klar.de\/meyersolar\/\"},{\"@type\":\"ListItem\",\"position\":2,\"name\":\"Service\",\"item\":\"https:\/\/form-klar.de\/meyersolar\/photovoltaikanlagen-solar-erfurt\/\"},{\"@type\":\"ListItem\",\"position\":3,\"name\":\"Installation\",\"item\":\"https:\/\/form-klar.de\/meyersolar\/photovoltaikanlagen-solar-erfurt\/installation-von-photovoltaikanlagen\/\"},{\"@type\":\"ListItem\",\"position\":4,\"name\":\"Installation Solaranlage\"}]},{\"@type\":\"WebSite\",\"@id\":\"https:\/\/form-klar.de\/meyersolar\/#website\",\"url\":\"https:\/\/form-klar.de\/meyersolar\/\",\"name\":\"Meyer Solar\",\"description\":\"Solaranlagen und Photovoltaikanlagen in Th\u00fcringen aus Erfurt\",\"potentialAction\":[{\"@type\":\"SearchAction\",\"target\":{\"@type\":\"EntryPoint\",\"urlTemplate\":\"https:\/\/form-klar.de\/meyersolar\/?s={search_term_string}\"},\"query-input\":{\"@type\":\"PropertyValueSpecification\",\"valueRequired\":true,\"valueName\":\"search_term_string\"}}],\"inLanguage\":\"de\"}]}<\/script>\n<!-- \/ Yoast SEO plugin. -->","yoast_head_json":{"title":"Installation Solaranlage \u2013 Meyer Solar","description":"Ihre schl\u00fcsselfertigen Solaranlagen setzen wir nach einer intensiven Beratungsphase um. Sie erhalten genau auf Ihr Dach und Ihre Bed\u00fcrfnisse zugeschnittene Photovoltaik-Komplettbaus\u00e4tze","robots":{"index":"noindex","follow":"follow","max-snippet":"max-snippet:-1","max-image-preview":"max-image-preview:large","max-video-preview":"max-video-preview:-1"},"og_locale":"de_DE","og_type":"article","og_title":"Installation Solaranlage \u2013 Meyer Solar","og_description":"Ihre schl\u00fcsselfertigen Solaranlagen setzen wir nach einer intensiven Beratungsphase um. Sie erhalten genau auf Ihr Dach und Ihre Bed\u00fcrfnisse zugeschnittene Photovoltaik-Komplettbaus\u00e4tze","og_url":"https:\/\/form-klar.de\/meyersolar\/photovoltaikanlagen-solar-erfurt\/installation-von-photovoltaikanlagen\/installation-solaranlage\/","og_site_name":"Meyer Solar","article_modified_time":"2024-12-11T08:32:29+00:00","twitter_card":"summary_large_image","twitter_misc":{"Gesch\u00e4tzte Lesezeit":"3\u00a0Minuten"},"schema":{"@context":"https:\/\/schema.org","@graph":[{"@type":"WebPage","@id":"https:\/\/form-klar.de\/meyersolar\/photovoltaikanlagen-solar-erfurt\/installation-von-photovoltaikanlagen\/installation-solaranlage\/","url":"https:\/\/form-klar.de\/meyersolar\/photovoltaikanlagen-solar-erfurt\/installation-von-photovoltaikanlagen\/installation-solaranlage\/","name":"Installation Solaranlage \u2013 Meyer Solar","isPartOf":{"@id":"https:\/\/form-klar.de\/meyersolar\/#website"},"datePublished":"2015-06-04T21:29:56+00:00","dateModified":"2024-12-11T08:32:29+00:00","description":"Ihre schl\u00fcsselfertigen Solaranlagen setzen wir nach einer intensiven Beratungsphase um. Sie erhalten genau auf Ihr Dach und Ihre Bed\u00fcrfnisse zugeschnittene Photovoltaik-Komplettbaus\u00e4tze","breadcrumb":{"@id":"https:\/\/form-klar.de\/meyersolar\/photovoltaikanlagen-solar-erfurt\/installation-von-photovoltaikanlagen\/installation-solaranlage\/#breadcrumb"},"inLanguage":"de","potentialAction":[{"@type":"ReadAction","target":["https:\/\/form-klar.de\/meyersolar\/photovoltaikanlagen-solar-erfurt\/installation-von-photovoltaikanlagen\/installation-solaranlage\/"]}]},{"@type":"BreadcrumbList","@id":"https:\/\/form-klar.de\/meyersolar\/photovoltaikanlagen-solar-erfurt\/installation-von-photovoltaikanlagen\/installation-solaranlage\/#breadcrumb","itemListElement":[{"@type":"ListItem","position":1,"name":"Startseite","item":"https:\/\/form-klar.de\/meyersolar\/"},{"@type":"ListItem","position":2,"name":"Service","item":"https:\/\/form-klar.de\/meyersolar\/photovoltaikanlagen-solar-erfurt\/"},{"@type":"ListItem","position":3,"name":"Installation","item":"https:\/\/form-klar.de\/meyersolar\/photovoltaikanlagen-solar-erfurt\/installation-von-photovoltaikanlagen\/"},{"@type":"ListItem","position":4,"name":"Installation Solaranlage"}]},{"@type":"WebSite","@id":"https:\/\/form-klar.de\/meyersolar\/#website","url":"https:\/\/form-klar.de\/meyersolar\/","name":"Meyer Solar","description":"Solaranlagen und Photovoltaikanlagen in Th\u00fcringen aus Erfurt","potentialAction":[{"@type":"SearchAction","target":{"@type":"EntryPoint","urlTemplate":"https:\/\/form-klar.de\/meyersolar\/?s={search_term_string}"},"query-input":{"@type":"PropertyValueSpecification","valueRequired":true,"valueName":"search_term_string"}}],"inLanguage":"de"}]}},"_links":{"self":[{"href":"https:\/\/form-klar.de\/meyersolar\/wp-json\/wp\/v2\/pages\/362","targetHints":{"allow":["GET"]}}],"collection":[{"href":"https:\/\/form-klar.de\/meyersolar\/wp-json\/wp\/v2\/pages"}],"about":[{"href":"https:\/\/form-klar.de\/meyersolar\/wp-json\/wp\/v2\/types\/page"}],"author":[{"embeddable":true,"href":"https:\/\/form-klar.de\/meyersolar\/wp-json\/wp\/v2\/users\/5"}],"replies":[{"embeddable":true,"href":"https:\/\/form-klar.de\/meyersolar\/wp-json\/wp\/v2\/comments?post=362"}],"version-history":[{"count":3,"href":"https:\/\/form-klar.de\/meyersolar\/wp-json\/wp\/v2\/pages\/362\/revisions"}],"predecessor-version":[{"id":3684,"href":"https:\/\/form-klar.de\/meyersolar\/wp-json\/wp\/v2\/pages\/362\/revisions\/3684"}],"up":[{"embeddable":true,"href":"https:\/\/form-klar.de\/meyersolar\/wp-json\/wp\/v2\/pages\/116"}],"wp:attachment":[{"href":"https:\/\/form-klar.de\/meyersolar\/wp-json\/wp\/v2\/media?parent=362"}],"curies":[{"name":"wp","href":"https:\/\/api.w.org\/{rel}","templated":true}]}}