{"id":357,"date":"2015-06-04T20:52:05","date_gmt":"2015-06-04T20:52:05","guid":{"rendered":"https:\/\/form-klar.de\/meyersolar\/?page_id=357"},"modified":"2024-12-11T08:31:23","modified_gmt":"2024-12-11T08:31:23","slug":"planung-solaranlage","status":"publish","type":"page","link":"https:\/\/form-klar.de\/meyersolar\/photovoltaikanlagen-solar-erfurt\/planung-von-solar-photovoltaikanlagen\/planung-solaranlage\/","title":{"rendered":"Planung Solaranlage"},"content":{"rendered":"<h1>Meyersolar &#8211; Ihr Profi f\u00fcr die Planung Ihrer Solaranlage in Th\u00fcringen.<\/h1>\n<p><strong>Planen Sie mit uns Ihre moderne Photovoltaikanlagen nach Ihren individuellen Bed\u00fcrfnissen. <\/strong>Wir, die Firma Meyersolar sind ein Familienunternehmen mit Sitz in Erfurt im gr\u00fcnen Th\u00fcringen. Setzen Sie auf unsere Erfahrung durch rund 100 geplante und realisierte Solaranlagen in Erfurt und Th\u00fcringen. Wir planen Ihnen Anlagen von verschiedenen Herstellern und Gr\u00f6\u00dfenordnungen. Von 3 kWp Solaranlagen zur Eigennutzung bis hin zu Photovoltaikanlagen auf Industriegeb\u00e4uden mit einer Leistungsf\u00e4higkeit von mehreren Hundert kWp reicht unser Portfolio.<\/p>\n<h2>Planen Sie mit uns innovative Photovoltaikanlagen nach Ihren individuellen Bed\u00fcrfnissen<\/h2>\n<p>Nutzen Sie unsere Erfahrung bei der Planung Ihrer Solaranlage. Wir bieten Ihnen exzellente Marktkenntnis und sind Premier Partner des innovativen Anbieters Sunpower.<\/p>\n<p>Bei uns erhalten Sie kompetente Beratung und Ihr pers\u00f6nliches ma\u00dfgeschneidertes Angebot. Mit uns werden Sie Ihre Solaranlage Schritt f\u00fcr Schritt umsetzen!<\/p>\n<h3>\u00dcberblick \u00fcber unsere Planungsphasen:<\/h3>\n<p><b>1. <\/b><strong>Vororttermin<\/strong><b><br \/>\n2. <\/b><strong>Planung<\/strong><b><br \/>\n3. <\/b><strong>Angebotserstellung<\/strong><b><br \/>\n4. <\/b><strong>Beantragung bei dem Energieversorger<\/strong><b><br \/>\n5. <\/b><strong>Installation<\/strong><b><br \/>\n6. <\/b><strong>\u00dcberwachung<\/strong><b><br \/>\n7. <\/b><strong>Wartung&amp; Pflege, Service<\/strong><b><br \/>\n8. <\/b><strong>Finanzierung<\/strong><\/p>\n<p><b>Jetzt mit uns Stromkosten planbar senken<\/b><\/p>\n<p>Wir sind Ihr Partner f\u00fcr alternative Energien in Th\u00fcringen. Angesichts schwindender fossiler Ressourcen kommt der Nutzung der Sonnenenergie eine immer gr\u00f6\u00dfere Rolle zu. Die Energie von der Sonne ist ein wichtiger Bestandteil der Energiewende in Deutschland. Unter <strong>Photovoltaik<\/strong> versteht man die direkte Umwandlung von Sonnenlicht in elektrische Energie durch Solarzellen. Der solar erzeugte Gleichstrom wird mittels Wechselrichter in Wechselstrom umgewandelt und anschlie\u00dfend in das Netz eingespeist oder selbst verbraucht. Lassen Sie sich von Meyersolar aus Th\u00fcringen beraten und senken Sie Ihre Stromkosten jetzt dauerhaft!<\/p>\n<p><strong>Planen Sie mit uns Ihre schl\u00fcsselfertige Solaranlage<\/strong><\/p>\n<p>Ihre schl\u00fcsselfertigen Solaranlagen setzen wir nach einer intensiven Beratungsphase um.<br \/>\nSie erhalten genau auf Ihr Dach und Ihre Bed\u00fcrfnisse zugeschnittene Photovoltaik-Komplettbaus\u00e4tze. Dazu bieten wir Ihnen solare Inselsysteme zur autonomen Versorgung sowie Einzelkomponenten zur solaren Energiegewinnung rund um Ihre Anlage.<br \/>\nNat\u00fcrlich erhalten Sie von uns auch Kommunikationsprodukte f\u00fcr SMA Wechselrichter.<\/p>\n<p><b>Wir von Meyer-Solar freuen uns auf Ihr Interesse. Lassen Sie sich von uns kompetent beraten! Wir verwenden ausschlie\u00dflich zertifizierte Qualit\u00e4ts-Solarmodule. Holen Sie sich jetzt Ihre alternative Energie aufs Haus!<\/b><\/p>\n","protected":false},"excerpt":{"rendered":"<p>Meyersolar &#8211; Ihr Profi f\u00fcr die Planung Ihrer Solaranlage in [&hellip;]<\/p>\n","protected":false},"author":5,"featured_media":0,"parent":11,"menu_order":0,"comment_status":"open","ping_status":"open","template":"","meta":{"ngg_post_thumbnail":0,"footnotes":""},"class_list":["post-357","page","type-page","status-publish","hentry"],"yoast_head":"<!-- This site is optimized with the Yoast SEO plugin v24.8 - https:\/\/yoast.com\/wordpress\/plugins\/seo\/ -->\n<title>Planung Solaranlage \u2013 Meyer Solar<\/title>\n<meta name=\"description\" content=\"Wir, die Firma Meyersolar sind ein Familienunternehmen mit Sitz in Erfurt im gr\u00fcnen Th\u00fcringen. Setzen Sie auf unsere Erfahrung durch rund 100 geplante und realisierte Solaranlagen in Erfurt und Th\u00fcringen.\" \/>\n<meta name=\"robots\" content=\"noindex, follow, max-snippet:-1, max-image-preview:large, max-video-preview:-1\" \/>\n<meta property=\"og:locale\" content=\"de_DE\" \/>\n<meta property=\"og:type\" content=\"article\" \/>\n<meta property=\"og:title\" content=\"Planung Solaranlage \u2013 Meyer Solar\" \/>\n<meta property=\"og:description\" content=\"Wir, die Firma Meyersolar sind ein Familienunternehmen mit Sitz in Erfurt im gr\u00fcnen Th\u00fcringen. Setzen Sie auf unsere Erfahrung durch rund 100 geplante und realisierte Solaranlagen in Erfurt und Th\u00fcringen.\" \/>\n<meta property=\"og:url\" content=\"https:\/\/form-klar.de\/meyersolar\/photovoltaikanlagen-solar-erfurt\/planung-von-solar-photovoltaikanlagen\/planung-solaranlage\/\" \/>\n<meta property=\"og:site_name\" content=\"Meyer Solar\" \/>\n<meta property=\"article:modified_time\" content=\"2024-12-11T08:31:23+00:00\" \/>\n<meta name=\"twitter:card\" content=\"summary_large_image\" \/>\n<meta name=\"twitter:label1\" content=\"Gesch\u00e4tzte Lesezeit\" \/>\n\t<meta name=\"twitter:data1\" content=\"2\u00a0Minuten\" \/>\n<script type=\"application\/ld+json\" class=\"yoast-schema-graph\">{\"@context\":\"https:\/\/schema.org\",\"@graph\":[{\"@type\":\"WebPage\",\"@id\":\"https:\/\/form-klar.de\/meyersolar\/photovoltaikanlagen-solar-erfurt\/planung-von-solar-photovoltaikanlagen\/planung-solaranlage\/\",\"url\":\"https:\/\/form-klar.de\/meyersolar\/photovoltaikanlagen-solar-erfurt\/planung-von-solar-photovoltaikanlagen\/planung-solaranlage\/\",\"name\":\"Planung Solaranlage \u2013 Meyer Solar\",\"isPartOf\":{\"@id\":\"https:\/\/form-klar.de\/meyersolar\/#website\"},\"datePublished\":\"2015-06-04T20:52:05+00:00\",\"dateModified\":\"2024-12-11T08:31:23+00:00\",\"description\":\"Wir, die Firma Meyersolar sind ein Familienunternehmen mit Sitz in Erfurt im gr\u00fcnen Th\u00fcringen. Setzen Sie auf unsere Erfahrung durch rund 100 geplante und realisierte Solaranlagen in Erfurt und Th\u00fcringen.\",\"breadcrumb\":{\"@id\":\"https:\/\/form-klar.de\/meyersolar\/photovoltaikanlagen-solar-erfurt\/planung-von-solar-photovoltaikanlagen\/planung-solaranlage\/#breadcrumb\"},\"inLanguage\":\"de\",\"potentialAction\":[{\"@type\":\"ReadAction\",\"target\":[\"https:\/\/form-klar.de\/meyersolar\/photovoltaikanlagen-solar-erfurt\/planung-von-solar-photovoltaikanlagen\/planung-solaranlage\/\"]}]},{\"@type\":\"BreadcrumbList\",\"@id\":\"https:\/\/form-klar.de\/meyersolar\/photovoltaikanlagen-solar-erfurt\/planung-von-solar-photovoltaikanlagen\/planung-solaranlage\/#breadcrumb\",\"itemListElement\":[{\"@type\":\"ListItem\",\"position\":1,\"name\":\"Startseite\",\"item\":\"https:\/\/form-klar.de\/meyersolar\/\"},{\"@type\":\"ListItem\",\"position\":2,\"name\":\"Service\",\"item\":\"https:\/\/form-klar.de\/meyersolar\/photovoltaikanlagen-solar-erfurt\/\"},{\"@type\":\"ListItem\",\"position\":3,\"name\":\"Planung\",\"item\":\"https:\/\/form-klar.de\/meyersolar\/photovoltaikanlagen-solar-erfurt\/planung-von-solar-photovoltaikanlagen\/\"},{\"@type\":\"ListItem\",\"position\":4,\"name\":\"Planung Solaranlage\"}]},{\"@type\":\"WebSite\",\"@id\":\"https:\/\/form-klar.de\/meyersolar\/#website\",\"url\":\"https:\/\/form-klar.de\/meyersolar\/\",\"name\":\"Meyer Solar\",\"description\":\"Solaranlagen und Photovoltaikanlagen in Th\u00fcringen aus Erfurt\",\"potentialAction\":[{\"@type\":\"SearchAction\",\"target\":{\"@type\":\"EntryPoint\",\"urlTemplate\":\"https:\/\/form-klar.de\/meyersolar\/?s={search_term_string}\"},\"query-input\":{\"@type\":\"PropertyValueSpecification\",\"valueRequired\":true,\"valueName\":\"search_term_string\"}}],\"inLanguage\":\"de\"}]}<\/script>\n<!-- \/ Yoast SEO plugin. -->","yoast_head_json":{"title":"Planung Solaranlage \u2013 Meyer Solar","description":"Wir, die Firma Meyersolar sind ein Familienunternehmen mit Sitz in Erfurt im gr\u00fcnen Th\u00fcringen. Setzen Sie auf unsere Erfahrung durch rund 100 geplante und realisierte Solaranlagen in Erfurt und Th\u00fcringen.","robots":{"index":"noindex","follow":"follow","max-snippet":"max-snippet:-1","max-image-preview":"max-image-preview:large","max-video-preview":"max-video-preview:-1"},"og_locale":"de_DE","og_type":"article","og_title":"Planung Solaranlage \u2013 Meyer Solar","og_description":"Wir, die Firma Meyersolar sind ein Familienunternehmen mit Sitz in Erfurt im gr\u00fcnen Th\u00fcringen. Setzen Sie auf unsere Erfahrung durch rund 100 geplante und realisierte Solaranlagen in Erfurt und Th\u00fcringen.","og_url":"https:\/\/form-klar.de\/meyersolar\/photovoltaikanlagen-solar-erfurt\/planung-von-solar-photovoltaikanlagen\/planung-solaranlage\/","og_site_name":"Meyer Solar","article_modified_time":"2024-12-11T08:31:23+00:00","twitter_card":"summary_large_image","twitter_misc":{"Gesch\u00e4tzte Lesezeit":"2\u00a0Minuten"},"schema":{"@context":"https:\/\/schema.org","@graph":[{"@type":"WebPage","@id":"https:\/\/form-klar.de\/meyersolar\/photovoltaikanlagen-solar-erfurt\/planung-von-solar-photovoltaikanlagen\/planung-solaranlage\/","url":"https:\/\/form-klar.de\/meyersolar\/photovoltaikanlagen-solar-erfurt\/planung-von-solar-photovoltaikanlagen\/planung-solaranlage\/","name":"Planung Solaranlage \u2013 Meyer Solar","isPartOf":{"@id":"https:\/\/form-klar.de\/meyersolar\/#website"},"datePublished":"2015-06-04T20:52:05+00:00","dateModified":"2024-12-11T08:31:23+00:00","description":"Wir, die Firma Meyersolar sind ein Familienunternehmen mit Sitz in Erfurt im gr\u00fcnen Th\u00fcringen. Setzen Sie auf unsere Erfahrung durch rund 100 geplante und realisierte Solaranlagen in Erfurt und Th\u00fcringen.","breadcrumb":{"@id":"https:\/\/form-klar.de\/meyersolar\/photovoltaikanlagen-solar-erfurt\/planung-von-solar-photovoltaikanlagen\/planung-solaranlage\/#breadcrumb"},"inLanguage":"de","potentialAction":[{"@type":"ReadAction","target":["https:\/\/form-klar.de\/meyersolar\/photovoltaikanlagen-solar-erfurt\/planung-von-solar-photovoltaikanlagen\/planung-solaranlage\/"]}]},{"@type":"BreadcrumbList","@id":"https:\/\/form-klar.de\/meyersolar\/photovoltaikanlagen-solar-erfurt\/planung-von-solar-photovoltaikanlagen\/planung-solaranlage\/#breadcrumb","itemListElement":[{"@type":"ListItem","position":1,"name":"Startseite","item":"https:\/\/form-klar.de\/meyersolar\/"},{"@type":"ListItem","position":2,"name":"Service","item":"https:\/\/form-klar.de\/meyersolar\/photovoltaikanlagen-solar-erfurt\/"},{"@type":"ListItem","position":3,"name":"Planung","item":"https:\/\/form-klar.de\/meyersolar\/photovoltaikanlagen-solar-erfurt\/planung-von-solar-photovoltaikanlagen\/"},{"@type":"ListItem","position":4,"name":"Planung Solaranlage"}]},{"@type":"WebSite","@id":"https:\/\/form-klar.de\/meyersolar\/#website","url":"https:\/\/form-klar.de\/meyersolar\/","name":"Meyer Solar","description":"Solaranlagen und Photovoltaikanlagen in Th\u00fcringen aus Erfurt","potentialAction":[{"@type":"SearchAction","target":{"@type":"EntryPoint","urlTemplate":"https:\/\/form-klar.de\/meyersolar\/?s={search_term_string}"},"query-input":{"@type":"PropertyValueSpecification","valueRequired":true,"valueName":"search_term_string"}}],"inLanguage":"de"}]}},"_links":{"self":[{"href":"https:\/\/form-klar.de\/meyersolar\/wp-json\/wp\/v2\/pages\/357","targetHints":{"allow":["GET"]}}],"collection":[{"href":"https:\/\/form-klar.de\/meyersolar\/wp-json\/wp\/v2\/pages"}],"about":[{"href":"https:\/\/form-klar.de\/meyersolar\/wp-json\/wp\/v2\/types\/page"}],"author":[{"embeddable":true,"href":"https:\/\/form-klar.de\/meyersolar\/wp-json\/wp\/v2\/users\/5"}],"replies":[{"embeddable":true,"href":"https:\/\/form-klar.de\/meyersolar\/wp-json\/wp\/v2\/comments?post=357"}],"version-history":[{"count":4,"href":"https:\/\/form-klar.de\/meyersolar\/wp-json\/wp\/v2\/pages\/357\/revisions"}],"predecessor-version":[{"id":3683,"href":"https:\/\/form-klar.de\/meyersolar\/wp-json\/wp\/v2\/pages\/357\/revisions\/3683"}],"up":[{"embeddable":true,"href":"https:\/\/form-klar.de\/meyersolar\/wp-json\/wp\/v2\/pages\/11"}],"wp:attachment":[{"href":"https:\/\/form-klar.de\/meyersolar\/wp-json\/wp\/v2\/media?parent=357"}],"curies":[{"name":"wp","href":"https:\/\/api.w.org\/{rel}","templated":true}]}}