{"id":11,"date":"2010-04-28T10:49:36","date_gmt":"2010-04-28T10:49:36","guid":{"rendered":"http:\/\/tux108.kreativgeschoss.de\/meyersolar.de\/?page_id=11"},"modified":"2025-03-25T12:22:05","modified_gmt":"2025-03-25T12:22:05","slug":"planung-von-solar-photovoltaikanlagen","status":"publish","type":"page","link":"https:\/\/form-klar.de\/meyersolar\/photovoltaikanlagen-solar-erfurt\/planung-von-solar-photovoltaikanlagen\/","title":{"rendered":"Planung"},"content":{"rendered":"<div class=\"fusion-fullwidth fullwidth-box fusion-builder-row-1 fusion-flex-container nonhundred-percent-fullwidth non-hundred-percent-height-scrolling\" style=\"--awb-background-position:left top;--awb-border-radius-top-left:0px;--awb-border-radius-top-right:0px;--awb-border-radius-bottom-right:0px;--awb-border-radius-bottom-left:0px;--awb-padding-top:0px;--awb-padding-right:7vw;--awb-padding-bottom:0px;--awb-padding-left:7vw;--awb-background-color:var(--awb-color1);--awb-flex-wrap:wrap;\" ><div class=\"fusion-builder-row fusion-row fusion-flex-align-items-center fusion-flex-content-wrap\" style=\"max-width:calc( 1580px + 95px );margin-left: calc(-95px \/ 2 );margin-right: calc(-95px \/ 2 );\"><div class=\"fusion-layout-column fusion_builder_column fusion-builder-column-0 fusion_builder_column_1_2 1_2 fusion-flex-column fusion-animated\" style=\"--awb-padding-top-small:0px;--awb-padding-bottom-small:0px;--awb-bg-size:cover;--awb-width-large:50%;--awb-margin-top-large:0px;--awb-spacing-right-large:47.5px;--awb-margin-bottom-large:0px;--awb-spacing-left-large:47.5px;--awb-width-medium:50%;--awb-order-medium:0;--awb-spacing-right-medium:47.5px;--awb-spacing-left-medium:47.5px;--awb-width-small:100%;--awb-order-small:0;--awb-spacing-right-small:47.5px;--awb-margin-bottom-small:50px;--awb-spacing-left-small:47.5px;\" data-animationType=\"fadeInLeft\" data-animationDuration=\"0.6\" data-animationOffset=\"top-into-view\"><div class=\"fusion-column-wrapper fusion-column-has-shadow fusion-flex-justify-content-center fusion-content-layout-column\"><div class=\"fusion-title title fusion-title-1 fusion-sep-none fusion-title-highlight fusion-loop-off fusion-highlight-underline fusion-title-size-two\" style=\"--awb-text-color:var(--awb-color7);--awb-highlight-color:var(--awb-color4);--awb-highlight-top-margin:4px;--awb-margin-bottom:30px;\" data-highlight=\"underline\"><h2 class=\"fusion-title-heading title-heading-left\" style=\"margin:0;line-height:1.35em;\"><span class=\"fusion-highlighted-text-prefix\"><\/span> <span class=\"fusion-highlighted-text-wrapper\"><span class=\"fusion-highlighted-text\">Wir planen individuell<\/span><\/span> <span class=\"fusion-highlighted-text-postfix\"><\/span><\/h2><\/div><div class=\"fusion-text fusion-text-1\" style=\"--awb-text-color:var(--awb-color7);\"><p>Jedes Dach ist anders. Deshalb planen wir die Anlage ma\u00dfgeschneidert. Ihre W\u00fcnsche, Anforderungen und Ziele m\u00fcssen ber\u00fccksichtigt werden. Unser Grundsatz ist es, die Solaranlage gemeinsam mit Ihnen zu entwickeln. Dabei werden architektonische, \u00e4sthetische und technische Aspekte mit einbezogen. Hierzu beziehen wir Sie in unsere Planungsschritte mit ein und erl\u00e4utern die verschiedenen Entscheidungskriterien. Auch Flachd\u00e4cher werden optimal geplant. Zum Beispiel ist eine Verschattungsanalyse dazu sehr wichtig. In einem Video zeigen wir Ihnen die Verschattung im Jahresverlauf zeigt. Auch das ist f\u00fcr eine optimale Auslegung unerl\u00e4sslich.<\/p>\n<p>Je nach Gr\u00f6\u00dfe und Beschaffenheit des Projektes ist es n\u00f6tig, die verschiedene Beteiligten wie Energieversorger, Statiker und Dachdecker mit einzubeziehen. Wir erl\u00e4utern Ihnen auch das Vorgehen, den Zeitplan und wie die Installation und Inbetriebnahme sich vollziehen wird.  Wir m\u00f6chten, dass Sie wissen, dass wir in der Planung jeden Schritt genau einplanen. Als Spezialist f\u00fcr die <a title=\"Planung Solaranlage\" href=\"https:\/\/form-klar.de\/meyersolar\/photovoltaikanlagen-solar-erfurt\/planung-von-solar-photovoltaikanlagen\/planung-solaranlage\/\">Planung von Solaranlagen<\/a> bieten wir Ihnen einen umfassende Beratung.<\/p>\n<\/div><\/div><\/div><div class=\"fusion-layout-column fusion_builder_column fusion-builder-column-1 fusion_builder_column_1_2 1_2 fusion-flex-column fusion-animated\" style=\"--awb-overflow:hidden;--awb-bg-position:center bottom;--awb-bg-blend:overlay;--awb-bg-size:cover;--awb-border-radius:10px 10px 10px 10px;--awb-width-large:50%;--awb-margin-top-large:0px;--awb-spacing-right-large:47.5px;--awb-margin-bottom-large:0px;--awb-spacing-left-large:47.5px;--awb-width-medium:50%;--awb-order-medium:0;--awb-spacing-right-medium:47.5px;--awb-spacing-left-medium:47.5px;--awb-width-small:100%;--awb-order-small:0;--awb-spacing-right-small:47.5px;--awb-spacing-left-small:47.5px;--awb-animation-color:var(--awb-color1);\" data-animationType=\"revealInRight\" data-animationDuration=\"0.6\" data-animationDelay=\"0.6\" data-animationOffset=\"top-into-view\"><div class=\"fusion-column-wrapper fusion-column-has-shadow fusion-flex-justify-content-center fusion-content-layout-column\"><div class=\"fusion-image-element \" style=\"--awb-caption-title-font-family:var(--h2_typography-font-family);--awb-caption-title-font-weight:var(--h2_typography-font-weight);--awb-caption-title-font-style:var(--h2_typography-font-style);--awb-caption-title-size:var(--h2_typography-font-size);--awb-caption-title-transform:var(--h2_typography-text-transform);--awb-caption-title-line-height:var(--h2_typography-line-height);--awb-caption-title-letter-spacing:var(--h2_typography-letter-spacing);\"><span class=\" fusion-imageframe imageframe-none imageframe-1 hover-type-none\" style=\"border-radius:10px;\"><img decoding=\"async\" width=\"600\" height=\"337\" alt=\"Haus mit Solardach\" title=\"Haus mit Solardach\" src=\"https:\/\/form-klar.de\/meyersolar\/wp-content\/uploads\/shutterstock_1790214701.jpg\" data-orig-src=\"https:\/\/form-klar.de\/meyersolar\/wp-content\/uploads\/shutterstock_1790214701-600x337.jpg\" class=\"lazyload img-responsive wp-image-3512\" srcset=\"data:image\/svg+xml,%3Csvg%20xmlns%3D%27http%3A%2F%2Fwww.w3.org%2F2000%2Fsvg%27%20width%3D%271425%27%20height%3D%27801%27%20viewBox%3D%270%200%201425%20801%27%3E%3Crect%20width%3D%271425%27%20height%3D%27801%27%20fill-opacity%3D%220%22%2F%3E%3C%2Fsvg%3E\" data-srcset=\"https:\/\/form-klar.de\/meyersolar\/wp-content\/uploads\/shutterstock_1790214701-200x112.jpg 200w, https:\/\/form-klar.de\/meyersolar\/wp-content\/uploads\/shutterstock_1790214701-400x225.jpg 400w, https:\/\/form-klar.de\/meyersolar\/wp-content\/uploads\/shutterstock_1790214701-600x337.jpg 600w, https:\/\/form-klar.de\/meyersolar\/wp-content\/uploads\/shutterstock_1790214701-800x450.jpg 800w, https:\/\/form-klar.de\/meyersolar\/wp-content\/uploads\/shutterstock_1790214701-1200x675.jpg 1200w, https:\/\/form-klar.de\/meyersolar\/wp-content\/uploads\/shutterstock_1790214701.jpg 1425w\" data-sizes=\"auto\" data-orig-sizes=\"(max-width: 820px) 100vw, 800px\" \/><\/span><\/div><\/div><\/div><\/div><\/div>\n","protected":false},"excerpt":{"rendered":"","protected":false},"author":5,"featured_media":3502,"parent":6,"menu_order":2,"comment_status":"open","ping_status":"open","template":"100-width.php","meta":{"ngg_post_thumbnail":0,"footnotes":""},"class_list":["post-11","page","type-page","status-publish","has-post-thumbnail","hentry"],"yoast_head":"<!-- This site is optimized with the Yoast SEO plugin v24.8 - https:\/\/yoast.com\/wordpress\/plugins\/seo\/ -->\n<title>Planung \u2013 Meyer Solar<\/title>\n<meta name=\"description\" content=\"Solar, Photovoltaikanlagen, Kundenorientiert, Ma\u00dfgeschneidert, Th\u00fcringen.\" \/>\n<meta name=\"robots\" content=\"noindex, follow, max-snippet:-1, max-image-preview:large, max-video-preview:-1\" \/>\n<meta property=\"og:locale\" content=\"de_DE\" \/>\n<meta property=\"og:type\" content=\"article\" \/>\n<meta property=\"og:title\" content=\"Planung \u2013 Meyer Solar\" \/>\n<meta property=\"og:description\" content=\"Solar, Photovoltaikanlagen, Kundenorientiert, Ma\u00dfgeschneidert, Th\u00fcringen.\" \/>\n<meta property=\"og:url\" content=\"https:\/\/form-klar.de\/meyersolar\/photovoltaikanlagen-solar-erfurt\/planung-von-solar-photovoltaikanlagen\/\" \/>\n<meta property=\"og:site_name\" content=\"Meyer Solar\" \/>\n<meta property=\"article:modified_time\" content=\"2025-03-25T12:22:05+00:00\" \/>\n<meta property=\"og:image\" content=\"https:\/\/form-klar.de\/meyersolar\/wp-content\/uploads\/shutterstock_1005777274.jpg\" \/>\n\t<meta property=\"og:image:width\" content=\"1565\" \/>\n\t<meta property=\"og:image:height\" content=\"1043\" \/>\n\t<meta property=\"og:image:type\" content=\"image\/jpeg\" \/>\n<meta name=\"twitter:card\" content=\"summary_large_image\" \/>\n<meta name=\"twitter:label1\" content=\"Gesch\u00e4tzte Lesezeit\" \/>\n\t<meta name=\"twitter:data1\" content=\"1\u00a0Minute\" \/>\n<script type=\"application\/ld+json\" class=\"yoast-schema-graph\">{\"@context\":\"https:\/\/schema.org\",\"@graph\":[{\"@type\":\"WebPage\",\"@id\":\"https:\/\/form-klar.de\/meyersolar\/photovoltaikanlagen-solar-erfurt\/planung-von-solar-photovoltaikanlagen\/\",\"url\":\"https:\/\/form-klar.de\/meyersolar\/photovoltaikanlagen-solar-erfurt\/planung-von-solar-photovoltaikanlagen\/\",\"name\":\"Planung \u2013 Meyer Solar\",\"isPartOf\":{\"@id\":\"https:\/\/form-klar.de\/meyersolar\/#website\"},\"primaryImageOfPage\":{\"@id\":\"https:\/\/form-klar.de\/meyersolar\/photovoltaikanlagen-solar-erfurt\/planung-von-solar-photovoltaikanlagen\/#primaryimage\"},\"image\":{\"@id\":\"https:\/\/form-klar.de\/meyersolar\/photovoltaikanlagen-solar-erfurt\/planung-von-solar-photovoltaikanlagen\/#primaryimage\"},\"thumbnailUrl\":\"https:\/\/form-klar.de\/meyersolar\/wp-content\/uploads\/shutterstock_1005777274.jpg\",\"datePublished\":\"2010-04-28T10:49:36+00:00\",\"dateModified\":\"2025-03-25T12:22:05+00:00\",\"description\":\"Solar, Photovoltaikanlagen, Kundenorientiert, Ma\u00dfgeschneidert, Th\u00fcringen.\",\"breadcrumb\":{\"@id\":\"https:\/\/form-klar.de\/meyersolar\/photovoltaikanlagen-solar-erfurt\/planung-von-solar-photovoltaikanlagen\/#breadcrumb\"},\"inLanguage\":\"de\",\"potentialAction\":[{\"@type\":\"ReadAction\",\"target\":[\"https:\/\/form-klar.de\/meyersolar\/photovoltaikanlagen-solar-erfurt\/planung-von-solar-photovoltaikanlagen\/\"]}]},{\"@type\":\"ImageObject\",\"inLanguage\":\"de\",\"@id\":\"https:\/\/form-klar.de\/meyersolar\/photovoltaikanlagen-solar-erfurt\/planung-von-solar-photovoltaikanlagen\/#primaryimage\",\"url\":\"https:\/\/form-klar.de\/meyersolar\/wp-content\/uploads\/shutterstock_1005777274.jpg\",\"contentUrl\":\"https:\/\/form-klar.de\/meyersolar\/wp-content\/uploads\/shutterstock_1005777274.jpg\",\"width\":1565,\"height\":1043,\"caption\":\"Sonne\"},{\"@type\":\"BreadcrumbList\",\"@id\":\"https:\/\/form-klar.de\/meyersolar\/photovoltaikanlagen-solar-erfurt\/planung-von-solar-photovoltaikanlagen\/#breadcrumb\",\"itemListElement\":[{\"@type\":\"ListItem\",\"position\":1,\"name\":\"Startseite\",\"item\":\"https:\/\/form-klar.de\/meyersolar\/\"},{\"@type\":\"ListItem\",\"position\":2,\"name\":\"Service\",\"item\":\"https:\/\/form-klar.de\/meyersolar\/photovoltaikanlagen-solar-erfurt\/\"},{\"@type\":\"ListItem\",\"position\":3,\"name\":\"Planung\"}]},{\"@type\":\"WebSite\",\"@id\":\"https:\/\/form-klar.de\/meyersolar\/#website\",\"url\":\"https:\/\/form-klar.de\/meyersolar\/\",\"name\":\"Meyer Solar\",\"description\":\"Solaranlagen und Photovoltaikanlagen in Th\u00fcringen aus Erfurt\",\"potentialAction\":[{\"@type\":\"SearchAction\",\"target\":{\"@type\":\"EntryPoint\",\"urlTemplate\":\"https:\/\/form-klar.de\/meyersolar\/?s={search_term_string}\"},\"query-input\":{\"@type\":\"PropertyValueSpecification\",\"valueRequired\":true,\"valueName\":\"search_term_string\"}}],\"inLanguage\":\"de\"}]}<\/script>\n<!-- \/ Yoast SEO plugin. -->","yoast_head_json":{"title":"Planung \u2013 Meyer Solar","description":"Solar, Photovoltaikanlagen, Kundenorientiert, Ma\u00dfgeschneidert, Th\u00fcringen.","robots":{"index":"noindex","follow":"follow","max-snippet":"max-snippet:-1","max-image-preview":"max-image-preview:large","max-video-preview":"max-video-preview:-1"},"og_locale":"de_DE","og_type":"article","og_title":"Planung \u2013 Meyer Solar","og_description":"Solar, Photovoltaikanlagen, Kundenorientiert, Ma\u00dfgeschneidert, Th\u00fcringen.","og_url":"https:\/\/form-klar.de\/meyersolar\/photovoltaikanlagen-solar-erfurt\/planung-von-solar-photovoltaikanlagen\/","og_site_name":"Meyer Solar","article_modified_time":"2025-03-25T12:22:05+00:00","og_image":[{"width":1565,"height":1043,"url":"https:\/\/form-klar.de\/meyersolar\/wp-content\/uploads\/shutterstock_1005777274.jpg","type":"image\/jpeg"}],"twitter_card":"summary_large_image","twitter_misc":{"Gesch\u00e4tzte Lesezeit":"1\u00a0Minute"},"schema":{"@context":"https:\/\/schema.org","@graph":[{"@type":"WebPage","@id":"https:\/\/form-klar.de\/meyersolar\/photovoltaikanlagen-solar-erfurt\/planung-von-solar-photovoltaikanlagen\/","url":"https:\/\/form-klar.de\/meyersolar\/photovoltaikanlagen-solar-erfurt\/planung-von-solar-photovoltaikanlagen\/","name":"Planung \u2013 Meyer Solar","isPartOf":{"@id":"https:\/\/form-klar.de\/meyersolar\/#website"},"primaryImageOfPage":{"@id":"https:\/\/form-klar.de\/meyersolar\/photovoltaikanlagen-solar-erfurt\/planung-von-solar-photovoltaikanlagen\/#primaryimage"},"image":{"@id":"https:\/\/form-klar.de\/meyersolar\/photovoltaikanlagen-solar-erfurt\/planung-von-solar-photovoltaikanlagen\/#primaryimage"},"thumbnailUrl":"https:\/\/form-klar.de\/meyersolar\/wp-content\/uploads\/shutterstock_1005777274.jpg","datePublished":"2010-04-28T10:49:36+00:00","dateModified":"2025-03-25T12:22:05+00:00","description":"Solar, Photovoltaikanlagen, Kundenorientiert, Ma\u00dfgeschneidert, Th\u00fcringen.","breadcrumb":{"@id":"https:\/\/form-klar.de\/meyersolar\/photovoltaikanlagen-solar-erfurt\/planung-von-solar-photovoltaikanlagen\/#breadcrumb"},"inLanguage":"de","potentialAction":[{"@type":"ReadAction","target":["https:\/\/form-klar.de\/meyersolar\/photovoltaikanlagen-solar-erfurt\/planung-von-solar-photovoltaikanlagen\/"]}]},{"@type":"ImageObject","inLanguage":"de","@id":"https:\/\/form-klar.de\/meyersolar\/photovoltaikanlagen-solar-erfurt\/planung-von-solar-photovoltaikanlagen\/#primaryimage","url":"https:\/\/form-klar.de\/meyersolar\/wp-content\/uploads\/shutterstock_1005777274.jpg","contentUrl":"https:\/\/form-klar.de\/meyersolar\/wp-content\/uploads\/shutterstock_1005777274.jpg","width":1565,"height":1043,"caption":"Sonne"},{"@type":"BreadcrumbList","@id":"https:\/\/form-klar.de\/meyersolar\/photovoltaikanlagen-solar-erfurt\/planung-von-solar-photovoltaikanlagen\/#breadcrumb","itemListElement":[{"@type":"ListItem","position":1,"name":"Startseite","item":"https:\/\/form-klar.de\/meyersolar\/"},{"@type":"ListItem","position":2,"name":"Service","item":"https:\/\/form-klar.de\/meyersolar\/photovoltaikanlagen-solar-erfurt\/"},{"@type":"ListItem","position":3,"name":"Planung"}]},{"@type":"WebSite","@id":"https:\/\/form-klar.de\/meyersolar\/#website","url":"https:\/\/form-klar.de\/meyersolar\/","name":"Meyer Solar","description":"Solaranlagen und Photovoltaikanlagen in Th\u00fcringen aus Erfurt","potentialAction":[{"@type":"SearchAction","target":{"@type":"EntryPoint","urlTemplate":"https:\/\/form-klar.de\/meyersolar\/?s={search_term_string}"},"query-input":{"@type":"PropertyValueSpecification","valueRequired":true,"valueName":"search_term_string"}}],"inLanguage":"de"}]}},"_links":{"self":[{"href":"https:\/\/form-klar.de\/meyersolar\/wp-json\/wp\/v2\/pages\/11","targetHints":{"allow":["GET"]}}],"collection":[{"href":"https:\/\/form-klar.de\/meyersolar\/wp-json\/wp\/v2\/pages"}],"about":[{"href":"https:\/\/form-klar.de\/meyersolar\/wp-json\/wp\/v2\/types\/page"}],"author":[{"embeddable":true,"href":"https:\/\/form-klar.de\/meyersolar\/wp-json\/wp\/v2\/users\/5"}],"replies":[{"embeddable":true,"href":"https:\/\/form-klar.de\/meyersolar\/wp-json\/wp\/v2\/comments?post=11"}],"version-history":[{"count":11,"href":"https:\/\/form-klar.de\/meyersolar\/wp-json\/wp\/v2\/pages\/11\/revisions"}],"predecessor-version":[{"id":3909,"href":"https:\/\/form-klar.de\/meyersolar\/wp-json\/wp\/v2\/pages\/11\/revisions\/3909"}],"up":[{"embeddable":true,"href":"https:\/\/form-klar.de\/meyersolar\/wp-json\/wp\/v2\/pages\/6"}],"wp:featuredmedia":[{"embeddable":true,"href":"https:\/\/form-klar.de\/meyersolar\/wp-json\/wp\/v2\/media\/3502"}],"wp:attachment":[{"href":"https:\/\/form-klar.de\/meyersolar\/wp-json\/wp\/v2\/media?parent=11"}],"curies":[{"name":"wp","href":"https:\/\/api.w.org\/{rel}","templated":true}]}}