{"id":4509,"date":"2024-08-01T08:48:37","date_gmt":"2024-08-01T06:48:37","guid":{"rendered":"https:\/\/www.ferienwohnung-binz-strandnah.de\/?page_id=4509"},"modified":"2024-08-01T08:52:35","modified_gmt":"2024-08-01T06:52:35","slug":"fewo-buchen-binz","status":"publish","type":"page","link":"https:\/\/form-klar.de\/fewo-binz\/fewo-buchen-binz\/","title":{"rendered":"FeWo buchen Binz"},"content":{"rendered":"<h2>FeWo buchen Binz: Strandnahe Ferienwohnung<\/h2>\n<p>Buchen Sie Ihre FeWo in Binz: Willkommen in Ihrem gem\u00fctlichen Zuhause auf Zeit. Die Ostsee ist so nah! Denn hier stimmt Strandnah wirklich \u2013 nur 40 Meter sind es bis zum ber\u00fchmten feinsandigen Ostseestrand. Sind Sie auf der Suche nach einer top gelegenen Fewo? Hier sind Sie richtig! Unsere Wohnung liegt im &#8222;Jahreszeiten&#8220; Apartmenthaus. Ihre Nachbarschaft ist die beliebte Margaretenstra\u00dfe in Binz. Die Lage ist ruhig. Hier finden Sie aber tags\u00fcber viele kleine Gesch\u00e4fte und Bars. Genie\u00dfen Sie die N\u00e4he zur Ostsee! Denn hier schlendern Sie in ein paar Minuten gem\u00fctlich an den Strand. Lust auf eine morgendliche Jogging-Runde? Auf geht\u2019s! Abends noch ein kleiner Strandspaziergang? Daf\u00fcr ist die Ferienwohnung genau richtig.<\/p>\n<p>\t\t\t\t\t\t\t\t\t\t\t\t\t<img class=\"lazyload\" decoding=\"async\" width=\"1140\" height=\"760\" src=\"https:\/\/form-klar.de\/fewo-binz\/wp-content\/uploads\/P1060886_10x15_03-1200x800.jpg\" data-orig-src=\"https:\/\/form-klar.de\/fewo-binz\/wp-content\/uploads\/P1060886_10x15_03-1200x800.jpg\" alt=\"FeWo buchen Binz\" srcset=\"data:image\/svg+xml,%3Csvg%20xmlns%3D%27http%3A%2F%2Fwww.w3.org%2F2000%2Fsvg%27%20width%3D%271140%27%20height%3D%27760%27%20viewBox%3D%270%200%201140%20760%27%3E%3Crect%20width%3D%271140%27%20height%3D%27760%27%20fill-opacity%3D%220%22%2F%3E%3C%2Fsvg%3E\" data-srcset=\"https:\/\/form-klar.de\/fewo-binz\/wp-content\/uploads\/P1060886_10x15_03-1200x800.jpg 1200w, https:\/\/form-klar.de\/fewo-binz\/wp-content\/uploads\/P1060886_10x15_03-300x200.jpg 300w, https:\/\/form-klar.de\/fewo-binz\/wp-content\/uploads\/P1060886_10x15_03-768x512.jpg 768w, https:\/\/form-klar.de\/fewo-binz\/wp-content\/uploads\/P1060886_10x15_03.jpg 1772w\" data-sizes=\"auto\" data-orig-sizes=\"(max-width: 1140px) 100vw, 1140px\" \/>\t\t\t\t\t\t\t\t\t\t\t\t\t<\/p>\n<h3>Alles gut erreichbar \u2013 mit tollem Service<\/h3>\n<p>Selbst die ber\u00fchmte Seebr\u00fccke des Ostseebades ist nur 150 Meter entfernt. Hier sind Sie mitten im Badeleben. Ihr Apartmenthaus bietet ebenfalls einen Top-Service. Sie haben sogar einen <strong>Fahrstuhls<\/strong> und einen <strong>Fahrrad-Abstellplatz<\/strong>. Denn R\u00fcgen ist ja eine Fahrrad-Insel. Damit sind Sie gut unterwegs, sei es entlang der K\u00fcste oder ins Inselinnere.<\/p>\n<p>\t\t\t\t\t\t\t\t\t\t\t\t\t<img class=\"lazyload\" decoding=\"async\" width=\"1140\" height=\"855\" src=\"https:\/\/form-klar.de\/fewo-binz\/wp-content\/uploads\/P1150248g_03-1-1200x900.jpg\" data-orig-src=\"https:\/\/form-klar.de\/fewo-binz\/wp-content\/uploads\/P1150248g_03-1-1200x900.jpg\" alt=\"FeWo Binz buchen, Buchung Ferienwohnung Binz\" srcset=\"data:image\/svg+xml,%3Csvg%20xmlns%3D%27http%3A%2F%2Fwww.w3.org%2F2000%2Fsvg%27%20width%3D%271140%27%20height%3D%27855%27%20viewBox%3D%270%200%201140%20855%27%3E%3Crect%20width%3D%271140%27%20height%3D%27855%27%20fill-opacity%3D%220%22%2F%3E%3C%2Fsvg%3E\" data-srcset=\"https:\/\/form-klar.de\/fewo-binz\/wp-content\/uploads\/P1150248g_03-1-1200x900.jpg 1200w, https:\/\/form-klar.de\/fewo-binz\/wp-content\/uploads\/P1150248g_03-1-300x225.jpg 300w, https:\/\/form-klar.de\/fewo-binz\/wp-content\/uploads\/P1150248g_03-1-768x576.jpg 768w, https:\/\/form-klar.de\/fewo-binz\/wp-content\/uploads\/P1150248g_03-1.jpg 1920w\" data-sizes=\"auto\" data-orig-sizes=\"(max-width: 1140px) 100vw, 1140px\" \/>\t\t\t\t\t\t\t\t\t\t\t\t\t<\/p>\n<h3>Starten Sie den Tag mit einem L\u00e4cheln \u2013 nur 40 Meter vom Strand entfernt<\/h3>\n<p>Beim Aufwachen k\u00f6nnen Sie Ihren ersten Kaffee des Tages auf dem 5 m\u00b2 gro\u00dfen, \u00fcberdachten Balkon genie\u00dfen. Denn dieser ist ausgestattet mit Strandkorb, Tisch und Sonnenliege. Fr\u00fchst\u00fccken oder brunchen k\u00f6nnen Sie zudem in einem der gem\u00fctlichen Caf\u00e9s entlang der Strandpromenade. Ein perfekter Start in den Tag! Eine FeWo l\u00e4sst Ihnen alle M\u00f6glichkeiten. Planen Sie Ihre Tage hier in Binz ganz individuell \u2013 nach Lust und Laune.<\/p>\n<p>\u00a0<\/p>\n<h3>FeWo Binz buchen: Serviceangebote Ihrer Ferienwohnung<\/h3>\n<p>Hier beginnt Ihr Urlaub schon bei der Planung. Denn alles ist ganz easy bei uns! Buchen Sie zum Beispiel einfach direkt. F\u00fcr Ihr Auto ist ein <a title=\"Zimmer buchen Binz\" href=\"https:\/\/form-klar.de\/fewo-binz\/ferienwohnung- strandnah\/\"><strong>kostenloser Parkplatz<\/strong><\/a> verf\u00fcgbar. Erleben Sie das idyllische Leben in einem Ostseebad auf R\u00fcgen. Direkt vor Ihrer T\u00fcr tauchen Sie in das lebhafte Strandleben und die kulturelle Vielfalt ein. Ganz in der N\u00e4he Ihrer Ferienwohnung befindet sich zudem die <a title=\"Zimmer buchen Binz\" href=\"https:\/\/www.ferienwohnung- binz-strandnah.de\/margaretenstrasse\/\"><strong>Kunstmeile Binz<\/strong><\/a>, wo zahlreiche kleine Gesch\u00e4fte mit Kunsthandwerk zum St\u00f6bern einladen. Caf\u00e9s und kleine B\u00e4ckereien bieten k\u00f6stliche lokale Spezialit\u00e4ten. Genie\u00dfen Sie das Flair eines traditionellen Badekurorts auf der gr\u00f6\u00dften Insel der deutschen Ostsee.<\/p>\n<h2>Ferienwohnung in Binz buchen \u2013 Fragen Sie uns einfach an!<\/h2>\n<p><strong>per Anruf unter\u00a0\u260e\ufe0f<\/strong> <strong><a href=\"tel:+491744469235\">0174 4469235<\/a><\/strong> oder <strong>per E-Mail<\/strong> unter\u00a0\ud83d\udcd1 <a href=\"mailto:kontakt@ferienwohnung-binz-strandnah.de\"><strong>kontakt@ferienwohnung-binz-strandnah.de<\/strong><\/a><\/p>\n","protected":false},"excerpt":{"rendered":"<p>FeWo buchen Binz: Strandnahe Ferienwohnung Buchen Sie Ihre FeWo in Binz: Willkommen in Ihrem gem\u00fctlichen Zuhause auf Zeit. Die Ostsee ist so nah! Denn hier stimmt Strandnah wirklich \u2013 nur 40 Meter sind es bis zum ber\u00fchmten feinsandigen Ostseestrand. Sind  [&#8230;]<\/p>\n","protected":false},"author":4,"featured_media":4358,"parent":0,"menu_order":0,"comment_status":"closed","ping_status":"closed","template":"","meta":{"footnotes":""},"class_list":["post-4509","page","type-page","status-publish","has-post-thumbnail","hentry"],"yoast_head":"<!-- This site is optimized with the Yoast SEO plugin v24.3 - https:\/\/yoast.com\/wordpress\/plugins\/seo\/ -->\n<title>FeWo buchen Binz | Dein perfekter Urlaub auf R\u00fcgen | Strandnah<\/title>\n<meta name=\"description\" content=\"FeWo buchen Binz: Willkommen bei Ihrem Urlaub im Ostseebad auf R\u00fcgen! Erleben Sie Ostsee pur \u2013 nur 40 Meter von der FeWo bis zum Strand.\" \/>\n<meta name=\"robots\" content=\"noindex, follow, max-snippet:-1, max-image-preview:large, max-video-preview:-1\" \/>\n<meta property=\"og:locale\" content=\"de_DE\" \/>\n<meta property=\"og:type\" content=\"article\" \/>\n<meta property=\"og:title\" content=\"FeWo buchen Binz | Dein perfekter Urlaub auf R\u00fcgen | Strandnah\" \/>\n<meta property=\"og:description\" content=\"FeWo buchen Binz: Willkommen bei Ihrem Urlaub im Ostseebad auf R\u00fcgen! Erleben Sie Ostsee pur \u2013 nur 40 Meter von der FeWo bis zum Strand.\" \/>\n<meta property=\"og:url\" content=\"https:\/\/form-klar.de\/fewo-binz\/fewo-buchen-binz\/\" \/>\n<meta property=\"og:site_name\" content=\"Ferienwohnung Binz Strandnah\" \/>\n<meta property=\"article:modified_time\" content=\"2024-08-01T06:52:35+00:00\" \/>\n<meta property=\"og:image\" content=\"https:\/\/form-klar.de\/fewo-binz\/wp-content\/uploads\/Kurtaxe-Kosten-Binz.jpg\" \/>\n\t<meta property=\"og:image:width\" content=\"1280\" \/>\n\t<meta property=\"og:image:height\" content=\"383\" \/>\n\t<meta property=\"og:image:type\" content=\"image\/jpeg\" \/>\n<meta name=\"twitter:card\" content=\"summary_large_image\" \/>\n<meta name=\"twitter:label1\" content=\"Gesch\u00e4tzte Lesezeit\" \/>\n\t<meta name=\"twitter:data1\" content=\"3\u00a0Minuten\" \/>\n<script type=\"application\/ld+json\" class=\"yoast-schema-graph\">{\"@context\":\"https:\/\/schema.org\",\"@graph\":[{\"@type\":\"WebPage\",\"@id\":\"https:\/\/form-klar.de\/fewo-binz\/fewo-buchen-binz\/\",\"url\":\"https:\/\/form-klar.de\/fewo-binz\/fewo-buchen-binz\/\",\"name\":\"FeWo buchen Binz | Dein perfekter Urlaub auf R\u00fcgen | Strandnah\",\"isPartOf\":{\"@id\":\"https:\/\/form-klar.de\/fewo-binz\/#website\"},\"primaryImageOfPage\":{\"@id\":\"https:\/\/form-klar.de\/fewo-binz\/fewo-buchen-binz\/#primaryimage\"},\"image\":{\"@id\":\"https:\/\/form-klar.de\/fewo-binz\/fewo-buchen-binz\/#primaryimage\"},\"thumbnailUrl\":\"https:\/\/form-klar.de\/fewo-binz\/wp-content\/uploads\/Kurtaxe-Kosten-Binz.jpg\",\"datePublished\":\"2024-08-01T06:48:37+00:00\",\"dateModified\":\"2024-08-01T06:52:35+00:00\",\"description\":\"FeWo buchen Binz: Willkommen bei Ihrem Urlaub im Ostseebad auf R\u00fcgen! Erleben Sie Ostsee pur \u2013 nur 40 Meter von der FeWo bis zum Strand.\",\"breadcrumb\":{\"@id\":\"https:\/\/form-klar.de\/fewo-binz\/fewo-buchen-binz\/#breadcrumb\"},\"inLanguage\":\"de\",\"potentialAction\":[{\"@type\":\"ReadAction\",\"target\":[\"https:\/\/form-klar.de\/fewo-binz\/fewo-buchen-binz\/\"]}]},{\"@type\":\"ImageObject\",\"inLanguage\":\"de\",\"@id\":\"https:\/\/form-klar.de\/fewo-binz\/fewo-buchen-binz\/#primaryimage\",\"url\":\"https:\/\/form-klar.de\/fewo-binz\/wp-content\/uploads\/Kurtaxe-Kosten-Binz.jpg\",\"contentUrl\":\"https:\/\/form-klar.de\/fewo-binz\/wp-content\/uploads\/Kurtaxe-Kosten-Binz.jpg\",\"width\":1280,\"height\":383},{\"@type\":\"BreadcrumbList\",\"@id\":\"https:\/\/form-klar.de\/fewo-binz\/fewo-buchen-binz\/#breadcrumb\",\"itemListElement\":[{\"@type\":\"ListItem\",\"position\":1,\"name\":\"Startseite\",\"item\":\"https:\/\/form-klar.de\/fewo-binz\/\"},{\"@type\":\"ListItem\",\"position\":2,\"name\":\"FeWo buchen Binz\"}]},{\"@type\":\"WebSite\",\"@id\":\"https:\/\/form-klar.de\/fewo-binz\/#website\",\"url\":\"https:\/\/form-klar.de\/fewo-binz\/\",\"name\":\"Ferienwohnung Binz Strandnah\",\"description\":\"\",\"potentialAction\":[{\"@type\":\"SearchAction\",\"target\":{\"@type\":\"EntryPoint\",\"urlTemplate\":\"https:\/\/form-klar.de\/fewo-binz\/?s={search_term_string}\"},\"query-input\":{\"@type\":\"PropertyValueSpecification\",\"valueRequired\":true,\"valueName\":\"search_term_string\"}}],\"inLanguage\":\"de\"}]}<\/script>\n<!-- \/ Yoast SEO plugin. -->","yoast_head_json":{"title":"FeWo buchen Binz | Dein perfekter Urlaub auf R\u00fcgen | Strandnah","description":"FeWo buchen Binz: Willkommen bei Ihrem Urlaub im Ostseebad auf R\u00fcgen! Erleben Sie Ostsee pur \u2013 nur 40 Meter von der FeWo bis zum Strand.","robots":{"index":"noindex","follow":"follow","max-snippet":"max-snippet:-1","max-image-preview":"max-image-preview:large","max-video-preview":"max-video-preview:-1"},"og_locale":"de_DE","og_type":"article","og_title":"FeWo buchen Binz | Dein perfekter Urlaub auf R\u00fcgen | Strandnah","og_description":"FeWo buchen Binz: Willkommen bei Ihrem Urlaub im Ostseebad auf R\u00fcgen! Erleben Sie Ostsee pur \u2013 nur 40 Meter von der FeWo bis zum Strand.","og_url":"https:\/\/form-klar.de\/fewo-binz\/fewo-buchen-binz\/","og_site_name":"Ferienwohnung Binz Strandnah","article_modified_time":"2024-08-01T06:52:35+00:00","og_image":[{"width":1280,"height":383,"url":"https:\/\/form-klar.de\/fewo-binz\/wp-content\/uploads\/Kurtaxe-Kosten-Binz.jpg","type":"image\/jpeg"}],"twitter_card":"summary_large_image","twitter_misc":{"Gesch\u00e4tzte Lesezeit":"3\u00a0Minuten"},"schema":{"@context":"https:\/\/schema.org","@graph":[{"@type":"WebPage","@id":"https:\/\/form-klar.de\/fewo-binz\/fewo-buchen-binz\/","url":"https:\/\/form-klar.de\/fewo-binz\/fewo-buchen-binz\/","name":"FeWo buchen Binz | Dein perfekter Urlaub auf R\u00fcgen | Strandnah","isPartOf":{"@id":"https:\/\/form-klar.de\/fewo-binz\/#website"},"primaryImageOfPage":{"@id":"https:\/\/form-klar.de\/fewo-binz\/fewo-buchen-binz\/#primaryimage"},"image":{"@id":"https:\/\/form-klar.de\/fewo-binz\/fewo-buchen-binz\/#primaryimage"},"thumbnailUrl":"https:\/\/form-klar.de\/fewo-binz\/wp-content\/uploads\/Kurtaxe-Kosten-Binz.jpg","datePublished":"2024-08-01T06:48:37+00:00","dateModified":"2024-08-01T06:52:35+00:00","description":"FeWo buchen Binz: Willkommen bei Ihrem Urlaub im Ostseebad auf R\u00fcgen! Erleben Sie Ostsee pur \u2013 nur 40 Meter von der FeWo bis zum Strand.","breadcrumb":{"@id":"https:\/\/form-klar.de\/fewo-binz\/fewo-buchen-binz\/#breadcrumb"},"inLanguage":"de","potentialAction":[{"@type":"ReadAction","target":["https:\/\/form-klar.de\/fewo-binz\/fewo-buchen-binz\/"]}]},{"@type":"ImageObject","inLanguage":"de","@id":"https:\/\/form-klar.de\/fewo-binz\/fewo-buchen-binz\/#primaryimage","url":"https:\/\/form-klar.de\/fewo-binz\/wp-content\/uploads\/Kurtaxe-Kosten-Binz.jpg","contentUrl":"https:\/\/form-klar.de\/fewo-binz\/wp-content\/uploads\/Kurtaxe-Kosten-Binz.jpg","width":1280,"height":383},{"@type":"BreadcrumbList","@id":"https:\/\/form-klar.de\/fewo-binz\/fewo-buchen-binz\/#breadcrumb","itemListElement":[{"@type":"ListItem","position":1,"name":"Startseite","item":"https:\/\/form-klar.de\/fewo-binz\/"},{"@type":"ListItem","position":2,"name":"FeWo buchen Binz"}]},{"@type":"WebSite","@id":"https:\/\/form-klar.de\/fewo-binz\/#website","url":"https:\/\/form-klar.de\/fewo-binz\/","name":"Ferienwohnung Binz Strandnah","description":"","potentialAction":[{"@type":"SearchAction","target":{"@type":"EntryPoint","urlTemplate":"https:\/\/form-klar.de\/fewo-binz\/?s={search_term_string}"},"query-input":{"@type":"PropertyValueSpecification","valueRequired":true,"valueName":"search_term_string"}}],"inLanguage":"de"}]}},"_links":{"self":[{"href":"https:\/\/form-klar.de\/fewo-binz\/wp-json\/wp\/v2\/pages\/4509","targetHints":{"allow":["GET"]}}],"collection":[{"href":"https:\/\/form-klar.de\/fewo-binz\/wp-json\/wp\/v2\/pages"}],"about":[{"href":"https:\/\/form-klar.de\/fewo-binz\/wp-json\/wp\/v2\/types\/page"}],"author":[{"embeddable":true,"href":"https:\/\/form-klar.de\/fewo-binz\/wp-json\/wp\/v2\/users\/4"}],"replies":[{"embeddable":true,"href":"https:\/\/form-klar.de\/fewo-binz\/wp-json\/wp\/v2\/comments?post=4509"}],"version-history":[{"count":7,"href":"https:\/\/form-klar.de\/fewo-binz\/wp-json\/wp\/v2\/pages\/4509\/revisions"}],"predecessor-version":[{"id":4516,"href":"https:\/\/form-klar.de\/fewo-binz\/wp-json\/wp\/v2\/pages\/4509\/revisions\/4516"}],"wp:featuredmedia":[{"embeddable":true,"href":"https:\/\/form-klar.de\/fewo-binz\/wp-json\/wp\/v2\/media\/4358"}],"wp:attachment":[{"href":"https:\/\/form-klar.de\/fewo-binz\/wp-json\/wp\/v2\/media?parent=4509"}],"curies":[{"name":"wp","href":"https:\/\/api.w.org\/{rel}","templated":true}]}}