{"id":4456,"date":"2023-12-14T12:25:31","date_gmt":"2023-12-14T11:25:31","guid":{"rendered":"https:\/\/www.ferienwohnung-binz-strandnah.de\/?page_id=4456"},"modified":"2023-12-14T12:30:16","modified_gmt":"2023-12-14T11:30:16","slug":"ferienwohnung-buchen-binz","status":"publish","type":"page","link":"https:\/\/form-klar.de\/fewo-binz\/ferienwohnung-buchen-binz\/","title":{"rendered":"Ferienwohnung buchen Binz"},"content":{"rendered":"<h2>Hier f\u00e4ngt Ihr Ostseeurlaub an: Jetzt Ferienwohnung buchen Binz<\/h2>\n<p>Freuen Sie sich auf einen romantischen Urlaub zu zweit? Eine Ferienwohnung ist hierf\u00fcr eine ideale Wahl. Denn sie bietet einige Vorz\u00fcge gegen\u00fcber einem Hotel. Aber wie finden Sie das perfekte Domizil? Im bezaubernden Ostseebad Binz auf R\u00fcgen f\u00e4llt die Suche leicht. Denn wir bereiten Sie hier auf einen sch\u00f6nen Urlaub vor! Welche Pluspunkte haben\u00a0<strong>Ferienwohnungen<\/strong>? Zum einen sind sie oft g\u00fcnstiger als Hotelzimmer. In einem Hotel genie\u00dfen Sie zwar Halbpension, aber eine Ferienwohnung bietet Ihnen mehr Raum und die Freiheit! Genie\u00dfen Sie doch bei uns den Tag ganz nach Ihren Gustus.<\/p>\n<p>\t\t\t\t\t\t\t\t\t\t\t\t\t\t\t<img class=\"lazyload\" decoding=\"async\" width=\"1140\" height=\"760\" src=\"https:\/\/form-klar.de\/fewo-binz\/wp-content\/uploads\/P1060886_10x15_03-1200x800.jpg\" data-orig-src=\"https:\/\/form-klar.de\/fewo-binz\/wp-content\/uploads\/P1060886_10x15_03-1200x800.jpg\" alt=\"Winter am Kurhaus Strand, Kurtaxe Kosten\" loading=\"lazy\" srcset=\"data:image\/svg+xml,%3Csvg%20xmlns%3D%27http%3A%2F%2Fwww.w3.org%2F2000%2Fsvg%27%20width%3D%271140%27%20height%3D%27760%27%20viewBox%3D%270%200%201140%20760%27%3E%3Crect%20width%3D%271140%27%20height%3D%27760%27%20fill-opacity%3D%220%22%2F%3E%3C%2Fsvg%3E\" data-srcset=\"https:\/\/form-klar.de\/fewo-binz\/wp-content\/uploads\/P1060886_10x15_03-1200x800.jpg 1200w, https:\/\/form-klar.de\/fewo-binz\/wp-content\/uploads\/P1060886_10x15_03-300x200.jpg 300w, https:\/\/form-klar.de\/fewo-binz\/wp-content\/uploads\/P1060886_10x15_03-768x512.jpg 768w, https:\/\/form-klar.de\/fewo-binz\/wp-content\/uploads\/P1060886_10x15_03.jpg 1772w\" data-sizes=\"auto\" data-orig-sizes=\"auto, (max-width: 1140px) 100vw, 1140px\" \/>\t\t\t\t\t\t\t\t\t\t\t\t\t\t\t<\/p>\n<h3>Genie\u00dfen Sie viel Platz in Ihrer Ferienwohnung, nur 40 Meter vom Strand<\/h3>\n<p>Unsere modern ausgestattete Ferienwohnung liegt in einem Apartmenthaus mit Aufzug und Fahrradabstellm\u00f6glichkeit. Was erwartet Sie noch? Nur <a title=\"Binz erleben\" href=\"https:\/\/form-klar.de\/fewo-binz\/binz-historisch\/\"><strong>40 Meter vom Strand<\/strong><\/a> entfernt, in der N\u00e4he des Kurhauses und der charmanten Stadt Binz. Entdecken Sie die wei\u00dfen Villen und den breiten Strand mit gem\u00fctlichen Strandk\u00f6rben. Binz ist ein Ostseejuwel, das mit stilvollen Restaurants und Bars lockt.<\/p>\n<p>\u00a0<\/p>\n<h3>Ferienwohnung buchen Binz \u2013 zu jeder Jahreszeit ein Genuss<\/h3>\n<p>Ein Muss ist der f\u00fcnf Kilometer lange, feinsandige Strand und die beeindruckende\u00a0<strong>B\u00e4derarchitektur<\/strong> des Ortes. Seit 1885 ist Binz ein Magnet f\u00fcr Erholungssuchende und beh\u00e4lt dieses besondere Flair bis heute.<\/p>\n<p>\t\t\t\t\t\t\t\t\t\t\t\t\t\t\t<img class=\"lazyload\" decoding=\"async\" width=\"1140\" height=\"855\" src=\"https:\/\/form-klar.de\/fewo-binz\/wp-content\/uploads\/P1150248g_03-1-1200x900.jpg\" data-orig-src=\"https:\/\/form-klar.de\/fewo-binz\/wp-content\/uploads\/P1150248g_03-1-1200x900.jpg\" alt=\"FeWo Binz buchen, Buchung Ferienwohnung Binz\" loading=\"lazy\" srcset=\"data:image\/svg+xml,%3Csvg%20xmlns%3D%27http%3A%2F%2Fwww.w3.org%2F2000%2Fsvg%27%20width%3D%271140%27%20height%3D%27855%27%20viewBox%3D%270%200%201140%20855%27%3E%3Crect%20width%3D%271140%27%20height%3D%27855%27%20fill-opacity%3D%220%22%2F%3E%3C%2Fsvg%3E\" data-srcset=\"https:\/\/form-klar.de\/fewo-binz\/wp-content\/uploads\/P1150248g_03-1-1200x900.jpg 1200w, https:\/\/form-klar.de\/fewo-binz\/wp-content\/uploads\/P1150248g_03-1-300x225.jpg 300w, https:\/\/form-klar.de\/fewo-binz\/wp-content\/uploads\/P1150248g_03-1-768x576.jpg 768w, https:\/\/form-klar.de\/fewo-binz\/wp-content\/uploads\/P1150248g_03-1.jpg 1920w\" data-sizes=\"auto\" data-orig-sizes=\"auto, (max-width: 1140px) 100vw, 1140px\" \/>\t\t\t\t\t\t\t\t\t\t\t\t\t\t\t<\/p>\n<h3>Buchen Sie Ihre strandnahe Ferienwohnung in Binz<\/h3>\n<p>Ihre Wohnung wird Sie begeistern. Genie\u00dfen Sie Ihr Fr\u00fchst\u00fcck auf dem gro\u00dfz\u00fcgigen, \u00fcberdachten <a title=\"Zimmer suchen Binz\" href=\"https:\/\/www.ferienwohnung-binz- strandnah.de\/ferienwohnung-strandnah\/\"><strong>Balkon<\/strong><\/a> mit Strandkorb und Sonnenliege. Die <strong>vollst\u00e4ndig ausgestattete K\u00fcche<\/strong> steht Ihnen zur Selbstversorgung bereit, um entspannte Urlaubstage zu erleben.<\/p>\n<p>\u00a0<\/p>\n<h3>Urlaub auf R\u00fcgen &#8211; so viel gibt es zu entdecken!<\/h3>\n<p>Was gibt es nicht alles auf R\u00fcgen zu erleben! Im Sommer herrscht im Seebad Hochbetrieb. Baden, Wassersport und Sonne bestimmen den Tag. Versteckt sich die Sonne, lockt die\u00a0<strong>Therme R\u00fcgen<\/strong> an der Strandpromenade. Erkunden Sie doch die Insel! Denn das macht Spa\u00df! Rund um die Ferienorte warten zudem ganzj\u00e4hrig Ausflugsziele. Im Bernsteinmuseum entdeckt man R\u00fcgens Sch\u00e4tze. Bunte Schmetterlinge im Sassnitzer Park verzaubern die Besucher. Und im Fischerdorf Vitt beeindrucken die H\u00e4user mit Reetd\u00e4chern. Im <strong>Naturerbe-Zentrum R\u00fcgen<\/strong> gibt es Spa\u00df f\u00fcr alle. Denn hier k\u00f6nnen Sie auf einem 650 Meter langen Weg hoch in den B\u00e4umen laufen. Der Weg geht zudem bis 17 Meter \u00fcber dem Boden durch die Baumkronen. Ein Turm, der wie ein Adlerhorst aussieht, ist das Beste daran. Denn von dort oben, 40 Meter hoch, k\u00f6nnen Sie weit in die Ferne sehen.<\/p>\n<h2>Ferienwohnung in Binz buchen \u2013 Fragen Sie uns einfach an!<\/h2>\n<p><strong>per Anruf unter\u00a0\u260e\ufe0f<\/strong> <strong><a href=\"tel:+491744469235\">0174 4469235<\/a><\/strong> oder <strong>per E-Mail<\/strong> unter\u00a0\ud83d\udcd1 <a href=\"mailto:kontakt@ferienwohnung-binz-strandnah.de\"><strong>kontakt@ferienwohnung-binz-strandnah.de<\/strong><\/a><\/p>\n","protected":false},"excerpt":{"rendered":"<p>Hier f\u00e4ngt Ihr Ostseeurlaub an: Jetzt Ferienwohnung buchen Binz Freuen Sie sich auf einen romantischen Urlaub zu zweit? Eine Ferienwohnung ist hierf\u00fcr eine ideale Wahl. Denn sie bietet einige Vorz\u00fcge gegen\u00fcber einem Hotel. Aber wie finden Sie das perfekte Domizil?  [&#8230;]<\/p>\n","protected":false},"author":4,"featured_media":4358,"parent":0,"menu_order":0,"comment_status":"closed","ping_status":"closed","template":"","meta":{"footnotes":""},"class_list":["post-4456","page","type-page","status-publish","has-post-thumbnail","hentry"],"yoast_head":"<!-- This site is optimized with the Yoast SEO plugin v24.3 - https:\/\/yoast.com\/wordpress\/plugins\/seo\/ -->\n<title>Ferienwohnung buchen Binz | in Strandn\u00e4he | R\u00fcgen | Ostseeurlaub<\/title>\n<meta name=\"description\" content=\"Sie m\u00f6chten Ihre Ferienwohnung buchen Binz: Hier auf der Insel R\u00fcgen erwartet Sie Ihr Traumurlaub \u2013 mit einer sch\u00f6nen Wohnung in Standn\u00e4he.\" \/>\n<meta name=\"robots\" content=\"noindex, follow, max-snippet:-1, max-image-preview:large, max-video-preview:-1\" \/>\n<meta property=\"og:locale\" content=\"de_DE\" \/>\n<meta property=\"og:type\" content=\"article\" \/>\n<meta property=\"og:title\" content=\"Ferienwohnung buchen Binz | in Strandn\u00e4he | R\u00fcgen | Ostseeurlaub\" \/>\n<meta property=\"og:description\" content=\"Sie m\u00f6chten Ihre Ferienwohnung buchen Binz: Hier auf der Insel R\u00fcgen erwartet Sie Ihr Traumurlaub \u2013 mit einer sch\u00f6nen Wohnung in Standn\u00e4he.\" \/>\n<meta property=\"og:url\" content=\"https:\/\/form-klar.de\/fewo-binz\/ferienwohnung-buchen-binz\/\" \/>\n<meta property=\"og:site_name\" content=\"Ferienwohnung Binz Strandnah\" \/>\n<meta property=\"article:modified_time\" content=\"2023-12-14T11:30:16+00:00\" \/>\n<meta property=\"og:image\" content=\"https:\/\/form-klar.de\/fewo-binz\/wp-content\/uploads\/Kurtaxe-Kosten-Binz.jpg\" \/>\n\t<meta property=\"og:image:width\" content=\"1280\" \/>\n\t<meta property=\"og:image:height\" content=\"383\" \/>\n\t<meta property=\"og:image:type\" content=\"image\/jpeg\" \/>\n<meta name=\"twitter:card\" content=\"summary_large_image\" \/>\n<meta name=\"twitter:label1\" content=\"Gesch\u00e4tzte Lesezeit\" \/>\n\t<meta name=\"twitter:data1\" content=\"3\u00a0Minuten\" \/>\n<script type=\"application\/ld+json\" class=\"yoast-schema-graph\">{\"@context\":\"https:\/\/schema.org\",\"@graph\":[{\"@type\":\"WebPage\",\"@id\":\"https:\/\/form-klar.de\/fewo-binz\/ferienwohnung-buchen-binz\/\",\"url\":\"https:\/\/form-klar.de\/fewo-binz\/ferienwohnung-buchen-binz\/\",\"name\":\"Ferienwohnung buchen Binz | in Strandn\u00e4he | R\u00fcgen | Ostseeurlaub\",\"isPartOf\":{\"@id\":\"https:\/\/form-klar.de\/fewo-binz\/#website\"},\"primaryImageOfPage\":{\"@id\":\"https:\/\/form-klar.de\/fewo-binz\/ferienwohnung-buchen-binz\/#primaryimage\"},\"image\":{\"@id\":\"https:\/\/form-klar.de\/fewo-binz\/ferienwohnung-buchen-binz\/#primaryimage\"},\"thumbnailUrl\":\"https:\/\/form-klar.de\/fewo-binz\/wp-content\/uploads\/Kurtaxe-Kosten-Binz.jpg\",\"datePublished\":\"2023-12-14T11:25:31+00:00\",\"dateModified\":\"2023-12-14T11:30:16+00:00\",\"description\":\"Sie m\u00f6chten Ihre Ferienwohnung buchen Binz: Hier auf der Insel R\u00fcgen erwartet Sie Ihr Traumurlaub \u2013 mit einer sch\u00f6nen Wohnung in Standn\u00e4he.\",\"breadcrumb\":{\"@id\":\"https:\/\/form-klar.de\/fewo-binz\/ferienwohnung-buchen-binz\/#breadcrumb\"},\"inLanguage\":\"de\",\"potentialAction\":[{\"@type\":\"ReadAction\",\"target\":[\"https:\/\/form-klar.de\/fewo-binz\/ferienwohnung-buchen-binz\/\"]}]},{\"@type\":\"ImageObject\",\"inLanguage\":\"de\",\"@id\":\"https:\/\/form-klar.de\/fewo-binz\/ferienwohnung-buchen-binz\/#primaryimage\",\"url\":\"https:\/\/form-klar.de\/fewo-binz\/wp-content\/uploads\/Kurtaxe-Kosten-Binz.jpg\",\"contentUrl\":\"https:\/\/form-klar.de\/fewo-binz\/wp-content\/uploads\/Kurtaxe-Kosten-Binz.jpg\",\"width\":1280,\"height\":383},{\"@type\":\"BreadcrumbList\",\"@id\":\"https:\/\/form-klar.de\/fewo-binz\/ferienwohnung-buchen-binz\/#breadcrumb\",\"itemListElement\":[{\"@type\":\"ListItem\",\"position\":1,\"name\":\"Startseite\",\"item\":\"https:\/\/form-klar.de\/fewo-binz\/\"},{\"@type\":\"ListItem\",\"position\":2,\"name\":\"Ferienwohnung buchen Binz\"}]},{\"@type\":\"WebSite\",\"@id\":\"https:\/\/form-klar.de\/fewo-binz\/#website\",\"url\":\"https:\/\/form-klar.de\/fewo-binz\/\",\"name\":\"Ferienwohnung Binz Strandnah\",\"description\":\"\",\"potentialAction\":[{\"@type\":\"SearchAction\",\"target\":{\"@type\":\"EntryPoint\",\"urlTemplate\":\"https:\/\/form-klar.de\/fewo-binz\/?s={search_term_string}\"},\"query-input\":{\"@type\":\"PropertyValueSpecification\",\"valueRequired\":true,\"valueName\":\"search_term_string\"}}],\"inLanguage\":\"de\"}]}<\/script>\n<!-- \/ Yoast SEO plugin. -->","yoast_head_json":{"title":"Ferienwohnung buchen Binz | in Strandn\u00e4he | R\u00fcgen | Ostseeurlaub","description":"Sie m\u00f6chten Ihre Ferienwohnung buchen Binz: Hier auf der Insel R\u00fcgen erwartet Sie Ihr Traumurlaub \u2013 mit einer sch\u00f6nen Wohnung in Standn\u00e4he.","robots":{"index":"noindex","follow":"follow","max-snippet":"max-snippet:-1","max-image-preview":"max-image-preview:large","max-video-preview":"max-video-preview:-1"},"og_locale":"de_DE","og_type":"article","og_title":"Ferienwohnung buchen Binz | in Strandn\u00e4he | R\u00fcgen | Ostseeurlaub","og_description":"Sie m\u00f6chten Ihre Ferienwohnung buchen Binz: Hier auf der Insel R\u00fcgen erwartet Sie Ihr Traumurlaub \u2013 mit einer sch\u00f6nen Wohnung in Standn\u00e4he.","og_url":"https:\/\/form-klar.de\/fewo-binz\/ferienwohnung-buchen-binz\/","og_site_name":"Ferienwohnung Binz Strandnah","article_modified_time":"2023-12-14T11:30:16+00:00","og_image":[{"width":1280,"height":383,"url":"https:\/\/form-klar.de\/fewo-binz\/wp-content\/uploads\/Kurtaxe-Kosten-Binz.jpg","type":"image\/jpeg"}],"twitter_card":"summary_large_image","twitter_misc":{"Gesch\u00e4tzte Lesezeit":"3\u00a0Minuten"},"schema":{"@context":"https:\/\/schema.org","@graph":[{"@type":"WebPage","@id":"https:\/\/form-klar.de\/fewo-binz\/ferienwohnung-buchen-binz\/","url":"https:\/\/form-klar.de\/fewo-binz\/ferienwohnung-buchen-binz\/","name":"Ferienwohnung buchen Binz | in Strandn\u00e4he | R\u00fcgen | Ostseeurlaub","isPartOf":{"@id":"https:\/\/form-klar.de\/fewo-binz\/#website"},"primaryImageOfPage":{"@id":"https:\/\/form-klar.de\/fewo-binz\/ferienwohnung-buchen-binz\/#primaryimage"},"image":{"@id":"https:\/\/form-klar.de\/fewo-binz\/ferienwohnung-buchen-binz\/#primaryimage"},"thumbnailUrl":"https:\/\/form-klar.de\/fewo-binz\/wp-content\/uploads\/Kurtaxe-Kosten-Binz.jpg","datePublished":"2023-12-14T11:25:31+00:00","dateModified":"2023-12-14T11:30:16+00:00","description":"Sie m\u00f6chten Ihre Ferienwohnung buchen Binz: Hier auf der Insel R\u00fcgen erwartet Sie Ihr Traumurlaub \u2013 mit einer sch\u00f6nen Wohnung in Standn\u00e4he.","breadcrumb":{"@id":"https:\/\/form-klar.de\/fewo-binz\/ferienwohnung-buchen-binz\/#breadcrumb"},"inLanguage":"de","potentialAction":[{"@type":"ReadAction","target":["https:\/\/form-klar.de\/fewo-binz\/ferienwohnung-buchen-binz\/"]}]},{"@type":"ImageObject","inLanguage":"de","@id":"https:\/\/form-klar.de\/fewo-binz\/ferienwohnung-buchen-binz\/#primaryimage","url":"https:\/\/form-klar.de\/fewo-binz\/wp-content\/uploads\/Kurtaxe-Kosten-Binz.jpg","contentUrl":"https:\/\/form-klar.de\/fewo-binz\/wp-content\/uploads\/Kurtaxe-Kosten-Binz.jpg","width":1280,"height":383},{"@type":"BreadcrumbList","@id":"https:\/\/form-klar.de\/fewo-binz\/ferienwohnung-buchen-binz\/#breadcrumb","itemListElement":[{"@type":"ListItem","position":1,"name":"Startseite","item":"https:\/\/form-klar.de\/fewo-binz\/"},{"@type":"ListItem","position":2,"name":"Ferienwohnung buchen Binz"}]},{"@type":"WebSite","@id":"https:\/\/form-klar.de\/fewo-binz\/#website","url":"https:\/\/form-klar.de\/fewo-binz\/","name":"Ferienwohnung Binz Strandnah","description":"","potentialAction":[{"@type":"SearchAction","target":{"@type":"EntryPoint","urlTemplate":"https:\/\/form-klar.de\/fewo-binz\/?s={search_term_string}"},"query-input":{"@type":"PropertyValueSpecification","valueRequired":true,"valueName":"search_term_string"}}],"inLanguage":"de"}]}},"_links":{"self":[{"href":"https:\/\/form-klar.de\/fewo-binz\/wp-json\/wp\/v2\/pages\/4456","targetHints":{"allow":["GET"]}}],"collection":[{"href":"https:\/\/form-klar.de\/fewo-binz\/wp-json\/wp\/v2\/pages"}],"about":[{"href":"https:\/\/form-klar.de\/fewo-binz\/wp-json\/wp\/v2\/types\/page"}],"author":[{"embeddable":true,"href":"https:\/\/form-klar.de\/fewo-binz\/wp-json\/wp\/v2\/users\/4"}],"replies":[{"embeddable":true,"href":"https:\/\/form-klar.de\/fewo-binz\/wp-json\/wp\/v2\/comments?post=4456"}],"version-history":[{"count":7,"href":"https:\/\/form-klar.de\/fewo-binz\/wp-json\/wp\/v2\/pages\/4456\/revisions"}],"predecessor-version":[{"id":4463,"href":"https:\/\/form-klar.de\/fewo-binz\/wp-json\/wp\/v2\/pages\/4456\/revisions\/4463"}],"wp:featuredmedia":[{"embeddable":true,"href":"https:\/\/form-klar.de\/fewo-binz\/wp-json\/wp\/v2\/media\/4358"}],"wp:attachment":[{"href":"https:\/\/form-klar.de\/fewo-binz\/wp-json\/wp\/v2\/media?parent=4456"}],"curies":[{"name":"wp","href":"https:\/\/api.w.org\/{rel}","templated":true}]}}