{"id":4395,"date":"2023-06-23T10:15:58","date_gmt":"2023-06-23T08:15:58","guid":{"rendered":"https:\/\/www.ferienwohnung-binz-strandnah.de\/?page_id=4395"},"modified":"2025-04-30T10:33:54","modified_gmt":"2025-04-30T08:33:54","slug":"unterkunft-buchen-binz","status":"publish","type":"page","link":"https:\/\/form-klar.de\/fewo-binz\/unterkunft-buchen-binz\/","title":{"rendered":"Unterkunft buchen Binz"},"content":{"rendered":"<p><div class=\"fusion-fullwidth fullwidth-box fusion-builder-row-1 fusion-flex-container nonhundred-percent-fullwidth non-hundred-percent-height-scrolling\" style=\"--awb-border-radius-top-left:0px;--awb-border-radius-top-right:0px;--awb-border-radius-bottom-right:0px;--awb-border-radius-bottom-left:0px;--awb-flex-wrap:wrap;\" ><div class=\"fusion-builder-row fusion-row fusion-flex-align-items-flex-start fusion-flex-content-wrap\" style=\"max-width:1216.8px;margin-left: calc(-4% \/ 2 );margin-right: calc(-4% \/ 2 );\"><div class=\"fusion-layout-column fusion_builder_column fusion-builder-column-0 fusion_builder_column_1_1 1_1 fusion-flex-column\" style=\"--awb-bg-size:cover;--awb-width-large:100%;--awb-margin-top-large:0px;--awb-spacing-right-large:1.92%;--awb-margin-bottom-large:0px;--awb-spacing-left-large:1.92%;--awb-width-medium:100%;--awb-spacing-right-medium:1.92%;--awb-spacing-left-medium:1.92%;--awb-width-small:100%;--awb-spacing-right-small:1.92%;--awb-spacing-left-small:1.92%;\"><div class=\"fusion-column-wrapper fusion-flex-justify-content-flex-start fusion-content-layout-column\"><div class=\"fusion-text fusion-text-1\"><h2>Ganz einfach Unterkunft buchen im Ostseebad Binz<\/h2>\n<p>Urlaub ist die Zeit, wo das Leben leicht ist! Deshalb ist es auch wichtig, dass wir Ihnen auf der Insel R\u00fcgen einen sch\u00f6nen Aufenthalt garantieren. In unserer sch\u00f6nen Ferienwohnung <strong>direkt im Ostseebad Binz<\/strong> k\u00f6nnen Sie sich einfach nur wohlf\u00fchlen.<\/p>\n<h3>Moderne Ferienwohnung strandnah: Unterkunft buchen Binz<\/h3>\n<p>Sie buchen hier eine moderne Wohnung, ruhig gelegen im Apartmenthaus \u201eJahreszeiten\u201c. Die Wohnung befindet sich direkt in der <a title=\"Unterkunft buchen Binz\" href=\"https:\/\/form-klar.de\/fewo-binz\/margaretenstrasse\/\"><strong>Margaretenstra\u00dfe<\/strong><\/a>. Diese kleine Fu\u00dfg\u00e4ngerzone befindet sich in zweiter Reihe zur Ostsee. Das bedeutet f\u00fcr Sie: Sie haben nur 50 Meter bis zum Strand. Und nur 150 Meter sind es bis zur ber\u00fchmten Seebr\u00fccke von Binz. Sie k\u00f6nnen also alle wichtigen Dinge des Urlaubs zu Fu\u00df erledigen! Ebenfalls gleich um die Ecke sind zahlreiche Restaurants, Bars und kleine L\u00e4dchen. Hier gibt es zum Beispiel auch die Br\u00f6tchen zu Ihrem individuellen Fr\u00fchst\u00fcck in der Wohnung. Den ersten Kaffee des Tages k\u00f6nnen Sie auch auf Ihrem eigenen Balkon einnehmen. Denn der <strong>Balkon&nbsp;<\/strong>ist gro\u00df genug f\u00fcr Strandkorb und Tischgruppe inklusive Sonnenliege.<\/p>\n<p>&nbsp;<\/p>\n<\/div><\/div><\/div><\/div><\/div><div class=\"fusion-fullwidth fullwidth-box fusion-builder-row-2 fusion-flex-container has-pattern-background has-mask-background nonhundred-percent-fullwidth non-hundred-percent-height-scrolling\" style=\"--awb-border-radius-top-left:0px;--awb-border-radius-top-right:0px;--awb-border-radius-bottom-right:0px;--awb-border-radius-bottom-left:0px;--awb-flex-wrap:wrap;\" ><div class=\"fusion-builder-row fusion-row fusion-flex-align-items-flex-start fusion-flex-content-wrap\" style=\"max-width:1216.8px;margin-left: calc(-4% \/ 2 );margin-right: calc(-4% \/ 2 );\"><div class=\"fusion-layout-column fusion_builder_column fusion-builder-column-1 fusion_builder_column_1_2 1_2 fusion-flex-column\" style=\"--awb-bg-size:cover;--awb-width-large:50%;--awb-margin-top-large:0px;--awb-spacing-right-large:3.84%;--awb-margin-bottom-large:20px;--awb-spacing-left-large:3.84%;--awb-width-medium:100%;--awb-order-medium:0;--awb-spacing-right-medium:1.92%;--awb-spacing-left-medium:1.92%;--awb-width-small:100%;--awb-order-small:0;--awb-spacing-right-small:1.92%;--awb-spacing-left-small:1.92%;\"><div class=\"fusion-column-wrapper fusion-column-has-shadow fusion-flex-justify-content-flex-start fusion-content-layout-column\"><div class=\"fusion-image-element \" style=\"--awb-aspect-ratio:4 \/ 3;--awb-caption-title-font-family:var(--h2_typography-font-family);--awb-caption-title-font-weight:var(--h2_typography-font-weight);--awb-caption-title-font-style:var(--h2_typography-font-style);--awb-caption-title-size:var(--h2_typography-font-size);--awb-caption-title-transform:var(--h2_typography-text-transform);--awb-caption-title-line-height:var(--h2_typography-line-height);--awb-caption-title-letter-spacing:var(--h2_typography-letter-spacing);\"><span class=\" fusion-imageframe imageframe-none imageframe-1 hover-type-none has-aspect-ratio\"><img decoding=\"async\" width=\"600\" height=\"400\" alt=\"FeWo buchen Binz\" title=\"FeWo buchen Binz\" src=\"https:\/\/form-klar.de\/fewo-binz\/wp-content\/uploads\/P1060886_10x15_03.jpg\" data-orig-src=\"https:\/\/form-klar.de\/fewo-binz\/wp-content\/uploads\/P1060886_10x15_03-600x400.jpg\" class=\"lazyload img-responsive wp-image-3914 img-with-aspect-ratio\" srcset=\"data:image\/svg+xml,%3Csvg%20xmlns%3D%27http%3A%2F%2Fwww.w3.org%2F2000%2Fsvg%27%20width%3D%271772%27%20height%3D%271181%27%20viewBox%3D%270%200%201772%201181%27%3E%3Crect%20width%3D%271772%27%20height%3D%271181%27%20fill-opacity%3D%220%22%2F%3E%3C%2Fsvg%3E\" data-srcset=\"https:\/\/form-klar.de\/fewo-binz\/wp-content\/uploads\/P1060886_10x15_03-200x133.jpg 200w, https:\/\/form-klar.de\/fewo-binz\/wp-content\/uploads\/P1060886_10x15_03-400x267.jpg 400w, https:\/\/form-klar.de\/fewo-binz\/wp-content\/uploads\/P1060886_10x15_03-600x400.jpg 600w, https:\/\/form-klar.de\/fewo-binz\/wp-content\/uploads\/P1060886_10x15_03-800x533.jpg 800w, https:\/\/form-klar.de\/fewo-binz\/wp-content\/uploads\/P1060886_10x15_03-1200x800.jpg 1200w, https:\/\/form-klar.de\/fewo-binz\/wp-content\/uploads\/P1060886_10x15_03.jpg 1772w\" data-sizes=\"auto\" data-orig-sizes=\"(max-width: 1024px) 100vw, (max-width: 640px) 100vw, 600px\" \/><\/span><\/div><\/div><\/div><div class=\"fusion-layout-column fusion_builder_column fusion-builder-column-2 fusion_builder_column_1_2 1_2 fusion-flex-column\" style=\"--awb-bg-size:cover;--awb-width-large:50%;--awb-margin-top-large:0px;--awb-spacing-right-large:3.84%;--awb-margin-bottom-large:20px;--awb-spacing-left-large:3.84%;--awb-width-medium:100%;--awb-order-medium:0;--awb-spacing-right-medium:1.92%;--awb-spacing-left-medium:1.92%;--awb-width-small:100%;--awb-order-small:0;--awb-spacing-right-small:1.92%;--awb-spacing-left-small:1.92%;\"><div class=\"fusion-column-wrapper fusion-column-has-shadow fusion-flex-justify-content-flex-start fusion-content-layout-column\"><div class=\"fusion-image-element \" style=\"--awb-caption-title-font-family:var(--h2_typography-font-family);--awb-caption-title-font-weight:var(--h2_typography-font-weight);--awb-caption-title-font-style:var(--h2_typography-font-style);--awb-caption-title-size:var(--h2_typography-font-size);--awb-caption-title-transform:var(--h2_typography-text-transform);--awb-caption-title-line-height:var(--h2_typography-line-height);--awb-caption-title-letter-spacing:var(--h2_typography-letter-spacing);\"><span class=\" fusion-imageframe imageframe-none imageframe-2 hover-type-none\"><img decoding=\"async\" width=\"600\" height=\"450\" alt=\"Binz Strandurlaub\" title=\"Strand Spazierg\u00e4nge Binz\" src=\"https:\/\/form-klar.de\/fewo-binz\/wp-content\/uploads\/P1150248g_03.jpg\" data-orig-src=\"https:\/\/form-klar.de\/fewo-binz\/wp-content\/uploads\/P1150248g_03-600x450.jpg\" class=\"lazyload img-responsive wp-image-3915\" srcset=\"data:image\/svg+xml,%3Csvg%20xmlns%3D%27http%3A%2F%2Fwww.w3.org%2F2000%2Fsvg%27%20width%3D%271920%27%20height%3D%271440%27%20viewBox%3D%270%200%201920%201440%27%3E%3Crect%20width%3D%271920%27%20height%3D%271440%27%20fill-opacity%3D%220%22%2F%3E%3C%2Fsvg%3E\" data-srcset=\"https:\/\/form-klar.de\/fewo-binz\/wp-content\/uploads\/P1150248g_03-200x150.jpg 200w, https:\/\/form-klar.de\/fewo-binz\/wp-content\/uploads\/P1150248g_03-400x300.jpg 400w, https:\/\/form-klar.de\/fewo-binz\/wp-content\/uploads\/P1150248g_03-600x450.jpg 600w, https:\/\/form-klar.de\/fewo-binz\/wp-content\/uploads\/P1150248g_03-800x600.jpg 800w, https:\/\/form-klar.de\/fewo-binz\/wp-content\/uploads\/P1150248g_03-1200x900.jpg 1200w, https:\/\/form-klar.de\/fewo-binz\/wp-content\/uploads\/P1150248g_03.jpg 1920w\" data-sizes=\"auto\" data-orig-sizes=\"(max-width: 1024px) 100vw, (max-width: 640px) 100vw, 600px\" \/><\/span><\/div><\/div><\/div><\/div><\/div><div class=\"fusion-fullwidth fullwidth-box fusion-builder-row-3 fusion-flex-container has-pattern-background has-mask-background nonhundred-percent-fullwidth non-hundred-percent-height-scrolling\" style=\"--awb-border-radius-top-left:0px;--awb-border-radius-top-right:0px;--awb-border-radius-bottom-right:0px;--awb-border-radius-bottom-left:0px;--awb-flex-wrap:wrap;\" ><div class=\"fusion-builder-row fusion-row fusion-flex-align-items-flex-start fusion-flex-content-wrap\" style=\"max-width:1216.8px;margin-left: calc(-4% \/ 2 );margin-right: calc(-4% \/ 2 );\"><div class=\"fusion-layout-column fusion_builder_column fusion-builder-column-3 fusion_builder_column_1_1 1_1 fusion-flex-column\" style=\"--awb-bg-size:cover;--awb-width-large:100%;--awb-margin-top-large:0px;--awb-spacing-right-large:1.92%;--awb-margin-bottom-large:20px;--awb-spacing-left-large:1.92%;--awb-width-medium:100%;--awb-order-medium:0;--awb-spacing-right-medium:1.92%;--awb-spacing-left-medium:1.92%;--awb-width-small:100%;--awb-order-small:0;--awb-spacing-right-small:1.92%;--awb-spacing-left-small:1.92%;\"><div class=\"fusion-column-wrapper fusion-column-has-shadow fusion-flex-justify-content-flex-start fusion-content-layout-column\"><div class=\"fusion-text fusion-text-2\"><h3>Viel Platz \u2013 viel Privatsph\u00e4re \u2013 mehr Urlaub<\/h3>\n<p>Genie\u00dfen Sie den Platz, den Ihnen eine Ferienwohnung bietet. Hier haben Sie ein modernes Ambiente <strong>mit Fernseher, WLAN<\/strong> und allem Drum und Dran. Das Besondere an unserer Ferienwohnung ist auch die voll ausgestattete K\u00fcche. Sie verf\u00fcgen neben dem K\u00fchlschrank sogar \u00fcber einen Herd. Ebenso geh\u00f6ren eine Mikrowelle sowie ein Geschirrsp\u00fcler zur Ausstattung. Somit hat eine <strong>kleine, g\u00fcnstige Ferienwohnung<\/strong> viele Vorteile gegen\u00fcber einem normalen Hotelurlaub. Sie gestalten gern Ihre Urlaubstage individuell und m\u00f6chten mehr Zeit f\u00fcr sich? Dann buchen Sie ganz einfach jetzt Ihre Unterkunft im Ostseebad Binz.<\/p>\n<h3>Binz erleben: Lokales Flair direkt vor der Haust\u00fcr, wann immer Sie m\u00f6gen<\/h3>\n<p>Damit sichern Sie sich mehr Privatsph\u00e4re im Urlaub. Ebenso sind Sie nicht an feste Essenszeiten gebunden. Schlafen Sie mal richtig aus. Machen Sie spontan einen Nachtspaziergang am Strand. Genie\u00dfen Sie Ihren Urlaub und bleiben Sie mal ganz f\u00fcr sich. Das ist Entspannung pur! Dabei m\u00fcssen Sie gar nicht unbedingt selbst kochen. Denn \u00fcberall gibt es leckeres Essen im Ort. Machen Sie das nur, wenn Sie es wirklich m\u00f6gen. Vielleicht kochen Sie gern, um Ihren Partner zu \u00fcberraschen. Oder Sie kochen gemeinsam, um endlich kostbare Zeit zusammen zu verbringen. All das macht <a title=\"Unterkunft buchen R\u00fcgen\" href=\"https:\/\/form-klar.de\/fewo-binz\/ostseebad- binz\/\"><strong> Ihre Ferienwohnung<\/strong><\/a> m\u00f6glich. Genie\u00dfen Sie den Urlaub auf eine der sch\u00f6nsten Inseln Deutschland, auf R\u00fcgen!<\/p>\n<h2>Ferienwohnung in Binz buchen \u2013 Fragen Sie uns einfach an!<\/h2>\n<p><strong>per Anruf unter&nbsp;\u260e\ufe0f<\/strong> <strong><a href=\"tel:+491744469235\">0174 4469235<\/a><\/strong> oder <strong>per E-Mail<\/strong> unter&nbsp;\ud83d\udcd1 <a href=\"mailto:kontakt@ferienwohnung-binz-strandnah.de\"><strong>kontakt@ferienwohnung-binz-strandnah.de<\/strong><\/a><\/p>\n<\/div><\/div><\/div><\/div><\/div><\/p>\n","protected":false},"excerpt":{"rendered":"","protected":false},"author":4,"featured_media":4358,"parent":0,"menu_order":0,"comment_status":"closed","ping_status":"closed","template":"","meta":{"footnotes":""},"class_list":["post-4395","page","type-page","status-publish","has-post-thumbnail","hentry"],"yoast_head":"<!-- This site is optimized with the Yoast SEO plugin v24.3 - https:\/\/yoast.com\/wordpress\/plugins\/seo\/ -->\n<title>Unterkunft buchen Binz | Strandnahe Ferienwohnung direkt im Ostseebad<\/title>\n<meta name=\"description\" content=\"Unterkunft buchen Binz: Genie\u00dfen Sie entspannt Ihren n\u00e4chsten Urlaub auf der sch\u00f6nen Insel R\u00fcgen im Ostseeband Binz.\" \/>\n<meta name=\"robots\" content=\"noindex, follow, max-snippet:-1, max-image-preview:large, max-video-preview:-1\" \/>\n<meta property=\"og:locale\" content=\"de_DE\" \/>\n<meta property=\"og:type\" content=\"article\" \/>\n<meta property=\"og:title\" content=\"Unterkunft buchen Binz | Strandnahe Ferienwohnung direkt im Ostseebad\" \/>\n<meta property=\"og:description\" content=\"Unterkunft buchen Binz: Genie\u00dfen Sie entspannt Ihren n\u00e4chsten Urlaub auf der sch\u00f6nen Insel R\u00fcgen im Ostseeband Binz.\" \/>\n<meta property=\"og:url\" content=\"https:\/\/form-klar.de\/fewo-binz\/unterkunft-buchen-binz\/\" \/>\n<meta property=\"og:site_name\" content=\"Ferienwohnung Binz Strandnah\" \/>\n<meta property=\"article:modified_time\" content=\"2025-04-30T08:33:54+00:00\" \/>\n<meta property=\"og:image\" content=\"https:\/\/form-klar.de\/fewo-binz\/wp-content\/uploads\/Kurtaxe-Kosten-Binz.jpg\" \/>\n\t<meta property=\"og:image:width\" content=\"1280\" \/>\n\t<meta property=\"og:image:height\" content=\"383\" \/>\n\t<meta property=\"og:image:type\" content=\"image\/jpeg\" \/>\n<meta name=\"twitter:card\" content=\"summary_large_image\" \/>\n<meta name=\"twitter:label1\" content=\"Gesch\u00e4tzte Lesezeit\" \/>\n\t<meta name=\"twitter:data1\" content=\"3\u00a0Minuten\" \/>\n<script type=\"application\/ld+json\" class=\"yoast-schema-graph\">{\"@context\":\"https:\/\/schema.org\",\"@graph\":[{\"@type\":\"WebPage\",\"@id\":\"https:\/\/form-klar.de\/fewo-binz\/unterkunft-buchen-binz\/\",\"url\":\"https:\/\/form-klar.de\/fewo-binz\/unterkunft-buchen-binz\/\",\"name\":\"Unterkunft buchen Binz | Strandnahe Ferienwohnung direkt im Ostseebad\",\"isPartOf\":{\"@id\":\"https:\/\/form-klar.de\/fewo-binz\/#website\"},\"primaryImageOfPage\":{\"@id\":\"https:\/\/form-klar.de\/fewo-binz\/unterkunft-buchen-binz\/#primaryimage\"},\"image\":{\"@id\":\"https:\/\/form-klar.de\/fewo-binz\/unterkunft-buchen-binz\/#primaryimage\"},\"thumbnailUrl\":\"https:\/\/form-klar.de\/fewo-binz\/wp-content\/uploads\/Kurtaxe-Kosten-Binz.jpg\",\"datePublished\":\"2023-06-23T08:15:58+00:00\",\"dateModified\":\"2025-04-30T08:33:54+00:00\",\"description\":\"Unterkunft buchen Binz: Genie\u00dfen Sie entspannt Ihren n\u00e4chsten Urlaub auf der sch\u00f6nen Insel R\u00fcgen im Ostseeband Binz.\",\"breadcrumb\":{\"@id\":\"https:\/\/form-klar.de\/fewo-binz\/unterkunft-buchen-binz\/#breadcrumb\"},\"inLanguage\":\"de\",\"potentialAction\":[{\"@type\":\"ReadAction\",\"target\":[\"https:\/\/form-klar.de\/fewo-binz\/unterkunft-buchen-binz\/\"]}]},{\"@type\":\"ImageObject\",\"inLanguage\":\"de\",\"@id\":\"https:\/\/form-klar.de\/fewo-binz\/unterkunft-buchen-binz\/#primaryimage\",\"url\":\"https:\/\/form-klar.de\/fewo-binz\/wp-content\/uploads\/Kurtaxe-Kosten-Binz.jpg\",\"contentUrl\":\"https:\/\/form-klar.de\/fewo-binz\/wp-content\/uploads\/Kurtaxe-Kosten-Binz.jpg\",\"width\":1280,\"height\":383},{\"@type\":\"BreadcrumbList\",\"@id\":\"https:\/\/form-klar.de\/fewo-binz\/unterkunft-buchen-binz\/#breadcrumb\",\"itemListElement\":[{\"@type\":\"ListItem\",\"position\":1,\"name\":\"Startseite\",\"item\":\"https:\/\/form-klar.de\/fewo-binz\/\"},{\"@type\":\"ListItem\",\"position\":2,\"name\":\"Unterkunft buchen Binz\"}]},{\"@type\":\"WebSite\",\"@id\":\"https:\/\/form-klar.de\/fewo-binz\/#website\",\"url\":\"https:\/\/form-klar.de\/fewo-binz\/\",\"name\":\"Ferienwohnung Binz Strandnah\",\"description\":\"\",\"potentialAction\":[{\"@type\":\"SearchAction\",\"target\":{\"@type\":\"EntryPoint\",\"urlTemplate\":\"https:\/\/form-klar.de\/fewo-binz\/?s={search_term_string}\"},\"query-input\":{\"@type\":\"PropertyValueSpecification\",\"valueRequired\":true,\"valueName\":\"search_term_string\"}}],\"inLanguage\":\"de\"}]}<\/script>\n<!-- \/ Yoast SEO plugin. -->","yoast_head_json":{"title":"Unterkunft buchen Binz | Strandnahe Ferienwohnung direkt im Ostseebad","description":"Unterkunft buchen Binz: Genie\u00dfen Sie entspannt Ihren n\u00e4chsten Urlaub auf der sch\u00f6nen Insel R\u00fcgen im Ostseeband Binz.","robots":{"index":"noindex","follow":"follow","max-snippet":"max-snippet:-1","max-image-preview":"max-image-preview:large","max-video-preview":"max-video-preview:-1"},"og_locale":"de_DE","og_type":"article","og_title":"Unterkunft buchen Binz | Strandnahe Ferienwohnung direkt im Ostseebad","og_description":"Unterkunft buchen Binz: Genie\u00dfen Sie entspannt Ihren n\u00e4chsten Urlaub auf der sch\u00f6nen Insel R\u00fcgen im Ostseeband Binz.","og_url":"https:\/\/form-klar.de\/fewo-binz\/unterkunft-buchen-binz\/","og_site_name":"Ferienwohnung Binz Strandnah","article_modified_time":"2025-04-30T08:33:54+00:00","og_image":[{"width":1280,"height":383,"url":"https:\/\/form-klar.de\/fewo-binz\/wp-content\/uploads\/Kurtaxe-Kosten-Binz.jpg","type":"image\/jpeg"}],"twitter_card":"summary_large_image","twitter_misc":{"Gesch\u00e4tzte Lesezeit":"3\u00a0Minuten"},"schema":{"@context":"https:\/\/schema.org","@graph":[{"@type":"WebPage","@id":"https:\/\/form-klar.de\/fewo-binz\/unterkunft-buchen-binz\/","url":"https:\/\/form-klar.de\/fewo-binz\/unterkunft-buchen-binz\/","name":"Unterkunft buchen Binz | Strandnahe Ferienwohnung direkt im Ostseebad","isPartOf":{"@id":"https:\/\/form-klar.de\/fewo-binz\/#website"},"primaryImageOfPage":{"@id":"https:\/\/form-klar.de\/fewo-binz\/unterkunft-buchen-binz\/#primaryimage"},"image":{"@id":"https:\/\/form-klar.de\/fewo-binz\/unterkunft-buchen-binz\/#primaryimage"},"thumbnailUrl":"https:\/\/form-klar.de\/fewo-binz\/wp-content\/uploads\/Kurtaxe-Kosten-Binz.jpg","datePublished":"2023-06-23T08:15:58+00:00","dateModified":"2025-04-30T08:33:54+00:00","description":"Unterkunft buchen Binz: Genie\u00dfen Sie entspannt Ihren n\u00e4chsten Urlaub auf der sch\u00f6nen Insel R\u00fcgen im Ostseeband Binz.","breadcrumb":{"@id":"https:\/\/form-klar.de\/fewo-binz\/unterkunft-buchen-binz\/#breadcrumb"},"inLanguage":"de","potentialAction":[{"@type":"ReadAction","target":["https:\/\/form-klar.de\/fewo-binz\/unterkunft-buchen-binz\/"]}]},{"@type":"ImageObject","inLanguage":"de","@id":"https:\/\/form-klar.de\/fewo-binz\/unterkunft-buchen-binz\/#primaryimage","url":"https:\/\/form-klar.de\/fewo-binz\/wp-content\/uploads\/Kurtaxe-Kosten-Binz.jpg","contentUrl":"https:\/\/form-klar.de\/fewo-binz\/wp-content\/uploads\/Kurtaxe-Kosten-Binz.jpg","width":1280,"height":383},{"@type":"BreadcrumbList","@id":"https:\/\/form-klar.de\/fewo-binz\/unterkunft-buchen-binz\/#breadcrumb","itemListElement":[{"@type":"ListItem","position":1,"name":"Startseite","item":"https:\/\/form-klar.de\/fewo-binz\/"},{"@type":"ListItem","position":2,"name":"Unterkunft buchen Binz"}]},{"@type":"WebSite","@id":"https:\/\/form-klar.de\/fewo-binz\/#website","url":"https:\/\/form-klar.de\/fewo-binz\/","name":"Ferienwohnung Binz Strandnah","description":"","potentialAction":[{"@type":"SearchAction","target":{"@type":"EntryPoint","urlTemplate":"https:\/\/form-klar.de\/fewo-binz\/?s={search_term_string}"},"query-input":{"@type":"PropertyValueSpecification","valueRequired":true,"valueName":"search_term_string"}}],"inLanguage":"de"}]}},"_links":{"self":[{"href":"https:\/\/form-klar.de\/fewo-binz\/wp-json\/wp\/v2\/pages\/4395","targetHints":{"allow":["GET"]}}],"collection":[{"href":"https:\/\/form-klar.de\/fewo-binz\/wp-json\/wp\/v2\/pages"}],"about":[{"href":"https:\/\/form-klar.de\/fewo-binz\/wp-json\/wp\/v2\/types\/page"}],"author":[{"embeddable":true,"href":"https:\/\/form-klar.de\/fewo-binz\/wp-json\/wp\/v2\/users\/4"}],"replies":[{"embeddable":true,"href":"https:\/\/form-klar.de\/fewo-binz\/wp-json\/wp\/v2\/comments?post=4395"}],"version-history":[{"count":5,"href":"https:\/\/form-klar.de\/fewo-binz\/wp-json\/wp\/v2\/pages\/4395\/revisions"}],"predecessor-version":[{"id":4651,"href":"https:\/\/form-klar.de\/fewo-binz\/wp-json\/wp\/v2\/pages\/4395\/revisions\/4651"}],"wp:featuredmedia":[{"embeddable":true,"href":"https:\/\/form-klar.de\/fewo-binz\/wp-json\/wp\/v2\/media\/4358"}],"wp:attachment":[{"href":"https:\/\/form-klar.de\/fewo-binz\/wp-json\/wp\/v2\/media?parent=4395"}],"curies":[{"name":"wp","href":"https:\/\/api.w.org\/{rel}","templated":true}]}}