{"id":4390,"date":"2023-06-23T08:56:27","date_gmt":"2023-06-23T06:56:27","guid":{"rendered":"https:\/\/www.ferienwohnung-binz-strandnah.de\/?page_id=4390"},"modified":"2025-04-30T10:29:25","modified_gmt":"2025-04-30T08:29:25","slug":"zimmer-finden-binz","status":"publish","type":"page","link":"https:\/\/form-klar.de\/fewo-binz\/zimmer-finden-binz\/","title":{"rendered":"Zimmer finden Binz"},"content":{"rendered":"<p><div class=\"fusion-fullwidth fullwidth-box fusion-builder-row-1 fusion-flex-container nonhundred-percent-fullwidth non-hundred-percent-height-scrolling\" style=\"--awb-border-radius-top-left:0px;--awb-border-radius-top-right:0px;--awb-border-radius-bottom-right:0px;--awb-border-radius-bottom-left:0px;--awb-flex-wrap:wrap;\" ><div class=\"fusion-builder-row fusion-row fusion-flex-align-items-flex-start fusion-flex-content-wrap\" style=\"max-width:1216.8px;margin-left: calc(-4% \/ 2 );margin-right: calc(-4% \/ 2 );\"><div class=\"fusion-layout-column fusion_builder_column fusion-builder-column-0 fusion_builder_column_1_1 1_1 fusion-flex-column\" style=\"--awb-bg-size:cover;--awb-width-large:100%;--awb-margin-top-large:0px;--awb-spacing-right-large:1.92%;--awb-margin-bottom-large:0px;--awb-spacing-left-large:1.92%;--awb-width-medium:100%;--awb-spacing-right-medium:1.92%;--awb-spacing-left-medium:1.92%;--awb-width-small:100%;--awb-spacing-right-small:1.92%;--awb-spacing-left-small:1.92%;\"><div class=\"fusion-column-wrapper fusion-flex-justify-content-flex-start fusion-content-layout-column\"><div class=\"fusion-text fusion-text-1\"><h2>Zimmer finden Binz: Jetzt Ihre Ferienwohnung mieten<\/h2>\n<p>Sie planen Ihren n\u00e4chsten Urlaub zu zweit? Dann empfiehlt es sich, eine Ferienwohnung zu mieten. Denn sch\u00f6ne <strong>Ferienwohnungen<\/strong> haben einige Vorteile gegen\u00fcber einem Hotelzimmer. Doch wie k\u00f6nnen Sie die passende Wohnung oder ein Zimmer finden? Hier im Ostseebad Binz auf der traumhaften Insel R\u00fcgen ist das nicht schwer. Willkommen in Ihrem Urlaub! Was sind die Vorteile?&nbsp;<strong>Ferienwohnungen&nbsp;<\/strong>k\u00f6nnen erstens wesentlich preiswerter als Hotelzimmer sein. Das ist ja auch klar. Bei einem Hotel k\u00f6nnen Sie den Service einer Halbpension erwarten. In einer Ferienwohnung hingegen genie\u00dfen Sie zweitens auch mehr Platz. Zudem haben Sie drittens die Freiheit, den Tag so zu gestalten, wie Sie w\u00fcnschen.<\/p>\n<p>&nbsp;<\/p>\n<\/div><\/div><\/div><\/div><\/div><div class=\"fusion-fullwidth fullwidth-box fusion-builder-row-2 fusion-flex-container has-pattern-background has-mask-background nonhundred-percent-fullwidth non-hundred-percent-height-scrolling\" style=\"--awb-border-radius-top-left:0px;--awb-border-radius-top-right:0px;--awb-border-radius-bottom-right:0px;--awb-border-radius-bottom-left:0px;--awb-flex-wrap:wrap;\" ><div class=\"fusion-builder-row fusion-row fusion-flex-align-items-flex-start fusion-flex-content-wrap\" style=\"max-width:1216.8px;margin-left: calc(-4% \/ 2 );margin-right: calc(-4% \/ 2 );\"><div class=\"fusion-layout-column fusion_builder_column fusion-builder-column-1 fusion_builder_column_1_2 1_2 fusion-flex-column\" style=\"--awb-bg-size:cover;--awb-width-large:50%;--awb-margin-top-large:0px;--awb-spacing-right-large:3.84%;--awb-margin-bottom-large:20px;--awb-spacing-left-large:3.84%;--awb-width-medium:100%;--awb-order-medium:0;--awb-spacing-right-medium:1.92%;--awb-spacing-left-medium:1.92%;--awb-width-small:100%;--awb-order-small:0;--awb-spacing-right-small:1.92%;--awb-spacing-left-small:1.92%;\"><div class=\"fusion-column-wrapper fusion-column-has-shadow fusion-flex-justify-content-flex-start fusion-content-layout-column\"><div class=\"fusion-image-element \" style=\"--awb-aspect-ratio:4 \/ 3;--awb-caption-title-font-family:var(--h2_typography-font-family);--awb-caption-title-font-weight:var(--h2_typography-font-weight);--awb-caption-title-font-style:var(--h2_typography-font-style);--awb-caption-title-size:var(--h2_typography-font-size);--awb-caption-title-transform:var(--h2_typography-text-transform);--awb-caption-title-line-height:var(--h2_typography-line-height);--awb-caption-title-letter-spacing:var(--h2_typography-letter-spacing);\"><span class=\" fusion-imageframe imageframe-none imageframe-1 hover-type-none has-aspect-ratio\"><img decoding=\"async\" width=\"600\" height=\"400\" alt=\"FeWo buchen Binz\" title=\"FeWo buchen Binz\" src=\"https:\/\/form-klar.de\/fewo-binz\/wp-content\/uploads\/P1060886_10x15_03.jpg\" data-orig-src=\"https:\/\/form-klar.de\/fewo-binz\/wp-content\/uploads\/P1060886_10x15_03-600x400.jpg\" class=\"lazyload img-responsive wp-image-3914 img-with-aspect-ratio\" srcset=\"data:image\/svg+xml,%3Csvg%20xmlns%3D%27http%3A%2F%2Fwww.w3.org%2F2000%2Fsvg%27%20width%3D%271772%27%20height%3D%271181%27%20viewBox%3D%270%200%201772%201181%27%3E%3Crect%20width%3D%271772%27%20height%3D%271181%27%20fill-opacity%3D%220%22%2F%3E%3C%2Fsvg%3E\" data-srcset=\"https:\/\/form-klar.de\/fewo-binz\/wp-content\/uploads\/P1060886_10x15_03-200x133.jpg 200w, https:\/\/form-klar.de\/fewo-binz\/wp-content\/uploads\/P1060886_10x15_03-400x267.jpg 400w, https:\/\/form-klar.de\/fewo-binz\/wp-content\/uploads\/P1060886_10x15_03-600x400.jpg 600w, https:\/\/form-klar.de\/fewo-binz\/wp-content\/uploads\/P1060886_10x15_03-800x533.jpg 800w, https:\/\/form-klar.de\/fewo-binz\/wp-content\/uploads\/P1060886_10x15_03-1200x800.jpg 1200w, https:\/\/form-klar.de\/fewo-binz\/wp-content\/uploads\/P1060886_10x15_03.jpg 1772w\" data-sizes=\"auto\" data-orig-sizes=\"(max-width: 1024px) 100vw, (max-width: 640px) 100vw, 600px\" \/><\/span><\/div><\/div><\/div><div class=\"fusion-layout-column fusion_builder_column fusion-builder-column-2 fusion_builder_column_1_2 1_2 fusion-flex-column\" style=\"--awb-bg-size:cover;--awb-width-large:50%;--awb-margin-top-large:0px;--awb-spacing-right-large:3.84%;--awb-margin-bottom-large:20px;--awb-spacing-left-large:3.84%;--awb-width-medium:100%;--awb-order-medium:0;--awb-spacing-right-medium:1.92%;--awb-spacing-left-medium:1.92%;--awb-width-small:100%;--awb-order-small:0;--awb-spacing-right-small:1.92%;--awb-spacing-left-small:1.92%;\"><div class=\"fusion-column-wrapper fusion-column-has-shadow fusion-flex-justify-content-flex-start fusion-content-layout-column\"><div class=\"fusion-image-element \" style=\"--awb-aspect-ratio:4 \/ 3;--awb-caption-title-font-family:var(--h2_typography-font-family);--awb-caption-title-font-weight:var(--h2_typography-font-weight);--awb-caption-title-font-style:var(--h2_typography-font-style);--awb-caption-title-size:var(--h2_typography-font-size);--awb-caption-title-transform:var(--h2_typography-text-transform);--awb-caption-title-line-height:var(--h2_typography-line-height);--awb-caption-title-letter-spacing:var(--h2_typography-letter-spacing);\"><span class=\" fusion-imageframe imageframe-none imageframe-2 hover-type-none has-aspect-ratio\"><img decoding=\"async\" width=\"600\" height=\"450\" alt=\"Binz Strandurlaub\" title=\"Strand Spazierg\u00e4nge Binz\" src=\"https:\/\/form-klar.de\/fewo-binz\/wp-content\/uploads\/P1150248g_03.jpg\" data-orig-src=\"https:\/\/form-klar.de\/fewo-binz\/wp-content\/uploads\/P1150248g_03-600x450.jpg\" class=\"lazyload img-responsive wp-image-3915 img-with-aspect-ratio\" srcset=\"data:image\/svg+xml,%3Csvg%20xmlns%3D%27http%3A%2F%2Fwww.w3.org%2F2000%2Fsvg%27%20width%3D%271920%27%20height%3D%271440%27%20viewBox%3D%270%200%201920%201440%27%3E%3Crect%20width%3D%271920%27%20height%3D%271440%27%20fill-opacity%3D%220%22%2F%3E%3C%2Fsvg%3E\" data-srcset=\"https:\/\/form-klar.de\/fewo-binz\/wp-content\/uploads\/P1150248g_03-200x150.jpg 200w, https:\/\/form-klar.de\/fewo-binz\/wp-content\/uploads\/P1150248g_03-400x300.jpg 400w, https:\/\/form-klar.de\/fewo-binz\/wp-content\/uploads\/P1150248g_03-600x450.jpg 600w, https:\/\/form-klar.de\/fewo-binz\/wp-content\/uploads\/P1150248g_03-800x600.jpg 800w, https:\/\/form-klar.de\/fewo-binz\/wp-content\/uploads\/P1150248g_03-1200x900.jpg 1200w, https:\/\/form-klar.de\/fewo-binz\/wp-content\/uploads\/P1150248g_03.jpg 1920w\" data-sizes=\"auto\" data-orig-sizes=\"(max-width: 1024px) 100vw, (max-width: 640px) 100vw, 600px\" \/><\/span><\/div><\/div><\/div><\/div><\/div><div class=\"fusion-fullwidth fullwidth-box fusion-builder-row-3 fusion-flex-container has-pattern-background has-mask-background nonhundred-percent-fullwidth non-hundred-percent-height-scrolling\" style=\"--awb-border-radius-top-left:0px;--awb-border-radius-top-right:0px;--awb-border-radius-bottom-right:0px;--awb-border-radius-bottom-left:0px;--awb-flex-wrap:wrap;\" ><div class=\"fusion-builder-row fusion-row fusion-flex-align-items-flex-start fusion-flex-content-wrap\" style=\"max-width:1216.8px;margin-left: calc(-4% \/ 2 );margin-right: calc(-4% \/ 2 );\"><div class=\"fusion-layout-column fusion_builder_column fusion-builder-column-3 fusion_builder_column_1_1 1_1 fusion-flex-column\" style=\"--awb-bg-size:cover;--awb-width-large:100%;--awb-margin-top-large:0px;--awb-spacing-right-large:1.92%;--awb-margin-bottom-large:20px;--awb-spacing-left-large:1.92%;--awb-width-medium:100%;--awb-order-medium:0;--awb-spacing-right-medium:1.92%;--awb-spacing-left-medium:1.92%;--awb-width-small:100%;--awb-order-small:0;--awb-spacing-right-small:1.92%;--awb-spacing-left-small:1.92%;\"><div class=\"fusion-column-wrapper fusion-column-has-shadow fusion-flex-justify-content-flex-start fusion-content-layout-column\"><div class=\"fusion-text fusion-text-2\"><h3>Ausreichend Platz in Ihrer Ferienwohnung \u2013 40 Meter vom Strand entfernt<\/h3>\n<p>Wir bieten Ihnen eine modern eingerichtete Ferienwohnung an. Diese befindet sich in einem Apartmenthaus. Dieses verf\u00fcgt sogar \u00fcber einen Fahrstuhl. Auch das Fahrrad k\u00f6nnen Sie sich im Haus abstellen. Was k\u00f6nnen Sie au\u00dferdem bei uns erwarten? Die Wohnung befindet sich nur <a title=\"Binz erleben\" href=\"https:\/\/form-klar.de\/fewo-binz\/binz- historisch\/\"><strong>40 Meter vom Strand entfernt<\/strong><\/a>. Gleich in der N\u00e4he befindet sich das Kurhaus. Und \u00fcberhaupt \u2013 die Kurstadt Binz! Hier k\u00f6nnen Sie wei\u00dfe Villen genie\u00dfen, die mit dem Blau der Ostsee um Ihre Aufmerksamkeit buhlen. Der breite Strand lockt mit gem\u00fctlichen Strandk\u00f6rben. Binz bietet Ihnen einen Ostseeurlaub, der keine W\u00fcnsche offenl\u00e4sst. Hier lebt es sich mond\u00e4n. Genug Restaurants und Bars locken Sie zur gem\u00fctlichen Einkehr. Hier fehlt es wirklich an nichts!<\/p>\n<h3>Zimmer suchen Binz \u2013 egal welche Saison \u2013 hier genie\u00dfen Sie Ihren Urlaub<\/h3>\n<p>Was sollten Sie auf jeden Fall nicht verpassen? Da ist zum einen der f\u00fcnf Kilometer lange feinsandige Strand. Es ist ein Vergn\u00fcgen, hier zu baden. Dazu beeindruckt die <strong>klassische B\u00e4derarchitektur<\/strong> des Ortes. Denn bereits seit 1885 ist Binz der perfekte Ort f\u00fcr erholungssuchende St\u00e4dter. Dieses besondere Flair lebt der gr\u00f6\u00dfte Urlaubsort der Insel noch heute.<\/p>\n<h3>Ferienwohnung Binz strandnah buchen<\/h3>\n<p>Auch Ihre Wohnung wird allen Erwartungen gerecht. Sie k\u00f6nnen zum Beispiel auf einem gro\u00dfen \u00fcberdachten <a title=\"Zimmer suchen Binz\" href=\"https:\/\/form-klar.de\/fewo-binz\/ferienwohnung-strandnah\/\"><strong>Balkon fr\u00fchst\u00fccken<\/strong><\/a>. Hier befindet sich neben dem Tisch auch ein Strandkorb sowie eine Sonnenliege. Die <strong>voll eingerichtete K\u00fcche<\/strong> steht Ihnen frei zur Verf\u00fcgung. Hier k\u00f6nnen Sie preiswert kochen und die Urlaubstage einfach nur genie\u00dfen.<\/p>\n<h2>Ferienwohnung in Binz buchen \u2013 Fragen Sie uns einfach an!<\/h2>\n<p><strong>per Anruf unter&nbsp;\u260e\ufe0f<\/strong> <strong><a href=\"tel:+491744469235\">0174 4469235<\/a><\/strong> oder <strong>per E-Mail<\/strong> unter&nbsp;\ud83d\udcd1 <a href=\"mailto:kontakt@ferienwohnung-binz-strandnah.de\"><strong>kontakt@ferienwohnung-binz-strandnah.de<\/strong><\/a><\/p>\n<\/div><\/div><\/div><\/div><\/div><\/p>\n","protected":false},"excerpt":{"rendered":"","protected":false},"author":4,"featured_media":4358,"parent":0,"menu_order":0,"comment_status":"closed","ping_status":"closed","template":"","meta":{"footnotes":""},"class_list":["post-4390","page","type-page","status-publish","has-post-thumbnail","hentry"],"yoast_head":"<!-- This site is optimized with the Yoast SEO plugin v24.3 - https:\/\/yoast.com\/wordpress\/plugins\/seo\/ -->\n<title>Zimmer finden Binz | Ferienwohnung in Strandn\u00e4he | Ostseeurlaub buchen<\/title>\n<meta name=\"description\" content=\"Zimmer finden Binz: Wir sind Ihr Anbieter f\u00fcr einen sch\u00f6nen Urlaub an der Ostsee. Willkommen auf der sch\u00f6nen Insel R\u00fcgen.\" \/>\n<meta name=\"robots\" content=\"noindex, follow, max-snippet:-1, max-image-preview:large, max-video-preview:-1\" \/>\n<meta property=\"og:locale\" content=\"de_DE\" \/>\n<meta property=\"og:type\" content=\"article\" \/>\n<meta property=\"og:title\" content=\"Zimmer finden Binz | Ferienwohnung in Strandn\u00e4he | Ostseeurlaub buchen\" \/>\n<meta property=\"og:description\" content=\"Zimmer finden Binz: Wir sind Ihr Anbieter f\u00fcr einen sch\u00f6nen Urlaub an der Ostsee. Willkommen auf der sch\u00f6nen Insel R\u00fcgen.\" \/>\n<meta property=\"og:url\" content=\"https:\/\/form-klar.de\/fewo-binz\/zimmer-finden-binz\/\" \/>\n<meta property=\"og:site_name\" content=\"Ferienwohnung Binz Strandnah\" \/>\n<meta property=\"article:modified_time\" content=\"2025-04-30T08:29:25+00:00\" \/>\n<meta property=\"og:image\" content=\"https:\/\/form-klar.de\/fewo-binz\/wp-content\/uploads\/Kurtaxe-Kosten-Binz.jpg\" \/>\n\t<meta property=\"og:image:width\" content=\"1280\" \/>\n\t<meta property=\"og:image:height\" content=\"383\" \/>\n\t<meta property=\"og:image:type\" content=\"image\/jpeg\" \/>\n<meta name=\"twitter:card\" content=\"summary_large_image\" \/>\n<meta name=\"twitter:label1\" content=\"Gesch\u00e4tzte Lesezeit\" \/>\n\t<meta name=\"twitter:data1\" content=\"3\u00a0Minuten\" \/>\n<script type=\"application\/ld+json\" class=\"yoast-schema-graph\">{\"@context\":\"https:\/\/schema.org\",\"@graph\":[{\"@type\":\"WebPage\",\"@id\":\"https:\/\/form-klar.de\/fewo-binz\/zimmer-finden-binz\/\",\"url\":\"https:\/\/form-klar.de\/fewo-binz\/zimmer-finden-binz\/\",\"name\":\"Zimmer finden Binz | Ferienwohnung in Strandn\u00e4he | Ostseeurlaub buchen\",\"isPartOf\":{\"@id\":\"https:\/\/form-klar.de\/fewo-binz\/#website\"},\"primaryImageOfPage\":{\"@id\":\"https:\/\/form-klar.de\/fewo-binz\/zimmer-finden-binz\/#primaryimage\"},\"image\":{\"@id\":\"https:\/\/form-klar.de\/fewo-binz\/zimmer-finden-binz\/#primaryimage\"},\"thumbnailUrl\":\"https:\/\/form-klar.de\/fewo-binz\/wp-content\/uploads\/Kurtaxe-Kosten-Binz.jpg\",\"datePublished\":\"2023-06-23T06:56:27+00:00\",\"dateModified\":\"2025-04-30T08:29:25+00:00\",\"description\":\"Zimmer finden Binz: Wir sind Ihr Anbieter f\u00fcr einen sch\u00f6nen Urlaub an der Ostsee. Willkommen auf der sch\u00f6nen Insel R\u00fcgen.\",\"breadcrumb\":{\"@id\":\"https:\/\/form-klar.de\/fewo-binz\/zimmer-finden-binz\/#breadcrumb\"},\"inLanguage\":\"de\",\"potentialAction\":[{\"@type\":\"ReadAction\",\"target\":[\"https:\/\/form-klar.de\/fewo-binz\/zimmer-finden-binz\/\"]}]},{\"@type\":\"ImageObject\",\"inLanguage\":\"de\",\"@id\":\"https:\/\/form-klar.de\/fewo-binz\/zimmer-finden-binz\/#primaryimage\",\"url\":\"https:\/\/form-klar.de\/fewo-binz\/wp-content\/uploads\/Kurtaxe-Kosten-Binz.jpg\",\"contentUrl\":\"https:\/\/form-klar.de\/fewo-binz\/wp-content\/uploads\/Kurtaxe-Kosten-Binz.jpg\",\"width\":1280,\"height\":383},{\"@type\":\"BreadcrumbList\",\"@id\":\"https:\/\/form-klar.de\/fewo-binz\/zimmer-finden-binz\/#breadcrumb\",\"itemListElement\":[{\"@type\":\"ListItem\",\"position\":1,\"name\":\"Startseite\",\"item\":\"https:\/\/form-klar.de\/fewo-binz\/\"},{\"@type\":\"ListItem\",\"position\":2,\"name\":\"Zimmer finden Binz\"}]},{\"@type\":\"WebSite\",\"@id\":\"https:\/\/form-klar.de\/fewo-binz\/#website\",\"url\":\"https:\/\/form-klar.de\/fewo-binz\/\",\"name\":\"Ferienwohnung Binz Strandnah\",\"description\":\"\",\"potentialAction\":[{\"@type\":\"SearchAction\",\"target\":{\"@type\":\"EntryPoint\",\"urlTemplate\":\"https:\/\/form-klar.de\/fewo-binz\/?s={search_term_string}\"},\"query-input\":{\"@type\":\"PropertyValueSpecification\",\"valueRequired\":true,\"valueName\":\"search_term_string\"}}],\"inLanguage\":\"de\"}]}<\/script>\n<!-- \/ Yoast SEO plugin. -->","yoast_head_json":{"title":"Zimmer finden Binz | Ferienwohnung in Strandn\u00e4he | Ostseeurlaub buchen","description":"Zimmer finden Binz: Wir sind Ihr Anbieter f\u00fcr einen sch\u00f6nen Urlaub an der Ostsee. Willkommen auf der sch\u00f6nen Insel R\u00fcgen.","robots":{"index":"noindex","follow":"follow","max-snippet":"max-snippet:-1","max-image-preview":"max-image-preview:large","max-video-preview":"max-video-preview:-1"},"og_locale":"de_DE","og_type":"article","og_title":"Zimmer finden Binz | Ferienwohnung in Strandn\u00e4he | Ostseeurlaub buchen","og_description":"Zimmer finden Binz: Wir sind Ihr Anbieter f\u00fcr einen sch\u00f6nen Urlaub an der Ostsee. Willkommen auf der sch\u00f6nen Insel R\u00fcgen.","og_url":"https:\/\/form-klar.de\/fewo-binz\/zimmer-finden-binz\/","og_site_name":"Ferienwohnung Binz Strandnah","article_modified_time":"2025-04-30T08:29:25+00:00","og_image":[{"width":1280,"height":383,"url":"https:\/\/form-klar.de\/fewo-binz\/wp-content\/uploads\/Kurtaxe-Kosten-Binz.jpg","type":"image\/jpeg"}],"twitter_card":"summary_large_image","twitter_misc":{"Gesch\u00e4tzte Lesezeit":"3\u00a0Minuten"},"schema":{"@context":"https:\/\/schema.org","@graph":[{"@type":"WebPage","@id":"https:\/\/form-klar.de\/fewo-binz\/zimmer-finden-binz\/","url":"https:\/\/form-klar.de\/fewo-binz\/zimmer-finden-binz\/","name":"Zimmer finden Binz | Ferienwohnung in Strandn\u00e4he | Ostseeurlaub buchen","isPartOf":{"@id":"https:\/\/form-klar.de\/fewo-binz\/#website"},"primaryImageOfPage":{"@id":"https:\/\/form-klar.de\/fewo-binz\/zimmer-finden-binz\/#primaryimage"},"image":{"@id":"https:\/\/form-klar.de\/fewo-binz\/zimmer-finden-binz\/#primaryimage"},"thumbnailUrl":"https:\/\/form-klar.de\/fewo-binz\/wp-content\/uploads\/Kurtaxe-Kosten-Binz.jpg","datePublished":"2023-06-23T06:56:27+00:00","dateModified":"2025-04-30T08:29:25+00:00","description":"Zimmer finden Binz: Wir sind Ihr Anbieter f\u00fcr einen sch\u00f6nen Urlaub an der Ostsee. Willkommen auf der sch\u00f6nen Insel R\u00fcgen.","breadcrumb":{"@id":"https:\/\/form-klar.de\/fewo-binz\/zimmer-finden-binz\/#breadcrumb"},"inLanguage":"de","potentialAction":[{"@type":"ReadAction","target":["https:\/\/form-klar.de\/fewo-binz\/zimmer-finden-binz\/"]}]},{"@type":"ImageObject","inLanguage":"de","@id":"https:\/\/form-klar.de\/fewo-binz\/zimmer-finden-binz\/#primaryimage","url":"https:\/\/form-klar.de\/fewo-binz\/wp-content\/uploads\/Kurtaxe-Kosten-Binz.jpg","contentUrl":"https:\/\/form-klar.de\/fewo-binz\/wp-content\/uploads\/Kurtaxe-Kosten-Binz.jpg","width":1280,"height":383},{"@type":"BreadcrumbList","@id":"https:\/\/form-klar.de\/fewo-binz\/zimmer-finden-binz\/#breadcrumb","itemListElement":[{"@type":"ListItem","position":1,"name":"Startseite","item":"https:\/\/form-klar.de\/fewo-binz\/"},{"@type":"ListItem","position":2,"name":"Zimmer finden Binz"}]},{"@type":"WebSite","@id":"https:\/\/form-klar.de\/fewo-binz\/#website","url":"https:\/\/form-klar.de\/fewo-binz\/","name":"Ferienwohnung Binz Strandnah","description":"","potentialAction":[{"@type":"SearchAction","target":{"@type":"EntryPoint","urlTemplate":"https:\/\/form-klar.de\/fewo-binz\/?s={search_term_string}"},"query-input":{"@type":"PropertyValueSpecification","valueRequired":true,"valueName":"search_term_string"}}],"inLanguage":"de"}]}},"_links":{"self":[{"href":"https:\/\/form-klar.de\/fewo-binz\/wp-json\/wp\/v2\/pages\/4390","targetHints":{"allow":["GET"]}}],"collection":[{"href":"https:\/\/form-klar.de\/fewo-binz\/wp-json\/wp\/v2\/pages"}],"about":[{"href":"https:\/\/form-klar.de\/fewo-binz\/wp-json\/wp\/v2\/types\/page"}],"author":[{"embeddable":true,"href":"https:\/\/form-klar.de\/fewo-binz\/wp-json\/wp\/v2\/users\/4"}],"replies":[{"embeddable":true,"href":"https:\/\/form-klar.de\/fewo-binz\/wp-json\/wp\/v2\/comments?post=4390"}],"version-history":[{"count":5,"href":"https:\/\/form-klar.de\/fewo-binz\/wp-json\/wp\/v2\/pages\/4390\/revisions"}],"predecessor-version":[{"id":4650,"href":"https:\/\/form-klar.de\/fewo-binz\/wp-json\/wp\/v2\/pages\/4390\/revisions\/4650"}],"wp:featuredmedia":[{"embeddable":true,"href":"https:\/\/form-klar.de\/fewo-binz\/wp-json\/wp\/v2\/media\/4358"}],"wp:attachment":[{"href":"https:\/\/form-klar.de\/fewo-binz\/wp-json\/wp\/v2\/media?parent=4390"}],"curies":[{"name":"wp","href":"https:\/\/api.w.org\/{rel}","templated":true}]}}