{"id":4315,"date":"2020-12-29T18:06:33","date_gmt":"2020-12-29T17:06:33","guid":{"rendered":"https:\/\/www.ferienwohnung-binz-strandnah.de\/?page_id=4315"},"modified":"2025-04-30T10:19:36","modified_gmt":"2025-04-30T08:19:36","slug":"binz-baeckerei","status":"publish","type":"page","link":"https:\/\/form-klar.de\/fewo-binz\/binz-baeckerei\/","title":{"rendered":"Binz B\u00e4ckerei"},"content":{"rendered":"<p><div class=\"fusion-fullwidth fullwidth-box fusion-builder-row-1 fusion-flex-container nonhundred-percent-fullwidth non-hundred-percent-height-scrolling\" style=\"--awb-border-radius-top-left:0px;--awb-border-radius-top-right:0px;--awb-border-radius-bottom-right:0px;--awb-border-radius-bottom-left:0px;--awb-flex-wrap:wrap;\" ><div class=\"fusion-builder-row fusion-row fusion-flex-align-items-flex-start fusion-flex-content-wrap\" style=\"max-width:1216.8px;margin-left: calc(-4% \/ 2 );margin-right: calc(-4% \/ 2 );\"><div class=\"fusion-layout-column fusion_builder_column fusion-builder-column-0 fusion_builder_column_1_1 1_1 fusion-flex-column\" style=\"--awb-bg-size:cover;--awb-width-large:100%;--awb-margin-top-large:0px;--awb-spacing-right-large:1.92%;--awb-margin-bottom-large:0px;--awb-spacing-left-large:1.92%;--awb-width-medium:100%;--awb-spacing-right-medium:1.92%;--awb-spacing-left-medium:1.92%;--awb-width-small:100%;--awb-spacing-right-small:1.92%;--awb-spacing-left-small:1.92%;\"><div class=\"fusion-column-wrapper fusion-flex-justify-content-flex-start fusion-content-layout-column\"><div class=\"fusion-text fusion-text-1\"><h2>Urlaub Binz: Ferienwohnung direkt am mond\u00e4nen Kurhaus<\/h2>\n<p>Sie suchen in Binz nach einer Ferienwohnung nahe einer leckeren B\u00e4ckerei? Schon gefunden! Verleben Sie unvergessliche Urlaubstage in Binz! Profitieren Sie zudem von einer Ferienunterkunft in exzellenter Lage. Wir bieten Ihnen eine traumhafte Ferienwohnung in Strandn\u00e4he direkt am bekannten Kurhaus.<\/p>\n<h3>Ihre Ferienwohnung in Binz direkt beim Vermieter buchen<\/h3>\n<p>Unsere geschmackvoll eingerichtete Ferienwohnung bietet Ihnen alles, was w\u00fcnschenswert ist. Genie\u00dfen Sie doch jetzt gleich einen gelungenen Urlaub in einem der sch\u00f6nsten Ostseeb\u00e4der der Insel R\u00fcgen! Sichern Sie sich schon jetzt Ihr Domizil f\u00fcr Ihren n\u00e4chsten Urlaub. Denn auf R\u00fcgen <a title=\"Binz B\u00e4ckerei Ferienwohnung\" href=\"https:\/\/form-klar.de\/fewo-binz\/ferienwohnung-strandnah\/\"><strong>buchen Sie direkt \u00fcber uns<\/strong><\/a> &#8211; sicher und entspannt.<\/p>\n<p><iframe src=\"https:\/\/maps.google.com\/maps?q=B%C3%A4cker%20Binz&amp;t=m&amp;z=12&amp;output=embed&amp;iwloc=near\" frameborder=\"0\" marginwidth=\"0\" marginheight=\"0\" scrolling=\"no\" aria-label=\"B\u00e4cker Binz\"><\/iframe><\/p>\n<\/div><\/div><\/div><\/div><\/div><div class=\"fusion-fullwidth fullwidth-box fusion-builder-row-2 fusion-flex-container has-pattern-background has-mask-background nonhundred-percent-fullwidth non-hundred-percent-height-scrolling\" style=\"--awb-border-radius-top-left:0px;--awb-border-radius-top-right:0px;--awb-border-radius-bottom-right:0px;--awb-border-radius-bottom-left:0px;--awb-flex-wrap:wrap;\" ><div class=\"fusion-builder-row fusion-row fusion-flex-align-items-flex-start fusion-flex-content-wrap\" style=\"max-width:1216.8px;margin-left: calc(-4% \/ 2 );margin-right: calc(-4% \/ 2 );\"><div class=\"fusion-layout-column fusion_builder_column fusion-builder-column-1 fusion_builder_column_1_2 1_2 fusion-flex-column\" style=\"--awb-bg-size:cover;--awb-width-large:50%;--awb-margin-top-large:0px;--awb-spacing-right-large:3.84%;--awb-margin-bottom-large:20px;--awb-spacing-left-large:3.84%;--awb-width-medium:100%;--awb-order-medium:0;--awb-spacing-right-medium:1.92%;--awb-spacing-left-medium:1.92%;--awb-width-small:100%;--awb-order-small:0;--awb-spacing-right-small:1.92%;--awb-spacing-left-small:1.92%;\"><div class=\"fusion-column-wrapper fusion-column-has-shadow fusion-flex-justify-content-flex-start fusion-content-layout-column\"><div class=\"fusion-image-element \" style=\"--awb-aspect-ratio:4 \/ 3;--awb-caption-title-font-family:var(--h2_typography-font-family);--awb-caption-title-font-weight:var(--h2_typography-font-weight);--awb-caption-title-font-style:var(--h2_typography-font-style);--awb-caption-title-size:var(--h2_typography-font-size);--awb-caption-title-transform:var(--h2_typography-text-transform);--awb-caption-title-line-height:var(--h2_typography-line-height);--awb-caption-title-letter-spacing:var(--h2_typography-letter-spacing);\"><span class=\" fusion-imageframe imageframe-none imageframe-1 hover-type-none has-aspect-ratio\"><img decoding=\"async\" width=\"600\" height=\"338\" alt=\"Strandnahe Ferienwohnung in Binz\" title=\"Ferienwohnung Binz strandnah\" src=\"https:\/\/form-klar.de\/fewo-binz\/wp-content\/uploads\/IMG_6277.jpg\" data-orig-src=\"https:\/\/form-klar.de\/fewo-binz\/wp-content\/uploads\/IMG_6277-600x338.jpg\" class=\"lazyload img-responsive wp-image-4038 img-with-aspect-ratio\" srcset=\"data:image\/svg+xml,%3Csvg%20xmlns%3D%27http%3A%2F%2Fwww.w3.org%2F2000%2Fsvg%27%20width%3D%271599%27%20height%3D%27900%27%20viewBox%3D%270%200%201599%20900%27%3E%3Crect%20width%3D%271599%27%20height%3D%27900%27%20fill-opacity%3D%220%22%2F%3E%3C%2Fsvg%3E\" data-srcset=\"https:\/\/form-klar.de\/fewo-binz\/wp-content\/uploads\/IMG_6277-200x113.jpg 200w, https:\/\/form-klar.de\/fewo-binz\/wp-content\/uploads\/IMG_6277-400x225.jpg 400w, https:\/\/form-klar.de\/fewo-binz\/wp-content\/uploads\/IMG_6277-600x338.jpg 600w, https:\/\/form-klar.de\/fewo-binz\/wp-content\/uploads\/IMG_6277-800x450.jpg 800w, https:\/\/form-klar.de\/fewo-binz\/wp-content\/uploads\/IMG_6277-1200x675.jpg 1200w, https:\/\/form-klar.de\/fewo-binz\/wp-content\/uploads\/IMG_6277.jpg 1599w\" data-sizes=\"auto\" data-orig-sizes=\"(max-width: 1024px) 100vw, (max-width: 640px) 100vw, 600px\" \/><\/span><\/div><\/div><\/div><div class=\"fusion-layout-column fusion_builder_column fusion-builder-column-2 fusion_builder_column_1_2 1_2 fusion-flex-column\" style=\"--awb-bg-size:cover;--awb-width-large:50%;--awb-margin-top-large:0px;--awb-spacing-right-large:3.84%;--awb-margin-bottom-large:20px;--awb-spacing-left-large:3.84%;--awb-width-medium:100%;--awb-order-medium:0;--awb-spacing-right-medium:1.92%;--awb-spacing-left-medium:1.92%;--awb-width-small:100%;--awb-order-small:0;--awb-spacing-right-small:1.92%;--awb-spacing-left-small:1.92%;\"><div class=\"fusion-column-wrapper fusion-column-has-shadow fusion-flex-justify-content-flex-start fusion-content-layout-column\"><div class=\"fusion-image-element \" style=\"--awb-aspect-ratio:4 \/ 3;--awb-caption-title-font-family:var(--h2_typography-font-family);--awb-caption-title-font-weight:var(--h2_typography-font-weight);--awb-caption-title-font-style:var(--h2_typography-font-style);--awb-caption-title-size:var(--h2_typography-font-size);--awb-caption-title-transform:var(--h2_typography-text-transform);--awb-caption-title-line-height:var(--h2_typography-line-height);--awb-caption-title-letter-spacing:var(--h2_typography-letter-spacing);\"><span class=\" fusion-imageframe imageframe-none imageframe-2 hover-type-none has-aspect-ratio\"><img decoding=\"async\" width=\"600\" height=\"450\" alt=\"Ferienwohnung Binz privat\" title=\"Sch\u00f6ne Ferienwohnung Binz privat\" src=\"https:\/\/form-klar.de\/fewo-binz\/wp-content\/uploads\/IMG_59102.jpg\" data-orig-src=\"https:\/\/form-klar.de\/fewo-binz\/wp-content\/uploads\/IMG_59102-600x450.jpg\" class=\"lazyload img-responsive wp-image-3836 img-with-aspect-ratio\" srcset=\"data:image\/svg+xml,%3Csvg%20xmlns%3D%27http%3A%2F%2Fwww.w3.org%2F2000%2Fsvg%27%20width%3D%271600%27%20height%3D%271200%27%20viewBox%3D%270%200%201600%201200%27%3E%3Crect%20width%3D%271600%27%20height%3D%271200%27%20fill-opacity%3D%220%22%2F%3E%3C%2Fsvg%3E\" data-srcset=\"https:\/\/form-klar.de\/fewo-binz\/wp-content\/uploads\/IMG_59102-200x150.jpg 200w, https:\/\/form-klar.de\/fewo-binz\/wp-content\/uploads\/IMG_59102-400x300.jpg 400w, https:\/\/form-klar.de\/fewo-binz\/wp-content\/uploads\/IMG_59102-600x450.jpg 600w, https:\/\/form-klar.de\/fewo-binz\/wp-content\/uploads\/IMG_59102-800x600.jpg 800w, https:\/\/form-klar.de\/fewo-binz\/wp-content\/uploads\/IMG_59102-1200x900.jpg 1200w, https:\/\/form-klar.de\/fewo-binz\/wp-content\/uploads\/IMG_59102.jpg 1600w\" data-sizes=\"auto\" data-orig-sizes=\"(max-width: 1024px) 100vw, (max-width: 640px) 100vw, 600px\" \/><\/span><\/div><\/div><\/div><\/div><\/div><div class=\"fusion-fullwidth fullwidth-box fusion-builder-row-3 fusion-flex-container has-pattern-background has-mask-background nonhundred-percent-fullwidth non-hundred-percent-height-scrolling\" style=\"--awb-border-radius-top-left:0px;--awb-border-radius-top-right:0px;--awb-border-radius-bottom-right:0px;--awb-border-radius-bottom-left:0px;--awb-flex-wrap:wrap;\" ><div class=\"fusion-builder-row fusion-row fusion-flex-align-items-flex-start fusion-flex-content-wrap\" style=\"max-width:1216.8px;margin-left: calc(-4% \/ 2 );margin-right: calc(-4% \/ 2 );\"><div class=\"fusion-layout-column fusion_builder_column fusion-builder-column-3 fusion_builder_column_1_1 1_1 fusion-flex-column\" style=\"--awb-bg-size:cover;--awb-width-large:100%;--awb-margin-top-large:0px;--awb-spacing-right-large:1.92%;--awb-margin-bottom-large:20px;--awb-spacing-left-large:1.92%;--awb-width-medium:100%;--awb-order-medium:0;--awb-spacing-right-medium:1.92%;--awb-spacing-left-medium:1.92%;--awb-width-small:100%;--awb-order-small:0;--awb-spacing-right-small:1.92%;--awb-spacing-left-small:1.92%;\"><div class=\"fusion-column-wrapper fusion-column-has-shadow fusion-flex-justify-content-flex-start fusion-content-layout-column\"><div class=\"fusion-text fusion-text-2\"><h3>Direkt am ruhigen Teil der Strandpromenade Binz<\/h3>\n<p>Unsere moderne Ferienwohnung liegt in der Margaretenstra\u00dfe. Dort finden Sie eine B\u00e4ckerei in der N\u00e4he, sodass ein gelungener Start in jeden Urlaubstag garantiert ist. Zudem befinden Sie sich nur wenige Schritte von der ber\u00fchmten Strandpromenade und dem feinsandigen Ostseestrand entfernt.<\/p>\n<p>Unsere Ferienwohnung ist \u00fcberdies der ideale Ausgangspunkt, um das zauberhafte Ostseebad in vollen Z\u00fcgen zu genie\u00dfen. Bereits beim Fr\u00fchst\u00fcck auf dem Balkon der Ferienwohnung k\u00f6nnen Sie die B\u00e4der-Architektur der bekannten Ostseevillen bewundern. Lernen Sie doch unser Seebad kennen!<\/p>\n<p>Doch nicht nur die <a title=\"Binz Urlaub\" href=\"https:\/\/form-klar.de\/fewo-binz\/ostseebad-binz\/\"><strong>B\u00e4ckerei in der N\u00e4he<\/strong><\/a> sorgt f\u00fcr einen angenehmen Aufenthalt, denn auch die gem\u00fctlichen Caf\u00e9s und attraktiven Restaurants des K\u00fcstenortes sind nur einen Katzensprung entfernt.<\/p>\n<h3>Frische Br\u00f6tchen und Kaffee im Urlaub \u2013 Binz B\u00e4ckerei<\/h3>\n<p>Nur 40 Meter von der Ferienwohnung erstreckt sich <strong>R\u00fcgens l\u00e4ngster Strand<\/strong> und l\u00e4dt zum Sonnen und Baden ein. Wenn Sie von der Ferienwohnung den Strand entlang schlendern, k\u00f6nnen Sie <strong> Ostseefeeling pur<\/strong> genie\u00dfen.<\/p>\n<p>Der Strand erstreckt sich bis nach Prora, wo heute attraktive Museen und Ausstellungen untergebracht sind. Doch auch die traumhaften W\u00e4lder und die Steilk\u00fcste R\u00fcgens werden Sie begeistern! Denn diese traumhafte Umgebung bietet optimale Bedingungen f\u00fcr Wanderungen und Fahrradtouren.<\/p>\n<h3>Binz B\u00e4ckerei und mehr: Ausflugstipps, die Sie begeistern werden<\/h3>\n<p>Unsere Ausflugstipps: Erleben Sie die traumhafte Inselnatur und erkunden Sie den <strong>Nationalpark Jasmund<\/strong> mit seinen weltber\u00fchmten Kreidefelsen. Entdecken Sie das zauberhafte&nbsp;<strong>Jagdschloss Granitz<\/strong> oder Besuchen Sie den Baumwipfelpfad im Naturerbe-Zentrum R\u00fcgen und genie\u00dfen einen einzigartigen Blick \u00fcber das Inselparadies.<\/p>\n<p><strong>Fragen Sie uns einfach an:<\/strong><\/p>\n<p><strong>per Anruf unter&nbsp;\u260e\ufe0f<\/strong> <strong><a href=\"tel:+491744469235\">0174 4469235<\/a><\/strong> oder <strong>per E-Mail<\/strong> unter&nbsp;\ud83d\udcd1 <a href=\"mailto:kontakt@ferienwohnung-binz-strandnah.de\"><strong>kontakt@ferienwohnung-binz-strandnah.de<\/strong><\/a><\/p>\n<\/div><\/div><\/div><\/div><\/div><\/p>\n","protected":false},"excerpt":{"rendered":"","protected":false},"author":3,"featured_media":4038,"parent":0,"menu_order":0,"comment_status":"closed","ping_status":"closed","template":"","meta":{"footnotes":""},"class_list":["post-4315","page","type-page","status-publish","has-post-thumbnail","hentry"],"yoast_head":"<!-- This site is optimized with the Yoast SEO plugin v24.3 - https:\/\/yoast.com\/wordpress\/plugins\/seo\/ -->\n<title>Binz B\u00e4ckerei | direkt in der N\u00e4he Ihrer Ferienwohnung<\/title>\n<meta name=\"description\" content=\"Buchen Sie jetzt Ihre Ferienwohnung in Binz! \u2705 Ganz in der N\u00e4he einer B\u00e4ckerei mit frischen Br\u00f6tchen. \u2705 Genie\u00dfen Sie Ihren Urlaub auf R\u00fcgen. \u2705\" \/>\n<meta name=\"robots\" content=\"noindex, follow, max-snippet:-1, max-image-preview:large, max-video-preview:-1\" \/>\n<meta property=\"og:locale\" content=\"de_DE\" \/>\n<meta property=\"og:type\" content=\"article\" \/>\n<meta property=\"og:title\" content=\"Binz B\u00e4ckerei | direkt in der N\u00e4he Ihrer Ferienwohnung\" \/>\n<meta property=\"og:description\" content=\"Buchen Sie jetzt Ihre Ferienwohnung in Binz! \u2705 Ganz in der N\u00e4he einer B\u00e4ckerei mit frischen Br\u00f6tchen. \u2705 Genie\u00dfen Sie Ihren Urlaub auf R\u00fcgen. \u2705\" \/>\n<meta property=\"og:url\" content=\"https:\/\/form-klar.de\/fewo-binz\/binz-baeckerei\/\" \/>\n<meta property=\"og:site_name\" content=\"Ferienwohnung Binz Strandnah\" \/>\n<meta property=\"article:modified_time\" content=\"2025-04-30T08:19:36+00:00\" \/>\n<meta property=\"og:image\" content=\"https:\/\/form-klar.de\/fewo-binz\/wp-content\/uploads\/IMG_6277.jpg\" \/>\n\t<meta property=\"og:image:width\" content=\"1599\" \/>\n\t<meta property=\"og:image:height\" content=\"900\" \/>\n\t<meta property=\"og:image:type\" content=\"image\/jpeg\" \/>\n<meta name=\"twitter:card\" content=\"summary_large_image\" \/>\n<meta name=\"twitter:label1\" content=\"Gesch\u00e4tzte Lesezeit\" \/>\n\t<meta name=\"twitter:data1\" content=\"12\u00a0Minuten\" \/>\n<script type=\"application\/ld+json\" class=\"yoast-schema-graph\">{\"@context\":\"https:\/\/schema.org\",\"@graph\":[{\"@type\":\"WebPage\",\"@id\":\"https:\/\/form-klar.de\/fewo-binz\/binz-baeckerei\/\",\"url\":\"https:\/\/form-klar.de\/fewo-binz\/binz-baeckerei\/\",\"name\":\"Binz B\u00e4ckerei | direkt in der N\u00e4he Ihrer Ferienwohnung\",\"isPartOf\":{\"@id\":\"https:\/\/form-klar.de\/fewo-binz\/#website\"},\"primaryImageOfPage\":{\"@id\":\"https:\/\/form-klar.de\/fewo-binz\/binz-baeckerei\/#primaryimage\"},\"image\":{\"@id\":\"https:\/\/form-klar.de\/fewo-binz\/binz-baeckerei\/#primaryimage\"},\"thumbnailUrl\":\"https:\/\/form-klar.de\/fewo-binz\/wp-content\/uploads\/IMG_6277.jpg\",\"datePublished\":\"2020-12-29T17:06:33+00:00\",\"dateModified\":\"2025-04-30T08:19:36+00:00\",\"description\":\"Buchen Sie jetzt Ihre Ferienwohnung in Binz! \u2705 Ganz in der N\u00e4he einer B\u00e4ckerei mit frischen Br\u00f6tchen. \u2705 Genie\u00dfen Sie Ihren Urlaub auf R\u00fcgen. \u2705\",\"breadcrumb\":{\"@id\":\"https:\/\/form-klar.de\/fewo-binz\/binz-baeckerei\/#breadcrumb\"},\"inLanguage\":\"de\",\"potentialAction\":[{\"@type\":\"ReadAction\",\"target\":[\"https:\/\/form-klar.de\/fewo-binz\/binz-baeckerei\/\"]}]},{\"@type\":\"ImageObject\",\"inLanguage\":\"de\",\"@id\":\"https:\/\/form-klar.de\/fewo-binz\/binz-baeckerei\/#primaryimage\",\"url\":\"https:\/\/form-klar.de\/fewo-binz\/wp-content\/uploads\/IMG_6277.jpg\",\"contentUrl\":\"https:\/\/form-klar.de\/fewo-binz\/wp-content\/uploads\/IMG_6277.jpg\",\"width\":1599,\"height\":900,\"caption\":\"Strandnahe Ferienwohnung in Binz\"},{\"@type\":\"BreadcrumbList\",\"@id\":\"https:\/\/form-klar.de\/fewo-binz\/binz-baeckerei\/#breadcrumb\",\"itemListElement\":[{\"@type\":\"ListItem\",\"position\":1,\"name\":\"Startseite\",\"item\":\"https:\/\/form-klar.de\/fewo-binz\/\"},{\"@type\":\"ListItem\",\"position\":2,\"name\":\"Binz B\u00e4ckerei\"}]},{\"@type\":\"WebSite\",\"@id\":\"https:\/\/form-klar.de\/fewo-binz\/#website\",\"url\":\"https:\/\/form-klar.de\/fewo-binz\/\",\"name\":\"Ferienwohnung Binz Strandnah\",\"description\":\"\",\"potentialAction\":[{\"@type\":\"SearchAction\",\"target\":{\"@type\":\"EntryPoint\",\"urlTemplate\":\"https:\/\/form-klar.de\/fewo-binz\/?s={search_term_string}\"},\"query-input\":{\"@type\":\"PropertyValueSpecification\",\"valueRequired\":true,\"valueName\":\"search_term_string\"}}],\"inLanguage\":\"de\"}]}<\/script>\n<!-- \/ Yoast SEO plugin. -->","yoast_head_json":{"title":"Binz B\u00e4ckerei | direkt in der N\u00e4he Ihrer Ferienwohnung","description":"Buchen Sie jetzt Ihre Ferienwohnung in Binz! \u2705 Ganz in der N\u00e4he einer B\u00e4ckerei mit frischen Br\u00f6tchen. \u2705 Genie\u00dfen Sie Ihren Urlaub auf R\u00fcgen. \u2705","robots":{"index":"noindex","follow":"follow","max-snippet":"max-snippet:-1","max-image-preview":"max-image-preview:large","max-video-preview":"max-video-preview:-1"},"og_locale":"de_DE","og_type":"article","og_title":"Binz B\u00e4ckerei | direkt in der N\u00e4he Ihrer Ferienwohnung","og_description":"Buchen Sie jetzt Ihre Ferienwohnung in Binz! \u2705 Ganz in der N\u00e4he einer B\u00e4ckerei mit frischen Br\u00f6tchen. \u2705 Genie\u00dfen Sie Ihren Urlaub auf R\u00fcgen. \u2705","og_url":"https:\/\/form-klar.de\/fewo-binz\/binz-baeckerei\/","og_site_name":"Ferienwohnung Binz Strandnah","article_modified_time":"2025-04-30T08:19:36+00:00","og_image":[{"width":1599,"height":900,"url":"https:\/\/form-klar.de\/fewo-binz\/wp-content\/uploads\/IMG_6277.jpg","type":"image\/jpeg"}],"twitter_card":"summary_large_image","twitter_misc":{"Gesch\u00e4tzte Lesezeit":"12\u00a0Minuten"},"schema":{"@context":"https:\/\/schema.org","@graph":[{"@type":"WebPage","@id":"https:\/\/form-klar.de\/fewo-binz\/binz-baeckerei\/","url":"https:\/\/form-klar.de\/fewo-binz\/binz-baeckerei\/","name":"Binz B\u00e4ckerei | direkt in der N\u00e4he Ihrer Ferienwohnung","isPartOf":{"@id":"https:\/\/form-klar.de\/fewo-binz\/#website"},"primaryImageOfPage":{"@id":"https:\/\/form-klar.de\/fewo-binz\/binz-baeckerei\/#primaryimage"},"image":{"@id":"https:\/\/form-klar.de\/fewo-binz\/binz-baeckerei\/#primaryimage"},"thumbnailUrl":"https:\/\/form-klar.de\/fewo-binz\/wp-content\/uploads\/IMG_6277.jpg","datePublished":"2020-12-29T17:06:33+00:00","dateModified":"2025-04-30T08:19:36+00:00","description":"Buchen Sie jetzt Ihre Ferienwohnung in Binz! \u2705 Ganz in der N\u00e4he einer B\u00e4ckerei mit frischen Br\u00f6tchen. \u2705 Genie\u00dfen Sie Ihren Urlaub auf R\u00fcgen. \u2705","breadcrumb":{"@id":"https:\/\/form-klar.de\/fewo-binz\/binz-baeckerei\/#breadcrumb"},"inLanguage":"de","potentialAction":[{"@type":"ReadAction","target":["https:\/\/form-klar.de\/fewo-binz\/binz-baeckerei\/"]}]},{"@type":"ImageObject","inLanguage":"de","@id":"https:\/\/form-klar.de\/fewo-binz\/binz-baeckerei\/#primaryimage","url":"https:\/\/form-klar.de\/fewo-binz\/wp-content\/uploads\/IMG_6277.jpg","contentUrl":"https:\/\/form-klar.de\/fewo-binz\/wp-content\/uploads\/IMG_6277.jpg","width":1599,"height":900,"caption":"Strandnahe Ferienwohnung in Binz"},{"@type":"BreadcrumbList","@id":"https:\/\/form-klar.de\/fewo-binz\/binz-baeckerei\/#breadcrumb","itemListElement":[{"@type":"ListItem","position":1,"name":"Startseite","item":"https:\/\/form-klar.de\/fewo-binz\/"},{"@type":"ListItem","position":2,"name":"Binz B\u00e4ckerei"}]},{"@type":"WebSite","@id":"https:\/\/form-klar.de\/fewo-binz\/#website","url":"https:\/\/form-klar.de\/fewo-binz\/","name":"Ferienwohnung Binz Strandnah","description":"","potentialAction":[{"@type":"SearchAction","target":{"@type":"EntryPoint","urlTemplate":"https:\/\/form-klar.de\/fewo-binz\/?s={search_term_string}"},"query-input":{"@type":"PropertyValueSpecification","valueRequired":true,"valueName":"search_term_string"}}],"inLanguage":"de"}]}},"_links":{"self":[{"href":"https:\/\/form-klar.de\/fewo-binz\/wp-json\/wp\/v2\/pages\/4315","targetHints":{"allow":["GET"]}}],"collection":[{"href":"https:\/\/form-klar.de\/fewo-binz\/wp-json\/wp\/v2\/pages"}],"about":[{"href":"https:\/\/form-klar.de\/fewo-binz\/wp-json\/wp\/v2\/types\/page"}],"author":[{"embeddable":true,"href":"https:\/\/form-klar.de\/fewo-binz\/wp-json\/wp\/v2\/users\/3"}],"replies":[{"embeddable":true,"href":"https:\/\/form-klar.de\/fewo-binz\/wp-json\/wp\/v2\/comments?post=4315"}],"version-history":[{"count":10,"href":"https:\/\/form-klar.de\/fewo-binz\/wp-json\/wp\/v2\/pages\/4315\/revisions"}],"predecessor-version":[{"id":4648,"href":"https:\/\/form-klar.de\/fewo-binz\/wp-json\/wp\/v2\/pages\/4315\/revisions\/4648"}],"wp:featuredmedia":[{"embeddable":true,"href":"https:\/\/form-klar.de\/fewo-binz\/wp-json\/wp\/v2\/media\/4038"}],"wp:attachment":[{"href":"https:\/\/form-klar.de\/fewo-binz\/wp-json\/wp\/v2\/media?parent=4315"}],"curies":[{"name":"wp","href":"https:\/\/api.w.org\/{rel}","templated":true}]}}