{"id":4296,"date":"2020-05-29T09:53:26","date_gmt":"2020-05-29T07:53:26","guid":{"rendered":"https:\/\/www.ferienwohnung-binz-strandnah.de\/?page_id=4296"},"modified":"2025-04-30T10:14:22","modified_gmt":"2025-04-30T08:14:22","slug":"kunstmeile-binz","status":"publish","type":"page","link":"https:\/\/form-klar.de\/fewo-binz\/kunstmeile-binz\/","title":{"rendered":"Kunstmeile Binz"},"content":{"rendered":"<p><div class=\"fusion-fullwidth fullwidth-box fusion-builder-row-1 fusion-flex-container nonhundred-percent-fullwidth non-hundred-percent-height-scrolling\" style=\"--awb-border-radius-top-left:0px;--awb-border-radius-top-right:0px;--awb-border-radius-bottom-right:0px;--awb-border-radius-bottom-left:0px;--awb-flex-wrap:wrap;\" ><div class=\"fusion-builder-row fusion-row fusion-flex-align-items-flex-start fusion-flex-content-wrap\" style=\"max-width:1216.8px;margin-left: calc(-4% \/ 2 );margin-right: calc(-4% \/ 2 );\"><div class=\"fusion-layout-column fusion_builder_column fusion-builder-column-0 fusion_builder_column_1_1 1_1 fusion-flex-column\" style=\"--awb-bg-size:cover;--awb-width-large:100%;--awb-margin-top-large:0px;--awb-spacing-right-large:1.92%;--awb-margin-bottom-large:0px;--awb-spacing-left-large:1.92%;--awb-width-medium:100%;--awb-spacing-right-medium:1.92%;--awb-spacing-left-medium:1.92%;--awb-width-small:100%;--awb-spacing-right-small:1.92%;--awb-spacing-left-small:1.92%;\"><div class=\"fusion-column-wrapper fusion-flex-justify-content-flex-start fusion-content-layout-column\"><div class=\"fusion-text fusion-text-1\"><h2>Kunstmeile Binz \u2013 Ferienwohnung buchen<\/h2>\n<p>Entdecken Sie die <a title=\"Kunstmeile Binz entdecken\" href=\"https:\/\/form-klar.de\/fewo-binz\/margaretenstrasse\/\"><strong>Kunstmeile in Binz<\/strong><\/a> \u2013 direkt bei Ihrer Ferienwohnung. Buchen Sie jetzt Ihren Urlaub an der Ostsee. Ihre kleine feine Ferienwohnung liegt direkt an der Kunstmeile des Ostseebades.<\/p>\n<h3>Kunstmeile Binz &#8211; So sch\u00f6n wird Ihr n\u00e4chster Ostseeurlaub<\/h3>\n<p>Kommen Sie abends vom Strand oder Ihrem sch\u00f6nen Inselausflug zur\u00fcck, k\u00f6nnen Sie sich noch entspannt in ein Caf\u00e9 setzen oder etwas kleines essen gehen. Zudem, flanieren hier viele G\u00e4ste und shoppen in den interessanten kleinen Kunstgewerbel\u00e4dchen in Ihrer Stra\u00dfe. Hier wird es Ihnen nie langweilig. Fr\u00fch stehen Sie auf, holen entspannt frische Br\u00f6tchen vom B\u00e4cker nebenan \u2013 so erleben Sie einen&nbsp;<strong>Ostseeurlaub<\/strong> mit allen Vorteilen des Lebens in einem traditionellen Badekurort!<\/p>\n<\/div><\/div><\/div><\/div><\/div><div class=\"fusion-fullwidth fullwidth-box fusion-builder-row-2 fusion-flex-container has-pattern-background has-mask-background nonhundred-percent-fullwidth non-hundred-percent-height-scrolling\" style=\"--awb-border-radius-top-left:0px;--awb-border-radius-top-right:0px;--awb-border-radius-bottom-right:0px;--awb-border-radius-bottom-left:0px;--awb-flex-wrap:wrap;\" ><div class=\"fusion-builder-row fusion-row fusion-flex-align-items-flex-start fusion-flex-content-wrap\" style=\"max-width:1216.8px;margin-left: calc(-4% \/ 2 );margin-right: calc(-4% \/ 2 );\"><div class=\"fusion-layout-column fusion_builder_column fusion-builder-column-1 fusion_builder_column_1_2 1_2 fusion-flex-column\" style=\"--awb-bg-size:cover;--awb-width-large:50%;--awb-margin-top-large:0px;--awb-spacing-right-large:3.84%;--awb-margin-bottom-large:20px;--awb-spacing-left-large:3.84%;--awb-width-medium:100%;--awb-order-medium:0;--awb-spacing-right-medium:1.92%;--awb-spacing-left-medium:1.92%;--awb-width-small:100%;--awb-order-small:0;--awb-spacing-right-small:1.92%;--awb-spacing-left-small:1.92%;\"><div class=\"fusion-column-wrapper fusion-column-has-shadow fusion-flex-justify-content-flex-start fusion-content-layout-column\"><div class=\"fusion-image-element \" style=\"--awb-aspect-ratio:4 \/ 3;--awb-caption-title-font-family:var(--h2_typography-font-family);--awb-caption-title-font-weight:var(--h2_typography-font-weight);--awb-caption-title-font-style:var(--h2_typography-font-style);--awb-caption-title-size:var(--h2_typography-font-size);--awb-caption-title-transform:var(--h2_typography-text-transform);--awb-caption-title-line-height:var(--h2_typography-line-height);--awb-caption-title-letter-spacing:var(--h2_typography-letter-spacing);\"><span class=\" fusion-imageframe imageframe-none imageframe-1 hover-type-none has-aspect-ratio\"><img decoding=\"async\" width=\"600\" height=\"338\" alt=\"Strandnahe Ferienwohnung in Binz\" title=\"Ferienwohnung Binz strandnah\" src=\"https:\/\/form-klar.de\/fewo-binz\/wp-content\/uploads\/IMG_6277.jpg\" data-orig-src=\"https:\/\/form-klar.de\/fewo-binz\/wp-content\/uploads\/IMG_6277-600x338.jpg\" class=\"lazyload img-responsive wp-image-4038 img-with-aspect-ratio\" srcset=\"data:image\/svg+xml,%3Csvg%20xmlns%3D%27http%3A%2F%2Fwww.w3.org%2F2000%2Fsvg%27%20width%3D%271599%27%20height%3D%27900%27%20viewBox%3D%270%200%201599%20900%27%3E%3Crect%20width%3D%271599%27%20height%3D%27900%27%20fill-opacity%3D%220%22%2F%3E%3C%2Fsvg%3E\" data-srcset=\"https:\/\/form-klar.de\/fewo-binz\/wp-content\/uploads\/IMG_6277-200x113.jpg 200w, https:\/\/form-klar.de\/fewo-binz\/wp-content\/uploads\/IMG_6277-400x225.jpg 400w, https:\/\/form-klar.de\/fewo-binz\/wp-content\/uploads\/IMG_6277-600x338.jpg 600w, https:\/\/form-klar.de\/fewo-binz\/wp-content\/uploads\/IMG_6277-800x450.jpg 800w, https:\/\/form-klar.de\/fewo-binz\/wp-content\/uploads\/IMG_6277-1200x675.jpg 1200w, https:\/\/form-klar.de\/fewo-binz\/wp-content\/uploads\/IMG_6277.jpg 1599w\" data-sizes=\"auto\" data-orig-sizes=\"(max-width: 1024px) 100vw, (max-width: 640px) 100vw, 600px\" \/><\/span><\/div><\/div><\/div><div class=\"fusion-layout-column fusion_builder_column fusion-builder-column-2 fusion_builder_column_1_2 1_2 fusion-flex-column\" style=\"--awb-bg-size:cover;--awb-width-large:50%;--awb-margin-top-large:0px;--awb-spacing-right-large:3.84%;--awb-margin-bottom-large:20px;--awb-spacing-left-large:3.84%;--awb-width-medium:100%;--awb-order-medium:0;--awb-spacing-right-medium:1.92%;--awb-spacing-left-medium:1.92%;--awb-width-small:100%;--awb-order-small:0;--awb-spacing-right-small:1.92%;--awb-spacing-left-small:1.92%;\"><div class=\"fusion-column-wrapper fusion-column-has-shadow fusion-flex-justify-content-flex-start fusion-content-layout-column\"><div class=\"fusion-image-element \" style=\"--awb-aspect-ratio:4 \/ 3;--awb-caption-title-font-family:var(--h2_typography-font-family);--awb-caption-title-font-weight:var(--h2_typography-font-weight);--awb-caption-title-font-style:var(--h2_typography-font-style);--awb-caption-title-size:var(--h2_typography-font-size);--awb-caption-title-transform:var(--h2_typography-text-transform);--awb-caption-title-line-height:var(--h2_typography-line-height);--awb-caption-title-letter-spacing:var(--h2_typography-letter-spacing);\"><span class=\" fusion-imageframe imageframe-none imageframe-2 hover-type-none has-aspect-ratio\"><img decoding=\"async\" width=\"600\" height=\"450\" alt=\"Ferienwohnung Binz privat\" title=\"Sch\u00f6ne Ferienwohnung Binz privat\" src=\"https:\/\/form-klar.de\/fewo-binz\/wp-content\/uploads\/IMG_59102.jpg\" data-orig-src=\"https:\/\/form-klar.de\/fewo-binz\/wp-content\/uploads\/IMG_59102-600x450.jpg\" class=\"lazyload img-responsive wp-image-3836 img-with-aspect-ratio\" srcset=\"data:image\/svg+xml,%3Csvg%20xmlns%3D%27http%3A%2F%2Fwww.w3.org%2F2000%2Fsvg%27%20width%3D%271600%27%20height%3D%271200%27%20viewBox%3D%270%200%201600%201200%27%3E%3Crect%20width%3D%271600%27%20height%3D%271200%27%20fill-opacity%3D%220%22%2F%3E%3C%2Fsvg%3E\" data-srcset=\"https:\/\/form-klar.de\/fewo-binz\/wp-content\/uploads\/IMG_59102-200x150.jpg 200w, https:\/\/form-klar.de\/fewo-binz\/wp-content\/uploads\/IMG_59102-400x300.jpg 400w, https:\/\/form-klar.de\/fewo-binz\/wp-content\/uploads\/IMG_59102-600x450.jpg 600w, https:\/\/form-klar.de\/fewo-binz\/wp-content\/uploads\/IMG_59102-800x600.jpg 800w, https:\/\/form-klar.de\/fewo-binz\/wp-content\/uploads\/IMG_59102-1200x900.jpg 1200w, https:\/\/form-klar.de\/fewo-binz\/wp-content\/uploads\/IMG_59102.jpg 1600w\" data-sizes=\"auto\" data-orig-sizes=\"(max-width: 1024px) 100vw, (max-width: 640px) 100vw, 600px\" \/><\/span><\/div><\/div><\/div><\/div><\/div><div class=\"fusion-fullwidth fullwidth-box fusion-builder-row-3 fusion-flex-container has-pattern-background has-mask-background nonhundred-percent-fullwidth non-hundred-percent-height-scrolling\" style=\"--awb-border-radius-top-left:0px;--awb-border-radius-top-right:0px;--awb-border-radius-bottom-right:0px;--awb-border-radius-bottom-left:0px;--awb-flex-wrap:wrap;\" ><div class=\"fusion-builder-row fusion-row fusion-flex-align-items-flex-start fusion-flex-content-wrap\" style=\"max-width:1216.8px;margin-left: calc(-4% \/ 2 );margin-right: calc(-4% \/ 2 );\"><div class=\"fusion-layout-column fusion_builder_column fusion-builder-column-3 fusion_builder_column_1_1 1_1 fusion-flex-column\" style=\"--awb-bg-size:cover;--awb-width-large:100%;--awb-margin-top-large:0px;--awb-spacing-right-large:1.92%;--awb-margin-bottom-large:20px;--awb-spacing-left-large:1.92%;--awb-width-medium:100%;--awb-order-medium:0;--awb-spacing-right-medium:1.92%;--awb-spacing-left-medium:1.92%;--awb-width-small:100%;--awb-order-small:0;--awb-spacing-right-small:1.92%;--awb-spacing-left-small:1.92%;\"><div class=\"fusion-column-wrapper fusion-column-has-shadow fusion-flex-justify-content-flex-start fusion-content-layout-column\"><div class=\"fusion-text fusion-text-2\"><h3>Wir freuen uns auf Ihr Interesse an unserer Ferienwohnung in Binz \u2013 buchen Sie am besten direkt beim Vermieter<\/h3>\n<p>Machen Sie doch mal einfach <a title=\"Urlaub im Ostseebad Binz\" href=\"https:\/\/form-klar.de\/fewo-binz\/ostseebad-binz\/\"><strong>Urlaub in Binz<\/strong><\/a>! Wir begr\u00fc\u00dfen Sie hier in einem der sch\u00f6nsten Ostseeb\u00e4der der Insel R\u00fcgen. Erhalten Sie hier mehr Informationen zu Ihrer Ferienwohnung. Die Wohnung befindet sich im Appartementhaus \u201eJahreszeiten\u201c direkt in der Margaretenstra\u00dfe. Diese auch als Kunstmeile bekannte kleine Fu\u00dfg\u00e4ngerstra\u00dfe f\u00fchrt Sie direkt zur Strandpromenade, die sich nur etwa 40 Meter von Ihrer Wohnung entfernt befindet.<\/p>\n<h3>Hier \u2013 50 Meter vom Strand entfernt \u2013 befindet sich Ihre Ferienwohnung in Binz<\/h3>\n<p>Hier befinden sich auch in n\u00e4chster N\u00e4he der Kurplatz sowie die ber\u00fchmte&nbsp;<strong>Seebr\u00fccke von Binz<\/strong>. Einkaufsm\u00f6glichkeiten sind in H\u00fclle und F\u00fclle vorhanden. Im Haus befindet sich \u00fcbrigens auch im Fahrstuhl \u2013 auf diese Weise k\u00f6nnen Sie sehr bequem Ihre&nbsp;<strong>Ferienwohnung<\/strong> erreichen. \u00dcbrigens: Auch einen Fahrradabstellbereich gibt es im Haus. In der Wohnung haben Sie au\u00dferdem kostenlosen Zugang zum WLAN.<\/p>\n<h2>Und so ist Ihre FeWo an der Kunstmeile Binz ausgestattet<\/h2>\n<p>Ihre Wohnung verf\u00fcgt \u00fcber einen 5 qm gro\u00dfen \u00fcberdachten Balkon. Hier hat ein bequemer Strandkorb seinen Platz, den Sie f\u00fcr entspannte Minuten zum Kaffeetrinken nutzen k\u00f6nnen. Die Wohnung verf\u00fcgt \u00fcber einen Flachbildfernseher sowie \u00fcber eine gro\u00dfe Voll-K\u00fcche mit Herd und K\u00fchlschrank, Geschirrsp\u00fcler und Mikrowelle. Das&nbsp;<strong>hochwertig ausgestattete Bad<\/strong> verf\u00fcgt \u00fcber eine Dusche. Entspannen Sie sich nun in Ihrem Urlaub \u2013 viel Vergn\u00fcgen!<\/p>\n<p><strong>Fragen Sie uns einfach an:<\/strong><\/p>\n<p><strong>per Anruf unter \u260e\ufe0f<\/strong> <strong><a title=\"Ferienwohnung Binz strandnah Telefonnummer\" href=\"tel:+491744469235\">0174 4469235<\/a><\/strong>&nbsp;oder <strong>per E-Mail<\/strong> unter \ud83d\udcd1 <a title=\"Ferienwohnung Binz strandnah E-Mail-Adresse\" href=\"mailto:kontakt@ferienwohnung-binz-strandnah.de\"><strong>kontakt@ferienwohnung-binz-strandnah.de<\/strong><\/a><\/p>\n<\/div><\/div><\/div><\/div><\/div><\/p>\n","protected":false},"excerpt":{"rendered":"","protected":false},"author":3,"featured_media":4038,"parent":0,"menu_order":0,"comment_status":"closed","ping_status":"closed","template":"","meta":{"footnotes":""},"class_list":["post-4296","page","type-page","status-publish","has-post-thumbnail","hentry"],"yoast_head":"<!-- This site is optimized with the Yoast SEO plugin v24.3 - https:\/\/yoast.com\/wordpress\/plugins\/seo\/ -->\n<title>Kunstmeile Binz | Ihr Urlaub auf R\u00fcgen | FeWo 40 Meter zum Strand<\/title>\n<meta name=\"description\" content=\"Urlaub in Binz: Willkommen im Ostseebad \u2705 Buchen Sie Ihre FeWo direkt an der Kunstmeile Binz in der Margaretenstra\u00dfe nahe Seebr\u00fccke \u2705 Ferienwohnung Binz \u2705\" \/>\n<meta name=\"robots\" content=\"noindex, follow, max-snippet:-1, max-image-preview:large, max-video-preview:-1\" \/>\n<meta property=\"og:locale\" content=\"de_DE\" \/>\n<meta property=\"og:type\" content=\"article\" \/>\n<meta property=\"og:title\" content=\"Kunstmeile Binz | Ihr Urlaub auf R\u00fcgen | FeWo 40 Meter zum Strand\" \/>\n<meta property=\"og:description\" content=\"Urlaub in Binz: Willkommen im Ostseebad \u2705 Buchen Sie Ihre FeWo direkt an der Kunstmeile Binz in der Margaretenstra\u00dfe nahe Seebr\u00fccke \u2705 Ferienwohnung Binz \u2705\" \/>\n<meta property=\"og:url\" content=\"https:\/\/form-klar.de\/fewo-binz\/kunstmeile-binz\/\" \/>\n<meta property=\"og:site_name\" content=\"Ferienwohnung Binz Strandnah\" \/>\n<meta property=\"article:modified_time\" content=\"2025-04-30T08:14:22+00:00\" \/>\n<meta property=\"og:image\" content=\"https:\/\/form-klar.de\/fewo-binz\/wp-content\/uploads\/IMG_6277.jpg\" \/>\n\t<meta property=\"og:image:width\" content=\"1599\" \/>\n\t<meta property=\"og:image:height\" content=\"900\" \/>\n\t<meta property=\"og:image:type\" content=\"image\/jpeg\" \/>\n<meta name=\"twitter:card\" content=\"summary_large_image\" \/>\n<meta name=\"twitter:label1\" content=\"Gesch\u00e4tzte Lesezeit\" \/>\n\t<meta name=\"twitter:data1\" content=\"12\u00a0Minuten\" \/>\n<script type=\"application\/ld+json\" class=\"yoast-schema-graph\">{\"@context\":\"https:\/\/schema.org\",\"@graph\":[{\"@type\":\"WebPage\",\"@id\":\"https:\/\/form-klar.de\/fewo-binz\/kunstmeile-binz\/\",\"url\":\"https:\/\/form-klar.de\/fewo-binz\/kunstmeile-binz\/\",\"name\":\"Kunstmeile Binz | Ihr Urlaub auf R\u00fcgen | FeWo 40 Meter zum Strand\",\"isPartOf\":{\"@id\":\"https:\/\/form-klar.de\/fewo-binz\/#website\"},\"primaryImageOfPage\":{\"@id\":\"https:\/\/form-klar.de\/fewo-binz\/kunstmeile-binz\/#primaryimage\"},\"image\":{\"@id\":\"https:\/\/form-klar.de\/fewo-binz\/kunstmeile-binz\/#primaryimage\"},\"thumbnailUrl\":\"https:\/\/form-klar.de\/fewo-binz\/wp-content\/uploads\/IMG_6277.jpg\",\"datePublished\":\"2020-05-29T07:53:26+00:00\",\"dateModified\":\"2025-04-30T08:14:22+00:00\",\"description\":\"Urlaub in Binz: Willkommen im Ostseebad \u2705 Buchen Sie Ihre FeWo direkt an der Kunstmeile Binz in der Margaretenstra\u00dfe nahe Seebr\u00fccke \u2705 Ferienwohnung Binz \u2705\",\"breadcrumb\":{\"@id\":\"https:\/\/form-klar.de\/fewo-binz\/kunstmeile-binz\/#breadcrumb\"},\"inLanguage\":\"de\",\"potentialAction\":[{\"@type\":\"ReadAction\",\"target\":[\"https:\/\/form-klar.de\/fewo-binz\/kunstmeile-binz\/\"]}]},{\"@type\":\"ImageObject\",\"inLanguage\":\"de\",\"@id\":\"https:\/\/form-klar.de\/fewo-binz\/kunstmeile-binz\/#primaryimage\",\"url\":\"https:\/\/form-klar.de\/fewo-binz\/wp-content\/uploads\/IMG_6277.jpg\",\"contentUrl\":\"https:\/\/form-klar.de\/fewo-binz\/wp-content\/uploads\/IMG_6277.jpg\",\"width\":1599,\"height\":900,\"caption\":\"Strandnahe Ferienwohnung in Binz\"},{\"@type\":\"BreadcrumbList\",\"@id\":\"https:\/\/form-klar.de\/fewo-binz\/kunstmeile-binz\/#breadcrumb\",\"itemListElement\":[{\"@type\":\"ListItem\",\"position\":1,\"name\":\"Startseite\",\"item\":\"https:\/\/form-klar.de\/fewo-binz\/\"},{\"@type\":\"ListItem\",\"position\":2,\"name\":\"Kunstmeile Binz\"}]},{\"@type\":\"WebSite\",\"@id\":\"https:\/\/form-klar.de\/fewo-binz\/#website\",\"url\":\"https:\/\/form-klar.de\/fewo-binz\/\",\"name\":\"Ferienwohnung Binz Strandnah\",\"description\":\"\",\"potentialAction\":[{\"@type\":\"SearchAction\",\"target\":{\"@type\":\"EntryPoint\",\"urlTemplate\":\"https:\/\/form-klar.de\/fewo-binz\/?s={search_term_string}\"},\"query-input\":{\"@type\":\"PropertyValueSpecification\",\"valueRequired\":true,\"valueName\":\"search_term_string\"}}],\"inLanguage\":\"de\"}]}<\/script>\n<!-- \/ Yoast SEO plugin. -->","yoast_head_json":{"title":"Kunstmeile Binz | Ihr Urlaub auf R\u00fcgen | FeWo 40 Meter zum Strand","description":"Urlaub in Binz: Willkommen im Ostseebad \u2705 Buchen Sie Ihre FeWo direkt an der Kunstmeile Binz in der Margaretenstra\u00dfe nahe Seebr\u00fccke \u2705 Ferienwohnung Binz \u2705","robots":{"index":"noindex","follow":"follow","max-snippet":"max-snippet:-1","max-image-preview":"max-image-preview:large","max-video-preview":"max-video-preview:-1"},"og_locale":"de_DE","og_type":"article","og_title":"Kunstmeile Binz | Ihr Urlaub auf R\u00fcgen | FeWo 40 Meter zum Strand","og_description":"Urlaub in Binz: Willkommen im Ostseebad \u2705 Buchen Sie Ihre FeWo direkt an der Kunstmeile Binz in der Margaretenstra\u00dfe nahe Seebr\u00fccke \u2705 Ferienwohnung Binz \u2705","og_url":"https:\/\/form-klar.de\/fewo-binz\/kunstmeile-binz\/","og_site_name":"Ferienwohnung Binz Strandnah","article_modified_time":"2025-04-30T08:14:22+00:00","og_image":[{"width":1599,"height":900,"url":"https:\/\/form-klar.de\/fewo-binz\/wp-content\/uploads\/IMG_6277.jpg","type":"image\/jpeg"}],"twitter_card":"summary_large_image","twitter_misc":{"Gesch\u00e4tzte Lesezeit":"12\u00a0Minuten"},"schema":{"@context":"https:\/\/schema.org","@graph":[{"@type":"WebPage","@id":"https:\/\/form-klar.de\/fewo-binz\/kunstmeile-binz\/","url":"https:\/\/form-klar.de\/fewo-binz\/kunstmeile-binz\/","name":"Kunstmeile Binz | Ihr Urlaub auf R\u00fcgen | FeWo 40 Meter zum Strand","isPartOf":{"@id":"https:\/\/form-klar.de\/fewo-binz\/#website"},"primaryImageOfPage":{"@id":"https:\/\/form-klar.de\/fewo-binz\/kunstmeile-binz\/#primaryimage"},"image":{"@id":"https:\/\/form-klar.de\/fewo-binz\/kunstmeile-binz\/#primaryimage"},"thumbnailUrl":"https:\/\/form-klar.de\/fewo-binz\/wp-content\/uploads\/IMG_6277.jpg","datePublished":"2020-05-29T07:53:26+00:00","dateModified":"2025-04-30T08:14:22+00:00","description":"Urlaub in Binz: Willkommen im Ostseebad \u2705 Buchen Sie Ihre FeWo direkt an der Kunstmeile Binz in der Margaretenstra\u00dfe nahe Seebr\u00fccke \u2705 Ferienwohnung Binz \u2705","breadcrumb":{"@id":"https:\/\/form-klar.de\/fewo-binz\/kunstmeile-binz\/#breadcrumb"},"inLanguage":"de","potentialAction":[{"@type":"ReadAction","target":["https:\/\/form-klar.de\/fewo-binz\/kunstmeile-binz\/"]}]},{"@type":"ImageObject","inLanguage":"de","@id":"https:\/\/form-klar.de\/fewo-binz\/kunstmeile-binz\/#primaryimage","url":"https:\/\/form-klar.de\/fewo-binz\/wp-content\/uploads\/IMG_6277.jpg","contentUrl":"https:\/\/form-klar.de\/fewo-binz\/wp-content\/uploads\/IMG_6277.jpg","width":1599,"height":900,"caption":"Strandnahe Ferienwohnung in Binz"},{"@type":"BreadcrumbList","@id":"https:\/\/form-klar.de\/fewo-binz\/kunstmeile-binz\/#breadcrumb","itemListElement":[{"@type":"ListItem","position":1,"name":"Startseite","item":"https:\/\/form-klar.de\/fewo-binz\/"},{"@type":"ListItem","position":2,"name":"Kunstmeile Binz"}]},{"@type":"WebSite","@id":"https:\/\/form-klar.de\/fewo-binz\/#website","url":"https:\/\/form-klar.de\/fewo-binz\/","name":"Ferienwohnung Binz Strandnah","description":"","potentialAction":[{"@type":"SearchAction","target":{"@type":"EntryPoint","urlTemplate":"https:\/\/form-klar.de\/fewo-binz\/?s={search_term_string}"},"query-input":{"@type":"PropertyValueSpecification","valueRequired":true,"valueName":"search_term_string"}}],"inLanguage":"de"}]}},"_links":{"self":[{"href":"https:\/\/form-klar.de\/fewo-binz\/wp-json\/wp\/v2\/pages\/4296","targetHints":{"allow":["GET"]}}],"collection":[{"href":"https:\/\/form-klar.de\/fewo-binz\/wp-json\/wp\/v2\/pages"}],"about":[{"href":"https:\/\/form-klar.de\/fewo-binz\/wp-json\/wp\/v2\/types\/page"}],"author":[{"embeddable":true,"href":"https:\/\/form-klar.de\/fewo-binz\/wp-json\/wp\/v2\/users\/3"}],"replies":[{"embeddable":true,"href":"https:\/\/form-klar.de\/fewo-binz\/wp-json\/wp\/v2\/comments?post=4296"}],"version-history":[{"count":5,"href":"https:\/\/form-klar.de\/fewo-binz\/wp-json\/wp\/v2\/pages\/4296\/revisions"}],"predecessor-version":[{"id":4647,"href":"https:\/\/form-klar.de\/fewo-binz\/wp-json\/wp\/v2\/pages\/4296\/revisions\/4647"}],"wp:featuredmedia":[{"embeddable":true,"href":"https:\/\/form-klar.de\/fewo-binz\/wp-json\/wp\/v2\/media\/4038"}],"wp:attachment":[{"href":"https:\/\/form-klar.de\/fewo-binz\/wp-json\/wp\/v2\/media?parent=4296"}],"curies":[{"name":"wp","href":"https:\/\/api.w.org\/{rel}","templated":true}]}}