{"id":4215,"date":"2019-09-05T15:07:10","date_gmt":"2019-09-05T13:07:10","guid":{"rendered":"https:\/\/www.ferienwohnung-binz-strandnah.de\/?page_id=4215"},"modified":"2019-10-18T16:06:23","modified_gmt":"2019-10-18T14:06:23","slug":"urlaub-in-binz","status":"publish","type":"page","link":"https:\/\/form-klar.de\/fewo-binz\/urlaub-in-binz\/","title":{"rendered":"Urlaub in Binz"},"content":{"rendered":"<p><img class=\"lazyload\" decoding=\"async\" width=\"1140\" height=\"954\" src=\"https:\/\/form-klar.de\/fewo-binz\/wp-content\/uploads\/wohnzimmer-1200x1004.jpg\" data-orig-src=\"https:\/\/form-klar.de\/fewo-binz\/wp-content\/uploads\/wohnzimmer-1200x1004.jpg\" alt=\"Fewo in Binz mit Fernseher\" srcset=\"data:image\/svg+xml,%3Csvg%20xmlns%3D%27http%3A%2F%2Fwww.w3.org%2F2000%2Fsvg%27%20width%3D%271140%27%20height%3D%27954%27%20viewBox%3D%270%200%201140%20954%27%3E%3Crect%20width%3D%271140%27%20height%3D%27954%27%20fill-opacity%3D%220%22%2F%3E%3C%2Fsvg%3E\" data-srcset=\"https:\/\/form-klar.de\/fewo-binz\/wp-content\/uploads\/wohnzimmer-1200x1004.jpg 1200w, https:\/\/form-klar.de\/fewo-binz\/wp-content\/uploads\/wohnzimmer-300x251.jpg 300w, https:\/\/form-klar.de\/fewo-binz\/wp-content\/uploads\/wohnzimmer-768x642.jpg 768w, https:\/\/form-klar.de\/fewo-binz\/wp-content\/uploads\/wohnzimmer.jpg 1444w\" data-sizes=\"auto\" data-orig-sizes=\"(max-width: 1140px) 100vw, 1140px\" \/>\t\t\t\t\t\t\t\t\t\t\t<\/p>\n<h2>Urlaub in Binz: Ferienwohnung nahe Seebr\u00fccke buchen<\/h2>\n<p>Machen Sie <strong>Urlaub in Binz<\/strong>! Wir bieten Ihnen unsere Ferienwohnung in einem der sch\u00f6nsten Ostseeb\u00e4der auf R\u00fcgen an. Mehr Urlaub geht einfach nicht. Wenn Sie m\u00f6gen, buchen Sie einfach direkt \u00fcber unsere Webseite ferienwohnung-binz-strandnah.de<\/p>\n<h3>40 Meter bis zum Strand \u2013 und trotzdem in ruhiger Lage<\/h3>\n<p>Sie buchen \u00fcbrigens eine Wohnung in der sch\u00f6nen Margaretenstra\u00dfe in Binz. Glich um die Ecke befindet sich die ber\u00fchmte <strong>Promenade des Kurorts<\/strong> mit den sch\u00f6nen <strong>Ostseevillen in B\u00e4der-Architektur<\/strong>.<\/p>\n<p><strong>Urlaub in Binz macht wirklich Spa\u00df<\/strong>. Denn der Ort macht wirklich etwas her. Von der Seeseite ist Binz ein wahres <strong>Kleinod der Ostsee<\/strong>.<\/p>\n<h3>Die Lage des Ostseebades macht Binz zu etwas Besonderen auf R\u00fcgen<\/h3>\n<p><strong>Direkt 40 Meter von Ihrer Wohnung entfernt<\/strong>, erstreckt sich einer der l\u00e4ngsten Sandstr\u00e4nde R\u00fcgens. Von hier aus k\u00f6nnen Sie \u00fcber herrlichen Ostseesand schlendern wandern oder Joggen \u2013 bis nach Prora entlang mehrere Kilometer <strong>Ostsee pur erleben<\/strong>. Rechterhand vom Ostseebad erheben sich W\u00e4lder und Steilk\u00fcste, die zum <strong>Wandern und Radfahren<\/strong> einladen.<\/p>\n<h3>Ausflugstipps f\u00fcr Ihren Urlaub in Binz<\/h3>\n<p>Eigentlich k\u00f6nnte dank der <strong>Promenaden-Architektur<\/strong> des sch\u00f6nen Ostseebades, den <strong>Caf\u00e9s und Restaurants<\/strong> rund um Ihre Ferienwohnung, sowie dem herrlichen Sandstrand Ihr Urlaub schon ausreichend vollgepackt sein. Aber R\u00fcgen bietet eben noch weitaus mehr. Lernen Sie den atemberaubenden <strong>Nationalpark Jasmund<\/strong> mit seinen Kreidefelsen kennen. Dieser beginnt gleich hinter <strong>Sassnitz<\/strong> und ist sogar mit dem Fahrrad gut erreichbar. Die Kreidefelsen malte einst schon <strong>Caspar David Friedrich<\/strong>!<\/p>\n<h3>Sie wollen etwas erleben? Mit dem Rad aber auch mit dem Auto sind Sie hier gut unterwegs!<\/h3>\n<p>Als Zwischenstopp k\u00f6nnen Sie Sassnitz mit seinem F\u00e4hrhafen einplanen. Aber vielleicht m\u00f6chten Sie auch das Jagdschloss Granitz besuchen?<\/p>\n<p>\t\t\t\t\t\t\t\t\t\t<img class=\"lazyload\" decoding=\"async\" width=\"1140\" height=\"770\" src=\"https:\/\/form-klar.de\/fewo-binz\/wp-content\/uploads\/roter_Strandkorb_03-1200x811.jpg\" data-orig-src=\"https:\/\/form-klar.de\/fewo-binz\/wp-content\/uploads\/roter_Strandkorb_03-1200x811.jpg\" alt=\"Urlaub in Binz Strandkorb Fewo Strandnah Binz\" srcset=\"data:image\/svg+xml,%3Csvg%20xmlns%3D%27http%3A%2F%2Fwww.w3.org%2F2000%2Fsvg%27%20width%3D%271140%27%20height%3D%27770%27%20viewBox%3D%270%200%201140%20770%27%3E%3Crect%20width%3D%271140%27%20height%3D%27770%27%20fill-opacity%3D%220%22%2F%3E%3C%2Fsvg%3E\" data-srcset=\"https:\/\/form-klar.de\/fewo-binz\/wp-content\/uploads\/roter_Strandkorb_03-1200x811.jpg 1200w, https:\/\/form-klar.de\/fewo-binz\/wp-content\/uploads\/roter_Strandkorb_03-300x203.jpg 300w, https:\/\/form-klar.de\/fewo-binz\/wp-content\/uploads\/roter_Strandkorb_03-768x519.jpg 768w\" data-sizes=\"auto\" data-orig-sizes=\"(max-width: 1140px) 100vw, 1140px\" \/>\t\t\t\t\t\t\t\t\t\t\t<\/p>\n<p>Das k\u00f6nnen Sie sogar mit einer <strong>Wanderung<\/strong> oder einer kleinen <strong>Radtour<\/strong> verbinden. Auch hier gibt es entlang des Weges eine Steilk\u00fcste mit atemberaubenden Ansichten auf die Weite der Ostsee!<\/p>\n<p><a title=\"Jetzt Anfragen oder gleich buchen!\" href=\"https:\/\/form-klar.de\/fewo-binz\/buchung\/\"><strong>\u00dcbernachten Sie bei uns in unserer Ferienwohnung<\/strong><\/a>! Unser Tipp: Lassen Sie den Urlaub in Binz mit einem entspannten Fr\u00fchst\u00fcck beginnen. Kein Hotelstress \u2013 Sie bestimmen \u00fcber Ihre Zeit einfach selbst! Das ist Entspannung pur!<\/p>\n<p><a title=\"Ferienwohnung Binz Strandnah\" href=\"https:\/\/form-klar.de\/fewo-binz\/\"><strong>Mieten Sie jetzt Ihre Urlaubsoase<\/strong><\/a> \u2013 Machen Sie Urlaub in Binz &#8211; Die Ferienwohnung befindet sich nicht weit von der <strong>Seebr\u00fccke und vom Strand<\/strong>.<\/p>\n","protected":false},"excerpt":{"rendered":"<p>Urlaub in Binz: Ferienwohnung nahe Seebr\u00fccke buchen Machen Sie Urlaub in Binz! Wir bieten Ihnen unsere Ferienwohnung in einem der sch\u00f6nsten Ostseeb\u00e4der auf R\u00fcgen an. Mehr Urlaub geht einfach nicht. Wenn Sie m\u00f6gen, buchen Sie einfach direkt \u00fcber unsere Webseite  [&#8230;]<\/p>\n","protected":false},"author":3,"featured_media":4070,"parent":0,"menu_order":0,"comment_status":"closed","ping_status":"closed","template":"","meta":{"footnotes":""},"class_list":["post-4215","page","type-page","status-publish","has-post-thumbnail","hentry"],"yoast_head":"<!-- This site is optimized with the Yoast SEO plugin v24.3 - https:\/\/yoast.com\/wordpress\/plugins\/seo\/ -->\n<title>Urlaub Binz | R\u00fcgen entdecken | 40 Meter zum Strand | Ferienwohnung<\/title>\n<meta name=\"description\" content=\"Willkommen im Ostseebad \u2705 direkt beim Vermieter buchen \u2705 FeWo Binz \u201eStrandnah\u201c \u2705 in der Margaretenstra\u00dfe nahe Seebr\u00fccke \u2705 Urlaub in Binz \u2705\" \/>\n<meta name=\"robots\" content=\"noindex, follow, max-snippet:-1, max-image-preview:large, max-video-preview:-1\" \/>\n<meta property=\"og:locale\" content=\"de_DE\" \/>\n<meta property=\"og:type\" content=\"article\" \/>\n<meta property=\"og:title\" content=\"Urlaub Binz | R\u00fcgen entdecken | 40 Meter zum Strand | Ferienwohnung\" \/>\n<meta property=\"og:description\" content=\"Willkommen im Ostseebad \u2705 direkt beim Vermieter buchen \u2705 FeWo Binz \u201eStrandnah\u201c \u2705 in der Margaretenstra\u00dfe nahe Seebr\u00fccke \u2705 Urlaub in Binz \u2705\" \/>\n<meta property=\"og:url\" content=\"https:\/\/form-klar.de\/fewo-binz\/urlaub-in-binz\/\" \/>\n<meta property=\"og:site_name\" content=\"Ferienwohnung Binz Strandnah\" \/>\n<meta property=\"article:modified_time\" content=\"2019-10-18T14:06:23+00:00\" \/>\n<meta property=\"og:image\" content=\"https:\/\/form-klar.de\/fewo-binz\/wp-content\/uploads\/ferienwohnung-strandnah-binz.jpg\" \/>\n\t<meta property=\"og:image:width\" content=\"1920\" \/>\n\t<meta property=\"og:image:height\" content=\"1080\" \/>\n\t<meta property=\"og:image:type\" content=\"image\/jpeg\" \/>\n<meta name=\"twitter:card\" content=\"summary_large_image\" \/>\n<meta name=\"twitter:label1\" content=\"Gesch\u00e4tzte Lesezeit\" \/>\n\t<meta name=\"twitter:data1\" content=\"2\u00a0Minuten\" \/>\n<script type=\"application\/ld+json\" class=\"yoast-schema-graph\">{\"@context\":\"https:\/\/schema.org\",\"@graph\":[{\"@type\":\"WebPage\",\"@id\":\"https:\/\/form-klar.de\/fewo-binz\/urlaub-in-binz\/\",\"url\":\"https:\/\/form-klar.de\/fewo-binz\/urlaub-in-binz\/\",\"name\":\"Urlaub Binz | R\u00fcgen entdecken | 40 Meter zum Strand | Ferienwohnung\",\"isPartOf\":{\"@id\":\"https:\/\/form-klar.de\/fewo-binz\/#website\"},\"primaryImageOfPage\":{\"@id\":\"https:\/\/form-klar.de\/fewo-binz\/urlaub-in-binz\/#primaryimage\"},\"image\":{\"@id\":\"https:\/\/form-klar.de\/fewo-binz\/urlaub-in-binz\/#primaryimage\"},\"thumbnailUrl\":\"https:\/\/form-klar.de\/fewo-binz\/wp-content\/uploads\/ferienwohnung-strandnah-binz.jpg\",\"datePublished\":\"2019-09-05T13:07:10+00:00\",\"dateModified\":\"2019-10-18T14:06:23+00:00\",\"description\":\"Willkommen im Ostseebad \u2705 direkt beim Vermieter buchen \u2705 FeWo Binz \u201eStrandnah\u201c \u2705 in der Margaretenstra\u00dfe nahe Seebr\u00fccke \u2705 Urlaub in Binz \u2705\",\"breadcrumb\":{\"@id\":\"https:\/\/form-klar.de\/fewo-binz\/urlaub-in-binz\/#breadcrumb\"},\"inLanguage\":\"de\",\"potentialAction\":[{\"@type\":\"ReadAction\",\"target\":[\"https:\/\/form-klar.de\/fewo-binz\/urlaub-in-binz\/\"]}]},{\"@type\":\"ImageObject\",\"inLanguage\":\"de\",\"@id\":\"https:\/\/form-klar.de\/fewo-binz\/urlaub-in-binz\/#primaryimage\",\"url\":\"https:\/\/form-klar.de\/fewo-binz\/wp-content\/uploads\/ferienwohnung-strandnah-binz.jpg\",\"contentUrl\":\"https:\/\/form-klar.de\/fewo-binz\/wp-content\/uploads\/ferienwohnung-strandnah-binz.jpg\",\"width\":1920,\"height\":1080,\"caption\":\"Strandnahe Ferienwohnung in Binz\"},{\"@type\":\"BreadcrumbList\",\"@id\":\"https:\/\/form-klar.de\/fewo-binz\/urlaub-in-binz\/#breadcrumb\",\"itemListElement\":[{\"@type\":\"ListItem\",\"position\":1,\"name\":\"Startseite\",\"item\":\"https:\/\/form-klar.de\/fewo-binz\/\"},{\"@type\":\"ListItem\",\"position\":2,\"name\":\"Urlaub in Binz\"}]},{\"@type\":\"WebSite\",\"@id\":\"https:\/\/form-klar.de\/fewo-binz\/#website\",\"url\":\"https:\/\/form-klar.de\/fewo-binz\/\",\"name\":\"Ferienwohnung Binz Strandnah\",\"description\":\"\",\"potentialAction\":[{\"@type\":\"SearchAction\",\"target\":{\"@type\":\"EntryPoint\",\"urlTemplate\":\"https:\/\/form-klar.de\/fewo-binz\/?s={search_term_string}\"},\"query-input\":{\"@type\":\"PropertyValueSpecification\",\"valueRequired\":true,\"valueName\":\"search_term_string\"}}],\"inLanguage\":\"de\"}]}<\/script>\n<!-- \/ Yoast SEO plugin. -->","yoast_head_json":{"title":"Urlaub Binz | R\u00fcgen entdecken | 40 Meter zum Strand | Ferienwohnung","description":"Willkommen im Ostseebad \u2705 direkt beim Vermieter buchen \u2705 FeWo Binz \u201eStrandnah\u201c \u2705 in der Margaretenstra\u00dfe nahe Seebr\u00fccke \u2705 Urlaub in Binz \u2705","robots":{"index":"noindex","follow":"follow","max-snippet":"max-snippet:-1","max-image-preview":"max-image-preview:large","max-video-preview":"max-video-preview:-1"},"og_locale":"de_DE","og_type":"article","og_title":"Urlaub Binz | R\u00fcgen entdecken | 40 Meter zum Strand | Ferienwohnung","og_description":"Willkommen im Ostseebad \u2705 direkt beim Vermieter buchen \u2705 FeWo Binz \u201eStrandnah\u201c \u2705 in der Margaretenstra\u00dfe nahe Seebr\u00fccke \u2705 Urlaub in Binz \u2705","og_url":"https:\/\/form-klar.de\/fewo-binz\/urlaub-in-binz\/","og_site_name":"Ferienwohnung Binz Strandnah","article_modified_time":"2019-10-18T14:06:23+00:00","og_image":[{"width":1920,"height":1080,"url":"https:\/\/form-klar.de\/fewo-binz\/wp-content\/uploads\/ferienwohnung-strandnah-binz.jpg","type":"image\/jpeg"}],"twitter_card":"summary_large_image","twitter_misc":{"Gesch\u00e4tzte Lesezeit":"2\u00a0Minuten"},"schema":{"@context":"https:\/\/schema.org","@graph":[{"@type":"WebPage","@id":"https:\/\/form-klar.de\/fewo-binz\/urlaub-in-binz\/","url":"https:\/\/form-klar.de\/fewo-binz\/urlaub-in-binz\/","name":"Urlaub Binz | R\u00fcgen entdecken | 40 Meter zum Strand | Ferienwohnung","isPartOf":{"@id":"https:\/\/form-klar.de\/fewo-binz\/#website"},"primaryImageOfPage":{"@id":"https:\/\/form-klar.de\/fewo-binz\/urlaub-in-binz\/#primaryimage"},"image":{"@id":"https:\/\/form-klar.de\/fewo-binz\/urlaub-in-binz\/#primaryimage"},"thumbnailUrl":"https:\/\/form-klar.de\/fewo-binz\/wp-content\/uploads\/ferienwohnung-strandnah-binz.jpg","datePublished":"2019-09-05T13:07:10+00:00","dateModified":"2019-10-18T14:06:23+00:00","description":"Willkommen im Ostseebad \u2705 direkt beim Vermieter buchen \u2705 FeWo Binz \u201eStrandnah\u201c \u2705 in der Margaretenstra\u00dfe nahe Seebr\u00fccke \u2705 Urlaub in Binz \u2705","breadcrumb":{"@id":"https:\/\/form-klar.de\/fewo-binz\/urlaub-in-binz\/#breadcrumb"},"inLanguage":"de","potentialAction":[{"@type":"ReadAction","target":["https:\/\/form-klar.de\/fewo-binz\/urlaub-in-binz\/"]}]},{"@type":"ImageObject","inLanguage":"de","@id":"https:\/\/form-klar.de\/fewo-binz\/urlaub-in-binz\/#primaryimage","url":"https:\/\/form-klar.de\/fewo-binz\/wp-content\/uploads\/ferienwohnung-strandnah-binz.jpg","contentUrl":"https:\/\/form-klar.de\/fewo-binz\/wp-content\/uploads\/ferienwohnung-strandnah-binz.jpg","width":1920,"height":1080,"caption":"Strandnahe Ferienwohnung in Binz"},{"@type":"BreadcrumbList","@id":"https:\/\/form-klar.de\/fewo-binz\/urlaub-in-binz\/#breadcrumb","itemListElement":[{"@type":"ListItem","position":1,"name":"Startseite","item":"https:\/\/form-klar.de\/fewo-binz\/"},{"@type":"ListItem","position":2,"name":"Urlaub in Binz"}]},{"@type":"WebSite","@id":"https:\/\/form-klar.de\/fewo-binz\/#website","url":"https:\/\/form-klar.de\/fewo-binz\/","name":"Ferienwohnung Binz Strandnah","description":"","potentialAction":[{"@type":"SearchAction","target":{"@type":"EntryPoint","urlTemplate":"https:\/\/form-klar.de\/fewo-binz\/?s={search_term_string}"},"query-input":{"@type":"PropertyValueSpecification","valueRequired":true,"valueName":"search_term_string"}}],"inLanguage":"de"}]}},"_links":{"self":[{"href":"https:\/\/form-klar.de\/fewo-binz\/wp-json\/wp\/v2\/pages\/4215","targetHints":{"allow":["GET"]}}],"collection":[{"href":"https:\/\/form-klar.de\/fewo-binz\/wp-json\/wp\/v2\/pages"}],"about":[{"href":"https:\/\/form-klar.de\/fewo-binz\/wp-json\/wp\/v2\/types\/page"}],"author":[{"embeddable":true,"href":"https:\/\/form-klar.de\/fewo-binz\/wp-json\/wp\/v2\/users\/3"}],"replies":[{"embeddable":true,"href":"https:\/\/form-klar.de\/fewo-binz\/wp-json\/wp\/v2\/comments?post=4215"}],"version-history":[{"count":6,"href":"https:\/\/form-klar.de\/fewo-binz\/wp-json\/wp\/v2\/pages\/4215\/revisions"}],"predecessor-version":[{"id":4250,"href":"https:\/\/form-klar.de\/fewo-binz\/wp-json\/wp\/v2\/pages\/4215\/revisions\/4250"}],"wp:featuredmedia":[{"embeddable":true,"href":"https:\/\/form-klar.de\/fewo-binz\/wp-json\/wp\/v2\/media\/4070"}],"wp:attachment":[{"href":"https:\/\/form-klar.de\/fewo-binz\/wp-json\/wp\/v2\/media?parent=4215"}],"curies":[{"name":"wp","href":"https:\/\/api.w.org\/{rel}","templated":true}]}}