{"id":4137,"date":"2019-05-04T17:02:56","date_gmt":"2019-05-04T15:02:56","guid":{"rendered":"https:\/\/www.ferienwohnung-binz-strandnah.de\/?page_id=4137"},"modified":"2025-04-30T10:09:14","modified_gmt":"2025-04-30T08:09:14","slug":"ferienwohnung-nahe-seebruecke","status":"publish","type":"page","link":"https:\/\/form-klar.de\/fewo-binz\/ferienwohnung-nahe-seebruecke\/","title":{"rendered":"Ferienwohnung nahe Seebr\u00fccke"},"content":{"rendered":"<p><div class=\"fusion-fullwidth fullwidth-box fusion-builder-row-1 fusion-flex-container nonhundred-percent-fullwidth non-hundred-percent-height-scrolling\" style=\"--awb-border-radius-top-left:0px;--awb-border-radius-top-right:0px;--awb-border-radius-bottom-right:0px;--awb-border-radius-bottom-left:0px;--awb-flex-wrap:wrap;\" ><div class=\"fusion-builder-row fusion-row fusion-flex-align-items-flex-start fusion-flex-content-wrap\" style=\"max-width:1216.8px;margin-left: calc(-4% \/ 2 );margin-right: calc(-4% \/ 2 );\"><div class=\"fusion-layout-column fusion_builder_column fusion-builder-column-0 fusion_builder_column_1_1 1_1 fusion-flex-column\" style=\"--awb-bg-size:cover;--awb-width-large:100%;--awb-margin-top-large:0px;--awb-spacing-right-large:1.92%;--awb-margin-bottom-large:0px;--awb-spacing-left-large:1.92%;--awb-width-medium:100%;--awb-spacing-right-medium:1.92%;--awb-spacing-left-medium:1.92%;--awb-width-small:100%;--awb-spacing-right-small:1.92%;--awb-spacing-left-small:1.92%;\"><div class=\"fusion-column-wrapper fusion-flex-justify-content-flex-start fusion-content-layout-column\"><div class=\"fusion-text fusion-text-1\"><h2>Urlaub Binz: Ferienwohnung nahe Seebr\u00fccke buchen<\/h2>\n<p>Sie suchen eine <strong>Ferienwohnung nahe Seebr\u00fccke in Binz<\/strong>? Buchen Sie doch am besten <a href=\"https:\/\/form-klar.de\/fewo-binz\/buchung\/\"><strong>gleich beim Vermieter<\/strong><\/a>. Damit kommen Sie g\u00fcnstig weg in den Urlaub. Die <strong>Strandpromenade<\/strong> und die <strong>Seebr\u00fccke<\/strong> sind nur einen kurzen Spaziergang entfernt. Erleben Sie <a href=\"https:\/\/form-klar.de\/fewo-binz\/ostseebad-binz\/\"><strong>das Ostseebad Binz<\/strong><\/a> von seiner sch\u00f6nsten Seite!<\/p>\n<h3>Unsere R\u00fcgen Tipps f\u00fcr Sie<\/h3>\n<p>Ihre <strong>Ferienwohnung nahe Seebr\u00fccke<\/strong> l\u00e4dt Sie ein zu sch\u00f6nen Spazierg\u00e4ngen am Strand. Denn in <strong>Binz<\/strong> finden Sie den l\u00e4ngsten und <strong>sch\u00f6nsten Sandstrand<\/strong> der <strong>Insel R\u00fcgen<\/strong>. Ob Joggen, Strandspaziergang oder Baden \u2013 hier f\u00fchlen Sie sich wohl. <strong>Unser Tipp<\/strong>: Auch mit dem Fahrrad ist <strong>R\u00fcgen<\/strong> gut zu entdecken. Besorgen Sie sich einfach eine <strong>Fahrradkarte<\/strong>, <strong>Fahrr\u00e4der k\u00f6nnen Sie \u00fcberall ausleihen<\/strong>. Und los geht\u2019s auf abwechslungsreiche Touren.<\/p>\n<p>&nbsp;<\/p>\n<\/div><\/div><\/div><\/div><\/div><div class=\"fusion-fullwidth fullwidth-box fusion-builder-row-2 fusion-flex-container has-pattern-background has-mask-background nonhundred-percent-fullwidth non-hundred-percent-height-scrolling\" style=\"--awb-border-radius-top-left:0px;--awb-border-radius-top-right:0px;--awb-border-radius-bottom-right:0px;--awb-border-radius-bottom-left:0px;--awb-flex-wrap:wrap;\" ><div class=\"fusion-builder-row fusion-row fusion-flex-align-items-flex-start fusion-flex-content-wrap\" style=\"max-width:1216.8px;margin-left: calc(-4% \/ 2 );margin-right: calc(-4% \/ 2 );\"><div class=\"fusion-layout-column fusion_builder_column fusion-builder-column-1 fusion_builder_column_1_2 1_2 fusion-flex-column\" style=\"--awb-bg-size:cover;--awb-width-large:50%;--awb-margin-top-large:0px;--awb-spacing-right-large:3.84%;--awb-margin-bottom-large:20px;--awb-spacing-left-large:3.84%;--awb-width-medium:100%;--awb-order-medium:0;--awb-spacing-right-medium:1.92%;--awb-spacing-left-medium:1.92%;--awb-width-small:100%;--awb-order-small:0;--awb-spacing-right-small:1.92%;--awb-spacing-left-small:1.92%;\"><div class=\"fusion-column-wrapper fusion-column-has-shadow fusion-flex-justify-content-flex-start fusion-content-layout-column\"><div class=\"fusion-image-element \" style=\"--awb-aspect-ratio:4 \/ 3;--awb-caption-title-font-family:var(--h2_typography-font-family);--awb-caption-title-font-weight:var(--h2_typography-font-weight);--awb-caption-title-font-style:var(--h2_typography-font-style);--awb-caption-title-size:var(--h2_typography-font-size);--awb-caption-title-transform:var(--h2_typography-text-transform);--awb-caption-title-line-height:var(--h2_typography-line-height);--awb-caption-title-letter-spacing:var(--h2_typography-letter-spacing);\"><span class=\" fusion-imageframe imageframe-none imageframe-1 hover-type-none has-aspect-ratio\"><img decoding=\"async\" width=\"600\" height=\"450\" alt=\"Fewo mit Strandkorb in Binz\" title=\"Ferienwohnung mit Strandkorb auf dem Balkon Binz\" src=\"https:\/\/form-klar.de\/fewo-binz\/wp-content\/uploads\/P4260046-01.jpeg\" data-orig-src=\"https:\/\/form-klar.de\/fewo-binz\/wp-content\/uploads\/P4260046-01-600x450.jpeg\" class=\"lazyload img-responsive wp-image-4236 img-with-aspect-ratio\" srcset=\"data:image\/svg+xml,%3Csvg%20xmlns%3D%27http%3A%2F%2Fwww.w3.org%2F2000%2Fsvg%27%20width%3D%271920%27%20height%3D%271440%27%20viewBox%3D%270%200%201920%201440%27%3E%3Crect%20width%3D%271920%27%20height%3D%271440%27%20fill-opacity%3D%220%22%2F%3E%3C%2Fsvg%3E\" data-srcset=\"https:\/\/form-klar.de\/fewo-binz\/wp-content\/uploads\/P4260046-01-200x150.jpeg 200w, https:\/\/form-klar.de\/fewo-binz\/wp-content\/uploads\/P4260046-01-400x300.jpeg 400w, https:\/\/form-klar.de\/fewo-binz\/wp-content\/uploads\/P4260046-01-600x450.jpeg 600w, https:\/\/form-klar.de\/fewo-binz\/wp-content\/uploads\/P4260046-01-800x600.jpeg 800w, https:\/\/form-klar.de\/fewo-binz\/wp-content\/uploads\/P4260046-01-1200x900.jpeg 1200w, https:\/\/form-klar.de\/fewo-binz\/wp-content\/uploads\/P4260046-01.jpeg 1920w\" data-sizes=\"auto\" data-orig-sizes=\"(max-width: 1024px) 100vw, (max-width: 640px) 100vw, 600px\" \/><\/span><\/div><\/div><\/div><div class=\"fusion-layout-column fusion_builder_column fusion-builder-column-2 fusion_builder_column_1_2 1_2 fusion-flex-column\" style=\"--awb-bg-size:cover;--awb-width-large:50%;--awb-margin-top-large:0px;--awb-spacing-right-large:3.84%;--awb-margin-bottom-large:20px;--awb-spacing-left-large:3.84%;--awb-width-medium:100%;--awb-order-medium:0;--awb-spacing-right-medium:1.92%;--awb-spacing-left-medium:1.92%;--awb-width-small:100%;--awb-order-small:0;--awb-spacing-right-small:1.92%;--awb-spacing-left-small:1.92%;\"><div class=\"fusion-column-wrapper fusion-column-has-shadow fusion-flex-justify-content-flex-start fusion-content-layout-column\"><div class=\"fusion-image-element \" style=\"--awb-aspect-ratio:4 \/ 3;--awb-caption-title-font-family:var(--h2_typography-font-family);--awb-caption-title-font-weight:var(--h2_typography-font-weight);--awb-caption-title-font-style:var(--h2_typography-font-style);--awb-caption-title-size:var(--h2_typography-font-size);--awb-caption-title-transform:var(--h2_typography-text-transform);--awb-caption-title-line-height:var(--h2_typography-line-height);--awb-caption-title-letter-spacing:var(--h2_typography-letter-spacing);\"><span class=\" fusion-imageframe imageframe-none imageframe-2 hover-type-none has-aspect-ratio\"><img decoding=\"async\" width=\"600\" height=\"404\" alt=\"Panorama Ostseebad Binz\" title=\"Ostseebad Binz Strandbr\u00fccke\" src=\"https:\/\/form-klar.de\/fewo-binz\/wp-content\/uploads\/P1100064_Binz-Panorama_03.jpg\" data-orig-src=\"https:\/\/form-klar.de\/fewo-binz\/wp-content\/uploads\/P1100064_Binz-Panorama_03-600x404.jpg\" class=\"lazyload img-responsive wp-image-3923 img-with-aspect-ratio\" srcset=\"data:image\/svg+xml,%3Csvg%20xmlns%3D%27http%3A%2F%2Fwww.w3.org%2F2000%2Fsvg%27%20width%3D%271920%27%20height%3D%271293%27%20viewBox%3D%270%200%201920%201293%27%3E%3Crect%20width%3D%271920%27%20height%3D%271293%27%20fill-opacity%3D%220%22%2F%3E%3C%2Fsvg%3E\" data-srcset=\"https:\/\/form-klar.de\/fewo-binz\/wp-content\/uploads\/P1100064_Binz-Panorama_03-200x135.jpg 200w, https:\/\/form-klar.de\/fewo-binz\/wp-content\/uploads\/P1100064_Binz-Panorama_03-400x269.jpg 400w, https:\/\/form-klar.de\/fewo-binz\/wp-content\/uploads\/P1100064_Binz-Panorama_03-600x404.jpg 600w, https:\/\/form-klar.de\/fewo-binz\/wp-content\/uploads\/P1100064_Binz-Panorama_03-800x539.jpg 800w, https:\/\/form-klar.de\/fewo-binz\/wp-content\/uploads\/P1100064_Binz-Panorama_03-1200x808.jpg 1200w, https:\/\/form-klar.de\/fewo-binz\/wp-content\/uploads\/P1100064_Binz-Panorama_03.jpg 1920w\" data-sizes=\"auto\" data-orig-sizes=\"(max-width: 1024px) 100vw, (max-width: 640px) 100vw, 600px\" \/><\/span><\/div><\/div><\/div><\/div><\/div><div class=\"fusion-fullwidth fullwidth-box fusion-builder-row-3 fusion-flex-container has-pattern-background has-mask-background nonhundred-percent-fullwidth non-hundred-percent-height-scrolling\" style=\"--awb-border-radius-top-left:0px;--awb-border-radius-top-right:0px;--awb-border-radius-bottom-right:0px;--awb-border-radius-bottom-left:0px;--awb-flex-wrap:wrap;\" ><div class=\"fusion-builder-row fusion-row fusion-flex-align-items-flex-start fusion-flex-content-wrap\" style=\"max-width:1216.8px;margin-left: calc(-4% \/ 2 );margin-right: calc(-4% \/ 2 );\"><div class=\"fusion-layout-column fusion_builder_column fusion-builder-column-3 fusion_builder_column_1_1 1_1 fusion-flex-column\" style=\"--awb-bg-size:cover;--awb-width-large:100%;--awb-margin-top-large:0px;--awb-spacing-right-large:1.92%;--awb-margin-bottom-large:20px;--awb-spacing-left-large:1.92%;--awb-width-medium:100%;--awb-order-medium:0;--awb-spacing-right-medium:1.92%;--awb-spacing-left-medium:1.92%;--awb-width-small:100%;--awb-order-small:0;--awb-spacing-right-small:1.92%;--awb-spacing-left-small:1.92%;\"><div class=\"fusion-column-wrapper fusion-column-has-shadow fusion-flex-justify-content-flex-start fusion-content-layout-column\"><div class=\"fusion-text fusion-text-2\"><h3>Darum lohnt sich ein Spaziergang der Seebr\u00fccke Binz<\/h3>\n<p>Sie gehen gern beim <strong>Sonnenuntergang am Meer<\/strong> spazieren? Dann ist Binz wie geschaffen f\u00fcr Sie. Besonders die <strong>Seebr\u00fccke in Binz<\/strong> gibt Ihnen dabei eine v\u00f6llig neue Perspektive. Denn <strong>370 Meter<\/strong> ragt Sie in die Ostsee hinein. Die <strong>zweitl\u00e4ngste Seebr\u00fccke<\/strong> zeigt Ihnen das <strong>Ostseebad<\/strong>, wie es vom Meer aussieht. Ein Platz zum Tr\u00e4umen und Seeluft schnuppern.<strong> 1902 wurde die erste Br\u00fccke erbaut<\/strong>. Damals legten hier die gro\u00dfen Dampfer an, denn <strong>der R\u00fcgendamm<\/strong>, \u00fcber den heute der Verkehr l\u00e4uft, war noch nicht erbaut. <strong>Die heutige Br\u00fccke<\/strong> wurde \u00fcbrigens erst <strong>1994 neu gebaut<\/strong> und eingeweiht. Sie m\u00f6chten mal die ber\u00fchmten <strong>Kreidefelsen von R\u00fcgen besuchen<\/strong>? Dann sind Sie auf der Seebr\u00fccke genau richtig. Denn hier legen die <strong>Ausflugsschiffe auf dem Weg zum K\u00f6nigsstuhl<\/strong> an. Nehmen Sie einfach das <strong>Schiff nach Sa\u00dfnitz<\/strong>!<\/p>\n<h4>Ferienwohnung nahe Seebr\u00fccke \u2013 mittendrin in Ihrem Urlaub<\/h4>\n<p>Ihre <strong>Ferienwohnung<\/strong> liegt \u00fcbrigens<strong> in Binz<\/strong> in der gem\u00fctlichen <strong>Margaretenstra\u00dfe<\/strong>. In den kleinen L\u00e4dchen treffen Sie auf <strong>hiesige K\u00fcnstler<\/strong> und Ihre Produkte, Auch einen <strong>Latte oder Cappuccino<\/strong> k\u00f6nnen Sie jederzeit hier genie\u00dfen.<\/p>\n<p>Genie\u00dfen Sie ebenso die typische <strong>B\u00e4derarchitektur in Binz<\/strong>. <strong>Ihre Anfrage richten Sie am besten direkt an uns<\/strong>;<\/p>\n<p>Anruf gen\u00fcgt unter \u260e\ufe0f <strong><a href=\"tel:+491744469235\">0174 4469235<\/a><\/strong>. Oder fragen Sie uns per E-Mail an ? <a href=\"mailto:kontakt@ferienwohnung-binz-strandnah.de\"><strong>kontakt@ferienwohnung-binz-strandnah.de<\/strong><\/a><\/p>\n<p>Sie haben einen Beitrag zum Thema &#8222;<strong><em>Ferienwohnung nahe Seebr\u00fccke<\/em><\/strong>&#8220; gelesen.<\/p>\n<\/div><\/div><\/div><\/div><\/div><\/p>\n","protected":false},"excerpt":{"rendered":"","protected":false},"author":3,"featured_media":4070,"parent":0,"menu_order":0,"comment_status":"closed","ping_status":"closed","template":"","meta":{"footnotes":""},"class_list":["post-4137","page","type-page","status-publish","has-post-thumbnail","hentry"],"yoast_head":"<!-- This site is optimized with the Yoast SEO plugin v24.3 - https:\/\/yoast.com\/wordpress\/plugins\/seo\/ -->\n<title>Ferienwohnung nahe Seebr\u00fccke | Binz FeWo \u201eStrandnah\u201c | R\u00fcgen erleben<\/title>\n<meta name=\"description\" content=\"Ferienwohnung nahe Seebr\u00fccke \u2705 Urlaub auf R\u00fcgen \u2705 5 Minuten bis zum Strand \u2705 direkt beim Vermieter buchen \u2705 FeWo Binz \u201eStrandnah\u201c \u2705\" \/>\n<meta name=\"robots\" content=\"noindex, follow, max-snippet:-1, max-image-preview:large, max-video-preview:-1\" \/>\n<meta property=\"og:locale\" content=\"de_DE\" \/>\n<meta property=\"og:type\" content=\"article\" \/>\n<meta property=\"og:title\" content=\"Ferienwohnung nahe Seebr\u00fccke | Binz FeWo \u201eStrandnah\u201c | R\u00fcgen erleben\" \/>\n<meta property=\"og:description\" content=\"Ferienwohnung nahe Seebr\u00fccke \u2705 Urlaub auf R\u00fcgen \u2705 5 Minuten bis zum Strand \u2705 direkt beim Vermieter buchen \u2705 FeWo Binz \u201eStrandnah\u201c \u2705\" \/>\n<meta property=\"og:url\" content=\"https:\/\/form-klar.de\/fewo-binz\/ferienwohnung-nahe-seebruecke\/\" \/>\n<meta property=\"og:site_name\" content=\"Ferienwohnung Binz Strandnah\" \/>\n<meta property=\"article:modified_time\" content=\"2025-04-30T08:09:14+00:00\" \/>\n<meta property=\"og:image\" content=\"https:\/\/form-klar.de\/fewo-binz\/wp-content\/uploads\/ferienwohnung-strandnah-binz.jpg\" \/>\n\t<meta property=\"og:image:width\" content=\"1920\" \/>\n\t<meta property=\"og:image:height\" content=\"1080\" \/>\n\t<meta property=\"og:image:type\" content=\"image\/jpeg\" \/>\n<meta name=\"twitter:card\" content=\"summary_large_image\" \/>\n<meta name=\"twitter:label1\" content=\"Gesch\u00e4tzte Lesezeit\" \/>\n\t<meta name=\"twitter:data1\" content=\"12\u00a0Minuten\" \/>\n<script type=\"application\/ld+json\" class=\"yoast-schema-graph\">{\"@context\":\"https:\/\/schema.org\",\"@graph\":[{\"@type\":\"WebPage\",\"@id\":\"https:\/\/form-klar.de\/fewo-binz\/ferienwohnung-nahe-seebruecke\/\",\"url\":\"https:\/\/form-klar.de\/fewo-binz\/ferienwohnung-nahe-seebruecke\/\",\"name\":\"Ferienwohnung nahe Seebr\u00fccke | Binz FeWo \u201eStrandnah\u201c | R\u00fcgen erleben\",\"isPartOf\":{\"@id\":\"https:\/\/form-klar.de\/fewo-binz\/#website\"},\"primaryImageOfPage\":{\"@id\":\"https:\/\/form-klar.de\/fewo-binz\/ferienwohnung-nahe-seebruecke\/#primaryimage\"},\"image\":{\"@id\":\"https:\/\/form-klar.de\/fewo-binz\/ferienwohnung-nahe-seebruecke\/#primaryimage\"},\"thumbnailUrl\":\"https:\/\/form-klar.de\/fewo-binz\/wp-content\/uploads\/ferienwohnung-strandnah-binz.jpg\",\"datePublished\":\"2019-05-04T15:02:56+00:00\",\"dateModified\":\"2025-04-30T08:09:14+00:00\",\"description\":\"Ferienwohnung nahe Seebr\u00fccke \u2705 Urlaub auf R\u00fcgen \u2705 5 Minuten bis zum Strand \u2705 direkt beim Vermieter buchen \u2705 FeWo Binz \u201eStrandnah\u201c \u2705\",\"breadcrumb\":{\"@id\":\"https:\/\/form-klar.de\/fewo-binz\/ferienwohnung-nahe-seebruecke\/#breadcrumb\"},\"inLanguage\":\"de\",\"potentialAction\":[{\"@type\":\"ReadAction\",\"target\":[\"https:\/\/form-klar.de\/fewo-binz\/ferienwohnung-nahe-seebruecke\/\"]}]},{\"@type\":\"ImageObject\",\"inLanguage\":\"de\",\"@id\":\"https:\/\/form-klar.de\/fewo-binz\/ferienwohnung-nahe-seebruecke\/#primaryimage\",\"url\":\"https:\/\/form-klar.de\/fewo-binz\/wp-content\/uploads\/ferienwohnung-strandnah-binz.jpg\",\"contentUrl\":\"https:\/\/form-klar.de\/fewo-binz\/wp-content\/uploads\/ferienwohnung-strandnah-binz.jpg\",\"width\":1920,\"height\":1080,\"caption\":\"Strandnahe Ferienwohnung in Binz\"},{\"@type\":\"BreadcrumbList\",\"@id\":\"https:\/\/form-klar.de\/fewo-binz\/ferienwohnung-nahe-seebruecke\/#breadcrumb\",\"itemListElement\":[{\"@type\":\"ListItem\",\"position\":1,\"name\":\"Startseite\",\"item\":\"https:\/\/form-klar.de\/fewo-binz\/\"},{\"@type\":\"ListItem\",\"position\":2,\"name\":\"Ferienwohnung nahe Seebr\u00fccke\"}]},{\"@type\":\"WebSite\",\"@id\":\"https:\/\/form-klar.de\/fewo-binz\/#website\",\"url\":\"https:\/\/form-klar.de\/fewo-binz\/\",\"name\":\"Ferienwohnung Binz Strandnah\",\"description\":\"\",\"potentialAction\":[{\"@type\":\"SearchAction\",\"target\":{\"@type\":\"EntryPoint\",\"urlTemplate\":\"https:\/\/form-klar.de\/fewo-binz\/?s={search_term_string}\"},\"query-input\":{\"@type\":\"PropertyValueSpecification\",\"valueRequired\":true,\"valueName\":\"search_term_string\"}}],\"inLanguage\":\"de\"}]}<\/script>\n<!-- \/ Yoast SEO plugin. -->","yoast_head_json":{"title":"Ferienwohnung nahe Seebr\u00fccke | Binz FeWo \u201eStrandnah\u201c | R\u00fcgen erleben","description":"Ferienwohnung nahe Seebr\u00fccke \u2705 Urlaub auf R\u00fcgen \u2705 5 Minuten bis zum Strand \u2705 direkt beim Vermieter buchen \u2705 FeWo Binz \u201eStrandnah\u201c \u2705","robots":{"index":"noindex","follow":"follow","max-snippet":"max-snippet:-1","max-image-preview":"max-image-preview:large","max-video-preview":"max-video-preview:-1"},"og_locale":"de_DE","og_type":"article","og_title":"Ferienwohnung nahe Seebr\u00fccke | Binz FeWo \u201eStrandnah\u201c | R\u00fcgen erleben","og_description":"Ferienwohnung nahe Seebr\u00fccke \u2705 Urlaub auf R\u00fcgen \u2705 5 Minuten bis zum Strand \u2705 direkt beim Vermieter buchen \u2705 FeWo Binz \u201eStrandnah\u201c \u2705","og_url":"https:\/\/form-klar.de\/fewo-binz\/ferienwohnung-nahe-seebruecke\/","og_site_name":"Ferienwohnung Binz Strandnah","article_modified_time":"2025-04-30T08:09:14+00:00","og_image":[{"width":1920,"height":1080,"url":"https:\/\/form-klar.de\/fewo-binz\/wp-content\/uploads\/ferienwohnung-strandnah-binz.jpg","type":"image\/jpeg"}],"twitter_card":"summary_large_image","twitter_misc":{"Gesch\u00e4tzte Lesezeit":"12\u00a0Minuten"},"schema":{"@context":"https:\/\/schema.org","@graph":[{"@type":"WebPage","@id":"https:\/\/form-klar.de\/fewo-binz\/ferienwohnung-nahe-seebruecke\/","url":"https:\/\/form-klar.de\/fewo-binz\/ferienwohnung-nahe-seebruecke\/","name":"Ferienwohnung nahe Seebr\u00fccke | Binz FeWo \u201eStrandnah\u201c | R\u00fcgen erleben","isPartOf":{"@id":"https:\/\/form-klar.de\/fewo-binz\/#website"},"primaryImageOfPage":{"@id":"https:\/\/form-klar.de\/fewo-binz\/ferienwohnung-nahe-seebruecke\/#primaryimage"},"image":{"@id":"https:\/\/form-klar.de\/fewo-binz\/ferienwohnung-nahe-seebruecke\/#primaryimage"},"thumbnailUrl":"https:\/\/form-klar.de\/fewo-binz\/wp-content\/uploads\/ferienwohnung-strandnah-binz.jpg","datePublished":"2019-05-04T15:02:56+00:00","dateModified":"2025-04-30T08:09:14+00:00","description":"Ferienwohnung nahe Seebr\u00fccke \u2705 Urlaub auf R\u00fcgen \u2705 5 Minuten bis zum Strand \u2705 direkt beim Vermieter buchen \u2705 FeWo Binz \u201eStrandnah\u201c \u2705","breadcrumb":{"@id":"https:\/\/form-klar.de\/fewo-binz\/ferienwohnung-nahe-seebruecke\/#breadcrumb"},"inLanguage":"de","potentialAction":[{"@type":"ReadAction","target":["https:\/\/form-klar.de\/fewo-binz\/ferienwohnung-nahe-seebruecke\/"]}]},{"@type":"ImageObject","inLanguage":"de","@id":"https:\/\/form-klar.de\/fewo-binz\/ferienwohnung-nahe-seebruecke\/#primaryimage","url":"https:\/\/form-klar.de\/fewo-binz\/wp-content\/uploads\/ferienwohnung-strandnah-binz.jpg","contentUrl":"https:\/\/form-klar.de\/fewo-binz\/wp-content\/uploads\/ferienwohnung-strandnah-binz.jpg","width":1920,"height":1080,"caption":"Strandnahe Ferienwohnung in Binz"},{"@type":"BreadcrumbList","@id":"https:\/\/form-klar.de\/fewo-binz\/ferienwohnung-nahe-seebruecke\/#breadcrumb","itemListElement":[{"@type":"ListItem","position":1,"name":"Startseite","item":"https:\/\/form-klar.de\/fewo-binz\/"},{"@type":"ListItem","position":2,"name":"Ferienwohnung nahe Seebr\u00fccke"}]},{"@type":"WebSite","@id":"https:\/\/form-klar.de\/fewo-binz\/#website","url":"https:\/\/form-klar.de\/fewo-binz\/","name":"Ferienwohnung Binz Strandnah","description":"","potentialAction":[{"@type":"SearchAction","target":{"@type":"EntryPoint","urlTemplate":"https:\/\/form-klar.de\/fewo-binz\/?s={search_term_string}"},"query-input":{"@type":"PropertyValueSpecification","valueRequired":true,"valueName":"search_term_string"}}],"inLanguage":"de"}]}},"_links":{"self":[{"href":"https:\/\/form-klar.de\/fewo-binz\/wp-json\/wp\/v2\/pages\/4137","targetHints":{"allow":["GET"]}}],"collection":[{"href":"https:\/\/form-klar.de\/fewo-binz\/wp-json\/wp\/v2\/pages"}],"about":[{"href":"https:\/\/form-klar.de\/fewo-binz\/wp-json\/wp\/v2\/types\/page"}],"author":[{"embeddable":true,"href":"https:\/\/form-klar.de\/fewo-binz\/wp-json\/wp\/v2\/users\/3"}],"replies":[{"embeddable":true,"href":"https:\/\/form-klar.de\/fewo-binz\/wp-json\/wp\/v2\/comments?post=4137"}],"version-history":[{"count":9,"href":"https:\/\/form-klar.de\/fewo-binz\/wp-json\/wp\/v2\/pages\/4137\/revisions"}],"predecessor-version":[{"id":4646,"href":"https:\/\/form-klar.de\/fewo-binz\/wp-json\/wp\/v2\/pages\/4137\/revisions\/4646"}],"wp:featuredmedia":[{"embeddable":true,"href":"https:\/\/form-klar.de\/fewo-binz\/wp-json\/wp\/v2\/media\/4070"}],"wp:attachment":[{"href":"https:\/\/form-klar.de\/fewo-binz\/wp-json\/wp\/v2\/media?parent=4137"}],"curies":[{"name":"wp","href":"https:\/\/api.w.org\/{rel}","templated":true}]}}