{"id":3978,"date":"2019-01-04T13:10:23","date_gmt":"2019-01-04T12:10:23","guid":{"rendered":"https:\/\/www.ferienwohnung-binz-strandnah.de\/?page_id=3978"},"modified":"2025-01-23T12:16:01","modified_gmt":"2025-01-23T11:16:01","slug":"margaretenstrasse","status":"publish","type":"page","link":"https:\/\/form-klar.de\/fewo-binz\/margaretenstrasse\/","title":{"rendered":"Margaretenstra\u00dfe"},"content":{"rendered":"<p><div class=\"fusion-fullwidth fullwidth-box fusion-builder-row-1 fusion-flex-container has-pattern-background has-mask-background nonhundred-percent-fullwidth non-hundred-percent-height-scrolling\" style=\"--awb-border-radius-top-left:0px;--awb-border-radius-top-right:0px;--awb-border-radius-bottom-right:0px;--awb-border-radius-bottom-left:0px;--awb-padding-top:50px;--awb-padding-bottom:0px;--awb-background-color:var(--awb-color1);--awb-flex-wrap:wrap;\" ><div class=\"fusion-builder-row fusion-row fusion-flex-align-items-center fusion-flex-content-wrap\" style=\"max-width:1216.8px;margin-left: calc(-4% \/ 2 );margin-right: calc(-4% \/ 2 );\"><div class=\"fusion-layout-column fusion_builder_column fusion-builder-column-0 fusion_builder_column_1_1 1_1 fusion-flex-column\" style=\"--awb-bg-size:cover;--awb-border-color:var(--awb-color4);--awb-border-style:solid;--awb-width-large:100%;--awb-margin-top-large:0px;--awb-spacing-right-large:0%;--awb-margin-bottom-large:0px;--awb-spacing-left-large:1.92%;--awb-width-medium:100%;--awb-order-medium:0;--awb-spacing-right-medium:0%;--awb-spacing-left-medium:1.92%;--awb-width-small:100%;--awb-order-small:0;--awb-spacing-right-small:1.92%;--awb-spacing-left-small:1.92%;\"><div class=\"fusion-column-wrapper fusion-column-has-shadow fusion-flex-justify-content-flex-start fusion-content-layout-column\"><div class=\"fusion-title title fusion-title-1 fusion-title-center fusion-title-text fusion-title-size-one\"><div class=\"title-sep-container title-sep-container-left\"><div class=\"title-sep sep- sep-solid\" style=\"border-color:var(--awb-color3);\"><\/div><\/div><span class=\"awb-title-spacer\"><\/span><h1 class=\"fusion-title-heading title-heading-center\" style=\"margin:0;\"><h1 class=\"fusion-responsive-typography-calculated\" data-fontsize=\"48\" data-lineheight=\"53.28px\">Margaretenstra\u00dfe &#8211; die Kunstmeile des Ostseebad Binz<\/h1><\/h1><span class=\"awb-title-spacer\"><\/span><div class=\"title-sep-container title-sep-container-right\"><div class=\"title-sep sep- sep-solid\" style=\"border-color:var(--awb-color3);\"><\/div><\/div><\/div><div class=\"fusion-separator\" style=\"align-self: center;margin-left: auto;margin-right: auto;margin-top:0px;margin-bottom:20px;width:100%;max-width:50px;\"><div class=\"fusion-separator-border sep-single sep-solid\" style=\"--awb-height:20px;--awb-amount:20px;--awb-sep-color:var(--awb-color4);border-color:var(--awb-color4);border-top-width:1px;\"><\/div><\/div><div class=\"fusion-text fusion-text-1\" style=\"--awb-content-alignment:center;\"><h2 class=\"fusion-responsive-typography-calculated\" data-fontsize=\"26\" data-lineheight=\"28.86px\">Binzer Kunstmeile &#8211; die Bummelmeile mit k\u00fcnstlerischem Flair<\/h2>\n<\/div><\/div><\/div><div class=\"fusion-layout-column fusion_builder_column fusion-builder-column-1 fusion_builder_column_1_1 1_1 fusion-flex-column fusion-flex-align-self-flex-start fusion-column-no-min-height\" style=\"--awb-padding-top:50px;--awb-bg-blend:overlay;--awb-bg-size:cover;--awb-width-large:100%;--awb-margin-top-large:0px;--awb-spacing-right-large:1.92%;--awb-margin-bottom-large:0px;--awb-spacing-left-large:1.92%;--awb-width-medium:100%;--awb-spacing-right-medium:1.92%;--awb-spacing-left-medium:1.92%;--awb-width-small:100%;--awb-spacing-right-small:1.92%;--awb-spacing-left-small:1.92%;\"><div class=\"fusion-column-wrapper fusion-flex-justify-content-flex-start fusion-content-layout-column\"><div class=\"fusion-section-separator section-separator triangle fusion-section-separator-1\" style=\"--awb-border-bottom:1px solid var(--awb-color4);--awb-spacer-height:1px;--awb-svg-margin-left:1.92%;--awb-svg-margin-right:1.92%;--awb-svg-margin-left-medium:1.92%;--awb-svg-margin-right-medium:1.92%;--awb-svg-margin-left-small:1.92%;--awb-svg-margin-right-small:1.92%;--awb-icon-color:var(--awb-color1);\"><div class=\"fusion-section-separator-svg\"><div class=\"divider-candy-arrow bottom\" style=\"top:0px;border-top-color: var(--awb-color1);\"><\/div><div class=\"divider-candy bottom\" style=\"bottom:-21px;border-bottom:1px solid var(--awb-color4);border-left:1px solid var(--awb-color4);\"><\/div><\/div><div class=\"fusion-section-separator-spacer\"><div class=\"fusion-section-separator-spacer-height\"><\/div><\/div><\/div><\/div><\/div><\/div><\/div><div class=\"fusion-fullwidth fullwidth-box fusion-builder-row-2 fusion-flex-container has-pattern-background has-mask-background nonhundred-percent-fullwidth non-hundred-percent-height-scrolling\" style=\"--awb-border-radius-top-left:0px;--awb-border-radius-top-right:0px;--awb-border-radius-bottom-right:0px;--awb-border-radius-bottom-left:0px;--awb-padding-top:70px;--awb-padding-bottom:70px;--awb-background-color:var(--awb-custom_color_1);--awb-background-image:linear-gradient(180deg, var(--awb-color2) 0%,rgba(255,255,255,0) 100%);--awb-flex-wrap:wrap;\" ><div class=\"fusion-builder-row fusion-row fusion-flex-align-items-stretch fusion-flex-content-wrap\" style=\"max-width:1216.8px;margin-left: calc(-4% \/ 2 );margin-right: calc(-4% \/ 2 );\"><div class=\"fusion-layout-column fusion_builder_column fusion-builder-column-2 fusion_builder_column_1_2 1_2 fusion-flex-column\" style=\"--awb-bg-size:cover;--awb-width-large:50%;--awb-margin-top-large:0px;--awb-spacing-right-large:3.84%;--awb-margin-bottom-large:20px;--awb-spacing-left-large:3.84%;--awb-width-medium:50%;--awb-order-medium:0;--awb-spacing-right-medium:3.84%;--awb-spacing-left-medium:3.84%;--awb-width-small:100%;--awb-order-small:0;--awb-spacing-right-small:1.92%;--awb-spacing-left-small:1.92%;\"><div class=\"fusion-column-wrapper fusion-column-has-shadow fusion-flex-justify-content-flex-start fusion-content-layout-column\"><div class=\"fusion-image-element \" style=\"--awb-aspect-ratio:4 \/ 3;--awb-caption-title-font-family:var(--h2_typography-font-family);--awb-caption-title-font-weight:var(--h2_typography-font-weight);--awb-caption-title-font-style:var(--h2_typography-font-style);--awb-caption-title-size:var(--h2_typography-font-size);--awb-caption-title-transform:var(--h2_typography-text-transform);--awb-caption-title-line-height:var(--h2_typography-line-height);--awb-caption-title-letter-spacing:var(--h2_typography-letter-spacing);\"><span class=\" fusion-imageframe imageframe-none imageframe-1 hover-type-none has-aspect-ratio\"><img decoding=\"async\" width=\"600\" height=\"450\" title=\"Margaretenstra\u00dfe 20 in Binz\" src=\"https:\/\/form-klar.de\/fewo-binz\/wp-content\/uploads\/IMG_5920.jpg\" data-orig-src=\"https:\/\/form-klar.de\/fewo-binz\/wp-content\/uploads\/IMG_5920-600x450.jpg\" class=\"lazyload img-responsive wp-image-3851 img-with-aspect-ratio\" alt srcset=\"data:image\/svg+xml,%3Csvg%20xmlns%3D%27http%3A%2F%2Fwww.w3.org%2F2000%2Fsvg%27%20width%3D%271600%27%20height%3D%271200%27%20viewBox%3D%270%200%201600%201200%27%3E%3Crect%20width%3D%271600%27%20height%3D%271200%27%20fill-opacity%3D%220%22%2F%3E%3C%2Fsvg%3E\" data-srcset=\"https:\/\/form-klar.de\/fewo-binz\/wp-content\/uploads\/IMG_5920-200x150.jpg 200w, https:\/\/form-klar.de\/fewo-binz\/wp-content\/uploads\/IMG_5920-400x300.jpg 400w, https:\/\/form-klar.de\/fewo-binz\/wp-content\/uploads\/IMG_5920-600x450.jpg 600w, https:\/\/form-klar.de\/fewo-binz\/wp-content\/uploads\/IMG_5920-800x600.jpg 800w, https:\/\/form-klar.de\/fewo-binz\/wp-content\/uploads\/IMG_5920-1200x900.jpg 1200w, https:\/\/form-klar.de\/fewo-binz\/wp-content\/uploads\/IMG_5920.jpg 1600w\" data-sizes=\"auto\" data-orig-sizes=\"(max-width: 1024px) 100vw, (max-width: 640px) 100vw, 600px\" \/><\/span><\/div><\/div><\/div><div class=\"fusion-layout-column fusion_builder_column fusion-builder-column-3 fusion_builder_column_1_2 1_2 fusion-flex-column fusion-flex-align-self-center\" style=\"--awb-bg-size:cover;--awb-width-large:50%;--awb-margin-top-large:0px;--awb-spacing-right-large:3.84%;--awb-margin-bottom-large:20px;--awb-spacing-left-large:3.84%;--awb-width-medium:50%;--awb-order-medium:0;--awb-spacing-right-medium:3.84%;--awb-spacing-left-medium:3.84%;--awb-width-small:100%;--awb-order-small:0;--awb-spacing-right-small:1.92%;--awb-spacing-left-small:1.92%;\"><div class=\"fusion-column-wrapper fusion-column-has-shadow fusion-flex-justify-content-flex-start fusion-content-layout-column\"><div class=\"fusion-text fusion-text-2\" style=\"--awb-content-alignment:left;\"><p>Ganz in der N\u00e4he der sch\u00f6nen&nbsp;<strong>Binzer Strandpromenade<\/strong>&nbsp;liegt sie: Die&nbsp;<strong>Margaretenstra\u00dfe.<\/strong>&nbsp;Hier ganz in der N\u00e4he Ihrer&nbsp;<a href=\"https:\/\/form-klar.de\/fewo-binz\/ferienwohnung-strandnah\/\">Ferienwohnung<\/a>&nbsp;liegt dieses besondere Kleinod von&nbsp;<a href=\"https:\/\/form-klar.de\/fewo-binz\/ostseebad-binz\/\">Binz<\/a>. Ein kleines St\u00fcck abseits vom sommerlichen Trubel der Hauptpromenade betreten Sie diese Querstra\u00dfe mit kleinen K\u00fcnstler-L\u00e4dchen. Mittlerweile ist diese kleine Stra\u00dfe die eigentliche Kunstmeile von Binz. Hier erleben Sie echtes Urlaubsfeeling und k\u00fcnstlerisches Flair. Lernen Sie die hier ans\u00e4ssigen K\u00fcnstler und ihre Werke kennen und lieben.<\/p>\n<p>Was gibt es hier nicht alles zu bestaunen. Ob Fotografien, Malereien, handgefertigten Schmuck, Keramik oder mundgeblasenes Glas \u2013 tauchen Sie ein in die Vielfalt der Arbeiten der K\u00fcnstler hier auf R\u00fcgen und aus Binz. Bei einem Plausch mit den K\u00fcnstlern lernt man sich n\u00e4her kennen. Vielleicht erwerben Sie auch etwas, um es nach Hause mitzunehmen. Ob als Geschenk oder einfach f\u00fcr Sie selbst als Erinnerung. Die Erinnerung an Binz und R\u00fcgen und die Margaretenstra\u00dfe bleibt!<\/p>\n<p>\u00dcbrigens in der Keramikwerkstatt beispielsweise k\u00f6nnen Sie auch miterleben, wie die Kunstwerke entstehen. Ebenso k\u00f6nnen Sie selbst mit Hand anlegen oder Kurse besuchen. Sprechen Sie einfach die K\u00fcnstler an. So kommt keine Langeweile im Urlaub auf. Zudem l\u00e4dt die Stra\u00dfe zum Verweilen in ein sch\u00f6nes Strandcaf\u00e9 oder in eine Espressobar ein.<\/p>\n<\/div><\/div><\/div><div class=\"fusion-layout-column fusion_builder_column fusion-builder-column-4 fusion_builder_column_1_2 1_2 fusion-flex-column fusion-flex-align-self-center\" style=\"--awb-bg-size:cover;--awb-width-large:50%;--awb-margin-top-large:0px;--awb-spacing-right-large:3.84%;--awb-margin-bottom-large:20px;--awb-spacing-left-large:3.84%;--awb-width-medium:50%;--awb-order-medium:0;--awb-spacing-right-medium:3.84%;--awb-spacing-left-medium:3.84%;--awb-width-small:100%;--awb-order-small:0;--awb-spacing-right-small:1.92%;--awb-spacing-left-small:1.92%;\"><div class=\"fusion-column-wrapper fusion-column-has-shadow fusion-flex-justify-content-flex-start fusion-content-layout-column\"><div class=\"fusion-text fusion-text-3\" style=\"--awb-content-alignment:left;\"><h3 class=\"fusion-responsive-typography-calculated\" data-fontsize=\"24\" data-lineheight=\"26.64px\">Folgende Galerien und Kunstgesch\u00e4fte freuen sich auf Ihren Besuch<\/h3>\n<p><strong>Galerie Robert Denier<\/strong>&nbsp;&#8211; Fotografien &amp; Malerei<br \/><strong>NARRENKERAMIK<\/strong>&nbsp;Kathrin Gr\u00fcnke<br \/><strong>New Creations<\/strong>&nbsp;&#8211; Galerie f\u00fcr Kunst und Schmuck<br \/><strong>tonicum Keramik<\/strong><br \/><strong>Galerie Jahreszeiten<\/strong>&nbsp;&#8211; Karen Utermann<br \/><strong>Espresso &amp; Cocktail Bar<\/strong><br \/><strong>Glasbl\u00e4serei Binz<\/strong>&nbsp;(Ecke Schillerstra\u00dfe)<\/p>\n<p>Weitere Infos auf: www:www.kunstmeile-binz.de<\/p>\n<\/div><\/div><\/div><div class=\"fusion-layout-column fusion_builder_column fusion-builder-column-5 fusion_builder_column_1_2 1_2 fusion-flex-column\" style=\"--awb-bg-size:cover;--awb-width-large:50%;--awb-margin-top-large:0px;--awb-spacing-right-large:3.84%;--awb-margin-bottom-large:20px;--awb-spacing-left-large:5.184%;--awb-width-medium:50%;--awb-order-medium:0;--awb-spacing-right-medium:3.84%;--awb-spacing-left-medium:5.184%;--awb-width-small:100%;--awb-order-small:0;--awb-spacing-right-small:1.92%;--awb-spacing-left-small:1.92%;\"><div class=\"fusion-column-wrapper fusion-column-has-shadow fusion-flex-justify-content-flex-start fusion-content-layout-column\"><div class=\"fusion-image-element \" style=\"--awb-aspect-ratio:4 \/ 3;--awb-caption-title-font-family:var(--h2_typography-font-family);--awb-caption-title-font-weight:var(--h2_typography-font-weight);--awb-caption-title-font-style:var(--h2_typography-font-style);--awb-caption-title-size:var(--h2_typography-font-size);--awb-caption-title-transform:var(--h2_typography-text-transform);--awb-caption-title-line-height:var(--h2_typography-line-height);--awb-caption-title-letter-spacing:var(--h2_typography-letter-spacing);\"><span class=\" fusion-imageframe imageframe-none imageframe-2 hover-type-none has-aspect-ratio\"><img decoding=\"async\" width=\"600\" height=\"450\" alt=\"K\u00fcnstlermeile Binz Fewo\" title=\"Margaretenstra\u00dfe Binz\" src=\"https:\/\/form-klar.de\/fewo-binz\/wp-content\/uploads\/P1000865_03-1.jpg\" data-orig-src=\"https:\/\/form-klar.de\/fewo-binz\/wp-content\/uploads\/P1000865_03-1-600x450.jpg\" class=\"lazyload img-responsive wp-image-3913 img-with-aspect-ratio\" srcset=\"data:image\/svg+xml,%3Csvg%20xmlns%3D%27http%3A%2F%2Fwww.w3.org%2F2000%2Fsvg%27%20width%3D%271920%27%20height%3D%271440%27%20viewBox%3D%270%200%201920%201440%27%3E%3Crect%20width%3D%271920%27%20height%3D%271440%27%20fill-opacity%3D%220%22%2F%3E%3C%2Fsvg%3E\" data-srcset=\"https:\/\/form-klar.de\/fewo-binz\/wp-content\/uploads\/P1000865_03-1-200x150.jpg 200w, https:\/\/form-klar.de\/fewo-binz\/wp-content\/uploads\/P1000865_03-1-400x300.jpg 400w, https:\/\/form-klar.de\/fewo-binz\/wp-content\/uploads\/P1000865_03-1-600x450.jpg 600w, https:\/\/form-klar.de\/fewo-binz\/wp-content\/uploads\/P1000865_03-1-800x600.jpg 800w, https:\/\/form-klar.de\/fewo-binz\/wp-content\/uploads\/P1000865_03-1-1200x900.jpg 1200w, https:\/\/form-klar.de\/fewo-binz\/wp-content\/uploads\/P1000865_03-1.jpg 1920w\" data-sizes=\"auto\" data-orig-sizes=\"(max-width: 1024px) 100vw, (max-width: 640px) 100vw, 600px\" \/><\/span><\/div><\/div><\/div><\/div><\/div><\/p>\n","protected":false},"excerpt":{"rendered":"","protected":false},"author":2,"featured_media":3913,"parent":0,"menu_order":2,"comment_status":"closed","ping_status":"closed","template":"100-width.php","meta":{"footnotes":""},"class_list":["post-3978","page","type-page","status-publish","has-post-thumbnail","hentry"],"yoast_head":"<!-- This site is optimized with the Yoast SEO plugin v24.3 - https:\/\/yoast.com\/wordpress\/plugins\/seo\/ -->\n<title>Margaretenstra\u00dfe &amp; Kunstmeile | Ferienwohung Binz Strandnah<\/title>\n<meta name=\"description\" content=\"Margaretenstra\u00dfe? Willkommen in der Kunstmeile vom sch\u00f6nen Ostseebad Binz. Erleben Sie K\u00fcnstler, Fotografen, T\u00f6pfer und Schmuckdesigner hautnah.\" \/>\n<meta name=\"robots\" content=\"noindex, follow, max-snippet:-1, max-image-preview:large, max-video-preview:-1\" \/>\n<meta property=\"og:locale\" content=\"de_DE\" \/>\n<meta property=\"og:type\" content=\"article\" \/>\n<meta property=\"og:title\" content=\"Margaretenstra\u00dfe &amp; Kunstmeile | Ferienwohung Binz Strandnah\" \/>\n<meta property=\"og:description\" content=\"Margaretenstra\u00dfe? Willkommen in der Kunstmeile vom sch\u00f6nen Ostseebad Binz. Erleben Sie K\u00fcnstler, Fotografen, T\u00f6pfer und Schmuckdesigner hautnah.\" \/>\n<meta property=\"og:url\" content=\"https:\/\/form-klar.de\/fewo-binz\/margaretenstrasse\/\" \/>\n<meta property=\"og:site_name\" content=\"Ferienwohnung Binz Strandnah\" \/>\n<meta property=\"article:modified_time\" content=\"2025-01-23T11:16:01+00:00\" \/>\n<meta property=\"og:image\" content=\"https:\/\/form-klar.de\/fewo-binz\/wp-content\/uploads\/P1000865_03-1.jpg\" \/>\n\t<meta property=\"og:image:width\" content=\"1920\" \/>\n\t<meta property=\"og:image:height\" content=\"1440\" \/>\n\t<meta property=\"og:image:type\" content=\"image\/jpeg\" \/>\n<meta name=\"twitter:card\" content=\"summary_large_image\" \/>\n<meta name=\"twitter:label1\" content=\"Gesch\u00e4tzte Lesezeit\" \/>\n\t<meta name=\"twitter:data1\" content=\"2\u00a0Minuten\" \/>\n<script type=\"application\/ld+json\" class=\"yoast-schema-graph\">{\"@context\":\"https:\/\/schema.org\",\"@graph\":[{\"@type\":\"WebPage\",\"@id\":\"https:\/\/form-klar.de\/fewo-binz\/margaretenstrasse\/\",\"url\":\"https:\/\/form-klar.de\/fewo-binz\/margaretenstrasse\/\",\"name\":\"Margaretenstra\u00dfe & Kunstmeile | Ferienwohung Binz Strandnah\",\"isPartOf\":{\"@id\":\"https:\/\/form-klar.de\/fewo-binz\/#website\"},\"primaryImageOfPage\":{\"@id\":\"https:\/\/form-klar.de\/fewo-binz\/margaretenstrasse\/#primaryimage\"},\"image\":{\"@id\":\"https:\/\/form-klar.de\/fewo-binz\/margaretenstrasse\/#primaryimage\"},\"thumbnailUrl\":\"https:\/\/form-klar.de\/fewo-binz\/wp-content\/uploads\/P1000865_03-1.jpg\",\"datePublished\":\"2019-01-04T12:10:23+00:00\",\"dateModified\":\"2025-01-23T11:16:01+00:00\",\"description\":\"Margaretenstra\u00dfe? Willkommen in der Kunstmeile vom sch\u00f6nen Ostseebad Binz. Erleben Sie K\u00fcnstler, Fotografen, T\u00f6pfer und Schmuckdesigner hautnah.\",\"breadcrumb\":{\"@id\":\"https:\/\/form-klar.de\/fewo-binz\/margaretenstrasse\/#breadcrumb\"},\"inLanguage\":\"de\",\"potentialAction\":[{\"@type\":\"ReadAction\",\"target\":[\"https:\/\/form-klar.de\/fewo-binz\/margaretenstrasse\/\"]}]},{\"@type\":\"ImageObject\",\"inLanguage\":\"de\",\"@id\":\"https:\/\/form-klar.de\/fewo-binz\/margaretenstrasse\/#primaryimage\",\"url\":\"https:\/\/form-klar.de\/fewo-binz\/wp-content\/uploads\/P1000865_03-1.jpg\",\"contentUrl\":\"https:\/\/form-klar.de\/fewo-binz\/wp-content\/uploads\/P1000865_03-1.jpg\",\"width\":1920,\"height\":1440,\"caption\":\"K\u00fcnstlermeile Binz Fewo\"},{\"@type\":\"BreadcrumbList\",\"@id\":\"https:\/\/form-klar.de\/fewo-binz\/margaretenstrasse\/#breadcrumb\",\"itemListElement\":[{\"@type\":\"ListItem\",\"position\":1,\"name\":\"Startseite\",\"item\":\"https:\/\/form-klar.de\/fewo-binz\/\"},{\"@type\":\"ListItem\",\"position\":2,\"name\":\"Margaretenstra\u00dfe\"}]},{\"@type\":\"WebSite\",\"@id\":\"https:\/\/form-klar.de\/fewo-binz\/#website\",\"url\":\"https:\/\/form-klar.de\/fewo-binz\/\",\"name\":\"Ferienwohnung Binz Strandnah\",\"description\":\"\",\"potentialAction\":[{\"@type\":\"SearchAction\",\"target\":{\"@type\":\"EntryPoint\",\"urlTemplate\":\"https:\/\/form-klar.de\/fewo-binz\/?s={search_term_string}\"},\"query-input\":{\"@type\":\"PropertyValueSpecification\",\"valueRequired\":true,\"valueName\":\"search_term_string\"}}],\"inLanguage\":\"de\"}]}<\/script>\n<!-- \/ Yoast SEO plugin. -->","yoast_head_json":{"title":"Margaretenstra\u00dfe & Kunstmeile | Ferienwohung Binz Strandnah","description":"Margaretenstra\u00dfe? Willkommen in der Kunstmeile vom sch\u00f6nen Ostseebad Binz. Erleben Sie K\u00fcnstler, Fotografen, T\u00f6pfer und Schmuckdesigner hautnah.","robots":{"index":"noindex","follow":"follow","max-snippet":"max-snippet:-1","max-image-preview":"max-image-preview:large","max-video-preview":"max-video-preview:-1"},"og_locale":"de_DE","og_type":"article","og_title":"Margaretenstra\u00dfe & Kunstmeile | Ferienwohung Binz Strandnah","og_description":"Margaretenstra\u00dfe? Willkommen in der Kunstmeile vom sch\u00f6nen Ostseebad Binz. Erleben Sie K\u00fcnstler, Fotografen, T\u00f6pfer und Schmuckdesigner hautnah.","og_url":"https:\/\/form-klar.de\/fewo-binz\/margaretenstrasse\/","og_site_name":"Ferienwohnung Binz Strandnah","article_modified_time":"2025-01-23T11:16:01+00:00","og_image":[{"width":1920,"height":1440,"url":"https:\/\/form-klar.de\/fewo-binz\/wp-content\/uploads\/P1000865_03-1.jpg","type":"image\/jpeg"}],"twitter_card":"summary_large_image","twitter_misc":{"Gesch\u00e4tzte Lesezeit":"2\u00a0Minuten"},"schema":{"@context":"https:\/\/schema.org","@graph":[{"@type":"WebPage","@id":"https:\/\/form-klar.de\/fewo-binz\/margaretenstrasse\/","url":"https:\/\/form-klar.de\/fewo-binz\/margaretenstrasse\/","name":"Margaretenstra\u00dfe & Kunstmeile | Ferienwohung Binz Strandnah","isPartOf":{"@id":"https:\/\/form-klar.de\/fewo-binz\/#website"},"primaryImageOfPage":{"@id":"https:\/\/form-klar.de\/fewo-binz\/margaretenstrasse\/#primaryimage"},"image":{"@id":"https:\/\/form-klar.de\/fewo-binz\/margaretenstrasse\/#primaryimage"},"thumbnailUrl":"https:\/\/form-klar.de\/fewo-binz\/wp-content\/uploads\/P1000865_03-1.jpg","datePublished":"2019-01-04T12:10:23+00:00","dateModified":"2025-01-23T11:16:01+00:00","description":"Margaretenstra\u00dfe? Willkommen in der Kunstmeile vom sch\u00f6nen Ostseebad Binz. Erleben Sie K\u00fcnstler, Fotografen, T\u00f6pfer und Schmuckdesigner hautnah.","breadcrumb":{"@id":"https:\/\/form-klar.de\/fewo-binz\/margaretenstrasse\/#breadcrumb"},"inLanguage":"de","potentialAction":[{"@type":"ReadAction","target":["https:\/\/form-klar.de\/fewo-binz\/margaretenstrasse\/"]}]},{"@type":"ImageObject","inLanguage":"de","@id":"https:\/\/form-klar.de\/fewo-binz\/margaretenstrasse\/#primaryimage","url":"https:\/\/form-klar.de\/fewo-binz\/wp-content\/uploads\/P1000865_03-1.jpg","contentUrl":"https:\/\/form-klar.de\/fewo-binz\/wp-content\/uploads\/P1000865_03-1.jpg","width":1920,"height":1440,"caption":"K\u00fcnstlermeile Binz Fewo"},{"@type":"BreadcrumbList","@id":"https:\/\/form-klar.de\/fewo-binz\/margaretenstrasse\/#breadcrumb","itemListElement":[{"@type":"ListItem","position":1,"name":"Startseite","item":"https:\/\/form-klar.de\/fewo-binz\/"},{"@type":"ListItem","position":2,"name":"Margaretenstra\u00dfe"}]},{"@type":"WebSite","@id":"https:\/\/form-klar.de\/fewo-binz\/#website","url":"https:\/\/form-klar.de\/fewo-binz\/","name":"Ferienwohnung Binz Strandnah","description":"","potentialAction":[{"@type":"SearchAction","target":{"@type":"EntryPoint","urlTemplate":"https:\/\/form-klar.de\/fewo-binz\/?s={search_term_string}"},"query-input":{"@type":"PropertyValueSpecification","valueRequired":true,"valueName":"search_term_string"}}],"inLanguage":"de"}]}},"_links":{"self":[{"href":"https:\/\/form-klar.de\/fewo-binz\/wp-json\/wp\/v2\/pages\/3978","targetHints":{"allow":["GET"]}}],"collection":[{"href":"https:\/\/form-klar.de\/fewo-binz\/wp-json\/wp\/v2\/pages"}],"about":[{"href":"https:\/\/form-klar.de\/fewo-binz\/wp-json\/wp\/v2\/types\/page"}],"author":[{"embeddable":true,"href":"https:\/\/form-klar.de\/fewo-binz\/wp-json\/wp\/v2\/users\/2"}],"replies":[{"embeddable":true,"href":"https:\/\/form-klar.de\/fewo-binz\/wp-json\/wp\/v2\/comments?post=3978"}],"version-history":[{"count":10,"href":"https:\/\/form-klar.de\/fewo-binz\/wp-json\/wp\/v2\/pages\/3978\/revisions"}],"predecessor-version":[{"id":4613,"href":"https:\/\/form-klar.de\/fewo-binz\/wp-json\/wp\/v2\/pages\/3978\/revisions\/4613"}],"wp:featuredmedia":[{"embeddable":true,"href":"https:\/\/form-klar.de\/fewo-binz\/wp-json\/wp\/v2\/media\/3913"}],"wp:attachment":[{"href":"https:\/\/form-klar.de\/fewo-binz\/wp-json\/wp\/v2\/media?parent=3978"}],"curies":[{"name":"wp","href":"https:\/\/api.w.org\/{rel}","templated":true}]}}