{"id":3704,"date":"2018-10-16T18:55:23","date_gmt":"2018-10-16T16:55:23","guid":{"rendered":"https:\/\/www.ferienwohnung-binz-strandnah.de\/?page_id=3704"},"modified":"2025-01-24T10:16:55","modified_gmt":"2025-01-24T09:16:55","slug":"binz-historisch","status":"publish","type":"page","link":"https:\/\/form-klar.de\/fewo-binz\/binz-historisch\/","title":{"rendered":"Binz historisch"},"content":{"rendered":"<p><div class=\"fusion-fullwidth fullwidth-box fusion-builder-row-1 fusion-flex-container has-pattern-background has-mask-background nonhundred-percent-fullwidth non-hundred-percent-height-scrolling\" style=\"--awb-border-radius-top-left:0px;--awb-border-radius-top-right:0px;--awb-border-radius-bottom-right:0px;--awb-border-radius-bottom-left:0px;--awb-padding-top:50px;--awb-padding-bottom:0px;--awb-background-color:var(--awb-color1);--awb-flex-wrap:wrap;\" ><div class=\"fusion-builder-row fusion-row fusion-flex-align-items-center fusion-flex-content-wrap\" style=\"max-width:1216.8px;margin-left: calc(-4% \/ 2 );margin-right: calc(-4% \/ 2 );\"><div class=\"fusion-layout-column fusion_builder_column fusion-builder-column-0 fusion_builder_column_1_1 1_1 fusion-flex-column\" style=\"--awb-bg-size:cover;--awb-border-color:var(--awb-color4);--awb-border-style:solid;--awb-width-large:100%;--awb-margin-top-large:0px;--awb-spacing-right-large:0%;--awb-margin-bottom-large:0px;--awb-spacing-left-large:1.92%;--awb-width-medium:100%;--awb-order-medium:0;--awb-spacing-right-medium:0%;--awb-spacing-left-medium:1.92%;--awb-width-small:100%;--awb-order-small:0;--awb-spacing-right-small:1.92%;--awb-spacing-left-small:1.92%;\"><div class=\"fusion-column-wrapper fusion-column-has-shadow fusion-flex-justify-content-flex-start fusion-content-layout-column\"><div class=\"fusion-title title fusion-title-1 fusion-title-center fusion-title-text fusion-title-size-one\"><div class=\"title-sep-container title-sep-container-left\"><div class=\"title-sep sep- sep-solid\" style=\"border-color:var(--awb-color3);\"><\/div><\/div><span class=\"awb-title-spacer\"><\/span><h1 class=\"fusion-title-heading title-heading-center\" style=\"margin:0;\"><p class=\"fusion-responsive-typography-calculated\" data-fontsize=\"48\" data-lineheight=\"53.28px\">Die einzigartige Geschichte von Binz<\/p><\/h1><span class=\"awb-title-spacer\"><\/span><div class=\"title-sep-container title-sep-container-right\"><div class=\"title-sep sep- sep-solid\" style=\"border-color:var(--awb-color3);\"><\/div><\/div><\/div><div class=\"fusion-separator\" style=\"align-self: center;margin-left: auto;margin-right: auto;margin-top:0px;margin-bottom:20px;width:100%;max-width:50px;\"><div class=\"fusion-separator-border sep-single sep-solid\" style=\"--awb-height:20px;--awb-amount:20px;--awb-sep-color:var(--awb-color4);border-color:var(--awb-color4);border-top-width:1px;\"><\/div><\/div><div class=\"fusion-text fusion-text-1\" style=\"--awb-content-alignment:center;\"><h2 class=\"fusion-responsive-typography-calculated\" data-fontsize=\"26\" data-lineheight=\"28.86px\">Wo mal ein einfaches Fischerdorf war, pulsiert heute nicht nur in der Hauptsaison eines der sch\u00f6nsten Ostseeb\u00e4der<\/h2>\n<\/div><\/div><\/div><div class=\"fusion-layout-column fusion_builder_column fusion-builder-column-1 fusion_builder_column_1_1 1_1 fusion-flex-column fusion-flex-align-self-flex-start fusion-column-no-min-height\" style=\"--awb-padding-top:50px;--awb-bg-blend:overlay;--awb-bg-size:cover;--awb-width-large:100%;--awb-margin-top-large:0px;--awb-spacing-right-large:1.92%;--awb-margin-bottom-large:0px;--awb-spacing-left-large:1.92%;--awb-width-medium:100%;--awb-spacing-right-medium:1.92%;--awb-spacing-left-medium:1.92%;--awb-width-small:100%;--awb-spacing-right-small:1.92%;--awb-spacing-left-small:1.92%;\"><div class=\"fusion-column-wrapper fusion-flex-justify-content-flex-start fusion-content-layout-column\"><div class=\"fusion-section-separator section-separator triangle fusion-section-separator-1\" style=\"--awb-border-bottom:1px solid var(--awb-color4);--awb-spacer-height:1px;--awb-svg-margin-left:1.92%;--awb-svg-margin-right:1.92%;--awb-svg-margin-left-medium:1.92%;--awb-svg-margin-right-medium:1.92%;--awb-svg-margin-left-small:1.92%;--awb-svg-margin-right-small:1.92%;--awb-icon-color:var(--awb-color1);\"><div class=\"fusion-section-separator-svg\"><div class=\"divider-candy-arrow bottom\" style=\"top:0px;border-top-color: var(--awb-color1);\"><\/div><div class=\"divider-candy bottom\" style=\"bottom:-21px;border-bottom:1px solid var(--awb-color4);border-left:1px solid var(--awb-color4);\"><\/div><\/div><div class=\"fusion-section-separator-spacer\"><div class=\"fusion-section-separator-spacer-height\"><\/div><\/div><\/div><\/div><\/div><\/div><\/div><div class=\"fusion-fullwidth fullwidth-box fusion-builder-row-2 fusion-flex-container has-pattern-background has-mask-background nonhundred-percent-fullwidth non-hundred-percent-height-scrolling\" style=\"--awb-border-radius-top-left:0px;--awb-border-radius-top-right:0px;--awb-border-radius-bottom-right:0px;--awb-border-radius-bottom-left:0px;--awb-padding-top:70px;--awb-padding-bottom:70px;--awb-background-color:var(--awb-custom_color_1);--awb-background-image:linear-gradient(180deg, var(--awb-color2) 0%,rgba(255,255,255,0) 100%);--awb-flex-wrap:wrap;\" ><div class=\"fusion-builder-row fusion-row fusion-flex-align-items-stretch fusion-flex-content-wrap\" style=\"max-width:1216.8px;margin-left: calc(-4% \/ 2 );margin-right: calc(-4% \/ 2 );\"><div class=\"fusion-layout-column fusion_builder_column fusion-builder-column-2 fusion_builder_column_1_2 1_2 fusion-flex-column\" style=\"--awb-bg-size:cover;--awb-width-large:50%;--awb-margin-top-large:0px;--awb-spacing-right-large:3.84%;--awb-margin-bottom-large:20px;--awb-spacing-left-large:3.84%;--awb-width-medium:50%;--awb-order-medium:0;--awb-spacing-right-medium:3.84%;--awb-spacing-left-medium:3.84%;--awb-width-small:100%;--awb-order-small:0;--awb-spacing-right-small:1.92%;--awb-spacing-left-small:1.92%;\"><div class=\"fusion-column-wrapper fusion-column-has-shadow fusion-flex-justify-content-flex-start fusion-content-layout-column\"><div class=\"fusion-image-element \" style=\"--awb-aspect-ratio:4 \/ 3;--awb-caption-title-font-family:var(--h2_typography-font-family);--awb-caption-title-font-weight:var(--h2_typography-font-weight);--awb-caption-title-font-style:var(--h2_typography-font-style);--awb-caption-title-size:var(--h2_typography-font-size);--awb-caption-title-transform:var(--h2_typography-text-transform);--awb-caption-title-line-height:var(--h2_typography-line-height);--awb-caption-title-letter-spacing:var(--h2_typography-letter-spacing);\"><span class=\" fusion-imageframe imageframe-none imageframe-1 hover-type-none has-aspect-ratio\"><img decoding=\"async\" width=\"600\" height=\"384\" title=\"Binz Panorama Kurhaus um 1904\" src=\"https:\/\/form-klar.de\/fewo-binz\/wp-content\/uploads\/Binz-Panorama_1.Kurhaus_um1904.jpg\" data-orig-src=\"https:\/\/form-klar.de\/fewo-binz\/wp-content\/uploads\/Binz-Panorama_1.Kurhaus_um1904-600x384.jpg\" class=\"lazyload img-responsive wp-image-3890 img-with-aspect-ratio\" alt srcset=\"data:image\/svg+xml,%3Csvg%20xmlns%3D%27http%3A%2F%2Fwww.w3.org%2F2000%2Fsvg%27%20width%3D%271920%27%20height%3D%271229%27%20viewBox%3D%270%200%201920%201229%27%3E%3Crect%20width%3D%271920%27%20height%3D%271229%27%20fill-opacity%3D%220%22%2F%3E%3C%2Fsvg%3E\" data-srcset=\"https:\/\/form-klar.de\/fewo-binz\/wp-content\/uploads\/Binz-Panorama_1.Kurhaus_um1904-200x128.jpg 200w, https:\/\/form-klar.de\/fewo-binz\/wp-content\/uploads\/Binz-Panorama_1.Kurhaus_um1904-400x256.jpg 400w, https:\/\/form-klar.de\/fewo-binz\/wp-content\/uploads\/Binz-Panorama_1.Kurhaus_um1904-600x384.jpg 600w, https:\/\/form-klar.de\/fewo-binz\/wp-content\/uploads\/Binz-Panorama_1.Kurhaus_um1904-800x512.jpg 800w, https:\/\/form-klar.de\/fewo-binz\/wp-content\/uploads\/Binz-Panorama_1.Kurhaus_um1904-1200x768.jpg 1200w, https:\/\/form-klar.de\/fewo-binz\/wp-content\/uploads\/Binz-Panorama_1.Kurhaus_um1904.jpg 1920w\" data-sizes=\"auto\" data-orig-sizes=\"(max-width: 1024px) 100vw, (max-width: 640px) 100vw, 600px\" \/><\/span><\/div><\/div><\/div><div class=\"fusion-layout-column fusion_builder_column fusion-builder-column-3 fusion_builder_column_1_2 1_2 fusion-flex-column fusion-flex-align-self-center\" style=\"--awb-bg-size:cover;--awb-width-large:50%;--awb-margin-top-large:0px;--awb-spacing-right-large:3.84%;--awb-margin-bottom-large:20px;--awb-spacing-left-large:3.84%;--awb-width-medium:50%;--awb-order-medium:0;--awb-spacing-right-medium:3.84%;--awb-spacing-left-medium:3.84%;--awb-width-small:100%;--awb-order-small:0;--awb-spacing-right-small:1.92%;--awb-spacing-left-small:1.92%;\"><div class=\"fusion-column-wrapper fusion-column-has-shadow fusion-flex-justify-content-flex-start fusion-content-layout-column\"><div class=\"fusion-text fusion-text-2\"><p>Binz ist schon heute etwas ganz besonders. Lernen Sie hier die historischen Wurzeln des B\u00e4dertourismus kennen. Begonnen hat alles in den 70er Jahren des 19. Jahrhunderts. Im Zuge der aufstrebenden jungen deutschen Nation er\u00f6ffneten hier die ersten Hotels und Pensionen. Auch die urspr\u00fcngliche Seebr\u00fccke wurde in dieser Zeit Ende des 19. Jahrhunderts errichtet. Zudem: Das Kurhaus stammt von 1908, ist heute eines der bedeutenden Wahrzeichen von <a href=\"https:\/\/form-klar.de\/fewo-binz\/ostseebad-binz\/\">Binz<\/a>.<\/p>\n<\/div><\/div><\/div><div class=\"fusion-layout-column fusion_builder_column fusion-builder-column-4 fusion_builder_column_1_1 1_1 fusion-flex-column\" style=\"--awb-bg-size:cover;--awb-width-large:100%;--awb-margin-top-large:0px;--awb-spacing-right-large:1.92%;--awb-margin-bottom-large:20px;--awb-spacing-left-large:1.92%;--awb-width-medium:100%;--awb-order-medium:0;--awb-spacing-right-medium:1.92%;--awb-spacing-left-medium:1.92%;--awb-width-small:100%;--awb-order-small:0;--awb-spacing-right-small:1.92%;--awb-spacing-left-small:1.92%;\"><div class=\"fusion-column-wrapper fusion-column-has-shadow fusion-flex-justify-content-flex-start fusion-content-layout-column\"><div class=\"fusion-text fusion-text-3\" style=\"--awb-content-alignment:left;\"><h3 class=\"fusion-responsive-typography-calculated\" data-fontsize=\"24\" data-lineheight=\"26.64px\">Wie entstand die B\u00e4derarchitektur?<\/h3>\n<p>Vorbild waren damals die europ\u00e4ischen Seeb\u00e4der. So sollte es auch hier an der Ostsee werden. Was braucht ein Seebad? Eine Flaniermeile oder auch Promenade. Diese wurde 1895 erbaut. Wo heute das Grand Hotel Binz steht, legte Wilhelm Kl\u00fcnder 1880 den Grundstein f\u00fcr das erste Hotel hier in der N\u00e4he des Binzer Strandes, das Strandhotel. Ein Hotel folgte dem n\u00e4chsten. Denn das Baden im Meer wurde eine gro\u00dfe Mode der Zeit. Nach und nach entstand die heute geschlossene B\u00e4derarchitektur.<br \/>Zudem entstand zu dieser Zeit der Kurplatz, in der N\u00e4he der Margaretenstra\u00dfe. Hier wurden Wandelhallen unter Glas errichtet sowie ein Konzertpavillon. Aber da war das 20. Jahrhundert schon voll im Gange. Denn der Platz wurde erst 1937 erbaut. \u00dcbrigens nach Pl\u00e4nen des M\u00fcnchener Architekten Alwin Seifert.<\/p>\n<h3 class=\"fusion-responsive-typography-calculated\" data-fontsize=\"24\" data-lineheight=\"26.64px\">\u00c4ltere Geschichte des Fischerdorfes<\/h3>\n<p>Binz hat aber nat\u00fcrlich auch \u00e4ltere Wurzeln. Die l\u00e4ngste Zeit seiner Existenz war es ein einfaches Fischerdorf. Bereits 1318 wird es erstmals urkundlich erw\u00e4hnt. Der Flecken Land geh\u00f6rt zum F\u00fcrstentum R\u00fcgen und sp\u00e4ter zum Herzogtum Pommern. Sogar zu Schwedisch-Vorpommern geh\u00f6rte es einmal \u2013 kurz nach dem 30-j\u00e4hrigen Kriege. Ab 1815 geh\u00f6rte Binz schlie\u00dflich zur preu\u00dfischen Provinz.<\/p>\n<h3 class=\"fusion-responsive-typography-calculated\" data-fontsize=\"24\" data-lineheight=\"26.64px\">Binz als Sommerfrische: Wie kam es zur Entwicklung als Seebad?<\/h3>\n<p>Verantwortlich daf\u00fcr zeigt sich der F\u00fcrst zu Putbus. Ihm geh\u00f6rten um 1830 das Jagdschloss Granitz und auch das Schloss und Schlo\u00dfpark Putbus. Wilhelm Malte lies also hier in Binz erste Bauten errichten, die erst einmal nur wenige Badeg\u00e4ste beherbergten. Der gro\u00dfe Aufschwung als Seebad mit getrennten Damen und Herrenb\u00e4dern beginnt aber erst am Ende des 19. Jahrhunderts. Ab jetzt ist Binz auch in den Verkehr per Schiff zwischen Sassnitz und Stettin integriert.<\/p>\n<p>\u00dcbrigens: N\u00f6rdlich von Binz entstand im Dritten Reich das bekannte aber unvollendet gebliebene KdF-Seebad Prora. Heute beherbergen die monumentalen Bauten teils ein Museum, teils wieder begehrte Eigentumswohnungen. Muss man gesehen haben!<\/p>\n<h3 class=\"fusion-responsive-typography-calculated\" data-fontsize=\"24\" data-lineheight=\"26.64px\">&nbsp;<\/h3>\n<\/div><\/div><\/div><div class=\"fusion-layout-column fusion_builder_column fusion-builder-column-5 fusion_builder_column_1_2 1_2 fusion-flex-column fusion-flex-align-self-center\" style=\"--awb-bg-size:cover;--awb-width-large:50%;--awb-margin-top-large:0px;--awb-spacing-right-large:3.84%;--awb-margin-bottom-large:20px;--awb-spacing-left-large:3.84%;--awb-width-medium:50%;--awb-order-medium:0;--awb-spacing-right-medium:3.84%;--awb-spacing-left-medium:3.84%;--awb-width-small:100%;--awb-order-small:0;--awb-spacing-right-small:1.92%;--awb-spacing-left-small:1.92%;\"><div class=\"fusion-column-wrapper fusion-column-has-shadow fusion-flex-justify-content-flex-start fusion-content-layout-column\"><div class=\"fusion-text fusion-text-4\" style=\"--awb-content-alignment:left;\"><h3>Vom Fischer- und Bauerndorf zum Badeort<\/h3>\n<p>Erstmals urkundlich erw\u00e4hnt wurde der Ort 1318 als &#8222;Byntze&#8220; in einer Steuererhebung der Grafschaft Streu. Er geh\u00f6rte zun\u00e4chst zum F\u00fcrstentum R\u00fcgen, sp\u00e4ter zum Herzogtum Pommern. Nach dem Westf\u00e4lischen Frieden 1648 wurde Binz wie ganz R\u00fcgen Teil Schwedisch-Vorpommerns. 1815 wurde der Ort der preu\u00dfischen Provinz Vorpommern zugeschlagen.<\/p>\n<p>Die Entwicklung zum Seebad geht auf das Jahr 1830 zur\u00fcck, als der F\u00fcrst zu Putbus am Abfluss des Schmachter Sees in die Ostsee einfache Bauten f\u00fcr seine Badeg\u00e4ste errichten lie\u00df. 1885 wird Binz Seebad und erlebt einen schwunghaften Aufschwung. Die Strandpromenade, die sp\u00e4ter mehrfach zerst\u00f6rte und wieder aufgebaute Seebr\u00fccke und das Kurhaus entstanden. Am Strand entstanden getrennte Damen- und Herrenb\u00e4der, 1908 ein Familienbad, die aber sp\u00e4ter wieder abgerissen wurden.<\/p>\n<\/div><\/div><\/div><div class=\"fusion-layout-column fusion_builder_column fusion-builder-column-6 fusion_builder_column_1_2 1_2 fusion-flex-column\" style=\"--awb-bg-size:cover;--awb-width-large:50%;--awb-margin-top-large:0px;--awb-spacing-right-large:3.84%;--awb-margin-bottom-large:20px;--awb-spacing-left-large:5.184%;--awb-width-medium:50%;--awb-order-medium:0;--awb-spacing-right-medium:3.84%;--awb-spacing-left-medium:5.184%;--awb-width-small:100%;--awb-order-small:0;--awb-spacing-right-small:1.92%;--awb-spacing-left-small:1.92%;\"><div class=\"fusion-column-wrapper fusion-column-has-shadow fusion-flex-justify-content-flex-start fusion-content-layout-column\"><div class=\"fusion-image-element \" style=\"--awb-aspect-ratio:4 \/ 3;--awb-caption-title-font-family:var(--h2_typography-font-family);--awb-caption-title-font-weight:var(--h2_typography-font-weight);--awb-caption-title-font-style:var(--h2_typography-font-style);--awb-caption-title-size:var(--h2_typography-font-size);--awb-caption-title-transform:var(--h2_typography-text-transform);--awb-caption-title-line-height:var(--h2_typography-line-height);--awb-caption-title-letter-spacing:var(--h2_typography-letter-spacing);\"><span class=\" fusion-imageframe imageframe-none imageframe-2 hover-type-none has-aspect-ratio\"><img decoding=\"async\" width=\"600\" height=\"378\" alt=\"Ostseebad Binz um 1900\" title=\"Binzer Bucht um1910\" src=\"https:\/\/form-klar.de\/fewo-binz\/wp-content\/uploads\/Binzer-Bucht_Elsbethruh_um1910-1.jpg\" data-orig-src=\"https:\/\/form-klar.de\/fewo-binz\/wp-content\/uploads\/Binzer-Bucht_Elsbethruh_um1910-1-600x378.jpg\" class=\"lazyload img-responsive wp-image-3889 img-with-aspect-ratio\" srcset=\"data:image\/svg+xml,%3Csvg%20xmlns%3D%27http%3A%2F%2Fwww.w3.org%2F2000%2Fsvg%27%20width%3D%271920%27%20height%3D%271209%27%20viewBox%3D%270%200%201920%201209%27%3E%3Crect%20width%3D%271920%27%20height%3D%271209%27%20fill-opacity%3D%220%22%2F%3E%3C%2Fsvg%3E\" data-srcset=\"https:\/\/form-klar.de\/fewo-binz\/wp-content\/uploads\/Binzer-Bucht_Elsbethruh_um1910-1-200x126.jpg 200w, https:\/\/form-klar.de\/fewo-binz\/wp-content\/uploads\/Binzer-Bucht_Elsbethruh_um1910-1-400x252.jpg 400w, https:\/\/form-klar.de\/fewo-binz\/wp-content\/uploads\/Binzer-Bucht_Elsbethruh_um1910-1-600x378.jpg 600w, https:\/\/form-klar.de\/fewo-binz\/wp-content\/uploads\/Binzer-Bucht_Elsbethruh_um1910-1-800x504.jpg 800w, https:\/\/form-klar.de\/fewo-binz\/wp-content\/uploads\/Binzer-Bucht_Elsbethruh_um1910-1-1200x756.jpg 1200w, https:\/\/form-klar.de\/fewo-binz\/wp-content\/uploads\/Binzer-Bucht_Elsbethruh_um1910-1.jpg 1920w\" data-sizes=\"auto\" data-orig-sizes=\"(max-width: 1024px) 100vw, (max-width: 640px) 100vw, 600px\" \/><\/span><\/div><\/div><\/div><div class=\"fusion-layout-column fusion_builder_column fusion-builder-column-7 fusion_builder_column_1_1 1_1 fusion-flex-column\" style=\"--awb-bg-size:cover;--awb-width-large:100%;--awb-margin-top-large:0px;--awb-spacing-right-large:1.92%;--awb-margin-bottom-large:20px;--awb-spacing-left-large:1.92%;--awb-width-medium:100%;--awb-order-medium:0;--awb-spacing-right-medium:1.92%;--awb-spacing-left-medium:1.92%;--awb-width-small:100%;--awb-order-small:0;--awb-spacing-right-small:1.92%;--awb-spacing-left-small:1.92%;\"><div class=\"fusion-column-wrapper fusion-column-has-shadow fusion-flex-justify-content-flex-start fusion-content-layout-column\"><div class=\"fusion-text fusion-text-5\"><p>F\u00fcr eine gute Verkehrsanbindung sorgten eine neues Wegenetz und die Kleinbahnanbindung. Entsprechende Logierm\u00f6glichkeiten gab es in zahlreichen Villen im Stil der B\u00e4derarchitektur. Das erste Hotel entstand 1876 und erhielt den Namen &#8222;Strandhotel&#8220;. Zum Ende des 19. Jahrhunderts wurde Binz auch in den Schiffsverkehr Stettin-Sassnitz eingebunden.<\/p>\n<p>W\u00e4hrend der Zeit des Nationalsozialismus sollte n\u00f6rdlich von Binz in Prora mit dem KdF-Seebad R\u00fcgen (Kraft durch Freude) das gr\u00f6\u00dfte und modernste Seebad Europas entstehen, das jedoch nicht vollendet wurde. Geblieben sind die monumentalen Bauten entlang des Strandes, die auch &#8222;Koloss von Prora&#8220; genannt werden. Nach dem 2. Weltkrieg wurde Binz zum Bad der SDAG Wismut. Die Bauten in Prora wurden anfangs von der Kasernierten Volkspolizei, sp\u00e4ter von der Nationalen Volksarmee der DDR genutzt. Ab Anfang der 1970er Jahre entstanden eine Reihe weiterer Ferienheime und ein neues Wohngebiet in Plattenbauweise.<\/p>\n<p>Nach 1990 vollzogen sich auch in Binz tiefgreifende Ver\u00e4nderungen. Fr\u00fcher enteignete Besitzer von Villen bekamen ihr Eigentum zur\u00fcck. Die Geb\u00e4ude im Ort wurden einer aufwendigen Sanierung und Restaurierung unterzogen, Stra\u00dfen und Wege wurden instand gesetzt. 1994 wurde die neue Seebr\u00fccke eingeweiht. In den Folgejahren entstanden das Haus des Gastes und der Kurpark. Die Promenade wurde in Richtung Prora verl\u00e4ngert.<\/p>\n<\/div><\/div><\/div><\/div><\/div><\/p>\n","protected":false},"excerpt":{"rendered":"","protected":false},"author":1,"featured_media":3892,"parent":0,"menu_order":2,"comment_status":"closed","ping_status":"closed","template":"100-width.php","meta":{"footnotes":""},"class_list":["post-3704","page","type-page","status-publish","has-post-thumbnail","hentry"],"yoast_head":"<!-- This site is optimized with the Yoast SEO plugin v24.3 - https:\/\/yoast.com\/wordpress\/plugins\/seo\/ -->\n<title>Binz historisch - Ferienwohnung Binz Strandnah<\/title>\n<meta name=\"robots\" content=\"noindex, follow, max-snippet:-1, max-image-preview:large, max-video-preview:-1\" \/>\n<meta property=\"og:locale\" content=\"de_DE\" \/>\n<meta property=\"og:type\" content=\"article\" \/>\n<meta property=\"og:title\" content=\"Binz historisch - Ferienwohnung Binz Strandnah\" \/>\n<meta property=\"og:url\" content=\"https:\/\/form-klar.de\/fewo-binz\/binz-historisch\/\" \/>\n<meta property=\"og:site_name\" content=\"Ferienwohnung Binz Strandnah\" \/>\n<meta property=\"article:modified_time\" content=\"2025-01-24T09:16:55+00:00\" \/>\n<meta property=\"og:image\" content=\"https:\/\/form-klar.de\/fewo-binz\/wp-content\/uploads\/Binz_Kurplatz_Konzert_Ende30er.jpg\" \/>\n\t<meta property=\"og:image:width\" content=\"1920\" \/>\n\t<meta property=\"og:image:height\" content=\"1231\" \/>\n\t<meta property=\"og:image:type\" content=\"image\/jpeg\" \/>\n<meta name=\"twitter:card\" content=\"summary_large_image\" \/>\n<meta name=\"twitter:label1\" content=\"Gesch\u00e4tzte Lesezeit\" \/>\n\t<meta name=\"twitter:data1\" content=\"6\u00a0Minuten\" \/>\n<script type=\"application\/ld+json\" class=\"yoast-schema-graph\">{\"@context\":\"https:\/\/schema.org\",\"@graph\":[{\"@type\":\"WebPage\",\"@id\":\"https:\/\/form-klar.de\/fewo-binz\/binz-historisch\/\",\"url\":\"https:\/\/form-klar.de\/fewo-binz\/binz-historisch\/\",\"name\":\"Binz historisch - Ferienwohnung Binz Strandnah\",\"isPartOf\":{\"@id\":\"https:\/\/form-klar.de\/fewo-binz\/#website\"},\"primaryImageOfPage\":{\"@id\":\"https:\/\/form-klar.de\/fewo-binz\/binz-historisch\/#primaryimage\"},\"image\":{\"@id\":\"https:\/\/form-klar.de\/fewo-binz\/binz-historisch\/#primaryimage\"},\"thumbnailUrl\":\"https:\/\/form-klar.de\/fewo-binz\/wp-content\/uploads\/Binz_Kurplatz_Konzert_Ende30er.jpg\",\"datePublished\":\"2018-10-16T16:55:23+00:00\",\"dateModified\":\"2025-01-24T09:16:55+00:00\",\"breadcrumb\":{\"@id\":\"https:\/\/form-klar.de\/fewo-binz\/binz-historisch\/#breadcrumb\"},\"inLanguage\":\"de\",\"potentialAction\":[{\"@type\":\"ReadAction\",\"target\":[\"https:\/\/form-klar.de\/fewo-binz\/binz-historisch\/\"]}]},{\"@type\":\"ImageObject\",\"inLanguage\":\"de\",\"@id\":\"https:\/\/form-klar.de\/fewo-binz\/binz-historisch\/#primaryimage\",\"url\":\"https:\/\/form-klar.de\/fewo-binz\/wp-content\/uploads\/Binz_Kurplatz_Konzert_Ende30er.jpg\",\"contentUrl\":\"https:\/\/form-klar.de\/fewo-binz\/wp-content\/uploads\/Binz_Kurplatz_Konzert_Ende30er.jpg\",\"width\":1920,\"height\":1231,\"caption\":\"Ostseebad Binz Kurplatz 1939\"},{\"@type\":\"BreadcrumbList\",\"@id\":\"https:\/\/form-klar.de\/fewo-binz\/binz-historisch\/#breadcrumb\",\"itemListElement\":[{\"@type\":\"ListItem\",\"position\":1,\"name\":\"Startseite\",\"item\":\"https:\/\/form-klar.de\/fewo-binz\/\"},{\"@type\":\"ListItem\",\"position\":2,\"name\":\"Binz historisch\"}]},{\"@type\":\"WebSite\",\"@id\":\"https:\/\/form-klar.de\/fewo-binz\/#website\",\"url\":\"https:\/\/form-klar.de\/fewo-binz\/\",\"name\":\"Ferienwohnung Binz Strandnah\",\"description\":\"\",\"potentialAction\":[{\"@type\":\"SearchAction\",\"target\":{\"@type\":\"EntryPoint\",\"urlTemplate\":\"https:\/\/form-klar.de\/fewo-binz\/?s={search_term_string}\"},\"query-input\":{\"@type\":\"PropertyValueSpecification\",\"valueRequired\":true,\"valueName\":\"search_term_string\"}}],\"inLanguage\":\"de\"}]}<\/script>\n<!-- \/ Yoast SEO plugin. -->","yoast_head_json":{"title":"Binz historisch - Ferienwohnung Binz Strandnah","robots":{"index":"noindex","follow":"follow","max-snippet":"max-snippet:-1","max-image-preview":"max-image-preview:large","max-video-preview":"max-video-preview:-1"},"og_locale":"de_DE","og_type":"article","og_title":"Binz historisch - Ferienwohnung Binz Strandnah","og_url":"https:\/\/form-klar.de\/fewo-binz\/binz-historisch\/","og_site_name":"Ferienwohnung Binz Strandnah","article_modified_time":"2025-01-24T09:16:55+00:00","og_image":[{"width":1920,"height":1231,"url":"https:\/\/form-klar.de\/fewo-binz\/wp-content\/uploads\/Binz_Kurplatz_Konzert_Ende30er.jpg","type":"image\/jpeg"}],"twitter_card":"summary_large_image","twitter_misc":{"Gesch\u00e4tzte Lesezeit":"6\u00a0Minuten"},"schema":{"@context":"https:\/\/schema.org","@graph":[{"@type":"WebPage","@id":"https:\/\/form-klar.de\/fewo-binz\/binz-historisch\/","url":"https:\/\/form-klar.de\/fewo-binz\/binz-historisch\/","name":"Binz historisch - Ferienwohnung Binz Strandnah","isPartOf":{"@id":"https:\/\/form-klar.de\/fewo-binz\/#website"},"primaryImageOfPage":{"@id":"https:\/\/form-klar.de\/fewo-binz\/binz-historisch\/#primaryimage"},"image":{"@id":"https:\/\/form-klar.de\/fewo-binz\/binz-historisch\/#primaryimage"},"thumbnailUrl":"https:\/\/form-klar.de\/fewo-binz\/wp-content\/uploads\/Binz_Kurplatz_Konzert_Ende30er.jpg","datePublished":"2018-10-16T16:55:23+00:00","dateModified":"2025-01-24T09:16:55+00:00","breadcrumb":{"@id":"https:\/\/form-klar.de\/fewo-binz\/binz-historisch\/#breadcrumb"},"inLanguage":"de","potentialAction":[{"@type":"ReadAction","target":["https:\/\/form-klar.de\/fewo-binz\/binz-historisch\/"]}]},{"@type":"ImageObject","inLanguage":"de","@id":"https:\/\/form-klar.de\/fewo-binz\/binz-historisch\/#primaryimage","url":"https:\/\/form-klar.de\/fewo-binz\/wp-content\/uploads\/Binz_Kurplatz_Konzert_Ende30er.jpg","contentUrl":"https:\/\/form-klar.de\/fewo-binz\/wp-content\/uploads\/Binz_Kurplatz_Konzert_Ende30er.jpg","width":1920,"height":1231,"caption":"Ostseebad Binz Kurplatz 1939"},{"@type":"BreadcrumbList","@id":"https:\/\/form-klar.de\/fewo-binz\/binz-historisch\/#breadcrumb","itemListElement":[{"@type":"ListItem","position":1,"name":"Startseite","item":"https:\/\/form-klar.de\/fewo-binz\/"},{"@type":"ListItem","position":2,"name":"Binz historisch"}]},{"@type":"WebSite","@id":"https:\/\/form-klar.de\/fewo-binz\/#website","url":"https:\/\/form-klar.de\/fewo-binz\/","name":"Ferienwohnung Binz Strandnah","description":"","potentialAction":[{"@type":"SearchAction","target":{"@type":"EntryPoint","urlTemplate":"https:\/\/form-klar.de\/fewo-binz\/?s={search_term_string}"},"query-input":{"@type":"PropertyValueSpecification","valueRequired":true,"valueName":"search_term_string"}}],"inLanguage":"de"}]}},"_links":{"self":[{"href":"https:\/\/form-klar.de\/fewo-binz\/wp-json\/wp\/v2\/pages\/3704","targetHints":{"allow":["GET"]}}],"collection":[{"href":"https:\/\/form-klar.de\/fewo-binz\/wp-json\/wp\/v2\/pages"}],"about":[{"href":"https:\/\/form-klar.de\/fewo-binz\/wp-json\/wp\/v2\/types\/page"}],"author":[{"embeddable":true,"href":"https:\/\/form-klar.de\/fewo-binz\/wp-json\/wp\/v2\/users\/1"}],"replies":[{"embeddable":true,"href":"https:\/\/form-klar.de\/fewo-binz\/wp-json\/wp\/v2\/comments?post=3704"}],"version-history":[{"count":10,"href":"https:\/\/form-klar.de\/fewo-binz\/wp-json\/wp\/v2\/pages\/3704\/revisions"}],"predecessor-version":[{"id":4625,"href":"https:\/\/form-klar.de\/fewo-binz\/wp-json\/wp\/v2\/pages\/3704\/revisions\/4625"}],"wp:featuredmedia":[{"embeddable":true,"href":"https:\/\/form-klar.de\/fewo-binz\/wp-json\/wp\/v2\/media\/3892"}],"wp:attachment":[{"href":"https:\/\/form-klar.de\/fewo-binz\/wp-json\/wp\/v2\/media?parent=3704"}],"curies":[{"name":"wp","href":"https:\/\/api.w.org\/{rel}","templated":true}]}}