{"id":6520,"date":"2019-07-18T11:01:46","date_gmt":"2019-07-18T09:01:46","guid":{"rendered":"https:\/\/www.bettenstudio-halle.de\/?page_id=6520"},"modified":"2022-07-05T19:17:48","modified_gmt":"2022-07-05T17:17:48","slug":"karriere","status":"publish","type":"page","link":"https:\/\/form-klar.de\/bs-halle\/karriere\/","title":{"rendered":"Karriere"},"content":{"rendered":"<p><img class=\"lazyload\" width=\"1920\" height=\"858\" src=\"https:\/\/form-klar.de\/bs-halle\/wp-content\/uploads\/LaLeLu20140708_0236.jpg\" data-orig-src=\"https:\/\/form-klar.de\/bs-halle\/wp-content\/uploads\/LaLeLu20140708_0236.jpg\" alt=\"\" srcset=\"data:image\/svg+xml,%3Csvg%20xmlns%3D%27http%3A%2F%2Fwww.w3.org%2F2000%2Fsvg%27%20width%3D%271920%27%20height%3D%27858%27%20viewBox%3D%270%200%201920%20858%27%3E%3Crect%20width%3D%271920%27%20height%3D%27858%27%20fill-opacity%3D%220%22%2F%3E%3C%2Fsvg%3E\" data-srcset=\"https:\/\/www.bettenstudio-halle.de\/wp-content\/uploads\/LaLeLu20140708_0236.jpg 1920w, https:\/\/www.bettenstudio-halle.de\/wp-content\/uploads\/LaLeLu20140708_0236-300x134.jpg 300w, https:\/\/www.bettenstudio-halle.de\/wp-content\/uploads\/LaLeLu20140708_0236-768x343.jpg 768w, https:\/\/www.bettenstudio-halle.de\/wp-content\/uploads\/LaLeLu20140708_0236-1024x458.jpg 1024w\" data-sizes=\"auto\" data-orig-sizes=\"(max-width: 1920px) 100vw, 1920px\" \/>\t\t\t\t\t\t\t\t\t\t\t<\/p>\n<h1>\u00a0<\/h1>\n<h1>WIR SUCHEN VERST\u00c4RKUNG in unserem LaLeLu Unternehmen<\/h1>\n<\/p>\n<h3>Was bieten wir Ihnen?<\/h3>\n<p>Angenehmes Betriebsklima<\/p>\n<p>Sicherer Arbeitsplatz<\/p>\n<p>\u00dcberdurchschnittlicher Verdienst<\/p>\n<h3><strong>Stellenangebote<\/strong><\/h3>\n<p>\t\t\t<a href=\"https:\/\/www.bettenstudio-halle.de\/karriere\/karriere\/\" role=\"button\"><br \/>\n\t\t\t\t\t\tZu den Stellenangeboten<br \/>\n\t\t\t\t\t<\/a><br \/>\n\t\t\t\t\t\t\t\t\t\t<img class=\"lazyload\" width=\"300\" height=\"300\" src=\"https:\/\/form-klar.de\/bs-halle\/wp-content\/uploads\/IMG_7444-300x300px.jpg\" data-orig-src=\"https:\/\/form-klar.de\/bs-halle\/wp-content\/uploads\/IMG_7444-300x300px.jpg\" alt=\"\" srcset=\"data:image\/svg+xml,%3Csvg%20xmlns%3D%27http%3A%2F%2Fwww.w3.org%2F2000%2Fsvg%27%20width%3D%27300%27%20height%3D%27300%27%20viewBox%3D%270%200%20300%20300%27%3E%3Crect%20width%3D%27300%27%20height%3D%27300%27%20fill-opacity%3D%220%22%2F%3E%3C%2Fsvg%3E\" data-srcset=\"https:\/\/www.bettenstudio-halle.de\/wp-content\/uploads\/IMG_7444-300x300px.jpg 300w, https:\/\/www.bettenstudio-halle.de\/wp-content\/uploads\/IMG_7444-300x300px-240x240.jpg 240w, https:\/\/www.bettenstudio-halle.de\/wp-content\/uploads\/IMG_7444-300x300px-66x66.jpg 66w\" data-sizes=\"auto\" data-orig-sizes=\"(max-width: 300px) 100vw, 300px\" \/>\t\t\t\t\t\t\t\t\t\t\t<\/p>\n<h3>Haben Sie noch Fragen?<\/h3>\n<h4>Gern stehen wir Ihnen jederzeit bei Fragen zur Verf\u00fcgung.<\/h4>\n<h2>Nicole Gr\u00e4fe<\/h2>\n<p>Gesch\u00e4ftsf\u00fchrerin<\/p>\n<p>\t\t\t<a href=\"mailto:mail@lalelu-betten.de \" role=\"button\"><br \/>\n\t\t\t\t\t\tE-Mail<br \/>\n\t\t\t\t\t<\/a><\/p>\n","protected":false},"excerpt":{"rendered":"<p>\u00a0 WIR SUCHEN VERST\u00c4RKUNG in unserem LaLeLu Unternehmen Was bieten wir Ihnen? Angenehmes Betriebsklima Sicherer Arbeitsplatz \u00dcberdurchschnittlicher Verdienst Stellenangebote Zu den Stellenangeboten Haben Sie noch Fragen? Gern stehen wir Ihnen jederzeit bei Fragen zur Verf\u00fcgung. Nicole Gr\u00e4fe Gesch\u00e4ftsf\u00fchrerin E-Mail<\/p>\n","protected":false},"author":4,"featured_media":0,"parent":0,"menu_order":0,"comment_status":"closed","ping_status":"closed","template":"","meta":{"_links_to":"","_links_to_target":""},"yoast_head":"<!-- This site is optimized with the Yoast SEO plugin v19.2 - https:\/\/yoast.com\/wordpress\/plugins\/seo\/ -->\n<title>Karriere - LaLeLu Bettenstudio GmbH - Halle<\/title>\n<meta name=\"robots\" content=\"index, follow, max-snippet:-1, max-image-preview:large, max-video-preview:-1\" \/>\n<link rel=\"canonical\" href=\"https:\/\/form-klar.de\/bs-halle\/karriere\/\" \/>\n<meta property=\"og:locale\" content=\"de_DE\" \/>\n<meta property=\"og:type\" content=\"article\" \/>\n<meta property=\"og:title\" content=\"Karriere - LaLeLu Bettenstudio GmbH - Halle\" \/>\n<meta property=\"og:description\" content=\"\u00a0 WIR SUCHEN VERST\u00c4RKUNG in unserem LaLeLu Unternehmen Was bieten wir Ihnen? Angenehmes Betriebsklima Sicherer Arbeitsplatz \u00dcberdurchschnittlicher Verdienst Stellenangebote Zu den Stellenangeboten Haben Sie noch Fragen? Gern stehen wir Ihnen jederzeit bei Fragen zur Verf\u00fcgung. Nicole Gr\u00e4fe Gesch\u00e4ftsf\u00fchrerin E-Mail\" \/>\n<meta property=\"og:url\" content=\"https:\/\/form-klar.de\/bs-halle\/karriere\/\" \/>\n<meta property=\"og:site_name\" content=\"LaLeLu Bettenstudio GmbH - Halle\" \/>\n<meta property=\"article:publisher\" content=\"https:\/\/www.facebook.com\/lalelubettenstudio\/\" \/>\n<meta property=\"article:modified_time\" content=\"2022-07-05T17:17:48+00:00\" \/>\n<meta property=\"og:image\" content=\"https:\/\/form-klar.de\/bs-halle\/wp-content\/uploads\/LaLeLu20140708_0236.jpg\" \/>\n<meta name=\"author\" content=\"Nicole Gr\u00e4fe\" \/>\n<meta name=\"twitter:card\" content=\"summary_large_image\" \/>\n<script type=\"application\/ld+json\" class=\"yoast-schema-graph\">{\"@context\":\"https:\/\/schema.org\",\"@graph\":[{\"@type\":\"WebSite\",\"@id\":\"https:\/\/form-klar.de\/bs-halle\/#website\",\"url\":\"https:\/\/form-klar.de\/bs-halle\/\",\"name\":\"LaLeLu Bettenstudio GmbH - Halle\",\"description\":\"Fachzentrum f\u00fcr k\u00f6rpergerechte Matratzenanpassung - Wasserbetten\",\"potentialAction\":[{\"@type\":\"SearchAction\",\"target\":{\"@type\":\"EntryPoint\",\"urlTemplate\":\"https:\/\/form-klar.de\/bs-halle\/?s={search_term_string}\"},\"query-input\":\"required name=search_term_string\"}],\"inLanguage\":\"de\"},{\"@type\":\"ImageObject\",\"inLanguage\":\"de\",\"@id\":\"https:\/\/form-klar.de\/bs-halle\/karriere\/#primaryimage\",\"url\":\"https:\/\/form-klar.de\/bs-halle\/wp-content\/uploads\/LaLeLu20140708_0236.jpg\",\"contentUrl\":\"https:\/\/form-klar.de\/bs-halle\/wp-content\/uploads\/LaLeLu20140708_0236.jpg\",\"width\":1920,\"height\":858},{\"@type\":\"WebPage\",\"@id\":\"https:\/\/form-klar.de\/bs-halle\/karriere\/#webpage\",\"url\":\"https:\/\/form-klar.de\/bs-halle\/karriere\/\",\"name\":\"Karriere - LaLeLu Bettenstudio GmbH - Halle\",\"isPartOf\":{\"@id\":\"https:\/\/form-klar.de\/bs-halle\/#website\"},\"primaryImageOfPage\":{\"@id\":\"https:\/\/form-klar.de\/bs-halle\/karriere\/#primaryimage\"},\"datePublished\":\"2019-07-18T09:01:46+00:00\",\"dateModified\":\"2022-07-05T17:17:48+00:00\",\"breadcrumb\":{\"@id\":\"https:\/\/form-klar.de\/bs-halle\/karriere\/#breadcrumb\"},\"inLanguage\":\"de\",\"potentialAction\":[{\"@type\":\"ReadAction\",\"target\":[\"https:\/\/form-klar.de\/bs-halle\/karriere\/\"]}]},{\"@type\":\"BreadcrumbList\",\"@id\":\"https:\/\/form-klar.de\/bs-halle\/karriere\/#breadcrumb\",\"itemListElement\":[{\"@type\":\"ListItem\",\"position\":1,\"name\":\"Startseite\",\"item\":\"https:\/\/form-klar.de\/bs-halle\/\"},{\"@type\":\"ListItem\",\"position\":2,\"name\":\"Karriere\"}]}]}<\/script>\n<!-- \/ Yoast SEO plugin. -->","yoast_head_json":{"title":"Karriere - LaLeLu Bettenstudio GmbH - Halle","robots":{"index":"index","follow":"follow","max-snippet":"max-snippet:-1","max-image-preview":"max-image-preview:large","max-video-preview":"max-video-preview:-1"},"canonical":"https:\/\/form-klar.de\/bs-halle\/karriere\/","og_locale":"de_DE","og_type":"article","og_title":"Karriere - LaLeLu Bettenstudio GmbH - Halle","og_description":"\u00a0 WIR SUCHEN VERST\u00c4RKUNG in unserem LaLeLu Unternehmen Was bieten wir Ihnen? Angenehmes Betriebsklima Sicherer Arbeitsplatz \u00dcberdurchschnittlicher Verdienst Stellenangebote Zu den Stellenangeboten Haben Sie noch Fragen? Gern stehen wir Ihnen jederzeit bei Fragen zur Verf\u00fcgung. Nicole Gr\u00e4fe Gesch\u00e4ftsf\u00fchrerin E-Mail","og_url":"https:\/\/form-klar.de\/bs-halle\/karriere\/","og_site_name":"LaLeLu Bettenstudio GmbH - Halle","article_publisher":"https:\/\/www.facebook.com\/lalelubettenstudio\/","article_modified_time":"2022-07-05T17:17:48+00:00","og_image":[{"url":"https:\/\/form-klar.de\/bs-halle\/wp-content\/uploads\/LaLeLu20140708_0236.jpg"}],"author":"Nicole Gr\u00e4fe","twitter_card":"summary_large_image","schema":{"@context":"https:\/\/schema.org","@graph":[{"@type":"WebSite","@id":"https:\/\/form-klar.de\/bs-halle\/#website","url":"https:\/\/form-klar.de\/bs-halle\/","name":"LaLeLu Bettenstudio GmbH - Halle","description":"Fachzentrum f\u00fcr k\u00f6rpergerechte Matratzenanpassung - Wasserbetten","potentialAction":[{"@type":"SearchAction","target":{"@type":"EntryPoint","urlTemplate":"https:\/\/form-klar.de\/bs-halle\/?s={search_term_string}"},"query-input":"required name=search_term_string"}],"inLanguage":"de"},{"@type":"ImageObject","inLanguage":"de","@id":"https:\/\/form-klar.de\/bs-halle\/karriere\/#primaryimage","url":"https:\/\/form-klar.de\/bs-halle\/wp-content\/uploads\/LaLeLu20140708_0236.jpg","contentUrl":"https:\/\/form-klar.de\/bs-halle\/wp-content\/uploads\/LaLeLu20140708_0236.jpg","width":1920,"height":858},{"@type":"WebPage","@id":"https:\/\/form-klar.de\/bs-halle\/karriere\/#webpage","url":"https:\/\/form-klar.de\/bs-halle\/karriere\/","name":"Karriere - LaLeLu Bettenstudio GmbH - Halle","isPartOf":{"@id":"https:\/\/form-klar.de\/bs-halle\/#website"},"primaryImageOfPage":{"@id":"https:\/\/form-klar.de\/bs-halle\/karriere\/#primaryimage"},"datePublished":"2019-07-18T09:01:46+00:00","dateModified":"2022-07-05T17:17:48+00:00","breadcrumb":{"@id":"https:\/\/form-klar.de\/bs-halle\/karriere\/#breadcrumb"},"inLanguage":"de","potentialAction":[{"@type":"ReadAction","target":["https:\/\/form-klar.de\/bs-halle\/karriere\/"]}]},{"@type":"BreadcrumbList","@id":"https:\/\/form-klar.de\/bs-halle\/karriere\/#breadcrumb","itemListElement":[{"@type":"ListItem","position":1,"name":"Startseite","item":"https:\/\/form-klar.de\/bs-halle\/"},{"@type":"ListItem","position":2,"name":"Karriere"}]}]}},"_links":{"self":[{"href":"https:\/\/form-klar.de\/bs-halle\/wp-json\/wp\/v2\/pages\/6520"}],"collection":[{"href":"https:\/\/form-klar.de\/bs-halle\/wp-json\/wp\/v2\/pages"}],"about":[{"href":"https:\/\/form-klar.de\/bs-halle\/wp-json\/wp\/v2\/types\/page"}],"author":[{"embeddable":true,"href":"https:\/\/form-klar.de\/bs-halle\/wp-json\/wp\/v2\/users\/4"}],"replies":[{"embeddable":true,"href":"https:\/\/form-klar.de\/bs-halle\/wp-json\/wp\/v2\/comments?post=6520"}],"version-history":[{"count":16,"href":"https:\/\/form-klar.de\/bs-halle\/wp-json\/wp\/v2\/pages\/6520\/revisions"}],"predecessor-version":[{"id":6631,"href":"https:\/\/form-klar.de\/bs-halle\/wp-json\/wp\/v2\/pages\/6520\/revisions\/6631"}],"wp:attachment":[{"href":"https:\/\/form-klar.de\/bs-halle\/wp-json\/wp\/v2\/media?parent=6520"}],"curies":[{"name":"wp","href":"https:\/\/api.w.org\/{rel}","templated":true}]}}