{"id":6088,"date":"2019-02-28T18:36:09","date_gmt":"2019-02-28T16:36:09","guid":{"rendered":"https:\/\/www.bettenstudio-halle.de\/?page_id=6088"},"modified":"2022-07-05T19:17:49","modified_gmt":"2022-07-05T17:17:49","slug":"news","status":"publish","type":"page","link":"https:\/\/form-klar.de\/bs-halle\/news\/","title":{"rendered":"News"},"content":{"rendered":"<h1>Luftgefederte Schlafsysteme<\/h1>\n<h2>Ultrakomfortabel<\/h2>\n<h3>F\u00dcR MENSCHEN MIT R\u00dcCKENSCHMERZEN BESONDERS GEEIGNET<\/h3>\n<p>F\u00fcr jeden Menschen die ideale Schlafunterlage. Kann individuell mittels Fernbedienung kinderleicht eingestellt werden. Die Stabilit\u00e4t und die ergonomisch richtige Liegeposition bleiben unabh\u00e4ngig vom gew\u00e4hlten H\u00e4rtegrad erhalten. Passt sich bei k\u00f6rperlichen Ver\u00e4nderungen &#8211; zum Beispiel Schwangerschaft &#8211; automatisch an.<\/p>\n<\/p>\n<p><img class=\"lazyload\" src=\"data:image\/svg+xml,%3Csvg%20xmlns%3D%27http%3A%2F%2Fwww.w3.org%2F2000%2Fsvg%27%20width%3D%27203%27%20height%3D%27300%27%20viewBox%3D%270%200%20203%20300%27%3E%3Crect%20width%3D%27203%27%20height%3D%27300%27%20fill-opacity%3D%220%22%2F%3E%3C%2Fsvg%3E\" data-orig-src=\"https:\/\/form-klar.de\/bs-halle\/wp-content\/uploads\/cairona-203x300.jpg\" alt=\"\" width=\"203\" height=\"300\" \/><\/p>\n<\/p>\n<h3>LUFTGEFEDERT RICHTIG SCHLAFEN<\/h3>\n<ul>\n<li>Modular luftgefederter Aufbau<\/li>\n<li>nahezu druckpunktfrei<\/li>\n<li>H\u00e4rtegrad mittels Fernbedienung kinderleicht einstellbar<\/li>\n<li>Handhabung einfach und wartungsfrei<\/li>\n<li>passt sich somit bei k\u00f6rperlichen Ver\u00e4nderungen &#8211; z.B. Schwangerschaft &#8211;\u00a0automatisch an<\/li>\n<li>f\u00fcr Allergiker bestens geeignet<\/li>\n<\/ul>\n<h3><center>G\u00f6nnen Sie sich echte Wohlf\u00fchltr\u00e4ume<\/center><\/h3>\n","protected":false},"excerpt":{"rendered":"<p>Luftgefederte Schlafsysteme Ultrakomfortabel F\u00dcR MENSCHEN MIT R\u00dcCKENSCHMERZEN BESONDERS GEEIGNET F\u00fcr jeden Menschen die ideale Schlafunterlage. Kann individuell mittels Fernbedienung kinderleicht eingestellt werden. Die Stabilit\u00e4t und die ergonomisch richtige Liegeposition bleiben unabh\u00e4ngig vom gew\u00e4hlten H\u00e4rtegrad erhalten. Passt sich bei k\u00f6rperlichen Ver\u00e4nderungen &#8211; zum Beispiel Schwangerschaft &#8211; automatisch an. LUFTGEFEDERT RICHTIG SCHLAFEN Modular luftgefederter Aufbau nahezu druckpunktfrei [&hellip;]<\/p>\n","protected":false},"author":4,"featured_media":0,"parent":0,"menu_order":0,"comment_status":"closed","ping_status":"closed","template":"","meta":{"_links_to":"","_links_to_target":""},"yoast_head":"<!-- This site is optimized with the Yoast SEO plugin v19.2 - https:\/\/yoast.com\/wordpress\/plugins\/seo\/ -->\n<title>News - LaLeLu Bettenstudio GmbH - Halle<\/title>\n<meta name=\"robots\" content=\"index, follow, max-snippet:-1, max-image-preview:large, max-video-preview:-1\" \/>\n<link rel=\"canonical\" href=\"https:\/\/form-klar.de\/bs-halle\/news\/\" \/>\n<meta property=\"og:locale\" content=\"de_DE\" \/>\n<meta property=\"og:type\" content=\"article\" \/>\n<meta property=\"og:title\" content=\"News - LaLeLu Bettenstudio GmbH - Halle\" \/>\n<meta property=\"og:description\" content=\"Luftgefederte Schlafsysteme Ultrakomfortabel F\u00dcR MENSCHEN MIT R\u00dcCKENSCHMERZEN BESONDERS GEEIGNET F\u00fcr jeden Menschen die ideale Schlafunterlage. Kann individuell mittels Fernbedienung kinderleicht eingestellt werden. Die Stabilit\u00e4t und die ergonomisch richtige Liegeposition bleiben unabh\u00e4ngig vom gew\u00e4hlten H\u00e4rtegrad erhalten. Passt sich bei k\u00f6rperlichen Ver\u00e4nderungen &#8211; zum Beispiel Schwangerschaft &#8211; automatisch an. LUFTGEFEDERT RICHTIG SCHLAFEN Modular luftgefederter Aufbau nahezu druckpunktfrei [&hellip;]\" \/>\n<meta property=\"og:url\" content=\"https:\/\/form-klar.de\/bs-halle\/news\/\" \/>\n<meta property=\"og:site_name\" content=\"LaLeLu Bettenstudio GmbH - Halle\" \/>\n<meta property=\"article:publisher\" content=\"https:\/\/www.facebook.com\/lalelubettenstudio\/\" \/>\n<meta property=\"article:modified_time\" content=\"2022-07-05T17:17:49+00:00\" \/>\n<meta property=\"og:image\" content=\"https:\/\/form-klar.de\/bs-halle\/wp-content\/uploads\/cairona-203x300.jpg\" \/>\n<meta name=\"author\" content=\"Nicole Gr\u00e4fe\" \/>\n<meta name=\"twitter:card\" content=\"summary_large_image\" \/>\n<script type=\"application\/ld+json\" class=\"yoast-schema-graph\">{\"@context\":\"https:\/\/schema.org\",\"@graph\":[{\"@type\":\"WebSite\",\"@id\":\"https:\/\/form-klar.de\/bs-halle\/#website\",\"url\":\"https:\/\/form-klar.de\/bs-halle\/\",\"name\":\"LaLeLu Bettenstudio GmbH - Halle\",\"description\":\"Fachzentrum f\u00fcr k\u00f6rpergerechte Matratzenanpassung - Wasserbetten\",\"potentialAction\":[{\"@type\":\"SearchAction\",\"target\":{\"@type\":\"EntryPoint\",\"urlTemplate\":\"https:\/\/form-klar.de\/bs-halle\/?s={search_term_string}\"},\"query-input\":\"required name=search_term_string\"}],\"inLanguage\":\"de\"},{\"@type\":\"ImageObject\",\"inLanguage\":\"de\",\"@id\":\"https:\/\/form-klar.de\/bs-halle\/news\/#primaryimage\",\"url\":\"https:\/\/form-klar.de\/bs-halle\/wp-content\/uploads\/cairona.jpg\",\"contentUrl\":\"https:\/\/form-klar.de\/bs-halle\/wp-content\/uploads\/cairona.jpg\",\"width\":420,\"height\":621},{\"@type\":\"WebPage\",\"@id\":\"https:\/\/form-klar.de\/bs-halle\/news\/#webpage\",\"url\":\"https:\/\/form-klar.de\/bs-halle\/news\/\",\"name\":\"News - LaLeLu Bettenstudio GmbH - Halle\",\"isPartOf\":{\"@id\":\"https:\/\/form-klar.de\/bs-halle\/#website\"},\"primaryImageOfPage\":{\"@id\":\"https:\/\/form-klar.de\/bs-halle\/news\/#primaryimage\"},\"datePublished\":\"2019-02-28T16:36:09+00:00\",\"dateModified\":\"2022-07-05T17:17:49+00:00\",\"breadcrumb\":{\"@id\":\"https:\/\/form-klar.de\/bs-halle\/news\/#breadcrumb\"},\"inLanguage\":\"de\",\"potentialAction\":[{\"@type\":\"ReadAction\",\"target\":[\"https:\/\/form-klar.de\/bs-halle\/news\/\"]}]},{\"@type\":\"BreadcrumbList\",\"@id\":\"https:\/\/form-klar.de\/bs-halle\/news\/#breadcrumb\",\"itemListElement\":[{\"@type\":\"ListItem\",\"position\":1,\"name\":\"Startseite\",\"item\":\"https:\/\/form-klar.de\/bs-halle\/\"},{\"@type\":\"ListItem\",\"position\":2,\"name\":\"News\"}]}]}<\/script>\n<!-- \/ Yoast SEO plugin. -->","yoast_head_json":{"title":"News - LaLeLu Bettenstudio GmbH - Halle","robots":{"index":"index","follow":"follow","max-snippet":"max-snippet:-1","max-image-preview":"max-image-preview:large","max-video-preview":"max-video-preview:-1"},"canonical":"https:\/\/form-klar.de\/bs-halle\/news\/","og_locale":"de_DE","og_type":"article","og_title":"News - LaLeLu Bettenstudio GmbH - Halle","og_description":"Luftgefederte Schlafsysteme Ultrakomfortabel F\u00dcR MENSCHEN MIT R\u00dcCKENSCHMERZEN BESONDERS GEEIGNET F\u00fcr jeden Menschen die ideale Schlafunterlage. Kann individuell mittels Fernbedienung kinderleicht eingestellt werden. Die Stabilit\u00e4t und die ergonomisch richtige Liegeposition bleiben unabh\u00e4ngig vom gew\u00e4hlten H\u00e4rtegrad erhalten. Passt sich bei k\u00f6rperlichen Ver\u00e4nderungen &#8211; zum Beispiel Schwangerschaft &#8211; automatisch an. LUFTGEFEDERT RICHTIG SCHLAFEN Modular luftgefederter Aufbau nahezu druckpunktfrei [&hellip;]","og_url":"https:\/\/form-klar.de\/bs-halle\/news\/","og_site_name":"LaLeLu Bettenstudio GmbH - Halle","article_publisher":"https:\/\/www.facebook.com\/lalelubettenstudio\/","article_modified_time":"2022-07-05T17:17:49+00:00","og_image":[{"url":"https:\/\/form-klar.de\/bs-halle\/wp-content\/uploads\/cairona-203x300.jpg"}],"author":"Nicole Gr\u00e4fe","twitter_card":"summary_large_image","schema":{"@context":"https:\/\/schema.org","@graph":[{"@type":"WebSite","@id":"https:\/\/form-klar.de\/bs-halle\/#website","url":"https:\/\/form-klar.de\/bs-halle\/","name":"LaLeLu Bettenstudio GmbH - Halle","description":"Fachzentrum f\u00fcr k\u00f6rpergerechte Matratzenanpassung - Wasserbetten","potentialAction":[{"@type":"SearchAction","target":{"@type":"EntryPoint","urlTemplate":"https:\/\/form-klar.de\/bs-halle\/?s={search_term_string}"},"query-input":"required name=search_term_string"}],"inLanguage":"de"},{"@type":"ImageObject","inLanguage":"de","@id":"https:\/\/form-klar.de\/bs-halle\/news\/#primaryimage","url":"https:\/\/form-klar.de\/bs-halle\/wp-content\/uploads\/cairona.jpg","contentUrl":"https:\/\/form-klar.de\/bs-halle\/wp-content\/uploads\/cairona.jpg","width":420,"height":621},{"@type":"WebPage","@id":"https:\/\/form-klar.de\/bs-halle\/news\/#webpage","url":"https:\/\/form-klar.de\/bs-halle\/news\/","name":"News - LaLeLu Bettenstudio GmbH - Halle","isPartOf":{"@id":"https:\/\/form-klar.de\/bs-halle\/#website"},"primaryImageOfPage":{"@id":"https:\/\/form-klar.de\/bs-halle\/news\/#primaryimage"},"datePublished":"2019-02-28T16:36:09+00:00","dateModified":"2022-07-05T17:17:49+00:00","breadcrumb":{"@id":"https:\/\/form-klar.de\/bs-halle\/news\/#breadcrumb"},"inLanguage":"de","potentialAction":[{"@type":"ReadAction","target":["https:\/\/form-klar.de\/bs-halle\/news\/"]}]},{"@type":"BreadcrumbList","@id":"https:\/\/form-klar.de\/bs-halle\/news\/#breadcrumb","itemListElement":[{"@type":"ListItem","position":1,"name":"Startseite","item":"https:\/\/form-klar.de\/bs-halle\/"},{"@type":"ListItem","position":2,"name":"News"}]}]}},"_links":{"self":[{"href":"https:\/\/form-klar.de\/bs-halle\/wp-json\/wp\/v2\/pages\/6088"}],"collection":[{"href":"https:\/\/form-klar.de\/bs-halle\/wp-json\/wp\/v2\/pages"}],"about":[{"href":"https:\/\/form-klar.de\/bs-halle\/wp-json\/wp\/v2\/types\/page"}],"author":[{"embeddable":true,"href":"https:\/\/form-klar.de\/bs-halle\/wp-json\/wp\/v2\/users\/4"}],"replies":[{"embeddable":true,"href":"https:\/\/form-klar.de\/bs-halle\/wp-json\/wp\/v2\/comments?post=6088"}],"version-history":[{"count":16,"href":"https:\/\/form-klar.de\/bs-halle\/wp-json\/wp\/v2\/pages\/6088\/revisions"}],"predecessor-version":[{"id":6112,"href":"https:\/\/form-klar.de\/bs-halle\/wp-json\/wp\/v2\/pages\/6088\/revisions\/6112"}],"wp:attachment":[{"href":"https:\/\/form-klar.de\/bs-halle\/wp-json\/wp\/v2\/media?parent=6088"}],"curies":[{"name":"wp","href":"https:\/\/api.w.org\/{rel}","templated":true}]}}