{"id":5909,"date":"2019-01-25T21:08:19","date_gmt":"2019-01-25T19:08:19","guid":{"rendered":"https:\/\/www.bettenstudio-halle.de\/?page_id=5909"},"modified":"2019-01-25T22:52:41","modified_gmt":"2019-01-25T20:52:41","slug":"lattenroste","status":"publish","type":"page","link":"https:\/\/form-klar.de\/bs-halle\/produkte\/lattenroste\/","title":{"rendered":"Lattenroste"},"content":{"rendered":"<h1>Lattenroste<\/h1>\n<h2>F\u00fcr ihre Wirbels\u00e4ule die optimale St\u00fctze in der Nacht<\/h2>\n<p>Wenn die Funktion des Lattenrostes nicht optimal erf\u00fcllt wird, bringen auch die beste Matratze und die passenden Bettdecken keinen optimalen Erfolg.<br \/>Gerade ein optimaler Lattenrost sorgt gezielt daf\u00fcr, dass die Wirbels\u00e4ule, exakt gest\u00fctzt wird und sowohl in Seiten- als auch in R\u00fcckenlage die vollkommen nat\u00fcrliche Form beh\u00e4lt.<\/p>\n<h3>LATTENROSTE BEKANNTER HERSTELLER<\/h3>\n<p>Ganz gleich ob als klassischer robuster Flachrahmen, ein motorisch-funktionaler Lattenrost oder doch eher ein Lattenrost mit einstellbarem Kopfteil \u2013 wir von LaLeLu Betten-Fachgesch\u00e4ft kennen die individuellen M\u00f6glichkeiten und Funktionen, die unterschiedlichen Liegerverhalten und die jeweilige Qualit\u00e4t namen hafter Lattenrost-Marken. Aber das elementar wichtigste ist, dass der ihr eigener Lattenrost perfekt auf Ihren K\u00f6rper abgestimmt wird und zuk\u00fcnftig f\u00fcr eine optimal ergonomische Liegeposition sorgt.<\/p>\n<p>\t\t\t\t\t\t\t\t\t\t<img class=\"lazyload\" width=\"420\" height=\"357\" src=\"https:\/\/www.bettenstudio-halle.de\/wp-content\/uploads\/pop-vivalux-el.jpg\" data-orig-src=\"https:\/\/www.bettenstudio-halle.de\/wp-content\/uploads\/pop-vivalux-el.jpg\" alt=\"\" srcset=\"data:image\/svg+xml,%3Csvg%20xmlns%3D%27http%3A%2F%2Fwww.w3.org%2F2000%2Fsvg%27%20width%3D%27420%27%20height%3D%27357%27%20viewBox%3D%270%200%20420%20357%27%3E%3Crect%20width%3D%27420%27%20height%3D%27357%27%20fill-opacity%3D%220%22%2F%3E%3C%2Fsvg%3E\" data-srcset=\"https:\/\/www.bettenstudio-halle.de\/wp-content\/uploads\/pop-vivalux-el.jpg 420w, https:\/\/www.bettenstudio-halle.de\/wp-content\/uploads\/pop-vivalux-el-300x255.jpg 300w\" data-sizes=\"auto\" data-orig-sizes=\"(max-width: 420px) 100vw, 420px\" \/>\t\t\t\t\t\t\t\t\t\t\t<\/p>\n<h3>Lattenrost-Fachberatung f\u00fcr gesunde N\u00e4chte<\/h3>\n<p>In unserem Betten-Fachgesch\u00e4ft in Halle bieten wir ihnen hochwertige Lattenroste bekannter Marken. Lassen Sie sich von ausgebildeten Schlafberatern jederzeit gezielt fachm\u00e4nnisch beraten.<\/p>\n<p><img class=\"lazyload\" src=\"data:image\/svg+xml,%3Csvg%20xmlns%3D%27http%3A%2F%2Fwww.w3.org%2F2000%2Fsvg%27%20width%3D%27457%27%20height%3D%27106%27%20viewBox%3D%270%200%20457%20106%27%3E%3Crect%20width%3D%27457%27%20height%3D%27106%27%20fill-opacity%3D%220%22%2F%3E%3C%2Fsvg%3E\" data-orig-src=\"https:\/\/www.bettenstudio-halle.de\/wp-content\/uploads\/lattenrost-marken.jpg\" alt=\"\" width=\"457\" height=\"106\" \/><\/p>\n<h3>Impressionen individueller Lattenroste<\/h3>\n\n\t\t<style type=\"text\/css\">\n\t\t\t#gallery-1 {\n\t\t\t\tmargin: auto;\n\t\t\t}\n\t\t\t#gallery-1 .gallery-item {\n\t\t\t\tfloat: left;\n\t\t\t\tmargin-top: 10px;\n\t\t\t\ttext-align: center;\n\t\t\t\twidth: 16%;\n\t\t\t}\n\t\t\t#gallery-1 img {\n\t\t\t\tborder: 2px solid #cfcfcf;\n\t\t\t}\n\t\t\t#gallery-1 .gallery-caption {\n\t\t\t\tmargin-left: 0;\n\t\t\t}\n\t\t\t\/* see gallery_shortcode() in wp-includes\/media.php *\/\n\t\t<\/style>\n\t\t<div id='gallery-1' class='gallery galleryid-5909 gallery-columns-6 gallery-size-thumbnail'><dl class='gallery-item'>\n\t\t\t<dt class='gallery-icon landscape'>\n\t\t\t\t<a data-rel=\"iLightbox[postimages]\" data-title=\"Lattenrost &#8211; twinmaster 2008\" data-caption=\"\" href='https:\/\/form-klar.de\/bs-halle\/wp-content\/uploads\/pop-twinmaster-2008.jpg'><img width=\"240\" height=\"240\" src=\"https:\/\/form-klar.de\/bs-halle\/wp-content\/uploads\/pop-twinmaster-2008-240x240.jpg\" class=\"attachment-thumbnail size-thumbnail lazyload\" alt=\"\" srcset=\"data:image\/svg+xml,%3Csvg%20xmlns%3D%27http%3A%2F%2Fwww.w3.org%2F2000%2Fsvg%27%20width%3D%27420%27%20height%3D%27357%27%20viewBox%3D%270%200%20420%20357%27%3E%3Crect%20width%3D%27420%27%20height%3D%27357%27%20fill-opacity%3D%220%22%2F%3E%3C%2Fsvg%3E\" data-orig-src=\"https:\/\/form-klar.de\/bs-halle\/wp-content\/uploads\/pop-twinmaster-2008-240x240.jpg\" data-srcset=\"https:\/\/form-klar.de\/bs-halle\/wp-content\/uploads\/pop-twinmaster-2008-66x66.jpg 66w, https:\/\/form-klar.de\/bs-halle\/wp-content\/uploads\/pop-twinmaster-2008-240x240.jpg 240w\" data-sizes=\"auto\" \/><\/a>\n\t\t\t<\/dt><\/dl><dl class='gallery-item'>\n\t\t\t<dt class='gallery-icon landscape'>\n\t\t\t\t<a data-rel=\"iLightbox[postimages]\" data-title=\"Lattenrost &#8211; varus el\" data-caption=\"\" href='https:\/\/form-klar.de\/bs-halle\/wp-content\/uploads\/pop-varus-el.jpg'><img width=\"240\" height=\"240\" src=\"https:\/\/form-klar.de\/bs-halle\/wp-content\/uploads\/pop-varus-el-240x240.jpg\" class=\"attachment-thumbnail size-thumbnail lazyload\" alt=\"\" srcset=\"data:image\/svg+xml,%3Csvg%20xmlns%3D%27http%3A%2F%2Fwww.w3.org%2F2000%2Fsvg%27%20width%3D%27420%27%20height%3D%27357%27%20viewBox%3D%270%200%20420%20357%27%3E%3Crect%20width%3D%27420%27%20height%3D%27357%27%20fill-opacity%3D%220%22%2F%3E%3C%2Fsvg%3E\" data-orig-src=\"https:\/\/form-klar.de\/bs-halle\/wp-content\/uploads\/pop-varus-el-240x240.jpg\" data-srcset=\"https:\/\/form-klar.de\/bs-halle\/wp-content\/uploads\/pop-varus-el-66x66.jpg 66w, https:\/\/form-klar.de\/bs-halle\/wp-content\/uploads\/pop-varus-el-240x240.jpg 240w\" data-sizes=\"auto\" \/><\/a>\n\t\t\t<\/dt><\/dl><dl class='gallery-item'>\n\t\t\t<dt class='gallery-icon landscape'>\n\t\t\t\t<a data-rel=\"iLightbox[postimages]\" data-title=\"Lattenrost &#8211; varus kf\" data-caption=\"\" href='https:\/\/form-klar.de\/bs-halle\/wp-content\/uploads\/pop-varus-kf.jpg'><img width=\"240\" height=\"240\" src=\"https:\/\/form-klar.de\/bs-halle\/wp-content\/uploads\/pop-varus-kf-240x240.jpg\" class=\"attachment-thumbnail size-thumbnail lazyload\" alt=\"\" srcset=\"data:image\/svg+xml,%3Csvg%20xmlns%3D%27http%3A%2F%2Fwww.w3.org%2F2000%2Fsvg%27%20width%3D%27420%27%20height%3D%27357%27%20viewBox%3D%270%200%20420%20357%27%3E%3Crect%20width%3D%27420%27%20height%3D%27357%27%20fill-opacity%3D%220%22%2F%3E%3C%2Fsvg%3E\" data-orig-src=\"https:\/\/form-klar.de\/bs-halle\/wp-content\/uploads\/pop-varus-kf-240x240.jpg\" data-srcset=\"https:\/\/form-klar.de\/bs-halle\/wp-content\/uploads\/pop-varus-kf-66x66.jpg 66w, https:\/\/form-klar.de\/bs-halle\/wp-content\/uploads\/pop-varus-kf-240x240.jpg 240w\" data-sizes=\"auto\" \/><\/a>\n\t\t\t<\/dt><\/dl><dl class='gallery-item'>\n\t\t\t<dt class='gallery-icon landscape'>\n\t\t\t\t<a data-rel=\"iLightbox[postimages]\" data-title=\"Lattenrost &#8211; vision kf gasfeder\" data-caption=\"\" href='https:\/\/form-klar.de\/bs-halle\/wp-content\/uploads\/pop-vision-kf-gasfeder.jpg'><img width=\"240\" height=\"240\" src=\"https:\/\/form-klar.de\/bs-halle\/wp-content\/uploads\/pop-vision-kf-gasfeder-240x240.jpg\" class=\"attachment-thumbnail size-thumbnail lazyload\" alt=\"\" srcset=\"data:image\/svg+xml,%3Csvg%20xmlns%3D%27http%3A%2F%2Fwww.w3.org%2F2000%2Fsvg%27%20width%3D%27420%27%20height%3D%27357%27%20viewBox%3D%270%200%20420%20357%27%3E%3Crect%20width%3D%27420%27%20height%3D%27357%27%20fill-opacity%3D%220%22%2F%3E%3C%2Fsvg%3E\" data-orig-src=\"https:\/\/form-klar.de\/bs-halle\/wp-content\/uploads\/pop-vision-kf-gasfeder-240x240.jpg\" data-srcset=\"https:\/\/form-klar.de\/bs-halle\/wp-content\/uploads\/pop-vision-kf-gasfeder-66x66.jpg 66w, https:\/\/form-klar.de\/bs-halle\/wp-content\/uploads\/pop-vision-kf-gasfeder-240x240.jpg 240w\" data-sizes=\"auto\" \/><\/a>\n\t\t\t<\/dt><\/dl><dl class='gallery-item'>\n\t\t\t<dt class='gallery-icon landscape'>\n\t\t\t\t<a data-rel=\"iLightbox[postimages]\" data-title=\"Lattenrost &#8211; vivalux\" data-caption=\"\" href='https:\/\/form-klar.de\/bs-halle\/wp-content\/uploads\/pop-vivalux.jpg'><img width=\"240\" height=\"240\" src=\"https:\/\/form-klar.de\/bs-halle\/wp-content\/uploads\/pop-vivalux-240x240.jpg\" class=\"attachment-thumbnail size-thumbnail lazyload\" alt=\"\" srcset=\"data:image\/svg+xml,%3Csvg%20xmlns%3D%27http%3A%2F%2Fwww.w3.org%2F2000%2Fsvg%27%20width%3D%27420%27%20height%3D%27357%27%20viewBox%3D%270%200%20420%20357%27%3E%3Crect%20width%3D%27420%27%20height%3D%27357%27%20fill-opacity%3D%220%22%2F%3E%3C%2Fsvg%3E\" data-orig-src=\"https:\/\/form-klar.de\/bs-halle\/wp-content\/uploads\/pop-vivalux-240x240.jpg\" data-srcset=\"https:\/\/form-klar.de\/bs-halle\/wp-content\/uploads\/pop-vivalux-66x66.jpg 66w, https:\/\/form-klar.de\/bs-halle\/wp-content\/uploads\/pop-vivalux-240x240.jpg 240w\" data-sizes=\"auto\" \/><\/a>\n\t\t\t<\/dt><\/dl><dl class='gallery-item'>\n\t\t\t<dt class='gallery-icon landscape'>\n\t\t\t\t<a data-rel=\"iLightbox[postimages]\" data-title=\"Lattenrost &#8211; vivalux el\" data-caption=\"\" href='https:\/\/form-klar.de\/bs-halle\/wp-content\/uploads\/pop-vivalux-el.jpg'><img width=\"240\" height=\"240\" src=\"https:\/\/form-klar.de\/bs-halle\/wp-content\/uploads\/pop-vivalux-el-240x240.jpg\" class=\"attachment-thumbnail size-thumbnail lazyload\" alt=\"\" srcset=\"data:image\/svg+xml,%3Csvg%20xmlns%3D%27http%3A%2F%2Fwww.w3.org%2F2000%2Fsvg%27%20width%3D%27420%27%20height%3D%27357%27%20viewBox%3D%270%200%20420%20357%27%3E%3Crect%20width%3D%27420%27%20height%3D%27357%27%20fill-opacity%3D%220%22%2F%3E%3C%2Fsvg%3E\" data-orig-src=\"https:\/\/form-klar.de\/bs-halle\/wp-content\/uploads\/pop-vivalux-el-240x240.jpg\" data-srcset=\"https:\/\/form-klar.de\/bs-halle\/wp-content\/uploads\/pop-vivalux-el-66x66.jpg 66w, https:\/\/form-klar.de\/bs-halle\/wp-content\/uploads\/pop-vivalux-el-240x240.jpg 240w\" data-sizes=\"auto\" \/><\/a>\n\t\t\t<\/dt><\/dl><br style=\"clear: both\" \/><dl class='gallery-item'>\n\t\t\t<dt class='gallery-icon landscape'>\n\t\t\t\t<a data-rel=\"iLightbox[postimages]\" data-title=\"Lattenrost -irisette classic-kf\" data-caption=\"\" href='https:\/\/form-klar.de\/bs-halle\/wp-content\/uploads\/pop-irisette-classic-kf.jpg'><img width=\"240\" height=\"240\" src=\"https:\/\/form-klar.de\/bs-halle\/wp-content\/uploads\/pop-irisette-classic-kf-240x240.jpg\" class=\"attachment-thumbnail size-thumbnail lazyload\" alt=\"\" srcset=\"data:image\/svg+xml,%3Csvg%20xmlns%3D%27http%3A%2F%2Fwww.w3.org%2F2000%2Fsvg%27%20width%3D%27420%27%20height%3D%27357%27%20viewBox%3D%270%200%20420%20357%27%3E%3Crect%20width%3D%27420%27%20height%3D%27357%27%20fill-opacity%3D%220%22%2F%3E%3C%2Fsvg%3E\" data-orig-src=\"https:\/\/form-klar.de\/bs-halle\/wp-content\/uploads\/pop-irisette-classic-kf-240x240.jpg\" data-srcset=\"https:\/\/form-klar.de\/bs-halle\/wp-content\/uploads\/pop-irisette-classic-kf-66x66.jpg 66w, https:\/\/form-klar.de\/bs-halle\/wp-content\/uploads\/pop-irisette-classic-kf-240x240.jpg 240w\" data-sizes=\"auto\" \/><\/a>\n\t\t\t<\/dt><\/dl><dl class='gallery-item'>\n\t\t\t<dt class='gallery-icon landscape'>\n\t\t\t\t<a data-rel=\"iLightbox[postimages]\" data-title=\"Lattenrost &#8211; irisette triluna-el\" data-caption=\"\" href='https:\/\/form-klar.de\/bs-halle\/wp-content\/uploads\/pop-irisette-triluna-el.jpg'><img width=\"240\" height=\"240\" src=\"https:\/\/form-klar.de\/bs-halle\/wp-content\/uploads\/pop-irisette-triluna-el-240x240.jpg\" class=\"attachment-thumbnail size-thumbnail lazyload\" alt=\"\" srcset=\"data:image\/svg+xml,%3Csvg%20xmlns%3D%27http%3A%2F%2Fwww.w3.org%2F2000%2Fsvg%27%20width%3D%27420%27%20height%3D%27357%27%20viewBox%3D%270%200%20420%20357%27%3E%3Crect%20width%3D%27420%27%20height%3D%27357%27%20fill-opacity%3D%220%22%2F%3E%3C%2Fsvg%3E\" data-orig-src=\"https:\/\/form-klar.de\/bs-halle\/wp-content\/uploads\/pop-irisette-triluna-el-240x240.jpg\" data-srcset=\"https:\/\/form-klar.de\/bs-halle\/wp-content\/uploads\/pop-irisette-triluna-el-66x66.jpg 66w, https:\/\/form-klar.de\/bs-halle\/wp-content\/uploads\/pop-irisette-triluna-el-240x240.jpg 240w\" data-sizes=\"auto\" \/><\/a>\n\t\t\t<\/dt><\/dl>\n\t\t\t<br style='clear: both' \/>\n\t\t<\/div>\n\n","protected":false},"excerpt":{"rendered":"<p>Lattenroste F\u00fcr ihre Wirbels\u00e4ule die optimale St\u00fctze in der Nacht Wenn die Funktion des Lattenrostes nicht optimal erf\u00fcllt wird, bringen auch die beste Matratze und die passenden Bettdecken keinen optimalen Erfolg.Gerade ein optimaler Lattenrost sorgt gezielt daf\u00fcr, dass die Wirbels\u00e4ule, exakt gest\u00fctzt wird und sowohl in Seiten- als auch in R\u00fcckenlage die vollkommen nat\u00fcrliche Form [&hellip;]<\/p>\n","protected":false},"author":1,"featured_media":5200,"parent":4989,"menu_order":0,"comment_status":"closed","ping_status":"closed","template":"","meta":{"_links_to":"","_links_to_target":""},"yoast_head":"<!-- This site is optimized with the Yoast SEO plugin v19.2 - https:\/\/yoast.com\/wordpress\/plugins\/seo\/ -->\n<title>Lattenroste - LaLeLu Bettenstudio GmbH - Halle<\/title>\n<meta name=\"robots\" content=\"index, follow, max-snippet:-1, max-image-preview:large, max-video-preview:-1\" \/>\n<link rel=\"canonical\" href=\"https:\/\/form-klar.de\/bs-halle\/produkte\/lattenroste\/\" \/>\n<meta property=\"og:locale\" content=\"de_DE\" \/>\n<meta property=\"og:type\" content=\"article\" \/>\n<meta property=\"og:title\" content=\"Lattenroste - LaLeLu Bettenstudio GmbH - Halle\" \/>\n<meta property=\"og:description\" content=\"Lattenroste F\u00fcr ihre Wirbels\u00e4ule die optimale St\u00fctze in der Nacht Wenn die Funktion des Lattenrostes nicht optimal erf\u00fcllt wird, bringen auch die beste Matratze und die passenden Bettdecken keinen optimalen Erfolg.Gerade ein optimaler Lattenrost sorgt gezielt daf\u00fcr, dass die Wirbels\u00e4ule, exakt gest\u00fctzt wird und sowohl in Seiten- als auch in R\u00fcckenlage die vollkommen nat\u00fcrliche Form [&hellip;]\" \/>\n<meta property=\"og:url\" content=\"https:\/\/form-klar.de\/bs-halle\/produkte\/lattenroste\/\" \/>\n<meta property=\"og:site_name\" content=\"LaLeLu Bettenstudio GmbH - Halle\" \/>\n<meta property=\"article:publisher\" content=\"https:\/\/www.facebook.com\/lalelubettenstudio\/\" \/>\n<meta property=\"article:modified_time\" content=\"2019-01-25T20:52:41+00:00\" \/>\n<meta property=\"og:image\" content=\"https:\/\/form-klar.de\/bs-halle\/wp-content\/uploads\/pop-vivalux-el.jpg\" \/>\n\t<meta property=\"og:image:width\" content=\"420\" \/>\n\t<meta property=\"og:image:height\" content=\"357\" \/>\n\t<meta property=\"og:image:type\" content=\"image\/jpeg\" \/>\n<meta name=\"author\" content=\"admin\" \/>\n<meta name=\"twitter:card\" content=\"summary_large_image\" \/>\n<meta name=\"twitter:label1\" content=\"Gesch\u00e4tzte Lesezeit\" \/>\n\t<meta name=\"twitter:data1\" content=\"1\u00a0Minute\" \/>\n<script type=\"application\/ld+json\" class=\"yoast-schema-graph\">{\"@context\":\"https:\/\/schema.org\",\"@graph\":[{\"@type\":\"WebSite\",\"@id\":\"https:\/\/form-klar.de\/bs-halle\/#website\",\"url\":\"https:\/\/form-klar.de\/bs-halle\/\",\"name\":\"LaLeLu Bettenstudio GmbH - Halle\",\"description\":\"Fachzentrum f\u00fcr k\u00f6rpergerechte Matratzenanpassung - Wasserbetten\",\"potentialAction\":[{\"@type\":\"SearchAction\",\"target\":{\"@type\":\"EntryPoint\",\"urlTemplate\":\"https:\/\/form-klar.de\/bs-halle\/?s={search_term_string}\"},\"query-input\":\"required name=search_term_string\"}],\"inLanguage\":\"de\"},{\"@type\":\"ImageObject\",\"inLanguage\":\"de\",\"@id\":\"https:\/\/form-klar.de\/bs-halle\/produkte\/lattenroste\/#primaryimage\",\"url\":\"https:\/\/form-klar.de\/bs-halle\/wp-content\/uploads\/pop-vivalux-el.jpg\",\"contentUrl\":\"https:\/\/form-klar.de\/bs-halle\/wp-content\/uploads\/pop-vivalux-el.jpg\",\"width\":420,\"height\":357},{\"@type\":\"WebPage\",\"@id\":\"https:\/\/form-klar.de\/bs-halle\/produkte\/lattenroste\/#webpage\",\"url\":\"https:\/\/form-klar.de\/bs-halle\/produkte\/lattenroste\/\",\"name\":\"Lattenroste - LaLeLu Bettenstudio GmbH - Halle\",\"isPartOf\":{\"@id\":\"https:\/\/form-klar.de\/bs-halle\/#website\"},\"primaryImageOfPage\":{\"@id\":\"https:\/\/form-klar.de\/bs-halle\/produkte\/lattenroste\/#primaryimage\"},\"datePublished\":\"2019-01-25T19:08:19+00:00\",\"dateModified\":\"2019-01-25T20:52:41+00:00\",\"breadcrumb\":{\"@id\":\"https:\/\/form-klar.de\/bs-halle\/produkte\/lattenroste\/#breadcrumb\"},\"inLanguage\":\"de\",\"potentialAction\":[{\"@type\":\"ReadAction\",\"target\":[\"https:\/\/form-klar.de\/bs-halle\/produkte\/lattenroste\/\"]}]},{\"@type\":\"BreadcrumbList\",\"@id\":\"https:\/\/form-klar.de\/bs-halle\/produkte\/lattenroste\/#breadcrumb\",\"itemListElement\":[{\"@type\":\"ListItem\",\"position\":1,\"name\":\"Startseite\",\"item\":\"https:\/\/form-klar.de\/bs-halle\/\"},{\"@type\":\"ListItem\",\"position\":2,\"name\":\"Produkte\",\"item\":\"https:\/\/form-klar.de\/bs-halle\/produkte\/\"},{\"@type\":\"ListItem\",\"position\":3,\"name\":\"Lattenroste\"}]}]}<\/script>\n<!-- \/ Yoast SEO plugin. -->","yoast_head_json":{"title":"Lattenroste - LaLeLu Bettenstudio GmbH - Halle","robots":{"index":"index","follow":"follow","max-snippet":"max-snippet:-1","max-image-preview":"max-image-preview:large","max-video-preview":"max-video-preview:-1"},"canonical":"https:\/\/form-klar.de\/bs-halle\/produkte\/lattenroste\/","og_locale":"de_DE","og_type":"article","og_title":"Lattenroste - LaLeLu Bettenstudio GmbH - Halle","og_description":"Lattenroste F\u00fcr ihre Wirbels\u00e4ule die optimale St\u00fctze in der Nacht Wenn die Funktion des Lattenrostes nicht optimal erf\u00fcllt wird, bringen auch die beste Matratze und die passenden Bettdecken keinen optimalen Erfolg.Gerade ein optimaler Lattenrost sorgt gezielt daf\u00fcr, dass die Wirbels\u00e4ule, exakt gest\u00fctzt wird und sowohl in Seiten- als auch in R\u00fcckenlage die vollkommen nat\u00fcrliche Form [&hellip;]","og_url":"https:\/\/form-klar.de\/bs-halle\/produkte\/lattenroste\/","og_site_name":"LaLeLu Bettenstudio GmbH - Halle","article_publisher":"https:\/\/www.facebook.com\/lalelubettenstudio\/","article_modified_time":"2019-01-25T20:52:41+00:00","og_image":[{"width":420,"height":357,"url":"https:\/\/form-klar.de\/bs-halle\/wp-content\/uploads\/pop-vivalux-el.jpg","type":"image\/jpeg"}],"author":"admin","twitter_card":"summary_large_image","twitter_misc":{"Gesch\u00e4tzte Lesezeit":"1\u00a0Minute"},"schema":{"@context":"https:\/\/schema.org","@graph":[{"@type":"WebSite","@id":"https:\/\/form-klar.de\/bs-halle\/#website","url":"https:\/\/form-klar.de\/bs-halle\/","name":"LaLeLu Bettenstudio GmbH - Halle","description":"Fachzentrum f\u00fcr k\u00f6rpergerechte Matratzenanpassung - Wasserbetten","potentialAction":[{"@type":"SearchAction","target":{"@type":"EntryPoint","urlTemplate":"https:\/\/form-klar.de\/bs-halle\/?s={search_term_string}"},"query-input":"required name=search_term_string"}],"inLanguage":"de"},{"@type":"ImageObject","inLanguage":"de","@id":"https:\/\/form-klar.de\/bs-halle\/produkte\/lattenroste\/#primaryimage","url":"https:\/\/form-klar.de\/bs-halle\/wp-content\/uploads\/pop-vivalux-el.jpg","contentUrl":"https:\/\/form-klar.de\/bs-halle\/wp-content\/uploads\/pop-vivalux-el.jpg","width":420,"height":357},{"@type":"WebPage","@id":"https:\/\/form-klar.de\/bs-halle\/produkte\/lattenroste\/#webpage","url":"https:\/\/form-klar.de\/bs-halle\/produkte\/lattenroste\/","name":"Lattenroste - LaLeLu Bettenstudio GmbH - Halle","isPartOf":{"@id":"https:\/\/form-klar.de\/bs-halle\/#website"},"primaryImageOfPage":{"@id":"https:\/\/form-klar.de\/bs-halle\/produkte\/lattenroste\/#primaryimage"},"datePublished":"2019-01-25T19:08:19+00:00","dateModified":"2019-01-25T20:52:41+00:00","breadcrumb":{"@id":"https:\/\/form-klar.de\/bs-halle\/produkte\/lattenroste\/#breadcrumb"},"inLanguage":"de","potentialAction":[{"@type":"ReadAction","target":["https:\/\/form-klar.de\/bs-halle\/produkte\/lattenroste\/"]}]},{"@type":"BreadcrumbList","@id":"https:\/\/form-klar.de\/bs-halle\/produkte\/lattenroste\/#breadcrumb","itemListElement":[{"@type":"ListItem","position":1,"name":"Startseite","item":"https:\/\/form-klar.de\/bs-halle\/"},{"@type":"ListItem","position":2,"name":"Produkte","item":"https:\/\/form-klar.de\/bs-halle\/produkte\/"},{"@type":"ListItem","position":3,"name":"Lattenroste"}]}]}},"_links":{"self":[{"href":"https:\/\/form-klar.de\/bs-halle\/wp-json\/wp\/v2\/pages\/5909"}],"collection":[{"href":"https:\/\/form-klar.de\/bs-halle\/wp-json\/wp\/v2\/pages"}],"about":[{"href":"https:\/\/form-klar.de\/bs-halle\/wp-json\/wp\/v2\/types\/page"}],"author":[{"embeddable":true,"href":"https:\/\/form-klar.de\/bs-halle\/wp-json\/wp\/v2\/users\/1"}],"replies":[{"embeddable":true,"href":"https:\/\/form-klar.de\/bs-halle\/wp-json\/wp\/v2\/comments?post=5909"}],"version-history":[{"count":3,"href":"https:\/\/form-klar.de\/bs-halle\/wp-json\/wp\/v2\/pages\/5909\/revisions"}],"predecessor-version":[{"id":5952,"href":"https:\/\/form-klar.de\/bs-halle\/wp-json\/wp\/v2\/pages\/5909\/revisions\/5952"}],"up":[{"embeddable":true,"href":"https:\/\/form-klar.de\/bs-halle\/wp-json\/wp\/v2\/pages\/4989"}],"wp:featuredmedia":[{"embeddable":true,"href":"https:\/\/form-klar.de\/bs-halle\/wp-json\/wp\/v2\/media\/5200"}],"wp:attachment":[{"href":"https:\/\/form-klar.de\/bs-halle\/wp-json\/wp\/v2\/media?parent=5909"}],"curies":[{"name":"wp","href":"https:\/\/api.w.org\/{rel}","templated":true}]}}