{"id":5901,"date":"2019-01-25T21:03:18","date_gmt":"2019-01-25T19:03:18","guid":{"rendered":"https:\/\/www.bettenstudio-halle.de\/?page_id=5901"},"modified":"2019-01-25T23:08:36","modified_gmt":"2019-01-25T21:08:36","slug":"zubehoer-und-pflege","status":"publish","type":"page","link":"https:\/\/form-klar.de\/bs-halle\/produkte\/zubehoer-und-pflege\/","title":{"rendered":"Zubeh\u00f6r und Pflege"},"content":{"rendered":"<h1>Zubeh\u00f6r und Pflege<\/h1>\n<h2>Unser Sortiment an Qualit\u00e4ts-Zubeh\u00f6r und<br \/>optimalen Pflege-Produkten f\u00fcr Ihr Schlafsystem<\/h2>\n<p>Lehnen sie sich beruhig zur\u00fcck und schlafen sie entspannt durch den perfekten Service und das gro\u00dfe Zubeh\u00f6r-Sortiment des Betten-Fachgesch\u00e4ft LaLeLu aus Halle. Unser umfangreiches Sortiment an Qualit\u00e4ts-Zubeh\u00f6r sowie perfekten Pflege-Produkte bietet alles, was f\u00fcr die optimale Nutzung und Gebrauch absolut notwendig ist. Desweiteren bietet unser betten-Fachgesch\u00e4ft zudem viele speziell ausgew\u00e4hlte Wohn-Accessoires wie z.B. Skulpturen, Bilder, Stoffe und Deko rund ums Thema &#8222;Wohlf\u00fchlen&#8220;, &#8222;Wellness&#8220; und den angenehmen Schlaf.<\/p>\n<p>Ganz gleich ob Zudecken, Kopfkissen, Spannbettt\u00fccher, Deko oder auch Pflegeprodukte f\u00fcr Ihr eigenes Wasserbett &#8211; Im Betten-Fachgesch\u00e4ft finden sie alles, rund um die kuschlige Welt des entspannten Schlafes.<\/p>\n<p>\t\t\t\t\t\t\t\t\t\t<img class=\"lazyload\" width=\"300\" height=\"300\" src=\"https:\/\/www.bettenstudio-halle.de\/wp-content\/uploads\/wasser-betten-zubehoer.jpg\" data-orig-src=\"https:\/\/www.bettenstudio-halle.de\/wp-content\/uploads\/wasser-betten-zubehoer.jpg\" alt=\"\" srcset=\"data:image\/svg+xml,%3Csvg%20xmlns%3D%27http%3A%2F%2Fwww.w3.org%2F2000%2Fsvg%27%20width%3D%27300%27%20height%3D%27300%27%20viewBox%3D%270%200%20300%20300%27%3E%3Crect%20width%3D%27300%27%20height%3D%27300%27%20fill-opacity%3D%220%22%2F%3E%3C%2Fsvg%3E\" data-srcset=\"https:\/\/www.bettenstudio-halle.de\/wp-content\/uploads\/wasser-betten-zubehoer.jpg 300w, https:\/\/www.bettenstudio-halle.de\/wp-content\/uploads\/wasser-betten-zubehoer-240x240.jpg 240w, https:\/\/www.bettenstudio-halle.de\/wp-content\/uploads\/wasser-betten-zubehoer-66x66.jpg 66w\" data-sizes=\"auto\" data-orig-sizes=\"(max-width: 300px) 100vw, 300px\" \/><\/p>\n","protected":false},"excerpt":{"rendered":"<p>Zubeh\u00f6r und Pflege Unser Sortiment an Qualit\u00e4ts-Zubeh\u00f6r undoptimalen Pflege-Produkten f\u00fcr Ihr Schlafsystem Lehnen sie sich beruhig zur\u00fcck und schlafen sie entspannt durch den perfekten Service und das gro\u00dfe Zubeh\u00f6r-Sortiment des Betten-Fachgesch\u00e4ft LaLeLu aus Halle. Unser umfangreiches Sortiment an Qualit\u00e4ts-Zubeh\u00f6r sowie perfekten Pflege-Produkte bietet alles, was f\u00fcr die optimale Nutzung und Gebrauch absolut notwendig ist. Desweiteren [&hellip;]<\/p>\n","protected":false},"author":1,"featured_media":5443,"parent":4989,"menu_order":0,"comment_status":"closed","ping_status":"closed","template":"","meta":{"_links_to":"","_links_to_target":""},"yoast_head":"<!-- This site is optimized with the Yoast SEO plugin v19.2 - https:\/\/yoast.com\/wordpress\/plugins\/seo\/ -->\n<title>Zubeh\u00f6r und Pflege - LaLeLu Bettenstudio GmbH - Halle<\/title>\n<meta name=\"robots\" content=\"index, follow, max-snippet:-1, max-image-preview:large, max-video-preview:-1\" \/>\n<link rel=\"canonical\" href=\"https:\/\/form-klar.de\/bs-halle\/produkte\/zubehoer-und-pflege\/\" \/>\n<meta property=\"og:locale\" content=\"de_DE\" \/>\n<meta property=\"og:type\" content=\"article\" \/>\n<meta property=\"og:title\" content=\"Zubeh\u00f6r und Pflege - LaLeLu Bettenstudio GmbH - Halle\" \/>\n<meta property=\"og:description\" content=\"Zubeh\u00f6r und Pflege Unser Sortiment an Qualit\u00e4ts-Zubeh\u00f6r undoptimalen Pflege-Produkten f\u00fcr Ihr Schlafsystem Lehnen sie sich beruhig zur\u00fcck und schlafen sie entspannt durch den perfekten Service und das gro\u00dfe Zubeh\u00f6r-Sortiment des Betten-Fachgesch\u00e4ft LaLeLu aus Halle. Unser umfangreiches Sortiment an Qualit\u00e4ts-Zubeh\u00f6r sowie perfekten Pflege-Produkte bietet alles, was f\u00fcr die optimale Nutzung und Gebrauch absolut notwendig ist. Desweiteren [&hellip;]\" \/>\n<meta property=\"og:url\" content=\"https:\/\/form-klar.de\/bs-halle\/produkte\/zubehoer-und-pflege\/\" \/>\n<meta property=\"og:site_name\" content=\"LaLeLu Bettenstudio GmbH - Halle\" \/>\n<meta property=\"article:publisher\" content=\"https:\/\/www.facebook.com\/lalelubettenstudio\/\" \/>\n<meta property=\"article:modified_time\" content=\"2019-01-25T21:08:36+00:00\" \/>\n<meta property=\"og:image\" content=\"https:\/\/form-klar.de\/bs-halle\/wp-content\/uploads\/wasser-betten-zubehoer.jpg\" \/>\n\t<meta property=\"og:image:width\" content=\"300\" \/>\n\t<meta property=\"og:image:height\" content=\"300\" \/>\n\t<meta property=\"og:image:type\" content=\"image\/jpeg\" \/>\n<meta name=\"author\" content=\"admin\" \/>\n<meta name=\"twitter:card\" content=\"summary_large_image\" \/>\n<meta name=\"twitter:label1\" content=\"Gesch\u00e4tzte Lesezeit\" \/>\n\t<meta name=\"twitter:data1\" content=\"1\u00a0Minute\" \/>\n<script type=\"application\/ld+json\" class=\"yoast-schema-graph\">{\"@context\":\"https:\/\/schema.org\",\"@graph\":[{\"@type\":\"WebSite\",\"@id\":\"https:\/\/form-klar.de\/bs-halle\/#website\",\"url\":\"https:\/\/form-klar.de\/bs-halle\/\",\"name\":\"LaLeLu Bettenstudio GmbH - Halle\",\"description\":\"Fachzentrum f\u00fcr k\u00f6rpergerechte Matratzenanpassung - Wasserbetten\",\"potentialAction\":[{\"@type\":\"SearchAction\",\"target\":{\"@type\":\"EntryPoint\",\"urlTemplate\":\"https:\/\/form-klar.de\/bs-halle\/?s={search_term_string}\"},\"query-input\":\"required name=search_term_string\"}],\"inLanguage\":\"de\"},{\"@type\":\"ImageObject\",\"inLanguage\":\"de\",\"@id\":\"https:\/\/form-klar.de\/bs-halle\/produkte\/zubehoer-und-pflege\/#primaryimage\",\"url\":\"https:\/\/form-klar.de\/bs-halle\/wp-content\/uploads\/wasser-betten-zubehoer.jpg\",\"contentUrl\":\"https:\/\/form-klar.de\/bs-halle\/wp-content\/uploads\/wasser-betten-zubehoer.jpg\",\"width\":300,\"height\":300},{\"@type\":\"WebPage\",\"@id\":\"https:\/\/form-klar.de\/bs-halle\/produkte\/zubehoer-und-pflege\/#webpage\",\"url\":\"https:\/\/form-klar.de\/bs-halle\/produkte\/zubehoer-und-pflege\/\",\"name\":\"Zubeh\u00f6r und Pflege - LaLeLu Bettenstudio GmbH - Halle\",\"isPartOf\":{\"@id\":\"https:\/\/form-klar.de\/bs-halle\/#website\"},\"primaryImageOfPage\":{\"@id\":\"https:\/\/form-klar.de\/bs-halle\/produkte\/zubehoer-und-pflege\/#primaryimage\"},\"datePublished\":\"2019-01-25T19:03:18+00:00\",\"dateModified\":\"2019-01-25T21:08:36+00:00\",\"breadcrumb\":{\"@id\":\"https:\/\/form-klar.de\/bs-halle\/produkte\/zubehoer-und-pflege\/#breadcrumb\"},\"inLanguage\":\"de\",\"potentialAction\":[{\"@type\":\"ReadAction\",\"target\":[\"https:\/\/form-klar.de\/bs-halle\/produkte\/zubehoer-und-pflege\/\"]}]},{\"@type\":\"BreadcrumbList\",\"@id\":\"https:\/\/form-klar.de\/bs-halle\/produkte\/zubehoer-und-pflege\/#breadcrumb\",\"itemListElement\":[{\"@type\":\"ListItem\",\"position\":1,\"name\":\"Startseite\",\"item\":\"https:\/\/form-klar.de\/bs-halle\/\"},{\"@type\":\"ListItem\",\"position\":2,\"name\":\"Produkte\",\"item\":\"https:\/\/form-klar.de\/bs-halle\/produkte\/\"},{\"@type\":\"ListItem\",\"position\":3,\"name\":\"Zubeh\u00f6r und Pflege\"}]}]}<\/script>\n<!-- \/ Yoast SEO plugin. -->","yoast_head_json":{"title":"Zubeh\u00f6r und Pflege - LaLeLu Bettenstudio GmbH - Halle","robots":{"index":"index","follow":"follow","max-snippet":"max-snippet:-1","max-image-preview":"max-image-preview:large","max-video-preview":"max-video-preview:-1"},"canonical":"https:\/\/form-klar.de\/bs-halle\/produkte\/zubehoer-und-pflege\/","og_locale":"de_DE","og_type":"article","og_title":"Zubeh\u00f6r und Pflege - LaLeLu Bettenstudio GmbH - Halle","og_description":"Zubeh\u00f6r und Pflege Unser Sortiment an Qualit\u00e4ts-Zubeh\u00f6r undoptimalen Pflege-Produkten f\u00fcr Ihr Schlafsystem Lehnen sie sich beruhig zur\u00fcck und schlafen sie entspannt durch den perfekten Service und das gro\u00dfe Zubeh\u00f6r-Sortiment des Betten-Fachgesch\u00e4ft LaLeLu aus Halle. Unser umfangreiches Sortiment an Qualit\u00e4ts-Zubeh\u00f6r sowie perfekten Pflege-Produkte bietet alles, was f\u00fcr die optimale Nutzung und Gebrauch absolut notwendig ist. Desweiteren [&hellip;]","og_url":"https:\/\/form-klar.de\/bs-halle\/produkte\/zubehoer-und-pflege\/","og_site_name":"LaLeLu Bettenstudio GmbH - Halle","article_publisher":"https:\/\/www.facebook.com\/lalelubettenstudio\/","article_modified_time":"2019-01-25T21:08:36+00:00","og_image":[{"width":300,"height":300,"url":"https:\/\/form-klar.de\/bs-halle\/wp-content\/uploads\/wasser-betten-zubehoer.jpg","type":"image\/jpeg"}],"author":"admin","twitter_card":"summary_large_image","twitter_misc":{"Gesch\u00e4tzte Lesezeit":"1\u00a0Minute"},"schema":{"@context":"https:\/\/schema.org","@graph":[{"@type":"WebSite","@id":"https:\/\/form-klar.de\/bs-halle\/#website","url":"https:\/\/form-klar.de\/bs-halle\/","name":"LaLeLu Bettenstudio GmbH - Halle","description":"Fachzentrum f\u00fcr k\u00f6rpergerechte Matratzenanpassung - Wasserbetten","potentialAction":[{"@type":"SearchAction","target":{"@type":"EntryPoint","urlTemplate":"https:\/\/form-klar.de\/bs-halle\/?s={search_term_string}"},"query-input":"required name=search_term_string"}],"inLanguage":"de"},{"@type":"ImageObject","inLanguage":"de","@id":"https:\/\/form-klar.de\/bs-halle\/produkte\/zubehoer-und-pflege\/#primaryimage","url":"https:\/\/form-klar.de\/bs-halle\/wp-content\/uploads\/wasser-betten-zubehoer.jpg","contentUrl":"https:\/\/form-klar.de\/bs-halle\/wp-content\/uploads\/wasser-betten-zubehoer.jpg","width":300,"height":300},{"@type":"WebPage","@id":"https:\/\/form-klar.de\/bs-halle\/produkte\/zubehoer-und-pflege\/#webpage","url":"https:\/\/form-klar.de\/bs-halle\/produkte\/zubehoer-und-pflege\/","name":"Zubeh\u00f6r und Pflege - LaLeLu Bettenstudio GmbH - Halle","isPartOf":{"@id":"https:\/\/form-klar.de\/bs-halle\/#website"},"primaryImageOfPage":{"@id":"https:\/\/form-klar.de\/bs-halle\/produkte\/zubehoer-und-pflege\/#primaryimage"},"datePublished":"2019-01-25T19:03:18+00:00","dateModified":"2019-01-25T21:08:36+00:00","breadcrumb":{"@id":"https:\/\/form-klar.de\/bs-halle\/produkte\/zubehoer-und-pflege\/#breadcrumb"},"inLanguage":"de","potentialAction":[{"@type":"ReadAction","target":["https:\/\/form-klar.de\/bs-halle\/produkte\/zubehoer-und-pflege\/"]}]},{"@type":"BreadcrumbList","@id":"https:\/\/form-klar.de\/bs-halle\/produkte\/zubehoer-und-pflege\/#breadcrumb","itemListElement":[{"@type":"ListItem","position":1,"name":"Startseite","item":"https:\/\/form-klar.de\/bs-halle\/"},{"@type":"ListItem","position":2,"name":"Produkte","item":"https:\/\/form-klar.de\/bs-halle\/produkte\/"},{"@type":"ListItem","position":3,"name":"Zubeh\u00f6r und Pflege"}]}]}},"_links":{"self":[{"href":"https:\/\/form-klar.de\/bs-halle\/wp-json\/wp\/v2\/pages\/5901"}],"collection":[{"href":"https:\/\/form-klar.de\/bs-halle\/wp-json\/wp\/v2\/pages"}],"about":[{"href":"https:\/\/form-klar.de\/bs-halle\/wp-json\/wp\/v2\/types\/page"}],"author":[{"embeddable":true,"href":"https:\/\/form-klar.de\/bs-halle\/wp-json\/wp\/v2\/users\/1"}],"replies":[{"embeddable":true,"href":"https:\/\/form-klar.de\/bs-halle\/wp-json\/wp\/v2\/comments?post=5901"}],"version-history":[{"count":2,"href":"https:\/\/form-klar.de\/bs-halle\/wp-json\/wp\/v2\/pages\/5901\/revisions"}],"predecessor-version":[{"id":5960,"href":"https:\/\/form-klar.de\/bs-halle\/wp-json\/wp\/v2\/pages\/5901\/revisions\/5960"}],"up":[{"embeddable":true,"href":"https:\/\/form-klar.de\/bs-halle\/wp-json\/wp\/v2\/pages\/4989"}],"wp:featuredmedia":[{"embeddable":true,"href":"https:\/\/form-klar.de\/bs-halle\/wp-json\/wp\/v2\/media\/5443"}],"wp:attachment":[{"href":"https:\/\/form-klar.de\/bs-halle\/wp-json\/wp\/v2\/media?parent=5901"}],"curies":[{"name":"wp","href":"https:\/\/api.w.org\/{rel}","templated":true}]}}