{"id":5899,"date":"2019-01-25T21:02:42","date_gmt":"2019-01-25T19:02:42","guid":{"rendered":"https:\/\/www.bettenstudio-halle.de\/?page_id=5899"},"modified":"2022-07-05T19:17:50","modified_gmt":"2022-07-05T17:17:50","slug":"schranksysteme","status":"publish","type":"page","link":"https:\/\/form-klar.de\/bs-halle\/produkte\/schranksysteme\/","title":{"rendered":"Schranksysteme"},"content":{"rendered":"<h1>Schranksysteme<\/h1>\n<h2>Individuelle Schranksysteme nach Ihren W\u00fcnschen<\/h2>\n<p>Wollen Sie ihr Schlafzimmer genau nach Ihren W\u00fcnschen gestalten, dann kommen Sie an flexiblen und vor allem ausbauf\u00e4higen Schranksystemen nicht vorbei. Besonders wenn Sie kleine Nischen, Schr\u00e4gen, Ecken oder hohe R\u00e4umlichkeiten so perfekt und harmonisch wie m\u00f6glich als Stauraum und Ablageort nutzen m\u00f6chten, bieten flexible u. modular erweiterbare Schranksysteme die perfekte L\u00f6sung. Lassen sie sich von unseren Fachberatern die individuellen M\u00f6glichkeiten eines optimalen Schranksystems pr\u00e4sentieren und aufzeigen. F\u00fcr mehr Ordnung, Harmonie und Flexibilit\u00e4t.<\/p>\n<p>\t\t\t\t\t\t\t\t\t\t<img class=\"lazyload\" width=\"300\" height=\"212\" src=\"data:image\/svg+xml,%3Csvg%20xmlns%3D%27http%3A%2F%2Fwww.w3.org%2F2000%2Fsvg%27%20width%3D%27300%27%20height%3D%27212%27%20viewBox%3D%270%200%20300%20212%27%3E%3Crect%20width%3D%27300%27%20height%3D%27212%27%20fill-opacity%3D%220%22%2F%3E%3C%2Fsvg%3E\" data-orig-src=\"https:\/\/www.bettenstudio-halle.de\/wp-content\/uploads\/schranksyteme-1.jpg\" alt=\"\" \/>\t\t\t\t\t\t\t\t\t\t\t<\/p>\n<h3>Flexible Schranksysteme f\u00fcr nahezu alle R\u00e4umlichkeiten<\/h3>\n<p><img class=\"lazyload\" src=\"data:image\/svg+xml,%3Csvg%20xmlns%3D%27http%3A%2F%2Fwww.w3.org%2F2000%2Fsvg%27%20width%3D%27659%27%20height%3D%27194%27%20viewBox%3D%270%200%20659%20194%27%3E%3Crect%20width%3D%27659%27%20height%3D%27194%27%20fill-opacity%3D%220%22%2F%3E%3C%2Fsvg%3E\" data-orig-src=\"https:\/\/www.bettenstudio-halle.de\/wp-content\/uploads\/schranksysteme.jpg\" alt=\"\" width=\"659\" height=\"194\" \/><\/p>\n<p>Ob Alu geb\u00fcrstete Griffe, Hochglanzfront, eingebauter Spiegelt\u00fcren oder doch eher ganz klassisch? Mit flexiblen Schranksystemen namen hafter Hersteller haben sie nahezu grenzenlose M\u00f6glichkeiten in der Ausf\u00fchrung ihrer W\u00fcnsche. Durch unsere Mitarbeiter und Fachberater k\u00f6nnen sie sich ihre Traum-Schranksysteme ganz nach ihren eigenen Bed\u00fcrfnissen und Raum-Ma\u00dfen optimal zusammenstellen lassen. Unsere freundlichen Fachberater f\u00fcr <a title=\"Schranksysteme Leipzig\" href=\"https:\/\/www.bettenstudio-halle.de\/schranksysteme-leipzig\/\">individuelle Schranksysteme <\/a>pr\u00e4sentieren ihnen die ganze Welt der individuellen M\u00f6glichkeiten im Schranksystem-Sortiment.<\/p>\n<h3>Flexibilit\u00e4t &amp; Langlebigkeit garantiert durch Qualit\u00e4ts-Schranksysteme<\/h3>\n<p><img class=\"lazyload\" src=\"data:image\/svg+xml,%3Csvg%20xmlns%3D%27http%3A%2F%2Fwww.w3.org%2F2000%2Fsvg%27%20width%3D%27657%27%20height%3D%27106%27%20viewBox%3D%270%200%20657%20106%27%3E%3Crect%20width%3D%27657%27%20height%3D%27106%27%20fill-opacity%3D%220%22%2F%3E%3C%2Fsvg%3E\" data-orig-src=\"https:\/\/www.bettenstudio-halle.de\/wp-content\/uploads\/flexible-schranksysteme.jpg\" alt=\"\" width=\"657\" height=\"106\" \/><\/p>\n","protected":false},"excerpt":{"rendered":"<p>Schranksysteme Individuelle Schranksysteme nach Ihren W\u00fcnschen Wollen Sie ihr Schlafzimmer genau nach Ihren W\u00fcnschen gestalten, dann kommen Sie an flexiblen und vor allem ausbauf\u00e4higen Schranksystemen nicht vorbei. Besonders wenn Sie kleine Nischen, Schr\u00e4gen, Ecken oder hohe R\u00e4umlichkeiten so perfekt und harmonisch wie m\u00f6glich als Stauraum und Ablageort nutzen m\u00f6chten, bieten flexible u. modular erweiterbare Schranksysteme [&hellip;]<\/p>\n","protected":false},"author":1,"featured_media":5394,"parent":4989,"menu_order":0,"comment_status":"closed","ping_status":"closed","template":"","meta":{"_links_to":"","_links_to_target":""},"yoast_head":"<!-- This site is optimized with the Yoast SEO plugin v19.2 - https:\/\/yoast.com\/wordpress\/plugins\/seo\/ -->\n<title>Schranksysteme - LaLeLu Bettenstudio GmbH - Halle<\/title>\n<meta name=\"robots\" content=\"index, follow, max-snippet:-1, max-image-preview:large, max-video-preview:-1\" \/>\n<link rel=\"canonical\" href=\"https:\/\/form-klar.de\/bs-halle\/produkte\/schranksysteme\/\" \/>\n<meta property=\"og:locale\" content=\"de_DE\" \/>\n<meta property=\"og:type\" content=\"article\" \/>\n<meta property=\"og:title\" content=\"Schranksysteme - LaLeLu Bettenstudio GmbH - Halle\" \/>\n<meta property=\"og:description\" content=\"Schranksysteme Individuelle Schranksysteme nach Ihren W\u00fcnschen Wollen Sie ihr Schlafzimmer genau nach Ihren W\u00fcnschen gestalten, dann kommen Sie an flexiblen und vor allem ausbauf\u00e4higen Schranksystemen nicht vorbei. Besonders wenn Sie kleine Nischen, Schr\u00e4gen, Ecken oder hohe R\u00e4umlichkeiten so perfekt und harmonisch wie m\u00f6glich als Stauraum und Ablageort nutzen m\u00f6chten, bieten flexible u. modular erweiterbare Schranksysteme [&hellip;]\" \/>\n<meta property=\"og:url\" content=\"https:\/\/form-klar.de\/bs-halle\/produkte\/schranksysteme\/\" \/>\n<meta property=\"og:site_name\" content=\"LaLeLu Bettenstudio GmbH - Halle\" \/>\n<meta property=\"article:publisher\" content=\"https:\/\/www.facebook.com\/lalelubettenstudio\/\" \/>\n<meta property=\"article:modified_time\" content=\"2022-07-05T17:17:50+00:00\" \/>\n<meta property=\"og:image\" content=\"https:\/\/form-klar.de\/bs-halle\/wp-content\/uploads\/schranksyteme-1.jpg\" \/>\n\t<meta property=\"og:image:width\" content=\"300\" \/>\n\t<meta property=\"og:image:height\" content=\"212\" \/>\n\t<meta property=\"og:image:type\" content=\"image\/jpeg\" \/>\n<meta name=\"author\" content=\"admin\" \/>\n<meta name=\"twitter:card\" content=\"summary_large_image\" \/>\n<meta name=\"twitter:label1\" content=\"Gesch\u00e4tzte Lesezeit\" \/>\n\t<meta name=\"twitter:data1\" content=\"1\u00a0Minute\" \/>\n<script type=\"application\/ld+json\" class=\"yoast-schema-graph\">{\"@context\":\"https:\/\/schema.org\",\"@graph\":[{\"@type\":\"WebSite\",\"@id\":\"https:\/\/form-klar.de\/bs-halle\/#website\",\"url\":\"https:\/\/form-klar.de\/bs-halle\/\",\"name\":\"LaLeLu Bettenstudio GmbH - Halle\",\"description\":\"Fachzentrum f\u00fcr k\u00f6rpergerechte Matratzenanpassung - Wasserbetten\",\"potentialAction\":[{\"@type\":\"SearchAction\",\"target\":{\"@type\":\"EntryPoint\",\"urlTemplate\":\"https:\/\/form-klar.de\/bs-halle\/?s={search_term_string}\"},\"query-input\":\"required name=search_term_string\"}],\"inLanguage\":\"de\"},{\"@type\":\"ImageObject\",\"inLanguage\":\"de\",\"@id\":\"https:\/\/form-klar.de\/bs-halle\/produkte\/schranksysteme\/#primaryimage\",\"url\":\"https:\/\/form-klar.de\/bs-halle\/wp-content\/uploads\/schranksyteme-1.jpg\",\"contentUrl\":\"https:\/\/form-klar.de\/bs-halle\/wp-content\/uploads\/schranksyteme-1.jpg\",\"width\":300,\"height\":212},{\"@type\":\"WebPage\",\"@id\":\"https:\/\/form-klar.de\/bs-halle\/produkte\/schranksysteme\/#webpage\",\"url\":\"https:\/\/form-klar.de\/bs-halle\/produkte\/schranksysteme\/\",\"name\":\"Schranksysteme - LaLeLu Bettenstudio GmbH - Halle\",\"isPartOf\":{\"@id\":\"https:\/\/form-klar.de\/bs-halle\/#website\"},\"primaryImageOfPage\":{\"@id\":\"https:\/\/form-klar.de\/bs-halle\/produkte\/schranksysteme\/#primaryimage\"},\"datePublished\":\"2019-01-25T19:02:42+00:00\",\"dateModified\":\"2022-07-05T17:17:50+00:00\",\"breadcrumb\":{\"@id\":\"https:\/\/form-klar.de\/bs-halle\/produkte\/schranksysteme\/#breadcrumb\"},\"inLanguage\":\"de\",\"potentialAction\":[{\"@type\":\"ReadAction\",\"target\":[\"https:\/\/form-klar.de\/bs-halle\/produkte\/schranksysteme\/\"]}]},{\"@type\":\"BreadcrumbList\",\"@id\":\"https:\/\/form-klar.de\/bs-halle\/produkte\/schranksysteme\/#breadcrumb\",\"itemListElement\":[{\"@type\":\"ListItem\",\"position\":1,\"name\":\"Startseite\",\"item\":\"https:\/\/form-klar.de\/bs-halle\/\"},{\"@type\":\"ListItem\",\"position\":2,\"name\":\"Produkte\",\"item\":\"https:\/\/form-klar.de\/bs-halle\/produkte\/\"},{\"@type\":\"ListItem\",\"position\":3,\"name\":\"Schranksysteme\"}]}]}<\/script>\n<!-- \/ Yoast SEO plugin. -->","yoast_head_json":{"title":"Schranksysteme - LaLeLu Bettenstudio GmbH - Halle","robots":{"index":"index","follow":"follow","max-snippet":"max-snippet:-1","max-image-preview":"max-image-preview:large","max-video-preview":"max-video-preview:-1"},"canonical":"https:\/\/form-klar.de\/bs-halle\/produkte\/schranksysteme\/","og_locale":"de_DE","og_type":"article","og_title":"Schranksysteme - LaLeLu Bettenstudio GmbH - Halle","og_description":"Schranksysteme Individuelle Schranksysteme nach Ihren W\u00fcnschen Wollen Sie ihr Schlafzimmer genau nach Ihren W\u00fcnschen gestalten, dann kommen Sie an flexiblen und vor allem ausbauf\u00e4higen Schranksystemen nicht vorbei. Besonders wenn Sie kleine Nischen, Schr\u00e4gen, Ecken oder hohe R\u00e4umlichkeiten so perfekt und harmonisch wie m\u00f6glich als Stauraum und Ablageort nutzen m\u00f6chten, bieten flexible u. modular erweiterbare Schranksysteme [&hellip;]","og_url":"https:\/\/form-klar.de\/bs-halle\/produkte\/schranksysteme\/","og_site_name":"LaLeLu Bettenstudio GmbH - Halle","article_publisher":"https:\/\/www.facebook.com\/lalelubettenstudio\/","article_modified_time":"2022-07-05T17:17:50+00:00","og_image":[{"width":300,"height":212,"url":"https:\/\/form-klar.de\/bs-halle\/wp-content\/uploads\/schranksyteme-1.jpg","type":"image\/jpeg"}],"author":"admin","twitter_card":"summary_large_image","twitter_misc":{"Gesch\u00e4tzte Lesezeit":"1\u00a0Minute"},"schema":{"@context":"https:\/\/schema.org","@graph":[{"@type":"WebSite","@id":"https:\/\/form-klar.de\/bs-halle\/#website","url":"https:\/\/form-klar.de\/bs-halle\/","name":"LaLeLu Bettenstudio GmbH - Halle","description":"Fachzentrum f\u00fcr k\u00f6rpergerechte Matratzenanpassung - Wasserbetten","potentialAction":[{"@type":"SearchAction","target":{"@type":"EntryPoint","urlTemplate":"https:\/\/form-klar.de\/bs-halle\/?s={search_term_string}"},"query-input":"required name=search_term_string"}],"inLanguage":"de"},{"@type":"ImageObject","inLanguage":"de","@id":"https:\/\/form-klar.de\/bs-halle\/produkte\/schranksysteme\/#primaryimage","url":"https:\/\/form-klar.de\/bs-halle\/wp-content\/uploads\/schranksyteme-1.jpg","contentUrl":"https:\/\/form-klar.de\/bs-halle\/wp-content\/uploads\/schranksyteme-1.jpg","width":300,"height":212},{"@type":"WebPage","@id":"https:\/\/form-klar.de\/bs-halle\/produkte\/schranksysteme\/#webpage","url":"https:\/\/form-klar.de\/bs-halle\/produkte\/schranksysteme\/","name":"Schranksysteme - LaLeLu Bettenstudio GmbH - Halle","isPartOf":{"@id":"https:\/\/form-klar.de\/bs-halle\/#website"},"primaryImageOfPage":{"@id":"https:\/\/form-klar.de\/bs-halle\/produkte\/schranksysteme\/#primaryimage"},"datePublished":"2019-01-25T19:02:42+00:00","dateModified":"2022-07-05T17:17:50+00:00","breadcrumb":{"@id":"https:\/\/form-klar.de\/bs-halle\/produkte\/schranksysteme\/#breadcrumb"},"inLanguage":"de","potentialAction":[{"@type":"ReadAction","target":["https:\/\/form-klar.de\/bs-halle\/produkte\/schranksysteme\/"]}]},{"@type":"BreadcrumbList","@id":"https:\/\/form-klar.de\/bs-halle\/produkte\/schranksysteme\/#breadcrumb","itemListElement":[{"@type":"ListItem","position":1,"name":"Startseite","item":"https:\/\/form-klar.de\/bs-halle\/"},{"@type":"ListItem","position":2,"name":"Produkte","item":"https:\/\/form-klar.de\/bs-halle\/produkte\/"},{"@type":"ListItem","position":3,"name":"Schranksysteme"}]}]}},"_links":{"self":[{"href":"https:\/\/form-klar.de\/bs-halle\/wp-json\/wp\/v2\/pages\/5899"}],"collection":[{"href":"https:\/\/form-klar.de\/bs-halle\/wp-json\/wp\/v2\/pages"}],"about":[{"href":"https:\/\/form-klar.de\/bs-halle\/wp-json\/wp\/v2\/types\/page"}],"author":[{"embeddable":true,"href":"https:\/\/form-klar.de\/bs-halle\/wp-json\/wp\/v2\/users\/1"}],"replies":[{"embeddable":true,"href":"https:\/\/form-klar.de\/bs-halle\/wp-json\/wp\/v2\/comments?post=5899"}],"version-history":[{"count":3,"href":"https:\/\/form-klar.de\/bs-halle\/wp-json\/wp\/v2\/pages\/5899\/revisions"}],"predecessor-version":[{"id":5954,"href":"https:\/\/form-klar.de\/bs-halle\/wp-json\/wp\/v2\/pages\/5899\/revisions\/5954"}],"up":[{"embeddable":true,"href":"https:\/\/form-klar.de\/bs-halle\/wp-json\/wp\/v2\/pages\/4989"}],"wp:featuredmedia":[{"embeddable":true,"href":"https:\/\/form-klar.de\/bs-halle\/wp-json\/wp\/v2\/media\/5394"}],"wp:attachment":[{"href":"https:\/\/form-klar.de\/bs-halle\/wp-json\/wp\/v2\/media?parent=5899"}],"curies":[{"name":"wp","href":"https:\/\/api.w.org\/{rel}","templated":true}]}}