{"id":5897,"date":"2019-01-25T20:41:04","date_gmt":"2019-01-25T18:41:04","guid":{"rendered":"https:\/\/www.bettenstudio-halle.de\/?page_id=5897"},"modified":"2022-07-05T19:17:50","modified_gmt":"2022-07-05T17:17:50","slug":"boxspringbetten","status":"publish","type":"page","link":"https:\/\/form-klar.de\/bs-halle\/produkte\/boxspringbetten\/","title":{"rendered":"Boxspringbetten"},"content":{"rendered":"<h1>BOXSPRINGBETTEN Halle<\/h1>\n<h2>Boxspringbetten symbolisieren luxuri\u00f6ses Bettdesign und Schlafkomfort<\/h2>\n<p>Boxspringbetten garantieren absolute Gem\u00fctlichkeit im Schlafzimmer und lassen nahezu keine W\u00fcnsche offen. Zudem geben Boxspringbetten in Einheit passender Teppiche dem Raum den perfekten Wohlf\u00fchlcharakter.<\/p>\n<h3>STELLEN SIE SICH MOMENTAN DIE FRAGE, WAS DENN IM DETAIL EIN <a href=\"https:\/\/www.bettenstudio-halle.de\/boxspringbett-aufbau\/\">BOXSPRING<\/a> IST?<\/h3>\n<p>&#8211; aus der englischen Sprache w\u00f6rtlich \u00fcbersetzt, ist &#8222;Schachtel mit Federn&#8220; korrekt. <a href=\"https:\/\/www.bettenstudio-halle.de\/boxspringbett-aufbau\/\">(siehe Aufbau)<\/a><\/p>\n<p>Bei einem <a href=\"https:\/\/www.bettenstudio-halle.de\/boxspringbett-aufbau\/\">Boxspringbett<\/a>, stellen n\u00e4mlich die Federn die Grundlage dar. Diese sind auf einem stabilen Tr\u00e4ger aus Holz befestigt, damit die entsprechende Elastizit\u00e4t ideal ausgenutzt werden kann.<\/p>\n<p><img class=\"lazyload\" src=\"https:\/\/form-klar.de\/bs-halle\/wp-content\/uploads\/Badenia_Bett_Samnaun_01_Milieu-1024x620.jpg\" data-orig-src=\"https:\/\/form-klar.de\/bs-halle\/wp-content\/uploads\/Badenia_Bett_Samnaun_01_Milieu-1024x620.jpg\" data-sizes=\"auto\" data-orig-sizes=\"(max-width: 730px) 100vw, 730px\" srcset=\"data:image\/svg+xml,%3Csvg%20xmlns%3D%27http%3A%2F%2Fwww.w3.org%2F2000%2Fsvg%27%20width%3D%27730%27%20height%3D%27442%27%20viewBox%3D%270%200%20730%20442%27%3E%3Crect%20width%3D%27730%27%20height%3D%27442%27%20fill-opacity%3D%220%22%2F%3E%3C%2Fsvg%3E\" data-srcset=\"https:\/\/www.bettenstudio-halle.de\/wp-content\/uploads\/Badenia_Bett_Samnaun_01_Milieu-1024x620.jpg 1024w, https:\/\/www.bettenstudio-halle.de\/wp-content\/uploads\/Badenia_Bett_Samnaun_01_Milieu-300x182.jpg 300w, https:\/\/www.bettenstudio-halle.de\/wp-content\/uploads\/Badenia_Bett_Samnaun_01_Milieu-768x465.jpg 768w, https:\/\/www.bettenstudio-halle.de\/wp-content\/uploads\/Badenia_Bett_Samnaun_01_Milieu-1536x930.jpg 1536w, https:\/\/www.bettenstudio-halle.de\/wp-content\/uploads\/Badenia_Bett_Samnaun_01_Milieu-2048x1240.jpg 2048w\" alt=\"\" width=\"730\" height=\"442\"><br \/>\n<img class=\"lazyload\" src=\"https:\/\/form-klar.de\/bs-halle\/wp-content\/uploads\/Badenia_Bett_Samnaun_02_Detail-1024x714.jpg\" data-orig-src=\"https:\/\/form-klar.de\/bs-halle\/wp-content\/uploads\/Badenia_Bett_Samnaun_02_Detail-1024x714.jpg\" data-sizes=\"auto\" data-orig-sizes=\"(max-width: 730px) 100vw, 730px\" srcset=\"data:image\/svg+xml,%3Csvg%20xmlns%3D%27http%3A%2F%2Fwww.w3.org%2F2000%2Fsvg%27%20width%3D%27730%27%20height%3D%27509%27%20viewBox%3D%270%200%20730%20509%27%3E%3Crect%20width%3D%27730%27%20height%3D%27509%27%20fill-opacity%3D%220%22%2F%3E%3C%2Fsvg%3E\" data-srcset=\"https:\/\/www.bettenstudio-halle.de\/wp-content\/uploads\/Badenia_Bett_Samnaun_02_Detail-1024x714.jpg 1024w, https:\/\/www.bettenstudio-halle.de\/wp-content\/uploads\/Badenia_Bett_Samnaun_02_Detail-300x209.jpg 300w, https:\/\/www.bettenstudio-halle.de\/wp-content\/uploads\/Badenia_Bett_Samnaun_02_Detail-768x536.jpg 768w, https:\/\/www.bettenstudio-halle.de\/wp-content\/uploads\/Badenia_Bett_Samnaun_02_Detail-1536x1072.jpg 1536w, https:\/\/www.bettenstudio-halle.de\/wp-content\/uploads\/Badenia_Bett_Samnaun_02_Detail-2048x1429.jpg 2048w\" alt=\"\" width=\"730\" height=\"509\"><br \/>\n<img class=\"lazyload\" src=\"https:\/\/form-klar.de\/bs-halle\/wp-content\/uploads\/Badenia_Bett_Samnaun_05_Detail_Nachtkonsole_Glas-694x1024.jpg\" data-orig-src=\"https:\/\/form-klar.de\/bs-halle\/wp-content\/uploads\/Badenia_Bett_Samnaun_05_Detail_Nachtkonsole_Glas-694x1024.jpg\" data-sizes=\"auto\" data-orig-sizes=\"(max-width: 694px) 100vw, 694px\" srcset=\"data:image\/svg+xml,%3Csvg%20xmlns%3D%27http%3A%2F%2Fwww.w3.org%2F2000%2Fsvg%27%20width%3D%27694%27%20height%3D%271024%27%20viewBox%3D%270%200%20694%201024%27%3E%3Crect%20width%3D%27694%27%20height%3D%271024%27%20fill-opacity%3D%220%22%2F%3E%3C%2Fsvg%3E\" data-srcset=\"https:\/\/www.bettenstudio-halle.de\/wp-content\/uploads\/Badenia_Bett_Samnaun_05_Detail_Nachtkonsole_Glas-694x1024.jpg 694w, https:\/\/www.bettenstudio-halle.de\/wp-content\/uploads\/Badenia_Bett_Samnaun_05_Detail_Nachtkonsole_Glas-203x300.jpg 203w, https:\/\/www.bettenstudio-halle.de\/wp-content\/uploads\/Badenia_Bett_Samnaun_05_Detail_Nachtkonsole_Glas-768x1133.jpg 768w, https:\/\/www.bettenstudio-halle.de\/wp-content\/uploads\/Badenia_Bett_Samnaun_05_Detail_Nachtkonsole_Glas-1041x1536.jpg 1041w, https:\/\/www.bettenstudio-halle.de\/wp-content\/uploads\/Badenia_Bett_Samnaun_05_Detail_Nachtkonsole_Glas-1389x2048.jpg 1389w, https:\/\/www.bettenstudio-halle.de\/wp-content\/uploads\/Badenia_Bett_Samnaun_05_Detail_Nachtkonsole_Glas-scaled.jpg 1736w\" alt=\"\" width=\"694\" height=\"1024\"><br \/>\n<img class=\"lazyload\" src=\"https:\/\/form-klar.de\/bs-halle\/wp-content\/uploads\/Badenia_Bett_Samnaun_04_Detail_Betttruhe-1024x747.jpg\" data-orig-src=\"https:\/\/form-klar.de\/bs-halle\/wp-content\/uploads\/Badenia_Bett_Samnaun_04_Detail_Betttruhe-1024x747.jpg\" data-sizes=\"auto\" data-orig-sizes=\"(max-width: 730px) 100vw, 730px\" srcset=\"data:image\/svg+xml,%3Csvg%20xmlns%3D%27http%3A%2F%2Fwww.w3.org%2F2000%2Fsvg%27%20width%3D%27730%27%20height%3D%27533%27%20viewBox%3D%270%200%20730%20533%27%3E%3Crect%20width%3D%27730%27%20height%3D%27533%27%20fill-opacity%3D%220%22%2F%3E%3C%2Fsvg%3E\" data-srcset=\"https:\/\/www.bettenstudio-halle.de\/wp-content\/uploads\/Badenia_Bett_Samnaun_04_Detail_Betttruhe-1024x747.jpg 1024w, https:\/\/www.bettenstudio-halle.de\/wp-content\/uploads\/Badenia_Bett_Samnaun_04_Detail_Betttruhe-300x219.jpg 300w, https:\/\/www.bettenstudio-halle.de\/wp-content\/uploads\/Badenia_Bett_Samnaun_04_Detail_Betttruhe-768x560.jpg 768w, https:\/\/www.bettenstudio-halle.de\/wp-content\/uploads\/Badenia_Bett_Samnaun_04_Detail_Betttruhe-1536x1120.jpg 1536w, https:\/\/www.bettenstudio-halle.de\/wp-content\/uploads\/Badenia_Bett_Samnaun_04_Detail_Betttruhe-2048x1493.jpg 2048w, https:\/\/www.bettenstudio-halle.de\/wp-content\/uploads\/Badenia_Bett_Samnaun_04_Detail_Betttruhe-220x161.jpg 220w\" alt=\"\" width=\"730\" height=\"533\"><\/p>\n<h3>EIN BOXSPRINGBETT UND DESSEN AUFBAU<\/h3>\n<p>Die<a href=\"https:\/\/www.bettenstudio-halle.de\/boxspringbett-aufbau\/\"> Untermatratze<\/a>, <a href=\"https:\/\/www.bettenstudio-halle.de\/boxspringbett-aufbau\/\">Obermatratze<\/a> und einem <a href=\"https:\/\/www.bettenstudio-halle.de\/boxspringbett-aufbau\/\">Topper<\/a> bilden klassischerweise ein Boxspringbett. (Optional) In der Untermatratze befinden sich die Federkerne, die das eigentliche Fundament f\u00fcr die unterschiedlichen Festigkeiten der Obermatratzen vereinen. Die sogenannte Tonnentaschenfederkerne sind in der Obermatratze integriert, diese garantieren die entsprechende K\u00f6rperanpassung und sind somit f\u00fcr die notwendige Regenerierung des K\u00f6rpers haupts\u00e4chlich verantwortlich. Den letzten &#8222;Schliff&#8220; bildet der entsprechende Topper der zur Komfortoptimierung dient und als eine Matratzenauflage verwendet werden kann. Dieser dient nochmals f\u00fcr die Senkung des Auflagedruck Ihres K\u00f6rpers.<\/p>\n<p>Unsere zertifizierten Schlafberater sind Ihnen gern bei der Auswahl des ganz individuellen Traum-Boxspringbettes behilflich. Lassen Sie sich die freie Wahl bzgl. Farbe, Stoff, Material, H\u00e4rtegrad etc f\u00fcr ein &#8222;ma\u00dfgeschneidertes&#8220; Boxspringbett aufzeigen. Sie werden beeindruckt sein!<\/p>\n<h3>IMPRESSIONEN INDIVIDUELLER BOXSPRINGBETTEN Halle<\/h3>\n<p><img class=\"lazyload\" src=\"https:\/\/form-klar.de\/bs-halle\/wp-content\/uploads\/boxspringbett-16.jpg\" data-orig-src=\"https:\/\/form-klar.de\/bs-halle\/wp-content\/uploads\/boxspringbett-16.jpg\" data-sizes=\"auto\" data-orig-sizes=\"(max-width: 730px) 100vw, 730px\" srcset=\"data:image\/svg+xml,%3Csvg%20xmlns%3D%27http%3A%2F%2Fwww.w3.org%2F2000%2Fsvg%27%20width%3D%27730%27%20height%3D%27479%27%20viewBox%3D%270%200%20730%20479%27%3E%3Crect%20width%3D%27730%27%20height%3D%27479%27%20fill-opacity%3D%220%22%2F%3E%3C%2Fsvg%3E\" data-srcset=\"https:\/\/www.bettenstudio-halle.de\/wp-content\/uploads\/boxspringbett-16.jpg 900w, https:\/\/www.bettenstudio-halle.de\/wp-content\/uploads\/boxspringbett-16-300x197.jpg 300w\" alt=\"\" width=\"730\" height=\"479\"><br \/>\n<img class=\"lazyload\" src=\"https:\/\/form-klar.de\/bs-halle\/wp-content\/uploads\/DSC_8693-1024x633.jpg\" data-orig-src=\"https:\/\/form-klar.de\/bs-halle\/wp-content\/uploads\/DSC_8693-1024x633.jpg\" data-sizes=\"auto\" data-orig-sizes=\"(max-width: 730px) 100vw, 730px\" srcset=\"data:image\/svg+xml,%3Csvg%20xmlns%3D%27http%3A%2F%2Fwww.w3.org%2F2000%2Fsvg%27%20width%3D%27730%27%20height%3D%27451%27%20viewBox%3D%270%200%20730%20451%27%3E%3Crect%20width%3D%27730%27%20height%3D%27451%27%20fill-opacity%3D%220%22%2F%3E%3C%2Fsvg%3E\" data-srcset=\"https:\/\/www.bettenstudio-halle.de\/wp-content\/uploads\/DSC_8693-1024x633.jpg 1024w, https:\/\/www.bettenstudio-halle.de\/wp-content\/uploads\/DSC_8693-300x185.jpg 300w, https:\/\/www.bettenstudio-halle.de\/wp-content\/uploads\/DSC_8693-768x475.jpg 768w, https:\/\/www.bettenstudio-halle.de\/wp-content\/uploads\/DSC_8693.jpg 1920w\" alt=\"\" width=\"730\" height=\"451\"><br \/>\n<img class=\"lazyload\" src=\"https:\/\/form-klar.de\/bs-halle\/wp-content\/uploads\/Magnum-1024x579.jpg\" data-orig-src=\"https:\/\/form-klar.de\/bs-halle\/wp-content\/uploads\/Magnum-1024x579.jpg\" data-sizes=\"auto\" data-orig-sizes=\"(max-width: 730px) 100vw, 730px\" srcset=\"data:image\/svg+xml,%3Csvg%20xmlns%3D%27http%3A%2F%2Fwww.w3.org%2F2000%2Fsvg%27%20width%3D%27730%27%20height%3D%27413%27%20viewBox%3D%270%200%20730%20413%27%3E%3Crect%20width%3D%27730%27%20height%3D%27413%27%20fill-opacity%3D%220%22%2F%3E%3C%2Fsvg%3E\" data-srcset=\"https:\/\/www.bettenstudio-halle.de\/wp-content\/uploads\/Magnum-1024x579.jpg 1024w, https:\/\/www.bettenstudio-halle.de\/wp-content\/uploads\/Magnum-300x170.jpg 300w, https:\/\/www.bettenstudio-halle.de\/wp-content\/uploads\/Magnum-768x435.jpg 768w, https:\/\/www.bettenstudio-halle.de\/wp-content\/uploads\/Magnum.jpg 1920w\" alt=\"\" width=\"730\" height=\"413\"><\/p>\n","protected":false},"excerpt":{"rendered":"<p>BOXSPRINGBETTEN Halle Boxspringbetten symbolisieren luxuri\u00f6ses Bettdesign und Schlafkomfort Boxspringbetten garantieren absolute Gem\u00fctlichkeit im Schlafzimmer und lassen nahezu keine W\u00fcnsche offen. Zudem geben Boxspringbetten in Einheit passender Teppiche dem Raum den perfekten Wohlf\u00fchlcharakter. STELLEN SIE SICH MOMENTAN DIE FRAGE, WAS DENN IM DETAIL EIN BOXSPRING IST? &#8211; aus der englischen Sprache w\u00f6rtlich \u00fcbersetzt, ist &#8222;Schachtel mit [&hellip;]<\/p>\n","protected":false},"author":1,"featured_media":6846,"parent":4989,"menu_order":0,"comment_status":"closed","ping_status":"closed","template":"","meta":{"_links_to":"","_links_to_target":""},"yoast_head":"<!-- This site is optimized with the Yoast SEO plugin v19.2 - https:\/\/yoast.com\/wordpress\/plugins\/seo\/ -->\n<title>individuelle Boxspringbetten Halle - LaLeLu Bettenstudio GmbH - Halle<\/title>\n<meta name=\"description\" content=\"Boxspringbetten Halle symbolisieren luxuri\u00f6ses Bettdesign und Schlafkomfort und garantieren absolute Gem\u00fctlichkeit. Sie lassen nahezu keine W\u00fcnsche offen.\" \/>\n<meta name=\"robots\" content=\"index, follow, max-snippet:-1, max-image-preview:large, max-video-preview:-1\" \/>\n<link rel=\"canonical\" href=\"https:\/\/form-klar.de\/bs-halle\/produkte\/boxspringbetten\/\" \/>\n<meta property=\"og:locale\" content=\"de_DE\" \/>\n<meta property=\"og:type\" content=\"article\" \/>\n<meta property=\"og:title\" content=\"individuelle Boxspringbetten Halle - LaLeLu Bettenstudio GmbH - Halle\" \/>\n<meta property=\"og:description\" content=\"Boxspringbetten Halle symbolisieren luxuri\u00f6ses Bettdesign und Schlafkomfort und garantieren absolute Gem\u00fctlichkeit. Sie lassen nahezu keine W\u00fcnsche offen.\" \/>\n<meta property=\"og:url\" content=\"https:\/\/form-klar.de\/bs-halle\/produkte\/boxspringbetten\/\" \/>\n<meta property=\"og:site_name\" content=\"LaLeLu Bettenstudio GmbH - Halle\" \/>\n<meta property=\"article:publisher\" content=\"https:\/\/www.facebook.com\/lalelubettenstudio\/\" \/>\n<meta property=\"article:modified_time\" content=\"2022-07-05T17:17:50+00:00\" \/>\n<meta property=\"og:image\" content=\"https:\/\/form-klar.de\/bs-halle\/wp-content\/uploads\/Badenia_Bett_Samnaun_01_Milieu-scaled.jpg\" \/>\n\t<meta property=\"og:image:width\" content=\"2560\" \/>\n\t<meta property=\"og:image:height\" content=\"1550\" \/>\n\t<meta property=\"og:image:type\" content=\"image\/jpeg\" \/>\n<meta name=\"author\" content=\"admin\" \/>\n<meta name=\"twitter:card\" content=\"summary_large_image\" \/>\n<meta name=\"twitter:label1\" content=\"Gesch\u00e4tzte Lesezeit\" \/>\n\t<meta name=\"twitter:data1\" content=\"1\u00a0Minute\" \/>\n<script type=\"application\/ld+json\" class=\"yoast-schema-graph\">{\"@context\":\"https:\/\/schema.org\",\"@graph\":[{\"@type\":\"WebSite\",\"@id\":\"https:\/\/form-klar.de\/bs-halle\/#website\",\"url\":\"https:\/\/form-klar.de\/bs-halle\/\",\"name\":\"LaLeLu Bettenstudio GmbH - Halle\",\"description\":\"Fachzentrum f\u00fcr k\u00f6rpergerechte Matratzenanpassung - Wasserbetten\",\"potentialAction\":[{\"@type\":\"SearchAction\",\"target\":{\"@type\":\"EntryPoint\",\"urlTemplate\":\"https:\/\/form-klar.de\/bs-halle\/?s={search_term_string}\"},\"query-input\":\"required name=search_term_string\"}],\"inLanguage\":\"de\"},{\"@type\":\"ImageObject\",\"inLanguage\":\"de\",\"@id\":\"https:\/\/form-klar.de\/bs-halle\/produkte\/boxspringbetten\/#primaryimage\",\"url\":\"https:\/\/form-klar.de\/bs-halle\/wp-content\/uploads\/Badenia_Bett_Samnaun_01_Milieu-scaled.jpg\",\"contentUrl\":\"https:\/\/form-klar.de\/bs-halle\/wp-content\/uploads\/Badenia_Bett_Samnaun_01_Milieu-scaled.jpg\",\"width\":2560,\"height\":1550,\"caption\":\"Boxspringbetten f\u00fcr Hotels\"},{\"@type\":\"WebPage\",\"@id\":\"https:\/\/form-klar.de\/bs-halle\/produkte\/boxspringbetten\/#webpage\",\"url\":\"https:\/\/form-klar.de\/bs-halle\/produkte\/boxspringbetten\/\",\"name\":\"individuelle Boxspringbetten Halle - LaLeLu Bettenstudio GmbH - Halle\",\"isPartOf\":{\"@id\":\"https:\/\/form-klar.de\/bs-halle\/#website\"},\"primaryImageOfPage\":{\"@id\":\"https:\/\/form-klar.de\/bs-halle\/produkte\/boxspringbetten\/#primaryimage\"},\"datePublished\":\"2019-01-25T18:41:04+00:00\",\"dateModified\":\"2022-07-05T17:17:50+00:00\",\"description\":\"Boxspringbetten Halle symbolisieren luxuri\u00f6ses Bettdesign und Schlafkomfort und garantieren absolute Gem\u00fctlichkeit. Sie lassen nahezu keine W\u00fcnsche offen.\",\"breadcrumb\":{\"@id\":\"https:\/\/form-klar.de\/bs-halle\/produkte\/boxspringbetten\/#breadcrumb\"},\"inLanguage\":\"de\",\"potentialAction\":[{\"@type\":\"ReadAction\",\"target\":[\"https:\/\/form-klar.de\/bs-halle\/produkte\/boxspringbetten\/\"]}]},{\"@type\":\"BreadcrumbList\",\"@id\":\"https:\/\/form-klar.de\/bs-halle\/produkte\/boxspringbetten\/#breadcrumb\",\"itemListElement\":[{\"@type\":\"ListItem\",\"position\":1,\"name\":\"Startseite\",\"item\":\"https:\/\/form-klar.de\/bs-halle\/\"},{\"@type\":\"ListItem\",\"position\":2,\"name\":\"Produkte\",\"item\":\"https:\/\/form-klar.de\/bs-halle\/produkte\/\"},{\"@type\":\"ListItem\",\"position\":3,\"name\":\"Boxspringbetten\"}]}]}<\/script>\n<!-- \/ Yoast SEO plugin. -->","yoast_head_json":{"title":"individuelle Boxspringbetten Halle - LaLeLu Bettenstudio GmbH - Halle","description":"Boxspringbetten Halle symbolisieren luxuri\u00f6ses Bettdesign und Schlafkomfort und garantieren absolute Gem\u00fctlichkeit. Sie lassen nahezu keine W\u00fcnsche offen.","robots":{"index":"index","follow":"follow","max-snippet":"max-snippet:-1","max-image-preview":"max-image-preview:large","max-video-preview":"max-video-preview:-1"},"canonical":"https:\/\/form-klar.de\/bs-halle\/produkte\/boxspringbetten\/","og_locale":"de_DE","og_type":"article","og_title":"individuelle Boxspringbetten Halle - LaLeLu Bettenstudio GmbH - Halle","og_description":"Boxspringbetten Halle symbolisieren luxuri\u00f6ses Bettdesign und Schlafkomfort und garantieren absolute Gem\u00fctlichkeit. Sie lassen nahezu keine W\u00fcnsche offen.","og_url":"https:\/\/form-klar.de\/bs-halle\/produkte\/boxspringbetten\/","og_site_name":"LaLeLu Bettenstudio GmbH - Halle","article_publisher":"https:\/\/www.facebook.com\/lalelubettenstudio\/","article_modified_time":"2022-07-05T17:17:50+00:00","og_image":[{"width":2560,"height":1550,"url":"https:\/\/form-klar.de\/bs-halle\/wp-content\/uploads\/Badenia_Bett_Samnaun_01_Milieu-scaled.jpg","type":"image\/jpeg"}],"author":"admin","twitter_card":"summary_large_image","twitter_misc":{"Gesch\u00e4tzte Lesezeit":"1\u00a0Minute"},"schema":{"@context":"https:\/\/schema.org","@graph":[{"@type":"WebSite","@id":"https:\/\/form-klar.de\/bs-halle\/#website","url":"https:\/\/form-klar.de\/bs-halle\/","name":"LaLeLu Bettenstudio GmbH - Halle","description":"Fachzentrum f\u00fcr k\u00f6rpergerechte Matratzenanpassung - Wasserbetten","potentialAction":[{"@type":"SearchAction","target":{"@type":"EntryPoint","urlTemplate":"https:\/\/form-klar.de\/bs-halle\/?s={search_term_string}"},"query-input":"required name=search_term_string"}],"inLanguage":"de"},{"@type":"ImageObject","inLanguage":"de","@id":"https:\/\/form-klar.de\/bs-halle\/produkte\/boxspringbetten\/#primaryimage","url":"https:\/\/form-klar.de\/bs-halle\/wp-content\/uploads\/Badenia_Bett_Samnaun_01_Milieu-scaled.jpg","contentUrl":"https:\/\/form-klar.de\/bs-halle\/wp-content\/uploads\/Badenia_Bett_Samnaun_01_Milieu-scaled.jpg","width":2560,"height":1550,"caption":"Boxspringbetten f\u00fcr Hotels"},{"@type":"WebPage","@id":"https:\/\/form-klar.de\/bs-halle\/produkte\/boxspringbetten\/#webpage","url":"https:\/\/form-klar.de\/bs-halle\/produkte\/boxspringbetten\/","name":"individuelle Boxspringbetten Halle - LaLeLu Bettenstudio GmbH - Halle","isPartOf":{"@id":"https:\/\/form-klar.de\/bs-halle\/#website"},"primaryImageOfPage":{"@id":"https:\/\/form-klar.de\/bs-halle\/produkte\/boxspringbetten\/#primaryimage"},"datePublished":"2019-01-25T18:41:04+00:00","dateModified":"2022-07-05T17:17:50+00:00","description":"Boxspringbetten Halle symbolisieren luxuri\u00f6ses Bettdesign und Schlafkomfort und garantieren absolute Gem\u00fctlichkeit. Sie lassen nahezu keine W\u00fcnsche offen.","breadcrumb":{"@id":"https:\/\/form-klar.de\/bs-halle\/produkte\/boxspringbetten\/#breadcrumb"},"inLanguage":"de","potentialAction":[{"@type":"ReadAction","target":["https:\/\/form-klar.de\/bs-halle\/produkte\/boxspringbetten\/"]}]},{"@type":"BreadcrumbList","@id":"https:\/\/form-klar.de\/bs-halle\/produkte\/boxspringbetten\/#breadcrumb","itemListElement":[{"@type":"ListItem","position":1,"name":"Startseite","item":"https:\/\/form-klar.de\/bs-halle\/"},{"@type":"ListItem","position":2,"name":"Produkte","item":"https:\/\/form-klar.de\/bs-halle\/produkte\/"},{"@type":"ListItem","position":3,"name":"Boxspringbetten"}]}]}},"_links":{"self":[{"href":"https:\/\/form-klar.de\/bs-halle\/wp-json\/wp\/v2\/pages\/5897"}],"collection":[{"href":"https:\/\/form-klar.de\/bs-halle\/wp-json\/wp\/v2\/pages"}],"about":[{"href":"https:\/\/form-klar.de\/bs-halle\/wp-json\/wp\/v2\/types\/page"}],"author":[{"embeddable":true,"href":"https:\/\/form-klar.de\/bs-halle\/wp-json\/wp\/v2\/users\/1"}],"replies":[{"embeddable":true,"href":"https:\/\/form-klar.de\/bs-halle\/wp-json\/wp\/v2\/comments?post=5897"}],"version-history":[{"count":20,"href":"https:\/\/form-klar.de\/bs-halle\/wp-json\/wp\/v2\/pages\/5897\/revisions"}],"predecessor-version":[{"id":6918,"href":"https:\/\/form-klar.de\/bs-halle\/wp-json\/wp\/v2\/pages\/5897\/revisions\/6918"}],"up":[{"embeddable":true,"href":"https:\/\/form-klar.de\/bs-halle\/wp-json\/wp\/v2\/pages\/4989"}],"wp:featuredmedia":[{"embeddable":true,"href":"https:\/\/form-klar.de\/bs-halle\/wp-json\/wp\/v2\/media\/6846"}],"wp:attachment":[{"href":"https:\/\/form-klar.de\/bs-halle\/wp-json\/wp\/v2\/media?parent=5897"}],"curies":[{"name":"wp","href":"https:\/\/api.w.org\/{rel}","templated":true}]}}