{"id":5829,"date":"2019-01-25T02:09:16","date_gmt":"2019-01-25T00:09:16","guid":{"rendered":"https:\/\/www.bettenstudio-halle.de\/?page_id=5829"},"modified":"2022-07-05T19:17:51","modified_gmt":"2022-07-05T17:17:51","slug":"wasserbetten","status":"publish","type":"page","link":"https:\/\/form-klar.de\/bs-halle\/produkte\/wasserbetten\/","title":{"rendered":"Wasserbetten"},"content":{"rendered":"<h1>WASSERBETTEN<\/h1>\n<h2>WASSERBETTEN &#8211; GARANTIEREN OPTIMALE SCHLAFQUALIT\u00c4TEN<\/h2>\n<p>In Hinsicht der vollkommen nat\u00fcrlichen Trageeigenschaften durch das Element Wasser wird eine optimale Unterst\u00fctzung des K\u00f6rpers garantiert und bietet deshalb f\u00fcr den Nutzer die perfekte M\u00f6glichkeit zur Regeneration des eigenen K\u00f6rpers &amp; der Steigerung der Lebensqualit\u00e4t. Grundlegend gibt es Wasserbetten als Mono- oder Dual-System sowie in allen klassischen Gr\u00f6\u00dfen. Eine gezielt auf den K\u00f6rper angepasste Wassermatratze, f\u00f6rdert den erholsamen Schlaf.<\/p>\n<\/p>\n<p>\t\t\t\t\t\t\t\t\t\t<img class=\"lazyload\" width=\"659\" height=\"194\" src=\"https:\/\/form-klar.de\/bs-halle\/wp-content\/uploads\/wasserbett.jpg\" data-orig-src=\"https:\/\/form-klar.de\/bs-halle\/wp-content\/uploads\/wasserbett.jpg\" alt=\"\" srcset=\"data:image\/svg+xml,%3Csvg%20xmlns%3D%27http%3A%2F%2Fwww.w3.org%2F2000%2Fsvg%27%20width%3D%27659%27%20height%3D%27194%27%20viewBox%3D%270%200%20659%20194%27%3E%3Crect%20width%3D%27659%27%20height%3D%27194%27%20fill-opacity%3D%220%22%2F%3E%3C%2Fsvg%3E\" data-srcset=\"https:\/\/www.bettenstudio-halle.de\/wp-content\/uploads\/wasserbett.jpg 659w, https:\/\/www.bettenstudio-halle.de\/wp-content\/uploads\/wasserbett-300x88.jpg 300w\" data-sizes=\"auto\" data-orig-sizes=\"(max-width: 659px) 100vw, 659px\" \/>\t\t\t\t\t\t\t\t\t\t\t<\/p>\n<h3>Wasserbetten, die wir optimal auf ihr Liegeverhalten abstimmen<\/h3>\n<p>Wir f\u00fchren Hersteller die\u00a0haben mehr als 30 Jahre Erfahrung in der Produktion, Entwicklung und liefern von Wassermatratzen h\u00f6chster Qualit\u00e4t in ganz Europa. Diese haben die neuste Technologie mit eigenem Design zu einem einzigartigen Resultat kombiniert.\u00a0WaCore, Profine sowie Goldeck achten in der heutigen Zeit gezielt auf hochwertige Qualit\u00e4t und regelm\u00e4\u00dfige Weiterbildung der Fachspezialisten. Eine gezielte Fachberatung und K\u00f6rperanalyse ist auch bei einem Wasserbett absolut wichtig und aus unserer Sicht unabdingbar. Wie detailiert eine Fachberatung durch unsere Schlafberater sein wird, werden Sie schon nach einer zeit intensiven Fachberatung, des entsprechenden Probeliegen und der professionellen K\u00f6rper-Analyse merken und vor allem zu sch\u00e4tzen wissen. Au\u00dferdem erfahren Sie durch unsere Wasserbetten-Fachberater wichtige Infos zur perfekten F\u00fcllmenge, der Produktqualit\u00e4t, der sorgenfreien Haltbarkeit &amp; Garantien.<\/p>\n<\/p>\n<figure><img class=\"lazyload\" src=\"data:image\/svg+xml,%3Csvg%20xmlns%3D%27http%3A%2F%2Fwww.w3.org%2F2000%2Fsvg%27%20width%3D%27920%27%20height%3D%27614%27%20viewBox%3D%270%200%20920%20614%27%3E%3Crect%20width%3D%27920%27%20height%3D%27614%27%20fill-opacity%3D%220%22%2F%3E%3C%2Fsvg%3E\" data-orig-src=\"https:\/\/form-klar.de\/bs-halle\/wp-content\/uploads\/trendy-920x614.jpg\" alt=\"trendy\" \/><\/figure>\n<figure><img class=\"lazyload\" src=\"data:image\/svg+xml,%3Csvg%20xmlns%3D%27http%3A%2F%2Fwww.w3.org%2F2000%2Fsvg%27%20width%3D%27920%27%20height%3D%27614%27%20viewBox%3D%270%200%20920%20614%27%3E%3Crect%20width%3D%27920%27%20height%3D%27614%27%20fill-opacity%3D%220%22%2F%3E%3C%2Fsvg%3E\" data-orig-src=\"https:\/\/form-klar.de\/bs-halle\/wp-content\/uploads\/IMG_6225-920x614.jpg\" alt=\"IMG_6225\" \/><\/figure>\n<figure><img class=\"lazyload\" src=\"data:image\/svg+xml,%3Csvg%20xmlns%3D%27http%3A%2F%2Fwww.w3.org%2F2000%2Fsvg%27%20width%3D%27920%27%20height%3D%27614%27%20viewBox%3D%270%200%20920%20614%27%3E%3Crect%20width%3D%27920%27%20height%3D%27614%27%20fill-opacity%3D%220%22%2F%3E%3C%2Fsvg%3E\" data-orig-src=\"https:\/\/form-klar.de\/bs-halle\/wp-content\/uploads\/leeds-920x614.jpg\" alt=\"leeds\" \/><\/figure>\n<figure><img class=\"lazyload\" src=\"data:image\/svg+xml,%3Csvg%20xmlns%3D%27http%3A%2F%2Fwww.w3.org%2F2000%2Fsvg%27%20width%3D%27920%27%20height%3D%27614%27%20viewBox%3D%270%200%20920%20614%27%3E%3Crect%20width%3D%27920%27%20height%3D%27614%27%20fill-opacity%3D%220%22%2F%3E%3C%2Fsvg%3E\" data-orig-src=\"https:\/\/form-klar.de\/bs-halle\/wp-content\/uploads\/AquaboxKENT-Split-920x614.jpg\" alt=\"AquaboxKENT-Split\" \/><\/figure>\n<figure><img class=\"lazyload\" src=\"data:image\/svg+xml,%3Csvg%20xmlns%3D%27http%3A%2F%2Fwww.w3.org%2F2000%2Fsvg%27%20width%3D%27920%27%20height%3D%27614%27%20viewBox%3D%270%200%20920%20614%27%3E%3Crect%20width%3D%27920%27%20height%3D%27614%27%20fill-opacity%3D%220%22%2F%3E%3C%2Fsvg%3E\" data-orig-src=\"https:\/\/form-klar.de\/bs-halle\/wp-content\/uploads\/IMG_6153-920x614.jpg\" alt=\"IMG_6153\" \/><\/figure>\n<figure><img class=\"lazyload\" src=\"data:image\/svg+xml,%3Csvg%20xmlns%3D%27http%3A%2F%2Fwww.w3.org%2F2000%2Fsvg%27%20width%3D%27920%27%20height%3D%27614%27%20viewBox%3D%270%200%20920%20614%27%3E%3Crect%20width%3D%27920%27%20height%3D%27614%27%20fill-opacity%3D%220%22%2F%3E%3C%2Fsvg%3E\" data-orig-src=\"https:\/\/form-klar.de\/bs-halle\/wp-content\/uploads\/Senzano-920x614.jpg\" alt=\"Senzano\" \/><\/figure>\n<figure><img class=\"lazyload\" src=\"data:image\/svg+xml,%3Csvg%20xmlns%3D%27http%3A%2F%2Fwww.w3.org%2F2000%2Fsvg%27%20width%3D%27920%27%20height%3D%27614%27%20viewBox%3D%270%200%20920%20614%27%3E%3Crect%20width%3D%27920%27%20height%3D%27614%27%20fill-opacity%3D%220%22%2F%3E%3C%2Fsvg%3E\" data-orig-src=\"https:\/\/form-klar.de\/bs-halle\/wp-content\/uploads\/Rodi-920x614.jpg\" alt=\"Rodi\" \/><\/figure>\n<figure><img class=\"lazyload\" src=\"data:image\/svg+xml,%3Csvg%20xmlns%3D%27http%3A%2F%2Fwww.w3.org%2F2000%2Fsvg%27%20width%3D%27920%27%20height%3D%27614%27%20viewBox%3D%270%200%20920%20614%27%3E%3Crect%20width%3D%27920%27%20height%3D%27614%27%20fill-opacity%3D%220%22%2F%3E%3C%2Fsvg%3E\" data-orig-src=\"https:\/\/form-klar.de\/bs-halle\/wp-content\/uploads\/Bari-Exclusive-920x614.jpg\" alt=\"Bari-Exclusive\" \/><\/figure>\n<figure><img class=\"lazyload\" src=\"data:image\/svg+xml,%3Csvg%20xmlns%3D%27http%3A%2F%2Fwww.w3.org%2F2000%2Fsvg%27%20width%3D%27920%27%20height%3D%27614%27%20viewBox%3D%270%200%20920%20614%27%3E%3Crect%20width%3D%27920%27%20height%3D%27614%27%20fill-opacity%3D%220%22%2F%3E%3C%2Fsvg%3E\" data-orig-src=\"https:\/\/form-klar.de\/bs-halle\/wp-content\/uploads\/Smart_Split-920x614.jpg\" alt=\"Smart_Split\" \/><\/figure>\n<figure><img class=\"lazyload\" src=\"data:image\/svg+xml,%3Csvg%20xmlns%3D%27http%3A%2F%2Fwww.w3.org%2F2000%2Fsvg%27%20width%3D%27920%27%20height%3D%27614%27%20viewBox%3D%270%200%20920%20614%27%3E%3Crect%20width%3D%27920%27%20height%3D%27614%27%20fill-opacity%3D%220%22%2F%3E%3C%2Fsvg%3E\" data-orig-src=\"https:\/\/form-klar.de\/bs-halle\/wp-content\/uploads\/Integra-920x614.jpg\" alt=\"Integra\" \/><\/figure>\n<figure><img class=\"lazyload\" src=\"data:image\/svg+xml,%3Csvg%20xmlns%3D%27http%3A%2F%2Fwww.w3.org%2F2000%2Fsvg%27%20width%3D%27920%27%20height%3D%27614%27%20viewBox%3D%270%200%20920%20614%27%3E%3Crect%20width%3D%27920%27%20height%3D%27614%27%20fill-opacity%3D%220%22%2F%3E%3C%2Fsvg%3E\" data-orig-src=\"https:\/\/form-klar.de\/bs-halle\/wp-content\/uploads\/Bari_Box-920x614.jpg\" alt=\"Bari_Box\" \/><\/figure>\n<p>\t\t<center>Vereinbaren Sie mit einem unserer Fachberater einen pers\u00f6nlichen und kostenfreien Beratungstermin unter<\/center><\/p>\n<p><center><\/p>\n<h1>Telefon \u00a00345 \/ 44 58 31 95<\/h1>\n<p>\t\t\t<a href=\"https:\/\/www.bettenstudio-halle.de\/kontakt\/\" role=\"button\"><br \/>\n\t\t\t\t\t\tBeratungstermin vereinbaren<br \/>\n\t\t\t\t\t<\/a><\/p>\n","protected":false},"excerpt":{"rendered":"<p>WASSERBETTEN WASSERBETTEN &#8211; GARANTIEREN OPTIMALE SCHLAFQUALIT\u00c4TEN In Hinsicht der vollkommen nat\u00fcrlichen Trageeigenschaften durch das Element Wasser wird eine optimale Unterst\u00fctzung des K\u00f6rpers garantiert und bietet deshalb f\u00fcr den Nutzer die perfekte M\u00f6glichkeit zur Regeneration des eigenen K\u00f6rpers &amp; der Steigerung der Lebensqualit\u00e4t. Grundlegend gibt es Wasserbetten als Mono- oder Dual-System sowie in allen klassischen Gr\u00f6\u00dfen. [&hellip;]<\/p>\n","protected":false},"author":1,"featured_media":5441,"parent":4989,"menu_order":0,"comment_status":"closed","ping_status":"closed","template":"","meta":{"_links_to":"","_links_to_target":""},"yoast_head":"<!-- This site is optimized with the Yoast SEO plugin v19.2 - https:\/\/yoast.com\/wordpress\/plugins\/seo\/ -->\n<title>Wasserbetten - LaLeLu Bettenstudio GmbH - Halle<\/title>\n<meta name=\"robots\" content=\"index, follow, max-snippet:-1, max-image-preview:large, max-video-preview:-1\" \/>\n<link rel=\"canonical\" href=\"https:\/\/form-klar.de\/bs-halle\/produkte\/wasserbetten\/\" \/>\n<meta property=\"og:locale\" content=\"de_DE\" \/>\n<meta property=\"og:type\" content=\"article\" \/>\n<meta property=\"og:title\" content=\"Wasserbetten - LaLeLu Bettenstudio GmbH - Halle\" \/>\n<meta property=\"og:description\" content=\"WASSERBETTEN WASSERBETTEN &#8211; GARANTIEREN OPTIMALE SCHLAFQUALIT\u00c4TEN In Hinsicht der vollkommen nat\u00fcrlichen Trageeigenschaften durch das Element Wasser wird eine optimale Unterst\u00fctzung des K\u00f6rpers garantiert und bietet deshalb f\u00fcr den Nutzer die perfekte M\u00f6glichkeit zur Regeneration des eigenen K\u00f6rpers &amp; der Steigerung der Lebensqualit\u00e4t. Grundlegend gibt es Wasserbetten als Mono- oder Dual-System sowie in allen klassischen Gr\u00f6\u00dfen. [&hellip;]\" \/>\n<meta property=\"og:url\" content=\"https:\/\/form-klar.de\/bs-halle\/produkte\/wasserbetten\/\" \/>\n<meta property=\"og:site_name\" content=\"LaLeLu Bettenstudio GmbH - Halle\" \/>\n<meta property=\"article:publisher\" content=\"https:\/\/www.facebook.com\/lalelubettenstudio\/\" \/>\n<meta property=\"article:modified_time\" content=\"2022-07-05T17:17:51+00:00\" \/>\n<meta property=\"og:image\" content=\"https:\/\/form-klar.de\/bs-halle\/wp-content\/uploads\/wasserbetten-berater.jpg\" \/>\n\t<meta property=\"og:image:width\" content=\"300\" \/>\n\t<meta property=\"og:image:height\" content=\"300\" \/>\n\t<meta property=\"og:image:type\" content=\"image\/jpeg\" \/>\n<meta name=\"author\" content=\"admin\" \/>\n<meta name=\"twitter:card\" content=\"summary_large_image\" \/>\n<meta name=\"twitter:label1\" content=\"Gesch\u00e4tzte Lesezeit\" \/>\n\t<meta name=\"twitter:data1\" content=\"1\u00a0Minute\" \/>\n<script type=\"application\/ld+json\" class=\"yoast-schema-graph\">{\"@context\":\"https:\/\/schema.org\",\"@graph\":[{\"@type\":\"WebSite\",\"@id\":\"https:\/\/form-klar.de\/bs-halle\/#website\",\"url\":\"https:\/\/form-klar.de\/bs-halle\/\",\"name\":\"LaLeLu Bettenstudio GmbH - Halle\",\"description\":\"Fachzentrum f\u00fcr k\u00f6rpergerechte Matratzenanpassung - Wasserbetten\",\"potentialAction\":[{\"@type\":\"SearchAction\",\"target\":{\"@type\":\"EntryPoint\",\"urlTemplate\":\"https:\/\/form-klar.de\/bs-halle\/?s={search_term_string}\"},\"query-input\":\"required name=search_term_string\"}],\"inLanguage\":\"de\"},{\"@type\":\"ImageObject\",\"inLanguage\":\"de\",\"@id\":\"https:\/\/form-klar.de\/bs-halle\/produkte\/wasserbetten\/#primaryimage\",\"url\":\"https:\/\/form-klar.de\/bs-halle\/wp-content\/uploads\/wasserbetten-berater.jpg\",\"contentUrl\":\"https:\/\/form-klar.de\/bs-halle\/wp-content\/uploads\/wasserbetten-berater.jpg\",\"width\":300,\"height\":300},{\"@type\":\"WebPage\",\"@id\":\"https:\/\/form-klar.de\/bs-halle\/produkte\/wasserbetten\/#webpage\",\"url\":\"https:\/\/form-klar.de\/bs-halle\/produkte\/wasserbetten\/\",\"name\":\"Wasserbetten - LaLeLu Bettenstudio GmbH - Halle\",\"isPartOf\":{\"@id\":\"https:\/\/form-klar.de\/bs-halle\/#website\"},\"primaryImageOfPage\":{\"@id\":\"https:\/\/form-klar.de\/bs-halle\/produkte\/wasserbetten\/#primaryimage\"},\"datePublished\":\"2019-01-25T00:09:16+00:00\",\"dateModified\":\"2022-07-05T17:17:51+00:00\",\"breadcrumb\":{\"@id\":\"https:\/\/form-klar.de\/bs-halle\/produkte\/wasserbetten\/#breadcrumb\"},\"inLanguage\":\"de\",\"potentialAction\":[{\"@type\":\"ReadAction\",\"target\":[\"https:\/\/form-klar.de\/bs-halle\/produkte\/wasserbetten\/\"]}]},{\"@type\":\"BreadcrumbList\",\"@id\":\"https:\/\/form-klar.de\/bs-halle\/produkte\/wasserbetten\/#breadcrumb\",\"itemListElement\":[{\"@type\":\"ListItem\",\"position\":1,\"name\":\"Startseite\",\"item\":\"https:\/\/form-klar.de\/bs-halle\/\"},{\"@type\":\"ListItem\",\"position\":2,\"name\":\"Produkte\",\"item\":\"https:\/\/form-klar.de\/bs-halle\/produkte\/\"},{\"@type\":\"ListItem\",\"position\":3,\"name\":\"Wasserbetten\"}]}]}<\/script>\n<!-- \/ Yoast SEO plugin. -->","yoast_head_json":{"title":"Wasserbetten - LaLeLu Bettenstudio GmbH - Halle","robots":{"index":"index","follow":"follow","max-snippet":"max-snippet:-1","max-image-preview":"max-image-preview:large","max-video-preview":"max-video-preview:-1"},"canonical":"https:\/\/form-klar.de\/bs-halle\/produkte\/wasserbetten\/","og_locale":"de_DE","og_type":"article","og_title":"Wasserbetten - LaLeLu Bettenstudio GmbH - Halle","og_description":"WASSERBETTEN WASSERBETTEN &#8211; GARANTIEREN OPTIMALE SCHLAFQUALIT\u00c4TEN In Hinsicht der vollkommen nat\u00fcrlichen Trageeigenschaften durch das Element Wasser wird eine optimale Unterst\u00fctzung des K\u00f6rpers garantiert und bietet deshalb f\u00fcr den Nutzer die perfekte M\u00f6glichkeit zur Regeneration des eigenen K\u00f6rpers &amp; der Steigerung der Lebensqualit\u00e4t. Grundlegend gibt es Wasserbetten als Mono- oder Dual-System sowie in allen klassischen Gr\u00f6\u00dfen. [&hellip;]","og_url":"https:\/\/form-klar.de\/bs-halle\/produkte\/wasserbetten\/","og_site_name":"LaLeLu Bettenstudio GmbH - Halle","article_publisher":"https:\/\/www.facebook.com\/lalelubettenstudio\/","article_modified_time":"2022-07-05T17:17:51+00:00","og_image":[{"width":300,"height":300,"url":"https:\/\/form-klar.de\/bs-halle\/wp-content\/uploads\/wasserbetten-berater.jpg","type":"image\/jpeg"}],"author":"admin","twitter_card":"summary_large_image","twitter_misc":{"Gesch\u00e4tzte Lesezeit":"1\u00a0Minute"},"schema":{"@context":"https:\/\/schema.org","@graph":[{"@type":"WebSite","@id":"https:\/\/form-klar.de\/bs-halle\/#website","url":"https:\/\/form-klar.de\/bs-halle\/","name":"LaLeLu Bettenstudio GmbH - Halle","description":"Fachzentrum f\u00fcr k\u00f6rpergerechte Matratzenanpassung - Wasserbetten","potentialAction":[{"@type":"SearchAction","target":{"@type":"EntryPoint","urlTemplate":"https:\/\/form-klar.de\/bs-halle\/?s={search_term_string}"},"query-input":"required name=search_term_string"}],"inLanguage":"de"},{"@type":"ImageObject","inLanguage":"de","@id":"https:\/\/form-klar.de\/bs-halle\/produkte\/wasserbetten\/#primaryimage","url":"https:\/\/form-klar.de\/bs-halle\/wp-content\/uploads\/wasserbetten-berater.jpg","contentUrl":"https:\/\/form-klar.de\/bs-halle\/wp-content\/uploads\/wasserbetten-berater.jpg","width":300,"height":300},{"@type":"WebPage","@id":"https:\/\/form-klar.de\/bs-halle\/produkte\/wasserbetten\/#webpage","url":"https:\/\/form-klar.de\/bs-halle\/produkte\/wasserbetten\/","name":"Wasserbetten - LaLeLu Bettenstudio GmbH - Halle","isPartOf":{"@id":"https:\/\/form-klar.de\/bs-halle\/#website"},"primaryImageOfPage":{"@id":"https:\/\/form-klar.de\/bs-halle\/produkte\/wasserbetten\/#primaryimage"},"datePublished":"2019-01-25T00:09:16+00:00","dateModified":"2022-07-05T17:17:51+00:00","breadcrumb":{"@id":"https:\/\/form-klar.de\/bs-halle\/produkte\/wasserbetten\/#breadcrumb"},"inLanguage":"de","potentialAction":[{"@type":"ReadAction","target":["https:\/\/form-klar.de\/bs-halle\/produkte\/wasserbetten\/"]}]},{"@type":"BreadcrumbList","@id":"https:\/\/form-klar.de\/bs-halle\/produkte\/wasserbetten\/#breadcrumb","itemListElement":[{"@type":"ListItem","position":1,"name":"Startseite","item":"https:\/\/form-klar.de\/bs-halle\/"},{"@type":"ListItem","position":2,"name":"Produkte","item":"https:\/\/form-klar.de\/bs-halle\/produkte\/"},{"@type":"ListItem","position":3,"name":"Wasserbetten"}]}]}},"_links":{"self":[{"href":"https:\/\/form-klar.de\/bs-halle\/wp-json\/wp\/v2\/pages\/5829"}],"collection":[{"href":"https:\/\/form-klar.de\/bs-halle\/wp-json\/wp\/v2\/pages"}],"about":[{"href":"https:\/\/form-klar.de\/bs-halle\/wp-json\/wp\/v2\/types\/page"}],"author":[{"embeddable":true,"href":"https:\/\/form-klar.de\/bs-halle\/wp-json\/wp\/v2\/users\/1"}],"replies":[{"embeddable":true,"href":"https:\/\/form-klar.de\/bs-halle\/wp-json\/wp\/v2\/comments?post=5829"}],"version-history":[{"count":12,"href":"https:\/\/form-klar.de\/bs-halle\/wp-json\/wp\/v2\/pages\/5829\/revisions"}],"predecessor-version":[{"id":6392,"href":"https:\/\/form-klar.de\/bs-halle\/wp-json\/wp\/v2\/pages\/5829\/revisions\/6392"}],"up":[{"embeddable":true,"href":"https:\/\/form-klar.de\/bs-halle\/wp-json\/wp\/v2\/pages\/4989"}],"wp:featuredmedia":[{"embeddable":true,"href":"https:\/\/form-klar.de\/bs-halle\/wp-json\/wp\/v2\/media\/5441"}],"wp:attachment":[{"href":"https:\/\/form-klar.de\/bs-halle\/wp-json\/wp\/v2\/media?parent=5829"}],"curies":[{"name":"wp","href":"https:\/\/api.w.org\/{rel}","templated":true}]}}