{"id":5601,"date":"2014-11-27T12:44:06","date_gmt":"2014-11-27T10:44:06","guid":{"rendered":"https:\/\/www.bettenstudio-halle.de\/?page_id=5601"},"modified":"2022-07-12T18:42:14","modified_gmt":"2022-07-12T16:42:14","slug":"welche-matratze-braucht-mein-koerper","status":"publish","type":"page","link":"https:\/\/form-klar.de\/bs-halle\/welche-matratze-braucht-mein-koerper\/","title":{"rendered":"Welche Matratze braucht mein K\u00f6rper?"},"content":{"rendered":"<h1>Welche Matratze braucht mein K\u00f6rper?<\/h1>\n<h2>Eine professionelle Schlafberatung mit kostenfreier R\u00fcckenvermessung gibt Auskunft<\/h2>\n<p><img class=\"lazyload\" src=\"data:image\/svg+xml,%3Csvg%20xmlns%3D%27http%3A%2F%2Fwww.w3.org%2F2000%2Fsvg%27%20width%3D%27659%27%20height%3D%27194%27%20viewBox%3D%270%200%20659%20194%27%3E%3Crect%20width%3D%27659%27%20height%3D%27194%27%20fill-opacity%3D%220%22%2F%3E%3C%2Fsvg%3E\" data-orig-src=\"https:\/\/www.bettenstudio-halle.de\/wp-content\/uploads\/liege-simulator.jpg\" alt=\"liege simulator\" width=\"659\" height=\"194\" \/><\/p>\n<p>Ein von Medizinern und Schlafforschern des Instituts Proschlaf im \u00c4rztezentrum SM Salzburg entwickelter Liege-Simulator hilft jetzt Konsumenten, die zu ihrem K\u00f6rperbau ergonomisch korrekte Matratze zu finden. Im Rahmen des Gesundheitsprojekts \u201eErgonomisch korrekt Schlafen\u201c autorisiert das Institut Proschlaf die Betreibung von Liege-Simulatoren nun auch in Halle (Saale) und Sangerhausen.<\/p>\n<h3>Matratzenkauf &#8211; aber richtig<\/h3>\n<p>Das Angebot an Matratzen, Kopfkissen und Betteins\u00e4tzen hat eine f\u00fcr Konsumenten kaum\u00a0\u00fcberschaubare Dimensionen eingenommen. In den LaLeLu Bettenstudios folgt man deshalb\u00a0nun den Erkenntnissen der Physikalischen Schlafforschung, wie sie aus Studien des Instituts Proschlaf und der Universit\u00e4t Salzburg gewonnen wurde.<\/p>\n<h3>Risikofaktor \u201eMatratzenkauf\u201c<\/h3>\n<p>Kaum eine Kaufentscheidung ist f\u00fcr den Konsumenten so schwierig, wie die, eine geeignete Matratze zu finden. Schwierig deshalb, weil die Wahl der Matratze bereits\u00a0nach kurzem Probeliegen getroffen werden muss, die Beurteilung Ihrer gesundheitlichen Eignung jedoch erst nach mehreren Wochen oder Monaten erfolgen kann.<\/p>\n<h3>Ermittlung ihres ergonomisch geforderten Matratzen-St\u00fctzprofil<\/h3>\n<p>Ein von Medizinern und Schlafforschern im \u00c4rztezentrum SM Salzburg entwickeltes Verfahren bietet Konsumenten nun die M\u00f6glichkeit, das vom eigenen K\u00f6rperbau ergonomisch geforderte Matratzen-St\u00fctzprofil ermitteln und in die Matratze einarbeiten zu lassen.<\/p>\n<h3>Einarbeitung von unterschiedlich festen St\u00fctzstempeln in die Matratze<\/h3>\n<p>Damit gilt der Test weltweit als bahnbrechende Innovation in diesem wichtigen Gesundheitsvorsorge-Bereich. Nicht teurer als herk\u00f6mmliche hochwertige Matratzen: Auf Wunsch wird das Test-Ergebnis an einen vom Institut Proschlaf des \u00c4rztezentrums\u00a0lizenzierten Matratzenhersteller weitergeleitet, der das ermittelte K\u00f6rperst\u00fctzprofil in Form von unterschiedlich festen St\u00fctzstempeln in die Matratze einarbeitet.<\/p>\n<p><img class=\"lazyload\" src=\"data:image\/svg+xml,%3Csvg%20xmlns%3D%27http%3A%2F%2Fwww.w3.org%2F2000%2Fsvg%27%20width%3D%27659%27%20height%3D%27194%27%20viewBox%3D%270%200%20659%20194%27%3E%3Crect%20width%3D%27659%27%20height%3D%27194%27%20fill-opacity%3D%220%22%2F%3E%3C%2Fsvg%3E\" data-orig-src=\"https:\/\/www.bettenstudio-halle.de\/wp-content\/uploads\/ergodeluxe-simulator.jpg\" alt=\"ergodeluxe simulator\" width=\"659\" height=\"194\" \/><\/p>\n<h3>Nachhaltige Wirkung dank ergonomisch &#8222;ma\u00dfgeschneiderter&#8220; Matratze<\/h3>\n<p>Nachhaltige Wirkung: Eine im Kaufpreis enthaltene Nachbetreuung durch das Institut Proschlaf per Telefon oder Internet sorgt daf\u00fcr, dass ein erholsamer Schlaf auch dann noch sichergestellt ist, wenn k\u00f6rperliche Ver\u00e4nderungen eine entsprechende \u00c4nderung der Matratzen-St\u00fctzstruktur erforderlich<br \/>\nmachen.<\/p>\n<h3>BEI UNS FINDEN SIE EIN GROSSES SORTIMENT INKL. PROFESSIONELLER SCHLAFBERATUNG<\/h3>\n<p>Bei uns finden Sie ein gro\u00dfes Sortiment f\u00fcr Ihren gesunden Schlaf und sch\u00f6nes Wohnen \u2013 von Tempur, Wasserbetten, Boxspringbetten, Luftbetten, ergonomisch angepasste Matratzen, Gelmatratzen, Nackenst\u00fctzkissen, Unterfederung, Bettw\u00e4sche, Spannbettlaken, Bettwaren, Bettgestelle bis hin zu den Matratzenauflagen.<\/p>\n<p><a role=\"button\" href=\"https:\/\/www.bettenstudio-halle.de\/kontakt\/\" target=\"_blank\" rel=\"noopener\"><br \/>\njetzt Termin vereinbaren<br \/>\n<\/a><br \/>\n<a href=\"https:\/\/www.facebook.com\/lalelubettenstudio\/\" target=\"_blank\" rel=\"noopener\"><br \/>\nFacebook<br \/>\n<\/a><br \/>\n<a href=\"https:\/\/www.instagram.com\/lalelu_betten\/\" target=\"_blank\" rel=\"noopener\"><br \/>\nInstagram<br \/>\n<\/a><br \/>\n<a href=\"https:\/\/wa.me\/4934544583195\" target=\"_blank\" rel=\"noopener\"><br \/>\nWhatsapp<br \/>\n<\/a><\/p>\n","protected":false},"excerpt":{"rendered":"<p>Welche Matratze braucht mein K\u00f6rper? Eine professionelle Schlafberatung mit kostenfreier R\u00fcckenvermessung gibt Auskunft Ein von Medizinern und Schlafforschern des Instituts Proschlaf im \u00c4rztezentrum SM Salzburg entwickelter Liege-Simulator hilft jetzt Konsumenten, die zu ihrem K\u00f6rperbau ergonomisch korrekte Matratze zu finden. Im Rahmen des Gesundheitsprojekts \u201eErgonomisch korrekt Schlafen\u201c autorisiert das Institut Proschlaf die Betreibung von Liege-Simulatoren nun [&hellip;]<\/p>\n","protected":false},"author":2,"featured_media":0,"parent":0,"menu_order":1,"comment_status":"closed","ping_status":"closed","template":"","meta":{"_links_to":"","_links_to_target":""},"yoast_head":"<!-- This site is optimized with the Yoast SEO plugin v19.2 - https:\/\/yoast.com\/wordpress\/plugins\/seo\/ -->\n<title>Welche Matratze braucht mein K\u00f6rper? - LaLeLu Bettenstudio GmbH - Halle<\/title>\n<meta name=\"robots\" content=\"index, follow, max-snippet:-1, max-image-preview:large, max-video-preview:-1\" \/>\n<link rel=\"canonical\" href=\"https:\/\/form-klar.de\/bs-halle\/welche-matratze-braucht-mein-koerper\/\" \/>\n<meta property=\"og:locale\" content=\"de_DE\" \/>\n<meta property=\"og:type\" content=\"article\" \/>\n<meta property=\"og:title\" content=\"Welche Matratze braucht mein K\u00f6rper? - LaLeLu Bettenstudio GmbH - Halle\" \/>\n<meta property=\"og:description\" content=\"Welche Matratze braucht mein K\u00f6rper? Eine professionelle Schlafberatung mit kostenfreier R\u00fcckenvermessung gibt Auskunft Ein von Medizinern und Schlafforschern des Instituts Proschlaf im \u00c4rztezentrum SM Salzburg entwickelter Liege-Simulator hilft jetzt Konsumenten, die zu ihrem K\u00f6rperbau ergonomisch korrekte Matratze zu finden. Im Rahmen des Gesundheitsprojekts \u201eErgonomisch korrekt Schlafen\u201c autorisiert das Institut Proschlaf die Betreibung von Liege-Simulatoren nun [&hellip;]\" \/>\n<meta property=\"og:url\" content=\"https:\/\/form-klar.de\/bs-halle\/welche-matratze-braucht-mein-koerper\/\" \/>\n<meta property=\"og:site_name\" content=\"LaLeLu Bettenstudio GmbH - Halle\" \/>\n<meta property=\"article:publisher\" content=\"https:\/\/www.facebook.com\/lalelubettenstudio\/\" \/>\n<meta property=\"article:modified_time\" content=\"2022-07-12T16:42:14+00:00\" \/>\n<meta property=\"og:image\" content=\"https:\/\/www.bettenstudio-halle.de\/wp-content\/uploads\/liege-simulator.jpg\" \/>\n<meta name=\"author\" content=\"inerowicz\" \/>\n<meta name=\"twitter:card\" content=\"summary_large_image\" \/>\n<meta name=\"twitter:label1\" content=\"Gesch\u00e4tzte Lesezeit\" \/>\n\t<meta name=\"twitter:data1\" content=\"2\u00a0Minuten\" \/>\n<script type=\"application\/ld+json\" class=\"yoast-schema-graph\">{\"@context\":\"https:\/\/schema.org\",\"@graph\":[{\"@type\":\"WebSite\",\"@id\":\"https:\/\/form-klar.de\/bs-halle\/#website\",\"url\":\"https:\/\/form-klar.de\/bs-halle\/\",\"name\":\"LaLeLu Bettenstudio GmbH - Halle\",\"description\":\"Fachzentrum f\u00fcr k\u00f6rpergerechte Matratzenanpassung - Wasserbetten\",\"potentialAction\":[{\"@type\":\"SearchAction\",\"target\":{\"@type\":\"EntryPoint\",\"urlTemplate\":\"https:\/\/form-klar.de\/bs-halle\/?s={search_term_string}\"},\"query-input\":\"required name=search_term_string\"}],\"inLanguage\":\"de\"},{\"@type\":\"ImageObject\",\"inLanguage\":\"de\",\"@id\":\"https:\/\/form-klar.de\/bs-halle\/welche-matratze-braucht-mein-koerper\/#primaryimage\",\"url\":\"https:\/\/form-klar.de\/bs-halle\/wp-content\/uploads\/liege-simulator.jpg\",\"contentUrl\":\"https:\/\/form-klar.de\/bs-halle\/wp-content\/uploads\/liege-simulator.jpg\",\"width\":659,\"height\":194},{\"@type\":\"WebPage\",\"@id\":\"https:\/\/form-klar.de\/bs-halle\/welche-matratze-braucht-mein-koerper\/#webpage\",\"url\":\"https:\/\/form-klar.de\/bs-halle\/welche-matratze-braucht-mein-koerper\/\",\"name\":\"Welche Matratze braucht mein K\u00f6rper? - LaLeLu Bettenstudio GmbH - Halle\",\"isPartOf\":{\"@id\":\"https:\/\/form-klar.de\/bs-halle\/#website\"},\"primaryImageOfPage\":{\"@id\":\"https:\/\/form-klar.de\/bs-halle\/welche-matratze-braucht-mein-koerper\/#primaryimage\"},\"datePublished\":\"2014-11-27T10:44:06+00:00\",\"dateModified\":\"2022-07-12T16:42:14+00:00\",\"breadcrumb\":{\"@id\":\"https:\/\/form-klar.de\/bs-halle\/welche-matratze-braucht-mein-koerper\/#breadcrumb\"},\"inLanguage\":\"de\",\"potentialAction\":[{\"@type\":\"ReadAction\",\"target\":[\"https:\/\/form-klar.de\/bs-halle\/welche-matratze-braucht-mein-koerper\/\"]}]},{\"@type\":\"BreadcrumbList\",\"@id\":\"https:\/\/form-klar.de\/bs-halle\/welche-matratze-braucht-mein-koerper\/#breadcrumb\",\"itemListElement\":[{\"@type\":\"ListItem\",\"position\":1,\"name\":\"Startseite\",\"item\":\"https:\/\/form-klar.de\/bs-halle\/\"},{\"@type\":\"ListItem\",\"position\":2,\"name\":\"Welche Matratze braucht mein K\u00f6rper?\"}]}]}<\/script>\n<!-- \/ Yoast SEO plugin. -->","yoast_head_json":{"title":"Welche Matratze braucht mein K\u00f6rper? - LaLeLu Bettenstudio GmbH - Halle","robots":{"index":"index","follow":"follow","max-snippet":"max-snippet:-1","max-image-preview":"max-image-preview:large","max-video-preview":"max-video-preview:-1"},"canonical":"https:\/\/form-klar.de\/bs-halle\/welche-matratze-braucht-mein-koerper\/","og_locale":"de_DE","og_type":"article","og_title":"Welche Matratze braucht mein K\u00f6rper? - LaLeLu Bettenstudio GmbH - Halle","og_description":"Welche Matratze braucht mein K\u00f6rper? Eine professionelle Schlafberatung mit kostenfreier R\u00fcckenvermessung gibt Auskunft Ein von Medizinern und Schlafforschern des Instituts Proschlaf im \u00c4rztezentrum SM Salzburg entwickelter Liege-Simulator hilft jetzt Konsumenten, die zu ihrem K\u00f6rperbau ergonomisch korrekte Matratze zu finden. Im Rahmen des Gesundheitsprojekts \u201eErgonomisch korrekt Schlafen\u201c autorisiert das Institut Proschlaf die Betreibung von Liege-Simulatoren nun [&hellip;]","og_url":"https:\/\/form-klar.de\/bs-halle\/welche-matratze-braucht-mein-koerper\/","og_site_name":"LaLeLu Bettenstudio GmbH - Halle","article_publisher":"https:\/\/www.facebook.com\/lalelubettenstudio\/","article_modified_time":"2022-07-12T16:42:14+00:00","og_image":[{"url":"https:\/\/www.bettenstudio-halle.de\/wp-content\/uploads\/liege-simulator.jpg"}],"author":"inerowicz","twitter_card":"summary_large_image","twitter_misc":{"Gesch\u00e4tzte Lesezeit":"2\u00a0Minuten"},"schema":{"@context":"https:\/\/schema.org","@graph":[{"@type":"WebSite","@id":"https:\/\/form-klar.de\/bs-halle\/#website","url":"https:\/\/form-klar.de\/bs-halle\/","name":"LaLeLu Bettenstudio GmbH - Halle","description":"Fachzentrum f\u00fcr k\u00f6rpergerechte Matratzenanpassung - Wasserbetten","potentialAction":[{"@type":"SearchAction","target":{"@type":"EntryPoint","urlTemplate":"https:\/\/form-klar.de\/bs-halle\/?s={search_term_string}"},"query-input":"required name=search_term_string"}],"inLanguage":"de"},{"@type":"ImageObject","inLanguage":"de","@id":"https:\/\/form-klar.de\/bs-halle\/welche-matratze-braucht-mein-koerper\/#primaryimage","url":"https:\/\/form-klar.de\/bs-halle\/wp-content\/uploads\/liege-simulator.jpg","contentUrl":"https:\/\/form-klar.de\/bs-halle\/wp-content\/uploads\/liege-simulator.jpg","width":659,"height":194},{"@type":"WebPage","@id":"https:\/\/form-klar.de\/bs-halle\/welche-matratze-braucht-mein-koerper\/#webpage","url":"https:\/\/form-klar.de\/bs-halle\/welche-matratze-braucht-mein-koerper\/","name":"Welche Matratze braucht mein K\u00f6rper? - LaLeLu Bettenstudio GmbH - Halle","isPartOf":{"@id":"https:\/\/form-klar.de\/bs-halle\/#website"},"primaryImageOfPage":{"@id":"https:\/\/form-klar.de\/bs-halle\/welche-matratze-braucht-mein-koerper\/#primaryimage"},"datePublished":"2014-11-27T10:44:06+00:00","dateModified":"2022-07-12T16:42:14+00:00","breadcrumb":{"@id":"https:\/\/form-klar.de\/bs-halle\/welche-matratze-braucht-mein-koerper\/#breadcrumb"},"inLanguage":"de","potentialAction":[{"@type":"ReadAction","target":["https:\/\/form-klar.de\/bs-halle\/welche-matratze-braucht-mein-koerper\/"]}]},{"@type":"BreadcrumbList","@id":"https:\/\/form-klar.de\/bs-halle\/welche-matratze-braucht-mein-koerper\/#breadcrumb","itemListElement":[{"@type":"ListItem","position":1,"name":"Startseite","item":"https:\/\/form-klar.de\/bs-halle\/"},{"@type":"ListItem","position":2,"name":"Welche Matratze braucht mein K\u00f6rper?"}]}]}},"_links":{"self":[{"href":"https:\/\/form-klar.de\/bs-halle\/wp-json\/wp\/v2\/pages\/5601"}],"collection":[{"href":"https:\/\/form-klar.de\/bs-halle\/wp-json\/wp\/v2\/pages"}],"about":[{"href":"https:\/\/form-klar.de\/bs-halle\/wp-json\/wp\/v2\/types\/page"}],"author":[{"embeddable":true,"href":"https:\/\/form-klar.de\/bs-halle\/wp-json\/wp\/v2\/users\/2"}],"replies":[{"embeddable":true,"href":"https:\/\/form-klar.de\/bs-halle\/wp-json\/wp\/v2\/comments?post=5601"}],"version-history":[{"count":15,"href":"https:\/\/form-klar.de\/bs-halle\/wp-json\/wp\/v2\/pages\/5601\/revisions"}],"predecessor-version":[{"id":7127,"href":"https:\/\/form-klar.de\/bs-halle\/wp-json\/wp\/v2\/pages\/5601\/revisions\/7127"}],"wp:attachment":[{"href":"https:\/\/form-klar.de\/bs-halle\/wp-json\/wp\/v2\/media?parent=5601"}],"curies":[{"name":"wp","href":"https:\/\/api.w.org\/{rel}","templated":true}]}}