{"id":5591,"date":"2014-11-27T10:50:10","date_gmt":"2014-11-27T08:50:10","guid":{"rendered":"https:\/\/www.bettenstudio-halle.de\/?page_id=5591"},"modified":"2019-01-25T23:11:39","modified_gmt":"2019-01-25T21:11:39","slug":"ergo-deluxe","status":"publish","type":"page","link":"https:\/\/form-klar.de\/bs-halle\/ergo-deluxe\/","title":{"rendered":"Ergodeluxe"},"content":{"rendered":"<h1>Ergodeluxe<\/h1>\n<h2>Wie finde ich meine optimale Matratze?<\/h2>\n<p><img class=\"lazyload\" src=\"data:image\/svg+xml,%3Csvg%20xmlns%3D%27http%3A%2F%2Fwww.w3.org%2F2000%2Fsvg%27%20width%3D%27659%27%20height%3D%27194%27%20viewBox%3D%270%200%20659%20194%27%3E%3Crect%20width%3D%27659%27%20height%3D%27194%27%20fill-opacity%3D%220%22%2F%3E%3C%2Fsvg%3E\" data-orig-src=\"https:\/\/www.bettenstudio-halle.de\/wp-content\/uploads\/ergodeluxe-simulator.jpg\" alt=\"ergodeluxe simulator\" width=\"659\" height=\"194\" \/><\/p>\n<p><strong>Vitario findet f\u00fcr jeden Kunden die optimale Matratze<\/strong><\/p>\n<p>Im LaLeLu Bettenstudio in Halle und Sangerhausen k\u00f6nnen Kunden mit Hilfe eines Ergo deluxe Liege-Simulators herausfinden, wie ihre optimale Matratze konzipiert sein soll. Der Vorteil: ein erholsamer Schlaf ohne Fehlstellung.<\/p>\n<h3>Matratzenkauf &#8211; ein Risiko?<\/h3>\n<p>&#8222;Prinzipiell ja. Denn beim herk\u00f6mmlichen Matratzenkauf l\u00e4uft der Kunde Gefahr, sich nach einem kurzen Probeliegen f\u00fcr die falsche Matratze zu entscheiden und somit gesunden Schlaf zu verhindern&#8220;, so Micole Gr\u00e4fe von LaLeLu Betten.<\/p>\n<h3>Die L\u00f6sung: Individuell vermessene Matratzen<\/h3>\n<p><img class=\"lazyload\" src=\"data:image\/svg+xml,%3Csvg%20xmlns%3D%27http%3A%2F%2Fwww.w3.org%2F2000%2Fsvg%27%20width%3D%27659%27%20height%3D%27194%27%20viewBox%3D%270%200%20659%20194%27%3E%3Crect%20width%3D%27659%27%20height%3D%27194%27%20fill-opacity%3D%220%22%2F%3E%3C%2Fsvg%3E\" data-orig-src=\"https:\/\/www.bettenstudio-halle.de\/wp-content\/uploads\/ergonomische-matratze.jpg\" alt=\"ergonomische matratze\" width=\"659\" height=\"194\" \/><\/p>\n<p>Dr. med. A. Kainz D.O. ist der Urheber einer Methode, die dieses Problem l\u00f6st &#8211; in dem jeder Kunde durch ein Simulator gratis testen kann, welche Eigenschaften seine ideale Matratze aufweisen muss.<\/p>\n<h3>NEUHEIT bei LaLeLu Bettenstudio Halle und Sangerhausen &#8211; der Liege-Simulator<\/h3>\n<p>Mittels neuster Technologien wird der sogenannte &#8222;&#8220;Physiologische Matratzen-Test&#8220;<br \/>durchgef\u00fchrt, der wichtige K\u00f6rpermessdaten liefert. Auf deren Basis kann dann der optimale Schlafplatz gestaltet werden &#8211; mit einer Matratze, deren St\u00fctzstruktur speziell an den K\u00f6rper angepasst ist.<\/p>\n<h4>Anmeldung zum ergonomischen Matratzen-Test:<\/h4>\n<p>Der Proschlaf-Liegesimulator steht Konsumenten zur Zeit in den LaLeLu-Liegenzentren Halle und Sangerhausen kostenfrei zur Verf\u00fcgung.<\/p>\n<p>Um telefonische Anmeldung wird gebeten.<\/p>\n<h4>LaLeLu-Halle am HEP<\/h4>\n<p>gegen\u00fcber der Globustankstelle<br \/>Leipziger Chaussee 147<br \/>Telefon: 0345-44 58 31 95<\/p>\n<h4>LaLeLu-Sangerhausen<\/h4>\n<p>An der Stollenm\u00fchle 21<br \/>Telefon: 03464-61 57 51<\/p>\n<h4>Liegesimulator Video<\/h4>\n<div style=\"width: 960px;\" class=\"wp-video\"><!--[if lt IE 9]><script>document.createElement('video');<\/script><![endif]-->\n<video class=\"wp-video-shortcode\" id=\"video-5591-1\" width=\"960\" height=\"540\" preload=\"metadata\" controls=\"controls\"><source type=\"video\/mp4\" src=\"https:\/\/www.bettenstudio-halle.de\/wp-content\/uploads\/ErgoDeluxe_FullHD1080-web.mp4?_=1\" \/><a href=\"https:\/\/www.bettenstudio-halle.de\/wp-content\/uploads\/ErgoDeluxe_FullHD1080-web.mp4\">https:\/\/www.bettenstudio-halle.de\/wp-content\/uploads\/ErgoDeluxe_FullHD1080-web.mp4<\/a><\/video><\/div>\n","protected":false},"excerpt":{"rendered":"<p>Ergodeluxe Wie finde ich meine optimale Matratze? Vitario findet f\u00fcr jeden Kunden die optimale Matratze Im LaLeLu Bettenstudio in Halle und Sangerhausen k\u00f6nnen Kunden mit Hilfe eines Ergo deluxe Liege-Simulators herausfinden, wie ihre optimale Matratze konzipiert sein soll. Der Vorteil: ein erholsamer Schlaf ohne Fehlstellung. Matratzenkauf &#8211; ein Risiko? &#8222;Prinzipiell ja. Denn beim herk\u00f6mmlichen Matratzenkauf [&hellip;]<\/p>\n","protected":false},"author":2,"featured_media":0,"parent":0,"menu_order":1,"comment_status":"closed","ping_status":"closed","template":"","meta":{"_links_to":"","_links_to_target":""},"yoast_head":"<!-- This site is optimized with the Yoast SEO plugin v19.2 - https:\/\/yoast.com\/wordpress\/plugins\/seo\/ -->\n<title>Ergodeluxe - LaLeLu Bettenstudio GmbH - Halle<\/title>\n<meta name=\"robots\" content=\"index, follow, max-snippet:-1, max-image-preview:large, max-video-preview:-1\" \/>\n<link rel=\"canonical\" href=\"https:\/\/form-klar.de\/bs-halle\/ergo-deluxe\/\" \/>\n<meta property=\"og:locale\" content=\"de_DE\" \/>\n<meta property=\"og:type\" content=\"article\" \/>\n<meta property=\"og:title\" content=\"Ergodeluxe - LaLeLu Bettenstudio GmbH - Halle\" \/>\n<meta property=\"og:description\" content=\"Ergodeluxe Wie finde ich meine optimale Matratze? Vitario findet f\u00fcr jeden Kunden die optimale Matratze Im LaLeLu Bettenstudio in Halle und Sangerhausen k\u00f6nnen Kunden mit Hilfe eines Ergo deluxe Liege-Simulators herausfinden, wie ihre optimale Matratze konzipiert sein soll. Der Vorteil: ein erholsamer Schlaf ohne Fehlstellung. Matratzenkauf &#8211; ein Risiko? &#8222;Prinzipiell ja. Denn beim herk\u00f6mmlichen Matratzenkauf [&hellip;]\" \/>\n<meta property=\"og:url\" content=\"https:\/\/form-klar.de\/bs-halle\/ergo-deluxe\/\" \/>\n<meta property=\"og:site_name\" content=\"LaLeLu Bettenstudio GmbH - Halle\" \/>\n<meta property=\"article:publisher\" content=\"https:\/\/www.facebook.com\/lalelubettenstudio\/\" \/>\n<meta property=\"article:modified_time\" content=\"2019-01-25T21:11:39+00:00\" \/>\n<meta property=\"og:image\" content=\"https:\/\/www.bettenstudio-halle.de\/wp-content\/uploads\/ergodeluxe-simulator.jpg\" \/>\n<meta name=\"author\" content=\"inerowicz\" \/>\n<meta name=\"twitter:card\" content=\"summary_large_image\" \/>\n<meta name=\"twitter:label1\" content=\"Gesch\u00e4tzte Lesezeit\" \/>\n\t<meta name=\"twitter:data1\" content=\"1\u00a0Minute\" \/>\n<script type=\"application\/ld+json\" class=\"yoast-schema-graph\">{\"@context\":\"https:\/\/schema.org\",\"@graph\":[{\"@type\":\"WebSite\",\"@id\":\"https:\/\/form-klar.de\/bs-halle\/#website\",\"url\":\"https:\/\/form-klar.de\/bs-halle\/\",\"name\":\"LaLeLu Bettenstudio GmbH - Halle\",\"description\":\"Fachzentrum f\u00fcr k\u00f6rpergerechte Matratzenanpassung - Wasserbetten\",\"potentialAction\":[{\"@type\":\"SearchAction\",\"target\":{\"@type\":\"EntryPoint\",\"urlTemplate\":\"https:\/\/form-klar.de\/bs-halle\/?s={search_term_string}\"},\"query-input\":\"required name=search_term_string\"}],\"inLanguage\":\"de\"},{\"@type\":\"ImageObject\",\"inLanguage\":\"de\",\"@id\":\"https:\/\/form-klar.de\/bs-halle\/ergo-deluxe\/#primaryimage\",\"url\":\"https:\/\/form-klar.de\/bs-halle\/wp-content\/uploads\/ergodeluxe-simulator.jpg\",\"contentUrl\":\"https:\/\/form-klar.de\/bs-halle\/wp-content\/uploads\/ergodeluxe-simulator.jpg\",\"width\":659,\"height\":194},{\"@type\":\"WebPage\",\"@id\":\"https:\/\/form-klar.de\/bs-halle\/ergo-deluxe\/#webpage\",\"url\":\"https:\/\/form-klar.de\/bs-halle\/ergo-deluxe\/\",\"name\":\"Ergodeluxe - LaLeLu Bettenstudio GmbH - Halle\",\"isPartOf\":{\"@id\":\"https:\/\/form-klar.de\/bs-halle\/#website\"},\"primaryImageOfPage\":{\"@id\":\"https:\/\/form-klar.de\/bs-halle\/ergo-deluxe\/#primaryimage\"},\"datePublished\":\"2014-11-27T08:50:10+00:00\",\"dateModified\":\"2019-01-25T21:11:39+00:00\",\"breadcrumb\":{\"@id\":\"https:\/\/form-klar.de\/bs-halle\/ergo-deluxe\/#breadcrumb\"},\"inLanguage\":\"de\",\"potentialAction\":[{\"@type\":\"ReadAction\",\"target\":[\"https:\/\/form-klar.de\/bs-halle\/ergo-deluxe\/\"]}]},{\"@type\":\"BreadcrumbList\",\"@id\":\"https:\/\/form-klar.de\/bs-halle\/ergo-deluxe\/#breadcrumb\",\"itemListElement\":[{\"@type\":\"ListItem\",\"position\":1,\"name\":\"Startseite\",\"item\":\"https:\/\/form-klar.de\/bs-halle\/\"},{\"@type\":\"ListItem\",\"position\":2,\"name\":\"Ergodeluxe\"}]}]}<\/script>\n<!-- \/ Yoast SEO plugin. -->","yoast_head_json":{"title":"Ergodeluxe - LaLeLu Bettenstudio GmbH - Halle","robots":{"index":"index","follow":"follow","max-snippet":"max-snippet:-1","max-image-preview":"max-image-preview:large","max-video-preview":"max-video-preview:-1"},"canonical":"https:\/\/form-klar.de\/bs-halle\/ergo-deluxe\/","og_locale":"de_DE","og_type":"article","og_title":"Ergodeluxe - LaLeLu Bettenstudio GmbH - Halle","og_description":"Ergodeluxe Wie finde ich meine optimale Matratze? Vitario findet f\u00fcr jeden Kunden die optimale Matratze Im LaLeLu Bettenstudio in Halle und Sangerhausen k\u00f6nnen Kunden mit Hilfe eines Ergo deluxe Liege-Simulators herausfinden, wie ihre optimale Matratze konzipiert sein soll. Der Vorteil: ein erholsamer Schlaf ohne Fehlstellung. Matratzenkauf &#8211; ein Risiko? &#8222;Prinzipiell ja. Denn beim herk\u00f6mmlichen Matratzenkauf [&hellip;]","og_url":"https:\/\/form-klar.de\/bs-halle\/ergo-deluxe\/","og_site_name":"LaLeLu Bettenstudio GmbH - Halle","article_publisher":"https:\/\/www.facebook.com\/lalelubettenstudio\/","article_modified_time":"2019-01-25T21:11:39+00:00","og_image":[{"url":"https:\/\/www.bettenstudio-halle.de\/wp-content\/uploads\/ergodeluxe-simulator.jpg"}],"author":"inerowicz","twitter_card":"summary_large_image","twitter_misc":{"Gesch\u00e4tzte Lesezeit":"1\u00a0Minute"},"schema":{"@context":"https:\/\/schema.org","@graph":[{"@type":"WebSite","@id":"https:\/\/form-klar.de\/bs-halle\/#website","url":"https:\/\/form-klar.de\/bs-halle\/","name":"LaLeLu Bettenstudio GmbH - Halle","description":"Fachzentrum f\u00fcr k\u00f6rpergerechte Matratzenanpassung - Wasserbetten","potentialAction":[{"@type":"SearchAction","target":{"@type":"EntryPoint","urlTemplate":"https:\/\/form-klar.de\/bs-halle\/?s={search_term_string}"},"query-input":"required name=search_term_string"}],"inLanguage":"de"},{"@type":"ImageObject","inLanguage":"de","@id":"https:\/\/form-klar.de\/bs-halle\/ergo-deluxe\/#primaryimage","url":"https:\/\/form-klar.de\/bs-halle\/wp-content\/uploads\/ergodeluxe-simulator.jpg","contentUrl":"https:\/\/form-klar.de\/bs-halle\/wp-content\/uploads\/ergodeluxe-simulator.jpg","width":659,"height":194},{"@type":"WebPage","@id":"https:\/\/form-klar.de\/bs-halle\/ergo-deluxe\/#webpage","url":"https:\/\/form-klar.de\/bs-halle\/ergo-deluxe\/","name":"Ergodeluxe - LaLeLu Bettenstudio GmbH - Halle","isPartOf":{"@id":"https:\/\/form-klar.de\/bs-halle\/#website"},"primaryImageOfPage":{"@id":"https:\/\/form-klar.de\/bs-halle\/ergo-deluxe\/#primaryimage"},"datePublished":"2014-11-27T08:50:10+00:00","dateModified":"2019-01-25T21:11:39+00:00","breadcrumb":{"@id":"https:\/\/form-klar.de\/bs-halle\/ergo-deluxe\/#breadcrumb"},"inLanguage":"de","potentialAction":[{"@type":"ReadAction","target":["https:\/\/form-klar.de\/bs-halle\/ergo-deluxe\/"]}]},{"@type":"BreadcrumbList","@id":"https:\/\/form-klar.de\/bs-halle\/ergo-deluxe\/#breadcrumb","itemListElement":[{"@type":"ListItem","position":1,"name":"Startseite","item":"https:\/\/form-klar.de\/bs-halle\/"},{"@type":"ListItem","position":2,"name":"Ergodeluxe"}]}]}},"_links":{"self":[{"href":"https:\/\/form-klar.de\/bs-halle\/wp-json\/wp\/v2\/pages\/5591"}],"collection":[{"href":"https:\/\/form-klar.de\/bs-halle\/wp-json\/wp\/v2\/pages"}],"about":[{"href":"https:\/\/form-klar.de\/bs-halle\/wp-json\/wp\/v2\/types\/page"}],"author":[{"embeddable":true,"href":"https:\/\/form-klar.de\/bs-halle\/wp-json\/wp\/v2\/users\/2"}],"replies":[{"embeddable":true,"href":"https:\/\/form-klar.de\/bs-halle\/wp-json\/wp\/v2\/comments?post=5591"}],"version-history":[{"count":14,"href":"https:\/\/form-klar.de\/bs-halle\/wp-json\/wp\/v2\/pages\/5591\/revisions"}],"predecessor-version":[{"id":5961,"href":"https:\/\/form-klar.de\/bs-halle\/wp-json\/wp\/v2\/pages\/5591\/revisions\/5961"}],"wp:attachment":[{"href":"https:\/\/form-klar.de\/bs-halle\/wp-json\/wp\/v2\/media?parent=5591"}],"curies":[{"name":"wp","href":"https:\/\/api.w.org\/{rel}","templated":true}]}}