{"id":5161,"date":"2014-07-01T10:13:21","date_gmt":"2014-07-01T08:13:21","guid":{"rendered":"https:\/\/www.bettenstudio-halle.de\/?page_id=5161"},"modified":"2022-07-05T19:17:55","modified_gmt":"2022-07-05T17:17:55","slug":"vitario-liegesimulator","status":"publish","type":"page","link":"https:\/\/form-klar.de\/bs-halle\/beratung\/vitario-liegesimulator\/","title":{"rendered":"Vitario Liegesimulator"},"content":{"rendered":"<h1>MIT DEM <strong>LIEGE-SIMULATOR<\/strong> ZUR RICHTIGEN SCHLAFAUSSTATTUNG<\/h1>\n<p>Nach dem A<strong>usf\u00fcllen eines Fragebogens<\/strong> in unserem LaLeLu-Fachzentrum kennen wir als \u00a0gepr\u00fcfte Schlaf- und Liegeberater alle wichtigen gesundheitlichen und schlafspezifischen Hintergr\u00fcnde Ihrerseits. Durch die <strong>liege-orthop\u00e4dische Austestung am Liege-Simulator<\/strong> f\u00fchrt Ihr Berater Sie in 3 Schritten zu Ihrer nachhaltig besseren Schlafausstattung.<\/p>\n<\/p>\n<p>\t\t\t\t\t\t\t\t\t\t<img class=\"lazyload\" width=\"730\" height=\"279\" src=\"https:\/\/form-klar.de\/bs-halle\/wp-content\/uploads\/Schritt-1-1024x391.png\" data-orig-src=\"https:\/\/form-klar.de\/bs-halle\/wp-content\/uploads\/Schritt-1-1024x391.png\" alt=\"\" srcset=\"data:image\/svg+xml,%3Csvg%20xmlns%3D%27http%3A%2F%2Fwww.w3.org%2F2000%2Fsvg%27%20width%3D%27730%27%20height%3D%27279%27%20viewBox%3D%270%200%20730%20279%27%3E%3Crect%20width%3D%27730%27%20height%3D%27279%27%20fill-opacity%3D%220%22%2F%3E%3C%2Fsvg%3E\" data-srcset=\"https:\/\/www.bettenstudio-halle.de\/wp-content\/uploads\/Schritt-1-1024x391.png 1024w, https:\/\/www.bettenstudio-halle.de\/wp-content\/uploads\/Schritt-1-300x115.png 300w, https:\/\/www.bettenstudio-halle.de\/wp-content\/uploads\/Schritt-1-768x294.png 768w\" data-sizes=\"auto\" data-orig-sizes=\"(max-width: 730px) 100vw, 730px\" \/><br \/>\n\t\t\t\t\t\t\t\t\t\t<img class=\"lazyload\" width=\"730\" height=\"302\" src=\"https:\/\/form-klar.de\/bs-halle\/wp-content\/uploads\/Schritt-2-1024x424.png\" data-orig-src=\"https:\/\/form-klar.de\/bs-halle\/wp-content\/uploads\/Schritt-2-1024x424.png\" alt=\"\" srcset=\"data:image\/svg+xml,%3Csvg%20xmlns%3D%27http%3A%2F%2Fwww.w3.org%2F2000%2Fsvg%27%20width%3D%27730%27%20height%3D%27302%27%20viewBox%3D%270%200%20730%20302%27%3E%3Crect%20width%3D%27730%27%20height%3D%27302%27%20fill-opacity%3D%220%22%2F%3E%3C%2Fsvg%3E\" data-srcset=\"https:\/\/www.bettenstudio-halle.de\/wp-content\/uploads\/Schritt-2-1024x424.png 1024w, https:\/\/www.bettenstudio-halle.de\/wp-content\/uploads\/Schritt-2-300x124.png 300w, https:\/\/www.bettenstudio-halle.de\/wp-content\/uploads\/Schritt-2-768x318.png 768w\" data-sizes=\"auto\" data-orig-sizes=\"(max-width: 730px) 100vw, 730px\" \/><br \/>\n\t\t\t\t\t\t\t\t\t\t<img class=\"lazyload\" width=\"730\" height=\"304\" src=\"https:\/\/form-klar.de\/bs-halle\/wp-content\/uploads\/Schritt-3-1024x427.png\" data-orig-src=\"https:\/\/form-klar.de\/bs-halle\/wp-content\/uploads\/Schritt-3-1024x427.png\" alt=\"\" srcset=\"data:image\/svg+xml,%3Csvg%20xmlns%3D%27http%3A%2F%2Fwww.w3.org%2F2000%2Fsvg%27%20width%3D%27730%27%20height%3D%27304%27%20viewBox%3D%270%200%20730%20304%27%3E%3Crect%20width%3D%27730%27%20height%3D%27304%27%20fill-opacity%3D%220%22%2F%3E%3C%2Fsvg%3E\" data-srcset=\"https:\/\/www.bettenstudio-halle.de\/wp-content\/uploads\/Schritt-3-1024x427.png 1024w, https:\/\/www.bettenstudio-halle.de\/wp-content\/uploads\/Schritt-3-300x125.png 300w, https:\/\/www.bettenstudio-halle.de\/wp-content\/uploads\/Schritt-3-768x320.png 768w\" data-sizes=\"auto\" data-orig-sizes=\"(max-width: 730px) 100vw, 730px\" \/>\t\t\t\t\t\t\t\t\t\t\t<\/p>\n<h1><strong>Guter und erholsamer Schlaf<\/strong> ist kein Zufall<\/h1>\n<p>Vereinbaren Sie noch heute mit einem unserer Fachberater einen kostenfreien, pers\u00f6nlichen Beratungstermin.<\/p>\n<\/p>\n<p>\t\t\t<a href=\"https:\/\/www.bettenstudio-halle.de\/kontakt\/\" target=\"_blank\" role=\"button\" rel=\"noopener\"><br \/>\n\t\t\t\t\t\tjetzt Termin vereinbaren<br \/>\n\t\t\t\t\t<\/a><br \/>\n\t\t\t\t\t\t\t<a href=\"https:\/\/www.facebook.com\/lalelubettenstudio\/\" target=\"_blank\" rel=\"noopener\"><br \/>\n\t\t\t\t\tFacebook<br \/>\n\t\t\t\t<\/a><br \/>\n\t\t\t\t\t\t\t<a href=\"https:\/\/www.instagram.com\/lalelu_betten\/\" target=\"_blank\" rel=\"noopener\"><br \/>\n\t\t\t\t\tInstagram<br \/>\n\t\t\t\t<\/a><br \/>\n\t\t\t\t\t\t\t<a href=\"https:\/\/wa.me\/4934544583195\" target=\"_blank\" rel=\"noopener\"><br \/>\n\t\t\t\t\tWhatsapp<br \/>\n\t\t\t\t<\/a><\/p>\n","protected":false},"excerpt":{"rendered":"<p>MIT DEM LIEGE-SIMULATOR ZUR RICHTIGEN SCHLAFAUSSTATTUNG Nach dem Ausf\u00fcllen eines Fragebogens in unserem LaLeLu-Fachzentrum kennen wir als \u00a0gepr\u00fcfte Schlaf- und Liegeberater alle wichtigen gesundheitlichen und schlafspezifischen Hintergr\u00fcnde Ihrerseits. Durch die liege-orthop\u00e4dische Austestung am Liege-Simulator f\u00fchrt Ihr Berater Sie in 3 Schritten zu Ihrer nachhaltig besseren Schlafausstattung. Guter und erholsamer Schlaf ist kein Zufall Vereinbaren Sie [&hellip;]<\/p>\n","protected":false},"author":2,"featured_media":0,"parent":4996,"menu_order":1,"comment_status":"closed","ping_status":"closed","template":"","meta":{"_links_to":"","_links_to_target":""},"yoast_head":"<!-- This site is optimized with the Yoast SEO plugin v19.2 - https:\/\/yoast.com\/wordpress\/plugins\/seo\/ -->\n<title>Vitario Liegesimulator - LaLeLu Bettenstudio GmbH - Halle<\/title>\n<meta name=\"robots\" content=\"index, follow, max-snippet:-1, max-image-preview:large, max-video-preview:-1\" \/>\n<link rel=\"canonical\" href=\"https:\/\/form-klar.de\/bs-halle\/beratung\/vitario-liegesimulator\/\" \/>\n<meta property=\"og:locale\" content=\"de_DE\" \/>\n<meta property=\"og:type\" content=\"article\" \/>\n<meta property=\"og:title\" content=\"Vitario Liegesimulator - LaLeLu Bettenstudio GmbH - Halle\" \/>\n<meta property=\"og:description\" content=\"MIT DEM LIEGE-SIMULATOR ZUR RICHTIGEN SCHLAFAUSSTATTUNG Nach dem Ausf\u00fcllen eines Fragebogens in unserem LaLeLu-Fachzentrum kennen wir als \u00a0gepr\u00fcfte Schlaf- und Liegeberater alle wichtigen gesundheitlichen und schlafspezifischen Hintergr\u00fcnde Ihrerseits. Durch die liege-orthop\u00e4dische Austestung am Liege-Simulator f\u00fchrt Ihr Berater Sie in 3 Schritten zu Ihrer nachhaltig besseren Schlafausstattung. Guter und erholsamer Schlaf ist kein Zufall Vereinbaren Sie [&hellip;]\" \/>\n<meta property=\"og:url\" content=\"https:\/\/form-klar.de\/bs-halle\/beratung\/vitario-liegesimulator\/\" \/>\n<meta property=\"og:site_name\" content=\"LaLeLu Bettenstudio GmbH - Halle\" \/>\n<meta property=\"article:publisher\" content=\"https:\/\/www.facebook.com\/lalelubettenstudio\/\" \/>\n<meta property=\"article:modified_time\" content=\"2022-07-05T17:17:55+00:00\" \/>\n<meta property=\"og:image\" content=\"https:\/\/form-klar.de\/bs-halle\/wp-content\/uploads\/Schritt-1-1024x391.png\" \/>\n<meta name=\"author\" content=\"inerowicz\" \/>\n<meta name=\"twitter:card\" content=\"summary_large_image\" \/>\n<script type=\"application\/ld+json\" class=\"yoast-schema-graph\">{\"@context\":\"https:\/\/schema.org\",\"@graph\":[{\"@type\":\"WebSite\",\"@id\":\"https:\/\/form-klar.de\/bs-halle\/#website\",\"url\":\"https:\/\/form-klar.de\/bs-halle\/\",\"name\":\"LaLeLu Bettenstudio GmbH - Halle\",\"description\":\"Fachzentrum f\u00fcr k\u00f6rpergerechte Matratzenanpassung - Wasserbetten\",\"potentialAction\":[{\"@type\":\"SearchAction\",\"target\":{\"@type\":\"EntryPoint\",\"urlTemplate\":\"https:\/\/form-klar.de\/bs-halle\/?s={search_term_string}\"},\"query-input\":\"required name=search_term_string\"}],\"inLanguage\":\"de\"},{\"@type\":\"ImageObject\",\"inLanguage\":\"de\",\"@id\":\"https:\/\/form-klar.de\/bs-halle\/beratung\/vitario-liegesimulator\/#primaryimage\",\"url\":\"https:\/\/form-klar.de\/bs-halle\/wp-content\/uploads\/Schritt-1.png\",\"contentUrl\":\"https:\/\/form-klar.de\/bs-halle\/wp-content\/uploads\/Schritt-1.png\",\"width\":2370,\"height\":906},{\"@type\":\"WebPage\",\"@id\":\"https:\/\/form-klar.de\/bs-halle\/beratung\/vitario-liegesimulator\/#webpage\",\"url\":\"https:\/\/form-klar.de\/bs-halle\/beratung\/vitario-liegesimulator\/\",\"name\":\"Vitario Liegesimulator - LaLeLu Bettenstudio GmbH - Halle\",\"isPartOf\":{\"@id\":\"https:\/\/form-klar.de\/bs-halle\/#website\"},\"primaryImageOfPage\":{\"@id\":\"https:\/\/form-klar.de\/bs-halle\/beratung\/vitario-liegesimulator\/#primaryimage\"},\"datePublished\":\"2014-07-01T08:13:21+00:00\",\"dateModified\":\"2022-07-05T17:17:55+00:00\",\"breadcrumb\":{\"@id\":\"https:\/\/form-klar.de\/bs-halle\/beratung\/vitario-liegesimulator\/#breadcrumb\"},\"inLanguage\":\"de\",\"potentialAction\":[{\"@type\":\"ReadAction\",\"target\":[\"https:\/\/form-klar.de\/bs-halle\/beratung\/vitario-liegesimulator\/\"]}]},{\"@type\":\"BreadcrumbList\",\"@id\":\"https:\/\/form-klar.de\/bs-halle\/beratung\/vitario-liegesimulator\/#breadcrumb\",\"itemListElement\":[{\"@type\":\"ListItem\",\"position\":1,\"name\":\"Startseite\",\"item\":\"https:\/\/form-klar.de\/bs-halle\/\"},{\"@type\":\"ListItem\",\"position\":2,\"name\":\"Beratung\",\"item\":\"https:\/\/form-klar.de\/bs-halle\/beratung\/\"},{\"@type\":\"ListItem\",\"position\":3,\"name\":\"Vitario Liegesimulator\"}]}]}<\/script>\n<!-- \/ Yoast SEO plugin. -->","yoast_head_json":{"title":"Vitario Liegesimulator - LaLeLu Bettenstudio GmbH - Halle","robots":{"index":"index","follow":"follow","max-snippet":"max-snippet:-1","max-image-preview":"max-image-preview:large","max-video-preview":"max-video-preview:-1"},"canonical":"https:\/\/form-klar.de\/bs-halle\/beratung\/vitario-liegesimulator\/","og_locale":"de_DE","og_type":"article","og_title":"Vitario Liegesimulator - LaLeLu Bettenstudio GmbH - Halle","og_description":"MIT DEM LIEGE-SIMULATOR ZUR RICHTIGEN SCHLAFAUSSTATTUNG Nach dem Ausf\u00fcllen eines Fragebogens in unserem LaLeLu-Fachzentrum kennen wir als \u00a0gepr\u00fcfte Schlaf- und Liegeberater alle wichtigen gesundheitlichen und schlafspezifischen Hintergr\u00fcnde Ihrerseits. Durch die liege-orthop\u00e4dische Austestung am Liege-Simulator f\u00fchrt Ihr Berater Sie in 3 Schritten zu Ihrer nachhaltig besseren Schlafausstattung. Guter und erholsamer Schlaf ist kein Zufall Vereinbaren Sie [&hellip;]","og_url":"https:\/\/form-klar.de\/bs-halle\/beratung\/vitario-liegesimulator\/","og_site_name":"LaLeLu Bettenstudio GmbH - Halle","article_publisher":"https:\/\/www.facebook.com\/lalelubettenstudio\/","article_modified_time":"2022-07-05T17:17:55+00:00","og_image":[{"url":"https:\/\/form-klar.de\/bs-halle\/wp-content\/uploads\/Schritt-1-1024x391.png"}],"author":"inerowicz","twitter_card":"summary_large_image","schema":{"@context":"https:\/\/schema.org","@graph":[{"@type":"WebSite","@id":"https:\/\/form-klar.de\/bs-halle\/#website","url":"https:\/\/form-klar.de\/bs-halle\/","name":"LaLeLu Bettenstudio GmbH - Halle","description":"Fachzentrum f\u00fcr k\u00f6rpergerechte Matratzenanpassung - Wasserbetten","potentialAction":[{"@type":"SearchAction","target":{"@type":"EntryPoint","urlTemplate":"https:\/\/form-klar.de\/bs-halle\/?s={search_term_string}"},"query-input":"required name=search_term_string"}],"inLanguage":"de"},{"@type":"ImageObject","inLanguage":"de","@id":"https:\/\/form-klar.de\/bs-halle\/beratung\/vitario-liegesimulator\/#primaryimage","url":"https:\/\/form-klar.de\/bs-halle\/wp-content\/uploads\/Schritt-1.png","contentUrl":"https:\/\/form-klar.de\/bs-halle\/wp-content\/uploads\/Schritt-1.png","width":2370,"height":906},{"@type":"WebPage","@id":"https:\/\/form-klar.de\/bs-halle\/beratung\/vitario-liegesimulator\/#webpage","url":"https:\/\/form-klar.de\/bs-halle\/beratung\/vitario-liegesimulator\/","name":"Vitario Liegesimulator - LaLeLu Bettenstudio GmbH - Halle","isPartOf":{"@id":"https:\/\/form-klar.de\/bs-halle\/#website"},"primaryImageOfPage":{"@id":"https:\/\/form-klar.de\/bs-halle\/beratung\/vitario-liegesimulator\/#primaryimage"},"datePublished":"2014-07-01T08:13:21+00:00","dateModified":"2022-07-05T17:17:55+00:00","breadcrumb":{"@id":"https:\/\/form-klar.de\/bs-halle\/beratung\/vitario-liegesimulator\/#breadcrumb"},"inLanguage":"de","potentialAction":[{"@type":"ReadAction","target":["https:\/\/form-klar.de\/bs-halle\/beratung\/vitario-liegesimulator\/"]}]},{"@type":"BreadcrumbList","@id":"https:\/\/form-klar.de\/bs-halle\/beratung\/vitario-liegesimulator\/#breadcrumb","itemListElement":[{"@type":"ListItem","position":1,"name":"Startseite","item":"https:\/\/form-klar.de\/bs-halle\/"},{"@type":"ListItem","position":2,"name":"Beratung","item":"https:\/\/form-klar.de\/bs-halle\/beratung\/"},{"@type":"ListItem","position":3,"name":"Vitario Liegesimulator"}]}]}},"_links":{"self":[{"href":"https:\/\/form-klar.de\/bs-halle\/wp-json\/wp\/v2\/pages\/5161"}],"collection":[{"href":"https:\/\/form-klar.de\/bs-halle\/wp-json\/wp\/v2\/pages"}],"about":[{"href":"https:\/\/form-klar.de\/bs-halle\/wp-json\/wp\/v2\/types\/page"}],"author":[{"embeddable":true,"href":"https:\/\/form-klar.de\/bs-halle\/wp-json\/wp\/v2\/users\/2"}],"replies":[{"embeddable":true,"href":"https:\/\/form-klar.de\/bs-halle\/wp-json\/wp\/v2\/comments?post=5161"}],"version-history":[{"count":46,"href":"https:\/\/form-klar.de\/bs-halle\/wp-json\/wp\/v2\/pages\/5161\/revisions"}],"predecessor-version":[{"id":7081,"href":"https:\/\/form-klar.de\/bs-halle\/wp-json\/wp\/v2\/pages\/5161\/revisions\/7081"}],"up":[{"embeddable":true,"href":"https:\/\/form-klar.de\/bs-halle\/wp-json\/wp\/v2\/pages\/4996"}],"wp:attachment":[{"href":"https:\/\/form-klar.de\/bs-halle\/wp-json\/wp\/v2\/media?parent=5161"}],"curies":[{"name":"wp","href":"https:\/\/api.w.org\/{rel}","templated":true}]}}