{"id":4989,"date":"2014-06-17T20:49:12","date_gmt":"2014-06-17T18:49:12","guid":{"rendered":"https:\/\/www.bettenstudio-halle.de\/?page_id=4989"},"modified":"2019-02-26T23:32:06","modified_gmt":"2019-02-26T21:32:06","slug":"produkte","status":"publish","type":"page","link":"https:\/\/form-klar.de\/bs-halle\/produkte\/","title":{"rendered":"Produkte"},"content":{"rendered":"<h1>Fast ein Drittel seines Lebens schl\u00e4ft der Mensch. Aus diesem Grund bekommt das Bett eine hohe Bedeutung.<\/h1>\n<h2>W\u00e4hlen Sie aus unserer Produkten oben im Men\u00fc aus.<\/h2>\n<p>&nbsp;<\/p>\n<p>&nbsp;<\/p>\n<p>&nbsp;<\/p>\n<p>&nbsp;<\/p>\n","protected":false},"excerpt":{"rendered":"<p>Fast ein Drittel seines Lebens schl\u00e4ft der Mensch. Aus diesem Grund bekommt das Bett eine hohe Bedeutung. W\u00e4hlen Sie aus unserer Produkten oben im Men\u00fc aus. &nbsp; &nbsp; &nbsp; &nbsp;<\/p>\n","protected":false},"author":1,"featured_media":0,"parent":0,"menu_order":0,"comment_status":"closed","ping_status":"closed","template":"","meta":{"_links_to":"","_links_to_target":""},"yoast_head":"<!-- This site is optimized with the Yoast SEO plugin v19.2 - https:\/\/yoast.com\/wordpress\/plugins\/seo\/ -->\n<title>Produkte - LaLeLu Bettenstudio GmbH - Halle<\/title>\n<meta name=\"robots\" content=\"index, follow, max-snippet:-1, max-image-preview:large, max-video-preview:-1\" \/>\n<link rel=\"canonical\" href=\"https:\/\/form-klar.de\/bs-halle\/produkte\/\" \/>\n<meta property=\"og:locale\" content=\"de_DE\" \/>\n<meta property=\"og:type\" content=\"article\" \/>\n<meta property=\"og:title\" content=\"Produkte - LaLeLu Bettenstudio GmbH - Halle\" \/>\n<meta property=\"og:description\" content=\"Fast ein Drittel seines Lebens schl\u00e4ft der Mensch. Aus diesem Grund bekommt das Bett eine hohe Bedeutung. W\u00e4hlen Sie aus unserer Produkten oben im Men\u00fc aus. &nbsp; &nbsp; &nbsp; &nbsp;\" \/>\n<meta property=\"og:url\" content=\"https:\/\/form-klar.de\/bs-halle\/produkte\/\" \/>\n<meta property=\"og:site_name\" content=\"LaLeLu Bettenstudio GmbH - Halle\" \/>\n<meta property=\"article:publisher\" content=\"https:\/\/www.facebook.com\/lalelubettenstudio\/\" \/>\n<meta property=\"article:modified_time\" content=\"2019-02-26T21:32:06+00:00\" \/>\n<meta name=\"author\" content=\"admin\" \/>\n<meta name=\"twitter:card\" content=\"summary_large_image\" \/>\n<script type=\"application\/ld+json\" class=\"yoast-schema-graph\">{\"@context\":\"https:\/\/schema.org\",\"@graph\":[{\"@type\":\"WebSite\",\"@id\":\"https:\/\/form-klar.de\/bs-halle\/#website\",\"url\":\"https:\/\/form-klar.de\/bs-halle\/\",\"name\":\"LaLeLu Bettenstudio GmbH - Halle\",\"description\":\"Fachzentrum f\u00fcr k\u00f6rpergerechte Matratzenanpassung - Wasserbetten\",\"potentialAction\":[{\"@type\":\"SearchAction\",\"target\":{\"@type\":\"EntryPoint\",\"urlTemplate\":\"https:\/\/form-klar.de\/bs-halle\/?s={search_term_string}\"},\"query-input\":\"required name=search_term_string\"}],\"inLanguage\":\"de\"},{\"@type\":\"WebPage\",\"@id\":\"https:\/\/form-klar.de\/bs-halle\/produkte\/#webpage\",\"url\":\"https:\/\/form-klar.de\/bs-halle\/produkte\/\",\"name\":\"Produkte - LaLeLu Bettenstudio GmbH - Halle\",\"isPartOf\":{\"@id\":\"https:\/\/form-klar.de\/bs-halle\/#website\"},\"datePublished\":\"2014-06-17T18:49:12+00:00\",\"dateModified\":\"2019-02-26T21:32:06+00:00\",\"breadcrumb\":{\"@id\":\"https:\/\/form-klar.de\/bs-halle\/produkte\/#breadcrumb\"},\"inLanguage\":\"de\",\"potentialAction\":[{\"@type\":\"ReadAction\",\"target\":[\"https:\/\/form-klar.de\/bs-halle\/produkte\/\"]}]},{\"@type\":\"BreadcrumbList\",\"@id\":\"https:\/\/form-klar.de\/bs-halle\/produkte\/#breadcrumb\",\"itemListElement\":[{\"@type\":\"ListItem\",\"position\":1,\"name\":\"Startseite\",\"item\":\"https:\/\/form-klar.de\/bs-halle\/\"},{\"@type\":\"ListItem\",\"position\":2,\"name\":\"Produkte\"}]}]}<\/script>\n<!-- \/ Yoast SEO plugin. -->","yoast_head_json":{"title":"Produkte - LaLeLu Bettenstudio GmbH - Halle","robots":{"index":"index","follow":"follow","max-snippet":"max-snippet:-1","max-image-preview":"max-image-preview:large","max-video-preview":"max-video-preview:-1"},"canonical":"https:\/\/form-klar.de\/bs-halle\/produkte\/","og_locale":"de_DE","og_type":"article","og_title":"Produkte - LaLeLu Bettenstudio GmbH - Halle","og_description":"Fast ein Drittel seines Lebens schl\u00e4ft der Mensch. Aus diesem Grund bekommt das Bett eine hohe Bedeutung. W\u00e4hlen Sie aus unserer Produkten oben im Men\u00fc aus. &nbsp; &nbsp; &nbsp; &nbsp;","og_url":"https:\/\/form-klar.de\/bs-halle\/produkte\/","og_site_name":"LaLeLu Bettenstudio GmbH - Halle","article_publisher":"https:\/\/www.facebook.com\/lalelubettenstudio\/","article_modified_time":"2019-02-26T21:32:06+00:00","author":"admin","twitter_card":"summary_large_image","schema":{"@context":"https:\/\/schema.org","@graph":[{"@type":"WebSite","@id":"https:\/\/form-klar.de\/bs-halle\/#website","url":"https:\/\/form-klar.de\/bs-halle\/","name":"LaLeLu Bettenstudio GmbH - Halle","description":"Fachzentrum f\u00fcr k\u00f6rpergerechte Matratzenanpassung - Wasserbetten","potentialAction":[{"@type":"SearchAction","target":{"@type":"EntryPoint","urlTemplate":"https:\/\/form-klar.de\/bs-halle\/?s={search_term_string}"},"query-input":"required name=search_term_string"}],"inLanguage":"de"},{"@type":"WebPage","@id":"https:\/\/form-klar.de\/bs-halle\/produkte\/#webpage","url":"https:\/\/form-klar.de\/bs-halle\/produkte\/","name":"Produkte - LaLeLu Bettenstudio GmbH - Halle","isPartOf":{"@id":"https:\/\/form-klar.de\/bs-halle\/#website"},"datePublished":"2014-06-17T18:49:12+00:00","dateModified":"2019-02-26T21:32:06+00:00","breadcrumb":{"@id":"https:\/\/form-klar.de\/bs-halle\/produkte\/#breadcrumb"},"inLanguage":"de","potentialAction":[{"@type":"ReadAction","target":["https:\/\/form-klar.de\/bs-halle\/produkte\/"]}]},{"@type":"BreadcrumbList","@id":"https:\/\/form-klar.de\/bs-halle\/produkte\/#breadcrumb","itemListElement":[{"@type":"ListItem","position":1,"name":"Startseite","item":"https:\/\/form-klar.de\/bs-halle\/"},{"@type":"ListItem","position":2,"name":"Produkte"}]}]}},"_links":{"self":[{"href":"https:\/\/form-klar.de\/bs-halle\/wp-json\/wp\/v2\/pages\/4989"}],"collection":[{"href":"https:\/\/form-klar.de\/bs-halle\/wp-json\/wp\/v2\/pages"}],"about":[{"href":"https:\/\/form-klar.de\/bs-halle\/wp-json\/wp\/v2\/types\/page"}],"author":[{"embeddable":true,"href":"https:\/\/form-klar.de\/bs-halle\/wp-json\/wp\/v2\/users\/1"}],"replies":[{"embeddable":true,"href":"https:\/\/form-klar.de\/bs-halle\/wp-json\/wp\/v2\/comments?post=4989"}],"version-history":[{"count":15,"href":"https:\/\/form-klar.de\/bs-halle\/wp-json\/wp\/v2\/pages\/4989\/revisions"}],"predecessor-version":[{"id":5990,"href":"https:\/\/form-klar.de\/bs-halle\/wp-json\/wp\/v2\/pages\/4989\/revisions\/5990"}],"wp:attachment":[{"href":"https:\/\/form-klar.de\/bs-halle\/wp-json\/wp\/v2\/media?parent=4989"}],"curies":[{"name":"wp","href":"https:\/\/api.w.org\/{rel}","templated":true}]}}