{"id":6865,"date":"2020-05-23T15:38:28","date_gmt":"2020-05-23T13:38:28","guid":{"rendered":"http:\/\/form-klar.de\/bettenstudio-halle\/?page_id=6865"},"modified":"2023-02-01T20:38:06","modified_gmt":"2023-02-01T18:38:06","slug":"boxspringbett-aufbau","status":"publish","type":"page","link":"https:\/\/form-klar.de\/bettenstudio-halle\/boxspringbett-aufbau\/","title":{"rendered":"Boxspringbett Aufbau"},"content":{"rendered":"<p><div class=\"fusion-fullwidth fullwidth-box fusion-builder-row-1 fusion-flex-container has-pattern-background has-mask-background nonhundred-percent-fullwidth non-hundred-percent-height-scrolling\" style=\"--awb-border-radius-top-left:0px;--awb-border-radius-top-right:0px;--awb-border-radius-bottom-right:0px;--awb-border-radius-bottom-left:0px;--awb-padding-top:0px;--awb-padding-bottom:0px;--awb-margin-bottom:0px;\" ><div class=\"fusion-builder-row fusion-row fusion-flex-align-items-flex-start\" style=\"max-width:1430px;margin-left: calc(-4% \/ 2 );margin-right: calc(-4% \/ 2 );\"><div class=\"fusion-layout-column fusion_builder_column fusion-builder-column-0 fusion_builder_column_1_1 1_1 fusion-flex-column\" style=\"--awb-bg-size:cover;--awb-width-large:100%;--awb-margin-top-large:0px;--awb-spacing-right-large:1.92%;--awb-margin-bottom-large:8%;--awb-spacing-left-large:1.92%;--awb-width-medium:100%;--awb-order-medium:0;--awb-spacing-right-medium:1.92%;--awb-spacing-left-medium:1.92%;--awb-width-small:100%;--awb-order-small:0;--awb-spacing-right-small:1.92%;--awb-spacing-left-small:1.92%;\"><div class=\"fusion-column-wrapper fusion-column-has-shadow fusion-flex-justify-content-flex-start fusion-content-layout-column\"><div class=\"fusion-text fusion-text-1\"><h1 class=\"fusion-responsive-typography-calculated\" data-fontsize=\"22\" data-lineheight=\"29.7px\">Woher kommt das Boxspringbett?<\/h1>\n<p>Boxspringbetten kommen urspr\u00fcnglich aus Amerika, daher auch der englische Name. Das Wort\u00a0<strong>BOX<\/strong> &#8211; bedeutet Kiste oder Kasten und <strong>SPRING<\/strong> &#8211; \u00a0die Feder.\u00a0Boxspringbett bedeutet also <strong>KASTEN MIT FEDERN<\/strong>. Somit ist der Aufbau eines Boxspringbettes ein gut gefederter Bettkasten, der reichlich Komfort bietet.\u00a0Boxspringbetten werden auch <strong>Amerikanisches Bett<\/strong>\u00a0oder <strong>Hotelbett<\/strong>\u00a0genannt. Der Begriff <strong>Hotelbett<\/strong>\u00a0wird in einigen Regionen auch verwendet und bezieht sich darauf, dass Hotels meist gro\u00dfe und luxuri\u00f6se Boxspringbetten\u00a0anbieten.<\/p>\n<h2 class=\"fusion-responsive-typography-calculated\" data-fontsize=\"22\" data-lineheight=\"29.7px\">Wie ist ein Boxspringbett aufgebaut und aus\u00a0welchen Einzelteilen besteht es?<\/h2>\n<p>Boxspringbett Aufbau &#8211; Hier muss zwischen dem <strong>amerikanischen<\/strong> und dem<strong> skandinavischen Boxspringbett<\/strong> unterschieden werden.<\/p>\n<\/div><div class=\"fusion-separator fusion-full-width-sep\" style=\"align-self: center;margin-left: auto;margin-right: auto;margin-top:10px;margin-bottom:30px;width:100%;\"><div class=\"fusion-separator-border sep-single sep-solid\" style=\"--awb-height:20px;--awb-amount:20px;border-color:var(--awb-color3);border-top-width:1px;\"><\/div><\/div><\/div><\/div><\/div><\/div><div class=\"fusion-fullwidth fullwidth-box fusion-builder-row-2 fusion-flex-container has-pattern-background has-mask-background nonhundred-percent-fullwidth non-hundred-percent-height-scrolling\" style=\"--awb-border-radius-top-left:0px;--awb-border-radius-top-right:0px;--awb-border-radius-bottom-right:0px;--awb-border-radius-bottom-left:0px;--awb-padding-top:0px;--awb-padding-bottom:30px;--awb-margin-bottom:0px;\" ><div class=\"fusion-builder-row fusion-row fusion-flex-align-items-flex-start\" style=\"max-width:1430px;margin-left: calc(-4% \/ 2 );margin-right: calc(-4% \/ 2 );\"><div class=\"fusion-layout-column fusion_builder_column fusion-builder-column-1 fusion_builder_column_1_2 1_2 fusion-flex-column\" style=\"--awb-bg-size:cover;--awb-width-large:50%;--awb-margin-top-large:0px;--awb-spacing-right-large:3.84%;--awb-margin-bottom-large:8%;--awb-spacing-left-large:3.84%;--awb-width-medium:100%;--awb-order-medium:0;--awb-spacing-right-medium:1.92%;--awb-spacing-left-medium:1.92%;--awb-width-small:100%;--awb-order-small:0;--awb-spacing-right-small:1.92%;--awb-spacing-left-small:1.92%;\"><div class=\"fusion-column-wrapper fusion-column-has-shadow fusion-flex-justify-content-flex-start fusion-content-layout-column\"><div class=\"fusion-image-element awb-imageframe-style awb-imageframe-style-below awb-imageframe-style-1\" style=\"--awb-caption-title-size:var(--body_typography-font-size);--awb-caption-title-transform:var(--body_typography-text-transform);--awb-caption-title-line-height:var(--body_typography-line-height);--awb-caption-title-letter-spacing:var(--body_typography-letter-spacing);\"><span class=\" fusion-imageframe imageframe-none imageframe-1 hover-type-none\"><img decoding=\"async\" width=\"600\" height=\"400\" alt=\"Aufbau Boxspringbett ohne Topper\" title=\"Boxspringbett Panel\" src=\"data:image\/svg+xml,%3Csvg%20xmlns%3D%27http%3A%2F%2Fwww.w3.org%2F2000%2Fsvg%27%20width%3D%271200%27%20height%3D%27900%27%20viewBox%3D%270%200%201200%20900%27%3E%3Crect%20width%3D%271200%27%20height%3D%27900%27%20fill-opacity%3D%220%22%2F%3E%3C%2Fsvg%3E\" data-orig-src=\"http:\/\/form-klar.de\/bettenstudio-halle\/wp-content\/uploads\/Kopfteil-PANEL-600x400-1.jpg\" class=\"lazyload img-responsive wp-image-6889\"\/><\/span><div class=\"awb-imageframe-caption-container\"><div class=\"awb-imageframe-caption\"><div class=\"awb-imageframe-caption-title\">Boxspringbett Aufbau ohne Topper<\/div><\/div><\/div><\/div><div class=\"fusion-text fusion-text-2\"><p>Das amerikanischen Modell besitzt meist nur <strong>2 Schichten.<\/strong><\/p>\n<p><i>Boxspringbett Aufbau: Unterbox &#8211; Matratze<\/i><\/p>\n<\/div><\/div><\/div><div class=\"fusion-layout-column fusion_builder_column fusion-builder-column-2 fusion_builder_column_1_2 1_2 fusion-flex-column\" style=\"--awb-bg-size:cover;--awb-width-large:50%;--awb-margin-top-large:0px;--awb-spacing-right-large:3.84%;--awb-margin-bottom-large:8%;--awb-spacing-left-large:3.84%;--awb-width-medium:100%;--awb-order-medium:0;--awb-spacing-right-medium:1.92%;--awb-spacing-left-medium:1.92%;--awb-width-small:100%;--awb-order-small:0;--awb-spacing-right-small:1.92%;--awb-spacing-left-small:1.92%;\"><div class=\"fusion-column-wrapper fusion-column-has-shadow fusion-flex-justify-content-flex-start fusion-content-layout-column\"><div class=\"fusion-image-element awb-imageframe-style awb-imageframe-style-below awb-imageframe-style-2\" style=\"--awb-caption-title-size:var(--body_typography-font-size);--awb-caption-title-transform:var(--body_typography-text-transform);--awb-caption-title-line-height:var(--body_typography-line-height);--awb-caption-title-letter-spacing:var(--body_typography-letter-spacing);\"><span class=\" fusion-imageframe imageframe-none imageframe-2 hover-type-none\"><img decoding=\"async\" width=\"600\" height=\"400\" title=\"Magnum\" src=\"data:image\/svg+xml,%3Csvg%20xmlns%3D%27http%3A%2F%2Fwww.w3.org%2F2000%2Fsvg%27%20width%3D%271920%27%20height%3D%271086%27%20viewBox%3D%270%200%201920%201086%27%3E%3Crect%20width%3D%271920%27%20height%3D%271086%27%20fill-opacity%3D%220%22%2F%3E%3C%2Fsvg%3E\" data-orig-src=\"http:\/\/form-klar.de\/bettenstudio-halle\/wp-content\/uploads\/Magnum-600x400-1.jpg\" alt class=\"lazyload img-responsive wp-image-6664\"\/><\/span><div class=\"awb-imageframe-caption-container\"><div class=\"awb-imageframe-caption\"><div class=\"awb-imageframe-caption-title\">Boxspringbett Aufbau mit Topper<\/div><\/div><\/div><\/div><div class=\"fusion-text fusion-text-3\"><p>Das skandinavische Modell besitzt dabei <strong>3 Schichten.<\/strong><\/p>\n<p>Boxspringbett Aufbau:<em> Unterbox &#8211; Matratze &#8211; Topper<\/em><\/p>\n<\/div><\/div><\/div><\/div><\/div><div class=\"fusion-fullwidth fullwidth-box fusion-builder-row-3 fusion-flex-container nonhundred-percent-fullwidth non-hundred-percent-height-scrolling\" style=\"--awb-border-radius-top-left:0px;--awb-border-radius-top-right:0px;--awb-border-radius-bottom-right:0px;--awb-border-radius-bottom-left:0px;--awb-padding-top:0px;--awb-padding-bottom:0px;--awb-margin-bottom:0px;\" ><div class=\"fusion-builder-row fusion-row fusion-flex-align-items-flex-start\" style=\"max-width:1430px;margin-left: calc(-4% \/ 2 );margin-right: calc(-4% \/ 2 );\"><div class=\"fusion-layout-column fusion_builder_column fusion-builder-column-3 fusion_builder_column_1_1 1_1 fusion-flex-column\" style=\"--awb-bg-blend:overlay;--awb-bg-size:cover;--awb-width-large:100%;--awb-margin-top-large:0px;--awb-spacing-right-large:1.92%;--awb-margin-bottom-large:0px;--awb-spacing-left-large:1.92%;--awb-width-medium:100%;--awb-spacing-right-medium:1.92%;--awb-spacing-left-medium:1.92%;--awb-width-small:100%;--awb-spacing-right-small:1.92%;--awb-spacing-left-small:1.92%;\"><div class=\"fusion-column-wrapper fusion-flex-justify-content-flex-start fusion-content-layout-column\"><div class=\"fusion-separator fusion-full-width-sep\" style=\"align-self: center;margin-left: auto;margin-right: auto;margin-top:30px;margin-bottom:30px;width:100%;\"><div class=\"fusion-separator-border sep-single sep-solid\" style=\"--awb-height:20px;--awb-amount:20px;border-color:var(--awb-color3);border-top-width:1px;\"><\/div><\/div><\/div><\/div><\/div><\/div><div class=\"fusion-fullwidth fullwidth-box fusion-builder-row-4 fusion-flex-container nonhundred-percent-fullwidth non-hundred-percent-height-scrolling\" style=\"--awb-border-radius-top-left:0px;--awb-border-radius-top-right:0px;--awb-border-radius-bottom-right:0px;--awb-border-radius-bottom-left:0px;--awb-padding-top:0px;--awb-padding-bottom:0px;--awb-margin-bottom:0px;\" ><div class=\"fusion-builder-row fusion-row fusion-flex-align-items-flex-start\" style=\"max-width:1430px;margin-left: calc(-4% \/ 2 );margin-right: calc(-4% \/ 2 );\"><div class=\"fusion-layout-column fusion_builder_column fusion-builder-column-4 fusion_builder_column_1_1 1_1 fusion-flex-column\" style=\"--awb-bg-blend:overlay;--awb-bg-size:cover;--awb-width-large:100%;--awb-margin-top-large:0px;--awb-spacing-right-large:1.92%;--awb-margin-bottom-large:0px;--awb-spacing-left-large:1.92%;--awb-width-medium:100%;--awb-spacing-right-medium:1.92%;--awb-spacing-left-medium:1.92%;--awb-width-small:100%;--awb-spacing-right-small:1.92%;--awb-spacing-left-small:1.92%;\"><div class=\"fusion-column-wrapper fusion-flex-justify-content-flex-start fusion-content-layout-column\"><div class=\"fusion-text fusion-text-4\"><h5 class=\"fusion-responsive-typography-calculated\" style=\"--fontsize: 22; line-height: 1.35; --minfontsize: 22;\" data-fontsize=\"22\" data-lineheight=\"29.7px\">Unterbox<\/h5>\n<p>Die Unterbox ist mit einem Federkern ausgestattet, der entweder aus Taschenfedern oder aus Bonellfedern besteht, dies h\u00e4ngt dabei vom jeweiligen Hersteller ab. Der Federkern wird in einen Unterbau aus Massivholz eingefasst. Der Holzrahmen steht meist auf F\u00fc\u00dfen, hier wird durch die Freifl\u00e4che zum Boden eine optimale Luftzirkulation gew\u00e4hrleistet.<\/p>\n<h5 class=\"fusion-responsive-typography-calculated\" style=\"--fontsize: 22; line-height: 1.35; --minfontsize: 22;\" data-fontsize=\"22\" data-lineheight=\"29.7px\">Matratze<\/h5>\n<p>Bei einem klassischen <a href=\"https:\/\/form-klar.de\/bettenstudio-halle\/produkte\/boxspringbetten\/\">Boxspringbett<\/a> liegt auf der Box die Matratze, die in den meisten F\u00e4llen eine Tonnentaschen-Federkern-Matratze ist. Diese Matratze soll punktelastisch und nicht fl\u00e4chenelastisch unterst\u00fctzen und somit den K\u00f6rper punktgenau abfedern. Eine Einteilung in mehrere Zonen hat den Vorteil, dass jede K\u00f6rperpartien, wie Beine und Taillie individuell unterst\u00fctzt werden und die Schulter, sowie H\u00fcfte st\u00e4rker einsinken k\u00f6nnen und somit entlastet werden.<\/p>\n<h5 class=\"fusion-responsive-typography-calculated\" style=\"--fontsize: 22; line-height: 1.35; --minfontsize: 22;\" data-fontsize=\"22\" data-lineheight=\"29.7px\">Topper<\/h5>\n<p>Die skandinavische Variante des Boxspringbettes erweitert den amerikanischen Stil um einen oben aufliegenden Topper. Dieser sorgt f\u00fcr den pers\u00f6nlichen Liegekomfort. Wer gern etwas fester liegen m\u00f6chte oder eher flauschig weich, sollte den Topper nach seinem individuellen Liegebed\u00fcrfnis w\u00e4hlen.<\/p>\n<p>Wir passen Ihr Boxspringbett an Ihre Liegebed\u00fcrfnisse durch eine <a href=\"https:\/\/form-klar.de\/bettenstudio-halle\/matratze-nach-mass\/\">Computervemessung<\/a> an. Gern beraten wir Sie in einem pers\u00f6nlichen Gespr\u00e4ch und stellen Ihr eigenes auf Ihren K\u00f6rper zugeschnittenes Boxspringbett zusammen.<\/p>\n<p><a href=\"tel:034544583195\">Rufen<\/a> Sie uns an und vereinbaren Sie ein Termin mit einem gepr\u00fcften Schlafberater.<\/p>\n<\/div><\/div><\/div><\/div><\/div><div class=\"fusion-fullwidth fullwidth-box fusion-builder-row-5 fusion-flex-container nonhundred-percent-fullwidth non-hundred-percent-height-scrolling\" style=\"--awb-border-radius-top-left:0px;--awb-border-radius-top-right:0px;--awb-border-radius-bottom-right:0px;--awb-border-radius-bottom-left:0px;--awb-padding-top:0px;--awb-padding-bottom:0px;--awb-margin-bottom:0px;\" ><div class=\"fusion-builder-row fusion-row fusion-flex-align-items-flex-start\" style=\"max-width:1430px;margin-left: calc(-4% \/ 2 );margin-right: calc(-4% \/ 2 );\"><div class=\"fusion-layout-column fusion_builder_column fusion-builder-column-5 fusion_builder_column_1_1 1_1 fusion-flex-column\" style=\"--awb-bg-blend:overlay;--awb-bg-size:cover;--awb-width-large:100%;--awb-margin-top-large:0px;--awb-spacing-right-large:1.92%;--awb-margin-bottom-large:0px;--awb-spacing-left-large:1.92%;--awb-width-medium:100%;--awb-spacing-right-medium:1.92%;--awb-spacing-left-medium:1.92%;--awb-width-small:100%;--awb-spacing-right-small:1.92%;--awb-spacing-left-small:1.92%;\"><div class=\"fusion-column-wrapper fusion-flex-justify-content-flex-start fusion-content-layout-column\"><div class=\"fusion-separator fusion-full-width-sep\" style=\"align-self: center;margin-left: auto;margin-right: auto;margin-top:30px;margin-bottom:30px;width:100%;\"><div class=\"fusion-separator-border sep-single sep-solid\" style=\"--awb-height:20px;--awb-amount:20px;border-color:var(--awb-color3);border-top-width:1px;\"><\/div><\/div><\/div><\/div><\/div><\/div><div class=\"fusion-fullwidth fullwidth-box fusion-builder-row-6 fusion-flex-container nonhundred-percent-fullwidth non-hundred-percent-height-scrolling\" style=\"--awb-border-radius-top-left:0px;--awb-border-radius-top-right:0px;--awb-border-radius-bottom-right:0px;--awb-border-radius-bottom-left:0px;--awb-padding-top:0px;\" ><div class=\"fusion-builder-row fusion-row fusion-flex-align-items-flex-start\" style=\"max-width:1430px;margin-left: calc(-4% \/ 2 );margin-right: calc(-4% \/ 2 );\"><div class=\"fusion-layout-column fusion_builder_column fusion-builder-column-6 fusion_builder_column_1_1 1_1 fusion-flex-column\" style=\"--awb-bg-blend:overlay;--awb-bg-size:cover;--awb-width-large:100%;--awb-margin-top-large:0px;--awb-spacing-right-large:1.92%;--awb-margin-bottom-large:0px;--awb-spacing-left-large:1.92%;--awb-width-medium:100%;--awb-spacing-right-medium:1.92%;--awb-spacing-left-medium:1.92%;--awb-width-small:100%;--awb-spacing-right-small:1.92%;--awb-spacing-left-small:1.92%;\"><div class=\"fusion-column-wrapper fusion-flex-justify-content-flex-start fusion-content-layout-column\"><div class=\"fusion-text fusion-text-5\"><p><a href=\"https:\/\/youtu.be\/UPhLzAYYatI\"><strong>Galileo<\/strong><\/a> berichtet in einem interessanten Beitrag \u00fcber den neuen Trend und den Aufbau der Boxspringbetten.<\/p>\n<div class=\"BorlabsCookie _brlbs-cb-youtube\">\n<div class=\"_brlbs-content-blocker\">\n<div class=\"_brlbs-embed _brlbs-video-youtube\"> <img decoding=\"async\" class=\"lazyload _brlbs-thumbnail\" src=\"data:image\/gif;base64,R0lGODlhAQABAAAAACH5BAEKAAEALAAAAAABAAEAAAICTAEAOw==\" data-orig-src=\"https:\/\/form-klar.de\/bettenstudio-halle\/wp-content\/plugins\/borlabs-cookie\/assets\/images\/cb-no-thumbnail.png\" alt=\"YouTube\"> <\/p>\n<div class=\"_brlbs-caption\">\n<p>Mit dem Laden des Videos akzeptieren Sie die Datenschutzerkl\u00e4rung von YouTube.<br \/><a href=\"https:\/\/policies.google.com\/privacy\" target=\"_blank\" rel=\"nofollow noopener noreferrer\">Mehr erfahren<\/a><\/p>\n<p><a class=\"_brlbs-btn _brlbs-icon-play-white\" href=\"#\" data-borlabs-cookie-unblock role=\"button\">Video laden<\/a><\/p>\n<p><label><input type=\"checkbox\" name=\"unblockAll\" value=\"1\" checked> <small>YouTube immer entsperren<\/small><\/label><\/p>\n<\/p>\n<\/div>\n<\/div>\n<\/div>\n<div class=\"borlabs-hide\" data-borlabs-cookie-type=\"content-blocker\" data-borlabs-cookie-id=\"youtube\"><script type=\"text\/template\">PGRpdiBjbGFzcz0idmlkZW8tc2hvcnRjb2RlIj48aWZyYW1lIHRpdGxlPSJUcmVuZCBpbiBkZXV0c2NoZW4gU2NobGFmemltbWVybjogQm94c3ByaW5nYmV0dGVuIHwgR2FsaWxlbyBMdW5jaCBCcmVhayIgd2lkdGg9IjEzNzUiIGhlaWdodD0iNzczIiBzcmM9Imh0dHBzOi8vd3d3LnlvdXR1YmUtbm9jb29raWUuY29tL2VtYmVkL1VQaEx6QVlZYXRJP2ZlYXR1cmU9b2VtYmVkIiBmcmFtZWJvcmRlcj0iMCIgYWxsb3c9ImFjY2VsZXJvbWV0ZXI7IGF1dG9wbGF5OyBjbGlwYm9hcmQtd3JpdGU7IGVuY3J5cHRlZC1tZWRpYTsgZ3lyb3Njb3BlOyBwaWN0dXJlLWluLXBpY3R1cmU7IHdlYi1zaGFyZSIgYWxsb3dmdWxsc2NyZWVuPjwvaWZyYW1lPjwvZGl2Pg==<\/script><\/div>\n<\/div>\n<\/div><\/div><\/div><\/div><\/div><\/p>\n","protected":false},"excerpt":{"rendered":"","protected":false},"author":4,"featured_media":0,"parent":0,"menu_order":0,"comment_status":"closed","ping_status":"closed","template":"100-width.php","meta":{"_links_to":"","_links_to_target":""},"yoast_head":"<!-- This site is optimized with the Yoast SEO plugin v19.14 - https:\/\/yoast.com\/wordpress\/plugins\/seo\/ -->\n<title>Boxspringbett Aufbau - Box Matratze Topper - LaLeLu Bettenstudio Halle<\/title>\n<meta name=\"description\" content=\"Boxspringbett Aufbau - Woher kommt das Boxspringbett? Wie ist ein Boxspringbett aufgebaut? Aus welchen Einzelteilen besteht ein Boxspringbett?\" \/>\n<meta name=\"robots\" content=\"index, follow, max-snippet:-1, max-image-preview:large, max-video-preview:-1\" \/>\n<link rel=\"canonical\" href=\"https:\/\/form-klar.de\/bettenstudio-halle\/boxspringbett-aufbau\/\" \/>\n<meta property=\"og:locale\" content=\"de_DE\" \/>\n<meta property=\"og:type\" content=\"article\" \/>\n<meta property=\"og:title\" content=\"Boxspringbett Aufbau - Box Matratze Topper - LaLeLu Bettenstudio Halle\" \/>\n<meta property=\"og:description\" content=\"Boxspringbett Aufbau - Woher kommt das Boxspringbett? Wie ist ein Boxspringbett aufgebaut? Aus welchen Einzelteilen besteht ein Boxspringbett?\" \/>\n<meta property=\"og:url\" content=\"https:\/\/form-klar.de\/bettenstudio-halle\/boxspringbett-aufbau\/\" \/>\n<meta property=\"og:site_name\" content=\"LaLeLu Bettenstudio Halle\" \/>\n<meta property=\"article:publisher\" content=\"https:\/\/www.facebook.com\/lalelubettenstudio\/\" \/>\n<meta property=\"article:modified_time\" content=\"2023-02-01T18:38:06+00:00\" \/>\n<meta name=\"twitter:card\" content=\"summary_large_image\" \/>\n<meta name=\"twitter:label1\" content=\"Gesch\u00e4tzte Lesezeit\" \/>\n\t<meta name=\"twitter:data1\" content=\"6\u00a0Minuten\" \/>\n<script type=\"application\/ld+json\" class=\"yoast-schema-graph\">{\"@context\":\"https:\/\/schema.org\",\"@graph\":[{\"@type\":\"WebPage\",\"@id\":\"https:\/\/form-klar.de\/bettenstudio-halle\/boxspringbett-aufbau\/\",\"url\":\"https:\/\/form-klar.de\/bettenstudio-halle\/boxspringbett-aufbau\/\",\"name\":\"Boxspringbett Aufbau - Box Matratze Topper - LaLeLu Bettenstudio Halle\",\"isPartOf\":{\"@id\":\"https:\/\/form-klar.de\/bettenstudio-halle\/#website\"},\"datePublished\":\"2020-05-23T13:38:28+00:00\",\"dateModified\":\"2023-02-01T18:38:06+00:00\",\"description\":\"Boxspringbett Aufbau - Woher kommt das Boxspringbett? Wie ist ein Boxspringbett aufgebaut? Aus welchen Einzelteilen besteht ein Boxspringbett?\",\"breadcrumb\":{\"@id\":\"https:\/\/form-klar.de\/bettenstudio-halle\/boxspringbett-aufbau\/#breadcrumb\"},\"inLanguage\":\"de\",\"potentialAction\":[{\"@type\":\"ReadAction\",\"target\":[\"https:\/\/form-klar.de\/bettenstudio-halle\/boxspringbett-aufbau\/\"]}]},{\"@type\":\"BreadcrumbList\",\"@id\":\"https:\/\/form-klar.de\/bettenstudio-halle\/boxspringbett-aufbau\/#breadcrumb\",\"itemListElement\":[{\"@type\":\"ListItem\",\"position\":1,\"name\":\"Startseite\",\"item\":\"https:\/\/form-klar.de\/bettenstudio-halle\/\"},{\"@type\":\"ListItem\",\"position\":2,\"name\":\"Boxspringbett Aufbau\"}]},{\"@type\":\"WebSite\",\"@id\":\"https:\/\/form-klar.de\/bettenstudio-halle\/#website\",\"url\":\"https:\/\/form-klar.de\/bettenstudio-halle\/\",\"name\":\"LaLeLu Bettenstudio Halle\",\"description\":\"Fachzentrum f\u00fcr k\u00f6rpergerechte Matratzenanpassung - Wasserbetten\",\"potentialAction\":[{\"@type\":\"SearchAction\",\"target\":{\"@type\":\"EntryPoint\",\"urlTemplate\":\"https:\/\/form-klar.de\/bettenstudio-halle\/?s={search_term_string}\"},\"query-input\":\"required name=search_term_string\"}],\"inLanguage\":\"de\"}]}<\/script>\n<!-- \/ Yoast SEO plugin. -->","yoast_head_json":{"title":"Boxspringbett Aufbau - Box Matratze Topper - LaLeLu Bettenstudio Halle","description":"Boxspringbett Aufbau - Woher kommt das Boxspringbett? Wie ist ein Boxspringbett aufgebaut? Aus welchen Einzelteilen besteht ein Boxspringbett?","robots":{"index":"index","follow":"follow","max-snippet":"max-snippet:-1","max-image-preview":"max-image-preview:large","max-video-preview":"max-video-preview:-1"},"canonical":"https:\/\/form-klar.de\/bettenstudio-halle\/boxspringbett-aufbau\/","og_locale":"de_DE","og_type":"article","og_title":"Boxspringbett Aufbau - Box Matratze Topper - LaLeLu Bettenstudio Halle","og_description":"Boxspringbett Aufbau - Woher kommt das Boxspringbett? Wie ist ein Boxspringbett aufgebaut? Aus welchen Einzelteilen besteht ein Boxspringbett?","og_url":"https:\/\/form-klar.de\/bettenstudio-halle\/boxspringbett-aufbau\/","og_site_name":"LaLeLu Bettenstudio Halle","article_publisher":"https:\/\/www.facebook.com\/lalelubettenstudio\/","article_modified_time":"2023-02-01T18:38:06+00:00","twitter_card":"summary_large_image","twitter_misc":{"Gesch\u00e4tzte Lesezeit":"6\u00a0Minuten"},"schema":{"@context":"https:\/\/schema.org","@graph":[{"@type":"WebPage","@id":"https:\/\/form-klar.de\/bettenstudio-halle\/boxspringbett-aufbau\/","url":"https:\/\/form-klar.de\/bettenstudio-halle\/boxspringbett-aufbau\/","name":"Boxspringbett Aufbau - Box Matratze Topper - LaLeLu Bettenstudio Halle","isPartOf":{"@id":"https:\/\/form-klar.de\/bettenstudio-halle\/#website"},"datePublished":"2020-05-23T13:38:28+00:00","dateModified":"2023-02-01T18:38:06+00:00","description":"Boxspringbett Aufbau - Woher kommt das Boxspringbett? Wie ist ein Boxspringbett aufgebaut? Aus welchen Einzelteilen besteht ein Boxspringbett?","breadcrumb":{"@id":"https:\/\/form-klar.de\/bettenstudio-halle\/boxspringbett-aufbau\/#breadcrumb"},"inLanguage":"de","potentialAction":[{"@type":"ReadAction","target":["https:\/\/form-klar.de\/bettenstudio-halle\/boxspringbett-aufbau\/"]}]},{"@type":"BreadcrumbList","@id":"https:\/\/form-klar.de\/bettenstudio-halle\/boxspringbett-aufbau\/#breadcrumb","itemListElement":[{"@type":"ListItem","position":1,"name":"Startseite","item":"https:\/\/form-klar.de\/bettenstudio-halle\/"},{"@type":"ListItem","position":2,"name":"Boxspringbett Aufbau"}]},{"@type":"WebSite","@id":"https:\/\/form-klar.de\/bettenstudio-halle\/#website","url":"https:\/\/form-klar.de\/bettenstudio-halle\/","name":"LaLeLu Bettenstudio Halle","description":"Fachzentrum f\u00fcr k\u00f6rpergerechte Matratzenanpassung - Wasserbetten","potentialAction":[{"@type":"SearchAction","target":{"@type":"EntryPoint","urlTemplate":"https:\/\/form-klar.de\/bettenstudio-halle\/?s={search_term_string}"},"query-input":"required name=search_term_string"}],"inLanguage":"de"}]}},"_links":{"self":[{"href":"https:\/\/form-klar.de\/bettenstudio-halle\/wp-json\/wp\/v2\/pages\/6865"}],"collection":[{"href":"https:\/\/form-klar.de\/bettenstudio-halle\/wp-json\/wp\/v2\/pages"}],"about":[{"href":"https:\/\/form-klar.de\/bettenstudio-halle\/wp-json\/wp\/v2\/types\/page"}],"author":[{"embeddable":true,"href":"https:\/\/form-klar.de\/bettenstudio-halle\/wp-json\/wp\/v2\/users\/4"}],"replies":[{"embeddable":true,"href":"https:\/\/form-klar.de\/bettenstudio-halle\/wp-json\/wp\/v2\/comments?post=6865"}],"version-history":[{"count":45,"href":"https:\/\/form-klar.de\/bettenstudio-halle\/wp-json\/wp\/v2\/pages\/6865\/revisions"}],"predecessor-version":[{"id":7419,"href":"https:\/\/form-klar.de\/bettenstudio-halle\/wp-json\/wp\/v2\/pages\/6865\/revisions\/7419"}],"wp:attachment":[{"href":"https:\/\/form-klar.de\/bettenstudio-halle\/wp-json\/wp\/v2\/media?parent=6865"}],"curies":[{"name":"wp","href":"https:\/\/api.w.org\/{rel}","templated":true}]}}