{"id":5651,"date":"2015-06-04T23:35:16","date_gmt":"2015-06-04T21:35:16","guid":{"rendered":"http:\/\/form-klar.de\/bettenstudio-halle\/?page_id=5651"},"modified":"2015-06-04T23:35:51","modified_gmt":"2015-06-04T21:35:51","slug":"schranksysteme-leipzig","status":"publish","type":"page","link":"https:\/\/form-klar.de\/bettenstudio-halle\/schranksysteme-leipzig\/","title":{"rendered":"Schranksysteme Leipzig"},"content":{"rendered":"<h1>Alles f\u00fcr Ihr Schlafzimmer in Leipzig. Bestellen Sie jetzt moderne Schranksysteme im Lalelu-Bettenstudio.<\/h1>\n<p>Wir freuen uns, Sie im Lalelu-Bettenstudio f\u00fcr Leipzig begr\u00fc\u00dfen zu d\u00fcrfen! Hier finden Sie hochwertige Schlafzimmer und perfekte Schranksysteme. Bei uns liegen Sie immer richtig \u2013 gesund und individuell perfekt angepasst. Haben Sie Ihr perfektes Schranksystem gefunden, beraten wir Sie auch gern zu einem rundum gesunden Schlaferlebnis. Daf\u00fcr bieten wir Ihnen professionelle Schlafberatung in unserem Fachgesch\u00e4ft f\u00fcr Leipzig.<\/p>\n<h2>Ihr Schranksystem nach Ma\u00df f\u00fcr Leipzig<\/h2>\n<p>Sie m\u00f6chten viel Stauraum in Ihrem Schlafzimmer und dabei den vorhandenen Platz millimetergenau ausnutzen? Sie m\u00f6chten, dass Ihr zuk\u00fcnftiger Schlafzimmerschrank ideal zu Ihrer Schlafzimmerausstattung, zu Ihrem ganz pers\u00f6nlichen Stil passt? Fragen Sie unsere Fachberater oder st\u00f6bern Sie durch unseren Onlineshop. Im Lalelu-Bettenstudio finden Sie Ihr stilvolles Schlafzimmerschranksystem.<\/p>\n<p>Endlich finden Sie genau den Platz den Sie brauchen. Mit einem Schranksystem f\u00fcr Ihr Schlafzimmer schaffen Sie sich eine ideale Alternative zu klassischen Stauraumm\u00f6beln und bringen einfach mehr unter: s\u00e4mtliche Kleidung, aber auch Heimtextilien und Accessoires finden ihren Platz. Neben einem gr\u00f6\u00dferen Platzangebot schaffen Sie auch eine aufger\u00e4umte Atmosph\u00e4re und mehr \u00dcbersichtlichkeit in Ihrem Schlafzimmer. So f\u00fchlen Sie sich endlich rundum wohl und k\u00f6nnen v\u00f6llig entspannt einen erholsamen Schlaf finden.<\/p>\n<h3>Unsere Berater empfehlen Ihnen das passende Zubeh\u00f6r \u2013 so wird Ihr Schrank zum perfekten System<\/h3>\n<p>Bestellen Sie gleich alle technischen Details wieSchubf\u00e4cher, Haken und Stangen dazu. Unsere Fachberater helfen Ihnen bei diesem Prozess mit Tipps vom Profi und verhelfen Ihnen so zu \u00fcberraschenden Einrichtungsideen. Und St\u00fcck f\u00fcr St\u00fcck wird aus einem normalen Schrank ein perfektes System f\u00fcr Ihre Aufbewahrung. Bei der Planung k\u00f6nnen Sie mit uns jede Nische oder Ecke und selbst Dachschr\u00e4gen optimal nutzen. Auch in Stilfragen k\u00f6nnen Sie einfach unsere erfahrenen Berater zu Rate ziehen. Mit dem Lalelu-Bettenstudio machen Sie Ihr neues Schlafzimmer mit hochwertigen M\u00f6beln zu einem ganz besonderen sehr individuellen Ort. F\u00fchlen Sie sich rundum wohl und genie\u00dfen Sie die vielen praktischen Vorteile eines Schranksystems vom Lalelu-Bettenstudio .<\/p>\n<p><strong>Ob online oder vor Ort im Fachgesch\u00e4ft \u2013 Leipziger die besten Ideen f\u00fcr Ihr Schlafzimmer im Lalelu-Bettenstudio<\/strong><\/p>\n<p>Besuchen Sie jetzt unsere neue Filiale in der Leipziger Chausse kurz vor Halle. Holen Sie sich von unseren Einrichtungsexperten die beste Auswahl an hochwertigen Schranksystemen.<em>Im Lalelu-Bettenstudio erhalten Sie kompetenten Beratungsservice und hochwertige Marken rund um Ihr gesamtes Schlafzimmer. Besuchen Sie auch unseren Onlineshop: Hier finden Sie unser gesamtes Angebot an Bettsystemen, Matratzen, Lattenrosten und auch f\u00fcr Ihren pers\u00f6nlichen Anspruch genau das Richtige!<\/em> Nutzen Sie unseren Service der computergest\u00fctzte R\u00fcckenvermessung und Schlafberatung.<\/p>\n<p><strong>Nutzen Sie unsere besonderen Service-Leistungen f\u00fcr Ihr Schranksystem<\/strong><\/p>\n<ul>\n<li>Gezielte Fachberatung und pr\u00e4zise Analysen<\/li>\n<li>Umbau Service \u2013 die General\u00fcberholung f\u00fcr Ihr Schlafzimmer<\/li>\n<li>Lieferung Ihres neuen Schranksystemes zu Ihnen nach Hause<\/li>\n<li>Fachm\u00e4nnische Montage vor Ort in Leipzig und Umgebung<\/li>\n<\/ul>\n<p><strong>Das sagen zufriedene Kunden \u00fcber den Service von Lalelu-Bettenstudio<\/strong><\/p>\n<p>\u201eSuper Qualit\u00e4t, die Beratung Spitze, meine Bestellung steht bereits an Ort und Stelle, insgesamt sehr schnell &amp; freundlich.<\/p>\n<p>\u201eKompetente, fachliche Beratung. Hervorragender Service. Netter und kundenfreundlicher Umgang!\u201c<\/p>\n<p>\u201eAuswahl und Lieferung ok &#8211; Aufbau selbst am Sonntag kein Problem\u201c<\/p>\n<p>\u201eMein neues Schranksystem schafft Platz f\u00fcr alles \u2013 danke daf\u00fcr, top Service!\u201c<\/p>\n","protected":false},"excerpt":{"rendered":"<p>Alles f\u00fcr Ihr Schlafzimmer in Leipzig. Bestellen Sie jetzt moderne [&hellip;]<\/p>\n","protected":false},"author":5,"featured_media":0,"parent":0,"menu_order":0,"comment_status":"closed","ping_status":"closed","template":"","meta":{"_links_to":"","_links_to_target":""},"yoast_head":"<!-- This site is optimized with the Yoast SEO plugin v19.14 - https:\/\/yoast.com\/wordpress\/plugins\/seo\/ -->\n<title>Schranksysteme Leipzig - LaLeLu Bettenstudio Halle<\/title>\n<meta name=\"robots\" content=\"index, follow, max-snippet:-1, max-image-preview:large, max-video-preview:-1\" \/>\n<link rel=\"canonical\" href=\"https:\/\/form-klar.de\/bettenstudio-halle\/schranksysteme-leipzig\/\" \/>\n<meta property=\"og:locale\" content=\"de_DE\" \/>\n<meta property=\"og:type\" content=\"article\" \/>\n<meta property=\"og:title\" content=\"Schranksysteme Leipzig - LaLeLu Bettenstudio Halle\" \/>\n<meta property=\"og:description\" content=\"Alles f\u00fcr Ihr Schlafzimmer in Leipzig. Bestellen Sie jetzt moderne [&hellip;]\" \/>\n<meta property=\"og:url\" content=\"https:\/\/form-klar.de\/bettenstudio-halle\/schranksysteme-leipzig\/\" \/>\n<meta property=\"og:site_name\" content=\"LaLeLu Bettenstudio Halle\" \/>\n<meta property=\"article:publisher\" content=\"https:\/\/www.facebook.com\/lalelubettenstudio\/\" \/>\n<meta property=\"article:modified_time\" content=\"2015-06-04T21:35:51+00:00\" \/>\n<meta name=\"twitter:card\" content=\"summary_large_image\" \/>\n<meta name=\"twitter:label1\" content=\"Gesch\u00e4tzte Lesezeit\" \/>\n\t<meta name=\"twitter:data1\" content=\"3\u00a0Minuten\" \/>\n<script type=\"application\/ld+json\" class=\"yoast-schema-graph\">{\"@context\":\"https:\/\/schema.org\",\"@graph\":[{\"@type\":\"WebPage\",\"@id\":\"https:\/\/form-klar.de\/bettenstudio-halle\/schranksysteme-leipzig\/\",\"url\":\"https:\/\/form-klar.de\/bettenstudio-halle\/schranksysteme-leipzig\/\",\"name\":\"Schranksysteme Leipzig - LaLeLu Bettenstudio Halle\",\"isPartOf\":{\"@id\":\"https:\/\/form-klar.de\/bettenstudio-halle\/#website\"},\"datePublished\":\"2015-06-04T21:35:16+00:00\",\"dateModified\":\"2015-06-04T21:35:51+00:00\",\"breadcrumb\":{\"@id\":\"https:\/\/form-klar.de\/bettenstudio-halle\/schranksysteme-leipzig\/#breadcrumb\"},\"inLanguage\":\"de\",\"potentialAction\":[{\"@type\":\"ReadAction\",\"target\":[\"https:\/\/form-klar.de\/bettenstudio-halle\/schranksysteme-leipzig\/\"]}]},{\"@type\":\"BreadcrumbList\",\"@id\":\"https:\/\/form-klar.de\/bettenstudio-halle\/schranksysteme-leipzig\/#breadcrumb\",\"itemListElement\":[{\"@type\":\"ListItem\",\"position\":1,\"name\":\"Startseite\",\"item\":\"https:\/\/form-klar.de\/bettenstudio-halle\/\"},{\"@type\":\"ListItem\",\"position\":2,\"name\":\"Schranksysteme Leipzig\"}]},{\"@type\":\"WebSite\",\"@id\":\"https:\/\/form-klar.de\/bettenstudio-halle\/#website\",\"url\":\"https:\/\/form-klar.de\/bettenstudio-halle\/\",\"name\":\"LaLeLu Bettenstudio Halle\",\"description\":\"Fachzentrum f\u00fcr k\u00f6rpergerechte Matratzenanpassung - Wasserbetten\",\"potentialAction\":[{\"@type\":\"SearchAction\",\"target\":{\"@type\":\"EntryPoint\",\"urlTemplate\":\"https:\/\/form-klar.de\/bettenstudio-halle\/?s={search_term_string}\"},\"query-input\":\"required name=search_term_string\"}],\"inLanguage\":\"de\"}]}<\/script>\n<!-- \/ Yoast SEO plugin. -->","yoast_head_json":{"title":"Schranksysteme Leipzig - LaLeLu Bettenstudio Halle","robots":{"index":"index","follow":"follow","max-snippet":"max-snippet:-1","max-image-preview":"max-image-preview:large","max-video-preview":"max-video-preview:-1"},"canonical":"https:\/\/form-klar.de\/bettenstudio-halle\/schranksysteme-leipzig\/","og_locale":"de_DE","og_type":"article","og_title":"Schranksysteme Leipzig - LaLeLu Bettenstudio Halle","og_description":"Alles f\u00fcr Ihr Schlafzimmer in Leipzig. Bestellen Sie jetzt moderne [&hellip;]","og_url":"https:\/\/form-klar.de\/bettenstudio-halle\/schranksysteme-leipzig\/","og_site_name":"LaLeLu Bettenstudio Halle","article_publisher":"https:\/\/www.facebook.com\/lalelubettenstudio\/","article_modified_time":"2015-06-04T21:35:51+00:00","twitter_card":"summary_large_image","twitter_misc":{"Gesch\u00e4tzte Lesezeit":"3\u00a0Minuten"},"schema":{"@context":"https:\/\/schema.org","@graph":[{"@type":"WebPage","@id":"https:\/\/form-klar.de\/bettenstudio-halle\/schranksysteme-leipzig\/","url":"https:\/\/form-klar.de\/bettenstudio-halle\/schranksysteme-leipzig\/","name":"Schranksysteme Leipzig - LaLeLu Bettenstudio Halle","isPartOf":{"@id":"https:\/\/form-klar.de\/bettenstudio-halle\/#website"},"datePublished":"2015-06-04T21:35:16+00:00","dateModified":"2015-06-04T21:35:51+00:00","breadcrumb":{"@id":"https:\/\/form-klar.de\/bettenstudio-halle\/schranksysteme-leipzig\/#breadcrumb"},"inLanguage":"de","potentialAction":[{"@type":"ReadAction","target":["https:\/\/form-klar.de\/bettenstudio-halle\/schranksysteme-leipzig\/"]}]},{"@type":"BreadcrumbList","@id":"https:\/\/form-klar.de\/bettenstudio-halle\/schranksysteme-leipzig\/#breadcrumb","itemListElement":[{"@type":"ListItem","position":1,"name":"Startseite","item":"https:\/\/form-klar.de\/bettenstudio-halle\/"},{"@type":"ListItem","position":2,"name":"Schranksysteme Leipzig"}]},{"@type":"WebSite","@id":"https:\/\/form-klar.de\/bettenstudio-halle\/#website","url":"https:\/\/form-klar.de\/bettenstudio-halle\/","name":"LaLeLu Bettenstudio Halle","description":"Fachzentrum f\u00fcr k\u00f6rpergerechte Matratzenanpassung - Wasserbetten","potentialAction":[{"@type":"SearchAction","target":{"@type":"EntryPoint","urlTemplate":"https:\/\/form-klar.de\/bettenstudio-halle\/?s={search_term_string}"},"query-input":"required name=search_term_string"}],"inLanguage":"de"}]}},"_links":{"self":[{"href":"https:\/\/form-klar.de\/bettenstudio-halle\/wp-json\/wp\/v2\/pages\/5651"}],"collection":[{"href":"https:\/\/form-klar.de\/bettenstudio-halle\/wp-json\/wp\/v2\/pages"}],"about":[{"href":"https:\/\/form-klar.de\/bettenstudio-halle\/wp-json\/wp\/v2\/types\/page"}],"author":[{"embeddable":true,"href":"https:\/\/form-klar.de\/bettenstudio-halle\/wp-json\/wp\/v2\/users\/5"}],"replies":[{"embeddable":true,"href":"https:\/\/form-klar.de\/bettenstudio-halle\/wp-json\/wp\/v2\/comments?post=5651"}],"version-history":[{"count":1,"href":"https:\/\/form-klar.de\/bettenstudio-halle\/wp-json\/wp\/v2\/pages\/5651\/revisions"}],"predecessor-version":[{"id":5652,"href":"https:\/\/form-klar.de\/bettenstudio-halle\/wp-json\/wp\/v2\/pages\/5651\/revisions\/5652"}],"wp:attachment":[{"href":"https:\/\/form-klar.de\/bettenstudio-halle\/wp-json\/wp\/v2\/media?parent=5651"}],"curies":[{"name":"wp","href":"https:\/\/api.w.org\/{rel}","templated":true}]}}