{"id":5161,"date":"2014-07-01T10:13:21","date_gmt":"2014-07-01T08:13:21","guid":{"rendered":"http:\/\/form-klar.de\/bettenstudio-halle\/?page_id=5161"},"modified":"2023-02-06T13:33:01","modified_gmt":"2023-02-06T11:33:01","slug":"vitario-liegesimulator","status":"publish","type":"page","link":"https:\/\/form-klar.de\/bettenstudio-halle\/beratung\/vitario-liegesimulator\/","title":{"rendered":"Vitario Liegesimulator"},"content":{"rendered":"<p><div class=\"fusion-fullwidth fullwidth-box fusion-builder-row-1 fusion-flex-container has-pattern-background has-mask-background nonhundred-percent-fullwidth non-hundred-percent-height-scrolling\" style=\"--awb-border-radius-top-left:0px;--awb-border-radius-top-right:0px;--awb-border-radius-bottom-right:0px;--awb-border-radius-bottom-left:0px;--awb-padding-top:0px;\" ><div class=\"fusion-builder-row fusion-row fusion-flex-align-items-flex-start\" style=\"max-width:1430px;margin-left: calc(-4% \/ 2 );margin-right: calc(-4% \/ 2 );\"><div class=\"fusion-layout-column fusion_builder_column fusion-builder-column-0 fusion_builder_column_1_1 1_1 fusion-flex-column\" style=\"--awb-bg-size:cover;--awb-width-large:100%;--awb-margin-top-large:0px;--awb-spacing-right-large:1.92%;--awb-margin-bottom-large:8%;--awb-spacing-left-large:1.92%;--awb-width-medium:100%;--awb-order-medium:0;--awb-spacing-right-medium:1.92%;--awb-spacing-left-medium:1.92%;--awb-width-small:100%;--awb-order-small:0;--awb-spacing-right-small:1.92%;--awb-spacing-left-small:1.92%;\"><div class=\"fusion-column-wrapper fusion-column-has-shadow fusion-flex-justify-content-flex-start fusion-content-layout-column\"><div class=\"fusion-text fusion-text-1\"><h1>MIT DEM <strong>LIEGE-SIMULATOR<\/strong> ZUR RICHTIGEN SCHLAFAUSSTATTUNG<\/h1>\n<p>Nach dem A<strong>usf\u00fcllen eines Fragebogens<\/strong> in unserem LaLeLu-Fachzentrum kennen wir als \u00a0gepr\u00fcfte Schlaf- und Liegeberater alle wichtigen gesundheitlichen und schlafspezifischen Hintergr\u00fcnde Ihrerseits. Durch die <strong>liege-orthop\u00e4dische Austestung am Liege-Simulator<\/strong> f\u00fchrt Ihr Berater Sie in 3 Schritten zu Ihrer nachhaltig besseren Schlafausstattung.<\/p>\n<\/div><\/div><\/div><\/div><\/div><div class=\"fusion-fullwidth fullwidth-box fusion-builder-row-2 fusion-flex-container nonhundred-percent-fullwidth non-hundred-percent-height-scrolling\" style=\"--awb-border-radius-top-left:0px;--awb-border-radius-top-right:0px;--awb-border-radius-bottom-right:0px;--awb-border-radius-bottom-left:0px;--awb-padding-top:0px;--awb-padding-bottom:0px;--awb-margin-bottom:0px;\" ><div class=\"fusion-builder-row fusion-row fusion-flex-align-items-flex-start\" style=\"max-width:1430px;margin-left: calc(-4% \/ 2 );margin-right: calc(-4% \/ 2 );\"><div class=\"fusion-layout-column fusion_builder_column fusion-builder-column-1 fusion_builder_column_1_1 1_1 fusion-flex-column\" style=\"--awb-bg-blend:overlay;--awb-bg-size:cover;--awb-width-large:100%;--awb-margin-top-large:0px;--awb-spacing-right-large:1.92%;--awb-margin-bottom-large:0px;--awb-spacing-left-large:1.92%;--awb-width-medium:100%;--awb-spacing-right-medium:1.92%;--awb-spacing-left-medium:1.92%;--awb-width-small:100%;--awb-spacing-right-small:1.92%;--awb-spacing-left-small:1.92%;\"><div class=\"fusion-column-wrapper fusion-flex-justify-content-flex-start fusion-content-layout-column\"><div class=\"fusion-separator fusion-full-width-sep\" style=\"align-self: center;margin-left: auto;margin-right: auto;margin-top:0px;margin-bottom:30px;width:100%;\"><div class=\"fusion-separator-border sep-single sep-solid\" style=\"--awb-height:20px;--awb-amount:20px;border-color:var(--awb-color3);border-top-width:1px;\"><\/div><\/div><div class=\"fusion-text fusion-text-2\" style=\"--awb-content-alignment:center;\"><p><a href=\"http:\/\/form-klar.de\/bettenstudio-halle\/wp-content\/uploads\/Schritt-1.png\"><img decoding=\"async\" class=\"lazyload alignnone size-large wp-image-6170\" src=\"http:\/\/form-klar.de\/bettenstudio-halle\/wp-content\/uploads\/Schritt-1-800x306.png\" data-orig-src=\"http:\/\/form-klar.de\/bettenstudio-halle\/wp-content\/uploads\/Schritt-1-800x306.png\" alt=\"\" width=\"800\" height=\"306\" srcset=\"data:image\/svg+xml,%3Csvg%20xmlns%3D%27http%3A%2F%2Fwww.w3.org%2F2000%2Fsvg%27%20width%3D%27800%27%20height%3D%27306%27%20viewBox%3D%270%200%20800%20306%27%3E%3Crect%20width%3D%27800%27%20height%3D%27306%27%20fill-opacity%3D%220%22%2F%3E%3C%2Fsvg%3E\" data-srcset=\"https:\/\/form-klar.de\/bettenstudio-halle\/wp-content\/uploads\/Schritt-1-200x76.png 200w, https:\/\/form-klar.de\/bettenstudio-halle\/wp-content\/uploads\/Schritt-1-360x138.png 360w, https:\/\/form-klar.de\/bettenstudio-halle\/wp-content\/uploads\/Schritt-1-400x153.png 400w, https:\/\/form-klar.de\/bettenstudio-halle\/wp-content\/uploads\/Schritt-1-600x229.png 600w, https:\/\/form-klar.de\/bettenstudio-halle\/wp-content\/uploads\/Schritt-1-768x294.png 768w, https:\/\/form-klar.de\/bettenstudio-halle\/wp-content\/uploads\/Schritt-1-800x306.png 800w, https:\/\/form-klar.de\/bettenstudio-halle\/wp-content\/uploads\/Schritt-1-1200x459.png 1200w, https:\/\/form-klar.de\/bettenstudio-halle\/wp-content\/uploads\/Schritt-1.png 2370w\" data-sizes=\"auto\" data-orig-sizes=\"(max-width: 800px) 100vw, 800px\" \/><\/a><\/p>\n<\/div><\/div><\/div><\/div><\/div><div class=\"fusion-fullwidth fullwidth-box fusion-builder-row-3 fusion-flex-container nonhundred-percent-fullwidth non-hundred-percent-height-scrolling\" style=\"--awb-border-radius-top-left:0px;--awb-border-radius-top-right:0px;--awb-border-radius-bottom-right:0px;--awb-border-radius-bottom-left:0px;--awb-padding-top:0px;--awb-padding-bottom:0px;--awb-margin-bottom:0px;\" ><div class=\"fusion-builder-row fusion-row fusion-flex-align-items-flex-start\" style=\"max-width:1430px;margin-left: calc(-4% \/ 2 );margin-right: calc(-4% \/ 2 );\"><div class=\"fusion-layout-column fusion_builder_column fusion-builder-column-2 fusion_builder_column_1_1 1_1 fusion-flex-column\" style=\"--awb-bg-blend:overlay;--awb-bg-size:cover;--awb-width-large:100%;--awb-margin-top-large:0px;--awb-spacing-right-large:1.92%;--awb-margin-bottom-large:0px;--awb-spacing-left-large:1.92%;--awb-width-medium:100%;--awb-spacing-right-medium:1.92%;--awb-spacing-left-medium:1.92%;--awb-width-small:100%;--awb-spacing-right-small:1.92%;--awb-spacing-left-small:1.92%;\"><div class=\"fusion-column-wrapper fusion-flex-justify-content-flex-start fusion-content-layout-column\"><div class=\"fusion-separator fusion-full-width-sep\" style=\"align-self: center;margin-left: auto;margin-right: auto;margin-top:10px;margin-bottom:30px;width:100%;\"><div class=\"fusion-separator-border sep-single sep-solid\" style=\"--awb-height:20px;--awb-amount:20px;border-color:var(--awb-color3);border-top-width:1px;\"><\/div><\/div><div class=\"fusion-text fusion-text-3\" style=\"--awb-content-alignment:center;\"><p><a href=\"http:\/\/form-klar.de\/bettenstudio-halle\/wp-content\/uploads\/Schritt-2.png\"><img decoding=\"async\" class=\"lazyload alignnone size-large wp-image-6171\" src=\"http:\/\/form-klar.de\/bettenstudio-halle\/wp-content\/uploads\/Schritt-2-800x331.png\" data-orig-src=\"http:\/\/form-klar.de\/bettenstudio-halle\/wp-content\/uploads\/Schritt-2-800x331.png\" alt=\"\" width=\"800\" height=\"331\" srcset=\"data:image\/svg+xml,%3Csvg%20xmlns%3D%27http%3A%2F%2Fwww.w3.org%2F2000%2Fsvg%27%20width%3D%27800%27%20height%3D%27331%27%20viewBox%3D%270%200%20800%20331%27%3E%3Crect%20width%3D%27800%27%20height%3D%27331%27%20fill-opacity%3D%220%22%2F%3E%3C%2Fsvg%3E\" data-srcset=\"https:\/\/form-klar.de\/bettenstudio-halle\/wp-content\/uploads\/Schritt-2-200x83.png 200w, https:\/\/form-klar.de\/bettenstudio-halle\/wp-content\/uploads\/Schritt-2-360x149.png 360w, https:\/\/form-klar.de\/bettenstudio-halle\/wp-content\/uploads\/Schritt-2-400x166.png 400w, https:\/\/form-klar.de\/bettenstudio-halle\/wp-content\/uploads\/Schritt-2-600x248.png 600w, https:\/\/form-klar.de\/bettenstudio-halle\/wp-content\/uploads\/Schritt-2-768x318.png 768w, https:\/\/form-klar.de\/bettenstudio-halle\/wp-content\/uploads\/Schritt-2-800x331.png 800w, https:\/\/form-klar.de\/bettenstudio-halle\/wp-content\/uploads\/Schritt-2-1200x497.png 1200w, https:\/\/form-klar.de\/bettenstudio-halle\/wp-content\/uploads\/Schritt-2.png 2334w\" data-sizes=\"auto\" data-orig-sizes=\"(max-width: 800px) 100vw, 800px\" \/><\/a><\/p>\n<\/div><\/div><\/div><\/div><\/div><div class=\"fusion-fullwidth fullwidth-box fusion-builder-row-4 fusion-flex-container nonhundred-percent-fullwidth non-hundred-percent-height-scrolling\" style=\"--awb-border-radius-top-left:0px;--awb-border-radius-top-right:0px;--awb-border-radius-bottom-right:0px;--awb-border-radius-bottom-left:0px;--awb-padding-top:0px;--awb-padding-bottom:40px;--awb-margin-bottom:0px;\" ><div class=\"fusion-builder-row fusion-row fusion-flex-align-items-flex-start\" style=\"max-width:1430px;margin-left: calc(-4% \/ 2 );margin-right: calc(-4% \/ 2 );\"><div class=\"fusion-layout-column fusion_builder_column fusion-builder-column-3 fusion_builder_column_1_1 1_1 fusion-flex-column\" style=\"--awb-bg-blend:overlay;--awb-bg-size:cover;--awb-width-large:100%;--awb-margin-top-large:0px;--awb-spacing-right-large:1.92%;--awb-margin-bottom-large:0px;--awb-spacing-left-large:1.92%;--awb-width-medium:100%;--awb-spacing-right-medium:1.92%;--awb-spacing-left-medium:1.92%;--awb-width-small:100%;--awb-spacing-right-small:1.92%;--awb-spacing-left-small:1.92%;\"><div class=\"fusion-column-wrapper fusion-flex-justify-content-flex-start fusion-content-layout-column\"><div class=\"fusion-separator fusion-full-width-sep\" style=\"align-self: center;margin-left: auto;margin-right: auto;margin-top:10px;margin-bottom:30px;width:100%;\"><div class=\"fusion-separator-border sep-single sep-solid\" style=\"--awb-height:20px;--awb-amount:20px;border-color:var(--awb-color3);border-top-width:1px;\"><\/div><\/div><div class=\"fusion-text fusion-text-4\" style=\"--awb-content-alignment:center;\"><p><a href=\"http:\/\/form-klar.de\/bettenstudio-halle\/wp-content\/uploads\/Schritt-3.png\"><img decoding=\"async\" class=\"lazyload alignnone size-large wp-image-6172\" src=\"http:\/\/form-klar.de\/bettenstudio-halle\/wp-content\/uploads\/Schritt-3-800x334.png\" data-orig-src=\"http:\/\/form-klar.de\/bettenstudio-halle\/wp-content\/uploads\/Schritt-3-800x334.png\" alt=\"\" width=\"800\" height=\"334\" srcset=\"data:image\/svg+xml,%3Csvg%20xmlns%3D%27http%3A%2F%2Fwww.w3.org%2F2000%2Fsvg%27%20width%3D%27800%27%20height%3D%27334%27%20viewBox%3D%270%200%20800%20334%27%3E%3Crect%20width%3D%27800%27%20height%3D%27334%27%20fill-opacity%3D%220%22%2F%3E%3C%2Fsvg%3E\" data-srcset=\"https:\/\/form-klar.de\/bettenstudio-halle\/wp-content\/uploads\/Schritt-3-200x83.png 200w, https:\/\/form-klar.de\/bettenstudio-halle\/wp-content\/uploads\/Schritt-3-360x150.png 360w, https:\/\/form-klar.de\/bettenstudio-halle\/wp-content\/uploads\/Schritt-3-400x167.png 400w, https:\/\/form-klar.de\/bettenstudio-halle\/wp-content\/uploads\/Schritt-3-600x250.png 600w, https:\/\/form-klar.de\/bettenstudio-halle\/wp-content\/uploads\/Schritt-3-768x320.png 768w, https:\/\/form-klar.de\/bettenstudio-halle\/wp-content\/uploads\/Schritt-3-800x334.png 800w, https:\/\/form-klar.de\/bettenstudio-halle\/wp-content\/uploads\/Schritt-3-1200x501.png 1200w, https:\/\/form-klar.de\/bettenstudio-halle\/wp-content\/uploads\/Schritt-3.png 1920w\" data-sizes=\"auto\" data-orig-sizes=\"(max-width: 800px) 100vw, 800px\" \/><\/a><\/p>\n<\/div><\/div><\/div><\/div><\/div><\/p>\n","protected":false},"excerpt":{"rendered":"","protected":false},"author":2,"featured_media":0,"parent":4996,"menu_order":1,"comment_status":"closed","ping_status":"closed","template":"100-width.php","meta":{"_links_to":"","_links_to_target":""},"yoast_head":"<!-- This site is optimized with the Yoast SEO plugin v19.14 - https:\/\/yoast.com\/wordpress\/plugins\/seo\/ -->\n<title>Vitario Liegesimulator - LaLeLu Bettenstudio Halle<\/title>\n<meta name=\"robots\" content=\"index, follow, max-snippet:-1, max-image-preview:large, max-video-preview:-1\" \/>\n<link rel=\"canonical\" href=\"https:\/\/form-klar.de\/bettenstudio-halle\/beratung\/vitario-liegesimulator\/\" \/>\n<meta property=\"og:locale\" content=\"de_DE\" \/>\n<meta property=\"og:type\" content=\"article\" \/>\n<meta property=\"og:title\" content=\"Vitario Liegesimulator - LaLeLu Bettenstudio Halle\" \/>\n<meta property=\"og:url\" content=\"https:\/\/form-klar.de\/bettenstudio-halle\/beratung\/vitario-liegesimulator\/\" \/>\n<meta property=\"og:site_name\" content=\"LaLeLu Bettenstudio Halle\" \/>\n<meta property=\"article:publisher\" content=\"https:\/\/www.facebook.com\/lalelubettenstudio\/\" \/>\n<meta property=\"article:modified_time\" content=\"2023-02-06T11:33:01+00:00\" \/>\n<meta property=\"og:image\" content=\"http:\/\/form-klar.de\/bettenstudio-halle\/wp-content\/uploads\/Schritt-1-800x306.png\" \/>\n<meta name=\"twitter:card\" content=\"summary_large_image\" \/>\n<meta name=\"twitter:label1\" content=\"Gesch\u00e4tzte Lesezeit\" \/>\n\t<meta name=\"twitter:data1\" content=\"7\u00a0Minuten\" \/>\n<script type=\"application\/ld+json\" class=\"yoast-schema-graph\">{\"@context\":\"https:\/\/schema.org\",\"@graph\":[{\"@type\":\"WebPage\",\"@id\":\"https:\/\/form-klar.de\/bettenstudio-halle\/beratung\/vitario-liegesimulator\/\",\"url\":\"https:\/\/form-klar.de\/bettenstudio-halle\/beratung\/vitario-liegesimulator\/\",\"name\":\"Vitario Liegesimulator - LaLeLu Bettenstudio Halle\",\"isPartOf\":{\"@id\":\"https:\/\/form-klar.de\/bettenstudio-halle\/#website\"},\"datePublished\":\"2014-07-01T08:13:21+00:00\",\"dateModified\":\"2023-02-06T11:33:01+00:00\",\"breadcrumb\":{\"@id\":\"https:\/\/form-klar.de\/bettenstudio-halle\/beratung\/vitario-liegesimulator\/#breadcrumb\"},\"inLanguage\":\"de\",\"potentialAction\":[{\"@type\":\"ReadAction\",\"target\":[\"https:\/\/form-klar.de\/bettenstudio-halle\/beratung\/vitario-liegesimulator\/\"]}]},{\"@type\":\"BreadcrumbList\",\"@id\":\"https:\/\/form-klar.de\/bettenstudio-halle\/beratung\/vitario-liegesimulator\/#breadcrumb\",\"itemListElement\":[{\"@type\":\"ListItem\",\"position\":1,\"name\":\"Startseite\",\"item\":\"https:\/\/form-klar.de\/bettenstudio-halle\/\"},{\"@type\":\"ListItem\",\"position\":2,\"name\":\"Beratung\",\"item\":\"https:\/\/form-klar.de\/bettenstudio-halle\/beratung\/\"},{\"@type\":\"ListItem\",\"position\":3,\"name\":\"Vitario Liegesimulator\"}]},{\"@type\":\"WebSite\",\"@id\":\"https:\/\/form-klar.de\/bettenstudio-halle\/#website\",\"url\":\"https:\/\/form-klar.de\/bettenstudio-halle\/\",\"name\":\"LaLeLu Bettenstudio Halle\",\"description\":\"Fachzentrum f\u00fcr k\u00f6rpergerechte Matratzenanpassung - Wasserbetten\",\"potentialAction\":[{\"@type\":\"SearchAction\",\"target\":{\"@type\":\"EntryPoint\",\"urlTemplate\":\"https:\/\/form-klar.de\/bettenstudio-halle\/?s={search_term_string}\"},\"query-input\":\"required name=search_term_string\"}],\"inLanguage\":\"de\"}]}<\/script>\n<!-- \/ Yoast SEO plugin. -->","yoast_head_json":{"title":"Vitario Liegesimulator - LaLeLu Bettenstudio Halle","robots":{"index":"index","follow":"follow","max-snippet":"max-snippet:-1","max-image-preview":"max-image-preview:large","max-video-preview":"max-video-preview:-1"},"canonical":"https:\/\/form-klar.de\/bettenstudio-halle\/beratung\/vitario-liegesimulator\/","og_locale":"de_DE","og_type":"article","og_title":"Vitario Liegesimulator - LaLeLu Bettenstudio Halle","og_url":"https:\/\/form-klar.de\/bettenstudio-halle\/beratung\/vitario-liegesimulator\/","og_site_name":"LaLeLu Bettenstudio Halle","article_publisher":"https:\/\/www.facebook.com\/lalelubettenstudio\/","article_modified_time":"2023-02-06T11:33:01+00:00","og_image":[{"url":"http:\/\/form-klar.de\/bettenstudio-halle\/wp-content\/uploads\/Schritt-1-800x306.png"}],"twitter_card":"summary_large_image","twitter_misc":{"Gesch\u00e4tzte Lesezeit":"7\u00a0Minuten"},"schema":{"@context":"https:\/\/schema.org","@graph":[{"@type":"WebPage","@id":"https:\/\/form-klar.de\/bettenstudio-halle\/beratung\/vitario-liegesimulator\/","url":"https:\/\/form-klar.de\/bettenstudio-halle\/beratung\/vitario-liegesimulator\/","name":"Vitario Liegesimulator - LaLeLu Bettenstudio Halle","isPartOf":{"@id":"https:\/\/form-klar.de\/bettenstudio-halle\/#website"},"datePublished":"2014-07-01T08:13:21+00:00","dateModified":"2023-02-06T11:33:01+00:00","breadcrumb":{"@id":"https:\/\/form-klar.de\/bettenstudio-halle\/beratung\/vitario-liegesimulator\/#breadcrumb"},"inLanguage":"de","potentialAction":[{"@type":"ReadAction","target":["https:\/\/form-klar.de\/bettenstudio-halle\/beratung\/vitario-liegesimulator\/"]}]},{"@type":"BreadcrumbList","@id":"https:\/\/form-klar.de\/bettenstudio-halle\/beratung\/vitario-liegesimulator\/#breadcrumb","itemListElement":[{"@type":"ListItem","position":1,"name":"Startseite","item":"https:\/\/form-klar.de\/bettenstudio-halle\/"},{"@type":"ListItem","position":2,"name":"Beratung","item":"https:\/\/form-klar.de\/bettenstudio-halle\/beratung\/"},{"@type":"ListItem","position":3,"name":"Vitario Liegesimulator"}]},{"@type":"WebSite","@id":"https:\/\/form-klar.de\/bettenstudio-halle\/#website","url":"https:\/\/form-klar.de\/bettenstudio-halle\/","name":"LaLeLu Bettenstudio Halle","description":"Fachzentrum f\u00fcr k\u00f6rpergerechte Matratzenanpassung - Wasserbetten","potentialAction":[{"@type":"SearchAction","target":{"@type":"EntryPoint","urlTemplate":"https:\/\/form-klar.de\/bettenstudio-halle\/?s={search_term_string}"},"query-input":"required name=search_term_string"}],"inLanguage":"de"}]}},"_links":{"self":[{"href":"https:\/\/form-klar.de\/bettenstudio-halle\/wp-json\/wp\/v2\/pages\/5161"}],"collection":[{"href":"https:\/\/form-klar.de\/bettenstudio-halle\/wp-json\/wp\/v2\/pages"}],"about":[{"href":"https:\/\/form-klar.de\/bettenstudio-halle\/wp-json\/wp\/v2\/types\/page"}],"author":[{"embeddable":true,"href":"https:\/\/form-klar.de\/bettenstudio-halle\/wp-json\/wp\/v2\/users\/2"}],"replies":[{"embeddable":true,"href":"https:\/\/form-klar.de\/bettenstudio-halle\/wp-json\/wp\/v2\/comments?post=5161"}],"version-history":[{"count":56,"href":"https:\/\/form-klar.de\/bettenstudio-halle\/wp-json\/wp\/v2\/pages\/5161\/revisions"}],"predecessor-version":[{"id":7484,"href":"https:\/\/form-klar.de\/bettenstudio-halle\/wp-json\/wp\/v2\/pages\/5161\/revisions\/7484"}],"up":[{"embeddable":true,"href":"https:\/\/form-klar.de\/bettenstudio-halle\/wp-json\/wp\/v2\/pages\/4996"}],"wp:attachment":[{"href":"https:\/\/form-klar.de\/bettenstudio-halle\/wp-json\/wp\/v2\/media?parent=5161"}],"curies":[{"name":"wp","href":"https:\/\/api.w.org\/{rel}","templated":true}]}}