{"id":4994,"date":"2014-06-17T20:51:36","date_gmt":"2014-06-17T18:51:36","guid":{"rendered":"http:\/\/form-klar.de\/bettenstudio-halle\/?page_id=4994"},"modified":"2023-02-03T16:51:07","modified_gmt":"2023-02-03T14:51:07","slug":"service-2","status":"publish","type":"page","link":"https:\/\/form-klar.de\/bettenstudio-halle\/service-2\/","title":{"rendered":"Service"},"content":{"rendered":"<p><div class=\"fusion-fullwidth fullwidth-box fusion-builder-row-1 fusion-flex-container has-pattern-background has-mask-background nonhundred-percent-fullwidth non-hundred-percent-height-scrolling\" style=\"--awb-border-radius-top-left:0px;--awb-border-radius-top-right:0px;--awb-border-radius-bottom-right:0px;--awb-border-radius-bottom-left:0px;--awb-padding-top:0px;--awb-padding-bottom:0px;--awb-margin-bottom:0px;\" ><div class=\"fusion-builder-row fusion-row fusion-flex-align-items-flex-start\" style=\"max-width:1430px;margin-left: calc(-4% \/ 2 );margin-right: calc(-4% \/ 2 );\"><div class=\"fusion-layout-column fusion_builder_column fusion-builder-column-0 fusion_builder_column_1_1 1_1 fusion-flex-column\" style=\"--awb-bg-size:cover;--awb-width-large:100%;--awb-margin-top-large:0px;--awb-spacing-right-large:1.92%;--awb-margin-bottom-large:8%;--awb-spacing-left-large:1.92%;--awb-width-medium:100%;--awb-order-medium:0;--awb-spacing-right-medium:1.92%;--awb-spacing-left-medium:1.92%;--awb-width-small:100%;--awb-order-small:0;--awb-spacing-right-small:1.92%;--awb-spacing-left-small:1.92%;\"><div class=\"fusion-column-wrapper fusion-column-has-shadow fusion-flex-justify-content-flex-start fusion-content-layout-column\"><div class=\"fusion-text fusion-text-1\"><h1 class=\"fusion-responsive-typography-calculated\" data-fontsize=\"30\" data-lineheight=\"40.5px\">LaLeLu Bettenstudio &#8211; SERVICE<\/h1>\n<\/div><div class=\"fusion-separator fusion-full-width-sep\" style=\"align-self: center;margin-left: auto;margin-right: auto;margin-top:10px;margin-bottom:30px;width:100%;\"><div class=\"fusion-separator-border sep-single sep-solid\" style=\"--awb-height:20px;--awb-amount:20px;border-color:var(--awb-color3);border-top-width:1px;\"><\/div><\/div><\/div><\/div><\/div><\/div><div class=\"fusion-fullwidth fullwidth-box fusion-builder-row-2 fusion-flex-container has-pattern-background has-mask-background nonhundred-percent-fullwidth non-hundred-percent-height-scrolling\" style=\"--awb-border-radius-top-left:0px;--awb-border-radius-top-right:0px;--awb-border-radius-bottom-right:0px;--awb-border-radius-bottom-left:0px;--awb-padding-top:0px;--awb-padding-bottom:30px;--awb-margin-bottom:0px;\" ><div class=\"fusion-builder-row fusion-row fusion-flex-align-items-center\" style=\"max-width:1430px;margin-left: calc(-4% \/ 2 );margin-right: calc(-4% \/ 2 );\"><div class=\"fusion-layout-column fusion_builder_column fusion-builder-column-1 fusion_builder_column_2_3 2_3 fusion-flex-column\" style=\"--awb-bg-size:cover;--awb-width-large:66.6666666667%;--awb-margin-top-large:0px;--awb-spacing-right-large:2.88%;--awb-margin-bottom-large:8%;--awb-spacing-left-large:2.88%;--awb-width-medium:100%;--awb-order-medium:0;--awb-spacing-right-medium:1.92%;--awb-spacing-left-medium:1.92%;--awb-width-small:100%;--awb-order-small:0;--awb-spacing-right-small:1.92%;--awb-spacing-left-small:1.92%;\"><div class=\"fusion-column-wrapper fusion-column-has-shadow fusion-flex-justify-content-flex-start fusion-content-layout-column\"><div class=\"fusion-text fusion-text-2\"><p>Folgende Serviceleistungen bieten wir Ihnen:<\/p>\n<ul>\n<li>Professionelle Fachberatungen, gern auf Wunsch au\u00dferhalb unserer Gesch\u00e4ftszeiten<\/li>\n<li>Beratungen auch bei Ihnen zu Hause m\u00f6glich<\/li>\n<li>Montage und Ausmessung durch zertifiziertes und gepr\u00fcftes Fachpersonal bei Ihnen vor Ort<\/li>\n<li>Umfassender Lieferservice (Lieferung bis ins Schlafzimmer)<\/li>\n<li>Kostenfreie Entsorgung von Verpackungsmaterial<\/li>\n<li>Bei Neukauf Entsorgung Ihrer gebrauchten Matratzen und Lattenrosten auf Wunsch m\u00f6glich<\/li>\n<li>Fachm\u00e4nnische Wasserbetten-Umz\u00fcge durch\u00a0zertifiziertes und gepr\u00fcftes Fachpersonal<\/li>\n<li>Regelm\u00e4\u00dfige und sorgf\u00e4ltige Wasserbetten-Pflege und Wartung<\/li>\n<li>Schonende Reinigung bzw. Spezialw\u00e4sche &#8211; Feder- und Daunenbetten<\/li>\n<\/ul>\n<\/div><\/div><\/div><div class=\"fusion-layout-column fusion_builder_column fusion-builder-column-2 fusion_builder_column_1_3 1_3 fusion-flex-column\" style=\"--awb-bg-size:cover;--awb-width-large:33.3333333333%;--awb-margin-top-large:0px;--awb-spacing-right-large:5.76%;--awb-margin-bottom-large:8%;--awb-spacing-left-large:5.76%;--awb-width-medium:100%;--awb-order-medium:0;--awb-spacing-right-medium:1.92%;--awb-spacing-left-medium:1.92%;--awb-width-small:100%;--awb-order-small:0;--awb-spacing-right-small:1.92%;--awb-spacing-left-small:1.92%;\"><div class=\"fusion-column-wrapper fusion-column-has-shadow fusion-flex-justify-content-flex-start fusion-content-layout-column\"><div class=\"fusion-image-element \" style=\"text-align:right;--awb-caption-title-size:var(--h2_typography-font-size);--awb-caption-title-transform:var(--h2_typography-text-transform);--awb-caption-title-line-height:var(--h2_typography-line-height);--awb-caption-title-letter-spacing:var(--h2_typography-letter-spacing);\"><span class=\" fusion-imageframe imageframe-none imageframe-1 hover-type-none\"><img decoding=\"async\" width=\"800\" height=\"600\" title=\"IMG_1444\" src=\"https:\/\/form-klar.de\/bettenstudio-halle\/wp-content\/uploads\/IMG_1444.jpg\" data-orig-src=\"http:\/\/form-klar.de\/bettenstudio-halle\/wp-content\/uploads\/IMG_1444-800x600.jpg\" alt class=\"lazyload img-responsive wp-image-4962\" srcset=\"data:image\/svg+xml,%3Csvg%20xmlns%3D%27http%3A%2F%2Fwww.w3.org%2F2000%2Fsvg%27%20width%3D%271600%27%20height%3D%271200%27%20viewBox%3D%270%200%201600%201200%27%3E%3Crect%20width%3D%271600%27%20height%3D%271200%27%20fill-opacity%3D%220%22%2F%3E%3C%2Fsvg%3E\" data-srcset=\"https:\/\/form-klar.de\/bettenstudio-halle\/wp-content\/uploads\/IMG_1444-200x150.jpg 200w, https:\/\/form-klar.de\/bettenstudio-halle\/wp-content\/uploads\/IMG_1444-400x300.jpg 400w, https:\/\/form-klar.de\/bettenstudio-halle\/wp-content\/uploads\/IMG_1444-600x450.jpg 600w, https:\/\/form-klar.de\/bettenstudio-halle\/wp-content\/uploads\/IMG_1444-800x600.jpg 800w, https:\/\/form-klar.de\/bettenstudio-halle\/wp-content\/uploads\/IMG_1444-1200x900.jpg 1200w, https:\/\/form-klar.de\/bettenstudio-halle\/wp-content\/uploads\/IMG_1444.jpg 1600w\" data-sizes=\"auto\" data-orig-sizes=\"(max-width: 1024px) 100vw, (max-width: 640px) 100vw, 600px\" \/><\/span><\/div><\/div><\/div><\/div><\/div><div class=\"fusion-fullwidth fullwidth-box fusion-builder-row-3 fusion-flex-container nonhundred-percent-fullwidth non-hundred-percent-height-scrolling\" style=\"--awb-border-radius-top-left:0px;--awb-border-radius-top-right:0px;--awb-border-radius-bottom-right:0px;--awb-border-radius-bottom-left:0px;--awb-padding-top:0px;--awb-padding-bottom:0px;--awb-margin-bottom:0px;\" ><div class=\"fusion-builder-row fusion-row fusion-flex-align-items-flex-start\" style=\"max-width:1430px;margin-left: calc(-4% \/ 2 );margin-right: calc(-4% \/ 2 );\"><div class=\"fusion-layout-column fusion_builder_column fusion-builder-column-3 fusion_builder_column_1_1 1_1 fusion-flex-column\" style=\"--awb-bg-blend:overlay;--awb-bg-size:cover;--awb-width-large:100%;--awb-margin-top-large:0px;--awb-spacing-right-large:1.92%;--awb-margin-bottom-large:0px;--awb-spacing-left-large:1.92%;--awb-width-medium:100%;--awb-spacing-right-medium:1.92%;--awb-spacing-left-medium:1.92%;--awb-width-small:100%;--awb-spacing-right-small:1.92%;--awb-spacing-left-small:1.92%;\"><div class=\"fusion-column-wrapper fusion-flex-justify-content-flex-start fusion-content-layout-column\"><div class=\"fusion-separator fusion-full-width-sep\" style=\"align-self: center;margin-left: auto;margin-right: auto;margin-top:10px;margin-bottom:30px;width:100%;\"><div class=\"fusion-separator-border sep-single sep-solid\" style=\"--awb-height:20px;--awb-amount:20px;border-color:var(--awb-color3);border-top-width:1px;\"><\/div><\/div><\/div><\/div><\/div><\/div><div class=\"fusion-fullwidth fullwidth-box fusion-builder-row-4 fusion-flex-container nonhundred-percent-fullwidth non-hundred-percent-height-scrolling\" style=\"--awb-border-radius-top-left:0px;--awb-border-radius-top-right:0px;--awb-border-radius-bottom-right:0px;--awb-border-radius-bottom-left:0px;--awb-padding-top:0px;\" ><div class=\"fusion-builder-row fusion-row fusion-flex-align-items-flex-start\" style=\"max-width:1430px;margin-left: calc(-4% \/ 2 );margin-right: calc(-4% \/ 2 );\"><div class=\"fusion-layout-column fusion_builder_column fusion-builder-column-4 fusion_builder_column_1_1 1_1 fusion-flex-column\" style=\"--awb-bg-blend:overlay;--awb-bg-size:cover;--awb-width-large:100%;--awb-margin-top-large:0px;--awb-spacing-right-large:1.92%;--awb-margin-bottom-large:0px;--awb-spacing-left-large:1.92%;--awb-width-medium:100%;--awb-spacing-right-medium:1.92%;--awb-spacing-left-medium:1.92%;--awb-width-small:100%;--awb-spacing-right-small:1.92%;--awb-spacing-left-small:1.92%;\"><div class=\"fusion-column-wrapper fusion-flex-justify-content-flex-start fusion-content-layout-column\"><div class=\"fusion-text fusion-text-3\"><h3 style=\"--fontSize: 22; line-height: 1.35; --minFontSize: 22;\" data-fontsize=\"22\" data-lineheight=\"29.7px\" class=\"fusion-responsive-typography-calculated\">Bei weiteren Serviceleistungen stehen wir Ihnen selbstverst\u00e4ndlich gern zur Verf\u00fcgung.<\/h3>\n<\/div><\/div><\/div><\/div><\/div><\/p>\n","protected":false},"excerpt":{"rendered":"","protected":false},"author":1,"featured_media":0,"parent":0,"menu_order":0,"comment_status":"closed","ping_status":"closed","template":"100-width.php","meta":{"_links_to":"","_links_to_target":""},"yoast_head":"<!-- This site is optimized with the Yoast SEO plugin v19.14 - https:\/\/yoast.com\/wordpress\/plugins\/seo\/ -->\n<title>Service - LaLeLu Bettenstudio Halle<\/title>\n<meta name=\"robots\" content=\"index, follow, max-snippet:-1, max-image-preview:large, max-video-preview:-1\" \/>\n<link rel=\"canonical\" href=\"https:\/\/form-klar.de\/bettenstudio-halle\/service-2\/\" \/>\n<meta property=\"og:locale\" content=\"de_DE\" \/>\n<meta property=\"og:type\" content=\"article\" \/>\n<meta property=\"og:title\" content=\"Service - LaLeLu Bettenstudio Halle\" \/>\n<meta property=\"og:url\" content=\"https:\/\/form-klar.de\/bettenstudio-halle\/service-2\/\" \/>\n<meta property=\"og:site_name\" content=\"LaLeLu Bettenstudio Halle\" \/>\n<meta property=\"article:publisher\" content=\"https:\/\/www.facebook.com\/lalelubettenstudio\/\" \/>\n<meta property=\"article:modified_time\" content=\"2023-02-03T14:51:07+00:00\" \/>\n<meta name=\"twitter:card\" content=\"summary_large_image\" \/>\n<meta name=\"twitter:label1\" content=\"Gesch\u00e4tzte Lesezeit\" \/>\n\t<meta name=\"twitter:data1\" content=\"1\u00a0Minute\" \/>\n<script type=\"application\/ld+json\" class=\"yoast-schema-graph\">{\"@context\":\"https:\/\/schema.org\",\"@graph\":[{\"@type\":\"WebPage\",\"@id\":\"https:\/\/form-klar.de\/bettenstudio-halle\/service-2\/\",\"url\":\"https:\/\/form-klar.de\/bettenstudio-halle\/service-2\/\",\"name\":\"Service - LaLeLu Bettenstudio Halle\",\"isPartOf\":{\"@id\":\"https:\/\/form-klar.de\/bettenstudio-halle\/#website\"},\"datePublished\":\"2014-06-17T18:51:36+00:00\",\"dateModified\":\"2023-02-03T14:51:07+00:00\",\"breadcrumb\":{\"@id\":\"https:\/\/form-klar.de\/bettenstudio-halle\/service-2\/#breadcrumb\"},\"inLanguage\":\"de\",\"potentialAction\":[{\"@type\":\"ReadAction\",\"target\":[\"https:\/\/form-klar.de\/bettenstudio-halle\/service-2\/\"]}]},{\"@type\":\"BreadcrumbList\",\"@id\":\"https:\/\/form-klar.de\/bettenstudio-halle\/service-2\/#breadcrumb\",\"itemListElement\":[{\"@type\":\"ListItem\",\"position\":1,\"name\":\"Startseite\",\"item\":\"https:\/\/form-klar.de\/bettenstudio-halle\/\"},{\"@type\":\"ListItem\",\"position\":2,\"name\":\"Service\"}]},{\"@type\":\"WebSite\",\"@id\":\"https:\/\/form-klar.de\/bettenstudio-halle\/#website\",\"url\":\"https:\/\/form-klar.de\/bettenstudio-halle\/\",\"name\":\"LaLeLu Bettenstudio Halle\",\"description\":\"Fachzentrum f\u00fcr k\u00f6rpergerechte Matratzenanpassung - Wasserbetten\",\"potentialAction\":[{\"@type\":\"SearchAction\",\"target\":{\"@type\":\"EntryPoint\",\"urlTemplate\":\"https:\/\/form-klar.de\/bettenstudio-halle\/?s={search_term_string}\"},\"query-input\":\"required name=search_term_string\"}],\"inLanguage\":\"de\"}]}<\/script>\n<!-- \/ Yoast SEO plugin. -->","yoast_head_json":{"title":"Service - LaLeLu Bettenstudio Halle","robots":{"index":"index","follow":"follow","max-snippet":"max-snippet:-1","max-image-preview":"max-image-preview:large","max-video-preview":"max-video-preview:-1"},"canonical":"https:\/\/form-klar.de\/bettenstudio-halle\/service-2\/","og_locale":"de_DE","og_type":"article","og_title":"Service - LaLeLu Bettenstudio Halle","og_url":"https:\/\/form-klar.de\/bettenstudio-halle\/service-2\/","og_site_name":"LaLeLu Bettenstudio Halle","article_publisher":"https:\/\/www.facebook.com\/lalelubettenstudio\/","article_modified_time":"2023-02-03T14:51:07+00:00","twitter_card":"summary_large_image","twitter_misc":{"Gesch\u00e4tzte Lesezeit":"1\u00a0Minute"},"schema":{"@context":"https:\/\/schema.org","@graph":[{"@type":"WebPage","@id":"https:\/\/form-klar.de\/bettenstudio-halle\/service-2\/","url":"https:\/\/form-klar.de\/bettenstudio-halle\/service-2\/","name":"Service - LaLeLu Bettenstudio Halle","isPartOf":{"@id":"https:\/\/form-klar.de\/bettenstudio-halle\/#website"},"datePublished":"2014-06-17T18:51:36+00:00","dateModified":"2023-02-03T14:51:07+00:00","breadcrumb":{"@id":"https:\/\/form-klar.de\/bettenstudio-halle\/service-2\/#breadcrumb"},"inLanguage":"de","potentialAction":[{"@type":"ReadAction","target":["https:\/\/form-klar.de\/bettenstudio-halle\/service-2\/"]}]},{"@type":"BreadcrumbList","@id":"https:\/\/form-klar.de\/bettenstudio-halle\/service-2\/#breadcrumb","itemListElement":[{"@type":"ListItem","position":1,"name":"Startseite","item":"https:\/\/form-klar.de\/bettenstudio-halle\/"},{"@type":"ListItem","position":2,"name":"Service"}]},{"@type":"WebSite","@id":"https:\/\/form-klar.de\/bettenstudio-halle\/#website","url":"https:\/\/form-klar.de\/bettenstudio-halle\/","name":"LaLeLu Bettenstudio Halle","description":"Fachzentrum f\u00fcr k\u00f6rpergerechte Matratzenanpassung - Wasserbetten","potentialAction":[{"@type":"SearchAction","target":{"@type":"EntryPoint","urlTemplate":"https:\/\/form-klar.de\/bettenstudio-halle\/?s={search_term_string}"},"query-input":"required name=search_term_string"}],"inLanguage":"de"}]}},"_links":{"self":[{"href":"https:\/\/form-klar.de\/bettenstudio-halle\/wp-json\/wp\/v2\/pages\/4994"}],"collection":[{"href":"https:\/\/form-klar.de\/bettenstudio-halle\/wp-json\/wp\/v2\/pages"}],"about":[{"href":"https:\/\/form-klar.de\/bettenstudio-halle\/wp-json\/wp\/v2\/types\/page"}],"author":[{"embeddable":true,"href":"https:\/\/form-klar.de\/bettenstudio-halle\/wp-json\/wp\/v2\/users\/1"}],"replies":[{"embeddable":true,"href":"https:\/\/form-klar.de\/bettenstudio-halle\/wp-json\/wp\/v2\/comments?post=4994"}],"version-history":[{"count":19,"href":"https:\/\/form-klar.de\/bettenstudio-halle\/wp-json\/wp\/v2\/pages\/4994\/revisions"}],"predecessor-version":[{"id":7462,"href":"https:\/\/form-klar.de\/bettenstudio-halle\/wp-json\/wp\/v2\/pages\/4994\/revisions\/7462"}],"wp:attachment":[{"href":"https:\/\/form-klar.de\/bettenstudio-halle\/wp-json\/wp\/v2\/media?parent=4994"}],"curies":[{"name":"wp","href":"https:\/\/api.w.org\/{rel}","templated":true}]}}