{"id":4516,"date":"2025-03-03T12:45:59","date_gmt":"2025-03-03T12:45:59","guid":{"rendered":"https:\/\/form-klar.de\/agnilaser2025\/?page_id=4516"},"modified":"2025-03-25T10:14:39","modified_gmt":"2025-03-25T10:14:39","slug":"elektroindustrie","status":"publish","type":"page","link":"https:\/\/form-klar.de\/agnilaser2025\/leistungen\/laserschweissen\/elektroindustrie\/","title":{"rendered":"Elektroindustrie"},"content":{"rendered":"<p><div class=\"fusion-fullwidth fullwidth-box fusion-builder-row-1 fusion-flex-container has-pattern-background has-mask-background sc-box-container nonhundred-percent-fullwidth non-hundred-percent-height-scrolling\" style=\"--awb-border-color:var(--awb-color1);--awb-border-radius-top-left:0px;--awb-border-radius-top-right:0px;--awb-border-radius-bottom-right:0px;--awb-border-radius-bottom-left:0px;--awb-padding-top:30px;--awb-padding-bottom:90px;--awb-padding-top-medium:0px;--awb-padding-bottom-medium:50px;--awb-padding-top-small:0px;--awb-padding-bottom-small:30px;--awb-margin-top:-50px;--awb-background-color:var(--awb-color2);--awb-flex-wrap:wrap;\" ><div class=\"fusion-builder-row fusion-row fusion-flex-align-items-center fusion-flex-content-wrap\" style=\"max-width:calc( 1600px + 60px );margin-left: calc(-60px \/ 2 );margin-right: calc(-60px \/ 2 );\"><div class=\"fusion-layout-column fusion_builder_column fusion-builder-column-0 fusion_builder_column_1_1 1_1 fusion-flex-column\" style=\"--awb-padding-top-medium:0px;--awb-padding-right-medium:0px;--awb-padding-bottom-medium:30px;--awb-padding-left-medium:0px;--awb-padding-top-small:0px;--awb-padding-bottom-small:0px;--awb-bg-size:cover;--awb-width-large:100%;--awb-margin-top-large:0px;--awb-spacing-right-large:30px;--awb-margin-bottom-large:40px;--awb-spacing-left-large:30px;--awb-width-medium:100%;--awb-order-medium:0;--awb-spacing-right-medium:50px;--awb-margin-bottom-medium:0px;--awb-spacing-left-medium:50px;--awb-width-small:100%;--awb-order-small:0;--awb-spacing-right-small:30px;--awb-spacing-left-small:30px;\"><div class=\"fusion-column-wrapper fusion-column-has-shadow fusion-flex-justify-content-flex-start fusion-content-layout-column\"><div class=\"fusion-separator fusion-has-icon fusion-full-width-sep sc-icon\" style=\"align-self: center;margin-left: auto;margin-right: auto;margin-top:0px;margin-bottom:0px;width:100%;max-width:100%;\"><div class=\"fusion-separator-border sep-single sep-solid\" style=\"--awb-height:20px;--awb-amount:20px;--awb-sep-color:hsla(var(--awb-color6-h),var(--awb-color6-s),var(--awb-color6-l),calc(var(--awb-color6-a) - 75%));border-color:hsla(var(--awb-color6-h),var(--awb-color6-s),var(--awb-color6-l),calc(var(--awb-color6-a) - 75%));border-top-width:1px;\"><\/div><span class=\"icon-wrapper\" style=\"border-color:transparent;font-size:64px;width: 1.75em; height: 1.75em;border-width:1px;padding:1px;margin-top:-0.5px\"><i class=\"icon-lasercutting-laser\" style=\"font-size: inherit;color:hsla(var(--awb-color8-h),var(--awb-color8-s),var(--awb-color8-l),calc(var(--awb-color8-a) - 85%));\" aria-hidden=\"true\"><\/i><\/span><div class=\"fusion-separator-border sep-single sep-solid\" style=\"--awb-height:20px;--awb-amount:20px;--awb-sep-color:hsla(var(--awb-color6-h),var(--awb-color6-s),var(--awb-color6-l),calc(var(--awb-color6-a) - 75%));border-color:hsla(var(--awb-color6-h),var(--awb-color6-s),var(--awb-color6-l),calc(var(--awb-color6-a) - 75%));border-top-width:1px;\"><\/div><\/div><\/div><\/div><div class=\"fusion-layout-column fusion_builder_column fusion-builder-column-1 fusion_builder_column_1_2 1_2 fusion-flex-column fusion-flex-align-self-center box textbox behind left fusion-animated\" style=\"--awb-padding-left-medium:0px;--awb-padding-top-small:30px;--awb-padding-right-small:30px;--awb-padding-bottom-small:30px;--awb-padding-left-small:30px;--awb-bg-color:var(--awb-color1);--awb-bg-color-hover:var(--awb-color1);--awb-bg-size:cover;--awb-border-color:var(--awb-color4);--awb-border-top:0px;--awb-border-right:0px;--awb-border-bottom:0px;--awb-border-left:0px;--awb-border-style:solid;--awb-width-large:50%;--awb-margin-top-large:0px;--awb-spacing-right-large:0px;--awb-margin-bottom-large:0px;--awb-spacing-left-large:30px;--awb-width-medium:100%;--awb-order-medium:2;--awb-margin-top-medium:0px;--awb-spacing-right-medium:50px;--awb-margin-bottom-medium:0px;--awb-spacing-left-medium:50px;--awb-width-small:100%;--awb-order-small:2;--awb-spacing-right-small:30px;--awb-spacing-left-small:30px;\" data-animationType=\"fadeInLeft\" data-animationDuration=\"0.8\" data-animationOffset=\"top-into-view\"><div class=\"fusion-column-wrapper fusion-column-has-shadow fusion-flex-justify-content-center fusion-content-layout-column\"><div class=\"fusion-text fusion-text-1 sc-leading-headline\"><p>Leistungen:<\/p>\n<\/div><div class=\"fusion-title title fusion-title-1 fusion-sep-none fusion-title-text fusion-title-size-one\" style=\"--awb-margin-bottom-small:30px;\"><h1 class=\"fusion-title-heading title-heading-left\" style=\"margin:0;text-transform:none;\">Laser in der Elektroindustrie<\/h1><\/div><div class=\"fusion-separator\" style=\"align-self: flex-start;margin-right:auto;margin-bottom:30px;width:100%;max-width:60px;\"><div class=\"fusion-separator-border sep-single sep-solid\" style=\"--awb-height:20px;--awb-amount:20px;--awb-sep-color:var(--awb-color4);border-color:var(--awb-color4);border-top-width:3px;\"><\/div><\/div><div class=\"fusion-title title fusion-title-2 fusion-sep-none fusion-title-text fusion-title-size-one\" style=\"--awb-margin-bottom-small:30px;--awb-font-size:24px;\"><h1 class=\"fusion-title-heading title-heading-left\" style=\"margin:0;font-size:1em;text-transform:none;\">Schorcht bietet Laserschwei\u00dfen f\u00fcr viele Anwendungsszenarien<\/h1><\/div><div class=\"fusion-text fusion-text-2\"><p>Die Anwendungsfelder f\u00fcr einen Laser sind hier sehr gro\u00df. Gerade die<em> Laserbeschriftung spielt zur R\u00fcckverfolgbarkeit<\/em> eine immer gr\u00f6\u00dfere Rolle. F\u00fcr einen Kunden haben wir an einem elektronischen Bauteil (Serie) versteckt eine Markierung angebracht. Kommt es zu einer Reklamation, kann dieser Kunde schnell eine F\u00e4lschung erkennen.<\/p>\n<\/div><\/div><\/div><div class=\"fusion-layout-column fusion_builder_column fusion-builder-column-2 fusion_builder_column_1_2 1_2 fusion-flex-column box imagebox ontop right\" style=\"--awb-bg-size:cover;--awb-width-large:50%;--awb-margin-top-large:0px;--awb-spacing-right-large:30px;--awb-margin-bottom-large:0px;--awb-spacing-left-large:-1.5vw;--awb-width-medium:100%;--awb-order-medium:1;--awb-spacing-right-medium:50px;--awb-margin-bottom-medium:0px;--awb-spacing-left-medium:50px;--awb-width-small:100%;--awb-order-small:1;--awb-spacing-right-small:30px;--awb-margin-bottom-small:0px;--awb-spacing-left-small:30px;\"><div class=\"fusion-column-wrapper fusion-column-has-shadow fusion-flex-justify-content-flex-start fusion-content-layout-column\"><div class=\"fusion-image-element \" style=\"--awb-caption-title-font-family:var(--h2_typography-font-family);--awb-caption-title-font-weight:var(--h2_typography-font-weight);--awb-caption-title-font-style:var(--h2_typography-font-style);--awb-caption-title-size:var(--h2_typography-font-size);--awb-caption-title-transform:var(--h2_typography-text-transform);--awb-caption-title-line-height:var(--h2_typography-line-height);--awb-caption-title-letter-spacing:var(--h2_typography-letter-spacing);\"><span class=\" fusion-imageframe imageframe-none imageframe-1 hover-type-none fusion-animated\" style=\"border-radius:10px;--awb-animation-color:var(--awb-color2);\" data-animationType=\"revealInLeft\" data-animationDuration=\"0.8\" data-animationOffset=\"top-into-view\"><img decoding=\"async\" width=\"1024\" height=\"684\" title=\"laserschweissen-aluminium-mit-zusatzwerkstoff\" src=\"https:\/\/form-klar.de\/agnilaser2025\/wp-content\/uploads\/laserschweissen-aluminium-mit-zusatzwerkstoff.jpg\" data-orig-src=\"https:\/\/www.schorcht.de\/wp-content\/uploads\/laserschweissen-aluminium-mit-zusatzwerkstoff-1024x684.jpg\" alt class=\"lazyload img-responsive wp-image-3412\" srcset=\"data:image\/svg+xml,%3Csvg%20xmlns%3D%27http%3A%2F%2Fwww.w3.org%2F2000%2Fsvg%27%20width%3D%271920%27%20height%3D%271283%27%20viewBox%3D%270%200%201920%201283%27%3E%3Crect%20width%3D%271920%27%20height%3D%271283%27%20fill-opacity%3D%220%22%2F%3E%3C%2Fsvg%3E\" data-srcset=\"https:\/\/form-klar.de\/agnilaser2025\/wp-content\/uploads\/laserschweissen-aluminium-mit-zusatzwerkstoff-200x134.jpg 200w, https:\/\/form-klar.de\/agnilaser2025\/wp-content\/uploads\/laserschweissen-aluminium-mit-zusatzwerkstoff-400x267.jpg 400w, https:\/\/form-klar.de\/agnilaser2025\/wp-content\/uploads\/laserschweissen-aluminium-mit-zusatzwerkstoff-600x401.jpg 600w, https:\/\/form-klar.de\/agnilaser2025\/wp-content\/uploads\/laserschweissen-aluminium-mit-zusatzwerkstoff-800x535.jpg 800w, https:\/\/form-klar.de\/agnilaser2025\/wp-content\/uploads\/laserschweissen-aluminium-mit-zusatzwerkstoff-1200x802.jpg 1200w, https:\/\/form-klar.de\/agnilaser2025\/wp-content\/uploads\/laserschweissen-aluminium-mit-zusatzwerkstoff.jpg 1920w\" data-sizes=\"auto\" data-orig-sizes=\"(max-width: 640px) 100vw, 800px\" \/><\/span><\/div><\/div><\/div><\/div><\/div><div class=\"fusion-fullwidth fullwidth-box fusion-builder-row-2 fusion-flex-container nonhundred-percent-fullwidth non-hundred-percent-height-scrolling\" style=\"--awb-border-radius-top-left:0px;--awb-border-radius-top-right:0px;--awb-border-radius-bottom-right:0px;--awb-border-radius-bottom-left:0px;--awb-flex-wrap:wrap;\" ><div class=\"fusion-builder-row fusion-row fusion-flex-align-items-flex-start fusion-flex-content-wrap\" style=\"max-width:calc( 1600px + 60px );margin-left: calc(-60px \/ 2 );margin-right: calc(-60px \/ 2 );\"><div class=\"fusion-layout-column fusion_builder_column fusion-builder-column-3 fusion_builder_column_1_1 1_1 fusion-flex-column\" style=\"--awb-bg-blend:overlay;--awb-bg-size:cover;--awb-width-large:100%;--awb-margin-top-large:0px;--awb-spacing-right-large:30px;--awb-margin-bottom-large:0px;--awb-spacing-left-large:30px;--awb-width-medium:100%;--awb-spacing-right-medium:30px;--awb-spacing-left-medium:30px;--awb-width-small:100%;--awb-spacing-right-small:30px;--awb-spacing-left-small:30px;\"><div class=\"fusion-column-wrapper fusion-flex-justify-content-flex-start fusion-content-layout-column\"><\/div><\/div><\/div><\/div><div class=\"fusion-fullwidth fullwidth-box fusion-builder-row-3 fusion-flex-container has-pattern-background nonhundred-percent-fullwidth non-hundred-percent-height-scrolling fusion-animated\" style=\"--awb-border-color:var(--awb-color1);--awb-border-radius-top-left:0px;--awb-border-radius-top-right:0px;--awb-border-radius-bottom-right:0px;--awb-border-radius-bottom-left:0px;--awb-padding-top:90px;--awb-padding-bottom:30px;--awb-padding-top-medium:50px;--awb-padding-bottom-medium:0px;--awb-padding-top-small:50px;--awb-padding-bottom-small:0px;--awb-flex-wrap:wrap;\" data-animationType=\"revealInLeft\" data-animationDuration=\"0.3\" data-animationOffset=\"top-into-view\" ><div class=\"fusion-builder-row fusion-row fusion-flex-align-items-center fusion-flex-justify-content-center fusion-flex-content-wrap\" style=\"max-width:calc( 1600px + 60px );margin-left: calc(-60px \/ 2 );margin-right: calc(-60px \/ 2 );\"><div class=\"fusion-layout-column fusion_builder_column fusion-builder-column-4 fusion_builder_column_1_1 1_1 fusion-flex-column fusion-animated\" style=\"--awb-bg-size:cover;--awb-width-large:100%;--awb-margin-top-large:0px;--awb-spacing-right-large:30px;--awb-margin-bottom-large:30px;--awb-spacing-left-large:30px;--awb-width-medium:100%;--awb-order-medium:0;--awb-spacing-right-medium:30px;--awb-spacing-left-medium:30px;--awb-width-small:100%;--awb-order-small:0;--awb-spacing-right-small:30px;--awb-margin-bottom-small:50px;--awb-spacing-left-small:30px;\" data-animationType=\"fadeInUp\" data-animationDuration=\"0.6\" data-animationDelay=\"0.6\" data-animationOffset=\"top-into-view\"><div class=\"fusion-column-wrapper fusion-column-has-shadow fusion-flex-justify-content-flex-start fusion-content-layout-column\"><div class=\"fusion-title title fusion-title-3 fusion-sep-none fusion-title-text fusion-title-size-two\"><h2 class=\"fusion-title-heading title-heading-left\" style=\"margin:0;\">Laserbeschriftung von elektronischen Bauteilen<\/h2><\/div><div class=\"fusion-separator\" style=\"align-self: flex-start;margin-right:auto;margin-top:10px;margin-bottom:30px;width:100%;max-width:50px;\"><div class=\"fusion-separator-border sep-single sep-solid\" style=\"--awb-height:20px;--awb-amount:20px;--awb-sep-color:var(--awb-color4);border-color:var(--awb-color4);border-top-width:3px;\"><\/div><\/div><div class=\"fusion-text fusion-text-3\"><p><strong>ngg_shortcode_0_placeholder<\/strong><\/p>\n<p>Das Laserschwei\u00dfen von elektronischen Baugruppen ist wegen dem geringen W\u00e4rmeeintrag sehr gefragt. Fertig montierte Leiterplatten im zu schwei\u00dfenden Geh\u00e4use stellen kein Problem dar.<\/p>\n<\/div><\/div><\/div><\/div><\/div><div class=\"fusion-fullwidth fullwidth-box fusion-builder-row-4 fusion-flex-container has-pattern-background nonhundred-percent-fullwidth non-hundred-percent-height-scrolling fusion-animated\" style=\"--awb-border-color:var(--awb-color1);--awb-border-radius-top-left:0px;--awb-border-radius-top-right:0px;--awb-border-radius-bottom-right:0px;--awb-border-radius-bottom-left:0px;--awb-padding-top:0px;--awb-padding-bottom:60px;--awb-padding-top-medium:0px;--awb-padding-bottom-medium:70px;--awb-padding-top-small:0px;--awb-padding-bottom-small:30px;--awb-flex-wrap:wrap;\" data-animationType=\"revealInLeft\" data-animationDuration=\"0.3\" data-animationOffset=\"top-into-view\" ><div class=\"fusion-builder-row fusion-row fusion-flex-align-items-center fusion-flex-justify-content-center fusion-flex-content-wrap\" style=\"max-width:calc( 1600px + 60px );margin-left: calc(-60px \/ 2 );margin-right: calc(-60px \/ 2 );\"><div class=\"fusion-layout-column fusion_builder_column fusion-builder-column-5 fusion_builder_column_1_1 1_1 fusion-flex-column\" style=\"--awb-padding-top-small:0px;--awb-bg-size:cover;--awb-width-large:100%;--awb-margin-top-large:0px;--awb-spacing-right-large:30px;--awb-margin-bottom-large:30px;--awb-spacing-left-large:30px;--awb-width-medium:100%;--awb-order-medium:0;--awb-spacing-right-medium:30px;--awb-spacing-left-medium:30px;--awb-width-small:100%;--awb-order-small:0;--awb-margin-top-small:0px;--awb-spacing-right-small:30px;--awb-spacing-left-small:30px;\"><div class=\"fusion-column-wrapper fusion-column-has-shadow fusion-flex-justify-content-flex-start fusion-content-layout-column\"><div class=\"fusion-separator fusion-has-icon fusion-full-width-sep\" style=\"align-self: center;margin-left: auto;margin-right: auto;margin-top:0px;margin-bottom:0px;width:100%;max-width:100%;\"><div class=\"fusion-separator-border sep-single sep-solid\" style=\"--awb-height:20px;--awb-amount:20px;--awb-sep-color:hsla(var(--awb-color6-h),var(--awb-color6-s),var(--awb-color6-l),calc(var(--awb-color6-a) - 75%));border-color:hsla(var(--awb-color6-h),var(--awb-color6-s),var(--awb-color6-l),calc(var(--awb-color6-a) - 75%));border-top-width:1px;\"><\/div><span class=\"icon-wrapper\" style=\"border-color:transparent;font-size:64px;width: 1.75em; height: 1.75em;border-width:1px;padding:1px;margin-top:-0.5px\"><i class=\"icon-lasercutting-worker_2\" style=\"font-size: inherit;color:hsla(var(--awb-color8-h),var(--awb-color8-s),var(--awb-color8-l),calc(var(--awb-color8-a) - 85%));\" aria-hidden=\"true\"><\/i><\/span><div class=\"fusion-separator-border sep-single sep-solid\" style=\"--awb-height:20px;--awb-amount:20px;--awb-sep-color:hsla(var(--awb-color6-h),var(--awb-color6-s),var(--awb-color6-l),calc(var(--awb-color6-a) - 75%));border-color:hsla(var(--awb-color6-h),var(--awb-color6-s),var(--awb-color6-l),calc(var(--awb-color6-a) - 75%));border-top-width:1px;\"><\/div><\/div><\/div><\/div><div class=\"fusion-layout-column fusion_builder_column fusion-builder-column-6 fusion_builder_column_1_1 1_1 fusion-flex-column fusion-animated\" style=\"--awb-bg-size:cover;--awb-width-large:100%;--awb-margin-top-large:0px;--awb-spacing-right-large:30px;--awb-margin-bottom-large:30px;--awb-spacing-left-large:30px;--awb-width-medium:100%;--awb-order-medium:0;--awb-spacing-right-medium:30px;--awb-spacing-left-medium:30px;--awb-width-small:100%;--awb-order-small:0;--awb-spacing-right-small:30px;--awb-margin-bottom-small:50px;--awb-spacing-left-small:30px;\" data-animationType=\"fadeInUp\" data-animationDuration=\"0.6\" data-animationDelay=\"0.6\" data-animationOffset=\"top-into-view\"><div class=\"fusion-column-wrapper fusion-column-has-shadow fusion-flex-justify-content-flex-start fusion-content-layout-column\"><div class=\"fusion-title title fusion-title-4 fusion-sep-none fusion-title-text fusion-title-size-two\"><h2 class=\"fusion-title-heading title-heading-left\" style=\"margin:0;\">Laserschwei\u00dfen von elektronischen Baugruppen<\/h2><\/div><div class=\"fusion-separator\" style=\"align-self: flex-start;margin-right:auto;margin-top:10px;margin-bottom:30px;width:100%;max-width:50px;\"><div class=\"fusion-separator-border sep-single sep-solid\" style=\"--awb-height:20px;--awb-amount:20px;--awb-sep-color:var(--awb-color4);border-color:var(--awb-color4);border-top-width:3px;\"><\/div><\/div><div class=\"fusion-text fusion-text-4\"><p><strong>ngg_shortcode_1_placeholder<\/strong><\/p>\n<\/div><\/div><\/div><\/div><\/div><\/p>\n","protected":false},"excerpt":{"rendered":"","protected":false},"author":7,"featured_media":0,"parent":4166,"menu_order":0,"comment_status":"closed","ping_status":"closed","template":"100-width.php","meta":{"ngg_post_thumbnail":0,"footnotes":"","_links_to":"","_links_to_target":""},"class_list":["post-4516","page","type-page","status-publish","hentry"],"yoast_head":"<!-- This site is optimized with the Yoast SEO plugin v24.6 - https:\/\/yoast.com\/wordpress\/plugins\/seo\/ -->\n<title>Laserschwei\u00dfen in der Elektroindustrie \u2013 Laserzentrum Schorcht<\/title>\n<meta name=\"description\" content=\"Perfekte Schwei\u00dfverbindungen f\u00fcr Elektronik \u2013 pr\u00e4zises Laserschwei\u00dfen f\u00fcr Leiterplatten und Bauteile. \u2705 Laserzentrum Schorcht GmbH \u2705\" \/>\n<meta name=\"robots\" content=\"index, follow, max-snippet:-1, max-image-preview:large, max-video-preview:-1\" \/>\n<link rel=\"canonical\" href=\"https:\/\/form-klar.de\/agnilaser2025\/leistungen\/laserschweissen\/elektroindustrie\/\" \/>\n<meta property=\"og:locale\" content=\"de_DE\" \/>\n<meta property=\"og:type\" content=\"article\" \/>\n<meta property=\"og:title\" content=\"Laserschwei\u00dfen in der Elektroindustrie \u2013 Laserzentrum Schorcht\" \/>\n<meta property=\"og:description\" content=\"Perfekte Schwei\u00dfverbindungen f\u00fcr Elektronik \u2013 pr\u00e4zises Laserschwei\u00dfen f\u00fcr Leiterplatten und Bauteile. \u2705 Laserzentrum Schorcht GmbH \u2705\" \/>\n<meta property=\"og:url\" content=\"https:\/\/form-klar.de\/agnilaser2025\/leistungen\/laserschweissen\/elektroindustrie\/\" \/>\n<meta property=\"og:site_name\" content=\"Laserzentrum Schorcht GmbH\" \/>\n<meta property=\"article:modified_time\" content=\"2025-03-25T10:14:39+00:00\" \/>\n<meta name=\"twitter:label1\" content=\"Gesch\u00e4tzte Lesezeit\" \/>\n\t<meta name=\"twitter:data1\" content=\"1\u00a0Minute\" \/>\n<script type=\"application\/ld+json\" class=\"yoast-schema-graph\">{\"@context\":\"https:\/\/schema.org\",\"@graph\":[{\"@type\":\"WebPage\",\"@id\":\"https:\/\/form-klar.de\/agnilaser2025\/leistungen\/laserschweissen\/elektroindustrie\/\",\"url\":\"https:\/\/form-klar.de\/agnilaser2025\/leistungen\/laserschweissen\/elektroindustrie\/\",\"name\":\"Laserschwei\u00dfen in der Elektroindustrie \u2013 Laserzentrum Schorcht\",\"isPartOf\":{\"@id\":\"https:\/\/form-klar.de\/agnilaser2025\/#website\"},\"datePublished\":\"2025-03-03T12:45:59+00:00\",\"dateModified\":\"2025-03-25T10:14:39+00:00\",\"description\":\"Perfekte Schwei\u00dfverbindungen f\u00fcr Elektronik \u2013 pr\u00e4zises Laserschwei\u00dfen f\u00fcr Leiterplatten und Bauteile. \u2705 Laserzentrum Schorcht GmbH \u2705\",\"breadcrumb\":{\"@id\":\"https:\/\/form-klar.de\/agnilaser2025\/leistungen\/laserschweissen\/elektroindustrie\/#breadcrumb\"},\"inLanguage\":\"de\",\"potentialAction\":[{\"@type\":\"ReadAction\",\"target\":[\"https:\/\/form-klar.de\/agnilaser2025\/leistungen\/laserschweissen\/elektroindustrie\/\"]}]},{\"@type\":\"BreadcrumbList\",\"@id\":\"https:\/\/form-klar.de\/agnilaser2025\/leistungen\/laserschweissen\/elektroindustrie\/#breadcrumb\",\"itemListElement\":[{\"@type\":\"ListItem\",\"position\":1,\"name\":\"Leistungen\",\"item\":\"https:\/\/form-klar.de\/agnilaser2025\/leistungen\/\"},{\"@type\":\"ListItem\",\"position\":2,\"name\":\"Laserschwei\u00dfen\",\"item\":\"https:\/\/form-klar.de\/agnilaser2025\/leistungen\/laserschweissen\/\"},{\"@type\":\"ListItem\",\"position\":3,\"name\":\"Elektroindustrie\"}]},{\"@type\":\"WebSite\",\"@id\":\"https:\/\/form-klar.de\/agnilaser2025\/#website\",\"url\":\"https:\/\/form-klar.de\/agnilaser2025\/\",\"name\":\"Laserzentrum Schorcht GmbH\",\"description\":\"\",\"potentialAction\":[{\"@type\":\"SearchAction\",\"target\":{\"@type\":\"EntryPoint\",\"urlTemplate\":\"https:\/\/form-klar.de\/agnilaser2025\/?s={search_term_string}\"},\"query-input\":{\"@type\":\"PropertyValueSpecification\",\"valueRequired\":true,\"valueName\":\"search_term_string\"}}],\"inLanguage\":\"de\"}]}<\/script>\n<!-- \/ Yoast SEO plugin. -->","yoast_head_json":{"title":"Laserschwei\u00dfen in der Elektroindustrie \u2013 Laserzentrum Schorcht","description":"Perfekte Schwei\u00dfverbindungen f\u00fcr Elektronik \u2013 pr\u00e4zises Laserschwei\u00dfen f\u00fcr Leiterplatten und Bauteile. \u2705 Laserzentrum Schorcht GmbH \u2705","robots":{"index":"index","follow":"follow","max-snippet":"max-snippet:-1","max-image-preview":"max-image-preview:large","max-video-preview":"max-video-preview:-1"},"canonical":"https:\/\/form-klar.de\/agnilaser2025\/leistungen\/laserschweissen\/elektroindustrie\/","og_locale":"de_DE","og_type":"article","og_title":"Laserschwei\u00dfen in der Elektroindustrie \u2013 Laserzentrum Schorcht","og_description":"Perfekte Schwei\u00dfverbindungen f\u00fcr Elektronik \u2013 pr\u00e4zises Laserschwei\u00dfen f\u00fcr Leiterplatten und Bauteile. \u2705 Laserzentrum Schorcht GmbH \u2705","og_url":"https:\/\/form-klar.de\/agnilaser2025\/leistungen\/laserschweissen\/elektroindustrie\/","og_site_name":"Laserzentrum Schorcht GmbH","article_modified_time":"2025-03-25T10:14:39+00:00","twitter_misc":{"Gesch\u00e4tzte Lesezeit":"1\u00a0Minute"},"schema":{"@context":"https:\/\/schema.org","@graph":[{"@type":"WebPage","@id":"https:\/\/form-klar.de\/agnilaser2025\/leistungen\/laserschweissen\/elektroindustrie\/","url":"https:\/\/form-klar.de\/agnilaser2025\/leistungen\/laserschweissen\/elektroindustrie\/","name":"Laserschwei\u00dfen in der Elektroindustrie \u2013 Laserzentrum Schorcht","isPartOf":{"@id":"https:\/\/form-klar.de\/agnilaser2025\/#website"},"datePublished":"2025-03-03T12:45:59+00:00","dateModified":"2025-03-25T10:14:39+00:00","description":"Perfekte Schwei\u00dfverbindungen f\u00fcr Elektronik \u2013 pr\u00e4zises Laserschwei\u00dfen f\u00fcr Leiterplatten und Bauteile. \u2705 Laserzentrum Schorcht GmbH \u2705","breadcrumb":{"@id":"https:\/\/form-klar.de\/agnilaser2025\/leistungen\/laserschweissen\/elektroindustrie\/#breadcrumb"},"inLanguage":"de","potentialAction":[{"@type":"ReadAction","target":["https:\/\/form-klar.de\/agnilaser2025\/leistungen\/laserschweissen\/elektroindustrie\/"]}]},{"@type":"BreadcrumbList","@id":"https:\/\/form-klar.de\/agnilaser2025\/leistungen\/laserschweissen\/elektroindustrie\/#breadcrumb","itemListElement":[{"@type":"ListItem","position":1,"name":"Leistungen","item":"https:\/\/form-klar.de\/agnilaser2025\/leistungen\/"},{"@type":"ListItem","position":2,"name":"Laserschwei\u00dfen","item":"https:\/\/form-klar.de\/agnilaser2025\/leistungen\/laserschweissen\/"},{"@type":"ListItem","position":3,"name":"Elektroindustrie"}]},{"@type":"WebSite","@id":"https:\/\/form-klar.de\/agnilaser2025\/#website","url":"https:\/\/form-klar.de\/agnilaser2025\/","name":"Laserzentrum Schorcht GmbH","description":"","potentialAction":[{"@type":"SearchAction","target":{"@type":"EntryPoint","urlTemplate":"https:\/\/form-klar.de\/agnilaser2025\/?s={search_term_string}"},"query-input":{"@type":"PropertyValueSpecification","valueRequired":true,"valueName":"search_term_string"}}],"inLanguage":"de"}]}},"_links":{"self":[{"href":"https:\/\/form-klar.de\/agnilaser2025\/wp-json\/wp\/v2\/pages\/4516","targetHints":{"allow":["GET"]}}],"collection":[{"href":"https:\/\/form-klar.de\/agnilaser2025\/wp-json\/wp\/v2\/pages"}],"about":[{"href":"https:\/\/form-klar.de\/agnilaser2025\/wp-json\/wp\/v2\/types\/page"}],"author":[{"embeddable":true,"href":"https:\/\/form-klar.de\/agnilaser2025\/wp-json\/wp\/v2\/users\/7"}],"replies":[{"embeddable":true,"href":"https:\/\/form-klar.de\/agnilaser2025\/wp-json\/wp\/v2\/comments?post=4516"}],"version-history":[{"count":8,"href":"https:\/\/form-klar.de\/agnilaser2025\/wp-json\/wp\/v2\/pages\/4516\/revisions"}],"predecessor-version":[{"id":4642,"href":"https:\/\/form-klar.de\/agnilaser2025\/wp-json\/wp\/v2\/pages\/4516\/revisions\/4642"}],"up":[{"embeddable":true,"href":"https:\/\/form-klar.de\/agnilaser2025\/wp-json\/wp\/v2\/pages\/4166"}],"wp:attachment":[{"href":"https:\/\/form-klar.de\/agnilaser2025\/wp-json\/wp\/v2\/media?parent=4516"}],"curies":[{"name":"wp","href":"https:\/\/api.w.org\/{rel}","templated":true}]}}