{"id":4229,"date":"2024-08-05T09:49:35","date_gmt":"2024-08-05T09:49:35","guid":{"rendered":"https:\/\/www.agnilaser.de\/?page_id=1847"},"modified":"2024-08-05T09:49:35","modified_gmt":"2024-08-05T09:49:35","slug":"laserbohren-gera","status":"publish","type":"page","link":"https:\/\/form-klar.de\/agnilaser2025\/laserbohren-gera\/","title":{"rendered":"Laserbohren Gera"},"content":{"rendered":"<h2>Laserbohren Gera &#8211; Ihr regionaler Ansprechpartner<\/h2>\n<p>Laserbohren Gera: Als Experten im Bereich Laserbohren bieten wir Ihnen unsere komplette Laser-Kompetenz an. Ob Einzelpulsbohren oder Perkussionsbohren \u2013 wir sind Ihr verl\u00e4sslicher Partner. Denn wir setzen auf vielf\u00e4ltige moderne Anlagen. Sie erhalten Ihre Laserteile schnell und unkompliziert.<\/p>\n<h3>Laserbohren Gera: Gern stellen wir Ihnen diese Leistung vor.<\/h3>\n<p>Willkommen bei Laserzentrum Schorcht GmbH, Ihrem Laser-Partner im Lohn. Laserbohren ist effizient! Denn hier wird das Material mit einem einzigen Laserpuls durchdrungen. Damit ist das Laserbohren schnell und effektiv umsetzbar. Wir setzen Bohren mit dem Laser zudem vor der weiteren Bearbeitung ein.<\/p>\n<h3>Laserteile bestellen \u2013 Laserzentrum Schorcht GmbH ist Ihr Partner<\/h3>\n<p>Laserteile bestellen Sie bei Laserzentrum Schorcht GmbH! M\u00f6chten Sie d\u00fcnne Bleche bearbeiten? Das Laserbohren ist daf\u00fcr besonders geeignet, da es Materialst\u00e4rken von bis zu 0,2 mm m\u00fchelos durchdringt.<\/p>\n<h3>Im Vergleich: Perkussionsbohren und Einzelpuls-Bohren<\/h3>\n<p>Perkussionsbohren erm\u00f6glicht tiefere Bohrungen und ist ideal f\u00fcr robuste Materialien. Wie funktioniert das? Beim <strong>Perkussionsbohren<\/strong> erfolgen mehrere Laserimpulse nacheinander. Dadurch konzentriert sich die Energie auf einen kleinen Bereich. Das Material <strong>schmilzt oder verdampft<\/strong> in diesem Bereich. Schnell, sauber und ohne Grat.<\/p>\n<h3>Laserbohren in Erfurt \u2013 Laserzentrum Schorcht GmbH \/ Schorcht Laserzentrum<\/h3>\n<p><a title=\"Laserbohren Gera\" href=\"https:\/\/form-klar.de\/agnilaser2025\/\/unternehmen-laserzentrum- thueringen\/\"><strong>Laserbohren von Laserzentrum Schorcht GmbH<\/strong><\/a>: M\u00f6chten Sie uns beauftragen? Wir bearbeiten jeden Auftrag schnell, gr\u00fcndlich und in garantiert hoher Qualit\u00e4t. Denn wir w\u00e4hlen den optimalen Laser f\u00fcr Ihr Produkt aus. Damit erzielen wir optimale Ergebnisse. Profitieren Sie jetzt von den Vorteilen des Bohrens mit dem Laser. Kleinste Durchmesser, schnelle Bohrung, hohe Genauigkeit \u2013 darauf kommt es an!<\/p>\n<h3>Ber\u00fchrungslose Bearbeitung \u2013 ideal f\u00fcr kleinste Bohrungen<\/h3>\n<p>Laserbohren zeichnet sich durch <strong>ber\u00fchrungslose Bearbeitung<\/strong> aus. Das hei\u00dft, dass mechanischer Stress wegf\u00e4llt. \u00c4hnlich wie beim Laserschneiden ist der \u200b W\u00e4rmeeintrag minimal, sodass keine K\u00fchlung notwendig ist. Der Energieeintrag erfolgt pr\u00e4zise und automatisiert. Das macht Laserbohren sowohl f\u00fcr Serien als auch f\u00fcr Prototypen ideal. F\u00fcr <strong>sehr kleine L\u00f6cher<\/strong> ist Laserbohren die Methode der Wahl! Denn mechanische Verfahren versagen bei sehr kleinen Durchmessern.<\/p>\n<h3>Laserbohren Gera \u2013 unsere Beratung<\/h3>\n<p>Wie schnell ist Laserbohren? Zum Beispiel bohren wir in einer Aluminiumfolie 2500 L\u00f6cher in nur vier Sekunden. Mit einem <a title=\"Laserbohren Gera\" href=\"https:\/\/form-klar.de\/agnilaser2025\/\/lohnfertigung\/laserbohren-thueringe\/\"><strong>Durchmesser ab 0,02 Millimeter<\/strong><\/a> sind wir dabei. Suchen Sie nach Laserbohren Gera? Wir beraten Sie gerne hier in der Region! Zu unseren Kunden z\u00e4hlen Unternehmen aus der Elektronik-, Medizintechnik- und Automobilindustrie.<\/p>\n","protected":false},"excerpt":{"rendered":"<p>Laserbohren Gera &#8211; Ihr regionaler Ansprechpartner Laserbohren Gera: Als Experten im Bereich Laserbohren bieten wir Ihnen unsere komplette Laser-Kompetenz an. Ob Einzelpulsbohren oder Perkussionsbohren \u2013 [&hellip;]<\/p>\n","protected":false},"author":9,"featured_media":0,"parent":0,"menu_order":0,"comment_status":"closed","ping_status":"closed","template":"","meta":{"ngg_post_thumbnail":0,"footnotes":"","_links_to":"","_links_to_target":""},"class_list":["post-4229","page","type-page","status-publish","hentry"],"yoast_head":"<!-- This site is optimized with the Yoast SEO plugin v24.6 - https:\/\/yoast.com\/wordpress\/plugins\/seo\/ -->\n<title>Laserbohren Gera | Laserzentrum Schorcht GmbH &amp; Schorcht | Das Laserzentrum<\/title>\n<meta name=\"description\" content=\"Laserbohren Gera: Sie suchen eine Firma f\u00fcr die Leistung Laserbohren in Erfurt? Wir sind in der Region Ihr Partner. Setzen Sie auf Schorcht \/ Laserzentrum Schorcht GmbH.\" \/>\n<meta name=\"robots\" content=\"index, follow, max-snippet:-1, max-image-preview:large, max-video-preview:-1\" \/>\n<link rel=\"canonical\" href=\"https:\/\/form-klar.de\/agnilaser2025\/laserbohren-gera\/\" \/>\n<meta property=\"og:locale\" content=\"de_DE\" \/>\n<meta property=\"og:type\" content=\"article\" \/>\n<meta property=\"og:title\" content=\"Laserbohren Gera | Laserzentrum Schorcht GmbH &amp; Schorcht | Das Laserzentrum\" \/>\n<meta property=\"og:description\" content=\"Laserbohren Gera: Sie suchen eine Firma f\u00fcr die Leistung Laserbohren in Erfurt? Wir sind in der Region Ihr Partner. Setzen Sie auf Schorcht \/ Laserzentrum Schorcht GmbH.\" \/>\n<meta property=\"og:url\" content=\"https:\/\/form-klar.de\/agnilaser2025\/laserbohren-gera\/\" \/>\n<meta property=\"og:site_name\" content=\"Laserzentrum Schorcht GmbH\" \/>\n<meta name=\"twitter:label1\" content=\"Gesch\u00e4tzte Lesezeit\" \/>\n\t<meta name=\"twitter:data1\" content=\"2\u00a0Minuten\" \/>\n<script type=\"application\/ld+json\" class=\"yoast-schema-graph\">{\"@context\":\"https:\/\/schema.org\",\"@graph\":[{\"@type\":\"WebPage\",\"@id\":\"https:\/\/form-klar.de\/agnilaser2025\/laserbohren-gera\/\",\"url\":\"https:\/\/form-klar.de\/agnilaser2025\/laserbohren-gera\/\",\"name\":\"Laserbohren Gera | Laserzentrum Schorcht GmbH & Schorcht | Das Laserzentrum\",\"isPartOf\":{\"@id\":\"https:\/\/form-klar.de\/agnilaser2025\/#website\"},\"datePublished\":\"2024-08-05T09:49:35+00:00\",\"description\":\"Laserbohren Gera: Sie suchen eine Firma f\u00fcr die Leistung Laserbohren in Erfurt? Wir sind in der Region Ihr Partner. Setzen Sie auf Schorcht \/ Laserzentrum Schorcht GmbH.\",\"inLanguage\":\"de\",\"potentialAction\":[{\"@type\":\"ReadAction\",\"target\":[\"https:\/\/form-klar.de\/agnilaser2025\/laserbohren-gera\/\"]}]},{\"@type\":\"WebSite\",\"@id\":\"https:\/\/form-klar.de\/agnilaser2025\/#website\",\"url\":\"https:\/\/form-klar.de\/agnilaser2025\/\",\"name\":\"Laserzentrum Schorcht GmbH\",\"description\":\"\",\"potentialAction\":[{\"@type\":\"SearchAction\",\"target\":{\"@type\":\"EntryPoint\",\"urlTemplate\":\"https:\/\/form-klar.de\/agnilaser2025\/?s={search_term_string}\"},\"query-input\":{\"@type\":\"PropertyValueSpecification\",\"valueRequired\":true,\"valueName\":\"search_term_string\"}}],\"inLanguage\":\"de\"}]}<\/script>\n<!-- \/ Yoast SEO plugin. -->","yoast_head_json":{"title":"Laserbohren Gera | Laserzentrum Schorcht GmbH & Schorcht | Das Laserzentrum","description":"Laserbohren Gera: Sie suchen eine Firma f\u00fcr die Leistung Laserbohren in Erfurt? Wir sind in der Region Ihr Partner. Setzen Sie auf Schorcht \/ Laserzentrum Schorcht GmbH.","robots":{"index":"index","follow":"follow","max-snippet":"max-snippet:-1","max-image-preview":"max-image-preview:large","max-video-preview":"max-video-preview:-1"},"canonical":"https:\/\/form-klar.de\/agnilaser2025\/laserbohren-gera\/","og_locale":"de_DE","og_type":"article","og_title":"Laserbohren Gera | Laserzentrum Schorcht GmbH & Schorcht | Das Laserzentrum","og_description":"Laserbohren Gera: Sie suchen eine Firma f\u00fcr die Leistung Laserbohren in Erfurt? Wir sind in der Region Ihr Partner. Setzen Sie auf Schorcht \/ Laserzentrum Schorcht GmbH.","og_url":"https:\/\/form-klar.de\/agnilaser2025\/laserbohren-gera\/","og_site_name":"Laserzentrum Schorcht GmbH","twitter_misc":{"Gesch\u00e4tzte Lesezeit":"2\u00a0Minuten"},"schema":{"@context":"https:\/\/schema.org","@graph":[{"@type":"WebPage","@id":"https:\/\/form-klar.de\/agnilaser2025\/laserbohren-gera\/","url":"https:\/\/form-klar.de\/agnilaser2025\/laserbohren-gera\/","name":"Laserbohren Gera | Laserzentrum Schorcht GmbH & Schorcht | Das Laserzentrum","isPartOf":{"@id":"https:\/\/form-klar.de\/agnilaser2025\/#website"},"datePublished":"2024-08-05T09:49:35+00:00","description":"Laserbohren Gera: Sie suchen eine Firma f\u00fcr die Leistung Laserbohren in Erfurt? Wir sind in der Region Ihr Partner. Setzen Sie auf Schorcht \/ Laserzentrum Schorcht GmbH.","inLanguage":"de","potentialAction":[{"@type":"ReadAction","target":["https:\/\/form-klar.de\/agnilaser2025\/laserbohren-gera\/"]}]},{"@type":"WebSite","@id":"https:\/\/form-klar.de\/agnilaser2025\/#website","url":"https:\/\/form-klar.de\/agnilaser2025\/","name":"Laserzentrum Schorcht GmbH","description":"","potentialAction":[{"@type":"SearchAction","target":{"@type":"EntryPoint","urlTemplate":"https:\/\/form-klar.de\/agnilaser2025\/?s={search_term_string}"},"query-input":{"@type":"PropertyValueSpecification","valueRequired":true,"valueName":"search_term_string"}}],"inLanguage":"de"}]}},"_links":{"self":[{"href":"https:\/\/form-klar.de\/agnilaser2025\/wp-json\/wp\/v2\/pages\/4229","targetHints":{"allow":["GET"]}}],"collection":[{"href":"https:\/\/form-klar.de\/agnilaser2025\/wp-json\/wp\/v2\/pages"}],"about":[{"href":"https:\/\/form-klar.de\/agnilaser2025\/wp-json\/wp\/v2\/types\/page"}],"author":[{"embeddable":true,"href":"https:\/\/form-klar.de\/agnilaser2025\/wp-json\/wp\/v2\/users\/9"}],"replies":[{"embeddable":true,"href":"https:\/\/form-klar.de\/agnilaser2025\/wp-json\/wp\/v2\/comments?post=4229"}],"version-history":[{"count":0,"href":"https:\/\/form-klar.de\/agnilaser2025\/wp-json\/wp\/v2\/pages\/4229\/revisions"}],"wp:attachment":[{"href":"https:\/\/form-klar.de\/agnilaser2025\/wp-json\/wp\/v2\/media?parent=4229"}],"curies":[{"name":"wp","href":"https:\/\/api.w.org\/{rel}","templated":true}]}}