{"id":4217,"date":"2024-04-29T05:41:55","date_gmt":"2024-04-29T05:41:55","guid":{"rendered":"http:\/\/www.agnilaser.de\/?page_id=1836"},"modified":"2024-04-29T05:41:55","modified_gmt":"2024-04-29T05:41:55","slug":"laserbeschriftung-gera","status":"publish","type":"page","link":"https:\/\/form-klar.de\/agnilaser2025\/laserbeschriftung-gera\/","title":{"rendered":"Laserbeschriftung Gera"},"content":{"rendered":"<h2>Laserbeschriftung Gera: Laserzentrum Schorcht GmbH und Schorcht sind Ihr Fachexperte f\u00fcr Laserbeschriftungen<\/h2>\n<p>Willkommen in der Welt der High-Tech Laserbeschriftungen! Laserzentrum Schorcht GmbH, Ihr zuverl\u00e4ssiger Partner im Herzen von Th\u00fcringen, bedient branchen\u00fcbergreifend f\u00fchrende Unternehmen. Wenn Sie nach Laserbeschriftung Gera suchen \u2013 dann beraten wir Sie gerne! Ob Automotive, Maschinenbau, feinmechanische <strong>Elektronik oder Werkzeugbau<\/strong>\u2013 wir beschriften alles mit dem Laser. Mit 20 Jahren fundierter Erfahrung k\u00f6nnen wir zudem aufwarten. Unser dynamisches Team ist optimal f\u00fcr die Lohnfertigung vorbereitet. Auf geht\u2019s! Wir beschriften Ihre Teile!<\/p>\n<h3>Beschriften und Gravur \u2013 Laserbeschriftung Gera<\/h3>\n<p>Ob filigrane Gravuren, detaillierte Materialabtragungen oder dynamische Aufsch\u00e4umungen \u2013 unser Angebot ist vielseitig. Laserzentrum Schorcht GmbH bietet nicht erstens klassische 2D-Beschriftungen. Zweitens setzen wir auf hochwertige 3D-Lasergravuren. Alles ist dabei! Von winzigen, maschinenlesbaren Kennzeichnungen wie <strong>QR-Codes und Seriennummern <\/strong>bis hin zu aufwendigen Unternehmenslogos! Wir gravieren stets mit h\u00f6chster Pr\u00e4zision.<\/p>\n<h3>Innovation und Effizienz mit unseren CNC-Anlagen<\/h3>\n<p>Unser <a title=\"Laserbeschriftung Gera\" href=\"https:\/\/form-klar.de\/agnilaser2025\/\/laserprogramm\/\"><strong>Einsatz modernster CNC-Laser<\/strong><\/a> erm\u00f6glicht es, gro\u00dfe Auftr\u00e4ge schnell und automatisiert abzuwickeln. Das ist in Ihrem Sinne? Dann sind wir Partner! Denn wir m\u00f6chten, dass unsere Kunden wertvolle Zeit sparen. Ebenso pflegen wir die intensive Beratung, wenn es um individuelle Vorhaben geht. Auch bei der Entwicklung von Prototypen und \u00e4hnlichem sind wir Teil des Teams! Nutzen Sie die Vorteile des Laserns auch bei Beschriftungen aller Art. Denn die ber\u00fchrungslose und kraftfreie Bearbeitung ist optimal. Sie sichern sehr geringe Materialspannungen und -verformungen. Hier geht es stets um Qualit\u00e4t! Steigern Sie diese mit uns signifikant.<\/p>\n<h3>CNC-Technologie, die begeistert<\/h3>\n<p>\u200bSetzen Sie auf unsere Anlagentechnik! Alle <strong>Lasersysteme<\/strong> sind vorhanden! Darunter CO2-Laser, ND:YAG-Laser und Faserlaser. Dieses breite Angebot bietet uns viele Optionen. Zum Beispiel jedes Material mit au\u00dfergew\u00f6hnlicher Geschwindigkeit und Exaktheit zu bearbeiten. Speziell im Raum Gera bieten wir zudem eine <strong>ma\u00dfgeschneiderte Beratung<\/strong>. Denn hier vor Ort ist es wichtig, dass jede Laserbeschriftung Ihren Anforderungen entspricht.<\/p>\n<h3>Vorab gesichert und perfektioniert<\/h3>\n<p>In unserem hauseigenen <a title=\"Laserbeschriftung Gera\" href=\"https:\/\/form-klar.de\/agnilaser2025\/\/service\/applikationslabor-thueringen\/\"><strong>Labor testen<\/strong><\/a> und perfektionieren wir die Musterfertigung! Denn dann k\u00f6nnen wir zur Tat schreiten. Ob Prototyp oder Serie \u2013 alles mit Qualit\u00e4t! Wir garantieren zudem, dass selbst die kleinsten Details Ihren Spezifikationen entsprechen und Ihre Erwartungen \u00fcbertreffen. Setzen Sie auf Laserzentrum Schorcht GmbH \u2013 Ihren Experten f\u00fcr <strong>pr\u00e4zise und schnelle Laserbeschriftungen in Gera<\/strong> und dar\u00fcber hinaus. Entdecken Sie, wie unsere technologische Expertise Ihr n\u00e4chstes Projekt revolutionieren kann!<\/p>\n","protected":false},"excerpt":{"rendered":"<p>Laserbeschriftung Gera: Laserzentrum Schorcht GmbH und Schorcht sind Ihr Fachexperte f\u00fcr Laserbeschriftungen Willkommen in der Welt der High-Tech Laserbeschriftungen! Laserzentrum Schorcht GmbH, Ihr zuverl\u00e4ssiger Partner [&hellip;]<\/p>\n","protected":false},"author":9,"featured_media":0,"parent":0,"menu_order":0,"comment_status":"closed","ping_status":"closed","template":"","meta":{"ngg_post_thumbnail":0,"footnotes":"","_links_to":"","_links_to_target":""},"class_list":["post-4217","page","type-page","status-publish","hentry"],"yoast_head":"<!-- This site is optimized with the Yoast SEO plugin v24.6 - https:\/\/yoast.com\/wordpress\/plugins\/seo\/ -->\n<title>Laserbeschriftung Gera | Laserzentrum Schorcht GmbH und Schorcht Laserzentrum<\/title>\n<meta name=\"description\" content=\"Laserbeschriftung Gera: Wir arbeiten f\u00fcr Sie in der Lohnfertigung und beschriften Ihre Laserteile \u2013 mit dem Laser.\" \/>\n<meta name=\"robots\" content=\"index, follow, max-snippet:-1, max-image-preview:large, max-video-preview:-1\" \/>\n<link rel=\"canonical\" href=\"https:\/\/form-klar.de\/agnilaser2025\/laserbeschriftung-gera\/\" \/>\n<meta property=\"og:locale\" content=\"de_DE\" \/>\n<meta property=\"og:type\" content=\"article\" \/>\n<meta property=\"og:title\" content=\"Laserbeschriftung Gera | Laserzentrum Schorcht GmbH und Schorcht Laserzentrum\" \/>\n<meta property=\"og:description\" content=\"Laserbeschriftung Gera: Wir arbeiten f\u00fcr Sie in der Lohnfertigung und beschriften Ihre Laserteile \u2013 mit dem Laser.\" \/>\n<meta property=\"og:url\" content=\"https:\/\/form-klar.de\/agnilaser2025\/laserbeschriftung-gera\/\" \/>\n<meta property=\"og:site_name\" content=\"Laserzentrum Schorcht GmbH\" \/>\n<meta name=\"twitter:label1\" content=\"Gesch\u00e4tzte Lesezeit\" \/>\n\t<meta name=\"twitter:data1\" content=\"2\u00a0Minuten\" \/>\n<script type=\"application\/ld+json\" class=\"yoast-schema-graph\">{\"@context\":\"https:\/\/schema.org\",\"@graph\":[{\"@type\":\"WebPage\",\"@id\":\"https:\/\/form-klar.de\/agnilaser2025\/laserbeschriftung-gera\/\",\"url\":\"https:\/\/form-klar.de\/agnilaser2025\/laserbeschriftung-gera\/\",\"name\":\"Laserbeschriftung Gera | Laserzentrum Schorcht GmbH und Schorcht Laserzentrum\",\"isPartOf\":{\"@id\":\"https:\/\/form-klar.de\/agnilaser2025\/#website\"},\"datePublished\":\"2024-04-29T05:41:55+00:00\",\"description\":\"Laserbeschriftung Gera: Wir arbeiten f\u00fcr Sie in der Lohnfertigung und beschriften Ihre Laserteile \u2013 mit dem Laser.\",\"inLanguage\":\"de\",\"potentialAction\":[{\"@type\":\"ReadAction\",\"target\":[\"https:\/\/form-klar.de\/agnilaser2025\/laserbeschriftung-gera\/\"]}]},{\"@type\":\"WebSite\",\"@id\":\"https:\/\/form-klar.de\/agnilaser2025\/#website\",\"url\":\"https:\/\/form-klar.de\/agnilaser2025\/\",\"name\":\"Laserzentrum Schorcht GmbH\",\"description\":\"\",\"potentialAction\":[{\"@type\":\"SearchAction\",\"target\":{\"@type\":\"EntryPoint\",\"urlTemplate\":\"https:\/\/form-klar.de\/agnilaser2025\/?s={search_term_string}\"},\"query-input\":{\"@type\":\"PropertyValueSpecification\",\"valueRequired\":true,\"valueName\":\"search_term_string\"}}],\"inLanguage\":\"de\"}]}<\/script>\n<!-- \/ Yoast SEO plugin. -->","yoast_head_json":{"title":"Laserbeschriftung Gera | Laserzentrum Schorcht GmbH und Schorcht Laserzentrum","description":"Laserbeschriftung Gera: Wir arbeiten f\u00fcr Sie in der Lohnfertigung und beschriften Ihre Laserteile \u2013 mit dem Laser.","robots":{"index":"index","follow":"follow","max-snippet":"max-snippet:-1","max-image-preview":"max-image-preview:large","max-video-preview":"max-video-preview:-1"},"canonical":"https:\/\/form-klar.de\/agnilaser2025\/laserbeschriftung-gera\/","og_locale":"de_DE","og_type":"article","og_title":"Laserbeschriftung Gera | Laserzentrum Schorcht GmbH und Schorcht Laserzentrum","og_description":"Laserbeschriftung Gera: Wir arbeiten f\u00fcr Sie in der Lohnfertigung und beschriften Ihre Laserteile \u2013 mit dem Laser.","og_url":"https:\/\/form-klar.de\/agnilaser2025\/laserbeschriftung-gera\/","og_site_name":"Laserzentrum Schorcht GmbH","twitter_misc":{"Gesch\u00e4tzte Lesezeit":"2\u00a0Minuten"},"schema":{"@context":"https:\/\/schema.org","@graph":[{"@type":"WebPage","@id":"https:\/\/form-klar.de\/agnilaser2025\/laserbeschriftung-gera\/","url":"https:\/\/form-klar.de\/agnilaser2025\/laserbeschriftung-gera\/","name":"Laserbeschriftung Gera | Laserzentrum Schorcht GmbH und Schorcht Laserzentrum","isPartOf":{"@id":"https:\/\/form-klar.de\/agnilaser2025\/#website"},"datePublished":"2024-04-29T05:41:55+00:00","description":"Laserbeschriftung Gera: Wir arbeiten f\u00fcr Sie in der Lohnfertigung und beschriften Ihre Laserteile \u2013 mit dem Laser.","inLanguage":"de","potentialAction":[{"@type":"ReadAction","target":["https:\/\/form-klar.de\/agnilaser2025\/laserbeschriftung-gera\/"]}]},{"@type":"WebSite","@id":"https:\/\/form-klar.de\/agnilaser2025\/#website","url":"https:\/\/form-klar.de\/agnilaser2025\/","name":"Laserzentrum Schorcht GmbH","description":"","potentialAction":[{"@type":"SearchAction","target":{"@type":"EntryPoint","urlTemplate":"https:\/\/form-klar.de\/agnilaser2025\/?s={search_term_string}"},"query-input":{"@type":"PropertyValueSpecification","valueRequired":true,"valueName":"search_term_string"}}],"inLanguage":"de"}]}},"_links":{"self":[{"href":"https:\/\/form-klar.de\/agnilaser2025\/wp-json\/wp\/v2\/pages\/4217","targetHints":{"allow":["GET"]}}],"collection":[{"href":"https:\/\/form-klar.de\/agnilaser2025\/wp-json\/wp\/v2\/pages"}],"about":[{"href":"https:\/\/form-klar.de\/agnilaser2025\/wp-json\/wp\/v2\/types\/page"}],"author":[{"embeddable":true,"href":"https:\/\/form-klar.de\/agnilaser2025\/wp-json\/wp\/v2\/users\/9"}],"replies":[{"embeddable":true,"href":"https:\/\/form-klar.de\/agnilaser2025\/wp-json\/wp\/v2\/comments?post=4217"}],"version-history":[{"count":0,"href":"https:\/\/form-klar.de\/agnilaser2025\/wp-json\/wp\/v2\/pages\/4217\/revisions"}],"wp:attachment":[{"href":"https:\/\/form-klar.de\/agnilaser2025\/wp-json\/wp\/v2\/media?parent=4217"}],"curies":[{"name":"wp","href":"https:\/\/api.w.org\/{rel}","templated":true}]}}