{"id":4216,"date":"2024-03-25T10:45:28","date_gmt":"2024-03-25T10:45:28","guid":{"rendered":"http:\/\/www.agnilaser.de\/?page_id=1833"},"modified":"2024-03-25T10:45:28","modified_gmt":"2024-03-25T10:45:28","slug":"laserbeschriften-naumburg","status":"publish","type":"page","link":"https:\/\/form-klar.de\/agnilaser2025\/laserbeschriften-naumburg\/","title":{"rendered":"Laserbeschriften Naumburg"},"content":{"rendered":"<h2>Laserbeschriften Naumburg in der Lohnfertigung \u2013 Unser Angebot f\u00fcr Sie<\/h2>\n<p>Willkommen bei unserem Service f\u00fcr <strong>Laserbeschriften Naumburg<\/strong>! In der Region Th\u00fcringen und Sachsen-Anhalt bis nach Sachsen sind wir Ihr Partner f\u00fcr hochwertige Laserteile. Ob Laserschneiden, Laserschwei\u00dfen oder Markieren mit dem Laser \u2013 buchen Sie bei uns! Lernen Sie den Service von Laserzentrum Schorcht GmbH kennen! Denn wir sind Ihre Ansprechpartner, wenn es ums <strong>Beschriften mit dem Laser<\/strong> geht. Unsere Ger\u00e4te k\u00f6nnen viele Aufgaben \u00fcbernehmen. Egal, was Sie vorhaben \u2013 wir haben die richtigen Werkzeuge daf\u00fcr. Sie m\u00f6chten etwas beschriften lassen? Kein Problem, wir stehen bereit, um Sie zu beraten und die <strong>beste L\u00f6sung f\u00fcr Ihr Projekt<\/strong> zu finden. Fast jedes Material kann mit unserer Technik bearbeitet werden! Wir sie die Profis f\u00fcr das Beschriften und die Markierung.<\/p>\n<h3>Laserbeschriften Naumburg: Finden Sie den perfekten Laser f\u00fcr Ihr Projekt<\/h3>\n<p>Wir haben viele Laser zur Verf\u00fcgung. Denn das ist unser Ansatz. Wir halten die Technik vor, die Sie brauchen. Damit wir genau das machen k\u00f6nnen, was Sie brauchen! Egal, ob es ums Gravieren, Beschriften, Abtragen von Material oder andere Techniken geht \u2013 wir finden die passende Methode f\u00fcr Sie. Melden Sie sich einfach <a title=\"Laserbeschriften Naumburg\" href=\"https:\/\/form-klar.de\/agnilaser2025\/\/kontakt\/ansprechpartner-Laserzentrum Schorcht GmbH\/\" class=\"broken_link\"><strong>per E-Mail oder Telefon<\/strong><\/a> bei uns. Denn erstens wir beraten Sie gerne freundlich und kompetent. Zweitens m\u00f6chten wir f\u00fcr Sie schnell zum Ziel kommen. Und drittens bieten wir hochqualitative Ergebnisse. Jeder Auftrag soll ein Erfolg sein. Unsere Vielfalt an Lasern erlaubt es uns, alles M\u00f6gliche zu realisieren! Ob Schriftz\u00fcge, Bilder, spezielle Codes und 3D- Effekte \u2013 alles ist m\u00f6glich. Ihre W\u00fcnsche sind uns dabei besonders wichtig.<\/p>\n<h3>Eindeutiges Kennzeichnen \u2013 Sicherheit gegen F\u00e4lschung<\/h3>\n<p>Beim Gravieren entfernen wir zum Beispiel Material mit speziellen Lasern. Hier entsteht ein klarer Kontrast. Das Ergebnis ist gut lesbar. Zudem kann es nicht gef\u00e4lscht werden. Eine Entfernung w\u00e4re eben nur durch starkes Abschleifen m\u00f6glich. Wenn Sie also Teile markieren m\u00fcssen, sind wir f\u00fcr Sie da.<\/p>\n<h3>Die passende Beschriftungsmethode w\u00e4hlen<\/h3>\n<p>\u200bWir haben <a title=\"Laserbeschriften Naumburg\" href=\"https:\/\/form-klar.de\/agnilaser2025\/\/laserprogramm\/\"><strong>viele Techniken im Angebot<\/strong><\/a>. Mit dem Laser k\u00f6nnen wir beispielsweise Farb\u00e4nderungen durch Oxidation erzeugen. Oder wir entfernen Lack pr\u00e4zise. Das ist besonders im Cockpit von Autos \u00fcblich, nur als ein Beispiel. Arbeiten Sie mit uns, um Ihre Produkte sicher und kosteng\u00fcnstig zu produzieren. Wir freuen uns darauf, Ihnen Ihre Laserbeschriftungen zu fertigen! Fragen Sie jetzt auch <strong>Laserteile inklusive Laserschwei\u00dfen<\/strong> an.<\/p>\n","protected":false},"excerpt":{"rendered":"<p>Laserbeschriften Naumburg in der Lohnfertigung \u2013 Unser Angebot f\u00fcr Sie Willkommen bei unserem Service f\u00fcr Laserbeschriften Naumburg! In der Region Th\u00fcringen und Sachsen-Anhalt bis nach [&hellip;]<\/p>\n","protected":false},"author":9,"featured_media":0,"parent":0,"menu_order":0,"comment_status":"closed","ping_status":"closed","template":"","meta":{"ngg_post_thumbnail":0,"footnotes":"","_links_to":"","_links_to_target":""},"class_list":["post-4216","page","type-page","status-publish","hentry"],"yoast_head":"<!-- This site is optimized with the Yoast SEO plugin v24.6 - https:\/\/yoast.com\/wordpress\/plugins\/seo\/ -->\n<title>Laserbeschriften Naumburg: Lohnfertigung nach individueller Anfrage<\/title>\n<meta name=\"description\" content=\"Buchen Sie jetzt Ihre Laserteile inklusive Laserschwei\u00dfen und Markierung f\u00fcr Naumburg \u2013 Laserzentrum Schorcht GmbH: Laserbeschriften Naumburg.\" \/>\n<meta name=\"robots\" content=\"index, follow, max-snippet:-1, max-image-preview:large, max-video-preview:-1\" \/>\n<link rel=\"canonical\" href=\"https:\/\/form-klar.de\/agnilaser2025\/laserbeschriften-naumburg\/\" \/>\n<meta property=\"og:locale\" content=\"de_DE\" \/>\n<meta property=\"og:type\" content=\"article\" \/>\n<meta property=\"og:title\" content=\"Laserbeschriften Naumburg: Lohnfertigung nach individueller Anfrage\" \/>\n<meta property=\"og:description\" content=\"Buchen Sie jetzt Ihre Laserteile inklusive Laserschwei\u00dfen und Markierung f\u00fcr Naumburg \u2013 Laserzentrum Schorcht GmbH: Laserbeschriften Naumburg.\" \/>\n<meta property=\"og:url\" content=\"https:\/\/form-klar.de\/agnilaser2025\/laserbeschriften-naumburg\/\" \/>\n<meta property=\"og:site_name\" content=\"Laserzentrum Schorcht GmbH\" \/>\n<meta name=\"twitter:label1\" content=\"Gesch\u00e4tzte Lesezeit\" \/>\n\t<meta name=\"twitter:data1\" content=\"3\u00a0Minuten\" \/>\n<script type=\"application\/ld+json\" class=\"yoast-schema-graph\">{\"@context\":\"https:\/\/schema.org\",\"@graph\":[{\"@type\":\"WebPage\",\"@id\":\"https:\/\/form-klar.de\/agnilaser2025\/laserbeschriften-naumburg\/\",\"url\":\"https:\/\/form-klar.de\/agnilaser2025\/laserbeschriften-naumburg\/\",\"name\":\"Laserbeschriften Naumburg: Lohnfertigung nach individueller Anfrage\",\"isPartOf\":{\"@id\":\"https:\/\/form-klar.de\/agnilaser2025\/#website\"},\"datePublished\":\"2024-03-25T10:45:28+00:00\",\"description\":\"Buchen Sie jetzt Ihre Laserteile inklusive Laserschwei\u00dfen und Markierung f\u00fcr Naumburg \u2013 Laserzentrum Schorcht GmbH: Laserbeschriften Naumburg.\",\"inLanguage\":\"de\",\"potentialAction\":[{\"@type\":\"ReadAction\",\"target\":[\"https:\/\/form-klar.de\/agnilaser2025\/laserbeschriften-naumburg\/\"]}]},{\"@type\":\"WebSite\",\"@id\":\"https:\/\/form-klar.de\/agnilaser2025\/#website\",\"url\":\"https:\/\/form-klar.de\/agnilaser2025\/\",\"name\":\"Laserzentrum Schorcht GmbH\",\"description\":\"\",\"potentialAction\":[{\"@type\":\"SearchAction\",\"target\":{\"@type\":\"EntryPoint\",\"urlTemplate\":\"https:\/\/form-klar.de\/agnilaser2025\/?s={search_term_string}\"},\"query-input\":{\"@type\":\"PropertyValueSpecification\",\"valueRequired\":true,\"valueName\":\"search_term_string\"}}],\"inLanguage\":\"de\"}]}<\/script>\n<!-- \/ Yoast SEO plugin. -->","yoast_head_json":{"title":"Laserbeschriften Naumburg: Lohnfertigung nach individueller Anfrage","description":"Buchen Sie jetzt Ihre Laserteile inklusive Laserschwei\u00dfen und Markierung f\u00fcr Naumburg \u2013 Laserzentrum Schorcht GmbH: Laserbeschriften Naumburg.","robots":{"index":"index","follow":"follow","max-snippet":"max-snippet:-1","max-image-preview":"max-image-preview:large","max-video-preview":"max-video-preview:-1"},"canonical":"https:\/\/form-klar.de\/agnilaser2025\/laserbeschriften-naumburg\/","og_locale":"de_DE","og_type":"article","og_title":"Laserbeschriften Naumburg: Lohnfertigung nach individueller Anfrage","og_description":"Buchen Sie jetzt Ihre Laserteile inklusive Laserschwei\u00dfen und Markierung f\u00fcr Naumburg \u2013 Laserzentrum Schorcht GmbH: Laserbeschriften Naumburg.","og_url":"https:\/\/form-klar.de\/agnilaser2025\/laserbeschriften-naumburg\/","og_site_name":"Laserzentrum Schorcht GmbH","twitter_misc":{"Gesch\u00e4tzte Lesezeit":"3\u00a0Minuten"},"schema":{"@context":"https:\/\/schema.org","@graph":[{"@type":"WebPage","@id":"https:\/\/form-klar.de\/agnilaser2025\/laserbeschriften-naumburg\/","url":"https:\/\/form-klar.de\/agnilaser2025\/laserbeschriften-naumburg\/","name":"Laserbeschriften Naumburg: Lohnfertigung nach individueller Anfrage","isPartOf":{"@id":"https:\/\/form-klar.de\/agnilaser2025\/#website"},"datePublished":"2024-03-25T10:45:28+00:00","description":"Buchen Sie jetzt Ihre Laserteile inklusive Laserschwei\u00dfen und Markierung f\u00fcr Naumburg \u2013 Laserzentrum Schorcht GmbH: Laserbeschriften Naumburg.","inLanguage":"de","potentialAction":[{"@type":"ReadAction","target":["https:\/\/form-klar.de\/agnilaser2025\/laserbeschriften-naumburg\/"]}]},{"@type":"WebSite","@id":"https:\/\/form-klar.de\/agnilaser2025\/#website","url":"https:\/\/form-klar.de\/agnilaser2025\/","name":"Laserzentrum Schorcht GmbH","description":"","potentialAction":[{"@type":"SearchAction","target":{"@type":"EntryPoint","urlTemplate":"https:\/\/form-klar.de\/agnilaser2025\/?s={search_term_string}"},"query-input":{"@type":"PropertyValueSpecification","valueRequired":true,"valueName":"search_term_string"}}],"inLanguage":"de"}]}},"_links":{"self":[{"href":"https:\/\/form-klar.de\/agnilaser2025\/wp-json\/wp\/v2\/pages\/4216","targetHints":{"allow":["GET"]}}],"collection":[{"href":"https:\/\/form-klar.de\/agnilaser2025\/wp-json\/wp\/v2\/pages"}],"about":[{"href":"https:\/\/form-klar.de\/agnilaser2025\/wp-json\/wp\/v2\/types\/page"}],"author":[{"embeddable":true,"href":"https:\/\/form-klar.de\/agnilaser2025\/wp-json\/wp\/v2\/users\/9"}],"replies":[{"embeddable":true,"href":"https:\/\/form-klar.de\/agnilaser2025\/wp-json\/wp\/v2\/comments?post=4216"}],"version-history":[{"count":0,"href":"https:\/\/form-klar.de\/agnilaser2025\/wp-json\/wp\/v2\/pages\/4216\/revisions"}],"wp:attachment":[{"href":"https:\/\/form-klar.de\/agnilaser2025\/wp-json\/wp\/v2\/media?parent=4216"}],"curies":[{"name":"wp","href":"https:\/\/api.w.org\/{rel}","templated":true}]}}