{"id":4214,"date":"2023-12-28T10:32:28","date_gmt":"2023-12-28T10:32:28","guid":{"rendered":"http:\/\/www.agnilaser.de\/?page_id=1821"},"modified":"2023-12-28T10:32:28","modified_gmt":"2023-12-28T10:32:28","slug":"laserbeschriften-halle","status":"publish","type":"page","link":"https:\/\/form-klar.de\/agnilaser2025\/laserbeschriften-halle\/","title":{"rendered":"Laserbeschriften Halle"},"content":{"rendered":"<h2>Laserbeschriften Halle \u2013 Unser Expertenservice<\/h2>\n<p>Willkommen beim Spezialisten f\u00fcr Laserbeschriften Halle! Wir freuen uns auf Ihre Kontaktaufnahme! Denn als Experten im Lasern sind wir bestens ausger\u00fcstet f\u00fcr Ihre Anforderungen. Jeder unserer Laser ist f\u00fcr unterschiedliche Aufgaben konzipiert. Mit unseren Anlagen halten wir zugleich Spezialwissen und Schnelligkeit vor. Das <strong>Laserbeschriften<\/strong> erfordert umfangreiches Fachwissen, und genau das bieten wir Ihnen. Haben Sie eine spezielle Anforderung? Wir stehen bereit, um zu helfen. Zuerst bieten wir eine umfassende Beratung an. Dabei er\u00f6rtern wir alle M\u00f6glichkeiten. Vorgeschlagen wird schlie\u00dflich die L\u00f6sung, die zu Ihren Anforderungen passt. Denn nahezu jedes Material l\u00e4sst sich hervorragend markieren oder beschriften. Hierf\u00fcr verwenden wir eine Vielzahl von Methoden und Werkzeugen.<\/p>\n<h3>Der passende Laser f\u00fcr Ihre Lasermarkierung<\/h3>\n<p>Mit einer Vielfalt an Lasertechniken setzen wir auf eine ma\u00dfgeschneiderte Fertigung. Denn wir passen uns flexibel an die Bed\u00fcrfnisse jedes Kunden an. Ob Gravieren, Beschriften, Materialabtrag oder Aufsch\u00e4umen \u2013 die L\u00f6sung halten wir vor. Kontaktieren Sie uns <a title=\"Laserbeschriften Halle \" href=\"https:\/\/form-klar.de\/agnilaser2025\/\/unternehmen-laserzentrum- thueringen\/\"><strong>per E-Mail oder Telefon<\/strong><\/a> f\u00fcr eine kompetente und freundliche Beratung. Anschlie\u00dfend f\u00fchren wir Ihren Auftrag schnell und qualitativ hochwertig aus. Dabei kommen verschiedene Lasertypen zum Einsatz. Denn die Anforderungen sind vielgestaltig. Ob Schriftarten, Bilder, Logos, Datamatrix-Codes oder 3D-Hologramme \u2013 wir realisieren alles. Ihre individuellen W\u00fcnsche sind uns zudem ein wichtiges Anliegen.<\/p>\n<h3>Lasergravur \u2013 sicher und f\u00e4lschungssicher<\/h3>\n<p>Bei der Lasergravur wird Material mittels <strong>gepulster Laser<\/strong> abgetragen, um einen Kontrast zu erzeugen. Denn das macht Zahlen und Buchstaben deutlich erkennbar. Solche Gravuren sind zudem f\u00e4lschungssicher. Nur tiefes Abschleifen kann unsere Markierung entfernen. Egal ob <a title=\"Laserbeschriften Halle\" href=\"https:\/\/form-klar.de\/agnilaser2025\/\/lohnfertigung\/laserbeschriften-markieren\/\"><strong>Metall \u200b oder Nichtmetall<\/strong><\/a> \u2013 wir k\u00f6nnen auf jedem Material gravieren. Wenn Sie Teile Ihrer Produktion kennzeichnen m\u00fcssen, sind wir Ihr Ansprechpartner.<\/p>\n<h3>Laserbeschriften Halle &#8211; Methoden der Laserbeschriftung<\/h3>\n<p>Wir bieten also zahlreiche Verfahren an. Zum Beispiel k\u00f6nnen wir mittels Laser gezielt <strong>Oxidation<\/strong> erzeugen. Damit erfolgt ein Farbumschlag \u2013 genau nach Plan. Sichern Sie sich interessante Effekte f\u00fcr Ihre Produkte. Ob das gezielte Entfernen von Lack oder andere Methoden. Wir beraten Sie gern! Branchen\u00fcbergreifend sind wir f\u00fcr die Region Halle ein zuverl\u00e4ssiger Ansprechpartner. Sichern Sie sich zudem Kosteneffizienz. Laserzentrum Schorcht GmbH bietet Ihnen das komplette Paket.<\/p>\n","protected":false},"excerpt":{"rendered":"<p>Laserbeschriften Halle \u2013 Unser Expertenservice Willkommen beim Spezialisten f\u00fcr Laserbeschriften Halle! Wir freuen uns auf Ihre Kontaktaufnahme! Denn als Experten im Lasern sind wir bestens [&hellip;]<\/p>\n","protected":false},"author":9,"featured_media":0,"parent":0,"menu_order":0,"comment_status":"closed","ping_status":"closed","template":"","meta":{"ngg_post_thumbnail":0,"footnotes":"","_links_to":"","_links_to_target":""},"class_list":["post-4214","page","type-page","status-publish","hentry"],"yoast_head":"<!-- This site is optimized with the Yoast SEO plugin v24.6 - https:\/\/yoast.com\/wordpress\/plugins\/seo\/ -->\n<title>Laserbeschriften Halle | Markieren, Gravur und Beschriften<\/title>\n<meta name=\"description\" content=\"Laserbeschriften Halle: Stellen Sie uns Ihre spezielle Markierungsaufgabe! Buchen Sie beim Spezialisten f\u00fcr vielf\u00e4ltige L\u00f6sungen.\" \/>\n<meta name=\"robots\" content=\"index, follow, max-snippet:-1, max-image-preview:large, max-video-preview:-1\" \/>\n<link rel=\"canonical\" href=\"https:\/\/form-klar.de\/agnilaser2025\/laserbeschriften-halle\/\" \/>\n<meta property=\"og:locale\" content=\"de_DE\" \/>\n<meta property=\"og:type\" content=\"article\" \/>\n<meta property=\"og:title\" content=\"Laserbeschriften Halle | Markieren, Gravur und Beschriften\" \/>\n<meta property=\"og:description\" content=\"Laserbeschriften Halle: Stellen Sie uns Ihre spezielle Markierungsaufgabe! Buchen Sie beim Spezialisten f\u00fcr vielf\u00e4ltige L\u00f6sungen.\" \/>\n<meta property=\"og:url\" content=\"https:\/\/form-klar.de\/agnilaser2025\/laserbeschriften-halle\/\" \/>\n<meta property=\"og:site_name\" content=\"Laserzentrum Schorcht GmbH\" \/>\n<meta name=\"twitter:label1\" content=\"Gesch\u00e4tzte Lesezeit\" \/>\n\t<meta name=\"twitter:data1\" content=\"2\u00a0Minuten\" \/>\n<script type=\"application\/ld+json\" class=\"yoast-schema-graph\">{\"@context\":\"https:\/\/schema.org\",\"@graph\":[{\"@type\":\"WebPage\",\"@id\":\"https:\/\/form-klar.de\/agnilaser2025\/laserbeschriften-halle\/\",\"url\":\"https:\/\/form-klar.de\/agnilaser2025\/laserbeschriften-halle\/\",\"name\":\"Laserbeschriften Halle | Markieren, Gravur und Beschriften\",\"isPartOf\":{\"@id\":\"https:\/\/form-klar.de\/agnilaser2025\/#website\"},\"datePublished\":\"2023-12-28T10:32:28+00:00\",\"description\":\"Laserbeschriften Halle: Stellen Sie uns Ihre spezielle Markierungsaufgabe! Buchen Sie beim Spezialisten f\u00fcr vielf\u00e4ltige L\u00f6sungen.\",\"inLanguage\":\"de\",\"potentialAction\":[{\"@type\":\"ReadAction\",\"target\":[\"https:\/\/form-klar.de\/agnilaser2025\/laserbeschriften-halle\/\"]}]},{\"@type\":\"WebSite\",\"@id\":\"https:\/\/form-klar.de\/agnilaser2025\/#website\",\"url\":\"https:\/\/form-klar.de\/agnilaser2025\/\",\"name\":\"Laserzentrum Schorcht GmbH\",\"description\":\"\",\"potentialAction\":[{\"@type\":\"SearchAction\",\"target\":{\"@type\":\"EntryPoint\",\"urlTemplate\":\"https:\/\/form-klar.de\/agnilaser2025\/?s={search_term_string}\"},\"query-input\":{\"@type\":\"PropertyValueSpecification\",\"valueRequired\":true,\"valueName\":\"search_term_string\"}}],\"inLanguage\":\"de\"}]}<\/script>\n<!-- \/ Yoast SEO plugin. -->","yoast_head_json":{"title":"Laserbeschriften Halle | Markieren, Gravur und Beschriften","description":"Laserbeschriften Halle: Stellen Sie uns Ihre spezielle Markierungsaufgabe! Buchen Sie beim Spezialisten f\u00fcr vielf\u00e4ltige L\u00f6sungen.","robots":{"index":"index","follow":"follow","max-snippet":"max-snippet:-1","max-image-preview":"max-image-preview:large","max-video-preview":"max-video-preview:-1"},"canonical":"https:\/\/form-klar.de\/agnilaser2025\/laserbeschriften-halle\/","og_locale":"de_DE","og_type":"article","og_title":"Laserbeschriften Halle | Markieren, Gravur und Beschriften","og_description":"Laserbeschriften Halle: Stellen Sie uns Ihre spezielle Markierungsaufgabe! Buchen Sie beim Spezialisten f\u00fcr vielf\u00e4ltige L\u00f6sungen.","og_url":"https:\/\/form-klar.de\/agnilaser2025\/laserbeschriften-halle\/","og_site_name":"Laserzentrum Schorcht GmbH","twitter_misc":{"Gesch\u00e4tzte Lesezeit":"2\u00a0Minuten"},"schema":{"@context":"https:\/\/schema.org","@graph":[{"@type":"WebPage","@id":"https:\/\/form-klar.de\/agnilaser2025\/laserbeschriften-halle\/","url":"https:\/\/form-klar.de\/agnilaser2025\/laserbeschriften-halle\/","name":"Laserbeschriften Halle | Markieren, Gravur und Beschriften","isPartOf":{"@id":"https:\/\/form-klar.de\/agnilaser2025\/#website"},"datePublished":"2023-12-28T10:32:28+00:00","description":"Laserbeschriften Halle: Stellen Sie uns Ihre spezielle Markierungsaufgabe! Buchen Sie beim Spezialisten f\u00fcr vielf\u00e4ltige L\u00f6sungen.","inLanguage":"de","potentialAction":[{"@type":"ReadAction","target":["https:\/\/form-klar.de\/agnilaser2025\/laserbeschriften-halle\/"]}]},{"@type":"WebSite","@id":"https:\/\/form-klar.de\/agnilaser2025\/#website","url":"https:\/\/form-klar.de\/agnilaser2025\/","name":"Laserzentrum Schorcht GmbH","description":"","potentialAction":[{"@type":"SearchAction","target":{"@type":"EntryPoint","urlTemplate":"https:\/\/form-klar.de\/agnilaser2025\/?s={search_term_string}"},"query-input":{"@type":"PropertyValueSpecification","valueRequired":true,"valueName":"search_term_string"}}],"inLanguage":"de"}]}},"_links":{"self":[{"href":"https:\/\/form-klar.de\/agnilaser2025\/wp-json\/wp\/v2\/pages\/4214","targetHints":{"allow":["GET"]}}],"collection":[{"href":"https:\/\/form-klar.de\/agnilaser2025\/wp-json\/wp\/v2\/pages"}],"about":[{"href":"https:\/\/form-klar.de\/agnilaser2025\/wp-json\/wp\/v2\/types\/page"}],"author":[{"embeddable":true,"href":"https:\/\/form-klar.de\/agnilaser2025\/wp-json\/wp\/v2\/users\/9"}],"replies":[{"embeddable":true,"href":"https:\/\/form-klar.de\/agnilaser2025\/wp-json\/wp\/v2\/comments?post=4214"}],"version-history":[{"count":0,"href":"https:\/\/form-klar.de\/agnilaser2025\/wp-json\/wp\/v2\/pages\/4214\/revisions"}],"wp:attachment":[{"href":"https:\/\/form-klar.de\/agnilaser2025\/wp-json\/wp\/v2\/media?parent=4214"}],"curies":[{"name":"wp","href":"https:\/\/api.w.org\/{rel}","templated":true}]}}