{"id":4213,"date":"2023-11-15T19:08:13","date_gmt":"2023-11-15T19:08:13","guid":{"rendered":"http:\/\/www.agnilaser.de\/?page_id=1818"},"modified":"2023-11-15T19:08:13","modified_gmt":"2023-11-15T19:08:13","slug":"laserbeschriften-gera","status":"publish","type":"page","link":"https:\/\/form-klar.de\/agnilaser2025\/laserbeschriften-gera\/","title":{"rendered":"Laserbeschriften Gera"},"content":{"rendered":"<h2>Laserbeschriften Gera \u2013 Unser Angebot<\/h2>\n<p>Laserbeschriften Gera: Wir freuen uns auf Ihre Anfrage. Ob Markieren oder Beschriften \u2013 unser Service ist schnell und effizient! Denn beim Laserbeschriften sind wir Ihre Experten! Jeder unserer Laser ist speziell f\u00fcr bestimmte Aufgaben konzipiert. Das Know-how im Bereich <strong>Lasermarkieren<\/strong> ist dabei umfassend. Haben Sie eine spezielle Anforderung? Wir sind zur Stelle. Die Beratung erfolgt, bevor wir starten. Vieles ist machbar. Wir setzen es um. Damit alles perfekt ist, beraten wir. Ein ausf\u00fchrlicher Austausch im Vorfeld ist stets entscheidend. Nahezu jedes Material l\u00e4sst sich hervorragend markieren oder kennzeichnen. Hierf\u00fcr setzen wir diverse F\u00e4higkeiten und Werkzeuge ein.<\/p>\n<h3>Der passende Laser f\u00fcr Ihre Markierung<\/h3>\n<p>Laser f\u00fcr verschiedenste Zwecke: Wir verwenden eine Vielzahl an Technologien f\u00fcr die Auftragsfertigung. Dies erm\u00f6glicht es uns, individuell auf jeden Kunden einzugehen. Wir bieten deshalb Gravuren, Markierungen, Materialabtragungen oder das Aufsch\u00e4umen an. F\u00fcr Sie finden wir die passende L\u00f6sung. Kontaktieren Sie uns \u00fcber <a title=\"Laserbeschriften Gera\" href=\"https:\/\/form-klar.de\/agnilaser2025\/\/unternehmen-laserzentrum-thueringen\/\"><strong>E-Mail oder Telefon<\/strong><\/a>. Wir beraten Sie kompetent und freundlich. Anschlie\u00dfend realisieren wir Ihren Auftrag z\u00fcgig. Ebenso behalten wir die Qualit\u00e4t immer im Blick. Stets kommen verschiedene Lasertypen zum Einsatz. Denn es kommt darauf an, ob Schriftz\u00fcge, Bilder, Logos, Datamatrix-Codes oder 3D-Hologramme zu erledigen sind. Ihre Anforderungen stehen bei uns im Mittelpunkt.<\/p>\n<h3>Lasergravur \u2013 sicher und f\u00e4lschungssicher<\/h3>\n<p>Bei der Gravur entfernen wir Material mit dem Laser. Daf\u00fcr nutzen wir <strong>gepulste Laser<\/strong>. Dies erzeugt einen deutlichen Kontrast. Dadurch sind Zahlen und Buchstaben klar erkennbar. Eine Lasergravur ist f\u00e4lschungssicher. Denn nur durch tiefes Abschleifen ist diese zu entfernen. Ob <a title=\"Laserbeschriften Gera\" href=\"https:\/\/form-klar.de\/agnilaser2025\/\/lohnfertigung\/laserbeschriften-markieren\/\"><strong>Metall \u200boder Nicht-Metall<\/strong><\/a> \u2013 Gravuren sind \u00fcberall umsetzbar. Sollten Sie Teile Ihrer Produktion kennzeichnen m\u00fcssen, stehen wir bereit. Wir \u00fcbernehmen diese Aufgabe f\u00fcr Sie.<\/p>\n<h3>Laserbeschriften Gera \u2013 Ihr Kontakt<\/h3>\n<p>Wir bieten zudem eine Reihe von Verfahren an. Mit dem Laser l\u00e4sst sich <strong>Oxidation realisieren<\/strong>, wodurch sich die Farbe gezielt \u00e4ndert. Zus\u00e4tzlich kann mit dem Laser Lack pr\u00e4zise entfernt werden. Besonders im Fahrzeugbau ist das n\u00fctzlich. Mit uns arbeiten Sie sicher und hochqualitativ. Wir unterst\u00fctzen Sie dabei, effizient zu produzieren!<\/p>\n","protected":false},"excerpt":{"rendered":"<p>Laserbeschriften Gera \u2013 Unser Angebot Laserbeschriften Gera: Wir freuen uns auf Ihre Anfrage. Ob Markieren oder Beschriften \u2013 unser Service ist schnell und effizient! Denn [&hellip;]<\/p>\n","protected":false},"author":9,"featured_media":0,"parent":0,"menu_order":0,"comment_status":"closed","ping_status":"closed","template":"","meta":{"ngg_post_thumbnail":0,"footnotes":"","_links_to":"","_links_to_target":""},"class_list":["post-4213","page","type-page","status-publish","hentry"],"yoast_head":"<!-- This site is optimized with the Yoast SEO plugin v24.6 - https:\/\/yoast.com\/wordpress\/plugins\/seo\/ -->\n<title>Laserbeschriften Gera | Profi f\u00fcr Markierungsaufgaben in der Region<\/title>\n<meta name=\"description\" content=\"Laserbeschriften Gera: Richtig gute Beratung inklusive. Ob Metalle oder Nichtmetalle \u2013 wir markierenund beschriften zuverl\u00e4ssig.\" \/>\n<meta name=\"robots\" content=\"index, follow, max-snippet:-1, max-image-preview:large, max-video-preview:-1\" \/>\n<link rel=\"canonical\" href=\"https:\/\/form-klar.de\/agnilaser2025\/laserbeschriften-gera\/\" \/>\n<meta property=\"og:locale\" content=\"de_DE\" \/>\n<meta property=\"og:type\" content=\"article\" \/>\n<meta property=\"og:title\" content=\"Laserbeschriften Gera | Profi f\u00fcr Markierungsaufgaben in der Region\" \/>\n<meta property=\"og:description\" content=\"Laserbeschriften Gera: Richtig gute Beratung inklusive. Ob Metalle oder Nichtmetalle \u2013 wir markierenund beschriften zuverl\u00e4ssig.\" \/>\n<meta property=\"og:url\" content=\"https:\/\/form-klar.de\/agnilaser2025\/laserbeschriften-gera\/\" \/>\n<meta property=\"og:site_name\" content=\"Laserzentrum Schorcht GmbH\" \/>\n<meta name=\"twitter:label1\" content=\"Gesch\u00e4tzte Lesezeit\" \/>\n\t<meta name=\"twitter:data1\" content=\"2\u00a0Minuten\" \/>\n<script type=\"application\/ld+json\" class=\"yoast-schema-graph\">{\"@context\":\"https:\/\/schema.org\",\"@graph\":[{\"@type\":\"WebPage\",\"@id\":\"https:\/\/form-klar.de\/agnilaser2025\/laserbeschriften-gera\/\",\"url\":\"https:\/\/form-klar.de\/agnilaser2025\/laserbeschriften-gera\/\",\"name\":\"Laserbeschriften Gera | Profi f\u00fcr Markierungsaufgaben in der Region\",\"isPartOf\":{\"@id\":\"https:\/\/form-klar.de\/agnilaser2025\/#website\"},\"datePublished\":\"2023-11-15T19:08:13+00:00\",\"description\":\"Laserbeschriften Gera: Richtig gute Beratung inklusive. Ob Metalle oder Nichtmetalle \u2013 wir markierenund beschriften zuverl\u00e4ssig.\",\"inLanguage\":\"de\",\"potentialAction\":[{\"@type\":\"ReadAction\",\"target\":[\"https:\/\/form-klar.de\/agnilaser2025\/laserbeschriften-gera\/\"]}]},{\"@type\":\"WebSite\",\"@id\":\"https:\/\/form-klar.de\/agnilaser2025\/#website\",\"url\":\"https:\/\/form-klar.de\/agnilaser2025\/\",\"name\":\"Laserzentrum Schorcht GmbH\",\"description\":\"\",\"potentialAction\":[{\"@type\":\"SearchAction\",\"target\":{\"@type\":\"EntryPoint\",\"urlTemplate\":\"https:\/\/form-klar.de\/agnilaser2025\/?s={search_term_string}\"},\"query-input\":{\"@type\":\"PropertyValueSpecification\",\"valueRequired\":true,\"valueName\":\"search_term_string\"}}],\"inLanguage\":\"de\"}]}<\/script>\n<!-- \/ Yoast SEO plugin. -->","yoast_head_json":{"title":"Laserbeschriften Gera | Profi f\u00fcr Markierungsaufgaben in der Region","description":"Laserbeschriften Gera: Richtig gute Beratung inklusive. Ob Metalle oder Nichtmetalle \u2013 wir markierenund beschriften zuverl\u00e4ssig.","robots":{"index":"index","follow":"follow","max-snippet":"max-snippet:-1","max-image-preview":"max-image-preview:large","max-video-preview":"max-video-preview:-1"},"canonical":"https:\/\/form-klar.de\/agnilaser2025\/laserbeschriften-gera\/","og_locale":"de_DE","og_type":"article","og_title":"Laserbeschriften Gera | Profi f\u00fcr Markierungsaufgaben in der Region","og_description":"Laserbeschriften Gera: Richtig gute Beratung inklusive. Ob Metalle oder Nichtmetalle \u2013 wir markierenund beschriften zuverl\u00e4ssig.","og_url":"https:\/\/form-klar.de\/agnilaser2025\/laserbeschriften-gera\/","og_site_name":"Laserzentrum Schorcht GmbH","twitter_misc":{"Gesch\u00e4tzte Lesezeit":"2\u00a0Minuten"},"schema":{"@context":"https:\/\/schema.org","@graph":[{"@type":"WebPage","@id":"https:\/\/form-klar.de\/agnilaser2025\/laserbeschriften-gera\/","url":"https:\/\/form-klar.de\/agnilaser2025\/laserbeschriften-gera\/","name":"Laserbeschriften Gera | Profi f\u00fcr Markierungsaufgaben in der Region","isPartOf":{"@id":"https:\/\/form-klar.de\/agnilaser2025\/#website"},"datePublished":"2023-11-15T19:08:13+00:00","description":"Laserbeschriften Gera: Richtig gute Beratung inklusive. Ob Metalle oder Nichtmetalle \u2013 wir markierenund beschriften zuverl\u00e4ssig.","inLanguage":"de","potentialAction":[{"@type":"ReadAction","target":["https:\/\/form-klar.de\/agnilaser2025\/laserbeschriften-gera\/"]}]},{"@type":"WebSite","@id":"https:\/\/form-klar.de\/agnilaser2025\/#website","url":"https:\/\/form-klar.de\/agnilaser2025\/","name":"Laserzentrum Schorcht GmbH","description":"","potentialAction":[{"@type":"SearchAction","target":{"@type":"EntryPoint","urlTemplate":"https:\/\/form-klar.de\/agnilaser2025\/?s={search_term_string}"},"query-input":{"@type":"PropertyValueSpecification","valueRequired":true,"valueName":"search_term_string"}}],"inLanguage":"de"}]}},"_links":{"self":[{"href":"https:\/\/form-klar.de\/agnilaser2025\/wp-json\/wp\/v2\/pages\/4213","targetHints":{"allow":["GET"]}}],"collection":[{"href":"https:\/\/form-klar.de\/agnilaser2025\/wp-json\/wp\/v2\/pages"}],"about":[{"href":"https:\/\/form-klar.de\/agnilaser2025\/wp-json\/wp\/v2\/types\/page"}],"author":[{"embeddable":true,"href":"https:\/\/form-klar.de\/agnilaser2025\/wp-json\/wp\/v2\/users\/9"}],"replies":[{"embeddable":true,"href":"https:\/\/form-klar.de\/agnilaser2025\/wp-json\/wp\/v2\/comments?post=4213"}],"version-history":[{"count":0,"href":"https:\/\/form-klar.de\/agnilaser2025\/wp-json\/wp\/v2\/pages\/4213\/revisions"}],"wp:attachment":[{"href":"https:\/\/form-klar.de\/agnilaser2025\/wp-json\/wp\/v2\/media?parent=4213"}],"curies":[{"name":"wp","href":"https:\/\/api.w.org\/{rel}","templated":true}]}}