{"id":4212,"date":"2023-11-15T19:03:44","date_gmt":"2023-11-15T19:03:44","guid":{"rendered":"http:\/\/www.agnilaser.de\/?page_id=1816"},"modified":"2023-11-15T19:03:44","modified_gmt":"2023-11-15T19:03:44","slug":"laserbeschriften-erfurt","status":"publish","type":"page","link":"https:\/\/form-klar.de\/agnilaser2025\/laserbeschriften-erfurt\/","title":{"rendered":"Laserbeschriften Erfurt"},"content":{"rendered":"<h2>Laserbeschriften Erfurt \u2013 unser Service<\/h2>\n<p>Laserbeschriften Erfurt: Wir freuen uns auf Ihren Kontakt vor Ort! Denn wenn es ums Lasern geht, sind wir Ihr Profi! Jeder unserer Laser ist f\u00fcr eine bestimmte Aufgabe geeignet. Beim <strong>Laserbeschriften<\/strong> kommt es zudem auf breites Wissen an. Sie haben eine Anfrage? Wir k\u00f6nnen helfen. Bevor es los geht, beraten wir. Vieles ist m\u00f6glich. Nicht alles passt auch zu Ihren W\u00fcnschen. Deshalb ist ein guter Kontakt vorher wichtig. Denn fast jedes Material kann super beschriftet oder markiert werden. Daf\u00fcr nutzen wir verschiedene Skills und Tools.<\/p>\n<h3>Der richtige Laser f\u00fcrs Laserbeschriften Erfurt<\/h3>\n<p>Laser f\u00fcr verschiedene Aufgaben: Wir benutzen unterschiedliche Technik f\u00fcr die Fertigung im Lohn. Das erm\u00f6glicht uns, auf jeden Kunden gut zu reagieren. Wir k\u00f6nnen gravieren, beschriften, Material abtragen oder aufsch\u00e4umen. Wir finden die richtige L\u00f6sung f\u00fcr Sie. Kontaktieren Sie uns doch <a title=\"Laserbeschriften Erfurt\" href=\"https:\/\/form-klar.de\/agnilaser2025\/\/unternehmen-laserzentrum-thueringen\/\"><strong>per E-Mail oder Telefon<\/strong><\/a>. Wir beraten Sie gut und freundlich. Dann erledigen wir Ihren Auftrag schnell und mit hoher Qualit\u00e4t. Wir benutzen verschiedene Laser, weil sie f\u00fcr unterschiedliche Schriften, Bilder, Logos, Datamatrix-Codes oder 3D Hologramme n\u00f6tig sind. Ihre speziellen W\u00fcnsche sind uns wichtig.<\/p>\n<h3>Gravur mit dem Laser \u2013 sicher und nicht f\u00e4lschbar<\/h3>\n<p>Beim Gravieren tragen wir Material mit dem Laser ab. Daf\u00fcr verwenden wir <strong>gepulste Laser<\/strong>. Dadurch entsteht ein Kontrast. Das macht Ziffern und Buchstaben gut lesbar. Die Gravur kann zudem nicht gef\u00e4lscht werden. Sie kann eben nur entfernt werden. N\u00f6tig ist dazu ein tiefes Abschleifen. Ob <a title=\"Laserbeschriften Erfurt\" href=\"https:\/\/form-klar.de\/agnilaser2025\/\/lohnfertigung\/laserbeschriften-markieren\/\"><strong>Metall oder Nichtmetall<\/strong><\/a> \u2013 Gravur ist \u00fcberall m\u00f6glich. Wenn Sie Teile Ihrer Produktion kennzeichnen m\u00fcssen, rufen Sie uns an. Wir \u00fcbernehmen das.<\/p>\n<h3>Beschriften \u2013 die richtige Methode<\/h3>\n<p>\u200bWir bieten viele Verfahren an. Mit dem Laser k\u00f6nnen wir eine <strong>Oxidation umsetzen<\/strong>. So \u00e4ndert sich die Farbe gezielt. Au\u00dferdem l\u00e4sst sich mit dem Laser der Lack gezielt entfernen. Das ist zum Beispiel n\u00fctzlich im Automobilbau. Mit uns arbeiten Sie sicher und g\u00fcnstig. Wir helfen Ihnen, effektiv zu produzieren!<\/p>\n","protected":false},"excerpt":{"rendered":"<p>Laserbeschriften Erfurt \u2013 unser Service Laserbeschriften Erfurt: Wir freuen uns auf Ihren Kontakt vor Ort! Denn wenn es ums Lasern geht, sind wir Ihr Profi! [&hellip;]<\/p>\n","protected":false},"author":9,"featured_media":0,"parent":0,"menu_order":0,"comment_status":"closed","ping_status":"closed","template":"","meta":{"ngg_post_thumbnail":0,"footnotes":"","_links_to":"","_links_to_target":""},"class_list":["post-4212","page","type-page","status-publish","hentry"],"yoast_head":"<!-- This site is optimized with the Yoast SEO plugin v24.6 - https:\/\/yoast.com\/wordpress\/plugins\/seo\/ -->\n<title>Laserbeschriften Erfurt | F\u00fcr jede Markierungsaufgabe mit dem Laser<\/title>\n<meta name=\"description\" content=\"Laserbeschriften Erfurt: Sie suchen einen Partner f\u00fcr Markierungsaufgaben in der Region? Wir bei Laserzentrum Schorcht GmbH sind Ihr Partner.\" \/>\n<meta name=\"robots\" content=\"index, follow, max-snippet:-1, max-image-preview:large, max-video-preview:-1\" \/>\n<link rel=\"canonical\" href=\"https:\/\/form-klar.de\/agnilaser2025\/laserbeschriften-erfurt\/\" \/>\n<meta property=\"og:locale\" content=\"de_DE\" \/>\n<meta property=\"og:type\" content=\"article\" \/>\n<meta property=\"og:title\" content=\"Laserbeschriften Erfurt | F\u00fcr jede Markierungsaufgabe mit dem Laser\" \/>\n<meta property=\"og:description\" content=\"Laserbeschriften Erfurt: Sie suchen einen Partner f\u00fcr Markierungsaufgaben in der Region? Wir bei Laserzentrum Schorcht GmbH sind Ihr Partner.\" \/>\n<meta property=\"og:url\" content=\"https:\/\/form-klar.de\/agnilaser2025\/laserbeschriften-erfurt\/\" \/>\n<meta property=\"og:site_name\" content=\"Laserzentrum Schorcht GmbH\" \/>\n<meta name=\"twitter:label1\" content=\"Gesch\u00e4tzte Lesezeit\" \/>\n\t<meta name=\"twitter:data1\" content=\"2\u00a0Minuten\" \/>\n<script type=\"application\/ld+json\" class=\"yoast-schema-graph\">{\"@context\":\"https:\/\/schema.org\",\"@graph\":[{\"@type\":\"WebPage\",\"@id\":\"https:\/\/form-klar.de\/agnilaser2025\/laserbeschriften-erfurt\/\",\"url\":\"https:\/\/form-klar.de\/agnilaser2025\/laserbeschriften-erfurt\/\",\"name\":\"Laserbeschriften Erfurt | F\u00fcr jede Markierungsaufgabe mit dem Laser\",\"isPartOf\":{\"@id\":\"https:\/\/form-klar.de\/agnilaser2025\/#website\"},\"datePublished\":\"2023-11-15T19:03:44+00:00\",\"description\":\"Laserbeschriften Erfurt: Sie suchen einen Partner f\u00fcr Markierungsaufgaben in der Region? Wir bei Laserzentrum Schorcht GmbH sind Ihr Partner.\",\"inLanguage\":\"de\",\"potentialAction\":[{\"@type\":\"ReadAction\",\"target\":[\"https:\/\/form-klar.de\/agnilaser2025\/laserbeschriften-erfurt\/\"]}]},{\"@type\":\"WebSite\",\"@id\":\"https:\/\/form-klar.de\/agnilaser2025\/#website\",\"url\":\"https:\/\/form-klar.de\/agnilaser2025\/\",\"name\":\"Laserzentrum Schorcht GmbH\",\"description\":\"\",\"potentialAction\":[{\"@type\":\"SearchAction\",\"target\":{\"@type\":\"EntryPoint\",\"urlTemplate\":\"https:\/\/form-klar.de\/agnilaser2025\/?s={search_term_string}\"},\"query-input\":{\"@type\":\"PropertyValueSpecification\",\"valueRequired\":true,\"valueName\":\"search_term_string\"}}],\"inLanguage\":\"de\"}]}<\/script>\n<!-- \/ Yoast SEO plugin. -->","yoast_head_json":{"title":"Laserbeschriften Erfurt | F\u00fcr jede Markierungsaufgabe mit dem Laser","description":"Laserbeschriften Erfurt: Sie suchen einen Partner f\u00fcr Markierungsaufgaben in der Region? Wir bei Laserzentrum Schorcht GmbH sind Ihr Partner.","robots":{"index":"index","follow":"follow","max-snippet":"max-snippet:-1","max-image-preview":"max-image-preview:large","max-video-preview":"max-video-preview:-1"},"canonical":"https:\/\/form-klar.de\/agnilaser2025\/laserbeschriften-erfurt\/","og_locale":"de_DE","og_type":"article","og_title":"Laserbeschriften Erfurt | F\u00fcr jede Markierungsaufgabe mit dem Laser","og_description":"Laserbeschriften Erfurt: Sie suchen einen Partner f\u00fcr Markierungsaufgaben in der Region? Wir bei Laserzentrum Schorcht GmbH sind Ihr Partner.","og_url":"https:\/\/form-klar.de\/agnilaser2025\/laserbeschriften-erfurt\/","og_site_name":"Laserzentrum Schorcht GmbH","twitter_misc":{"Gesch\u00e4tzte Lesezeit":"2\u00a0Minuten"},"schema":{"@context":"https:\/\/schema.org","@graph":[{"@type":"WebPage","@id":"https:\/\/form-klar.de\/agnilaser2025\/laserbeschriften-erfurt\/","url":"https:\/\/form-klar.de\/agnilaser2025\/laserbeschriften-erfurt\/","name":"Laserbeschriften Erfurt | F\u00fcr jede Markierungsaufgabe mit dem Laser","isPartOf":{"@id":"https:\/\/form-klar.de\/agnilaser2025\/#website"},"datePublished":"2023-11-15T19:03:44+00:00","description":"Laserbeschriften Erfurt: Sie suchen einen Partner f\u00fcr Markierungsaufgaben in der Region? Wir bei Laserzentrum Schorcht GmbH sind Ihr Partner.","inLanguage":"de","potentialAction":[{"@type":"ReadAction","target":["https:\/\/form-klar.de\/agnilaser2025\/laserbeschriften-erfurt\/"]}]},{"@type":"WebSite","@id":"https:\/\/form-klar.de\/agnilaser2025\/#website","url":"https:\/\/form-klar.de\/agnilaser2025\/","name":"Laserzentrum Schorcht GmbH","description":"","potentialAction":[{"@type":"SearchAction","target":{"@type":"EntryPoint","urlTemplate":"https:\/\/form-klar.de\/agnilaser2025\/?s={search_term_string}"},"query-input":{"@type":"PropertyValueSpecification","valueRequired":true,"valueName":"search_term_string"}}],"inLanguage":"de"}]}},"_links":{"self":[{"href":"https:\/\/form-klar.de\/agnilaser2025\/wp-json\/wp\/v2\/pages\/4212","targetHints":{"allow":["GET"]}}],"collection":[{"href":"https:\/\/form-klar.de\/agnilaser2025\/wp-json\/wp\/v2\/pages"}],"about":[{"href":"https:\/\/form-klar.de\/agnilaser2025\/wp-json\/wp\/v2\/types\/page"}],"author":[{"embeddable":true,"href":"https:\/\/form-klar.de\/agnilaser2025\/wp-json\/wp\/v2\/users\/9"}],"replies":[{"embeddable":true,"href":"https:\/\/form-klar.de\/agnilaser2025\/wp-json\/wp\/v2\/comments?post=4212"}],"version-history":[{"count":0,"href":"https:\/\/form-klar.de\/agnilaser2025\/wp-json\/wp\/v2\/pages\/4212\/revisions"}],"wp:attachment":[{"href":"https:\/\/form-klar.de\/agnilaser2025\/wp-json\/wp\/v2\/media?parent=4212"}],"curies":[{"name":"wp","href":"https:\/\/api.w.org\/{rel}","templated":true}]}}