{"id":4210,"date":"2023-11-01T09:42:47","date_gmt":"2023-11-01T09:42:47","guid":{"rendered":"http:\/\/www.agnilaser.de\/?page_id=1811"},"modified":"2023-11-01T09:42:47","modified_gmt":"2023-11-01T09:42:47","slug":"edelstahl-zuschnitt-leipzig","status":"publish","type":"page","link":"https:\/\/form-klar.de\/agnilaser2025\/edelstahl-zuschnitt-leipzig\/","title":{"rendered":"Edelstahl Zuschnitt Leipzig"},"content":{"rendered":"<h2>Pr\u00e4ziser Edelstahl Zuschnitt Leipzig \u2013 Schnelles, verl\u00e4ssliches Laserschneiden<\/h2>\n<p>Wir sind Ihre Partner, wenn es um Edelstahl Zuschnitt Leipzig geht. Denn f\u00fcr die Region Leipzig arbeiten wir zuverl\u00e4ssig und schnell. Bestellen Sie doch Ihre <strong>Laserteile bei Laserzentrum Schorcht GmbH<\/strong>. Wir garantieren exzellente Arbeit zu fairen Preisen. Vertrauen Sie auf unsere langj\u00e4hrige Erfahrung und unser Fachwissen. Seit zwei Jahrzehnten produzieren wir pr\u00e4zise Laserzuschnitte, selbst bei schwierigen Formen. Unsere technische Ausstattung ist umfangreich und auf dem neuesten Stand. Wir haben insgesamt <a title=\"Edelstahl Zuschnitt Leipzig\" href=\"https:\/\/form-klar.de\/agnilaser2025\/\/unternehmen-laserzentrum-thueringen\/\"><strong>moderne Laserautomaten<\/strong><\/a> im Einsatz, um Ihre Produkte herzustellen. Wobei wir je nach Bedarf unterschiedliche Lasertypen verwenden. Brauchen Sie Laserteile f\u00fcr Ihr Gesch\u00e4ft in Leipzig und Umgebung? Wir sind in Ihrer N\u00e4he und sorgen f\u00fcr eine rasche Lieferung.<\/p>\n<h3>Spitzentechnologie f\u00fcr Laserschneiden und Laserbeschriftung<\/h3>\n<p>Unsere Laser sind perfekt f\u00fcrs Laserschneiden ausgelegt. Zudem stellt unser qualifiziertes Team sicher, dass alle Arbeiten pr\u00e4zise, schnell und zu Ihrer vollen Zufriedenheit ausgef\u00fchrt werden. Wir legen gro\u00dfen Wert auf h\u00f6chste <strong>Qualit\u00e4t und Genauigkeit bei Ihren Laserteilen<\/strong> und sind gem\u00e4\u00df ISO TS 16949:2009 sowie ISO 9001:2008 zertifiziert.<\/p>\n<h3>Edelstahlzuschnitt f\u00fcr Leipzig: Welcher Laser f\u00fcr welches Material geeignet ist<\/h3>\n<p>Welches Material m\u00f6chten Sie verarbeitet haben? Wir nutzen den passenden Laser daf\u00fcr. Egal ob es sich um Stahl, Edelstahl, verschiedene Metalllegierungen oder etwas \u00c4hnliches handelt \u2013 wir wissen, welche Technik und Methode wir anwenden m\u00fcssen. Ziehen Sie Vorteile aus unserem umfassenden Materialwissen, denn wir bearbeiten alle \u00fcblichen Metalle. Ein gro\u00dfer Pluspunkt des Laserschneidens, besonders bei <strong>Blechen und Edelstahlkomponenten<\/strong>, ist die genaue und z\u00fcgige Bearbeitung. Auch das pr\u00e4zise Herstellen von dreidimensionalen Formen ist m\u00f6glich.<\/p>\n<h3>Lasern Ihrer Teile \u2013 die Vorteile<\/h3>\n<p>Lassen Sie Ihre Laserteile bei uns bearbeiten. Der Prozess ist ber\u00fchrungsfrei und verursacht fast keine Belastung des Materials. Selbst bei kleinen St\u00fcckzahlen sind wir wirtschaftlich. Meist verwenden wir leistungsstarke CO2-Laser, aber f\u00fcr das <a title=\"Laserschneiden Edelstahl Leipzig\" href=\"https:\/\/form-klar.de\/agnilaser2025\/\/lohnfertigung\/laserschneiden- thueringen\/\"><strong>feinere Schneiden<\/strong><\/a> auch ND:YAG Laser. Nicht zu \u200b vergessen: F\u00fcr optimale Ergebnisse bei der Laserbeschriftung nutzen wir unser spezialisiertes Labor.<\/p>\n<h3>Edelstahl Zuschnitt Leipzig: Schnelle Lieferungen und kundenfreundlicher Service<\/h3>\n<p>Sie w\u00fcnschen eine schnelle Lieferung? Wir machen es m\u00f6glich und halten die vereinbarten Fristen ein. Die <strong>Einhaltung Ihrer Zeitpl\u00e4ne<\/strong> ist f\u00fcr uns eine Selbstverst\u00e4ndlichkeit. Gerne zeigen wir Ihnen auch unsere bisherigen Arbeiten. Uns liegt<br \/>\n<strong>die Zufriedenheit unserer Kunden<\/strong> am Herzen. Wir sch\u00e4tzen unsere Kundschaft sehr und zielen auf eine erfolgreiche, langfristige Zusammenarbeit. Erleben Sie zudem die Vorteile unserer Arbeitsweise! Ob Qualit\u00e4t, Flexibilit\u00e4t oder Zeitmanagement &#8211; wir stehen an Ihrer Seite.<\/p>\n","protected":false},"excerpt":{"rendered":"<p>Pr\u00e4ziser Edelstahl Zuschnitt Leipzig \u2013 Schnelles, verl\u00e4ssliches Laserschneiden Wir sind Ihre Partner, wenn es um Edelstahl Zuschnitt Leipzig geht. Denn f\u00fcr die Region Leipzig arbeiten [&hellip;]<\/p>\n","protected":false},"author":9,"featured_media":0,"parent":0,"menu_order":0,"comment_status":"closed","ping_status":"closed","template":"","meta":{"ngg_post_thumbnail":0,"footnotes":"","_links_to":"","_links_to_target":""},"class_list":["post-4210","page","type-page","status-publish","hentry"],"yoast_head":"<!-- This site is optimized with the Yoast SEO plugin v24.6 - https:\/\/yoast.com\/wordpress\/plugins\/seo\/ -->\n<title>Edelstahl Zuschnitt Leipzig | Laserteile bestellen | Lasern im Lohn<\/title>\n<meta name=\"description\" content=\"Edelstahl Zuschnitt Leipzig - wir sind Ihre Lohnfertigung. Bestellen Sie g\u00fcnstige und perfekt zugeschnittene Laserteile bei Laserzentrum Schorcht GmbH.\" \/>\n<meta name=\"robots\" content=\"index, follow, max-snippet:-1, max-image-preview:large, max-video-preview:-1\" \/>\n<link rel=\"canonical\" href=\"https:\/\/form-klar.de\/agnilaser2025\/edelstahl-zuschnitt-leipzig\/\" \/>\n<meta property=\"og:locale\" content=\"de_DE\" \/>\n<meta property=\"og:type\" content=\"article\" \/>\n<meta property=\"og:title\" content=\"Edelstahl Zuschnitt Leipzig | Laserteile bestellen | Lasern im Lohn\" \/>\n<meta property=\"og:description\" content=\"Edelstahl Zuschnitt Leipzig - wir sind Ihre Lohnfertigung. Bestellen Sie g\u00fcnstige und perfekt zugeschnittene Laserteile bei Laserzentrum Schorcht GmbH.\" \/>\n<meta property=\"og:url\" content=\"https:\/\/form-klar.de\/agnilaser2025\/edelstahl-zuschnitt-leipzig\/\" \/>\n<meta property=\"og:site_name\" content=\"Laserzentrum Schorcht GmbH\" \/>\n<meta name=\"twitter:label1\" content=\"Gesch\u00e4tzte Lesezeit\" \/>\n\t<meta name=\"twitter:data1\" content=\"3\u00a0Minuten\" \/>\n<script type=\"application\/ld+json\" class=\"yoast-schema-graph\">{\"@context\":\"https:\/\/schema.org\",\"@graph\":[{\"@type\":\"WebPage\",\"@id\":\"https:\/\/form-klar.de\/agnilaser2025\/edelstahl-zuschnitt-leipzig\/\",\"url\":\"https:\/\/form-klar.de\/agnilaser2025\/edelstahl-zuschnitt-leipzig\/\",\"name\":\"Edelstahl Zuschnitt Leipzig | Laserteile bestellen | Lasern im Lohn\",\"isPartOf\":{\"@id\":\"https:\/\/form-klar.de\/agnilaser2025\/#website\"},\"datePublished\":\"2023-11-01T09:42:47+00:00\",\"description\":\"Edelstahl Zuschnitt Leipzig - wir sind Ihre Lohnfertigung. Bestellen Sie g\u00fcnstige und perfekt zugeschnittene Laserteile bei Laserzentrum Schorcht GmbH.\",\"inLanguage\":\"de\",\"potentialAction\":[{\"@type\":\"ReadAction\",\"target\":[\"https:\/\/form-klar.de\/agnilaser2025\/edelstahl-zuschnitt-leipzig\/\"]}]},{\"@type\":\"WebSite\",\"@id\":\"https:\/\/form-klar.de\/agnilaser2025\/#website\",\"url\":\"https:\/\/form-klar.de\/agnilaser2025\/\",\"name\":\"Laserzentrum Schorcht GmbH\",\"description\":\"\",\"potentialAction\":[{\"@type\":\"SearchAction\",\"target\":{\"@type\":\"EntryPoint\",\"urlTemplate\":\"https:\/\/form-klar.de\/agnilaser2025\/?s={search_term_string}\"},\"query-input\":{\"@type\":\"PropertyValueSpecification\",\"valueRequired\":true,\"valueName\":\"search_term_string\"}}],\"inLanguage\":\"de\"}]}<\/script>\n<!-- \/ Yoast SEO plugin. -->","yoast_head_json":{"title":"Edelstahl Zuschnitt Leipzig | Laserteile bestellen | Lasern im Lohn","description":"Edelstahl Zuschnitt Leipzig - wir sind Ihre Lohnfertigung. Bestellen Sie g\u00fcnstige und perfekt zugeschnittene Laserteile bei Laserzentrum Schorcht GmbH.","robots":{"index":"index","follow":"follow","max-snippet":"max-snippet:-1","max-image-preview":"max-image-preview:large","max-video-preview":"max-video-preview:-1"},"canonical":"https:\/\/form-klar.de\/agnilaser2025\/edelstahl-zuschnitt-leipzig\/","og_locale":"de_DE","og_type":"article","og_title":"Edelstahl Zuschnitt Leipzig | Laserteile bestellen | Lasern im Lohn","og_description":"Edelstahl Zuschnitt Leipzig - wir sind Ihre Lohnfertigung. Bestellen Sie g\u00fcnstige und perfekt zugeschnittene Laserteile bei Laserzentrum Schorcht GmbH.","og_url":"https:\/\/form-klar.de\/agnilaser2025\/edelstahl-zuschnitt-leipzig\/","og_site_name":"Laserzentrum Schorcht GmbH","twitter_misc":{"Gesch\u00e4tzte Lesezeit":"3\u00a0Minuten"},"schema":{"@context":"https:\/\/schema.org","@graph":[{"@type":"WebPage","@id":"https:\/\/form-klar.de\/agnilaser2025\/edelstahl-zuschnitt-leipzig\/","url":"https:\/\/form-klar.de\/agnilaser2025\/edelstahl-zuschnitt-leipzig\/","name":"Edelstahl Zuschnitt Leipzig | Laserteile bestellen | Lasern im Lohn","isPartOf":{"@id":"https:\/\/form-klar.de\/agnilaser2025\/#website"},"datePublished":"2023-11-01T09:42:47+00:00","description":"Edelstahl Zuschnitt Leipzig - wir sind Ihre Lohnfertigung. Bestellen Sie g\u00fcnstige und perfekt zugeschnittene Laserteile bei Laserzentrum Schorcht GmbH.","inLanguage":"de","potentialAction":[{"@type":"ReadAction","target":["https:\/\/form-klar.de\/agnilaser2025\/edelstahl-zuschnitt-leipzig\/"]}]},{"@type":"WebSite","@id":"https:\/\/form-klar.de\/agnilaser2025\/#website","url":"https:\/\/form-klar.de\/agnilaser2025\/","name":"Laserzentrum Schorcht GmbH","description":"","potentialAction":[{"@type":"SearchAction","target":{"@type":"EntryPoint","urlTemplate":"https:\/\/form-klar.de\/agnilaser2025\/?s={search_term_string}"},"query-input":{"@type":"PropertyValueSpecification","valueRequired":true,"valueName":"search_term_string"}}],"inLanguage":"de"}]}},"_links":{"self":[{"href":"https:\/\/form-klar.de\/agnilaser2025\/wp-json\/wp\/v2\/pages\/4210","targetHints":{"allow":["GET"]}}],"collection":[{"href":"https:\/\/form-klar.de\/agnilaser2025\/wp-json\/wp\/v2\/pages"}],"about":[{"href":"https:\/\/form-klar.de\/agnilaser2025\/wp-json\/wp\/v2\/types\/page"}],"author":[{"embeddable":true,"href":"https:\/\/form-klar.de\/agnilaser2025\/wp-json\/wp\/v2\/users\/9"}],"replies":[{"embeddable":true,"href":"https:\/\/form-klar.de\/agnilaser2025\/wp-json\/wp\/v2\/comments?post=4210"}],"version-history":[{"count":0,"href":"https:\/\/form-klar.de\/agnilaser2025\/wp-json\/wp\/v2\/pages\/4210\/revisions"}],"wp:attachment":[{"href":"https:\/\/form-klar.de\/agnilaser2025\/wp-json\/wp\/v2\/media?parent=4210"}],"curies":[{"name":"wp","href":"https:\/\/api.w.org\/{rel}","templated":true}]}}