{"id":4208,"date":"2023-01-30T11:25:57","date_gmt":"2023-01-30T11:25:57","guid":{"rendered":"http:\/\/www.agnilaser.de\/?page_id=1770"},"modified":"2025-02-26T09:45:52","modified_gmt":"2025-02-26T09:45:52","slug":"laserschweissen-in-gera","status":"publish","type":"page","link":"https:\/\/form-klar.de\/agnilaser2025\/laserschweissen-in-gera\/","title":{"rendered":"Laserschwei\u00dfen in Gera"},"content":{"rendered":"<h2>Laserschwei\u00dfen in Gera bei Schorcht\/Laserzentrum Schorcht GmbH<\/h2>\n<p>Laserschwei\u00dfen in Gera \u2013 willkommen bei Schorcht und Laserzentrum Schorcht GmbH in unserem Laserzentrum. Wir sind Ihr Ansprechpartner in den Bereichen <a title=\"Laserschwei\u00dfen Gera\" href=\"https:\/\/form-klar.de\/agnilaser2025\/\/lohnfertigung\/laser-schweissen- laserschweissen\/\" class=\"broken_link\"><strong>Laserschwei\u00dfen, Laserschneiden und Laserbohren<\/strong><\/a>. Vielleicht m\u00f6chten Sie Reparaturen an Maschinen und Werkzeugen durchf\u00fchren lassen? Auch dann k\u00f6nnen Sie sich an uns wenden. Stets sind wir zuverl\u00e4ssig f\u00fcr Sie da. Setzen Sie auf optimale Ergebnisse f\u00fcr Ihre Produktion. Wir stehen an Ihrer Seite bei der Entwicklung von Prototypen. Zweitens bieten wir Ihnen auch f\u00fcr die Lieferung von Nullserien und Kleinserien an. Auch gr\u00f6\u00dfere St\u00fcckzahlen k\u00f6nnen Sie bei uns beauftragen.<\/p>\n<h3>Laserschwei\u00dfen in Gera \u2013 Lasermaterialbearbeitung Ansprechpartner in der Region<\/h3>\n<p>Ob Laserschneidteile oder geschwei\u00dfte Teile &#8211; nutzen Sie unsere Laserkompetenz. Sie finden uns in der Region Gera und Jena \u2013 also in Ostth\u00fcringen. Sie suchen einen Partner, der sich mit <a title=\"Laserbeschriftung Gera\" href=\"https:\/\/form-klar.de\/agnilaser2025\/\/lohnfertigung\/laserbeschriften- markieren\/\"><strong>Markieraufgaben<\/strong><\/a> auskennt? Daf\u00fcr bieten wir Ihnen unsere Fertigkeiten an. Denn f\u00fcr diese Aufgaben haben wir alle wesentlichen Lasersysteme vor Ort. Auch beim Laserschwei\u00dfen und Laserschneiden sichern wir mit unserem breit aufgestellten Laseranlagen stets die optimalen Ergebnisse. Ab der Losgr\u00f6\u00dfe 1 stehen wir Ihnen zur Verf\u00fcgung.<\/p>\n<h3>Partner f\u00fcr viele Branchen \u2013 auch auf dem internationalen Markt<\/h3>\n<p>Wir arbeiten f\u00fcr Kunden in der <strong>Automobilindustrie<\/strong>, Textilindustrie und <strong>Verpackungsindustrie<\/strong>. Dar\u00fcber hinaus sind wir selbstverst\u00e4ndlich auch enger Partner f\u00fcr Unternehmen und <strong>Produktentwickler im Maschinenbau <\/strong>sowie in der Medizintechnik. Wir verf\u00fcgen \u00fcber die notwendigen Zertifizierungen \u2013 auch f\u00fcr den internationalen Markt. Ob kleinste Bauteile oder robuste Apparaturen und Werkzeuge \u2013 wir sind Top im Laserschwei\u00dfen. Zudem bieten wir Ihnen auch das Laserschwei\u00dfen mit Zusatzdraht an. Zum Beispiel werden diese Verfahren beim Laserschwei\u00dfen von Aluminium eingesetzt. Wir \u200b beraten Sie gern zu den m\u00f6glichen Laserschwei\u00dfverfahren f\u00fcr Ihre spezielle Anwendung. Gern beraten wir Sie auch rund um eine effektive Fertigung von Prototypen und Nullserien.<\/p>\n<h3>Laser-Beschriftungen auch auf Glas und Kunststoff \u2013 Produkte und Geh\u00e4use mit uns entwickeln und fertigen<\/h3>\n<p>Als Unternehmen ist es f\u00fcr uns besonders wichtig, <strong>vielseitig aufgestellt<\/strong> zu sein. Auch beim Thema Beschriftungen beraten wir Sie zu den m\u00f6glichen Verfahren und Fertigungswegen. Nehmen Sie doch Kontakt mit uns auf.<\/p>\n<p>&nbsp;<\/p>\n<div class=\"document-page\" data-page=\"1\">\n<div class=\"pdf-page\">\n<div class=\"text-wrapper user-select-text\">\n<div data-canvas-width=\"560.0480000000001\"><strong>Ihr Telefon-Kontakt zu Laserzentrum Schorcht GmbH:<\/strong>&nbsp;\u260e\ufe0f <a title=\"Telefon: Laserzentrum Schorcht\" href=\"tel:+493669186010\"><strong>+49 (0)36691 8601-0<\/strong><\/a> oder aber Ihr <strong>Kontakt zu uns \u00fcber das Kontaktformular<\/strong>.<\/div>\n<\/div>\n<\/div>\n<\/div>\n","protected":false},"excerpt":{"rendered":"<p>Laserschwei\u00dfen in Gera bei Schorcht\/Laserzentrum Schorcht GmbH Laserschwei\u00dfen in Gera \u2013 willkommen bei Schorcht und Laserzentrum Schorcht GmbH in unserem Laserzentrum. Wir sind Ihr Ansprechpartner [&hellip;]<\/p>\n","protected":false},"author":9,"featured_media":0,"parent":0,"menu_order":0,"comment_status":"closed","ping_status":"closed","template":"","meta":{"ngg_post_thumbnail":0,"footnotes":"","_links_to":"","_links_to_target":""},"class_list":["post-4208","page","type-page","status-publish","hentry"],"yoast_head":"<!-- This site is optimized with the Yoast SEO plugin v24.6 - https:\/\/yoast.com\/wordpress\/plugins\/seo\/ -->\n<title>Laserschwei\u00dfen Gera in der Lohnfertigung | Schorcht | Laserzentrum Schorcht GmbH<\/title>\n<meta name=\"description\" content=\"Ihr Laserzentrum Laserschwei\u00dfen Gera: Bei Laserzentrum Schorcht GmbH und Schorcht setzen Sie auf 20 Jahre Erfahrung in der Laserlohnfertigung.\" \/>\n<meta name=\"robots\" content=\"index, follow, max-snippet:-1, max-image-preview:large, max-video-preview:-1\" \/>\n<link rel=\"canonical\" href=\"https:\/\/form-klar.de\/agnilaser2025\/laserschweissen-in-gera\/\" \/>\n<meta property=\"og:locale\" content=\"de_DE\" \/>\n<meta property=\"og:type\" content=\"article\" \/>\n<meta property=\"og:title\" content=\"Laserschwei\u00dfen Gera in der Lohnfertigung | Schorcht | Laserzentrum Schorcht GmbH\" \/>\n<meta property=\"og:description\" content=\"Ihr Laserzentrum Laserschwei\u00dfen Gera: Bei Laserzentrum Schorcht GmbH und Schorcht setzen Sie auf 20 Jahre Erfahrung in der Laserlohnfertigung.\" \/>\n<meta property=\"og:url\" content=\"https:\/\/form-klar.de\/agnilaser2025\/laserschweissen-in-gera\/\" \/>\n<meta property=\"og:site_name\" content=\"Laserzentrum Schorcht GmbH\" \/>\n<meta property=\"article:modified_time\" content=\"2025-02-26T09:45:52+00:00\" \/>\n<meta name=\"twitter:label1\" content=\"Gesch\u00e4tzte Lesezeit\" \/>\n\t<meta name=\"twitter:data1\" content=\"2\u00a0Minuten\" \/>\n<script type=\"application\/ld+json\" class=\"yoast-schema-graph\">{\"@context\":\"https:\/\/schema.org\",\"@graph\":[{\"@type\":\"WebPage\",\"@id\":\"https:\/\/form-klar.de\/agnilaser2025\/laserschweissen-in-gera\/\",\"url\":\"https:\/\/form-klar.de\/agnilaser2025\/laserschweissen-in-gera\/\",\"name\":\"Laserschwei\u00dfen Gera in der Lohnfertigung | Schorcht | Laserzentrum Schorcht GmbH\",\"isPartOf\":{\"@id\":\"https:\/\/form-klar.de\/agnilaser2025\/#website\"},\"datePublished\":\"2023-01-30T11:25:57+00:00\",\"dateModified\":\"2025-02-26T09:45:52+00:00\",\"description\":\"Ihr Laserzentrum Laserschwei\u00dfen Gera: Bei Laserzentrum Schorcht GmbH und Schorcht setzen Sie auf 20 Jahre Erfahrung in der Laserlohnfertigung.\",\"inLanguage\":\"de\",\"potentialAction\":[{\"@type\":\"ReadAction\",\"target\":[\"https:\/\/form-klar.de\/agnilaser2025\/laserschweissen-in-gera\/\"]}]},{\"@type\":\"WebSite\",\"@id\":\"https:\/\/form-klar.de\/agnilaser2025\/#website\",\"url\":\"https:\/\/form-klar.de\/agnilaser2025\/\",\"name\":\"Laserzentrum Schorcht GmbH\",\"description\":\"\",\"potentialAction\":[{\"@type\":\"SearchAction\",\"target\":{\"@type\":\"EntryPoint\",\"urlTemplate\":\"https:\/\/form-klar.de\/agnilaser2025\/?s={search_term_string}\"},\"query-input\":{\"@type\":\"PropertyValueSpecification\",\"valueRequired\":true,\"valueName\":\"search_term_string\"}}],\"inLanguage\":\"de\"}]}<\/script>\n<!-- \/ Yoast SEO plugin. -->","yoast_head_json":{"title":"Laserschwei\u00dfen Gera in der Lohnfertigung | Schorcht | Laserzentrum Schorcht GmbH","description":"Ihr Laserzentrum Laserschwei\u00dfen Gera: Bei Laserzentrum Schorcht GmbH und Schorcht setzen Sie auf 20 Jahre Erfahrung in der Laserlohnfertigung.","robots":{"index":"index","follow":"follow","max-snippet":"max-snippet:-1","max-image-preview":"max-image-preview:large","max-video-preview":"max-video-preview:-1"},"canonical":"https:\/\/form-klar.de\/agnilaser2025\/laserschweissen-in-gera\/","og_locale":"de_DE","og_type":"article","og_title":"Laserschwei\u00dfen Gera in der Lohnfertigung | Schorcht | Laserzentrum Schorcht GmbH","og_description":"Ihr Laserzentrum Laserschwei\u00dfen Gera: Bei Laserzentrum Schorcht GmbH und Schorcht setzen Sie auf 20 Jahre Erfahrung in der Laserlohnfertigung.","og_url":"https:\/\/form-klar.de\/agnilaser2025\/laserschweissen-in-gera\/","og_site_name":"Laserzentrum Schorcht GmbH","article_modified_time":"2025-02-26T09:45:52+00:00","twitter_misc":{"Gesch\u00e4tzte Lesezeit":"2\u00a0Minuten"},"schema":{"@context":"https:\/\/schema.org","@graph":[{"@type":"WebPage","@id":"https:\/\/form-klar.de\/agnilaser2025\/laserschweissen-in-gera\/","url":"https:\/\/form-klar.de\/agnilaser2025\/laserschweissen-in-gera\/","name":"Laserschwei\u00dfen Gera in der Lohnfertigung | Schorcht | Laserzentrum Schorcht GmbH","isPartOf":{"@id":"https:\/\/form-klar.de\/agnilaser2025\/#website"},"datePublished":"2023-01-30T11:25:57+00:00","dateModified":"2025-02-26T09:45:52+00:00","description":"Ihr Laserzentrum Laserschwei\u00dfen Gera: Bei Laserzentrum Schorcht GmbH und Schorcht setzen Sie auf 20 Jahre Erfahrung in der Laserlohnfertigung.","inLanguage":"de","potentialAction":[{"@type":"ReadAction","target":["https:\/\/form-klar.de\/agnilaser2025\/laserschweissen-in-gera\/"]}]},{"@type":"WebSite","@id":"https:\/\/form-klar.de\/agnilaser2025\/#website","url":"https:\/\/form-klar.de\/agnilaser2025\/","name":"Laserzentrum Schorcht GmbH","description":"","potentialAction":[{"@type":"SearchAction","target":{"@type":"EntryPoint","urlTemplate":"https:\/\/form-klar.de\/agnilaser2025\/?s={search_term_string}"},"query-input":{"@type":"PropertyValueSpecification","valueRequired":true,"valueName":"search_term_string"}}],"inLanguage":"de"}]}},"_links":{"self":[{"href":"https:\/\/form-klar.de\/agnilaser2025\/wp-json\/wp\/v2\/pages\/4208","targetHints":{"allow":["GET"]}}],"collection":[{"href":"https:\/\/form-klar.de\/agnilaser2025\/wp-json\/wp\/v2\/pages"}],"about":[{"href":"https:\/\/form-klar.de\/agnilaser2025\/wp-json\/wp\/v2\/types\/page"}],"author":[{"embeddable":true,"href":"https:\/\/form-klar.de\/agnilaser2025\/wp-json\/wp\/v2\/users\/9"}],"replies":[{"embeddable":true,"href":"https:\/\/form-klar.de\/agnilaser2025\/wp-json\/wp\/v2\/comments?post=4208"}],"version-history":[{"count":1,"href":"https:\/\/form-klar.de\/agnilaser2025\/wp-json\/wp\/v2\/pages\/4208\/revisions"}],"predecessor-version":[{"id":4456,"href":"https:\/\/form-klar.de\/agnilaser2025\/wp-json\/wp\/v2\/pages\/4208\/revisions\/4456"}],"wp:attachment":[{"href":"https:\/\/form-klar.de\/agnilaser2025\/wp-json\/wp\/v2\/media?parent=4208"}],"curies":[{"name":"wp","href":"https:\/\/api.w.org\/{rel}","templated":true}]}}