{"id":4207,"date":"2022-06-20T07:34:58","date_gmt":"2022-06-20T07:34:58","guid":{"rendered":"http:\/\/www.agnilaser.de\/?page_id=1730"},"modified":"2025-02-26T09:45:52","modified_gmt":"2025-02-26T09:45:52","slug":"lasergravur-erfurt","status":"publish","type":"page","link":"https:\/\/form-klar.de\/agnilaser2025\/lasergravur-erfurt\/","title":{"rendered":"Lasergravur Erfurt"},"content":{"rendered":"<h2>Lasergravur Erfurt &#8211; f\u00fcr die Region Leipzig<\/h2>\n<p>Lasergravur Erfurt: Setzen Sie sich mit Ihrem neuen Partner hier in der Region in Verbindung. Als Partner f\u00fcr eine hochwertiges Metall- Laserbeschriften m\u00f6chten wir uns Ihnen vorstellen. Sie m\u00f6chten Informationen zu den M\u00f6glichkeiten der industriellen Lasergravur? Herzlich willkommen bei <strong>Laserzentrum Schorcht GmbH\/Schorcht Laserzentrum<\/strong>. Mit dem Beschriftungslaser setzen Sie vor allen Dingen auf Sicherheit. Wir beschriften mit Pr\u00e4zision! Auch wenn es um 3-D K\u00f6rper geht, k\u00f6nnen wir mit dem Laser auch feinste Beschriftungen ausf\u00fchren. Zudem k\u00f6nnen laufende Nummern in schneller Arbeitsweise umgesetzt werden. Daf\u00fcr brauchen wir bei der Lasergravur keinen mechanischen Wechsel des Werkzeuges. Das macht die Beschriftung in sehr kurzer Zeit umsetzbar.<\/p>\n<h3>Lasergravur Erfurt \u2013 f\u00fcr die ganze Region und unterschiedliche Branchen<\/h3>\n<p>Unsere Kunden geh\u00f6ren unterschiedlichen Branchen an. Ob Verpackungsindustrie, Lebensmittelbranche oder <strong>Maschinenbau<\/strong> \u2013 wir arbeiten mit der modernsten Graviertechnik.<\/p>\n<h3>Direkt auf dem Produkt: QR-Codes und Datamatrix<\/h3>\n<p>Die moderne Produktion w\u00e4re ohne Lasergravur nicht mehr denkbar. Wir kennzeichnen Ihre Produkte und individualisieren diese mit diesem Vorgang. Ihre Teile lassen sich dann eindeutig zuordnen. Die Markierung ist zudem <strong>f\u00e4lschungssicher<\/strong>. Denn besonders bei der Gravur von Metall l\u00e4sst sich nur durch tiefes Abschleifen Lasergravuren entfernen. Kontaktieren Sie uns f\u00fcr das Anbringen auch sehr kleiner <a title=\"Lasergravur Erfurt\" href=\"https:\/\/form-klar.de\/agnilaser2025\/\/lohnfertigung\/laserbeschriften-markieren\/\"><strong>maschinenlesbaren Kennzeichnungen<\/strong><\/a> und Beschriftungen. Gern beraten wir Sie individuell!<\/p>\n<h3>Besonderheiten Lasergravur und Laserbeschriftung<\/h3>\n<p>Die <strong>Gravur<\/strong> erfolgt durch den Laser. Dabei entsteht ein <strong>Materialabtrag<\/strong>, der auch in den kleinsten Dimensionen hochgenau erfolgen kann. Die entstehende Vertiefung ist besonders langlebig. Die <strong>Laserbeschriftung<\/strong> geht hingegen einen anderen Weg. Hier erzielt der Laserstrahl einen Farbumschlag auf der Oberfl\u00e4che des Materials. Insgesamt kann man feststellen: Alle Objekte werden ber\u00fchrungslos mit einem geringen Energieeintrag gelasert. Ob 2D oder 3D Gravuren \u2013 wir stehen mit unserer Anlagentechnik bereit. Jede Markieraufgabe erfolgt bei uns automatisiert und damit besonders schnell. Das \u200b Auftragen der Beschriftung erfolgt nicht nur ber\u00fchrungslos, sondern auch kraftfrei. Dadurch werden Materialspannungen vermieden.<\/p>\n<h3>Verschiedene Materialien Laserbeschriften lassen<\/h3>\n<p>Wir markieren mit unseren Lasersystemen \u00fcbrigens neben Metallen auch Kunststoffe, Holz, Verpackungsmaterial und sogar organische Stoffe. Lassen Sie Logos oder auch laufende Nummern, Hologramme\/3-D-Effekte, Namen von Herstellern und vieles mehr auf das Material in k\u00fcrzester Zeit und in h\u00f6chster Qualit\u00e4t aufbringen. Lernen Sie <a title=\"Laserzentrum Schorcht GmbH Lasergravur Erfurt\" href=\"https:\/\/form-klar.de\/agnilaser2025\/\/unternehmen-laserzentrum-thueringen\/\"><strong>unser Unternehmen<\/strong><\/a> kennen. Wir beraten Sie gern auf dem Weg zur perfekten individuellen Beschriftung.<\/p>\n<h2>&nbsp;<\/h2>\n<p><strong>Ihr Telefon-Kontakt zu Laserzentrum Schorcht GmbH:<\/strong>&nbsp;\u260e\ufe0f <a title=\"Telefon: Laserzentrum Schorcht\" href=\"tel:+493669186010\"><strong>+49 (0)36691 8601-0<\/strong><\/a> oder aber Ihr <strong>Kontakt zu uns \u00fcber das Kontaktformular<\/strong>.<\/p>\n","protected":false},"excerpt":{"rendered":"<p>Lasergravur Erfurt &#8211; f\u00fcr die Region Leipzig Lasergravur Erfurt: Setzen Sie sich mit Ihrem neuen Partner hier in der Region in Verbindung. Als Partner f\u00fcr [&hellip;]<\/p>\n","protected":false},"author":9,"featured_media":0,"parent":0,"menu_order":0,"comment_status":"closed","ping_status":"closed","template":"","meta":{"ngg_post_thumbnail":0,"footnotes":"","_links_to":"","_links_to_target":""},"class_list":["post-4207","page","type-page","status-publish","hentry"],"yoast_head":"<!-- This site is optimized with the Yoast SEO plugin v24.6 - https:\/\/yoast.com\/wordpress\/plugins\/seo\/ -->\n<title>Lasergravur Erfurt | Markieraufgaben | Beschriftungen<\/title>\n<meta name=\"description\" content=\"Lasergravur Erfurt: Laserzentrum Schorcht GmbH und Schorcht Laserzentrum f\u00fcr Markierungen und Beschriftungen, Lohnfertigung in der Lasermaterialbearbeitung.\" \/>\n<meta name=\"robots\" content=\"index, follow, max-snippet:-1, max-image-preview:large, max-video-preview:-1\" \/>\n<link rel=\"canonical\" href=\"https:\/\/form-klar.de\/agnilaser2025\/lasergravur-erfurt\/\" \/>\n<meta property=\"og:locale\" content=\"de_DE\" \/>\n<meta property=\"og:type\" content=\"article\" \/>\n<meta property=\"og:title\" content=\"Lasergravur Erfurt | Markieraufgaben | Beschriftungen\" \/>\n<meta property=\"og:description\" content=\"Lasergravur Erfurt: Laserzentrum Schorcht GmbH und Schorcht Laserzentrum f\u00fcr Markierungen und Beschriftungen, Lohnfertigung in der Lasermaterialbearbeitung.\" \/>\n<meta property=\"og:url\" content=\"https:\/\/form-klar.de\/agnilaser2025\/lasergravur-erfurt\/\" \/>\n<meta property=\"og:site_name\" content=\"Laserzentrum Schorcht GmbH\" \/>\n<meta property=\"article:modified_time\" content=\"2025-02-26T09:45:52+00:00\" \/>\n<meta name=\"twitter:label1\" content=\"Gesch\u00e4tzte Lesezeit\" \/>\n\t<meta name=\"twitter:data1\" content=\"2\u00a0Minuten\" \/>\n<script type=\"application\/ld+json\" class=\"yoast-schema-graph\">{\"@context\":\"https:\/\/schema.org\",\"@graph\":[{\"@type\":\"WebPage\",\"@id\":\"https:\/\/form-klar.de\/agnilaser2025\/lasergravur-erfurt\/\",\"url\":\"https:\/\/form-klar.de\/agnilaser2025\/lasergravur-erfurt\/\",\"name\":\"Lasergravur Erfurt | Markieraufgaben | Beschriftungen\",\"isPartOf\":{\"@id\":\"https:\/\/form-klar.de\/agnilaser2025\/#website\"},\"datePublished\":\"2022-06-20T07:34:58+00:00\",\"dateModified\":\"2025-02-26T09:45:52+00:00\",\"description\":\"Lasergravur Erfurt: Laserzentrum Schorcht GmbH und Schorcht Laserzentrum f\u00fcr Markierungen und Beschriftungen, Lohnfertigung in der Lasermaterialbearbeitung.\",\"inLanguage\":\"de\",\"potentialAction\":[{\"@type\":\"ReadAction\",\"target\":[\"https:\/\/form-klar.de\/agnilaser2025\/lasergravur-erfurt\/\"]}]},{\"@type\":\"WebSite\",\"@id\":\"https:\/\/form-klar.de\/agnilaser2025\/#website\",\"url\":\"https:\/\/form-klar.de\/agnilaser2025\/\",\"name\":\"Laserzentrum Schorcht GmbH\",\"description\":\"\",\"potentialAction\":[{\"@type\":\"SearchAction\",\"target\":{\"@type\":\"EntryPoint\",\"urlTemplate\":\"https:\/\/form-klar.de\/agnilaser2025\/?s={search_term_string}\"},\"query-input\":{\"@type\":\"PropertyValueSpecification\",\"valueRequired\":true,\"valueName\":\"search_term_string\"}}],\"inLanguage\":\"de\"}]}<\/script>\n<!-- \/ Yoast SEO plugin. -->","yoast_head_json":{"title":"Lasergravur Erfurt | Markieraufgaben | Beschriftungen","description":"Lasergravur Erfurt: Laserzentrum Schorcht GmbH und Schorcht Laserzentrum f\u00fcr Markierungen und Beschriftungen, Lohnfertigung in der Lasermaterialbearbeitung.","robots":{"index":"index","follow":"follow","max-snippet":"max-snippet:-1","max-image-preview":"max-image-preview:large","max-video-preview":"max-video-preview:-1"},"canonical":"https:\/\/form-klar.de\/agnilaser2025\/lasergravur-erfurt\/","og_locale":"de_DE","og_type":"article","og_title":"Lasergravur Erfurt | Markieraufgaben | Beschriftungen","og_description":"Lasergravur Erfurt: Laserzentrum Schorcht GmbH und Schorcht Laserzentrum f\u00fcr Markierungen und Beschriftungen, Lohnfertigung in der Lasermaterialbearbeitung.","og_url":"https:\/\/form-klar.de\/agnilaser2025\/lasergravur-erfurt\/","og_site_name":"Laserzentrum Schorcht GmbH","article_modified_time":"2025-02-26T09:45:52+00:00","twitter_misc":{"Gesch\u00e4tzte Lesezeit":"2\u00a0Minuten"},"schema":{"@context":"https:\/\/schema.org","@graph":[{"@type":"WebPage","@id":"https:\/\/form-klar.de\/agnilaser2025\/lasergravur-erfurt\/","url":"https:\/\/form-klar.de\/agnilaser2025\/lasergravur-erfurt\/","name":"Lasergravur Erfurt | Markieraufgaben | Beschriftungen","isPartOf":{"@id":"https:\/\/form-klar.de\/agnilaser2025\/#website"},"datePublished":"2022-06-20T07:34:58+00:00","dateModified":"2025-02-26T09:45:52+00:00","description":"Lasergravur Erfurt: Laserzentrum Schorcht GmbH und Schorcht Laserzentrum f\u00fcr Markierungen und Beschriftungen, Lohnfertigung in der Lasermaterialbearbeitung.","inLanguage":"de","potentialAction":[{"@type":"ReadAction","target":["https:\/\/form-klar.de\/agnilaser2025\/lasergravur-erfurt\/"]}]},{"@type":"WebSite","@id":"https:\/\/form-klar.de\/agnilaser2025\/#website","url":"https:\/\/form-klar.de\/agnilaser2025\/","name":"Laserzentrum Schorcht GmbH","description":"","potentialAction":[{"@type":"SearchAction","target":{"@type":"EntryPoint","urlTemplate":"https:\/\/form-klar.de\/agnilaser2025\/?s={search_term_string}"},"query-input":{"@type":"PropertyValueSpecification","valueRequired":true,"valueName":"search_term_string"}}],"inLanguage":"de"}]}},"_links":{"self":[{"href":"https:\/\/form-klar.de\/agnilaser2025\/wp-json\/wp\/v2\/pages\/4207","targetHints":{"allow":["GET"]}}],"collection":[{"href":"https:\/\/form-klar.de\/agnilaser2025\/wp-json\/wp\/v2\/pages"}],"about":[{"href":"https:\/\/form-klar.de\/agnilaser2025\/wp-json\/wp\/v2\/types\/page"}],"author":[{"embeddable":true,"href":"https:\/\/form-klar.de\/agnilaser2025\/wp-json\/wp\/v2\/users\/9"}],"replies":[{"embeddable":true,"href":"https:\/\/form-klar.de\/agnilaser2025\/wp-json\/wp\/v2\/comments?post=4207"}],"version-history":[{"count":1,"href":"https:\/\/form-klar.de\/agnilaser2025\/wp-json\/wp\/v2\/pages\/4207\/revisions"}],"predecessor-version":[{"id":4455,"href":"https:\/\/form-klar.de\/agnilaser2025\/wp-json\/wp\/v2\/pages\/4207\/revisions\/4455"}],"wp:attachment":[{"href":"https:\/\/form-klar.de\/agnilaser2025\/wp-json\/wp\/v2\/media?parent=4207"}],"curies":[{"name":"wp","href":"https:\/\/api.w.org\/{rel}","templated":true}]}}