{"id":4204,"date":"2021-08-04T12:07:40","date_gmt":"2021-08-04T12:07:40","guid":{"rendered":"http:\/\/www.agnilaser.de\/?page_id=1658"},"modified":"2025-02-26T09:45:52","modified_gmt":"2025-02-26T09:45:52","slug":"laserbeschriftung-erfurt","status":"publish","type":"page","link":"https:\/\/form-klar.de\/agnilaser2025\/laserbeschriftung-erfurt\/","title":{"rendered":"Laserbeschriftung Erfurt"},"content":{"rendered":"<h2>Sie suchen: Laserbeschriftung Erfurt<\/h2>\n<p>Wenn Sie einen zuverl\u00e4ssigen <a title=\"Laserbeschriftung Erfurt\" href=\"https:\/\/form-klar.de\/agnilaser2025\/\/lohnfertigung\/laserbeschriften-markieren\/\"><strong>Dienstleister f\u00fcr Laserbeschriftung rund um Erfurt<\/strong><\/a> suchen, sind wir der richtige Ansprechpartner f\u00fcr Sie. Flexibilit\u00e4t wird bei uns gro\u00dfgeschrieben, wenn es um die W\u00fcnsche und Anforderungen unserer Kundenunternehmen geht. Denn wir wollen Ihnen genau das bereit stellen, was Sie dringend ben\u00f6tigen: Zuverl\u00e4ssigkeit und Kompetenz. Wir setzen alle Markieraufgaben um und beraten Sie, welche M\u00f6glichkeiten Ihnen die Technologie des Laserbeschriften bieten kann. Zum Beispiel beim Thema Materialien.<\/p>\n<h3>Unser Wissen rund um die optimale Laserbeschriftung \u2013 optimaler Service in der Lohnfertigung<\/h3>\n<p>Hier ist mehr m\u00f6glich, als Sie unter Umst\u00e4nden schon wissen. Mit unserer Kompetenz rund um die <strong>Beschriftung mit dem Laser<\/strong> setzen wir W\u00fcnsche von Unternehmen aus vielen Branchen um.<\/p>\n<p><img class=\"lazyload\" decoding=\"async\" src=\"https:\/\/form-klar.de\/agnilaser2025\/\/wp-content\/uploads\/AdobeStock_70530795-1024x576.jpeg\" data-orig-src=\"https:\/\/form-klar.de\/agnilaser2025\/\/wp-content\/uploads\/AdobeStock_70530795-1024x576.jpeg\" data-sizes=\"auto\" data-orig-sizes=\"(max-width: 1024px) 100vw, 1024px\" srcset=\"data:image\/svg+xml,%3Csvg%20xmlns%3D%27http%3A%2F%2Fwww.w3.org%2F2000%2Fsvg%27%20width%3D%271024%27%20height%3D%27576%27%20viewBox%3D%270%200%201024%20576%27%3E%3Crect%20width%3D%271024%27%20height%3D%27576%27%20fill-opacity%3D%220%22%2F%3E%3C%2Fsvg%3E\" data-srcset=\"https:\/\/form-klar.de\/agnilaser2025\/\/wp-content\/uploads\/AdobeStock_70530795-1024x576.jpeg 1024w, https:\/\/form-klar.de\/agnilaser2025\/\/wp-content\/uploads\/AdobeStock_70530795-300x169.jpeg 300w, https:\/\/form-klar.de\/agnilaser2025\/\/wp-content\/uploads\/AdobeStock_70530795-768x432.jpeg 768w, https:\/\/form-klar.de\/agnilaser2025\/\/wp-content\/uploads\/AdobeStock_70530795.jpeg 1920w\" alt=\"Dienstleister f\u00fcr Laserbeschriftung Laserschneidanlage, Laserbeschriftung Erfurt\" width=\"1024\" height=\"576\"><\/p>\n<p>Denn die Lasermarkierungen sind nicht nur auf metallischen Oberfl\u00e4chen m\u00f6glich, sondern auch auf Plastik und Glas. Sogar auf vielen organischen Stoffen, wie beispielsweise Holz und diversen Lebensmitteln lassen sich Beschriftungen mit dem Laser schnell und zuverl\u00e4ssig durchf\u00fchren.<\/p>\n<h3>Sie finden uns unweit der Autobahn 9 zwischen Berlin und M\u00fcnchen \u2013 und eine knappe Stunde von Erfurt entfernt<\/h3>\n<p>Markieren Sie alle m\u00f6glichen Materialien mit Ihrem <strong>Dienstleister hier in der N\u00e4he von Erfurt<\/strong>, Jena und Gera. Sie finden uns \u00fcbrigens direkt an der A9 \u2013 genau auf der Mitte zwischen Berlin und M\u00fcnchen.<\/p>\n<h3>Industriegravur mit dem Laser \u2013 CNC-Lasergravur<\/h3>\n<p>Sie suchen einen Partner f\u00fcr witterungsbest\u00e4ndige kantenfreie Industriegravuren? Unsere Anlagen arbeiten schnell, weil automatisiert. Das Grundprinzip des Markierens mit dem Laser wird durch einen ber\u00fchrungslosen W\u00e4rmeauftrag umgesetzt. Diese Form der Markierung ist somit spannungsfrei und kr\u00e4ftefrei f\u00fcr das Material. Wir k\u00f6nnen mit unseren CAD-Lasern sehr genau und in winzigen feinsten Dimensionen arbeiten. Ob Schriften oder auch Bilder \u2013 wir setzen alles um. Auch wenn es um maschinenlesbare Markierungen geht, sind wir Ihr Partner. Vom QR-Code \u00fcber den <strong>Barcode<\/strong> bis hin zum Logo \u2013 auf jedem Material.<\/p>\n<h3>Spezielle Beschriftungen \u2013 individuelle Beratung<\/h3>\n<p>Das dauerhafte und f\u00e4lschungssichere Kennzeichnen von Werkst\u00fccken und Werkzeugen ist unser Metier. Sie haben <a title=\"Markieraufgaben Erfurt\" href=\"https:\/\/form-klar.de\/agnilaser2025\/\/laserprogramm\/\"><strong>Sonderw\u00fcnsche<\/strong><\/a>? Dann zeigen wir Ihnen beispielsweise, was mit einer <strong>Anlassbeschriftung<\/strong> alles m\u00f6glich ist. Hier geht es um einen Farbumschlag beim Markieren, der durch gezielten Einsatz eines Lasers umzusetzen ist.<\/p>\n<p><strong>Ihr Telefon-Kontakt zu Laserzentrum Schorcht GmbH:<\/strong>&nbsp;\u260e\ufe0f <a title=\"Telefon: Laserzentrum Schorcht\" href=\"tel:+493669186010\"><strong>+49 (0)36691 8601-0<\/strong><\/a> oder aber Ihr <strong>Kontakt zu uns \u00fcber das Kontaktformular<\/strong>.<\/p>\n","protected":false},"excerpt":{"rendered":"<p>Sie suchen: Laserbeschriftung Erfurt Wenn Sie einen zuverl\u00e4ssigen Dienstleister f\u00fcr Laserbeschriftung rund um Erfurt suchen, sind wir der richtige Ansprechpartner f\u00fcr Sie. Flexibilit\u00e4t wird bei [&hellip;]<\/p>\n","protected":false},"author":10,"featured_media":0,"parent":0,"menu_order":0,"comment_status":"closed","ping_status":"closed","template":"","meta":{"ngg_post_thumbnail":0,"footnotes":"","_links_to":"","_links_to_target":""},"class_list":["post-4204","page","type-page","status-publish","hentry"],"yoast_head":"<!-- This site is optimized with the Yoast SEO plugin v24.6 - https:\/\/yoast.com\/wordpress\/plugins\/seo\/ -->\n<title>Laserbeschriftung in der Region um Erfurt | Laserlohnfertigung<\/title>\n<meta name=\"description\" content=\"Ob Markieraufgabe oder Laserbeschriftung, verschiedene Laseranwendungen oder die ganze Breite der Laserlohnfertigung. \u2705 Sie finden uns in der Region Erfurt! \u2705\" \/>\n<meta name=\"robots\" content=\"index, follow, max-snippet:-1, max-image-preview:large, max-video-preview:-1\" \/>\n<link rel=\"canonical\" href=\"https:\/\/form-klar.de\/agnilaser2025\/laserbeschriftung-erfurt\/\" \/>\n<meta property=\"og:locale\" content=\"de_DE\" \/>\n<meta property=\"og:type\" content=\"article\" \/>\n<meta property=\"og:title\" content=\"Laserbeschriftung in der Region um Erfurt | Laserlohnfertigung\" \/>\n<meta property=\"og:description\" content=\"Ob Markieraufgabe oder Laserbeschriftung, verschiedene Laseranwendungen oder die ganze Breite der Laserlohnfertigung. \u2705 Sie finden uns in der Region Erfurt! \u2705\" \/>\n<meta property=\"og:url\" content=\"https:\/\/form-klar.de\/agnilaser2025\/laserbeschriftung-erfurt\/\" \/>\n<meta property=\"og:site_name\" content=\"Laserzentrum Schorcht GmbH\" \/>\n<meta property=\"article:modified_time\" content=\"2025-02-26T09:45:52+00:00\" \/>\n<meta property=\"og:image\" content=\"https:\/\/form-klar.de\/agnilaser2025\/\/wp-content\/uploads\/AdobeStock_70530795-1024x576.jpeg\" \/>\n<meta name=\"twitter:label1\" content=\"Gesch\u00e4tzte Lesezeit\" \/>\n\t<meta name=\"twitter:data1\" content=\"2\u00a0Minuten\" \/>\n<script type=\"application\/ld+json\" class=\"yoast-schema-graph\">{\"@context\":\"https:\/\/schema.org\",\"@graph\":[{\"@type\":\"WebPage\",\"@id\":\"https:\/\/form-klar.de\/agnilaser2025\/laserbeschriftung-erfurt\/\",\"url\":\"https:\/\/form-klar.de\/agnilaser2025\/laserbeschriftung-erfurt\/\",\"name\":\"Laserbeschriftung in der Region um Erfurt | Laserlohnfertigung\",\"isPartOf\":{\"@id\":\"https:\/\/form-klar.de\/agnilaser2025\/#website\"},\"primaryImageOfPage\":{\"@id\":\"https:\/\/form-klar.de\/agnilaser2025\/laserbeschriftung-erfurt\/#primaryimage\"},\"image\":{\"@id\":\"https:\/\/form-klar.de\/agnilaser2025\/laserbeschriftung-erfurt\/#primaryimage\"},\"thumbnailUrl\":\"https:\/\/form-klar.de\/agnilaser2025\/\/wp-content\/uploads\/AdobeStock_70530795-1024x576.jpeg\",\"datePublished\":\"2021-08-04T12:07:40+00:00\",\"dateModified\":\"2025-02-26T09:45:52+00:00\",\"description\":\"Ob Markieraufgabe oder Laserbeschriftung, verschiedene Laseranwendungen oder die ganze Breite der Laserlohnfertigung. \u2705 Sie finden uns in der Region Erfurt! \u2705\",\"inLanguage\":\"de\",\"potentialAction\":[{\"@type\":\"ReadAction\",\"target\":[\"https:\/\/form-klar.de\/agnilaser2025\/laserbeschriftung-erfurt\/\"]}]},{\"@type\":\"ImageObject\",\"inLanguage\":\"de\",\"@id\":\"https:\/\/form-klar.de\/agnilaser2025\/laserbeschriftung-erfurt\/#primaryimage\",\"url\":\"https:\/\/form-klar.de\/agnilaser2025\/\/wp-content\/uploads\/AdobeStock_70530795-1024x576.jpeg\",\"contentUrl\":\"https:\/\/form-klar.de\/agnilaser2025\/\/wp-content\/uploads\/AdobeStock_70530795-1024x576.jpeg\"},{\"@type\":\"WebSite\",\"@id\":\"https:\/\/form-klar.de\/agnilaser2025\/#website\",\"url\":\"https:\/\/form-klar.de\/agnilaser2025\/\",\"name\":\"Laserzentrum Schorcht GmbH\",\"description\":\"\",\"potentialAction\":[{\"@type\":\"SearchAction\",\"target\":{\"@type\":\"EntryPoint\",\"urlTemplate\":\"https:\/\/form-klar.de\/agnilaser2025\/?s={search_term_string}\"},\"query-input\":{\"@type\":\"PropertyValueSpecification\",\"valueRequired\":true,\"valueName\":\"search_term_string\"}}],\"inLanguage\":\"de\"}]}<\/script>\n<!-- \/ Yoast SEO plugin. -->","yoast_head_json":{"title":"Laserbeschriftung in der Region um Erfurt | Laserlohnfertigung","description":"Ob Markieraufgabe oder Laserbeschriftung, verschiedene Laseranwendungen oder die ganze Breite der Laserlohnfertigung. \u2705 Sie finden uns in der Region Erfurt! \u2705","robots":{"index":"index","follow":"follow","max-snippet":"max-snippet:-1","max-image-preview":"max-image-preview:large","max-video-preview":"max-video-preview:-1"},"canonical":"https:\/\/form-klar.de\/agnilaser2025\/laserbeschriftung-erfurt\/","og_locale":"de_DE","og_type":"article","og_title":"Laserbeschriftung in der Region um Erfurt | Laserlohnfertigung","og_description":"Ob Markieraufgabe oder Laserbeschriftung, verschiedene Laseranwendungen oder die ganze Breite der Laserlohnfertigung. \u2705 Sie finden uns in der Region Erfurt! \u2705","og_url":"https:\/\/form-klar.de\/agnilaser2025\/laserbeschriftung-erfurt\/","og_site_name":"Laserzentrum Schorcht GmbH","article_modified_time":"2025-02-26T09:45:52+00:00","og_image":[{"url":"https:\/\/form-klar.de\/agnilaser2025\/\/wp-content\/uploads\/AdobeStock_70530795-1024x576.jpeg","type":"","width":"","height":""}],"twitter_misc":{"Gesch\u00e4tzte Lesezeit":"2\u00a0Minuten"},"schema":{"@context":"https:\/\/schema.org","@graph":[{"@type":"WebPage","@id":"https:\/\/form-klar.de\/agnilaser2025\/laserbeschriftung-erfurt\/","url":"https:\/\/form-klar.de\/agnilaser2025\/laserbeschriftung-erfurt\/","name":"Laserbeschriftung in der Region um Erfurt | Laserlohnfertigung","isPartOf":{"@id":"https:\/\/form-klar.de\/agnilaser2025\/#website"},"primaryImageOfPage":{"@id":"https:\/\/form-klar.de\/agnilaser2025\/laserbeschriftung-erfurt\/#primaryimage"},"image":{"@id":"https:\/\/form-klar.de\/agnilaser2025\/laserbeschriftung-erfurt\/#primaryimage"},"thumbnailUrl":"https:\/\/form-klar.de\/agnilaser2025\/\/wp-content\/uploads\/AdobeStock_70530795-1024x576.jpeg","datePublished":"2021-08-04T12:07:40+00:00","dateModified":"2025-02-26T09:45:52+00:00","description":"Ob Markieraufgabe oder Laserbeschriftung, verschiedene Laseranwendungen oder die ganze Breite der Laserlohnfertigung. \u2705 Sie finden uns in der Region Erfurt! \u2705","inLanguage":"de","potentialAction":[{"@type":"ReadAction","target":["https:\/\/form-klar.de\/agnilaser2025\/laserbeschriftung-erfurt\/"]}]},{"@type":"ImageObject","inLanguage":"de","@id":"https:\/\/form-klar.de\/agnilaser2025\/laserbeschriftung-erfurt\/#primaryimage","url":"https:\/\/form-klar.de\/agnilaser2025\/\/wp-content\/uploads\/AdobeStock_70530795-1024x576.jpeg","contentUrl":"https:\/\/form-klar.de\/agnilaser2025\/\/wp-content\/uploads\/AdobeStock_70530795-1024x576.jpeg"},{"@type":"WebSite","@id":"https:\/\/form-klar.de\/agnilaser2025\/#website","url":"https:\/\/form-klar.de\/agnilaser2025\/","name":"Laserzentrum Schorcht GmbH","description":"","potentialAction":[{"@type":"SearchAction","target":{"@type":"EntryPoint","urlTemplate":"https:\/\/form-klar.de\/agnilaser2025\/?s={search_term_string}"},"query-input":{"@type":"PropertyValueSpecification","valueRequired":true,"valueName":"search_term_string"}}],"inLanguage":"de"}]}},"_links":{"self":[{"href":"https:\/\/form-klar.de\/agnilaser2025\/wp-json\/wp\/v2\/pages\/4204","targetHints":{"allow":["GET"]}}],"collection":[{"href":"https:\/\/form-klar.de\/agnilaser2025\/wp-json\/wp\/v2\/pages"}],"about":[{"href":"https:\/\/form-klar.de\/agnilaser2025\/wp-json\/wp\/v2\/types\/page"}],"author":[{"embeddable":true,"href":"https:\/\/form-klar.de\/agnilaser2025\/wp-json\/wp\/v2\/users\/10"}],"replies":[{"embeddable":true,"href":"https:\/\/form-klar.de\/agnilaser2025\/wp-json\/wp\/v2\/comments?post=4204"}],"version-history":[{"count":1,"href":"https:\/\/form-klar.de\/agnilaser2025\/wp-json\/wp\/v2\/pages\/4204\/revisions"}],"predecessor-version":[{"id":4452,"href":"https:\/\/form-klar.de\/agnilaser2025\/wp-json\/wp\/v2\/pages\/4204\/revisions\/4452"}],"wp:attachment":[{"href":"https:\/\/form-klar.de\/agnilaser2025\/wp-json\/wp\/v2\/media?parent=4204"}],"curies":[{"name":"wp","href":"https:\/\/api.w.org\/{rel}","templated":true}]}}