{"id":4202,"date":"2021-03-25T11:57:22","date_gmt":"2021-03-25T11:57:22","guid":{"rendered":"http:\/\/www.agnilaser.de\/?page_id=1626"},"modified":"2025-02-26T09:45:52","modified_gmt":"2025-02-26T09:45:52","slug":"laserschweissen-erfurt","status":"publish","type":"page","link":"https:\/\/form-klar.de\/agnilaser2025\/laserschweissen-erfurt\/","title":{"rendered":"Laserschwei\u00dfen Erfurt"},"content":{"rendered":"<h2>Gutes Angebot in der Lohnfertigung: Laserschwei\u00dfen, Reparaturschwei\u00dfen und Lasermarkierungen f\u00fcr die Region Erfurt<\/h2>\n<p>Laserschwei\u00dfen: Wir offerieren Ihnen ein gutes Angebot rund um Materialbearbeitung mit dem Laser f\u00fcr die Region Erfurt. &nbsp;Mit uns setzen Sie auf einen agilen Partner an Ihrer Seite. Seit \u00fcber 20 Jahren sind wir in der <a title=\"Laserschwei\u00dfen Leipzig\" href=\"https:\/\/form-klar.de\/agnilaser2025\/\/lohnfertigung\/\"><strong>Laserlohnfertigung<\/strong><\/a> erfolgreich. Gern m\u00f6chten wir Sie von unserer Kompetenz profitieren lassen. Ob Laserschwei\u00dfen oder Beschriften oder Markieren mit dem Laser \u2013 fragen Sie uns an. Egal ob Metall, Blech, Kupfer oder Stahl \u2013 nutzen Sie unser Know-how in der <strong>Materialbearbeitung mit dem Laser<\/strong>.<\/p>\n<h3>Laserschwei\u00dfen f\u00fcr Unternehmen und Branchen in der Region Erfurt<\/h3>\n<div id=\"attachment_1221\" style=\"width: 310px\" class=\"wp-caption alignright\"><img decoding=\"async\" aria-describedby=\"caption-attachment-1221\" class=\"lazyload size-medium wp-image-1221\" src=\"data:image\/svg+xml,%3Csvg%20xmlns%3D%27http%3A%2F%2Fwww.w3.org%2F2000%2Fsvg%27%20width%3D%27300%27%20height%3D%27200%27%20viewBox%3D%270%200%20300%20200%27%3E%3Crect%20width%3D%27300%27%20height%3D%27200%27%20fill-opacity%3D%220%22%2F%3E%3C%2Fsvg%3E\" data-orig-src=\"https:\/\/form-klar.de\/agnilaser2025\/wp-content\/uploads\/AdobeStock_27451579-300x200.jpeg\" alt=\"Laserschwei\u00dfen Erfurt, Laserschneiden Metall, Laserschneiden Erfurt, Laserschneiden Jena, Laserschneiden Gera\" width=\"300\" height=\"200\"><p id=\"caption-attachment-1221\" class=\"wp-caption-text\"><strong>Laserschwei\u00dfen Erfurt<\/strong><\/p><\/div>\n<p>F\u00fcr die Aufgaben <a title=\"Laserschwei\u00dfen und Reparaturschwei\u00dfen f\u00fcr Ihre Werkzeuge\" href=\"https:\/\/form-klar.de\/agnilaser2025\/\/lohnfertigung\/reparaturschweissen-thueringen\/\"><strong> Laserschwei\u00dfen und Reparaturschwei\u00dfen<\/strong><\/a> aber auch f\u00fcr Markieraufgaben stellen wir gern unsere Leistungsf\u00e4higkeit. Beispielswiese setzen wir hier moderne Markierlaser ein. Denn besonders f\u00fcr Beschriftungen verf\u00fcgen wir \u00fcber s\u00e4mtliche Lasersysteme. Dieses Angebot ist hier in der Region Erfurt f\u00fcr viele Branchen interessant. Ob Medizintechnik oder Schmuckindustrie, Textilindustrie oder Verpackungsindustrie \u2013 wir freuen uns auf Ihre Anfrage an unseren Leistungen. Wir liefern schnell und in gleichbleibend exzellenter Qualit\u00e4t.<\/p>\n<p><strong>Beschriften mit dem Laser \u2013 f\u00fcr viele Branchen rund um Erfurt sind wir der optimale Ansprechpartner<\/strong><\/p>\n<p>Welche <strong>Laseranwendungen<\/strong> bieten wir Ihnen au\u00dferdem? In der Beschriftung haben wir den Vorteil, vielf\u00e4ltigste Materialien bearbeiten zu k\u00f6nnen. Edelmetalle sind besonders f\u00fcr die Schmuckindustrie interessant. Kunststoffe und Aluminium sind f\u00fcr zahlreiche Produkte die Basis. Diese beschriften wir professionell und mit h\u00f6chster Pr\u00e4zision. Im Maschinenbau sind nach wie vor Stahl und Edelstahl die bevorzugten Materialien. Hier gl\u00e4nzen wir mit zahllosen modernen M\u00f6glichkeiten der Beschriftung.<\/p>\n<h3>Laserschwei\u00dfen und Reparaturschwei\u00dfen<\/h3>\n<p>Sie m\u00f6chten Ihre <strong>Werkzeuge reparieren<\/strong>? Wir schwei\u00dfen in Ihrem Auftrag Kunststoffspritzgussformen. Verschlei\u00df, auch bei Druckgussformen aus Metall ist allt\u00e4glich. Wegen der hohen Beanspruchung steht eine Reparatur regelm\u00e4\u00dfig auf der Tagesordnung. Dank unserer Lasertechnik reparieren wir Ihre Werkzeuge in k\u00fcrzester Zeit.<\/p>\n<p><strong>Laserverfahren beim Reparaturschwei\u00dfen<\/strong> haben den Vorteil, effektiver und mit minimaler W\u00e4rmeeinflusszone auch schonender f\u00fcr Ihre Werkzeuge zu sein. Wir bauen Kanten wieder verzugsfrei auf. Zudem bieten wir Ihnen eine gro\u00dfe Vielfalt an Schwei\u00dfzus\u00e4tzen.<\/p>\n<p>Wir beraten jedes Unternehmen aus der Region Erfurt zudem ausf\u00fchrlich und freuen uns auf Ihre Anfrage.<\/p>\n<p><strong>Ihr Telefon-Kontakt zu Laserzentrum Schorcht GmbH:<\/strong>&nbsp;\u260e\ufe0f <a title=\"Telefon: Laserzentrum Schorcht\" href=\"tel:+493669186010\"><strong>+49 (0)36691 8601-0<\/strong><\/a> oder aber Ihr <strong>Kontakt zu uns \u00fcber das Kontaktformular<\/strong>.<\/p>\n","protected":false},"excerpt":{"rendered":"<p>Gutes Angebot in der Lohnfertigung: Laserschwei\u00dfen, Reparaturschwei\u00dfen und Lasermarkierungen f\u00fcr die Region Erfurt Laserschwei\u00dfen: Wir offerieren Ihnen ein gutes Angebot rund um Materialbearbeitung mit dem [&hellip;]<\/p>\n","protected":false},"author":10,"featured_media":0,"parent":0,"menu_order":0,"comment_status":"closed","ping_status":"closed","template":"","meta":{"ngg_post_thumbnail":0,"footnotes":"","_links_to":"","_links_to_target":""},"class_list":["post-4202","page","type-page","status-publish","hentry"],"yoast_head":"<!-- This site is optimized with the Yoast SEO plugin v24.6 - https:\/\/yoast.com\/wordpress\/plugins\/seo\/ -->\n<title>Laserschwei\u00dfen Erfurt | Laserzentrum Schorcht GmbH | Angebot f\u00fcr Lohnfertigung<\/title>\n<meta name=\"description\" content=\"Gern unterbreiten wir Ihnen ein Angebot in der Laserlohnfertigung f\u00fcr die Region Erfurt: Laserschwei\u00dfen \u2705 Laserbohren \u2705 Lasergravieren und Laserschneiden \u2705\" \/>\n<meta name=\"robots\" content=\"index, follow, max-snippet:-1, max-image-preview:large, max-video-preview:-1\" \/>\n<link rel=\"canonical\" href=\"https:\/\/form-klar.de\/agnilaser2025\/laserschweissen-erfurt\/\" \/>\n<meta property=\"og:locale\" content=\"de_DE\" \/>\n<meta property=\"og:type\" content=\"article\" \/>\n<meta property=\"og:title\" content=\"Laserschwei\u00dfen Erfurt | Laserzentrum Schorcht GmbH | Angebot f\u00fcr Lohnfertigung\" \/>\n<meta property=\"og:description\" content=\"Gern unterbreiten wir Ihnen ein Angebot in der Laserlohnfertigung f\u00fcr die Region Erfurt: Laserschwei\u00dfen \u2705 Laserbohren \u2705 Lasergravieren und Laserschneiden \u2705\" \/>\n<meta property=\"og:url\" content=\"https:\/\/form-klar.de\/agnilaser2025\/laserschweissen-erfurt\/\" \/>\n<meta property=\"og:site_name\" content=\"Laserzentrum Schorcht GmbH\" \/>\n<meta property=\"article:modified_time\" content=\"2025-02-26T09:45:52+00:00\" \/>\n<meta property=\"og:image\" content=\"https:\/\/form-klar.de\/agnilaser2025\/wp-content\/uploads\/AdobeStock_27451579-300x200.jpeg\" \/>\n<meta name=\"twitter:label1\" content=\"Gesch\u00e4tzte Lesezeit\" \/>\n\t<meta name=\"twitter:data1\" content=\"2\u00a0Minuten\" \/>\n<script type=\"application\/ld+json\" class=\"yoast-schema-graph\">{\"@context\":\"https:\/\/schema.org\",\"@graph\":[{\"@type\":\"WebPage\",\"@id\":\"https:\/\/form-klar.de\/agnilaser2025\/laserschweissen-erfurt\/\",\"url\":\"https:\/\/form-klar.de\/agnilaser2025\/laserschweissen-erfurt\/\",\"name\":\"Laserschwei\u00dfen Erfurt | Laserzentrum Schorcht GmbH | Angebot f\u00fcr Lohnfertigung\",\"isPartOf\":{\"@id\":\"https:\/\/form-klar.de\/agnilaser2025\/#website\"},\"primaryImageOfPage\":{\"@id\":\"https:\/\/form-klar.de\/agnilaser2025\/laserschweissen-erfurt\/#primaryimage\"},\"image\":{\"@id\":\"https:\/\/form-klar.de\/agnilaser2025\/laserschweissen-erfurt\/#primaryimage\"},\"thumbnailUrl\":\"https:\/\/form-klar.de\/agnilaser2025\/wp-content\/uploads\/AdobeStock_27451579-300x200.jpeg\",\"datePublished\":\"2021-03-25T11:57:22+00:00\",\"dateModified\":\"2025-02-26T09:45:52+00:00\",\"description\":\"Gern unterbreiten wir Ihnen ein Angebot in der Laserlohnfertigung f\u00fcr die Region Erfurt: Laserschwei\u00dfen \u2705 Laserbohren \u2705 Lasergravieren und Laserschneiden \u2705\",\"inLanguage\":\"de\",\"potentialAction\":[{\"@type\":\"ReadAction\",\"target\":[\"https:\/\/form-klar.de\/agnilaser2025\/laserschweissen-erfurt\/\"]}]},{\"@type\":\"ImageObject\",\"inLanguage\":\"de\",\"@id\":\"https:\/\/form-klar.de\/agnilaser2025\/laserschweissen-erfurt\/#primaryimage\",\"url\":\"https:\/\/form-klar.de\/agnilaser2025\/wp-content\/uploads\/AdobeStock_27451579.jpeg\",\"contentUrl\":\"https:\/\/form-klar.de\/agnilaser2025\/wp-content\/uploads\/AdobeStock_27451579.jpeg\",\"width\":1920,\"height\":1280,\"caption\":\"Laserschneiden Metall, Laserschneiden Erfurt, Laserschneiden Jena, v\"},{\"@type\":\"WebSite\",\"@id\":\"https:\/\/form-klar.de\/agnilaser2025\/#website\",\"url\":\"https:\/\/form-klar.de\/agnilaser2025\/\",\"name\":\"Laserzentrum Schorcht GmbH\",\"description\":\"\",\"potentialAction\":[{\"@type\":\"SearchAction\",\"target\":{\"@type\":\"EntryPoint\",\"urlTemplate\":\"https:\/\/form-klar.de\/agnilaser2025\/?s={search_term_string}\"},\"query-input\":{\"@type\":\"PropertyValueSpecification\",\"valueRequired\":true,\"valueName\":\"search_term_string\"}}],\"inLanguage\":\"de\"}]}<\/script>\n<!-- \/ Yoast SEO plugin. -->","yoast_head_json":{"title":"Laserschwei\u00dfen Erfurt | Laserzentrum Schorcht GmbH | Angebot f\u00fcr Lohnfertigung","description":"Gern unterbreiten wir Ihnen ein Angebot in der Laserlohnfertigung f\u00fcr die Region Erfurt: Laserschwei\u00dfen \u2705 Laserbohren \u2705 Lasergravieren und Laserschneiden \u2705","robots":{"index":"index","follow":"follow","max-snippet":"max-snippet:-1","max-image-preview":"max-image-preview:large","max-video-preview":"max-video-preview:-1"},"canonical":"https:\/\/form-klar.de\/agnilaser2025\/laserschweissen-erfurt\/","og_locale":"de_DE","og_type":"article","og_title":"Laserschwei\u00dfen Erfurt | Laserzentrum Schorcht GmbH | Angebot f\u00fcr Lohnfertigung","og_description":"Gern unterbreiten wir Ihnen ein Angebot in der Laserlohnfertigung f\u00fcr die Region Erfurt: Laserschwei\u00dfen \u2705 Laserbohren \u2705 Lasergravieren und Laserschneiden \u2705","og_url":"https:\/\/form-klar.de\/agnilaser2025\/laserschweissen-erfurt\/","og_site_name":"Laserzentrum Schorcht GmbH","article_modified_time":"2025-02-26T09:45:52+00:00","og_image":[{"url":"https:\/\/form-klar.de\/agnilaser2025\/wp-content\/uploads\/AdobeStock_27451579-300x200.jpeg","type":"","width":"","height":""}],"twitter_misc":{"Gesch\u00e4tzte Lesezeit":"2\u00a0Minuten"},"schema":{"@context":"https:\/\/schema.org","@graph":[{"@type":"WebPage","@id":"https:\/\/form-klar.de\/agnilaser2025\/laserschweissen-erfurt\/","url":"https:\/\/form-klar.de\/agnilaser2025\/laserschweissen-erfurt\/","name":"Laserschwei\u00dfen Erfurt | Laserzentrum Schorcht GmbH | Angebot f\u00fcr Lohnfertigung","isPartOf":{"@id":"https:\/\/form-klar.de\/agnilaser2025\/#website"},"primaryImageOfPage":{"@id":"https:\/\/form-klar.de\/agnilaser2025\/laserschweissen-erfurt\/#primaryimage"},"image":{"@id":"https:\/\/form-klar.de\/agnilaser2025\/laserschweissen-erfurt\/#primaryimage"},"thumbnailUrl":"https:\/\/form-klar.de\/agnilaser2025\/wp-content\/uploads\/AdobeStock_27451579-300x200.jpeg","datePublished":"2021-03-25T11:57:22+00:00","dateModified":"2025-02-26T09:45:52+00:00","description":"Gern unterbreiten wir Ihnen ein Angebot in der Laserlohnfertigung f\u00fcr die Region Erfurt: Laserschwei\u00dfen \u2705 Laserbohren \u2705 Lasergravieren und Laserschneiden \u2705","inLanguage":"de","potentialAction":[{"@type":"ReadAction","target":["https:\/\/form-klar.de\/agnilaser2025\/laserschweissen-erfurt\/"]}]},{"@type":"ImageObject","inLanguage":"de","@id":"https:\/\/form-klar.de\/agnilaser2025\/laserschweissen-erfurt\/#primaryimage","url":"https:\/\/form-klar.de\/agnilaser2025\/wp-content\/uploads\/AdobeStock_27451579.jpeg","contentUrl":"https:\/\/form-klar.de\/agnilaser2025\/wp-content\/uploads\/AdobeStock_27451579.jpeg","width":1920,"height":1280,"caption":"Laserschneiden Metall, Laserschneiden Erfurt, Laserschneiden Jena, v"},{"@type":"WebSite","@id":"https:\/\/form-klar.de\/agnilaser2025\/#website","url":"https:\/\/form-klar.de\/agnilaser2025\/","name":"Laserzentrum Schorcht GmbH","description":"","potentialAction":[{"@type":"SearchAction","target":{"@type":"EntryPoint","urlTemplate":"https:\/\/form-klar.de\/agnilaser2025\/?s={search_term_string}"},"query-input":{"@type":"PropertyValueSpecification","valueRequired":true,"valueName":"search_term_string"}}],"inLanguage":"de"}]}},"_links":{"self":[{"href":"https:\/\/form-klar.de\/agnilaser2025\/wp-json\/wp\/v2\/pages\/4202","targetHints":{"allow":["GET"]}}],"collection":[{"href":"https:\/\/form-klar.de\/agnilaser2025\/wp-json\/wp\/v2\/pages"}],"about":[{"href":"https:\/\/form-klar.de\/agnilaser2025\/wp-json\/wp\/v2\/types\/page"}],"author":[{"embeddable":true,"href":"https:\/\/form-klar.de\/agnilaser2025\/wp-json\/wp\/v2\/users\/10"}],"replies":[{"embeddable":true,"href":"https:\/\/form-klar.de\/agnilaser2025\/wp-json\/wp\/v2\/comments?post=4202"}],"version-history":[{"count":1,"href":"https:\/\/form-klar.de\/agnilaser2025\/wp-json\/wp\/v2\/pages\/4202\/revisions"}],"predecessor-version":[{"id":4450,"href":"https:\/\/form-klar.de\/agnilaser2025\/wp-json\/wp\/v2\/pages\/4202\/revisions\/4450"}],"wp:attachment":[{"href":"https:\/\/form-klar.de\/agnilaser2025\/wp-json\/wp\/v2\/media?parent=4202"}],"curies":[{"name":"wp","href":"https:\/\/api.w.org\/{rel}","templated":true}]}}