{"id":4201,"date":"2020-12-22T16:07:01","date_gmt":"2020-12-22T16:07:01","guid":{"rendered":"http:\/\/www.agnilaser.de\/?page_id=1605"},"modified":"2020-12-22T16:07:01","modified_gmt":"2020-12-22T16:07:01","slug":"laserschneiden-jena","status":"publish","type":"page","link":"https:\/\/form-klar.de\/agnilaser2025\/laserschneiden-jena\/","title":{"rendered":"Laserschneiden Jena"},"content":{"rendered":"<h2>Laserzentrum Schorcht GmbH: Laserschneiden f\u00fcr die Region Jena<\/h2>\n<div id=\"attachment_1221\" style=\"width: 310px\" class=\"wp-caption alignright\"><img decoding=\"async\" aria-describedby=\"caption-attachment-1221\" class=\"lazyload size-medium wp-image-1221\" src=\"data:image\/svg+xml,%3Csvg%20xmlns%3D%27http%3A%2F%2Fwww.w3.org%2F2000%2Fsvg%27%20width%3D%27300%27%20height%3D%27200%27%20viewBox%3D%270%200%20300%20200%27%3E%3Crect%20width%3D%27300%27%20height%3D%27200%27%20fill-opacity%3D%220%22%2F%3E%3C%2Fsvg%3E\" data-orig-src=\"https:\/\/form-klar.de\/agnilaser2025\/wp-content\/uploads\/AdobeStock_27451579-300x200.jpeg\" alt=\"Laserschneiden Metall, Laserschneiden Erfurt, Laserschneiden Jena\" width=\"300\" height=\"200\"><p id=\"caption-attachment-1221\" class=\"wp-caption-text\"><strong>Laserschneiden Jena<\/strong><\/p><\/div>\n<p>Auf der Suche nach einem Partner f\u00fcr Lasertechnik in der Umgebung, kommen Sie an unserer Firma nicht vorbei. In den Bereichen <a title=\"Laserschneiden Jena\" href=\"https:\/\/form-klar.de\/agnilaser2025\/\/laserprogramm\/\"><strong>Lohnfertigung und Laserschneiden<\/strong><\/a> sind wir besonders spezialisiert und bieten Ihnen als Kunde einen individuellen Service. Profitieren Sie von unserer Erfahrung und unserem Know-how auf dem Gebiet der Lasertechnik! Die g\u00fcnstige Lage in der N\u00e4he der A4 und der A9 macht uns au\u00dferdem sehr leicht erreichbar.<\/p>\n<p><strong>Beschriftung und andere Services: wir sind f\u00fcr Sie da!<\/strong><\/p>\n<p>Wir verf\u00fcgen \u00fcber insgesamt&nbsp;14 moderne Anlagen zum Laserschneiden, welche unterschiedlichen Anforderungen gerecht werden. Als Unternehmen aus der Jenaer Region, sind wir Ihr perfekter Ansprechpartner f\u00fcr Laseranwendungen, Markierungen und <a title=\"Laserschneiden im Lohn\" href=\"https:\/\/form-klar.de\/agnilaser2025\/\/lohnfertigung\/\"><strong>Laserlohnfertigung<\/strong><\/a>. Unser umfangreiches Leistungsspektrum umfasst unter anderem auch die Entwicklung neuer Produkte in Kooperation mit unseren Kunden aus der Region Jena.<\/p>\n<h3>Laserzentrum Schorcht GmbH: Laserschneiden Jena mit Leistungsf\u00e4higkeit und Kompetenz<\/h3>\n<p>Unsere Leistungen im Bereich Laserschneid-Technik sind variabel und richten sich individuell nach den Kundenw\u00fcnschen. Wir fertigen f\u00fcr Sie unter anderem Umrisse in 2D oder auch 3D an. Pr\u00e4zision und eine rasche praktische Umsetzung sind zwei unserer wichtigsten Merkmale. Dar\u00fcber hinaus arbeiten wir bereits ab einer Losgr\u00f6\u00dfe von 1 sehr effizient. Mit Hilfe von modernen Hochleistungslasern k\u00f6nnen wir die verschiedensten Aufgaben ausf\u00fchren. Dazu geh\u00f6rt auch das&nbsp;<strong>Microschneiden<\/strong>.<\/p>\n<h3>Ob Laserschneide-Technik oder Lasermarkierungen, wir sind Ihr zuverl\u00e4ssiger Partner<\/h3>\n<p>Ben\u00f6tigen Sie Markierungen oder Beschriftungen? F\u00fcr diese Zwecke sind unsere Laser ebenfalls perfekt geeignet. Und auch f\u00fcr Unternehmenssparten wie <strong>Maschinenbau oder Medizintechnik<\/strong>, sind wir gerne t\u00e4tig und f\u00fchren individuelle Serienfertigungen und Produktentwicklungen durch. Ein Spezialgebiet von uns sind Beschriftungen verschiedener Art.<\/p>\n<h3>Laserschneiden: Warum Sie uns vertrauen sollten<\/h3>\n<p>Haben Sie Fragen zu unserem Unternehmen und unserem Leistungsangebot? Dann beraten wir Sie bei Bedarf detailliert in allen Belangen rund um <strong> Laserschneiden und Lasermarkierungen<\/strong>.<\/p>\n<p>Von der Produktentwicklung im Anfangsstadium bis hin zur Fertigung in Serie, begleiten wir Sie zudem technisch und mit all unserem Wissen. Informieren Sie sich doch und kontaktieren Sie uns! Wir freuen uns auf Sie und machen gerne einen Termin mit Ihnen aus.<\/p>\n<p><strong>Ihr Kontakt zu Laserzentrum Schorcht GmbH:<\/strong>&nbsp;\u260e\ufe0f <a title=\"Telefon: Laserzentrum Schorcht\" href=\"tel:+493669186010\"><strong>+49 (0)36691 8601-0<\/strong><\/a><\/p>\n","protected":false},"excerpt":{"rendered":"<p>Laserzentrum Schorcht GmbH: Laserschneiden f\u00fcr die Region Jena Auf der Suche nach einem Partner f\u00fcr Lasertechnik in der Umgebung, kommen Sie an unserer Firma nicht [&hellip;]<\/p>\n","protected":false},"author":10,"featured_media":0,"parent":0,"menu_order":0,"comment_status":"closed","ping_status":"closed","template":"","meta":{"ngg_post_thumbnail":0,"footnotes":"","_links_to":"","_links_to_target":""},"class_list":["post-4201","page","type-page","status-publish","hentry"],"yoast_head":"<!-- This site is optimized with the Yoast SEO plugin v24.6 - https:\/\/yoast.com\/wordpress\/plugins\/seo\/ -->\n<title>Laserschneiden Jena | Lasermaterialbearbeitung | Markierungen<\/title>\n<meta name=\"description\" content=\"Laserschneiden f\u00fcr die Region Jena. Sichern Sie sich h\u00f6chste Laserkompetenz! \u2705 Markieraufgaben \u2705 Laseranwendungen \u2705 Laserlohnfertigung &amp; Labor \u2705\" \/>\n<meta name=\"robots\" content=\"index, follow, max-snippet:-1, max-image-preview:large, max-video-preview:-1\" \/>\n<link rel=\"canonical\" href=\"https:\/\/form-klar.de\/agnilaser2025\/laserschneiden-jena\/\" \/>\n<meta property=\"og:locale\" content=\"de_DE\" \/>\n<meta property=\"og:type\" content=\"article\" \/>\n<meta property=\"og:title\" content=\"Laserschneiden Jena | Lasermaterialbearbeitung | Markierungen\" \/>\n<meta property=\"og:description\" content=\"Laserschneiden f\u00fcr die Region Jena. Sichern Sie sich h\u00f6chste Laserkompetenz! \u2705 Markieraufgaben \u2705 Laseranwendungen \u2705 Laserlohnfertigung &amp; Labor \u2705\" \/>\n<meta property=\"og:url\" content=\"https:\/\/form-klar.de\/agnilaser2025\/laserschneiden-jena\/\" \/>\n<meta property=\"og:site_name\" content=\"Laserzentrum Schorcht GmbH\" \/>\n<meta property=\"og:image\" content=\"https:\/\/form-klar.de\/agnilaser2025\/wp-content\/uploads\/AdobeStock_27451579-300x200.jpeg\" \/>\n<meta name=\"twitter:label1\" content=\"Gesch\u00e4tzte Lesezeit\" \/>\n\t<meta name=\"twitter:data1\" content=\"2\u00a0Minuten\" \/>\n<script type=\"application\/ld+json\" class=\"yoast-schema-graph\">{\"@context\":\"https:\/\/schema.org\",\"@graph\":[{\"@type\":\"WebPage\",\"@id\":\"https:\/\/form-klar.de\/agnilaser2025\/laserschneiden-jena\/\",\"url\":\"https:\/\/form-klar.de\/agnilaser2025\/laserschneiden-jena\/\",\"name\":\"Laserschneiden Jena | Lasermaterialbearbeitung | Markierungen\",\"isPartOf\":{\"@id\":\"https:\/\/form-klar.de\/agnilaser2025\/#website\"},\"primaryImageOfPage\":{\"@id\":\"https:\/\/form-klar.de\/agnilaser2025\/laserschneiden-jena\/#primaryimage\"},\"image\":{\"@id\":\"https:\/\/form-klar.de\/agnilaser2025\/laserschneiden-jena\/#primaryimage\"},\"thumbnailUrl\":\"https:\/\/form-klar.de\/agnilaser2025\/wp-content\/uploads\/AdobeStock_27451579-300x200.jpeg\",\"datePublished\":\"2020-12-22T16:07:01+00:00\",\"description\":\"Laserschneiden f\u00fcr die Region Jena. Sichern Sie sich h\u00f6chste Laserkompetenz! \u2705 Markieraufgaben \u2705 Laseranwendungen \u2705 Laserlohnfertigung & Labor \u2705\",\"inLanguage\":\"de\",\"potentialAction\":[{\"@type\":\"ReadAction\",\"target\":[\"https:\/\/form-klar.de\/agnilaser2025\/laserschneiden-jena\/\"]}]},{\"@type\":\"ImageObject\",\"inLanguage\":\"de\",\"@id\":\"https:\/\/form-klar.de\/agnilaser2025\/laserschneiden-jena\/#primaryimage\",\"url\":\"https:\/\/form-klar.de\/agnilaser2025\/wp-content\/uploads\/AdobeStock_27451579.jpeg\",\"contentUrl\":\"https:\/\/form-klar.de\/agnilaser2025\/wp-content\/uploads\/AdobeStock_27451579.jpeg\",\"width\":1920,\"height\":1280,\"caption\":\"Laserschneiden Metall, Laserschneiden Erfurt, Laserschneiden Jena, v\"},{\"@type\":\"WebSite\",\"@id\":\"https:\/\/form-klar.de\/agnilaser2025\/#website\",\"url\":\"https:\/\/form-klar.de\/agnilaser2025\/\",\"name\":\"Laserzentrum Schorcht GmbH\",\"description\":\"\",\"potentialAction\":[{\"@type\":\"SearchAction\",\"target\":{\"@type\":\"EntryPoint\",\"urlTemplate\":\"https:\/\/form-klar.de\/agnilaser2025\/?s={search_term_string}\"},\"query-input\":{\"@type\":\"PropertyValueSpecification\",\"valueRequired\":true,\"valueName\":\"search_term_string\"}}],\"inLanguage\":\"de\"}]}<\/script>\n<!-- \/ Yoast SEO plugin. -->","yoast_head_json":{"title":"Laserschneiden Jena | Lasermaterialbearbeitung | Markierungen","description":"Laserschneiden f\u00fcr die Region Jena. Sichern Sie sich h\u00f6chste Laserkompetenz! \u2705 Markieraufgaben \u2705 Laseranwendungen \u2705 Laserlohnfertigung & Labor \u2705","robots":{"index":"index","follow":"follow","max-snippet":"max-snippet:-1","max-image-preview":"max-image-preview:large","max-video-preview":"max-video-preview:-1"},"canonical":"https:\/\/form-klar.de\/agnilaser2025\/laserschneiden-jena\/","og_locale":"de_DE","og_type":"article","og_title":"Laserschneiden Jena | Lasermaterialbearbeitung | Markierungen","og_description":"Laserschneiden f\u00fcr die Region Jena. Sichern Sie sich h\u00f6chste Laserkompetenz! \u2705 Markieraufgaben \u2705 Laseranwendungen \u2705 Laserlohnfertigung & Labor \u2705","og_url":"https:\/\/form-klar.de\/agnilaser2025\/laserschneiden-jena\/","og_site_name":"Laserzentrum Schorcht GmbH","og_image":[{"url":"https:\/\/form-klar.de\/agnilaser2025\/wp-content\/uploads\/AdobeStock_27451579-300x200.jpeg","type":"","width":"","height":""}],"twitter_misc":{"Gesch\u00e4tzte Lesezeit":"2\u00a0Minuten"},"schema":{"@context":"https:\/\/schema.org","@graph":[{"@type":"WebPage","@id":"https:\/\/form-klar.de\/agnilaser2025\/laserschneiden-jena\/","url":"https:\/\/form-klar.de\/agnilaser2025\/laserschneiden-jena\/","name":"Laserschneiden Jena | Lasermaterialbearbeitung | Markierungen","isPartOf":{"@id":"https:\/\/form-klar.de\/agnilaser2025\/#website"},"primaryImageOfPage":{"@id":"https:\/\/form-klar.de\/agnilaser2025\/laserschneiden-jena\/#primaryimage"},"image":{"@id":"https:\/\/form-klar.de\/agnilaser2025\/laserschneiden-jena\/#primaryimage"},"thumbnailUrl":"https:\/\/form-klar.de\/agnilaser2025\/wp-content\/uploads\/AdobeStock_27451579-300x200.jpeg","datePublished":"2020-12-22T16:07:01+00:00","description":"Laserschneiden f\u00fcr die Region Jena. Sichern Sie sich h\u00f6chste Laserkompetenz! \u2705 Markieraufgaben \u2705 Laseranwendungen \u2705 Laserlohnfertigung & Labor \u2705","inLanguage":"de","potentialAction":[{"@type":"ReadAction","target":["https:\/\/form-klar.de\/agnilaser2025\/laserschneiden-jena\/"]}]},{"@type":"ImageObject","inLanguage":"de","@id":"https:\/\/form-klar.de\/agnilaser2025\/laserschneiden-jena\/#primaryimage","url":"https:\/\/form-klar.de\/agnilaser2025\/wp-content\/uploads\/AdobeStock_27451579.jpeg","contentUrl":"https:\/\/form-klar.de\/agnilaser2025\/wp-content\/uploads\/AdobeStock_27451579.jpeg","width":1920,"height":1280,"caption":"Laserschneiden Metall, Laserschneiden Erfurt, Laserschneiden Jena, v"},{"@type":"WebSite","@id":"https:\/\/form-klar.de\/agnilaser2025\/#website","url":"https:\/\/form-klar.de\/agnilaser2025\/","name":"Laserzentrum Schorcht GmbH","description":"","potentialAction":[{"@type":"SearchAction","target":{"@type":"EntryPoint","urlTemplate":"https:\/\/form-klar.de\/agnilaser2025\/?s={search_term_string}"},"query-input":{"@type":"PropertyValueSpecification","valueRequired":true,"valueName":"search_term_string"}}],"inLanguage":"de"}]}},"_links":{"self":[{"href":"https:\/\/form-klar.de\/agnilaser2025\/wp-json\/wp\/v2\/pages\/4201","targetHints":{"allow":["GET"]}}],"collection":[{"href":"https:\/\/form-klar.de\/agnilaser2025\/wp-json\/wp\/v2\/pages"}],"about":[{"href":"https:\/\/form-klar.de\/agnilaser2025\/wp-json\/wp\/v2\/types\/page"}],"author":[{"embeddable":true,"href":"https:\/\/form-klar.de\/agnilaser2025\/wp-json\/wp\/v2\/users\/10"}],"replies":[{"embeddable":true,"href":"https:\/\/form-klar.de\/agnilaser2025\/wp-json\/wp\/v2\/comments?post=4201"}],"version-history":[{"count":0,"href":"https:\/\/form-klar.de\/agnilaser2025\/wp-json\/wp\/v2\/pages\/4201\/revisions"}],"wp:attachment":[{"href":"https:\/\/form-klar.de\/agnilaser2025\/wp-json\/wp\/v2\/media?parent=4201"}],"curies":[{"name":"wp","href":"https:\/\/api.w.org\/{rel}","templated":true}]}}