{"id":4200,"date":"2020-09-10T08:50:12","date_gmt":"2020-09-10T08:50:12","guid":{"rendered":"http:\/\/www.agnilaser.de\/?page_id=1575"},"modified":"2020-09-10T08:50:12","modified_gmt":"2020-09-10T08:50:12","slug":"laserschneiden-leipzig","status":"publish","type":"page","link":"https:\/\/form-klar.de\/agnilaser2025\/laserschneiden-leipzig\/","title":{"rendered":"Laserschneiden Leipzig"},"content":{"rendered":"<h2>Dienstleistungen Laserschneiden in der N\u00e4he von Leipzig finden<\/h2>\n<div id=\"attachment_1222\" style=\"width: 310px\" class=\"wp-caption alignright\"><img class=\"lazyload\" decoding=\"async\" aria-describedby=\"caption-attachment-1222\" src=\"data:image\/svg+xml,%3Csvg%20xmlns%3D%27http%3A%2F%2Fwww.w3.org%2F2000%2Fsvg%27%20width%3D%27300%27%20height%3D%27200%27%20viewBox%3D%270%200%20300%20200%27%3E%3Crect%20width%3D%27300%27%20height%3D%27200%27%20fill-opacity%3D%220%22%2F%3E%3C%2Fsvg%3E\" data-orig-src=\"https:\/\/form-klar.de\/agnilaser2025\/wp-content\/uploads\/AdobeStock_53274620-300x200.jpeg\" alt=\"Laserschwei\u00dfen Metalle, Dienstleister f\u00fcr Laserschwei\u00dfen, Laserschneiden Leipzig\" width=\"300\" height=\"200\"><p id=\"caption-attachment-1222\" class=\"wp-caption-text\"><strong>Laserschneiden Leipzig<\/strong><\/p><\/div>\n<p>Holen Sie sich das Know-how der <a title=\"Laserschneiden Laserzentrum Schorcht GmbH\" href=\"https:\/\/form-klar.de\/agnilaser2025\/\/lohnfertigung\/laserschneiden-thueringen\/\"><strong>Laserschneiden Experten<\/strong><\/a> aus der Region um Leipzig. Ob Sie&nbsp;<strong>Werkzeugreparaturen<\/strong> beauftragen m\u00f6chten oder ganz spezielle <a title=\"Laser Leipzig \u2013 schneiden, markieren\" href=\"https:\/\/form-klar.de\/agnilaser2025\/\/laserprogramm\/\"><strong>Markieraufgaben<\/strong><\/a>: Wir sind Ihr Partner hier in der Region. Unser Unternehmen befindet sich direkt an der Autobahn 9 \u2013 in der N\u00e4he des Hermsdorfer Kreuzes. Unsere Lieferungen sind schnell bei Ihnen!<\/p>\n<p><strong>Leistungsf\u00e4hige Laser f\u00fcr Laserschneiden in der N\u00e4he von Leipzig<\/strong><\/p>\n<p>Nutzen Sie die Power unserer leistungsf\u00e4higen&nbsp;<strong>Markierlaser<\/strong>. Aber auch im Laserschneiden sind wir f\u00fcr Sie da. Als Dienstleister f\u00fcr alle Unternehmen im Maschinenbau halten wir leistungsf\u00e4hige Kapazit\u00e4ten vor. In k\u00fcrzester Zeit liefern wir alle bestellten Teile in optimaler Qualit\u00e4t aus. Dabei arbeiten wir individuell, beispielsweise bei der Entwicklung f\u00fcr&nbsp;<strong>Prototypen<\/strong>. Aber auch in der <strong>Serienfertigung<\/strong> sind wir Ihr zuverl\u00e4ssiger Partner.<\/p>\n<h3><strong>Beschriftungen und Markieraufgaben mit dem Laser in der N\u00e4he von Leipzig<\/strong><\/h3>\n<p>Gern erl\u00e4utern wir Ihnen in einem pers\u00f6nlichen Gespr\u00e4ch alle M\u00f6glichkeiten in unserem Unternehmen. Fragen Sie uns nach unseren Laseranwendungen. Besonders in der Beschriftung sind keine Limits mehr gegeben. Wir beschriften Materialien wie Edelmetall, Stahl, Edelstahl und Aluminium. Aber auch Kunststoffe und organische Materialien sind f\u00fcr die Beschriftung mit dem Laser geeignet. Fragen Sie uns an.<\/p>\n<h3>Breit aufgestellt in der Laserlohnfertigung<\/h3>\n<p>Besonders breit aufgestellt sind wir mit moderner Lasertechnik im Bereich Laserlohnfertigung. Denn hier halten wir die Maschinen vor, die Sie f\u00fcr eine optimale Umsetzung Ihrer Produktion ben\u00f6tigen. Dabei k\u00f6nnen Sie mit der Wahl unseres Unternehmens f\u00fcr Lohnfertigung Ihre Produktion flexibel erweitern. Gern erledigen wir auch spezielle Aufgaben in Ihrem Auftrag. Kontaktieren Sie unsere Ingenieure, um die optimale Umsetzung f\u00fcr Ihre Ideen und Anforderungen zu finden.<\/p>\n<h3>Effektivit\u00e4t steht an erster Stelle \u2013 Laserschneiden<\/h3>\n<p>Ob&nbsp;<strong>CO2-Hochleistungslaser, Faserlaser oder ND:YAG Laser<\/strong> \u2013 wir bieten Ihnen Leistungsst\u00e4rke und Leistungsbreite in jeder Hinsicht. Dabei sollten Sie auf jeden Fall auf einen m\u00f6glichst effizienten Einsatz achten. Mit uns machen Sie Werkzeugreparatur, Werkzeugwartung aber auch Entwicklung von Prototypen und kleinen Serien preiswerter. Auch der Zeitfaktor spielt oft eine Rolle. Wir springen ein, wenn Sie Ihren Zeitplan einhalten m\u00f6chten.<\/p>\n<p><strong>Ihr Kontakt zu Laserzentrum Schorcht GmbH:<\/strong>&nbsp;\u260e\ufe0f <a title=\"Telefon: Laserzentrum Schorcht\" href=\"tel:+493669186010\"><strong>+49 (0)36691 8601-0<\/strong><\/a><\/p>\n","protected":false},"excerpt":{"rendered":"<p>Dienstleistungen Laserschneiden in der N\u00e4he von Leipzig finden Holen Sie sich das Know-how der Laserschneiden Experten aus der Region um Leipzig. Ob Sie&nbsp;Werkzeugreparaturen beauftragen m\u00f6chten [&hellip;]<\/p>\n","protected":false},"author":10,"featured_media":0,"parent":0,"menu_order":0,"comment_status":"closed","ping_status":"closed","template":"","meta":{"ngg_post_thumbnail":0,"footnotes":"","_links_to":"","_links_to_target":""},"class_list":["post-4200","page","type-page","status-publish","hentry"],"yoast_head":"<!-- This site is optimized with the Yoast SEO plugin v24.6 - https:\/\/yoast.com\/wordpress\/plugins\/seo\/ -->\n<title>Laserschneiden Leipzig | Dienstleistungen mit Kompetenz | Laserzentrum Schorcht GmbH<\/title>\n<meta name=\"description\" content=\"Wir bieten Ihnen Leistungen wie zum Beispiel Laserschneiden oder Markieraufgaben in der N\u00e4he von Leipzig an. \u2705 Wir beweisen Ihnen gern unsere Kompetenz. \u2705\" \/>\n<meta name=\"robots\" content=\"index, follow, max-snippet:-1, max-image-preview:large, max-video-preview:-1\" \/>\n<link rel=\"canonical\" href=\"https:\/\/form-klar.de\/agnilaser2025\/laserschneiden-leipzig\/\" \/>\n<meta property=\"og:locale\" content=\"de_DE\" \/>\n<meta property=\"og:type\" content=\"article\" \/>\n<meta property=\"og:title\" content=\"Laserschneiden Leipzig | Dienstleistungen mit Kompetenz | Laserzentrum Schorcht GmbH\" \/>\n<meta property=\"og:description\" content=\"Wir bieten Ihnen Leistungen wie zum Beispiel Laserschneiden oder Markieraufgaben in der N\u00e4he von Leipzig an. \u2705 Wir beweisen Ihnen gern unsere Kompetenz. \u2705\" \/>\n<meta property=\"og:url\" content=\"https:\/\/form-klar.de\/agnilaser2025\/laserschneiden-leipzig\/\" \/>\n<meta property=\"og:site_name\" content=\"Laserzentrum Schorcht GmbH\" \/>\n<meta property=\"og:image\" content=\"https:\/\/form-klar.de\/agnilaser2025\/wp-content\/uploads\/AdobeStock_53274620-300x200.jpeg\" \/>\n<meta name=\"twitter:label1\" content=\"Gesch\u00e4tzte Lesezeit\" \/>\n\t<meta name=\"twitter:data1\" content=\"2\u00a0Minuten\" \/>\n<script type=\"application\/ld+json\" class=\"yoast-schema-graph\">{\"@context\":\"https:\/\/schema.org\",\"@graph\":[{\"@type\":\"WebPage\",\"@id\":\"https:\/\/form-klar.de\/agnilaser2025\/laserschneiden-leipzig\/\",\"url\":\"https:\/\/form-klar.de\/agnilaser2025\/laserschneiden-leipzig\/\",\"name\":\"Laserschneiden Leipzig | Dienstleistungen mit Kompetenz | Laserzentrum Schorcht GmbH\",\"isPartOf\":{\"@id\":\"https:\/\/form-klar.de\/agnilaser2025\/#website\"},\"primaryImageOfPage\":{\"@id\":\"https:\/\/form-klar.de\/agnilaser2025\/laserschneiden-leipzig\/#primaryimage\"},\"image\":{\"@id\":\"https:\/\/form-klar.de\/agnilaser2025\/laserschneiden-leipzig\/#primaryimage\"},\"thumbnailUrl\":\"https:\/\/form-klar.de\/agnilaser2025\/wp-content\/uploads\/AdobeStock_53274620-300x200.jpeg\",\"datePublished\":\"2020-09-10T08:50:12+00:00\",\"description\":\"Wir bieten Ihnen Leistungen wie zum Beispiel Laserschneiden oder Markieraufgaben in der N\u00e4he von Leipzig an. \u2705 Wir beweisen Ihnen gern unsere Kompetenz. \u2705\",\"inLanguage\":\"de\",\"potentialAction\":[{\"@type\":\"ReadAction\",\"target\":[\"https:\/\/form-klar.de\/agnilaser2025\/laserschneiden-leipzig\/\"]}]},{\"@type\":\"ImageObject\",\"inLanguage\":\"de\",\"@id\":\"https:\/\/form-klar.de\/agnilaser2025\/laserschneiden-leipzig\/#primaryimage\",\"url\":\"https:\/\/form-klar.de\/agnilaser2025\/wp-content\/uploads\/AdobeStock_53274620.jpeg\",\"contentUrl\":\"https:\/\/form-klar.de\/agnilaser2025\/wp-content\/uploads\/AdobeStock_53274620.jpeg\",\"width\":1920,\"height\":1278},{\"@type\":\"WebSite\",\"@id\":\"https:\/\/form-klar.de\/agnilaser2025\/#website\",\"url\":\"https:\/\/form-klar.de\/agnilaser2025\/\",\"name\":\"Laserzentrum Schorcht GmbH\",\"description\":\"\",\"potentialAction\":[{\"@type\":\"SearchAction\",\"target\":{\"@type\":\"EntryPoint\",\"urlTemplate\":\"https:\/\/form-klar.de\/agnilaser2025\/?s={search_term_string}\"},\"query-input\":{\"@type\":\"PropertyValueSpecification\",\"valueRequired\":true,\"valueName\":\"search_term_string\"}}],\"inLanguage\":\"de\"}]}<\/script>\n<!-- \/ Yoast SEO plugin. -->","yoast_head_json":{"title":"Laserschneiden Leipzig | Dienstleistungen mit Kompetenz | Laserzentrum Schorcht GmbH","description":"Wir bieten Ihnen Leistungen wie zum Beispiel Laserschneiden oder Markieraufgaben in der N\u00e4he von Leipzig an. \u2705 Wir beweisen Ihnen gern unsere Kompetenz. \u2705","robots":{"index":"index","follow":"follow","max-snippet":"max-snippet:-1","max-image-preview":"max-image-preview:large","max-video-preview":"max-video-preview:-1"},"canonical":"https:\/\/form-klar.de\/agnilaser2025\/laserschneiden-leipzig\/","og_locale":"de_DE","og_type":"article","og_title":"Laserschneiden Leipzig | Dienstleistungen mit Kompetenz | Laserzentrum Schorcht GmbH","og_description":"Wir bieten Ihnen Leistungen wie zum Beispiel Laserschneiden oder Markieraufgaben in der N\u00e4he von Leipzig an. \u2705 Wir beweisen Ihnen gern unsere Kompetenz. \u2705","og_url":"https:\/\/form-klar.de\/agnilaser2025\/laserschneiden-leipzig\/","og_site_name":"Laserzentrum Schorcht GmbH","og_image":[{"url":"https:\/\/form-klar.de\/agnilaser2025\/wp-content\/uploads\/AdobeStock_53274620-300x200.jpeg","type":"","width":"","height":""}],"twitter_misc":{"Gesch\u00e4tzte Lesezeit":"2\u00a0Minuten"},"schema":{"@context":"https:\/\/schema.org","@graph":[{"@type":"WebPage","@id":"https:\/\/form-klar.de\/agnilaser2025\/laserschneiden-leipzig\/","url":"https:\/\/form-klar.de\/agnilaser2025\/laserschneiden-leipzig\/","name":"Laserschneiden Leipzig | Dienstleistungen mit Kompetenz | Laserzentrum Schorcht GmbH","isPartOf":{"@id":"https:\/\/form-klar.de\/agnilaser2025\/#website"},"primaryImageOfPage":{"@id":"https:\/\/form-klar.de\/agnilaser2025\/laserschneiden-leipzig\/#primaryimage"},"image":{"@id":"https:\/\/form-klar.de\/agnilaser2025\/laserschneiden-leipzig\/#primaryimage"},"thumbnailUrl":"https:\/\/form-klar.de\/agnilaser2025\/wp-content\/uploads\/AdobeStock_53274620-300x200.jpeg","datePublished":"2020-09-10T08:50:12+00:00","description":"Wir bieten Ihnen Leistungen wie zum Beispiel Laserschneiden oder Markieraufgaben in der N\u00e4he von Leipzig an. \u2705 Wir beweisen Ihnen gern unsere Kompetenz. \u2705","inLanguage":"de","potentialAction":[{"@type":"ReadAction","target":["https:\/\/form-klar.de\/agnilaser2025\/laserschneiden-leipzig\/"]}]},{"@type":"ImageObject","inLanguage":"de","@id":"https:\/\/form-klar.de\/agnilaser2025\/laserschneiden-leipzig\/#primaryimage","url":"https:\/\/form-klar.de\/agnilaser2025\/wp-content\/uploads\/AdobeStock_53274620.jpeg","contentUrl":"https:\/\/form-klar.de\/agnilaser2025\/wp-content\/uploads\/AdobeStock_53274620.jpeg","width":1920,"height":1278},{"@type":"WebSite","@id":"https:\/\/form-klar.de\/agnilaser2025\/#website","url":"https:\/\/form-klar.de\/agnilaser2025\/","name":"Laserzentrum Schorcht GmbH","description":"","potentialAction":[{"@type":"SearchAction","target":{"@type":"EntryPoint","urlTemplate":"https:\/\/form-klar.de\/agnilaser2025\/?s={search_term_string}"},"query-input":{"@type":"PropertyValueSpecification","valueRequired":true,"valueName":"search_term_string"}}],"inLanguage":"de"}]}},"_links":{"self":[{"href":"https:\/\/form-klar.de\/agnilaser2025\/wp-json\/wp\/v2\/pages\/4200","targetHints":{"allow":["GET"]}}],"collection":[{"href":"https:\/\/form-klar.de\/agnilaser2025\/wp-json\/wp\/v2\/pages"}],"about":[{"href":"https:\/\/form-klar.de\/agnilaser2025\/wp-json\/wp\/v2\/types\/page"}],"author":[{"embeddable":true,"href":"https:\/\/form-klar.de\/agnilaser2025\/wp-json\/wp\/v2\/users\/10"}],"replies":[{"embeddable":true,"href":"https:\/\/form-klar.de\/agnilaser2025\/wp-json\/wp\/v2\/comments?post=4200"}],"version-history":[{"count":0,"href":"https:\/\/form-klar.de\/agnilaser2025\/wp-json\/wp\/v2\/pages\/4200\/revisions"}],"wp:attachment":[{"href":"https:\/\/form-klar.de\/agnilaser2025\/wp-json\/wp\/v2\/media?parent=4200"}],"curies":[{"name":"wp","href":"https:\/\/api.w.org\/{rel}","templated":true}]}}