{"id":4199,"date":"2020-08-03T11:57:50","date_gmt":"2020-08-03T11:57:50","guid":{"rendered":"http:\/\/www.agnilaser.de\/?page_id=1569"},"modified":"2020-08-03T11:57:50","modified_gmt":"2020-08-03T11:57:50","slug":"rohrbearbeitung-mit-laser","status":"publish","type":"page","link":"https:\/\/form-klar.de\/agnilaser2025\/rohrbearbeitung-mit-laser\/","title":{"rendered":"Rohrbearbeitung mit Laser"},"content":{"rendered":"<h2>Rohrbearbeitung mit Laser \u2013 Kompetenz in der Lohnfertigung<\/h2>\n<div id=\"attachment_1222\" style=\"width: 310px\" class=\"wp-caption alignright\"><img class=\"lazyload\" decoding=\"async\" aria-describedby=\"caption-attachment-1222\" src=\"data:image\/svg+xml,%3Csvg%20xmlns%3D%27http%3A%2F%2Fwww.w3.org%2F2000%2Fsvg%27%20width%3D%27300%27%20height%3D%27200%27%20viewBox%3D%270%200%20300%20200%27%3E%3Crect%20width%3D%27300%27%20height%3D%27200%27%20fill-opacity%3D%220%22%2F%3E%3C%2Fsvg%3E\" data-orig-src=\"https:\/\/form-klar.de\/agnilaser2025\/wp-content\/uploads\/AdobeStock_53274620-300x200.jpeg\" alt=\"Laserschwei\u00dfen Metalle, Dienstleister f\u00fcr Laserschwei\u00dfen\" width=\"300\" height=\"200\"><p id=\"caption-attachment-1222\" class=\"wp-caption-text\"><strong>Rohrbearbeitung mit Laser<\/strong><\/p><\/div>\n<p>Nutzen Sie die Kompetenz in der <a title=\"Rohrbearbeitung mit Laser\" href=\"https:\/\/form-klar.de\/agnilaser2025\/\/unternehmen-laserzentrum-thueringen\/\"><strong> Rohrbearbeitung<\/strong><\/a> von Laserzentrum Schorcht GmbH. Schorcht ist Ihr Spezialist in der Rohbearbeitung mit Laser. Vielleicht lernen Sie zuerst unsere Leistungen kennen. Sie suchen einen kompetenten Dienstleister f\u00fcr Markieraufgaben? Bei diesen Aufgaben sind wir besonders leistungsf\u00e4hig. Wir stellen ihnen ein interessantes Spektrum an technischen M\u00f6glichkeiten zur Verf\u00fcgung. Deshalb setzen wir auf einen m\u00f6glichst breiten Service f\u00fcr Sie. Allen Kunden stellen wir deshalb einen leistungsf\u00e4higen Maschinenpark \u2013 spezialisiert auf <strong>Laseranwendungen<\/strong> \u2013 zur Verf\u00fcgung.<\/p>\n<h3>Rohrbearbeitung: Rohe und Rohrteile beschriften, schneiden, schwei\u00dfen und reparieren<\/h3>\n<p>Ob Schwei\u00dfen mit dem Laser, <a title=\"Markieraufgaben Rohrbearbeitung\" href=\"https:\/\/form-klar.de\/agnilaser2025\/\/laserprogramm\/\"><strong>Beschriftungen<\/strong><\/a> von Rohren und Rohrteilen, Bohren mit dem Laser oder der hochgenaue Schnitt \u2013 fragen Sie uns an. Unsere Auftr\u00e4ge sind breit gef\u00e4chert. Besonders hervorheben m\u00f6chten wir unsere Erfahrungen in der Medizintechnik und der Schmuckindustrie. Denn hier werden sehr genaue Schnitte, Bohrungen oder Schwei\u00dfaufgaben n\u00f6tig.<\/p>\n<h3>Lasertechnologie f\u00fcr die Laserbeschriftungen f\u00fcr jede Branche<\/h3>\n<p>Aber auch in anderen Bereichen, wie beispielsweise der Textilindustrie oder der Automobil- und Flugzeugtechnik werden unsere Laseranwendungen gern beauftragt. Auch im Apparate- und Maschinenbau schaffen wir zuverl\u00e4ssige Ergebnisse.<\/p>\n<h3>Rohrbearbeitung dem Laser: vielf\u00e4ltige Markieraufgaben<\/h3>\n<p>Mit Laser-Beschriftungen schaffen wir Standards in Pr\u00e4zision, F\u00e4lschungssicherheit und Haltbarkeit. Wenn wir Bauteile beschriften, setzen wir hochpr\u00e4zise Grafiken oder Schriften um. Besonderen Augenmerk setzen wir zum Beispiel auf 1-Punkt gro\u00dfe Schriftgr\u00f6\u00dfen. Auch bei sehr kleinen Geometrien sind unsere Laser die beste Technologie. Auch Grafiken setzen wir filigran und fehlerlos um. Dabei wird jede Markierung genauso gut wie der vorherige: <strong>absolut gleichbleibende Qualit\u00e4t<\/strong> ist das Zauberwort.<\/p>\n<p>Laserbeschriftungen in der Rohrbearbeitung sind auch besonders widerstandsf\u00e4hig gegen\u00fcber jeder Art von Beanspruchung. Abrieb, Hitze und S\u00e4ure k\u00f6nnen ihnen wenig anhaben. Wir beraten Sie gern \u00fcber alle Arten von <strong>Markierungen mit dem Laser<\/strong>. Kommt es Ihnen besonders auf Schnelligkeit an? Dann sind Sie bei uns genau richtig. Denn die Prozesse der Markieraufgaben k\u00f6nnen wir in sehr kurzer Zeit bew\u00e4ltigen. So sind auch hohe St\u00fcckzahlen problemlos m\u00f6glich. Denn wir m\u00f6chten Ihnen zu einer effektiven, also auch kosteng\u00fcnstigen Produktion verhelfen.<\/p>\n<p><strong>Ihr Kontakt zu Laserzentrum Schorcht GmbH:<\/strong>&nbsp;\u260e\ufe0f <a title=\"Telefon: Laserzentrum Schorcht\" href=\"tel:+493669186010\"><strong>+49 (0)36691 8601-0<\/strong><\/a><\/p>\n","protected":false},"excerpt":{"rendered":"<p>Rohrbearbeitung mit Laser \u2013 Kompetenz in der Lohnfertigung Nutzen Sie die Kompetenz in der Rohrbearbeitung von Laserzentrum Schorcht GmbH. Schorcht ist Ihr Spezialist in der [&hellip;]<\/p>\n","protected":false},"author":10,"featured_media":0,"parent":0,"menu_order":0,"comment_status":"closed","ping_status":"closed","template":"","meta":{"ngg_post_thumbnail":0,"footnotes":"","_links_to":"","_links_to_target":""},"class_list":["post-4199","page","type-page","status-publish","hentry"],"yoast_head":"<!-- This site is optimized with the Yoast SEO plugin v24.6 - https:\/\/yoast.com\/wordpress\/plugins\/seo\/ -->\n<title>Rohrbearbeitung mit Laser | Laserzentrum Schorcht GmbH | Partner in der Laserlohnfertigung<\/title>\n<meta name=\"description\" content=\"Markieraufgaben und Laserlohnfertigung f\u00fcr die Rohrbearbeitung mit Laser. \u2705 Lernen Sie unsere Leistungen kennen! \u2705 Willkommen bei Laserzentrum Schorcht GmbH. \u2705\" \/>\n<meta name=\"robots\" content=\"index, follow, max-snippet:-1, max-image-preview:large, max-video-preview:-1\" \/>\n<link rel=\"canonical\" href=\"https:\/\/form-klar.de\/agnilaser2025\/rohrbearbeitung-mit-laser\/\" \/>\n<meta property=\"og:locale\" content=\"de_DE\" \/>\n<meta property=\"og:type\" content=\"article\" \/>\n<meta property=\"og:title\" content=\"Rohrbearbeitung mit Laser | Laserzentrum Schorcht GmbH | Partner in der Laserlohnfertigung\" \/>\n<meta property=\"og:description\" content=\"Markieraufgaben und Laserlohnfertigung f\u00fcr die Rohrbearbeitung mit Laser. \u2705 Lernen Sie unsere Leistungen kennen! \u2705 Willkommen bei Laserzentrum Schorcht GmbH. \u2705\" \/>\n<meta property=\"og:url\" content=\"https:\/\/form-klar.de\/agnilaser2025\/rohrbearbeitung-mit-laser\/\" \/>\n<meta property=\"og:site_name\" content=\"Laserzentrum Schorcht GmbH\" \/>\n<meta property=\"og:image\" content=\"https:\/\/form-klar.de\/agnilaser2025\/wp-content\/uploads\/AdobeStock_53274620-300x200.jpeg\" \/>\n<meta name=\"twitter:label1\" content=\"Gesch\u00e4tzte Lesezeit\" \/>\n\t<meta name=\"twitter:data1\" content=\"2\u00a0Minuten\" \/>\n<script type=\"application\/ld+json\" class=\"yoast-schema-graph\">{\"@context\":\"https:\/\/schema.org\",\"@graph\":[{\"@type\":\"WebPage\",\"@id\":\"https:\/\/form-klar.de\/agnilaser2025\/rohrbearbeitung-mit-laser\/\",\"url\":\"https:\/\/form-klar.de\/agnilaser2025\/rohrbearbeitung-mit-laser\/\",\"name\":\"Rohrbearbeitung mit Laser | Laserzentrum Schorcht GmbH | Partner in der Laserlohnfertigung\",\"isPartOf\":{\"@id\":\"https:\/\/form-klar.de\/agnilaser2025\/#website\"},\"primaryImageOfPage\":{\"@id\":\"https:\/\/form-klar.de\/agnilaser2025\/rohrbearbeitung-mit-laser\/#primaryimage\"},\"image\":{\"@id\":\"https:\/\/form-klar.de\/agnilaser2025\/rohrbearbeitung-mit-laser\/#primaryimage\"},\"thumbnailUrl\":\"https:\/\/form-klar.de\/agnilaser2025\/wp-content\/uploads\/AdobeStock_53274620-300x200.jpeg\",\"datePublished\":\"2020-08-03T11:57:50+00:00\",\"description\":\"Markieraufgaben und Laserlohnfertigung f\u00fcr die Rohrbearbeitung mit Laser. \u2705 Lernen Sie unsere Leistungen kennen! \u2705 Willkommen bei Laserzentrum Schorcht GmbH. \u2705\",\"inLanguage\":\"de\",\"potentialAction\":[{\"@type\":\"ReadAction\",\"target\":[\"https:\/\/form-klar.de\/agnilaser2025\/rohrbearbeitung-mit-laser\/\"]}]},{\"@type\":\"ImageObject\",\"inLanguage\":\"de\",\"@id\":\"https:\/\/form-klar.de\/agnilaser2025\/rohrbearbeitung-mit-laser\/#primaryimage\",\"url\":\"https:\/\/form-klar.de\/agnilaser2025\/wp-content\/uploads\/AdobeStock_53274620.jpeg\",\"contentUrl\":\"https:\/\/form-klar.de\/agnilaser2025\/wp-content\/uploads\/AdobeStock_53274620.jpeg\",\"width\":1920,\"height\":1278},{\"@type\":\"WebSite\",\"@id\":\"https:\/\/form-klar.de\/agnilaser2025\/#website\",\"url\":\"https:\/\/form-klar.de\/agnilaser2025\/\",\"name\":\"Laserzentrum Schorcht GmbH\",\"description\":\"\",\"potentialAction\":[{\"@type\":\"SearchAction\",\"target\":{\"@type\":\"EntryPoint\",\"urlTemplate\":\"https:\/\/form-klar.de\/agnilaser2025\/?s={search_term_string}\"},\"query-input\":{\"@type\":\"PropertyValueSpecification\",\"valueRequired\":true,\"valueName\":\"search_term_string\"}}],\"inLanguage\":\"de\"}]}<\/script>\n<!-- \/ Yoast SEO plugin. -->","yoast_head_json":{"title":"Rohrbearbeitung mit Laser | Laserzentrum Schorcht GmbH | Partner in der Laserlohnfertigung","description":"Markieraufgaben und Laserlohnfertigung f\u00fcr die Rohrbearbeitung mit Laser. \u2705 Lernen Sie unsere Leistungen kennen! \u2705 Willkommen bei Laserzentrum Schorcht GmbH. \u2705","robots":{"index":"index","follow":"follow","max-snippet":"max-snippet:-1","max-image-preview":"max-image-preview:large","max-video-preview":"max-video-preview:-1"},"canonical":"https:\/\/form-klar.de\/agnilaser2025\/rohrbearbeitung-mit-laser\/","og_locale":"de_DE","og_type":"article","og_title":"Rohrbearbeitung mit Laser | Laserzentrum Schorcht GmbH | Partner in der Laserlohnfertigung","og_description":"Markieraufgaben und Laserlohnfertigung f\u00fcr die Rohrbearbeitung mit Laser. \u2705 Lernen Sie unsere Leistungen kennen! \u2705 Willkommen bei Laserzentrum Schorcht GmbH. \u2705","og_url":"https:\/\/form-klar.de\/agnilaser2025\/rohrbearbeitung-mit-laser\/","og_site_name":"Laserzentrum Schorcht GmbH","og_image":[{"url":"https:\/\/form-klar.de\/agnilaser2025\/wp-content\/uploads\/AdobeStock_53274620-300x200.jpeg","type":"","width":"","height":""}],"twitter_misc":{"Gesch\u00e4tzte Lesezeit":"2\u00a0Minuten"},"schema":{"@context":"https:\/\/schema.org","@graph":[{"@type":"WebPage","@id":"https:\/\/form-klar.de\/agnilaser2025\/rohrbearbeitung-mit-laser\/","url":"https:\/\/form-klar.de\/agnilaser2025\/rohrbearbeitung-mit-laser\/","name":"Rohrbearbeitung mit Laser | Laserzentrum Schorcht GmbH | Partner in der Laserlohnfertigung","isPartOf":{"@id":"https:\/\/form-klar.de\/agnilaser2025\/#website"},"primaryImageOfPage":{"@id":"https:\/\/form-klar.de\/agnilaser2025\/rohrbearbeitung-mit-laser\/#primaryimage"},"image":{"@id":"https:\/\/form-klar.de\/agnilaser2025\/rohrbearbeitung-mit-laser\/#primaryimage"},"thumbnailUrl":"https:\/\/form-klar.de\/agnilaser2025\/wp-content\/uploads\/AdobeStock_53274620-300x200.jpeg","datePublished":"2020-08-03T11:57:50+00:00","description":"Markieraufgaben und Laserlohnfertigung f\u00fcr die Rohrbearbeitung mit Laser. \u2705 Lernen Sie unsere Leistungen kennen! \u2705 Willkommen bei Laserzentrum Schorcht GmbH. \u2705","inLanguage":"de","potentialAction":[{"@type":"ReadAction","target":["https:\/\/form-klar.de\/agnilaser2025\/rohrbearbeitung-mit-laser\/"]}]},{"@type":"ImageObject","inLanguage":"de","@id":"https:\/\/form-klar.de\/agnilaser2025\/rohrbearbeitung-mit-laser\/#primaryimage","url":"https:\/\/form-klar.de\/agnilaser2025\/wp-content\/uploads\/AdobeStock_53274620.jpeg","contentUrl":"https:\/\/form-klar.de\/agnilaser2025\/wp-content\/uploads\/AdobeStock_53274620.jpeg","width":1920,"height":1278},{"@type":"WebSite","@id":"https:\/\/form-klar.de\/agnilaser2025\/#website","url":"https:\/\/form-klar.de\/agnilaser2025\/","name":"Laserzentrum Schorcht GmbH","description":"","potentialAction":[{"@type":"SearchAction","target":{"@type":"EntryPoint","urlTemplate":"https:\/\/form-klar.de\/agnilaser2025\/?s={search_term_string}"},"query-input":{"@type":"PropertyValueSpecification","valueRequired":true,"valueName":"search_term_string"}}],"inLanguage":"de"}]}},"_links":{"self":[{"href":"https:\/\/form-klar.de\/agnilaser2025\/wp-json\/wp\/v2\/pages\/4199","targetHints":{"allow":["GET"]}}],"collection":[{"href":"https:\/\/form-klar.de\/agnilaser2025\/wp-json\/wp\/v2\/pages"}],"about":[{"href":"https:\/\/form-klar.de\/agnilaser2025\/wp-json\/wp\/v2\/types\/page"}],"author":[{"embeddable":true,"href":"https:\/\/form-klar.de\/agnilaser2025\/wp-json\/wp\/v2\/users\/10"}],"replies":[{"embeddable":true,"href":"https:\/\/form-klar.de\/agnilaser2025\/wp-json\/wp\/v2\/comments?post=4199"}],"version-history":[{"count":0,"href":"https:\/\/form-klar.de\/agnilaser2025\/wp-json\/wp\/v2\/pages\/4199\/revisions"}],"wp:attachment":[{"href":"https:\/\/form-klar.de\/agnilaser2025\/wp-json\/wp\/v2\/media?parent=4199"}],"curies":[{"name":"wp","href":"https:\/\/api.w.org\/{rel}","templated":true}]}}