{"id":4198,"date":"2020-06-22T10:17:02","date_gmt":"2020-06-22T10:17:02","guid":{"rendered":"http:\/\/www.agnilaser.de\/?page_id=1556"},"modified":"2020-06-22T10:17:02","modified_gmt":"2020-06-22T10:17:02","slug":"dienstleister-fuer-laserschweissen","status":"publish","type":"page","link":"https:\/\/form-klar.de\/agnilaser2025\/dienstleister-fuer-laserschweissen\/","title":{"rendered":"Dienstleister f\u00fcr Laserschwei\u00dfen"},"content":{"rendered":"<h2>Laserzentrum Schorcht GmbH \u2013 Ihr Dienstleister f\u00fcr Laserschwei\u00dfen<\/h2>\n<p>Als Dienstleiste<\/p>\n<div id=\"attachment_1222\" style=\"width: 310px\" class=\"wp-caption alignright\"><img class=\"lazyload\" decoding=\"async\" aria-describedby=\"caption-attachment-1222\" src=\"data:image\/svg+xml,%3Csvg%20xmlns%3D%27http%3A%2F%2Fwww.w3.org%2F2000%2Fsvg%27%20width%3D%27300%27%20height%3D%27200%27%20viewBox%3D%270%200%20300%20200%27%3E%3Crect%20width%3D%27300%27%20height%3D%27200%27%20fill-opacity%3D%220%22%2F%3E%3C%2Fsvg%3E\" data-orig-src=\"https:\/\/form-klar.de\/agnilaser2025\/wp-content\/uploads\/AdobeStock_53274620-300x200.jpeg\" alt=\"Laserschwei\u00dfen Metalle, Dienstleister f\u00fcr Laserschwei\u00dfen\" width=\"300\" height=\"200\"><p id=\"caption-attachment-1222\" class=\"wp-caption-text\">Dienstleister f\u00fcr Laserschwei\u00dfen<\/p><\/div>\n<p>r f\u00fcr das Laserschwei\u00dfen kommt es besonders auf den Wert der Kompetenz an. Im Laserschwei\u00dfen kommen in den meisten F\u00e4llen gepulste Laser zum Einsatz. Wir bei Laserzentrum Schorcht GmbH bieten Ihnen \u00fcbrigens h\u00f6chste Qualit\u00e4t bei jedem Auftrag. Das bedeutet, dass wir schon an der Losgr\u00f6\u00dfe 1 Ihnen unseren gesamten Service und <a title=\"Dienstleister f\u00fcr Laserschwei\u00dfen\" href=\"https:\/\/form-klar.de\/agnilaser2025\/\/lohnfertigung\/laser-schweissen-laserschweissen\/\" class=\"broken_link\"><strong>moderne Laserschwei\u00dfanlagen<\/strong><\/a> zur Verf\u00fcgung stellen.&nbsp;<\/p>\n<p><strong>Ihre Vorteile bei Laserzentrum Schorcht GmbH<\/strong> \u2013 <strong>darum bietet sich ein Auftrag in der Laserlohnfertigung bei uns an<\/strong><\/p>\n<p>Was wir Ihnen au\u00dferdem bieten, sind Schnelligkeit sowie eine <strong>hohe Effizienz bei jedem Auftrag<\/strong>. Denn das z\u00e4hlt f\u00fcr unsere Kunden. Jeder Termin wird penibel eingehalten. P\u00fcnktlichkeit ist das A und O. Wann m\u00f6chten Sie die Teile geliefert bekommen? Wir halten auf jeden Fall den Zeitplan ein. Nutzen Sie die Vorteile, die wir Ihnen bieten. Das sind nicht nur die Vorteile in der zeitnahen Lieferung, sondern auch die besonders hohe Zuverl\u00e4ssigkeit, die durch unseren Standort in Deutschland garantiert wird.<\/p>\n<h3>Besondere Services als Dienstleister f\u00fcr Laserschwei\u00dfen<\/h3>\n<p>Zudem k\u00f6nnen Sie bei uns besondere Services abrufen. Denn in unserem&nbsp;<strong>Laser-Versuchslabor<\/strong> bearbeiten wir beispielsweise alle Prototypen und Versuchsauftr\u00e4ge. Hier kommen wir besonders auf Ihre Spezialanforderungen zur\u00fcck. Ob beim Beschriften oder Gravieren \u2013 wir testen hier Werkstoffe und Laserger\u00e4te im Einsatz. Denn wir m\u00f6chten stets das optimale Ergebnis f\u00fcr Sie erreichen. Fragen Sie uns besonders zu ausgefallenen Markierungsvorstellungen \u2013 wir setzen diese f\u00fcr Sie um und testen ausgiebig im Vorfeld. Fragen Sie uns an: Ob Anfertigung von Schliffbildern oder Mikroskopische Aufnahmen \u2013 wir setzen alles in Ihrem Auftrag um.<\/p>\n<h3>Wir arbeiten im Bereich Laserschwei\u00dfen f\u00fcr unterschiedliche Industriekunden<\/h3>\n<p>Im Bereich Laserschwei\u00dfen arbeiten wir f\u00fcr viele Unternehmen unterschiedlicher Branchen der Industrie. Aber auch f\u00fcr das Handwerk erledigen wir zuverl\u00e4ssig <a title=\"Laserschwei\u00dfen Lohnfertigung\" href=\"https:\/\/form-klar.de\/agnilaser2025\/\/unternehmen-laserzentrum-thueringen\/\"><strong>Schwei\u00dfauftr\u00e4ge<\/strong><\/a>. Bei allen Auftr\u00e4gen greifen wir auf moderne Laseranlagen \u2013 auch auf die Anlagen unseres Industrie-Partners zur\u00fcck. \u00dcbrigens: Wir schwei\u00dfen auch Aluminium mit dem Laser. Hier arbeiten wir mit speziellen Zusatzdr\u00e4hten. Besonders verzugsarm schwei\u00dfen wir auch beispielsweise Aluminiumgeh\u00e4use. Ob Chemieindustrie oder Maschinenbau \u2013 wir freuen uns auf Ihre Anfrage!<\/p>\n<p><strong>Ihr Kontakt zu Laserzentrum Schorcht GmbH:<\/strong>&nbsp;\u260e\ufe0f <a title=\"Telefon: Laserzentrum Schorcht\" href=\"tel:+493669186010\"><strong>+49 (0)36691 8601-0<\/strong><\/a><\/p>\n","protected":false},"excerpt":{"rendered":"<p>Laserzentrum Schorcht GmbH \u2013 Ihr Dienstleister f\u00fcr Laserschwei\u00dfen Als Dienstleiste r f\u00fcr das Laserschwei\u00dfen kommt es besonders auf den Wert der Kompetenz an. Im Laserschwei\u00dfen [&hellip;]<\/p>\n","protected":false},"author":10,"featured_media":0,"parent":0,"menu_order":0,"comment_status":"closed","ping_status":"closed","template":"","meta":{"ngg_post_thumbnail":0,"footnotes":"","_links_to":"","_links_to_target":""},"class_list":["post-4198","page","type-page","status-publish","hentry"],"yoast_head":"<!-- This site is optimized with the Yoast SEO plugin v24.6 - https:\/\/yoast.com\/wordpress\/plugins\/seo\/ -->\n<title>Dienstleister f\u00fcr Laserschwei\u00dfen | 20.000 Watt f\u00fcr Laserschwei\u00dfaufgaben<\/title>\n<meta name=\"description\" content=\"Laserzentrum Schorcht GmbH ist Ihr Hi-Tech Dienstleister f\u00fcr Laserschwei\u00dfen: Schneiden \u2705 Schwei\u00dfen \u2705 Bohren \u2705 Beschriften \u2705 Markieraufgaben &amp; Lohnfertigung \u2705\" \/>\n<meta name=\"robots\" content=\"index, follow, max-snippet:-1, max-image-preview:large, max-video-preview:-1\" \/>\n<link rel=\"canonical\" href=\"https:\/\/form-klar.de\/agnilaser2025\/dienstleister-fuer-laserschweissen\/\" \/>\n<meta property=\"og:locale\" content=\"de_DE\" \/>\n<meta property=\"og:type\" content=\"article\" \/>\n<meta property=\"og:title\" content=\"Dienstleister f\u00fcr Laserschwei\u00dfen | 20.000 Watt f\u00fcr Laserschwei\u00dfaufgaben\" \/>\n<meta property=\"og:description\" content=\"Laserzentrum Schorcht GmbH ist Ihr Hi-Tech Dienstleister f\u00fcr Laserschwei\u00dfen: Schneiden \u2705 Schwei\u00dfen \u2705 Bohren \u2705 Beschriften \u2705 Markieraufgaben &amp; Lohnfertigung \u2705\" \/>\n<meta property=\"og:url\" content=\"https:\/\/form-klar.de\/agnilaser2025\/dienstleister-fuer-laserschweissen\/\" \/>\n<meta property=\"og:site_name\" content=\"Laserzentrum Schorcht GmbH\" \/>\n<meta property=\"og:image\" content=\"https:\/\/form-klar.de\/agnilaser2025\/wp-content\/uploads\/AdobeStock_53274620-300x200.jpeg\" \/>\n<meta name=\"twitter:label1\" content=\"Gesch\u00e4tzte Lesezeit\" \/>\n\t<meta name=\"twitter:data1\" content=\"2\u00a0Minuten\" \/>\n<script type=\"application\/ld+json\" class=\"yoast-schema-graph\">{\"@context\":\"https:\/\/schema.org\",\"@graph\":[{\"@type\":\"WebPage\",\"@id\":\"https:\/\/form-klar.de\/agnilaser2025\/dienstleister-fuer-laserschweissen\/\",\"url\":\"https:\/\/form-klar.de\/agnilaser2025\/dienstleister-fuer-laserschweissen\/\",\"name\":\"Dienstleister f\u00fcr Laserschwei\u00dfen | 20.000 Watt f\u00fcr Laserschwei\u00dfaufgaben\",\"isPartOf\":{\"@id\":\"https:\/\/form-klar.de\/agnilaser2025\/#website\"},\"primaryImageOfPage\":{\"@id\":\"https:\/\/form-klar.de\/agnilaser2025\/dienstleister-fuer-laserschweissen\/#primaryimage\"},\"image\":{\"@id\":\"https:\/\/form-klar.de\/agnilaser2025\/dienstleister-fuer-laserschweissen\/#primaryimage\"},\"thumbnailUrl\":\"https:\/\/form-klar.de\/agnilaser2025\/wp-content\/uploads\/AdobeStock_53274620-300x200.jpeg\",\"datePublished\":\"2020-06-22T10:17:02+00:00\",\"description\":\"Laserzentrum Schorcht GmbH ist Ihr Hi-Tech Dienstleister f\u00fcr Laserschwei\u00dfen: Schneiden \u2705 Schwei\u00dfen \u2705 Bohren \u2705 Beschriften \u2705 Markieraufgaben & Lohnfertigung \u2705\",\"inLanguage\":\"de\",\"potentialAction\":[{\"@type\":\"ReadAction\",\"target\":[\"https:\/\/form-klar.de\/agnilaser2025\/dienstleister-fuer-laserschweissen\/\"]}]},{\"@type\":\"ImageObject\",\"inLanguage\":\"de\",\"@id\":\"https:\/\/form-klar.de\/agnilaser2025\/dienstleister-fuer-laserschweissen\/#primaryimage\",\"url\":\"https:\/\/form-klar.de\/agnilaser2025\/wp-content\/uploads\/AdobeStock_53274620.jpeg\",\"contentUrl\":\"https:\/\/form-klar.de\/agnilaser2025\/wp-content\/uploads\/AdobeStock_53274620.jpeg\",\"width\":1920,\"height\":1278},{\"@type\":\"WebSite\",\"@id\":\"https:\/\/form-klar.de\/agnilaser2025\/#website\",\"url\":\"https:\/\/form-klar.de\/agnilaser2025\/\",\"name\":\"Laserzentrum Schorcht GmbH\",\"description\":\"\",\"potentialAction\":[{\"@type\":\"SearchAction\",\"target\":{\"@type\":\"EntryPoint\",\"urlTemplate\":\"https:\/\/form-klar.de\/agnilaser2025\/?s={search_term_string}\"},\"query-input\":{\"@type\":\"PropertyValueSpecification\",\"valueRequired\":true,\"valueName\":\"search_term_string\"}}],\"inLanguage\":\"de\"}]}<\/script>\n<!-- \/ Yoast SEO plugin. -->","yoast_head_json":{"title":"Dienstleister f\u00fcr Laserschwei\u00dfen | 20.000 Watt f\u00fcr Laserschwei\u00dfaufgaben","description":"Laserzentrum Schorcht GmbH ist Ihr Hi-Tech Dienstleister f\u00fcr Laserschwei\u00dfen: Schneiden \u2705 Schwei\u00dfen \u2705 Bohren \u2705 Beschriften \u2705 Markieraufgaben & Lohnfertigung \u2705","robots":{"index":"index","follow":"follow","max-snippet":"max-snippet:-1","max-image-preview":"max-image-preview:large","max-video-preview":"max-video-preview:-1"},"canonical":"https:\/\/form-klar.de\/agnilaser2025\/dienstleister-fuer-laserschweissen\/","og_locale":"de_DE","og_type":"article","og_title":"Dienstleister f\u00fcr Laserschwei\u00dfen | 20.000 Watt f\u00fcr Laserschwei\u00dfaufgaben","og_description":"Laserzentrum Schorcht GmbH ist Ihr Hi-Tech Dienstleister f\u00fcr Laserschwei\u00dfen: Schneiden \u2705 Schwei\u00dfen \u2705 Bohren \u2705 Beschriften \u2705 Markieraufgaben & Lohnfertigung \u2705","og_url":"https:\/\/form-klar.de\/agnilaser2025\/dienstleister-fuer-laserschweissen\/","og_site_name":"Laserzentrum Schorcht GmbH","og_image":[{"url":"https:\/\/form-klar.de\/agnilaser2025\/wp-content\/uploads\/AdobeStock_53274620-300x200.jpeg","type":"","width":"","height":""}],"twitter_misc":{"Gesch\u00e4tzte Lesezeit":"2\u00a0Minuten"},"schema":{"@context":"https:\/\/schema.org","@graph":[{"@type":"WebPage","@id":"https:\/\/form-klar.de\/agnilaser2025\/dienstleister-fuer-laserschweissen\/","url":"https:\/\/form-klar.de\/agnilaser2025\/dienstleister-fuer-laserschweissen\/","name":"Dienstleister f\u00fcr Laserschwei\u00dfen | 20.000 Watt f\u00fcr Laserschwei\u00dfaufgaben","isPartOf":{"@id":"https:\/\/form-klar.de\/agnilaser2025\/#website"},"primaryImageOfPage":{"@id":"https:\/\/form-klar.de\/agnilaser2025\/dienstleister-fuer-laserschweissen\/#primaryimage"},"image":{"@id":"https:\/\/form-klar.de\/agnilaser2025\/dienstleister-fuer-laserschweissen\/#primaryimage"},"thumbnailUrl":"https:\/\/form-klar.de\/agnilaser2025\/wp-content\/uploads\/AdobeStock_53274620-300x200.jpeg","datePublished":"2020-06-22T10:17:02+00:00","description":"Laserzentrum Schorcht GmbH ist Ihr Hi-Tech Dienstleister f\u00fcr Laserschwei\u00dfen: Schneiden \u2705 Schwei\u00dfen \u2705 Bohren \u2705 Beschriften \u2705 Markieraufgaben & Lohnfertigung \u2705","inLanguage":"de","potentialAction":[{"@type":"ReadAction","target":["https:\/\/form-klar.de\/agnilaser2025\/dienstleister-fuer-laserschweissen\/"]}]},{"@type":"ImageObject","inLanguage":"de","@id":"https:\/\/form-klar.de\/agnilaser2025\/dienstleister-fuer-laserschweissen\/#primaryimage","url":"https:\/\/form-klar.de\/agnilaser2025\/wp-content\/uploads\/AdobeStock_53274620.jpeg","contentUrl":"https:\/\/form-klar.de\/agnilaser2025\/wp-content\/uploads\/AdobeStock_53274620.jpeg","width":1920,"height":1278},{"@type":"WebSite","@id":"https:\/\/form-klar.de\/agnilaser2025\/#website","url":"https:\/\/form-klar.de\/agnilaser2025\/","name":"Laserzentrum Schorcht GmbH","description":"","potentialAction":[{"@type":"SearchAction","target":{"@type":"EntryPoint","urlTemplate":"https:\/\/form-klar.de\/agnilaser2025\/?s={search_term_string}"},"query-input":{"@type":"PropertyValueSpecification","valueRequired":true,"valueName":"search_term_string"}}],"inLanguage":"de"}]}},"_links":{"self":[{"href":"https:\/\/form-klar.de\/agnilaser2025\/wp-json\/wp\/v2\/pages\/4198","targetHints":{"allow":["GET"]}}],"collection":[{"href":"https:\/\/form-klar.de\/agnilaser2025\/wp-json\/wp\/v2\/pages"}],"about":[{"href":"https:\/\/form-klar.de\/agnilaser2025\/wp-json\/wp\/v2\/types\/page"}],"author":[{"embeddable":true,"href":"https:\/\/form-klar.de\/agnilaser2025\/wp-json\/wp\/v2\/users\/10"}],"replies":[{"embeddable":true,"href":"https:\/\/form-klar.de\/agnilaser2025\/wp-json\/wp\/v2\/comments?post=4198"}],"version-history":[{"count":0,"href":"https:\/\/form-klar.de\/agnilaser2025\/wp-json\/wp\/v2\/pages\/4198\/revisions"}],"wp:attachment":[{"href":"https:\/\/form-klar.de\/agnilaser2025\/wp-json\/wp\/v2\/media?parent=4198"}],"curies":[{"name":"wp","href":"https:\/\/api.w.org\/{rel}","templated":true}]}}