{"id":4197,"date":"2020-03-25T10:31:59","date_gmt":"2020-03-25T10:31:59","guid":{"rendered":"http:\/\/www.agnilaser.de\/?page_id=1531"},"modified":"2020-03-25T10:31:59","modified_gmt":"2020-03-25T10:31:59","slug":"laserschnitt-beauftragen","status":"publish","type":"page","link":"https:\/\/form-klar.de\/agnilaser2025\/laserschnitt-beauftragen\/","title":{"rendered":"Laserschnitt beauftragen"},"content":{"rendered":"<h2>Laserschnitt beauftragen: Wir stehen f\u00fcr Ihre Anfrage bereit<\/h2>\n<p>Als<strong> Dienstleister im Laserstrahlschneiden<\/strong> stehen wir f\u00fcr Sie bereit: Sie k\u00f6nnen jetzt bei uns die Leistung Laserschnitt beauftragen.<\/p>\n<h3>Diese Vorteile machen eine Zusammenarbeit mit Laserzentrum Schorcht GmbH sehr sinnvoll f\u00fcr Sie<\/h3>\n<p>Gern geben wir Ihnen mehr Informationen \u00fcber unseren Service als Dienstleister im Bereich Laserbearbeitung und Laserlohnfertigung. Wir stehen mit unserem Service insbesondere f\u00fcr sehr wirtschaftliche, also effiziente Verfahren. Das ist besonders wichtig bei der <strong>Entwicklung von Prototypen<\/strong> oder auch Kleinserien. Wirtschaftlichkeit und Genauigkeit sind also zwei wesentliche Vorteile, die wir bei Laserzentrum Schorcht GmbH f\u00fcr Sie garantieren.<\/p>\n<h3>Laserschnitt beauftragen \u2013 Kosten sparen durch wegfallende Nachbearbeitungen<\/h3>\n<p>Das Laserschneiden ist auch deshalb ein besonders <strong><a title=\"CNC-Laserschneiden\" href=\"https:\/\/form-klar.de\/agnilaser2025\/\/cnc-laserschneiden\/\">effektives Schneidverfahren<\/a><\/strong>, da sehr wenig oder kein Grat anf\u00e4llt. Damit fallen aufw\u00e4ndige Nacharbeiten weg. Trotzdem ist der Wert h\u00f6chster Genauigkeit bei allen Schneidergebnissen gegeben. Welches Projekt m\u00f6chten Sie mit uns verwirklichen? Sprechen Sie uns einfach an \u2013 wir setzen Ihre Idee auf dem optimal effektiven Weg um.<\/p>\n<h3>Welche M\u00f6glichkeiten haben Sie bei Laserzentrum Schorcht GmbH? Wir beraten Sie gern im Vorfeld des Auftrages<\/h3>\n<p>Ein kompetentes strategisch gef\u00fchrtes Gespr\u00e4ch bringt Sie bei der Entwicklung Ihrer Prototypen weiter. Das bieten wir all unseren Kunden an. Nur so erhalten k\u00f6nnen wir auch die hochpr\u00e4zisen Ergebnisse beim Laserschnitt erzielen. Zudem erweitern wir Ihre M\u00f6glichkeiten durch das Vorhalten eines modernen Maschinenparks.<\/p>\n<h3>Microschneiden, 2D und 3D Laserschnitt beauftragen oder auch Markierungen<\/h3>\n<p>Mit uns setzen Sie nicht nur den <strong>2D oder 3D Laserschnitt<\/strong> um, sondern weitere Dienstleistungen, wie zum Beispiel Beschriftungen, <strong><a title=\"Lasergravur\" href=\"https:\/\/form-klar.de\/agnilaser2025\/\/lasergravur\/\">Gravuren<\/a><\/strong>, Farbabtrag oder Aufsch\u00e4umen. Lassen Sie sich dazu beraten, mit welche Lasertechnik wir welche Effekte beim Beschriften erzielen. Wir sind der Partner f\u00fcr Top-Markieraufgaben. \u00dcbrigens nicht nur bei Metallen und Blech, sondern auch bei Glas, Kunststoff und organischem Material.<br \/>\n<strong>Moderne Schneidaufgaben<\/strong> umsetzen<\/p>\n<p>Ob einfache Geometrien oder komplexe Aufgaben wie beispielsweise dreidimensionale Durchbr\u00fcche \u2013 Laserschnitt beauftragen, das hei\u00dft, auf eine Ber\u00fchrungslose fast verschlei\u00dffreie Bearbeitung der Bleche setzen. Dabei bearbeiten wir nicht nur gro\u00dfe Werkzeugdicken und gro\u00dfe Breiten.<\/p>\n<p>Wir verf\u00fcgen auch das Know-how zum Microschneiden. Dabei kommen unsere modernen Laser zum Einsatz, wie beispielsweise <strong>ND:YAG Laser<\/strong> oder auch<strong> CO\u00b2 Hochleistungslaser<\/strong>.<\/p>\n<p><strong>Ihr Kontakt zu Laserzentrum Schorcht GmbH:<\/strong> \u260e\ufe0f <a title=\"Telefon: Laserzentrum Schorcht\" href=\"tel:+493669186010\"><strong>+49 (0)36691 8601-0<\/strong><\/a><\/p>\n","protected":false},"excerpt":{"rendered":"<p>Laserschnitt beauftragen: Wir stehen f\u00fcr Ihre Anfrage bereit Als Dienstleister im Laserstrahlschneiden stehen wir f\u00fcr Sie bereit: Sie k\u00f6nnen jetzt bei uns die Leistung Laserschnitt [&hellip;]<\/p>\n","protected":false},"author":10,"featured_media":0,"parent":0,"menu_order":0,"comment_status":"closed","ping_status":"closed","template":"","meta":{"ngg_post_thumbnail":0,"footnotes":"","_links_to":"","_links_to_target":""},"class_list":["post-4197","page","type-page","status-publish","hentry"],"yoast_head":"<!-- This site is optimized with the Yoast SEO plugin v24.6 - https:\/\/yoast.com\/wordpress\/plugins\/seo\/ -->\n<title>Laserschnitt beauftragen beim Profi f\u00fcr Laserlohnfertigung | form-klar.de\/agnilaser2025<\/title>\n<meta name=\"description\" content=\"Laserschnitt beauftragen bei Laserzentrum Schorcht GmbH Setzen Sie auf unsere Laserkompetenz \u2705 Markieraufgaben \u2705 Laseranwendungen \u2705 Lohnfertigung \u2705 Applikationslabor \u2705\" \/>\n<meta name=\"robots\" content=\"index, follow, max-snippet:-1, max-image-preview:large, max-video-preview:-1\" \/>\n<link rel=\"canonical\" href=\"https:\/\/form-klar.de\/agnilaser2025\/laserschnitt-beauftragen\/\" \/>\n<meta property=\"og:locale\" content=\"de_DE\" \/>\n<meta property=\"og:type\" content=\"article\" \/>\n<meta property=\"og:title\" content=\"Laserschnitt beauftragen beim Profi f\u00fcr Laserlohnfertigung | form-klar.de\/agnilaser2025\" \/>\n<meta property=\"og:description\" content=\"Laserschnitt beauftragen bei Laserzentrum Schorcht GmbH Setzen Sie auf unsere Laserkompetenz \u2705 Markieraufgaben \u2705 Laseranwendungen \u2705 Lohnfertigung \u2705 Applikationslabor \u2705\" \/>\n<meta property=\"og:url\" content=\"https:\/\/form-klar.de\/agnilaser2025\/laserschnitt-beauftragen\/\" \/>\n<meta property=\"og:site_name\" content=\"Laserzentrum Schorcht GmbH\" \/>\n<meta name=\"twitter:label1\" content=\"Gesch\u00e4tzte Lesezeit\" \/>\n\t<meta name=\"twitter:data1\" content=\"2\u00a0Minuten\" \/>\n<script type=\"application\/ld+json\" class=\"yoast-schema-graph\">{\"@context\":\"https:\/\/schema.org\",\"@graph\":[{\"@type\":\"WebPage\",\"@id\":\"https:\/\/form-klar.de\/agnilaser2025\/laserschnitt-beauftragen\/\",\"url\":\"https:\/\/form-klar.de\/agnilaser2025\/laserschnitt-beauftragen\/\",\"name\":\"Laserschnitt beauftragen beim Profi f\u00fcr Laserlohnfertigung | form-klar.de\/agnilaser2025\",\"isPartOf\":{\"@id\":\"https:\/\/form-klar.de\/agnilaser2025\/#website\"},\"datePublished\":\"2020-03-25T10:31:59+00:00\",\"description\":\"Laserschnitt beauftragen bei Laserzentrum Schorcht GmbH Setzen Sie auf unsere Laserkompetenz \u2705 Markieraufgaben \u2705 Laseranwendungen \u2705 Lohnfertigung \u2705 Applikationslabor \u2705\",\"inLanguage\":\"de\",\"potentialAction\":[{\"@type\":\"ReadAction\",\"target\":[\"https:\/\/form-klar.de\/agnilaser2025\/laserschnitt-beauftragen\/\"]}]},{\"@type\":\"WebSite\",\"@id\":\"https:\/\/form-klar.de\/agnilaser2025\/#website\",\"url\":\"https:\/\/form-klar.de\/agnilaser2025\/\",\"name\":\"Laserzentrum Schorcht GmbH\",\"description\":\"\",\"potentialAction\":[{\"@type\":\"SearchAction\",\"target\":{\"@type\":\"EntryPoint\",\"urlTemplate\":\"https:\/\/form-klar.de\/agnilaser2025\/?s={search_term_string}\"},\"query-input\":{\"@type\":\"PropertyValueSpecification\",\"valueRequired\":true,\"valueName\":\"search_term_string\"}}],\"inLanguage\":\"de\"}]}<\/script>\n<!-- \/ Yoast SEO plugin. -->","yoast_head_json":{"title":"Laserschnitt beauftragen beim Profi f\u00fcr Laserlohnfertigung | form-klar.de\/agnilaser2025","description":"Laserschnitt beauftragen bei Laserzentrum Schorcht GmbH Setzen Sie auf unsere Laserkompetenz \u2705 Markieraufgaben \u2705 Laseranwendungen \u2705 Lohnfertigung \u2705 Applikationslabor \u2705","robots":{"index":"index","follow":"follow","max-snippet":"max-snippet:-1","max-image-preview":"max-image-preview:large","max-video-preview":"max-video-preview:-1"},"canonical":"https:\/\/form-klar.de\/agnilaser2025\/laserschnitt-beauftragen\/","og_locale":"de_DE","og_type":"article","og_title":"Laserschnitt beauftragen beim Profi f\u00fcr Laserlohnfertigung | form-klar.de\/agnilaser2025","og_description":"Laserschnitt beauftragen bei Laserzentrum Schorcht GmbH Setzen Sie auf unsere Laserkompetenz \u2705 Markieraufgaben \u2705 Laseranwendungen \u2705 Lohnfertigung \u2705 Applikationslabor \u2705","og_url":"https:\/\/form-klar.de\/agnilaser2025\/laserschnitt-beauftragen\/","og_site_name":"Laserzentrum Schorcht GmbH","twitter_misc":{"Gesch\u00e4tzte Lesezeit":"2\u00a0Minuten"},"schema":{"@context":"https:\/\/schema.org","@graph":[{"@type":"WebPage","@id":"https:\/\/form-klar.de\/agnilaser2025\/laserschnitt-beauftragen\/","url":"https:\/\/form-klar.de\/agnilaser2025\/laserschnitt-beauftragen\/","name":"Laserschnitt beauftragen beim Profi f\u00fcr Laserlohnfertigung | form-klar.de\/agnilaser2025","isPartOf":{"@id":"https:\/\/form-klar.de\/agnilaser2025\/#website"},"datePublished":"2020-03-25T10:31:59+00:00","description":"Laserschnitt beauftragen bei Laserzentrum Schorcht GmbH Setzen Sie auf unsere Laserkompetenz \u2705 Markieraufgaben \u2705 Laseranwendungen \u2705 Lohnfertigung \u2705 Applikationslabor \u2705","inLanguage":"de","potentialAction":[{"@type":"ReadAction","target":["https:\/\/form-klar.de\/agnilaser2025\/laserschnitt-beauftragen\/"]}]},{"@type":"WebSite","@id":"https:\/\/form-klar.de\/agnilaser2025\/#website","url":"https:\/\/form-klar.de\/agnilaser2025\/","name":"Laserzentrum Schorcht GmbH","description":"","potentialAction":[{"@type":"SearchAction","target":{"@type":"EntryPoint","urlTemplate":"https:\/\/form-klar.de\/agnilaser2025\/?s={search_term_string}"},"query-input":{"@type":"PropertyValueSpecification","valueRequired":true,"valueName":"search_term_string"}}],"inLanguage":"de"}]}},"_links":{"self":[{"href":"https:\/\/form-klar.de\/agnilaser2025\/wp-json\/wp\/v2\/pages\/4197","targetHints":{"allow":["GET"]}}],"collection":[{"href":"https:\/\/form-klar.de\/agnilaser2025\/wp-json\/wp\/v2\/pages"}],"about":[{"href":"https:\/\/form-klar.de\/agnilaser2025\/wp-json\/wp\/v2\/types\/page"}],"author":[{"embeddable":true,"href":"https:\/\/form-klar.de\/agnilaser2025\/wp-json\/wp\/v2\/users\/10"}],"replies":[{"embeddable":true,"href":"https:\/\/form-klar.de\/agnilaser2025\/wp-json\/wp\/v2\/comments?post=4197"}],"version-history":[{"count":0,"href":"https:\/\/form-klar.de\/agnilaser2025\/wp-json\/wp\/v2\/pages\/4197\/revisions"}],"wp:attachment":[{"href":"https:\/\/form-klar.de\/agnilaser2025\/wp-json\/wp\/v2\/media?parent=4197"}],"curies":[{"name":"wp","href":"https:\/\/api.w.org\/{rel}","templated":true}]}}