{"id":4195,"date":"2020-02-11T10:24:34","date_gmt":"2020-02-11T10:24:34","guid":{"rendered":"http:\/\/www.agnilaser.de\/?page_id=1528"},"modified":"2020-02-11T10:24:34","modified_gmt":"2020-02-11T10:24:34","slug":"laserschneiden-schnittbreite","status":"publish","type":"page","link":"https:\/\/form-klar.de\/agnilaser2025\/laserschneiden-schnittbreite\/","title":{"rendered":"Laserschneiden Schnittbreite"},"content":{"rendered":"<h2>Laserschneiden \u2013 geringe Schnittbreite ist ein Vorteil f\u00fcr Ihr Vorhaben<\/h2>\n<p><strong>Geringe Schnittbreite beim Laserschneiden<\/strong>: Wir m\u00f6chten uns gern als Dienstleister bei Ihnen vorstellen. Nutzen Sie unsere Top-Leistungen im Mikroschneiden. Wir bieten Ihnen den Service Laserschneiden auch in der Lohnfertigung an. Wir beraten Sie f\u00fcr alle Auftr\u00e4ge, die ein besonders pr\u00e4zises Verfahren erfordern.<\/p>\n<h3>Kundenorientierung bei allen Auftr\u00e4gen \u2013 auch in der Lohnfertigung<\/h3>\n<p>Im Vorfeld und auch w\u00e4hrend des Vorganges sind kurze Kommunikationswege zum Kunden wichtig f\u00fcr den Erfolg des Projektes. Bei unseren Angebotsbausteinen rund um das <strong>Laserschneiden<\/strong> oder rund um <a title=\"Markieraufgaben\" href=\"https:\/\/form-klar.de\/agnilaser2025\/\/laserprogramm\/\"><strong>Markieraufgaben<\/strong><\/a> ist es wichtig, dass wir Sie \u00fcber die technische Machbarkeit informieren.<\/p>\n<h3>Laserschneiden f\u00fcr Prototypen: Entwicklung Ihrer Werkst\u00fccke<\/h3>\n<p>Bei der Produktentwicklung kommt es in der Entwicklungsphase immer darauf an, dass Sie schnell erste Ergebnisse sehen. Deshalb schneiden wir ohne gro\u00dfen Aufwand verschiedene Varianten von Konturen f\u00fcr Sie, um bestm\u00f6gliche Ergebnisse zu erzielen. Wir realisieren stets komplexe Umrisse. Ob in 2D oder 3D \u2013 es kommt uns immer auf eine schnelle und pr\u00e4zise Verarbeitung an.<\/p>\n<h3>Leistung Mikroschneiden \u2013 sehr geringe Schnittbreite f\u00fcr kleinste Dimensionen<\/h3>\n<p>F\u00fcr besondere Branchen ist das <strong>Mikroschneiden<\/strong> mit dem Laser unentbehrlich. Laserschneiden mit einer geringen Schnittbreite schafft neue M\u00f6glichkeiten f\u00fcr technologische Entwicklungen \u2013 besonders in der Medizintechnik oder auch in der Feinwerktechnik oder der Elektronikindustrie. Wir sind dabei Ihr Partner.<\/p>\n<h3>Laserschneiden \u2013 m\u00f6gliche Schnittbreite<\/h3>\n<p>Etwa 20 \u00b5m <strong>Schnittbreite beim Laserschneiden<\/strong> ist bei Laserzentrum Schorcht GmbH \u00fcblich und m\u00f6glich. Damit ist der Schnittspalt kaum breiter als der Laserstrahl selbst. \u00dcbrigens, nicht nur das Laserschneiden geh\u00f6rt zu unserem Angebot, sondern auch das Bohren in besonders kleinen Dimensionen. Diese Leistungen sind gefragt \u2013 wir beraten Sie gern!<\/p>\n<h3>Effektiv Teile fertigen \u2013 wir sagen Ihnen, wie Sie Kosten sparen<\/h3>\n<p>Bei Prototypen oder kleinen Auflagen liefern wir Ihnen Teile als Streifenbild. Auf diese Weise ersparen Sie sich, in komplexe Werkzeuge zu investieren. Denn: Effektive Kosteneinsparung ist gefragt! Wir zeigen Ihnen den Weg mit <strong>cleveren Methoden<\/strong>.<\/p>\n<p>Basis f\u00fcr unsere Leistungstiefe ist zudem ein gut aufgestellter Maschinenpark. Wir bringen verschiedene Laser zum Einsatz vom <strong>Nd:YAG Puls-Laser<\/strong> bis hin zum <strong>CO\u00b2 Laser<\/strong>.<\/p>\n<p><strong>Ihr Kontakt zu Laserzentrum Schorcht GmbH:<\/strong> \u260e\ufe0f <a title=\"Telefon: Laserzentrum Schorcht\" href=\"tel:+493669186010\"><strong>+49 (0)36691 8601-0<\/strong><\/a><\/p>\n","protected":false},"excerpt":{"rendered":"<p>Laserschneiden \u2013 geringe Schnittbreite ist ein Vorteil f\u00fcr Ihr Vorhaben Geringe Schnittbreite beim Laserschneiden: Wir m\u00f6chten uns gern als Dienstleister bei Ihnen vorstellen. Nutzen Sie [&hellip;]<\/p>\n","protected":false},"author":10,"featured_media":0,"parent":0,"menu_order":0,"comment_status":"closed","ping_status":"closed","template":"","meta":{"ngg_post_thumbnail":0,"footnotes":"","_links_to":"","_links_to_target":""},"class_list":["post-4195","page","type-page","status-publish","hentry"],"yoast_head":"<!-- This site is optimized with the Yoast SEO plugin v24.6 - https:\/\/yoast.com\/wordpress\/plugins\/seo\/ -->\n<title>Laserschneiden: unsere Schnittbreite ab 20 \u00b5m | form-klar.de\/agnilaser2025<\/title>\n<meta name=\"description\" content=\"Laserschneiden \u2705 Spezielle Schnittbreite jetzt anfragen bei Laserzentrum Schorcht GmbH \u2705 Schnittbreite ab 20 Mikrometer \u2705 Pr\u00e4zise, kundenorientiert und effizient \u2705\" \/>\n<meta name=\"robots\" content=\"index, follow, max-snippet:-1, max-image-preview:large, max-video-preview:-1\" \/>\n<link rel=\"canonical\" href=\"https:\/\/form-klar.de\/agnilaser2025\/laserschneiden-schnittbreite\/\" \/>\n<meta property=\"og:locale\" content=\"de_DE\" \/>\n<meta property=\"og:type\" content=\"article\" \/>\n<meta property=\"og:title\" content=\"Laserschneiden: unsere Schnittbreite ab 20 \u00b5m | form-klar.de\/agnilaser2025\" \/>\n<meta property=\"og:description\" content=\"Laserschneiden \u2705 Spezielle Schnittbreite jetzt anfragen bei Laserzentrum Schorcht GmbH \u2705 Schnittbreite ab 20 Mikrometer \u2705 Pr\u00e4zise, kundenorientiert und effizient \u2705\" \/>\n<meta property=\"og:url\" content=\"https:\/\/form-klar.de\/agnilaser2025\/laserschneiden-schnittbreite\/\" \/>\n<meta property=\"og:site_name\" content=\"Laserzentrum Schorcht GmbH\" \/>\n<meta name=\"twitter:label1\" content=\"Gesch\u00e4tzte Lesezeit\" \/>\n\t<meta name=\"twitter:data1\" content=\"2\u00a0Minuten\" \/>\n<script type=\"application\/ld+json\" class=\"yoast-schema-graph\">{\"@context\":\"https:\/\/schema.org\",\"@graph\":[{\"@type\":\"WebPage\",\"@id\":\"https:\/\/form-klar.de\/agnilaser2025\/laserschneiden-schnittbreite\/\",\"url\":\"https:\/\/form-klar.de\/agnilaser2025\/laserschneiden-schnittbreite\/\",\"name\":\"Laserschneiden: unsere Schnittbreite ab 20 \u00b5m | form-klar.de\/agnilaser2025\",\"isPartOf\":{\"@id\":\"https:\/\/form-klar.de\/agnilaser2025\/#website\"},\"datePublished\":\"2020-02-11T10:24:34+00:00\",\"description\":\"Laserschneiden \u2705 Spezielle Schnittbreite jetzt anfragen bei Laserzentrum Schorcht GmbH \u2705 Schnittbreite ab 20 Mikrometer \u2705 Pr\u00e4zise, kundenorientiert und effizient \u2705\",\"inLanguage\":\"de\",\"potentialAction\":[{\"@type\":\"ReadAction\",\"target\":[\"https:\/\/form-klar.de\/agnilaser2025\/laserschneiden-schnittbreite\/\"]}]},{\"@type\":\"WebSite\",\"@id\":\"https:\/\/form-klar.de\/agnilaser2025\/#website\",\"url\":\"https:\/\/form-klar.de\/agnilaser2025\/\",\"name\":\"Laserzentrum Schorcht GmbH\",\"description\":\"\",\"potentialAction\":[{\"@type\":\"SearchAction\",\"target\":{\"@type\":\"EntryPoint\",\"urlTemplate\":\"https:\/\/form-klar.de\/agnilaser2025\/?s={search_term_string}\"},\"query-input\":{\"@type\":\"PropertyValueSpecification\",\"valueRequired\":true,\"valueName\":\"search_term_string\"}}],\"inLanguage\":\"de\"}]}<\/script>\n<!-- \/ Yoast SEO plugin. -->","yoast_head_json":{"title":"Laserschneiden: unsere Schnittbreite ab 20 \u00b5m | form-klar.de\/agnilaser2025","description":"Laserschneiden \u2705 Spezielle Schnittbreite jetzt anfragen bei Laserzentrum Schorcht GmbH \u2705 Schnittbreite ab 20 Mikrometer \u2705 Pr\u00e4zise, kundenorientiert und effizient \u2705","robots":{"index":"index","follow":"follow","max-snippet":"max-snippet:-1","max-image-preview":"max-image-preview:large","max-video-preview":"max-video-preview:-1"},"canonical":"https:\/\/form-klar.de\/agnilaser2025\/laserschneiden-schnittbreite\/","og_locale":"de_DE","og_type":"article","og_title":"Laserschneiden: unsere Schnittbreite ab 20 \u00b5m | form-klar.de\/agnilaser2025","og_description":"Laserschneiden \u2705 Spezielle Schnittbreite jetzt anfragen bei Laserzentrum Schorcht GmbH \u2705 Schnittbreite ab 20 Mikrometer \u2705 Pr\u00e4zise, kundenorientiert und effizient \u2705","og_url":"https:\/\/form-klar.de\/agnilaser2025\/laserschneiden-schnittbreite\/","og_site_name":"Laserzentrum Schorcht GmbH","twitter_misc":{"Gesch\u00e4tzte Lesezeit":"2\u00a0Minuten"},"schema":{"@context":"https:\/\/schema.org","@graph":[{"@type":"WebPage","@id":"https:\/\/form-klar.de\/agnilaser2025\/laserschneiden-schnittbreite\/","url":"https:\/\/form-klar.de\/agnilaser2025\/laserschneiden-schnittbreite\/","name":"Laserschneiden: unsere Schnittbreite ab 20 \u00b5m | form-klar.de\/agnilaser2025","isPartOf":{"@id":"https:\/\/form-klar.de\/agnilaser2025\/#website"},"datePublished":"2020-02-11T10:24:34+00:00","description":"Laserschneiden \u2705 Spezielle Schnittbreite jetzt anfragen bei Laserzentrum Schorcht GmbH \u2705 Schnittbreite ab 20 Mikrometer \u2705 Pr\u00e4zise, kundenorientiert und effizient \u2705","inLanguage":"de","potentialAction":[{"@type":"ReadAction","target":["https:\/\/form-klar.de\/agnilaser2025\/laserschneiden-schnittbreite\/"]}]},{"@type":"WebSite","@id":"https:\/\/form-klar.de\/agnilaser2025\/#website","url":"https:\/\/form-klar.de\/agnilaser2025\/","name":"Laserzentrum Schorcht GmbH","description":"","potentialAction":[{"@type":"SearchAction","target":{"@type":"EntryPoint","urlTemplate":"https:\/\/form-klar.de\/agnilaser2025\/?s={search_term_string}"},"query-input":{"@type":"PropertyValueSpecification","valueRequired":true,"valueName":"search_term_string"}}],"inLanguage":"de"}]}},"_links":{"self":[{"href":"https:\/\/form-klar.de\/agnilaser2025\/wp-json\/wp\/v2\/pages\/4195","targetHints":{"allow":["GET"]}}],"collection":[{"href":"https:\/\/form-klar.de\/agnilaser2025\/wp-json\/wp\/v2\/pages"}],"about":[{"href":"https:\/\/form-klar.de\/agnilaser2025\/wp-json\/wp\/v2\/types\/page"}],"author":[{"embeddable":true,"href":"https:\/\/form-klar.de\/agnilaser2025\/wp-json\/wp\/v2\/users\/10"}],"replies":[{"embeddable":true,"href":"https:\/\/form-klar.de\/agnilaser2025\/wp-json\/wp\/v2\/comments?post=4195"}],"version-history":[{"count":0,"href":"https:\/\/form-klar.de\/agnilaser2025\/wp-json\/wp\/v2\/pages\/4195\/revisions"}],"wp:attachment":[{"href":"https:\/\/form-klar.de\/agnilaser2025\/wp-json\/wp\/v2\/media?parent=4195"}],"curies":[{"name":"wp","href":"https:\/\/api.w.org\/{rel}","templated":true}]}}